{"id":4113,"date":"2022-04-01T09:31:11","date_gmt":"2022-04-01T01:31:11","guid":{"rendered":"https:\/\/www.honlufoodtrailer.com\/?post_type=product&#038;p=4113"},"modified":"2024-10-28T17:38:40","modified_gmt":"2024-10-28T09:38:40","slug":"australian-custom-5m-square-food-trailer","status":"publish","type":"product","link":"https:\/\/www.honlufoodtrailer.com\/es\/product\/australian-custom-5m-square-food-trailer\/","title":{"rendered":"Remolque alimentario australiano cuadrado de 5 metros"},"content":{"rendered":"<p>Este es un remolque de comida cuadrado personalizado de nuestro cliente australiano. La parte delantera est\u00e1 dise\u00f1ada con una ventana de servicio abierta, la valla publicitaria superior y la pegatina trasera est\u00e1n personalizadas por el cliente, y el equipo de cocina del interior tambi\u00e9n est\u00e1 personalizado seg\u00fan los requisitos del cliente. Todo el remolque cumple plenamente con las leyes y reglamentos de Australia y es el modelo perfecto para iniciar un negocio m\u00f3vil de remolques de comida.<\/p>\n<p>La ventanilla de servicio de la parte delantera adopta un dise\u00f1o abierto y, cuando se abre la ventanilla, se puede formar un tablero debajo. Se han a\u00f1adido luces de iluminaci\u00f3n alrededor de la ventana delantera y el marco del coche. Hay dos altavoces en las dos esquinas superiores, el remolque de comida tambi\u00e9n se puede convertir en un bar musical.<\/p>\n<figure id=\"attachment_4117\" aria-describedby=\"caption-attachment-4117\" style=\"width: 1440px\" class=\"wp-caption alignnone\"><img fetchpriority=\"high\" decoding=\"async\" class=\"size-full wp-image-4117\" src=\"https:\/\/www.honlufoodtrailer.com\/wp-content\/uploads\/2022\/04\/Service-window-design.jpg\" alt=\"Dise\u00f1o de ventanas de servicio\" width=\"1440\" height=\"540\" srcset=\"https:\/\/www.honlufoodtrailer.com\/wp-content\/uploads\/2022\/04\/Service-window-design.jpg 1440w, https:\/\/www.honlufoodtrailer.com\/wp-content\/uploads\/2022\/04\/Service-window-design-768x288.jpg 768w, https:\/\/www.honlufoodtrailer.com\/wp-content\/uploads\/2022\/04\/Service-window-design-480x180.jpg 480w, https:\/\/www.honlufoodtrailer.com\/wp-content\/uploads\/2022\/04\/Service-window-design-300x113.jpg 300w, https:\/\/www.honlufoodtrailer.com\/wp-content\/uploads\/2022\/04\/Service-window-design-720x270.jpg 720w\" sizes=\"(max-width: 1440px) 100vw, 1440px\" \/><figcaption id=\"caption-attachment-4117\" class=\"wp-caption-text\">Dise\u00f1o de ventanas de servicio<\/figcaption><\/figure>\n<p>Un cartel personalizado en la parte superior del remolque: \u201cChef B.Marie\u201d, y una pegatina correspondiente en la parte trasera. Algunos de nuestros clientes tambi\u00e9n hacen pegatinas en toda la carrocer\u00eda y vallas publicitarias multidireccionales para maximizar la promoci\u00f3n de sus remolques de comida.<\/p>\n<figure id=\"attachment_4114\" aria-describedby=\"caption-attachment-4114\" style=\"width: 720px\" class=\"wp-caption aligncenter\"><img decoding=\"async\" class=\"size-full wp-image-4114\" src=\"https:\/\/www.honlufoodtrailer.com\/wp-content\/uploads\/2022\/04\/Top-billboardSticker.jpg\" alt=\"Top billboard&amp;Sticker\" width=\"720\" height=\"540\" srcset=\"https:\/\/www.honlufoodtrailer.com\/wp-content\/uploads\/2022\/04\/Top-billboardSticker.jpg 720w, https:\/\/www.honlufoodtrailer.com\/wp-content\/uploads\/2022\/04\/Top-billboardSticker-480x360.jpg 480w, https:\/\/www.honlufoodtrailer.com\/wp-content\/uploads\/2022\/04\/Top-billboardSticker-300x225.jpg 300w\" sizes=\"(max-width: 720px) 100vw, 720px\" \/><figcaption id=\"caption-attachment-4114\" class=\"wp-caption-text\">Top billboard&amp;Sticker<\/figcaption><\/figure>\n<p>El equipamiento del interior del remolque de alimentos es de acero inoxidable y se personaliza seg\u00fan las necesidades del cliente, incluidos cuatro fregaderos a medida, la freidora, la parrilla, la campana extractora, etc. Nos gustar\u00eda adquirir otros tipos de equipos en funci\u00f3n de las necesidades de los clientes.<\/p>\n<figure id=\"attachment_4116\" aria-describedby=\"caption-attachment-4116\" style=\"width: 1440px\" class=\"wp-caption alignnone\"><img decoding=\"async\" class=\"size-full wp-image-4116\" src=\"https:\/\/www.honlufoodtrailer.com\/wp-content\/uploads\/2022\/04\/Equipment-inside.jpg\" alt=\"Equipamiento interior\" width=\"1440\" height=\"540\" srcset=\"https:\/\/www.honlufoodtrailer.com\/wp-content\/uploads\/2022\/04\/Equipment-inside.jpg 1440w, https:\/\/www.honlufoodtrailer.com\/wp-content\/uploads\/2022\/04\/Equipment-inside-768x288.jpg 768w, https:\/\/www.honlufoodtrailer.com\/wp-content\/uploads\/2022\/04\/Equipment-inside-480x180.jpg 480w, https:\/\/www.honlufoodtrailer.com\/wp-content\/uploads\/2022\/04\/Equipment-inside-300x113.jpg 300w, https:\/\/www.honlufoodtrailer.com\/wp-content\/uploads\/2022\/04\/Equipment-inside-720x270.jpg 720w\" sizes=\"(max-width: 1440px) 100vw, 1440px\" \/><figcaption id=\"caption-attachment-4116\" class=\"wp-caption-text\">Equipamiento interior<\/figcaption><\/figure>\n<p>Prestamos gran atenci\u00f3n a los detalles de nuestros productos, incluidas las especificaciones de los neum\u00e1ticos, los chasis que cumplen los requisitos de diferentes pa\u00edses, los gatos, los enchufes de enlace personalizados, etc. Todos los detalles son s\u00f3lo para la satisfacci\u00f3n del cliente.<\/p>\n<figure id=\"attachment_4115\" aria-describedby=\"caption-attachment-4115\" style=\"width: 720px\" class=\"wp-caption aligncenter\"><img loading=\"lazy\" decoding=\"async\" class=\"size-full wp-image-4115\" src=\"https:\/\/www.honlufoodtrailer.com\/wp-content\/uploads\/2022\/04\/Detail-image.jpg\" alt=\"Detalle de la imagen\" width=\"720\" height=\"540\" srcset=\"https:\/\/www.honlufoodtrailer.com\/wp-content\/uploads\/2022\/04\/Detail-image.jpg 720w, https:\/\/www.honlufoodtrailer.com\/wp-content\/uploads\/2022\/04\/Detail-image-480x360.jpg 480w, https:\/\/www.honlufoodtrailer.com\/wp-content\/uploads\/2022\/04\/Detail-image-300x225.jpg 300w\" sizes=\"(max-width: 720px) 100vw, 720px\" \/><figcaption id=\"caption-attachment-4115\" class=\"wp-caption-text\">Detalle de la imagen<\/figcaption><\/figure>\n<p>Es el modelo preferido para iniciar negocios de comida r\u00e1pida, pedidos de compra al por mayor en centros comerciales, gesti\u00f3n unificada de comida r\u00e1pida en la calle y picnics familiares. Tambi\u00e9n se puede aplicar para vender cualquier cosa, desde perritos calientes, operaciones al por menor, operaciones de flores, s\u00e1ndwiches, caf\u00e9, helados, etc. Tenemos la certificaci\u00f3n CE para ayudarle a iniciar un negocio m\u00f3vil.<\/p>\n<h3 class=\"magic-6\" data-spm-anchor-id=\"a2700.wholesale.0.i28.29e52808agqc7f\">Caracter\u00edsticas principales del remolque cuadrado para alimentos<\/h3>\n<div class=\"magic-7\">\n<div class=\"magic-8\">\n<div class=\"magic-9\" data-id=\"paragraph0\">\n<ol>\n<li>Todas las vallas publicitarias, pegatinas para carrocer\u00edas y estilos de remolque se pueden personalizar;<\/li>\n<li>Cuerpo del remolque de acero inoxidable&amp; estructura interna, buena resistencia al calor, resistencia al desgaste, resistencia a la corrosi\u00f3n;<\/li>\n<li>Accesorios modernos y avanzados equipados en el remolque m\u00f3vil de alimentos;<\/li>\n<li>Es resistente a los golpes y a la corrosi\u00f3n, resistente al calor y tiene una gran solidez del color, no se deforma, es impermeable y tiene una larga vida \u00fatil;<\/li>\n<li>Estaremos encantados de modificarlo seg\u00fan sus necesidades.<\/li>\n<\/ol>\n<h3>Dibujo gratuito de planos 2D\/3D<\/h3>\n<p>Una vez confirmadas las dimensiones del remolque de alimentos y el equipamiento interno de la cocina, podemos proporcionarle gratuitamente dibujos en 3D. Esto le dar\u00e1 una idea m\u00e1s clara de su dise\u00f1o y de su carro de comida. Al confirmar la ubicaci\u00f3n del equipo de cocina, podemos comunicarnos claramente con usted a trav\u00e9s del plano de planta. Tambi\u00e9n podemos proporcionarle documentos originales para facilitar su dise\u00f1o y realizar ajustes.<\/p>\n<\/div>\n<\/div>\n<\/div>","protected":false},"excerpt":{"rendered":"<p data-spm-anchor-id=\"a2700.wholesale.0.i28.29e52808agqc7f\">Este es un remolque de comida cuadrado personalizado de nuestro cliente australiano. La parte delantera est\u00e1 dise\u00f1ada con una ventana de servicio abierta, la valla publicitaria superior y la pegatina trasera est\u00e1n personalizadas por el cliente, y el equipo de cocina del interior tambi\u00e9n est\u00e1 personalizado seg\u00fan los requisitos del cliente. Todo el remolque cumple plenamente con las leyes y reglamentos de Australia y es el modelo perfecto para iniciar un negocio m\u00f3vil de remolques de comida.<\/p>","protected":false},"featured_media":4118,"template":"","meta":{"_themeisle_gutenberg_block_has_review":false},"product_brand":[],"product_cat":[26],"product_tag":[53,33,41,38,52],"class_list":{"0":"post-4113","1":"product","2":"type-product","3":"status-publish","4":"has-post-thumbnail","6":"product_cat-product","7":"product_tag-customized-sinks","8":"product_tag-customized-trailer","9":"product_tag-galvanized-trailer","10":"product_tag-mobile-food-trailer","11":"product_tag-personalized-billboard","13":"first","14":"instock","15":"shipping-taxable","16":"product-type-simple"},"yoast_head":"<!-- This site is optimized with the Yoast SEO plugin v27.4 - https:\/\/yoast.com\/product\/yoast-seo-wordpress\/ -->\n<title>Australian custom 5M square food trailer - Honlu food trailer<\/title>\n<meta name=\"description\" content=\"This is a custom square food trailer from our Australian customer. The front is designed with an open service window, the top billboard and the back sticker are customized by the customer, and the kitchen equipment inside is also customized according to customer requirements. The entire trailer fully complies with the laws and regulations in Australia and is the perfect model to start a mobile food trailer business.\" \/>\n<meta name=\"robots\" content=\"index, follow, max-snippet:-1, max-image-preview:large, max-video-preview:-1\" \/>\n<link rel=\"canonical\" href=\"https:\/\/www.honlufoodtrailer.com\/es\/producto\/australian-custom-5m-square-food-trailer\/\" \/>\n<meta property=\"og:locale\" content=\"es_ES\" \/>\n<meta property=\"og:type\" content=\"article\" \/>\n<meta property=\"og:title\" content=\"Australian custom 5M square food trailer - Honlu food trailer\" \/>\n<meta property=\"og:description\" content=\"This is a custom square food trailer from our Australian customer. The front is designed with an open service window, the top billboard and the back sticker are customized by the customer, and the kitchen equipment inside is also customized according to customer requirements. The entire trailer fully complies with the laws and regulations in Australia and is the perfect model to start a mobile food trailer business.\" \/>\n<meta property=\"og:url\" content=\"https:\/\/www.honlufoodtrailer.com\/es\/producto\/australian-custom-5m-square-food-trailer\/\" \/>\n<meta property=\"og:site_name\" content=\"Honlu food trailer\" \/>\n<meta property=\"article:modified_time\" content=\"2024-10-28T09:38:40+00:00\" \/>\n<meta property=\"og:image\" content=\"https:\/\/www.honlufoodtrailer.com\/wp-content\/uploads\/2022\/04\/Australian-custom-5M-square-food-trailer-1.jpg\" \/>\n\t<meta property=\"og:image:width\" content=\"720\" \/>\n\t<meta property=\"og:image:height\" content=\"540\" \/>\n\t<meta property=\"og:image:type\" content=\"image\/jpeg\" \/>\n<meta name=\"twitter:card\" content=\"summary_large_image\" \/>\n<meta name=\"twitter:label1\" content=\"Tiempo de lectura\" \/>\n\t<meta name=\"twitter:data1\" content=\"3 minutos\" \/>\n<script type=\"application\/ld+json\" class=\"yoast-schema-graph\">{\"@context\":\"https:\\\/\\\/schema.org\",\"@graph\":[{\"@type\":\"WebPage\",\"@id\":\"https:\\\/\\\/www.honlufoodtrailer.com\\\/product\\\/australian-custom-5m-square-food-trailer\\\/\",\"url\":\"https:\\\/\\\/www.honlufoodtrailer.com\\\/product\\\/australian-custom-5m-square-food-trailer\\\/\",\"name\":\"Australian custom 5M square food trailer - Honlu food trailer\",\"isPartOf\":{\"@id\":\"https:\\\/\\\/www.honlufoodtrailer.com\\\/#website\"},\"primaryImageOfPage\":{\"@id\":\"https:\\\/\\\/www.honlufoodtrailer.com\\\/product\\\/australian-custom-5m-square-food-trailer\\\/#primaryimage\"},\"image\":{\"@id\":\"https:\\\/\\\/www.honlufoodtrailer.com\\\/product\\\/australian-custom-5m-square-food-trailer\\\/#primaryimage\"},\"thumbnailUrl\":\"https:\\\/\\\/www.honlufoodtrailer.com\\\/wp-content\\\/uploads\\\/2022\\\/04\\\/Australian-custom-5M-square-food-trailer-1.jpg\",\"datePublished\":\"2022-04-01T01:31:11+00:00\",\"dateModified\":\"2024-10-28T09:38:40+00:00\",\"description\":\"This is a custom square food trailer from our Australian customer. The front is designed with an open service window, the top billboard and the back sticker are customized by the customer, and the kitchen equipment inside is also customized according to customer requirements. The entire trailer fully complies with the laws and regulations in Australia and is the perfect model to start a mobile food trailer business.\",\"breadcrumb\":{\"@id\":\"https:\\\/\\\/www.honlufoodtrailer.com\\\/product\\\/australian-custom-5m-square-food-trailer\\\/#breadcrumb\"},\"inLanguage\":\"es\",\"potentialAction\":[{\"@type\":\"ReadAction\",\"target\":[\"https:\\\/\\\/www.honlufoodtrailer.com\\\/product\\\/australian-custom-5m-square-food-trailer\\\/\"]}]},{\"@type\":\"ImageObject\",\"inLanguage\":\"es\",\"@id\":\"https:\\\/\\\/www.honlufoodtrailer.com\\\/product\\\/australian-custom-5m-square-food-trailer\\\/#primaryimage\",\"url\":\"https:\\\/\\\/www.honlufoodtrailer.com\\\/wp-content\\\/uploads\\\/2022\\\/04\\\/Australian-custom-5M-square-food-trailer-1.jpg\",\"contentUrl\":\"https:\\\/\\\/www.honlufoodtrailer.com\\\/wp-content\\\/uploads\\\/2022\\\/04\\\/Australian-custom-5M-square-food-trailer-1.jpg\",\"width\":720,\"height\":540,\"caption\":\"Australian custom 5M square food trailer (1)\"},{\"@type\":\"BreadcrumbList\",\"@id\":\"https:\\\/\\\/www.honlufoodtrailer.com\\\/product\\\/australian-custom-5m-square-food-trailer\\\/#breadcrumb\",\"itemListElement\":[{\"@type\":\"ListItem\",\"position\":1,\"name\":\"Home\",\"item\":\"https:\\\/\\\/www.honlufoodtrailer.com\\\/\"},{\"@type\":\"ListItem\",\"position\":2,\"name\":\"\u4ea7\u54c1\",\"item\":\"https:\\\/\\\/www.honlufoodtrailer.com\\\/shop\\\/\"},{\"@type\":\"ListItem\",\"position\":3,\"name\":\"Australian custom 5M square food trailer\"}]},{\"@type\":\"WebSite\",\"@id\":\"https:\\\/\\\/www.honlufoodtrailer.com\\\/#website\",\"url\":\"https:\\\/\\\/www.honlufoodtrailer.com\\\/\",\"name\":\"Honlu food trailer\",\"description\":\"\",\"publisher\":{\"@id\":\"https:\\\/\\\/www.honlufoodtrailer.com\\\/#organization\"},\"potentialAction\":[{\"@type\":\"SearchAction\",\"target\":{\"@type\":\"EntryPoint\",\"urlTemplate\":\"https:\\\/\\\/www.honlufoodtrailer.com\\\/?s={search_term_string}\"},\"query-input\":{\"@type\":\"PropertyValueSpecification\",\"valueRequired\":true,\"valueName\":\"search_term_string\"}}],\"inLanguage\":\"es\"},{\"@type\":\"Organization\",\"@id\":\"https:\\\/\\\/www.honlufoodtrailer.com\\\/#organization\",\"name\":\"Honlu food trailer\",\"url\":\"https:\\\/\\\/www.honlufoodtrailer.com\\\/\",\"logo\":{\"@type\":\"ImageObject\",\"inLanguage\":\"es\",\"@id\":\"https:\\\/\\\/www.honlufoodtrailer.com\\\/#\\\/schema\\\/logo\\\/image\\\/\",\"url\":\"https:\\\/\\\/www.honlufoodtrailer.com\\\/wp-content\\\/uploads\\\/2021\\\/12\\\/2.gif\",\"contentUrl\":\"https:\\\/\\\/www.honlufoodtrailer.com\\\/wp-content\\\/uploads\\\/2021\\\/12\\\/2.gif\",\"width\":350,\"height\":100,\"caption\":\"Honlu food trailer\"},\"image\":{\"@id\":\"https:\\\/\\\/www.honlufoodtrailer.com\\\/#\\\/schema\\\/logo\\\/image\\\/\"}}]}<\/script>\n<!-- \/ Yoast SEO plugin. -->","yoast_head_json":{"title":"Remolque alimentario australiano de 5 metros cuadrados - Honlu food trailer","description":"Este es un remolque de comida cuadrado personalizado de nuestro cliente australiano. La parte delantera est\u00e1 dise\u00f1ada con una ventana de servicio abierta, la valla publicitaria superior y la pegatina trasera est\u00e1n personalizadas por el cliente, y el equipo de cocina del interior tambi\u00e9n est\u00e1 personalizado seg\u00fan los requisitos del cliente. Todo el remolque cumple plenamente con las leyes y reglamentos de Australia y es el modelo perfecto para iniciar un negocio m\u00f3vil de remolques de comida.","robots":{"index":"index","follow":"follow","max-snippet":"max-snippet:-1","max-image-preview":"max-image-preview:large","max-video-preview":"max-video-preview:-1"},"canonical":"https:\/\/www.honlufoodtrailer.com\/es\/producto\/australian-custom-5m-square-food-trailer\/","og_locale":"es_ES","og_type":"article","og_title":"Australian custom 5M square food trailer - Honlu food trailer","og_description":"This is a custom square food trailer from our Australian customer. The front is designed with an open service window, the top billboard and the back sticker are customized by the customer, and the kitchen equipment inside is also customized according to customer requirements. The entire trailer fully complies with the laws and regulations in Australia and is the perfect model to start a mobile food trailer business.","og_url":"https:\/\/www.honlufoodtrailer.com\/es\/producto\/australian-custom-5m-square-food-trailer\/","og_site_name":"Honlu food trailer","article_modified_time":"2024-10-28T09:38:40+00:00","og_image":[{"width":720,"height":540,"url":"https:\/\/www.honlufoodtrailer.com\/wp-content\/uploads\/2022\/04\/Australian-custom-5M-square-food-trailer-1.jpg","type":"image\/jpeg"}],"twitter_card":"summary_large_image","twitter_misc":{"Tiempo de lectura":"3 minutos"},"schema":{"@context":"https:\/\/schema.org","@graph":[{"@type":"WebPage","@id":"https:\/\/www.honlufoodtrailer.com\/product\/australian-custom-5m-square-food-trailer\/","url":"https:\/\/www.honlufoodtrailer.com\/product\/australian-custom-5m-square-food-trailer\/","name":"Remolque alimentario australiano de 5 metros cuadrados - Honlu food trailer","isPartOf":{"@id":"https:\/\/www.honlufoodtrailer.com\/#website"},"primaryImageOfPage":{"@id":"https:\/\/www.honlufoodtrailer.com\/product\/australian-custom-5m-square-food-trailer\/#primaryimage"},"image":{"@id":"https:\/\/www.honlufoodtrailer.com\/product\/australian-custom-5m-square-food-trailer\/#primaryimage"},"thumbnailUrl":"https:\/\/www.honlufoodtrailer.com\/wp-content\/uploads\/2022\/04\/Australian-custom-5M-square-food-trailer-1.jpg","datePublished":"2022-04-01T01:31:11+00:00","dateModified":"2024-10-28T09:38:40+00:00","description":"Este es un remolque de comida cuadrado personalizado de nuestro cliente australiano. La parte delantera est\u00e1 dise\u00f1ada con una ventana de servicio abierta, la valla publicitaria superior y la pegatina trasera est\u00e1n personalizadas por el cliente, y el equipo de cocina del interior tambi\u00e9n est\u00e1 personalizado seg\u00fan los requisitos del cliente. Todo el remolque cumple plenamente con las leyes y reglamentos de Australia y es el modelo perfecto para iniciar un negocio m\u00f3vil de remolques de comida.","breadcrumb":{"@id":"https:\/\/www.honlufoodtrailer.com\/product\/australian-custom-5m-square-food-trailer\/#breadcrumb"},"inLanguage":"es","potentialAction":[{"@type":"ReadAction","target":["https:\/\/www.honlufoodtrailer.com\/product\/australian-custom-5m-square-food-trailer\/"]}]},{"@type":"ImageObject","inLanguage":"es","@id":"https:\/\/www.honlufoodtrailer.com\/product\/australian-custom-5m-square-food-trailer\/#primaryimage","url":"https:\/\/www.honlufoodtrailer.com\/wp-content\/uploads\/2022\/04\/Australian-custom-5M-square-food-trailer-1.jpg","contentUrl":"https:\/\/www.honlufoodtrailer.com\/wp-content\/uploads\/2022\/04\/Australian-custom-5M-square-food-trailer-1.jpg","width":720,"height":540,"caption":"Australian custom 5M square food trailer (1)"},{"@type":"BreadcrumbList","@id":"https:\/\/www.honlufoodtrailer.com\/product\/australian-custom-5m-square-food-trailer\/#breadcrumb","itemListElement":[{"@type":"ListItem","position":1,"name":"Home","item":"https:\/\/www.honlufoodtrailer.com\/"},{"@type":"ListItem","position":2,"name":"\u4ea7\u54c1","item":"https:\/\/www.honlufoodtrailer.com\/shop\/"},{"@type":"ListItem","position":3,"name":"Australian custom 5M square food trailer"}]},{"@type":"WebSite","@id":"https:\/\/www.honlufoodtrailer.com\/#website","url":"https:\/\/www.honlufoodtrailer.com\/","name":"Remolque de comida Honlu","description":"","publisher":{"@id":"https:\/\/www.honlufoodtrailer.com\/#organization"},"potentialAction":[{"@type":"SearchAction","target":{"@type":"EntryPoint","urlTemplate":"https:\/\/www.honlufoodtrailer.com\/?s={search_term_string}"},"query-input":{"@type":"PropertyValueSpecification","valueRequired":true,"valueName":"search_term_string"}}],"inLanguage":"es"},{"@type":"Organization","@id":"https:\/\/www.honlufoodtrailer.com\/#organization","name":"Remolque de comida Honlu","url":"https:\/\/www.honlufoodtrailer.com\/","logo":{"@type":"ImageObject","inLanguage":"es","@id":"https:\/\/www.honlufoodtrailer.com\/#\/schema\/logo\/image\/","url":"https:\/\/www.honlufoodtrailer.com\/wp-content\/uploads\/2021\/12\/2.gif","contentUrl":"https:\/\/www.honlufoodtrailer.com\/wp-content\/uploads\/2021\/12\/2.gif","width":350,"height":100,"caption":"Honlu food trailer"},"image":{"@id":"https:\/\/www.honlufoodtrailer.com\/#\/schema\/logo\/image\/"}}]}},"_links":{"self":[{"href":"https:\/\/www.honlufoodtrailer.com\/es\/wp-json\/wp\/v2\/product\/4113","targetHints":{"allow":["GET"]}}],"collection":[{"href":"https:\/\/www.honlufoodtrailer.com\/es\/wp-json\/wp\/v2\/product"}],"about":[{"href":"https:\/\/www.honlufoodtrailer.com\/es\/wp-json\/wp\/v2\/types\/product"}],"version-history":[{"count":2,"href":"https:\/\/www.honlufoodtrailer.com\/es\/wp-json\/wp\/v2\/product\/4113\/revisions"}],"predecessor-version":[{"id":8804,"href":"https:\/\/www.honlufoodtrailer.com\/es\/wp-json\/wp\/v2\/product\/4113\/revisions\/8804"}],"wp:featuredmedia":[{"embeddable":true,"href":"https:\/\/www.honlufoodtrailer.com\/es\/wp-json\/wp\/v2\/media\/4118"}],"wp:attachment":[{"href":"https:\/\/www.honlufoodtrailer.com\/es\/wp-json\/wp\/v2\/media?parent=4113"}],"wp:term":[{"taxonomy":"product_brand","embeddable":true,"href":"https:\/\/www.honlufoodtrailer.com\/es\/wp-json\/wp\/v2\/product_brand?post=4113"},{"taxonomy":"product_cat","embeddable":true,"href":"https:\/\/www.honlufoodtrailer.com\/es\/wp-json\/wp\/v2\/product_cat?post=4113"},{"taxonomy":"product_tag","embeddable":true,"href":"https:\/\/www.honlufoodtrailer.com\/es\/wp-json\/wp\/v2\/product_tag?post=4113"}],"curies":[{"name":"wp","href":"https:\/\/api.w.org\/{rel}","templated":true}]}}