{"id":4943,"date":"2022-08-12T11:47:41","date_gmt":"2022-08-12T03:47:41","guid":{"rendered":"https:\/\/www.honlufoodtrailer.com\/?post_type=product&#038;p=4943"},"modified":"2024-10-28T17:35:22","modified_gmt":"2024-10-28T09:35:22","slug":"16-4ft-custom-black-square-food-trailer","status":"publish","type":"product","link":"https:\/\/www.honlufoodtrailer.com\/es\/product\/16-4ft-custom-black-square-food-trailer\/","title":{"rendered":"16.4ft Custom Negro Cuadrado Food Trailer"},"content":{"rendered":"<p>Este es un cami\u00f3n de comida hecho a medida por un cliente de Australia. El respiradero del techo de este food truck a medida cumple la normativa comercial australiana. Vamos a dise\u00f1ar el cami\u00f3n de alimentos de acuerdo a sus necesidades y las de su pa\u00eds. Ahora, vamos a ver algunas fotos de este remolque de alimentos 16.4ft.<br \/>\n<img fetchpriority=\"high\" decoding=\"async\" class=\"aligncenter wp-image-7747\" src=\"https:\/\/www.honlufoodtrailer.com\/wp-content\/uploads\/2022\/08\/16.4ft-Custom-Black-Square-Food-Trailer-front-view.jpg\" alt=\"16.4ft Custom Negro Cuadrado Food Trailer vista frontal\" width=\"720\" height=\"480\" srcset=\"https:\/\/www.honlufoodtrailer.com\/wp-content\/uploads\/2022\/08\/16.4ft-Custom-Black-Square-Food-Trailer-front-view.jpg 1000w, https:\/\/www.honlufoodtrailer.com\/wp-content\/uploads\/2022\/08\/16.4ft-Custom-Black-Square-Food-Trailer-front-view-768x511.jpg 768w, https:\/\/www.honlufoodtrailer.com\/wp-content\/uploads\/2022\/08\/16.4ft-Custom-Black-Square-Food-Trailer-front-view-480x320.jpg 480w, https:\/\/www.honlufoodtrailer.com\/wp-content\/uploads\/2022\/08\/16.4ft-Custom-Black-Square-Food-Trailer-front-view-300x200.jpg 300w, https:\/\/www.honlufoodtrailer.com\/wp-content\/uploads\/2022\/08\/16.4ft-Custom-Black-Square-Food-Trailer-front-view-720x480.jpg 720w\" sizes=\"(max-width: 720px) 100vw, 720px\" \/><\/p>\n<p><img decoding=\"async\" class=\"aligncenter size-full wp-image-7746\" src=\"https:\/\/www.honlufoodtrailer.com\/wp-content\/uploads\/2022\/08\/16.4ft-Custom-Black-Square-Food-Trailer-back-view.jpg\" alt=\"16.4ft Custom Negro Cuadrado Food Trailer vista trasera\" width=\"750\" height=\"540\" srcset=\"https:\/\/www.honlufoodtrailer.com\/wp-content\/uploads\/2022\/08\/16.4ft-Custom-Black-Square-Food-Trailer-back-view.jpg 750w, https:\/\/www.honlufoodtrailer.com\/wp-content\/uploads\/2022\/08\/16.4ft-Custom-Black-Square-Food-Trailer-back-view-480x346.jpg 480w, https:\/\/www.honlufoodtrailer.com\/wp-content\/uploads\/2022\/08\/16.4ft-Custom-Black-Square-Food-Trailer-back-view-300x216.jpg 300w, https:\/\/www.honlufoodtrailer.com\/wp-content\/uploads\/2022\/08\/16.4ft-Custom-Black-Square-Food-Trailer-back-view-720x518.jpg 720w\" sizes=\"(max-width: 750px) 100vw, 750px\" \/><\/p>\n<h3>Detalles internos de este 16.4ft Custom Negro Cuadrado Food Trailer<\/h3>\n<p>Este cami\u00f3n de comida mide 16,4 pies de largo y contiene cuatro fregaderos, freidora, cocina de gas y mucho m\u00e1s.<\/p>\n<p><img decoding=\"async\" class=\"wp-image-4945 size-full aligncenter\" src=\"https:\/\/www.honlufoodtrailer.com\/wp-content\/uploads\/2022\/08\/\u5149\u5f71\u9b54\u672f\u624b\u62fc\u56fe.jpg\" alt=\"\" width=\"800\" height=\"800\" srcset=\"https:\/\/www.honlufoodtrailer.com\/wp-content\/uploads\/2022\/08\/\u5149\u5f71\u9b54\u672f\u624b\u62fc\u56fe.jpg 800w, https:\/\/www.honlufoodtrailer.com\/wp-content\/uploads\/2022\/08\/\u5149\u5f71\u9b54\u672f\u624b\u62fc\u56fe-768x768.jpg 768w, https:\/\/www.honlufoodtrailer.com\/wp-content\/uploads\/2022\/08\/\u5149\u5f71\u9b54\u672f\u624b\u62fc\u56fe-360x360.jpg 360w, https:\/\/www.honlufoodtrailer.com\/wp-content\/uploads\/2022\/08\/\u5149\u5f71\u9b54\u672f\u624b\u62fc\u56fe-300x300.jpg 300w, https:\/\/www.honlufoodtrailer.com\/wp-content\/uploads\/2022\/08\/\u5149\u5f71\u9b54\u672f\u624b\u62fc\u56fe-720x720.jpg 720w, https:\/\/www.honlufoodtrailer.com\/wp-content\/uploads\/2022\/08\/\u5149\u5f71\u9b54\u672f\u624b\u62fc\u56fe-100x100.jpg 100w\" sizes=\"(max-width: 800px) 100vw, 800px\" \/><\/p>\n<p>El fregadero dentro del remolque est\u00e1 dise\u00f1ado en la parte superior del remolque de alimentos, y se personaliza como un dise\u00f1o de tres fregaderos de acuerdo con los requisitos reglamentarios locales del cliente. La encimera del fregadero es de placas de m\u00e1rmol.<\/p>\n<p><img loading=\"lazy\" decoding=\"async\" class=\"wp-image-4946 size-full aligncenter\" src=\"https:\/\/www.honlufoodtrailer.com\/wp-content\/uploads\/2022\/08\/IMG_3364.jpg\" alt=\"\" width=\"1000\" height=\"666\" srcset=\"https:\/\/www.honlufoodtrailer.com\/wp-content\/uploads\/2022\/08\/IMG_3364.jpg 1000w, https:\/\/www.honlufoodtrailer.com\/wp-content\/uploads\/2022\/08\/IMG_3364-768x511.jpg 768w, https:\/\/www.honlufoodtrailer.com\/wp-content\/uploads\/2022\/08\/IMG_3364-480x320.jpg 480w, https:\/\/www.honlufoodtrailer.com\/wp-content\/uploads\/2022\/08\/IMG_3364-300x200.jpg 300w, https:\/\/www.honlufoodtrailer.com\/wp-content\/uploads\/2022\/08\/IMG_3364-720x480.jpg 720w\" sizes=\"(max-width: 1000px) 100vw, 1000px\" \/><\/p>\n<p>De acuerdo con las necesidades del cliente, tambi\u00e9n personalizamos un peque\u00f1o aseo en la parte trasera del remolque de alimentos con un dise\u00f1o totalmente cerrado.<\/p>\n<p><img loading=\"lazy\" decoding=\"async\" class=\"wp-image-4947 size-full aligncenter\" src=\"https:\/\/www.honlufoodtrailer.com\/wp-content\/uploads\/2022\/08\/IMG_3321.jpg\" alt=\"\" width=\"1000\" height=\"666\" srcset=\"https:\/\/www.honlufoodtrailer.com\/wp-content\/uploads\/2022\/08\/IMG_3321.jpg 1000w, https:\/\/www.honlufoodtrailer.com\/wp-content\/uploads\/2022\/08\/IMG_3321-768x511.jpg 768w, https:\/\/www.honlufoodtrailer.com\/wp-content\/uploads\/2022\/08\/IMG_3321-480x320.jpg 480w, https:\/\/www.honlufoodtrailer.com\/wp-content\/uploads\/2022\/08\/IMG_3321-300x200.jpg 300w, https:\/\/www.honlufoodtrailer.com\/wp-content\/uploads\/2022\/08\/IMG_3321-720x480.jpg 720w\" sizes=\"(max-width: 1000px) 100vw, 1000px\" \/><\/p>\n<h3 class=\"magic-6\" data-spm-anchor-id=\"a2700.wholesale.0.i28.29e52808agqc7f\">Caracter\u00edsticas principales del remolque cuadrado para alimentos<\/h3>\n<div class=\"magic-7\">\n<div class=\"magic-8\">\n<div class=\"magic-9\" data-id=\"paragraph0\">\n<ol>\n<li>Aspecto moderno personalizable;<\/li>\n<li>Cuerpo del remolque de acero inoxidable&amp; estructura interna, buena resistencia al calor, resistencia al desgaste, resistencia a la corrosi\u00f3n;<\/li>\n<li>Accesorios modernos y avanzados equipados en el remolque m\u00f3vil de alimentos;<\/li>\n<li>Es resistente a los golpes y a la corrosi\u00f3n, resistente al calor y tiene una gran solidez del color, no se deforma, es impermeable y tiene una larga vida \u00fatil;<\/li>\n<li>Estaremos encantados de modificarlo seg\u00fan sus necesidades.<\/li>\n<\/ol>\n<h3>Dibujo gratuito de planos 2D\/3D<\/h3>\n<p>Una vez confirmadas las dimensiones del remolque de alimentos y el equipamiento interno de la cocina, podemos proporcionarle gratuitamente dibujos en 3D. Esto le dar\u00e1 una idea m\u00e1s clara de su dise\u00f1o y de su carro de comida. Al confirmar la ubicaci\u00f3n del equipo de cocina, podemos comunicarnos claramente con usted a trav\u00e9s del plano de planta. Tambi\u00e9n podemos proporcionarle documentos originales para facilitar su dise\u00f1o y realizar ajustes.<\/p>\n<\/div>\n<\/div>\n<\/div>","protected":false},"excerpt":{"rendered":"<p data-spm-anchor-id=\"a2700.wholesale.0.i28.29e52808agqc7f\">Este es uno de nuestros remolques de comida a medida de cinco metros con cocina completa. La parte delantera del veh\u00edculo est\u00e1 dise\u00f1ada con una gran ventana, equipada con un refugio integrado y una mesa de servicio. De acuerdo con las necesidades del cliente, todo el remolque es compacto y f\u00e1cil de usar. Es el modelo preferido para iniciar el negocio de comida ambulante.<\/p>","protected":false},"featured_media":4947,"template":"","meta":{"_themeisle_gutenberg_block_has_review":false},"product_brand":[],"product_cat":[26],"product_tag":[53,33,41,38,52],"class_list":{"0":"post-4943","1":"product","2":"type-product","3":"status-publish","4":"has-post-thumbnail","6":"product_cat-product","7":"product_tag-customized-sinks","8":"product_tag-customized-trailer","9":"product_tag-galvanized-trailer","10":"product_tag-mobile-food-trailer","11":"product_tag-personalized-billboard","13":"first","14":"instock","15":"shipping-taxable","16":"product-type-simple"},"yoast_head":"<!-- This site is optimized with the Yoast SEO plugin v27.4 - https:\/\/yoast.com\/product\/yoast-seo-wordpress\/ -->\n<title>16.4ft Custom Black Square Food Trailer - Honlu food trailer<\/title>\n<meta name=\"description\" content=\"This is one of our custom-made five-meter food trailers with full kitchen. The front of the vehicle is designed with a large window, equipped with an integrated shelter and service table. According to customer needs, the whole trailer is compact and easy to use. It is the preferred model for starting the mobile food business.\" \/>\n<meta name=\"robots\" content=\"index, follow, max-snippet:-1, max-image-preview:large, max-video-preview:-1\" \/>\n<link rel=\"canonical\" href=\"https:\/\/www.honlufoodtrailer.com\/es\/producto\/16-4ft-custom-black-square-food-trailer\/\" \/>\n<meta property=\"og:locale\" content=\"es_ES\" \/>\n<meta property=\"og:type\" content=\"article\" \/>\n<meta property=\"og:title\" content=\"16.4ft Custom Black Square Food Trailer - Honlu food trailer\" \/>\n<meta property=\"og:description\" content=\"This is one of our custom-made five-meter food trailers with full kitchen. The front of the vehicle is designed with a large window, equipped with an integrated shelter and service table. According to customer needs, the whole trailer is compact and easy to use. It is the preferred model for starting the mobile food business.\" \/>\n<meta property=\"og:url\" content=\"https:\/\/www.honlufoodtrailer.com\/es\/producto\/16-4ft-custom-black-square-food-trailer\/\" \/>\n<meta property=\"og:site_name\" content=\"Honlu food trailer\" \/>\n<meta property=\"article:modified_time\" content=\"2024-10-28T09:35:22+00:00\" \/>\n<meta property=\"og:image\" content=\"https:\/\/www.honlufoodtrailer.com\/wp-content\/uploads\/2022\/08\/IMG_3321.jpg\" \/>\n\t<meta property=\"og:image:width\" content=\"1000\" \/>\n\t<meta property=\"og:image:height\" content=\"666\" \/>\n\t<meta property=\"og:image:type\" content=\"image\/jpeg\" \/>\n<meta name=\"twitter:card\" content=\"summary_large_image\" \/>\n<meta name=\"twitter:label1\" content=\"Tiempo de lectura\" \/>\n\t<meta name=\"twitter:data1\" content=\"3 minutos\" \/>\n<script type=\"application\/ld+json\" class=\"yoast-schema-graph\">{\"@context\":\"https:\\\/\\\/schema.org\",\"@graph\":[{\"@type\":\"WebPage\",\"@id\":\"https:\\\/\\\/www.honlufoodtrailer.com\\\/product\\\/16-4ft-custom-black-square-food-trailer\\\/\",\"url\":\"https:\\\/\\\/www.honlufoodtrailer.com\\\/product\\\/16-4ft-custom-black-square-food-trailer\\\/\",\"name\":\"16.4ft Custom Black Square Food Trailer - Honlu food trailer\",\"isPartOf\":{\"@id\":\"https:\\\/\\\/www.honlufoodtrailer.com\\\/#website\"},\"primaryImageOfPage\":{\"@id\":\"https:\\\/\\\/www.honlufoodtrailer.com\\\/product\\\/16-4ft-custom-black-square-food-trailer\\\/#primaryimage\"},\"image\":{\"@id\":\"https:\\\/\\\/www.honlufoodtrailer.com\\\/product\\\/16-4ft-custom-black-square-food-trailer\\\/#primaryimage\"},\"thumbnailUrl\":\"https:\\\/\\\/www.honlufoodtrailer.com\\\/wp-content\\\/uploads\\\/2022\\\/08\\\/IMG_3321.jpg\",\"datePublished\":\"2022-08-12T03:47:41+00:00\",\"dateModified\":\"2024-10-28T09:35:22+00:00\",\"description\":\"This is one of our custom-made five-meter food trailers with full kitchen. The front of the vehicle is designed with a large window, equipped with an integrated shelter and service table. According to customer needs, the whole trailer is compact and easy to use. It is the preferred model for starting the mobile food business.\",\"breadcrumb\":{\"@id\":\"https:\\\/\\\/www.honlufoodtrailer.com\\\/product\\\/16-4ft-custom-black-square-food-trailer\\\/#breadcrumb\"},\"inLanguage\":\"es\",\"potentialAction\":[{\"@type\":\"ReadAction\",\"target\":[\"https:\\\/\\\/www.honlufoodtrailer.com\\\/product\\\/16-4ft-custom-black-square-food-trailer\\\/\"]}]},{\"@type\":\"ImageObject\",\"inLanguage\":\"es\",\"@id\":\"https:\\\/\\\/www.honlufoodtrailer.com\\\/product\\\/16-4ft-custom-black-square-food-trailer\\\/#primaryimage\",\"url\":\"https:\\\/\\\/www.honlufoodtrailer.com\\\/wp-content\\\/uploads\\\/2022\\\/08\\\/IMG_3321.jpg\",\"contentUrl\":\"https:\\\/\\\/www.honlufoodtrailer.com\\\/wp-content\\\/uploads\\\/2022\\\/08\\\/IMG_3321.jpg\",\"width\":1000,\"height\":666},{\"@type\":\"BreadcrumbList\",\"@id\":\"https:\\\/\\\/www.honlufoodtrailer.com\\\/product\\\/16-4ft-custom-black-square-food-trailer\\\/#breadcrumb\",\"itemListElement\":[{\"@type\":\"ListItem\",\"position\":1,\"name\":\"Home\",\"item\":\"https:\\\/\\\/www.honlufoodtrailer.com\\\/\"},{\"@type\":\"ListItem\",\"position\":2,\"name\":\"\u4ea7\u54c1\",\"item\":\"https:\\\/\\\/www.honlufoodtrailer.com\\\/shop\\\/\"},{\"@type\":\"ListItem\",\"position\":3,\"name\":\"16.4ft Custom Black Square Food Trailer\"}]},{\"@type\":\"WebSite\",\"@id\":\"https:\\\/\\\/www.honlufoodtrailer.com\\\/#website\",\"url\":\"https:\\\/\\\/www.honlufoodtrailer.com\\\/\",\"name\":\"Honlu food trailer\",\"description\":\"\",\"publisher\":{\"@id\":\"https:\\\/\\\/www.honlufoodtrailer.com\\\/#organization\"},\"potentialAction\":[{\"@type\":\"SearchAction\",\"target\":{\"@type\":\"EntryPoint\",\"urlTemplate\":\"https:\\\/\\\/www.honlufoodtrailer.com\\\/?s={search_term_string}\"},\"query-input\":{\"@type\":\"PropertyValueSpecification\",\"valueRequired\":true,\"valueName\":\"search_term_string\"}}],\"inLanguage\":\"es\"},{\"@type\":\"Organization\",\"@id\":\"https:\\\/\\\/www.honlufoodtrailer.com\\\/#organization\",\"name\":\"Honlu food trailer\",\"url\":\"https:\\\/\\\/www.honlufoodtrailer.com\\\/\",\"logo\":{\"@type\":\"ImageObject\",\"inLanguage\":\"es\",\"@id\":\"https:\\\/\\\/www.honlufoodtrailer.com\\\/#\\\/schema\\\/logo\\\/image\\\/\",\"url\":\"https:\\\/\\\/www.honlufoodtrailer.com\\\/wp-content\\\/uploads\\\/2021\\\/12\\\/2.gif\",\"contentUrl\":\"https:\\\/\\\/www.honlufoodtrailer.com\\\/wp-content\\\/uploads\\\/2021\\\/12\\\/2.gif\",\"width\":350,\"height\":100,\"caption\":\"Honlu food trailer\"},\"image\":{\"@id\":\"https:\\\/\\\/www.honlufoodtrailer.com\\\/#\\\/schema\\\/logo\\\/image\\\/\"}}]}<\/script>\n<!-- \/ Yoast SEO plugin. -->","yoast_head_json":{"title":"16.4ft Custom Negro Cuadrado Food Trailer - Honlu remolque de alimentos","description":"Este es uno de nuestros remolques de comida a medida de cinco metros con cocina completa. La parte delantera del veh\u00edculo est\u00e1 dise\u00f1ada con una gran ventana, equipada con un refugio integrado y una mesa de servicio. De acuerdo con las necesidades del cliente, todo el remolque es compacto y f\u00e1cil de usar. Es el modelo preferido para iniciar el negocio de comida ambulante.","robots":{"index":"index","follow":"follow","max-snippet":"max-snippet:-1","max-image-preview":"max-image-preview:large","max-video-preview":"max-video-preview:-1"},"canonical":"https:\/\/www.honlufoodtrailer.com\/es\/producto\/16-4ft-custom-black-square-food-trailer\/","og_locale":"es_ES","og_type":"article","og_title":"16.4ft Custom Black Square Food Trailer - Honlu food trailer","og_description":"This is one of our custom-made five-meter food trailers with full kitchen. The front of the vehicle is designed with a large window, equipped with an integrated shelter and service table. According to customer needs, the whole trailer is compact and easy to use. It is the preferred model for starting the mobile food business.","og_url":"https:\/\/www.honlufoodtrailer.com\/es\/producto\/16-4ft-custom-black-square-food-trailer\/","og_site_name":"Honlu food trailer","article_modified_time":"2024-10-28T09:35:22+00:00","og_image":[{"width":1000,"height":666,"url":"https:\/\/www.honlufoodtrailer.com\/wp-content\/uploads\/2022\/08\/IMG_3321.jpg","type":"image\/jpeg"}],"twitter_card":"summary_large_image","twitter_misc":{"Tiempo de lectura":"3 minutos"},"schema":{"@context":"https:\/\/schema.org","@graph":[{"@type":"WebPage","@id":"https:\/\/www.honlufoodtrailer.com\/product\/16-4ft-custom-black-square-food-trailer\/","url":"https:\/\/www.honlufoodtrailer.com\/product\/16-4ft-custom-black-square-food-trailer\/","name":"16.4ft Custom Negro Cuadrado Food Trailer - Honlu remolque de alimentos","isPartOf":{"@id":"https:\/\/www.honlufoodtrailer.com\/#website"},"primaryImageOfPage":{"@id":"https:\/\/www.honlufoodtrailer.com\/product\/16-4ft-custom-black-square-food-trailer\/#primaryimage"},"image":{"@id":"https:\/\/www.honlufoodtrailer.com\/product\/16-4ft-custom-black-square-food-trailer\/#primaryimage"},"thumbnailUrl":"https:\/\/www.honlufoodtrailer.com\/wp-content\/uploads\/2022\/08\/IMG_3321.jpg","datePublished":"2022-08-12T03:47:41+00:00","dateModified":"2024-10-28T09:35:22+00:00","description":"Este es uno de nuestros remolques de comida a medida de cinco metros con cocina completa. La parte delantera del veh\u00edculo est\u00e1 dise\u00f1ada con una gran ventana, equipada con un refugio integrado y una mesa de servicio. De acuerdo con las necesidades del cliente, todo el remolque es compacto y f\u00e1cil de usar. Es el modelo preferido para iniciar el negocio de comida ambulante.","breadcrumb":{"@id":"https:\/\/www.honlufoodtrailer.com\/product\/16-4ft-custom-black-square-food-trailer\/#breadcrumb"},"inLanguage":"es","potentialAction":[{"@type":"ReadAction","target":["https:\/\/www.honlufoodtrailer.com\/product\/16-4ft-custom-black-square-food-trailer\/"]}]},{"@type":"ImageObject","inLanguage":"es","@id":"https:\/\/www.honlufoodtrailer.com\/product\/16-4ft-custom-black-square-food-trailer\/#primaryimage","url":"https:\/\/www.honlufoodtrailer.com\/wp-content\/uploads\/2022\/08\/IMG_3321.jpg","contentUrl":"https:\/\/www.honlufoodtrailer.com\/wp-content\/uploads\/2022\/08\/IMG_3321.jpg","width":1000,"height":666},{"@type":"BreadcrumbList","@id":"https:\/\/www.honlufoodtrailer.com\/product\/16-4ft-custom-black-square-food-trailer\/#breadcrumb","itemListElement":[{"@type":"ListItem","position":1,"name":"Home","item":"https:\/\/www.honlufoodtrailer.com\/"},{"@type":"ListItem","position":2,"name":"\u4ea7\u54c1","item":"https:\/\/www.honlufoodtrailer.com\/shop\/"},{"@type":"ListItem","position":3,"name":"16.4ft Custom Black Square Food Trailer"}]},{"@type":"WebSite","@id":"https:\/\/www.honlufoodtrailer.com\/#website","url":"https:\/\/www.honlufoodtrailer.com\/","name":"Remolque de comida Honlu","description":"","publisher":{"@id":"https:\/\/www.honlufoodtrailer.com\/#organization"},"potentialAction":[{"@type":"SearchAction","target":{"@type":"EntryPoint","urlTemplate":"https:\/\/www.honlufoodtrailer.com\/?s={search_term_string}"},"query-input":{"@type":"PropertyValueSpecification","valueRequired":true,"valueName":"search_term_string"}}],"inLanguage":"es"},{"@type":"Organization","@id":"https:\/\/www.honlufoodtrailer.com\/#organization","name":"Remolque de comida Honlu","url":"https:\/\/www.honlufoodtrailer.com\/","logo":{"@type":"ImageObject","inLanguage":"es","@id":"https:\/\/www.honlufoodtrailer.com\/#\/schema\/logo\/image\/","url":"https:\/\/www.honlufoodtrailer.com\/wp-content\/uploads\/2021\/12\/2.gif","contentUrl":"https:\/\/www.honlufoodtrailer.com\/wp-content\/uploads\/2021\/12\/2.gif","width":350,"height":100,"caption":"Honlu food trailer"},"image":{"@id":"https:\/\/www.honlufoodtrailer.com\/#\/schema\/logo\/image\/"}}]}},"_links":{"self":[{"href":"https:\/\/www.honlufoodtrailer.com\/es\/wp-json\/wp\/v2\/product\/4943","targetHints":{"allow":["GET"]}}],"collection":[{"href":"https:\/\/www.honlufoodtrailer.com\/es\/wp-json\/wp\/v2\/product"}],"about":[{"href":"https:\/\/www.honlufoodtrailer.com\/es\/wp-json\/wp\/v2\/types\/product"}],"version-history":[{"count":3,"href":"https:\/\/www.honlufoodtrailer.com\/es\/wp-json\/wp\/v2\/product\/4943\/revisions"}],"predecessor-version":[{"id":7748,"href":"https:\/\/www.honlufoodtrailer.com\/es\/wp-json\/wp\/v2\/product\/4943\/revisions\/7748"}],"wp:featuredmedia":[{"embeddable":true,"href":"https:\/\/www.honlufoodtrailer.com\/es\/wp-json\/wp\/v2\/media\/4947"}],"wp:attachment":[{"href":"https:\/\/www.honlufoodtrailer.com\/es\/wp-json\/wp\/v2\/media?parent=4943"}],"wp:term":[{"taxonomy":"product_brand","embeddable":true,"href":"https:\/\/www.honlufoodtrailer.com\/es\/wp-json\/wp\/v2\/product_brand?post=4943"},{"taxonomy":"product_cat","embeddable":true,"href":"https:\/\/www.honlufoodtrailer.com\/es\/wp-json\/wp\/v2\/product_cat?post=4943"},{"taxonomy":"product_tag","embeddable":true,"href":"https:\/\/www.honlufoodtrailer.com\/es\/wp-json\/wp\/v2\/product_tag?post=4943"}],"curies":[{"name":"wp","href":"https:\/\/api.w.org\/{rel}","templated":true}]}}