{"id":5239,"date":"2022-12-20T15:04:10","date_gmt":"2022-12-20T07:04:10","guid":{"rendered":"https:\/\/www.honlufoodtrailer.com\/?post_type=product&#038;p=5239"},"modified":"2024-05-08T15:00:04","modified_gmt":"2024-05-08T07:00:04","slug":"street-mobile-double-decker-coffee-food-trailer-fast-food-truck-for-sale","status":"publish","type":"product","link":"https:\/\/www.honlufoodtrailer.com\/es\/product\/street-mobile-double-decker-coffee-food-trailer-fast-food-truck-for-sale\/","title":{"rendered":"Calle m\u00f3vil de dos pisos de caf\u00e9 remolque de comida r\u00e1pida cami\u00f3n de comida para la venta"},"content":{"rendered":"<p>Se trata de un remolque alimentario de dos pisos hecho a medida por un cliente de Estados Unidos.<\/p>\n<p>Honlu Remolque de comida de dos pisos.<\/p>\n<p>Plataforma abatible de doble lado.<\/p>\n<p>Zona de cocina semiabierta.<\/p>\n<p>Cafeter\u00eda m\u00f3vil multifuncional.<\/p>\n<p><img fetchpriority=\"high\" decoding=\"async\" class=\"alignnone size-full wp-image-5250\" src=\"https:\/\/www.honlufoodtrailer.com\/wp-content\/uploads\/2022\/12\/720\u00d7540-8-5.jpg\" alt=\"\" width=\"720\" height=\"540\" srcset=\"https:\/\/www.honlufoodtrailer.com\/wp-content\/uploads\/2022\/12\/720\u00d7540-8-5.jpg 720w, https:\/\/www.honlufoodtrailer.com\/wp-content\/uploads\/2022\/12\/720\u00d7540-8-5-480x360.jpg 480w, https:\/\/www.honlufoodtrailer.com\/wp-content\/uploads\/2022\/12\/720\u00d7540-8-5-300x225.jpg 300w\" sizes=\"(max-width: 720px) 100vw, 720px\" \/><\/p>\n<p>Este es el dise\u00f1o 3+1 fregaderos. Tambi\u00e9n se pueden personalizar fregaderos individuales, dobles, etc.<\/p>\n<p><img decoding=\"async\" class=\"alignnone size-full wp-image-5248\" src=\"https:\/\/www.honlufoodtrailer.com\/wp-content\/uploads\/2022\/12\/720\u00d7540-10-5.jpg\" alt=\"\" width=\"720\" height=\"540\" srcset=\"https:\/\/www.honlufoodtrailer.com\/wp-content\/uploads\/2022\/12\/720\u00d7540-10-5.jpg 720w, https:\/\/www.honlufoodtrailer.com\/wp-content\/uploads\/2022\/12\/720\u00d7540-10-5-480x360.jpg 480w, https:\/\/www.honlufoodtrailer.com\/wp-content\/uploads\/2022\/12\/720\u00d7540-10-5-300x225.jpg 300w\" sizes=\"(max-width: 720px) 100vw, 720px\" \/><\/p>\n<p>Honlu Remolque alimentario de dos pisos. Plataforma abatible lateral doble. Zona de cocina semiabierta. Cafeter\u00eda m\u00f3vil multifuncional.<\/p>\n<p><img decoding=\"async\" class=\"alignnone size-full wp-image-5242\" src=\"https:\/\/www.honlufoodtrailer.com\/wp-content\/uploads\/2022\/12\/720\u00d7540-2-4.jpg\" alt=\"\" width=\"720\" height=\"540\" srcset=\"https:\/\/www.honlufoodtrailer.com\/wp-content\/uploads\/2022\/12\/720\u00d7540-2-4.jpg 720w, https:\/\/www.honlufoodtrailer.com\/wp-content\/uploads\/2022\/12\/720\u00d7540-2-4-480x360.jpg 480w, https:\/\/www.honlufoodtrailer.com\/wp-content\/uploads\/2022\/12\/720\u00d7540-2-4-300x225.jpg 300w\" sizes=\"(max-width: 720px) 100vw, 720px\" \/><\/p>\n<p>Se trata de un dise\u00f1o de foco, se puede iluminar por la noche, y es c\u00e1lido y bonito.<\/p>\n<p><img loading=\"lazy\" decoding=\"async\" class=\"alignnone size-full wp-image-5249\" src=\"https:\/\/www.honlufoodtrailer.com\/wp-content\/uploads\/2022\/12\/720\u00d7540-12-2.jpg\" alt=\"\" width=\"720\" height=\"540\" srcset=\"https:\/\/www.honlufoodtrailer.com\/wp-content\/uploads\/2022\/12\/720\u00d7540-12-2.jpg 720w, https:\/\/www.honlufoodtrailer.com\/wp-content\/uploads\/2022\/12\/720\u00d7540-12-2-480x360.jpg 480w, https:\/\/www.honlufoodtrailer.com\/wp-content\/uploads\/2022\/12\/720\u00d7540-12-2-300x225.jpg 300w\" sizes=\"(max-width: 720px) 100vw, 720px\" \/><\/p>\n<p>&nbsp;<\/p>\n<p>&nbsp;<\/p>\n<h3 class=\"magic-6\" data-spm-anchor-id=\"a2700.wholesale.0.i28.29e52808agqc7f\">Caracter\u00edsticas principales del remolque cuadrado para alimentos<\/h3>\n<div class=\"magic-7\">\n<div class=\"magic-8\">\n<div class=\"magic-9\" data-id=\"paragraph0\">\n<ol>\n<li>Aspecto moderno personalizable;<\/li>\n<li>Cuerpo del remolque de acero inoxidable&amp; estructura interna, buena resistencia al calor, resistencia al desgaste, resistencia a la corrosi\u00f3n;<\/li>\n<li>Accesorios modernos y avanzados equipados en el remolque m\u00f3vil de alimentos;<\/li>\n<li>Es resistente a los golpes y a la corrosi\u00f3n, resistente al calor y tiene una gran solidez del color, no se deforma, es impermeable y tiene una larga vida \u00fatil;<\/li>\n<li>Estaremos encantados de modificarlo seg\u00fan sus necesidades.<\/li>\n<\/ol>\n<h3>Dibujo gratuito de planos 2D\/3D<\/h3>\n<p>Una vez confirmadas las dimensiones del remolque de alimentos y el equipamiento interno de la cocina, podemos proporcionarle gratuitamente dibujos en 3D. Esto le dar\u00e1 una idea m\u00e1s clara de su dise\u00f1o y de su carro de comida. Al confirmar la ubicaci\u00f3n del equipo de cocina, podemos comunicarnos claramente con usted a trav\u00e9s del plano de planta. Tambi\u00e9n podemos proporcionarle documentos originales para facilitar su dise\u00f1o y realizar ajustes.<\/p>\n<\/div>\n<\/div>\n<\/div>","protected":false},"excerpt":{"rendered":"<p data-spm-anchor-id=\"a2700.wholesale.0.i28.29e52808agqc7f\">Este es uno de nuestros remolques de comida a medida de cinco metros con cocina completa. La parte delantera del veh\u00edculo est\u00e1 dise\u00f1ada con una gran ventana, equipada con un refugio integrado y una mesa de servicio. De acuerdo con las necesidades del cliente, todo el remolque es compacto y f\u00e1cil de usar. Es el modelo preferido para iniciar el negocio de comida ambulante.<\/p>","protected":false},"featured_media":5240,"template":"","meta":{"_themeisle_gutenberg_block_has_review":false},"product_brand":[],"product_cat":[26],"product_tag":[53,33,41,38,52],"class_list":{"0":"post-5239","1":"product","2":"type-product","3":"status-publish","4":"has-post-thumbnail","6":"product_cat-product","7":"product_tag-customized-sinks","8":"product_tag-customized-trailer","9":"product_tag-galvanized-trailer","10":"product_tag-mobile-food-trailer","11":"product_tag-personalized-billboard","13":"first","14":"instock","15":"shipping-taxable","16":"product-type-simple"},"yoast_head":"<!-- This site is optimized with the Yoast SEO plugin v27.4 - https:\/\/yoast.com\/product\/yoast-seo-wordpress\/ -->\n<title>Street mobile double decker coffee food trailer fast food truck for sale - Honlu food trailer<\/title>\n<meta name=\"description\" content=\"This is one of our custom-made six-meter food trailers with full kitchen. The front of the trailer is designed with straight open window, equipped with an integrated shelter and service table. According to customer needs, the whole trailer is compact and easy to use. It is the preferred model for starting the mobile food business.\" \/>\n<meta name=\"robots\" content=\"index, follow, max-snippet:-1, max-image-preview:large, max-video-preview:-1\" \/>\n<link rel=\"canonical\" href=\"https:\/\/www.honlufoodtrailer.com\/es\/producto\/street-mobile-double-decker-coffee-food-trailer-fast-food-truck-for-sale\/\" \/>\n<meta property=\"og:locale\" content=\"es_ES\" \/>\n<meta property=\"og:type\" content=\"article\" \/>\n<meta property=\"og:title\" content=\"Street mobile double decker coffee food trailer fast food truck for sale - Honlu food trailer\" \/>\n<meta property=\"og:description\" content=\"This is one of our custom-made six-meter food trailers with full kitchen. The front of the trailer is designed with straight open window, equipped with an integrated shelter and service table. According to customer needs, the whole trailer is compact and easy to use. It is the preferred model for starting the mobile food business.\" \/>\n<meta property=\"og:url\" content=\"https:\/\/www.honlufoodtrailer.com\/es\/producto\/street-mobile-double-decker-coffee-food-trailer-fast-food-truck-for-sale\/\" \/>\n<meta property=\"og:site_name\" content=\"Honlu food trailer\" \/>\n<meta property=\"article:modified_time\" content=\"2024-05-08T07:00:04+00:00\" \/>\n<meta property=\"og:image\" content=\"https:\/\/www.honlufoodtrailer.com\/wp-content\/uploads\/2022\/12\/720\u00d7540-18.jpg\" \/>\n\t<meta property=\"og:image:width\" content=\"720\" \/>\n\t<meta property=\"og:image:height\" content=\"540\" \/>\n\t<meta property=\"og:image:type\" content=\"image\/jpeg\" \/>\n<meta name=\"twitter:card\" content=\"summary_large_image\" \/>\n<meta name=\"twitter:label1\" content=\"Tiempo de lectura\" \/>\n\t<meta name=\"twitter:data1\" content=\"3 minutos\" \/>\n<script type=\"application\/ld+json\" class=\"yoast-schema-graph\">{\"@context\":\"https:\\\/\\\/schema.org\",\"@graph\":[{\"@type\":\"WebPage\",\"@id\":\"https:\\\/\\\/www.honlufoodtrailer.com\\\/product\\\/street-mobile-double-decker-coffee-food-trailer-fast-food-truck-for-sale\\\/\",\"url\":\"https:\\\/\\\/www.honlufoodtrailer.com\\\/product\\\/street-mobile-double-decker-coffee-food-trailer-fast-food-truck-for-sale\\\/\",\"name\":\"Street mobile double decker coffee food trailer fast food truck for sale - Honlu food trailer\",\"isPartOf\":{\"@id\":\"https:\\\/\\\/www.honlufoodtrailer.com\\\/#website\"},\"primaryImageOfPage\":{\"@id\":\"https:\\\/\\\/www.honlufoodtrailer.com\\\/product\\\/street-mobile-double-decker-coffee-food-trailer-fast-food-truck-for-sale\\\/#primaryimage\"},\"image\":{\"@id\":\"https:\\\/\\\/www.honlufoodtrailer.com\\\/product\\\/street-mobile-double-decker-coffee-food-trailer-fast-food-truck-for-sale\\\/#primaryimage\"},\"thumbnailUrl\":\"https:\\\/\\\/www.honlufoodtrailer.com\\\/wp-content\\\/uploads\\\/2022\\\/12\\\/720\u00d7540-18.jpg\",\"datePublished\":\"2022-12-20T07:04:10+00:00\",\"dateModified\":\"2024-05-08T07:00:04+00:00\",\"description\":\"This is one of our custom-made six-meter food trailers with full kitchen. The front of the trailer is designed with straight open window, equipped with an integrated shelter and service table. According to customer needs, the whole trailer is compact and easy to use. It is the preferred model for starting the mobile food business.\",\"breadcrumb\":{\"@id\":\"https:\\\/\\\/www.honlufoodtrailer.com\\\/product\\\/street-mobile-double-decker-coffee-food-trailer-fast-food-truck-for-sale\\\/#breadcrumb\"},\"inLanguage\":\"es\",\"potentialAction\":[{\"@type\":\"ReadAction\",\"target\":[\"https:\\\/\\\/www.honlufoodtrailer.com\\\/product\\\/street-mobile-double-decker-coffee-food-trailer-fast-food-truck-for-sale\\\/\"]}]},{\"@type\":\"ImageObject\",\"inLanguage\":\"es\",\"@id\":\"https:\\\/\\\/www.honlufoodtrailer.com\\\/product\\\/street-mobile-double-decker-coffee-food-trailer-fast-food-truck-for-sale\\\/#primaryimage\",\"url\":\"https:\\\/\\\/www.honlufoodtrailer.com\\\/wp-content\\\/uploads\\\/2022\\\/12\\\/720\u00d7540-18.jpg\",\"contentUrl\":\"https:\\\/\\\/www.honlufoodtrailer.com\\\/wp-content\\\/uploads\\\/2022\\\/12\\\/720\u00d7540-18.jpg\",\"width\":720,\"height\":540},{\"@type\":\"BreadcrumbList\",\"@id\":\"https:\\\/\\\/www.honlufoodtrailer.com\\\/product\\\/street-mobile-double-decker-coffee-food-trailer-fast-food-truck-for-sale\\\/#breadcrumb\",\"itemListElement\":[{\"@type\":\"ListItem\",\"position\":1,\"name\":\"Home\",\"item\":\"https:\\\/\\\/www.honlufoodtrailer.com\\\/\"},{\"@type\":\"ListItem\",\"position\":2,\"name\":\"\u4ea7\u54c1\",\"item\":\"https:\\\/\\\/www.honlufoodtrailer.com\\\/shop\\\/\"},{\"@type\":\"ListItem\",\"position\":3,\"name\":\"Street mobile double decker coffee food trailer fast food truck for sale\"}]},{\"@type\":\"WebSite\",\"@id\":\"https:\\\/\\\/www.honlufoodtrailer.com\\\/#website\",\"url\":\"https:\\\/\\\/www.honlufoodtrailer.com\\\/\",\"name\":\"Honlu food trailer\",\"description\":\"\",\"publisher\":{\"@id\":\"https:\\\/\\\/www.honlufoodtrailer.com\\\/#organization\"},\"potentialAction\":[{\"@type\":\"SearchAction\",\"target\":{\"@type\":\"EntryPoint\",\"urlTemplate\":\"https:\\\/\\\/www.honlufoodtrailer.com\\\/?s={search_term_string}\"},\"query-input\":{\"@type\":\"PropertyValueSpecification\",\"valueRequired\":true,\"valueName\":\"search_term_string\"}}],\"inLanguage\":\"es\"},{\"@type\":\"Organization\",\"@id\":\"https:\\\/\\\/www.honlufoodtrailer.com\\\/#organization\",\"name\":\"Honlu food trailer\",\"url\":\"https:\\\/\\\/www.honlufoodtrailer.com\\\/\",\"logo\":{\"@type\":\"ImageObject\",\"inLanguage\":\"es\",\"@id\":\"https:\\\/\\\/www.honlufoodtrailer.com\\\/#\\\/schema\\\/logo\\\/image\\\/\",\"url\":\"https:\\\/\\\/www.honlufoodtrailer.com\\\/wp-content\\\/uploads\\\/2021\\\/12\\\/2.gif\",\"contentUrl\":\"https:\\\/\\\/www.honlufoodtrailer.com\\\/wp-content\\\/uploads\\\/2021\\\/12\\\/2.gif\",\"width\":350,\"height\":100,\"caption\":\"Honlu food trailer\"},\"image\":{\"@id\":\"https:\\\/\\\/www.honlufoodtrailer.com\\\/#\\\/schema\\\/logo\\\/image\\\/\"}}]}<\/script>\n<!-- \/ Yoast SEO plugin. -->","yoast_head_json":{"title":"Calle m\u00f3vil de dos pisos remolque de comida de caf\u00e9 cami\u00f3n de comida r\u00e1pida para la venta - Honlu remolque de comida","description":"Este es uno de nuestros remolques de comida a medida de seis metros con cocina completa. La parte delantera del remolque est\u00e1 dise\u00f1ada con una ventana abierta recta, equipada con un refugio integrado y una mesa de servicio. De acuerdo con las necesidades del cliente, todo el remolque es compacto y f\u00e1cil de usar. Es el modelo preferido para iniciar el negocio de comida ambulante.","robots":{"index":"index","follow":"follow","max-snippet":"max-snippet:-1","max-image-preview":"max-image-preview:large","max-video-preview":"max-video-preview:-1"},"canonical":"https:\/\/www.honlufoodtrailer.com\/es\/producto\/street-mobile-double-decker-coffee-food-trailer-fast-food-truck-for-sale\/","og_locale":"es_ES","og_type":"article","og_title":"Street mobile double decker coffee food trailer fast food truck for sale - Honlu food trailer","og_description":"This is one of our custom-made six-meter food trailers with full kitchen. The front of the trailer is designed with straight open window, equipped with an integrated shelter and service table. According to customer needs, the whole trailer is compact and easy to use. It is the preferred model for starting the mobile food business.","og_url":"https:\/\/www.honlufoodtrailer.com\/es\/producto\/street-mobile-double-decker-coffee-food-trailer-fast-food-truck-for-sale\/","og_site_name":"Honlu food trailer","article_modified_time":"2024-05-08T07:00:04+00:00","og_image":[{"width":720,"height":540,"url":"https:\/\/www.honlufoodtrailer.com\/wp-content\/uploads\/2022\/12\/720\u00d7540-18.jpg","type":"image\/jpeg"}],"twitter_card":"summary_large_image","twitter_misc":{"Tiempo de lectura":"3 minutos"},"schema":{"@context":"https:\/\/schema.org","@graph":[{"@type":"WebPage","@id":"https:\/\/www.honlufoodtrailer.com\/product\/street-mobile-double-decker-coffee-food-trailer-fast-food-truck-for-sale\/","url":"https:\/\/www.honlufoodtrailer.com\/product\/street-mobile-double-decker-coffee-food-trailer-fast-food-truck-for-sale\/","name":"Calle m\u00f3vil de dos pisos remolque de comida de caf\u00e9 cami\u00f3n de comida r\u00e1pida para la venta - Honlu remolque de comida","isPartOf":{"@id":"https:\/\/www.honlufoodtrailer.com\/#website"},"primaryImageOfPage":{"@id":"https:\/\/www.honlufoodtrailer.com\/product\/street-mobile-double-decker-coffee-food-trailer-fast-food-truck-for-sale\/#primaryimage"},"image":{"@id":"https:\/\/www.honlufoodtrailer.com\/product\/street-mobile-double-decker-coffee-food-trailer-fast-food-truck-for-sale\/#primaryimage"},"thumbnailUrl":"https:\/\/www.honlufoodtrailer.com\/wp-content\/uploads\/2022\/12\/720\u00d7540-18.jpg","datePublished":"2022-12-20T07:04:10+00:00","dateModified":"2024-05-08T07:00:04+00:00","description":"Este es uno de nuestros remolques de comida a medida de seis metros con cocina completa. La parte delantera del remolque est\u00e1 dise\u00f1ada con una ventana abierta recta, equipada con un refugio integrado y una mesa de servicio. De acuerdo con las necesidades del cliente, todo el remolque es compacto y f\u00e1cil de usar. Es el modelo preferido para iniciar el negocio de comida ambulante.","breadcrumb":{"@id":"https:\/\/www.honlufoodtrailer.com\/product\/street-mobile-double-decker-coffee-food-trailer-fast-food-truck-for-sale\/#breadcrumb"},"inLanguage":"es","potentialAction":[{"@type":"ReadAction","target":["https:\/\/www.honlufoodtrailer.com\/product\/street-mobile-double-decker-coffee-food-trailer-fast-food-truck-for-sale\/"]}]},{"@type":"ImageObject","inLanguage":"es","@id":"https:\/\/www.honlufoodtrailer.com\/product\/street-mobile-double-decker-coffee-food-trailer-fast-food-truck-for-sale\/#primaryimage","url":"https:\/\/www.honlufoodtrailer.com\/wp-content\/uploads\/2022\/12\/720\u00d7540-18.jpg","contentUrl":"https:\/\/www.honlufoodtrailer.com\/wp-content\/uploads\/2022\/12\/720\u00d7540-18.jpg","width":720,"height":540},{"@type":"BreadcrumbList","@id":"https:\/\/www.honlufoodtrailer.com\/product\/street-mobile-double-decker-coffee-food-trailer-fast-food-truck-for-sale\/#breadcrumb","itemListElement":[{"@type":"ListItem","position":1,"name":"Home","item":"https:\/\/www.honlufoodtrailer.com\/"},{"@type":"ListItem","position":2,"name":"\u4ea7\u54c1","item":"https:\/\/www.honlufoodtrailer.com\/shop\/"},{"@type":"ListItem","position":3,"name":"Street mobile double decker coffee food trailer fast food truck for sale"}]},{"@type":"WebSite","@id":"https:\/\/www.honlufoodtrailer.com\/#website","url":"https:\/\/www.honlufoodtrailer.com\/","name":"Remolque de comida Honlu","description":"","publisher":{"@id":"https:\/\/www.honlufoodtrailer.com\/#organization"},"potentialAction":[{"@type":"SearchAction","target":{"@type":"EntryPoint","urlTemplate":"https:\/\/www.honlufoodtrailer.com\/?s={search_term_string}"},"query-input":{"@type":"PropertyValueSpecification","valueRequired":true,"valueName":"search_term_string"}}],"inLanguage":"es"},{"@type":"Organization","@id":"https:\/\/www.honlufoodtrailer.com\/#organization","name":"Remolque de comida Honlu","url":"https:\/\/www.honlufoodtrailer.com\/","logo":{"@type":"ImageObject","inLanguage":"es","@id":"https:\/\/www.honlufoodtrailer.com\/#\/schema\/logo\/image\/","url":"https:\/\/www.honlufoodtrailer.com\/wp-content\/uploads\/2021\/12\/2.gif","contentUrl":"https:\/\/www.honlufoodtrailer.com\/wp-content\/uploads\/2021\/12\/2.gif","width":350,"height":100,"caption":"Honlu food trailer"},"image":{"@id":"https:\/\/www.honlufoodtrailer.com\/#\/schema\/logo\/image\/"}}]}},"_links":{"self":[{"href":"https:\/\/www.honlufoodtrailer.com\/es\/wp-json\/wp\/v2\/product\/5239","targetHints":{"allow":["GET"]}}],"collection":[{"href":"https:\/\/www.honlufoodtrailer.com\/es\/wp-json\/wp\/v2\/product"}],"about":[{"href":"https:\/\/www.honlufoodtrailer.com\/es\/wp-json\/wp\/v2\/types\/product"}],"version-history":[{"count":1,"href":"https:\/\/www.honlufoodtrailer.com\/es\/wp-json\/wp\/v2\/product\/5239\/revisions"}],"predecessor-version":[{"id":5251,"href":"https:\/\/www.honlufoodtrailer.com\/es\/wp-json\/wp\/v2\/product\/5239\/revisions\/5251"}],"wp:featuredmedia":[{"embeddable":true,"href":"https:\/\/www.honlufoodtrailer.com\/es\/wp-json\/wp\/v2\/media\/5240"}],"wp:attachment":[{"href":"https:\/\/www.honlufoodtrailer.com\/es\/wp-json\/wp\/v2\/media?parent=5239"}],"wp:term":[{"taxonomy":"product_brand","embeddable":true,"href":"https:\/\/www.honlufoodtrailer.com\/es\/wp-json\/wp\/v2\/product_brand?post=5239"},{"taxonomy":"product_cat","embeddable":true,"href":"https:\/\/www.honlufoodtrailer.com\/es\/wp-json\/wp\/v2\/product_cat?post=5239"},{"taxonomy":"product_tag","embeddable":true,"href":"https:\/\/www.honlufoodtrailer.com\/es\/wp-json\/wp\/v2\/product_tag?post=5239"}],"curies":[{"name":"wp","href":"https:\/\/api.w.org\/{rel}","templated":true}]}}