{"id":5618,"date":"2023-11-03T15:58:02","date_gmt":"2023-11-03T07:58:02","guid":{"rendered":"https:\/\/www.honlufoodtrailer.com\/?post_type=product&#038;p=5618"},"modified":"2024-11-01T14:30:29","modified_gmt":"2024-11-01T06:30:29","slug":"36ft-mobile-food-kitchen-trailer-in-pink-color","status":"publish","type":"product","link":"https:\/\/www.honlufoodtrailer.com\/es\/product\/36ft-mobile-food-kitchen-trailer-in-pink-color\/","title":{"rendered":"Remolque de cocina m\u00f3vil de 36 pies en color rosa."},"content":{"rendered":"<p data-spm-anchor-id=\"a2700.wholesale.0.i28.29e52808agqc7f\">Este es un remolque de cocina m\u00f3vil de 11 metros (36 pies) personalizado en color rosa. Sobre la carrocer\u00eda, personalizamos el letrero publicitario para satisfacer las necesidades del cliente. Se puede utilizar para vender desde perritos calientes y otros productos, hasta flores, s\u00e1ndwiches, caf\u00e9, helados, etc. Contamos con certificaci\u00f3n CE para ayudarle a iniciar un negocio m\u00f3vil.<\/p>\n<p data-spm-anchor-id=\"a2700.wholesale.0.i28.29e52808agqc7f\"><img fetchpriority=\"high\" decoding=\"async\" class=\"size-full wp-image-5623 aligncenter\" src=\"https:\/\/www.honlufoodtrailer.com\/wp-content\/uploads\/2023\/10\/36ft-Mobile-Food-Trailer.jpg\" alt=\"Remolque de comida m\u00f3vil de 36 pies\" width=\"720\" height=\"540\" srcset=\"https:\/\/www.honlufoodtrailer.com\/wp-content\/uploads\/2023\/10\/36ft-Mobile-Food-Trailer.jpg 720w, https:\/\/www.honlufoodtrailer.com\/wp-content\/uploads\/2023\/10\/36ft-Mobile-Food-Trailer-480x360.jpg 480w, https:\/\/www.honlufoodtrailer.com\/wp-content\/uploads\/2023\/10\/36ft-Mobile-Food-Trailer-300x225.jpg 300w\" sizes=\"(max-width: 720px) 100vw, 720px\" \/><\/p>\n<p data-spm-anchor-id=\"a2700.wholesale.0.i28.29e52808agqc7f\">La mesa de trabajo y la pared interior del remolque de cocina m\u00f3vil est\u00e1n fabricadas en acero inoxidable apto para uso alimentario. Seg\u00fan las necesidades del cliente, se equipa con freidoras, tres fregaderos personalizados, dispensador de jab\u00f3n, estufas de gas, campana extractora y otros equipos. Adquirimos otros tipos de equipos seg\u00fan las necesidades del cliente.<\/p>\n<p data-spm-anchor-id=\"a2700.wholesale.0.i28.29e52808agqc7f\"><img decoding=\"async\" class=\"size-full wp-image-5621 aligncenter\" src=\"https:\/\/www.honlufoodtrailer.com\/wp-content\/uploads\/2023\/10\/36ft-Mobile-Food-Kitchen-Trailer.jpg\" alt=\"Remolque de cocina m\u00f3vil de 36 pies\" width=\"720\" height=\"540\" srcset=\"https:\/\/www.honlufoodtrailer.com\/wp-content\/uploads\/2023\/10\/36ft-Mobile-Food-Kitchen-Trailer.jpg 720w, https:\/\/www.honlufoodtrailer.com\/wp-content\/uploads\/2023\/10\/36ft-Mobile-Food-Kitchen-Trailer-480x360.jpg 480w, https:\/\/www.honlufoodtrailer.com\/wp-content\/uploads\/2023\/10\/36ft-Mobile-Food-Kitchen-Trailer-300x225.jpg 300w\" sizes=\"(max-width: 720px) 100vw, 720px\" \/><\/p>\n<p data-spm-anchor-id=\"a2700.wholesale.0.i28.29e52808agqc7f\">Los remolques de comida tambi\u00e9n se conocen como carritos de comida, furgonetas de comida o camiones de comida. Se pueden usar para vender comida r\u00e1pida, aperitivos, peri\u00f3dicos, libros, etc. Constan de chasis, carrocer\u00eda, piso, mesa de trabajo, sistema de agua y sistema el\u00e9ctrico. Los usuarios tambi\u00e9n pueden elegir el color que deseen. Si los clientes lo desean, podemos adquirir otros tipos de equipos.<\/p>\n<h3>M\u00e1s detalles sobre el remolque de cocina m\u00f3vil<\/h3>\n<p>Vea m\u00e1s detalles sobre este remolque de cocina m\u00f3vil de 11 metros.<br \/>\n<img decoding=\"async\" class=\"aligncenter size-full wp-image-8901\" src=\"https:\/\/www.honlufoodtrailer.com\/wp-content\/uploads\/2023\/11\/36ft-Mobile-Food-Kitchen-Trailer-more-details.jpg\" alt=\"Remolque de cocina m\u00f3vil de 36 pies. M\u00e1s detalles.\" width=\"800\" height=\"800\" srcset=\"https:\/\/www.honlufoodtrailer.com\/wp-content\/uploads\/2023\/11\/36ft-Mobile-Food-Kitchen-Trailer-more-details.jpg 800w, https:\/\/www.honlufoodtrailer.com\/wp-content\/uploads\/2023\/11\/36ft-Mobile-Food-Kitchen-Trailer-more-details-768x768.jpg 768w, https:\/\/www.honlufoodtrailer.com\/wp-content\/uploads\/2023\/11\/36ft-Mobile-Food-Kitchen-Trailer-more-details-360x360.jpg 360w, https:\/\/www.honlufoodtrailer.com\/wp-content\/uploads\/2023\/11\/36ft-Mobile-Food-Kitchen-Trailer-more-details-300x300.jpg 300w, https:\/\/www.honlufoodtrailer.com\/wp-content\/uploads\/2023\/11\/36ft-Mobile-Food-Kitchen-Trailer-more-details-720x720.jpg 720w, https:\/\/www.honlufoodtrailer.com\/wp-content\/uploads\/2023\/11\/36ft-Mobile-Food-Kitchen-Trailer-more-details-100x100.jpg 100w\" sizes=\"(max-width: 800px) 100vw, 800px\" \/><\/p>\n<h3 class=\"magic-6\" data-spm-anchor-id=\"a2700.wholesale.0.i28.29e52808agqc7f\">Caracter\u00edsticas principales del remolque de cocina m\u00f3vil<\/h3>\n<div class=\"magic-7\">\n<div class=\"magic-8\">\n<div class=\"magic-9\" data-id=\"paragraph0\">\n<ol>\n<li>Aspecto moderno personalizable;<\/li>\n<li>Carrocer\u00eda de remolque de chapa galvanizada&amp; estructura interna, buena resistencia al calor, resistencia al desgaste, resistencia a la corrosi\u00f3n;<\/li>\n<li>Equipamiento moderno y avanzado en la cocina m\u00f3vil de alimentos;<\/li>\n<li>Es resistente a los golpes y a la corrosi\u00f3n, al calor, tiene alta resistencia, alta solidez del color, no se deforma, es impermeable y tiene una larga vida \u00fatil;<\/li>\n<li>Estaremos encantados de modificarlo seg\u00fan sus necesidades.<\/li>\n<\/ol>\n<h3><img loading=\"lazy\" decoding=\"async\" class=\"size-full wp-image-5622 aligncenter\" src=\"https:\/\/www.honlufoodtrailer.com\/wp-content\/uploads\/2023\/10\/36ft-Mobile-Food-Kitchen.jpg\" alt=\"Cocina m\u00f3vil de alimentos de 36 pies\" width=\"720\" height=\"540\" srcset=\"https:\/\/www.honlufoodtrailer.com\/wp-content\/uploads\/2023\/10\/36ft-Mobile-Food-Kitchen.jpg 720w, https:\/\/www.honlufoodtrailer.com\/wp-content\/uploads\/2023\/10\/36ft-Mobile-Food-Kitchen-480x360.jpg 480w, https:\/\/www.honlufoodtrailer.com\/wp-content\/uploads\/2023\/10\/36ft-Mobile-Food-Kitchen-300x225.jpg 300w\" sizes=\"(max-width: 720px) 100vw, 720px\" \/>Dibujo gratuito de planos 2D\/3D<\/h3>\n<p>Tras confirmar las dimensiones del <a href=\"https:\/\/www.honlufoodtrailer.com\/es\/producto\/\" target=\"_blank\" rel=\"noopener\">remolque de comida<\/a> y el equipamiento interno de la cocina, podemos proporcionarle dibujos en 3D de forma gratuita. Esto le dar\u00e1 una idea m\u00e1s clara de su dise\u00f1o y de su carro de comida. Al confirmar la ubicaci\u00f3n de los equipos de cocina, podemos comunicarnos claramente con usted a trav\u00e9s del plano. Tambi\u00e9n podemos proporcionarle documentos originales para facilitar su dise\u00f1o y realizar ajustes.<\/p>\n<\/div>\n<\/div>\n<\/div>","protected":false},"excerpt":{"rendered":"<p data-spm-anchor-id=\"a2700.wholesale.0.i28.29e52808agqc7f\">Este es un remolque de cocina m\u00f3vil de 11 metros (36 pies) personalizado en color rosa. Por supuesto, podemos fabricar un remolque de comida similar o personalizar uno para usted. El color de la carrocer\u00eda, las pegatinas, la se\u00f1alizaci\u00f3n y el equipamiento de la cocina se pueden personalizar. \u00a1No dude en contactarnos para obtener un presupuesto!<\/p>","protected":false},"featured_media":5621,"template":"","meta":{"_themeisle_gutenberg_block_has_review":false},"product_brand":[],"product_cat":[26],"product_tag":[53,33,41,45,57,38,52],"class_list":{"0":"post-5618","1":"product","2":"type-product","3":"status-publish","4":"has-post-thumbnail","6":"product_cat-product","7":"product_tag-customized-sinks","8":"product_tag-customized-trailer","9":"product_tag-galvanized-trailer","10":"product_tag-large-food-trailer","11":"product_tag-mobile-food-kitchen","12":"product_tag-mobile-food-trailer","13":"product_tag-personalized-billboard","15":"first","16":"instock","17":"shipping-taxable","18":"product-type-simple"},"yoast_head":"<!-- This site is optimized with the Yoast SEO plugin v27.4 - https:\/\/yoast.com\/product\/yoast-seo-wordpress\/ -->\n<title>36ft Mobile Food Kitchen Trailer in Pink Color - Honlu food trailer<\/title>\n<meta name=\"description\" content=\"This is a customized 36ft mobile food kitchen trailer in pink color. High quality and certified to help you start a mobile business. Get the price now!\" \/>\n<meta name=\"robots\" content=\"index, follow, max-snippet:-1, max-image-preview:large, max-video-preview:-1\" \/>\n<link rel=\"canonical\" href=\"https:\/\/www.honlufoodtrailer.com\/es\/producto\/36ft-mobile-food-kitchen-trailer-in-pink-color\/\" \/>\n<meta property=\"og:locale\" content=\"es_ES\" \/>\n<meta property=\"og:type\" content=\"article\" \/>\n<meta property=\"og:title\" content=\"36ft Mobile Food Kitchen Trailer in Pink Color - Honlu food trailer\" \/>\n<meta property=\"og:description\" content=\"This is a customized 36ft mobile food kitchen trailer in pink color. High quality and certified to help you start a mobile business. Get the price now!\" \/>\n<meta property=\"og:url\" content=\"https:\/\/www.honlufoodtrailer.com\/es\/producto\/36ft-mobile-food-kitchen-trailer-in-pink-color\/\" \/>\n<meta property=\"og:site_name\" content=\"Honlu food trailer\" \/>\n<meta property=\"article:modified_time\" content=\"2024-11-01T06:30:29+00:00\" \/>\n<meta property=\"og:image\" content=\"https:\/\/www.honlufoodtrailer.com\/wp-content\/uploads\/2023\/10\/36ft-Mobile-Food-Kitchen-Trailer.jpg\" \/>\n\t<meta property=\"og:image:width\" content=\"720\" \/>\n\t<meta property=\"og:image:height\" content=\"540\" \/>\n\t<meta property=\"og:image:type\" content=\"image\/jpeg\" \/>\n<meta name=\"twitter:card\" content=\"summary_large_image\" \/>\n<meta name=\"twitter:label1\" content=\"Tiempo de lectura\" \/>\n\t<meta name=\"twitter:data1\" content=\"2 minutos\" \/>\n<script type=\"application\/ld+json\" class=\"yoast-schema-graph\">{\"@context\":\"https:\\\/\\\/schema.org\",\"@graph\":[{\"@type\":\"WebPage\",\"@id\":\"https:\\\/\\\/www.honlufoodtrailer.com\\\/product\\\/36ft-mobile-food-kitchen-trailer-in-pink-color\\\/\",\"url\":\"https:\\\/\\\/www.honlufoodtrailer.com\\\/product\\\/36ft-mobile-food-kitchen-trailer-in-pink-color\\\/\",\"name\":\"36ft Mobile Food Kitchen Trailer in Pink Color - Honlu food trailer\",\"isPartOf\":{\"@id\":\"https:\\\/\\\/www.honlufoodtrailer.com\\\/#website\"},\"primaryImageOfPage\":{\"@id\":\"https:\\\/\\\/www.honlufoodtrailer.com\\\/product\\\/36ft-mobile-food-kitchen-trailer-in-pink-color\\\/#primaryimage\"},\"image\":{\"@id\":\"https:\\\/\\\/www.honlufoodtrailer.com\\\/product\\\/36ft-mobile-food-kitchen-trailer-in-pink-color\\\/#primaryimage\"},\"thumbnailUrl\":\"https:\\\/\\\/www.honlufoodtrailer.com\\\/wp-content\\\/uploads\\\/2023\\\/10\\\/36ft-Mobile-Food-Kitchen-Trailer.jpg\",\"datePublished\":\"2023-11-03T07:58:02+00:00\",\"dateModified\":\"2024-11-01T06:30:29+00:00\",\"description\":\"This is a customized 36ft mobile food kitchen trailer in pink color. High quality and certified to help you start a mobile business. Get the price now!\",\"breadcrumb\":{\"@id\":\"https:\\\/\\\/www.honlufoodtrailer.com\\\/product\\\/36ft-mobile-food-kitchen-trailer-in-pink-color\\\/#breadcrumb\"},\"inLanguage\":\"es\",\"potentialAction\":[{\"@type\":\"ReadAction\",\"target\":[\"https:\\\/\\\/www.honlufoodtrailer.com\\\/product\\\/36ft-mobile-food-kitchen-trailer-in-pink-color\\\/\"]}]},{\"@type\":\"ImageObject\",\"inLanguage\":\"es\",\"@id\":\"https:\\\/\\\/www.honlufoodtrailer.com\\\/product\\\/36ft-mobile-food-kitchen-trailer-in-pink-color\\\/#primaryimage\",\"url\":\"https:\\\/\\\/www.honlufoodtrailer.com\\\/wp-content\\\/uploads\\\/2023\\\/10\\\/36ft-Mobile-Food-Kitchen-Trailer.jpg\",\"contentUrl\":\"https:\\\/\\\/www.honlufoodtrailer.com\\\/wp-content\\\/uploads\\\/2023\\\/10\\\/36ft-Mobile-Food-Kitchen-Trailer.jpg\",\"width\":720,\"height\":540,\"caption\":\"36ft Mobile Food Kitchen Trailer\"},{\"@type\":\"BreadcrumbList\",\"@id\":\"https:\\\/\\\/www.honlufoodtrailer.com\\\/product\\\/36ft-mobile-food-kitchen-trailer-in-pink-color\\\/#breadcrumb\",\"itemListElement\":[{\"@type\":\"ListItem\",\"position\":1,\"name\":\"Home\",\"item\":\"https:\\\/\\\/www.honlufoodtrailer.com\\\/\"},{\"@type\":\"ListItem\",\"position\":2,\"name\":\"\u4ea7\u54c1\",\"item\":\"https:\\\/\\\/www.honlufoodtrailer.com\\\/shop\\\/\"},{\"@type\":\"ListItem\",\"position\":3,\"name\":\"36ft Mobile Food Kitchen Trailer in Pink Color\"}]},{\"@type\":\"WebSite\",\"@id\":\"https:\\\/\\\/www.honlufoodtrailer.com\\\/#website\",\"url\":\"https:\\\/\\\/www.honlufoodtrailer.com\\\/\",\"name\":\"Honlu food trailer\",\"description\":\"\",\"publisher\":{\"@id\":\"https:\\\/\\\/www.honlufoodtrailer.com\\\/#organization\"},\"potentialAction\":[{\"@type\":\"SearchAction\",\"target\":{\"@type\":\"EntryPoint\",\"urlTemplate\":\"https:\\\/\\\/www.honlufoodtrailer.com\\\/?s={search_term_string}\"},\"query-input\":{\"@type\":\"PropertyValueSpecification\",\"valueRequired\":true,\"valueName\":\"search_term_string\"}}],\"inLanguage\":\"es\"},{\"@type\":\"Organization\",\"@id\":\"https:\\\/\\\/www.honlufoodtrailer.com\\\/#organization\",\"name\":\"Honlu food trailer\",\"url\":\"https:\\\/\\\/www.honlufoodtrailer.com\\\/\",\"logo\":{\"@type\":\"ImageObject\",\"inLanguage\":\"es\",\"@id\":\"https:\\\/\\\/www.honlufoodtrailer.com\\\/#\\\/schema\\\/logo\\\/image\\\/\",\"url\":\"https:\\\/\\\/www.honlufoodtrailer.com\\\/wp-content\\\/uploads\\\/2021\\\/12\\\/2.gif\",\"contentUrl\":\"https:\\\/\\\/www.honlufoodtrailer.com\\\/wp-content\\\/uploads\\\/2021\\\/12\\\/2.gif\",\"width\":350,\"height\":100,\"caption\":\"Honlu food trailer\"},\"image\":{\"@id\":\"https:\\\/\\\/www.honlufoodtrailer.com\\\/#\\\/schema\\\/logo\\\/image\\\/\"}}]}<\/script>\n<!-- \/ Yoast SEO plugin. -->","yoast_head_json":{"title":"Remolque de cocina m\u00f3vil de 11 metros (36 pies) en color rosa - Remolque de comida Honlu","description":"Este es un remolque de cocina m\u00f3vil personalizado de 11 metros (36 pies) en color rosa. De alta calidad y certificado para ayudarte a iniciar un negocio m\u00f3vil. \u00a1Consulta el precio ahora!","robots":{"index":"index","follow":"follow","max-snippet":"max-snippet:-1","max-image-preview":"max-image-preview:large","max-video-preview":"max-video-preview:-1"},"canonical":"https:\/\/www.honlufoodtrailer.com\/es\/producto\/36ft-mobile-food-kitchen-trailer-in-pink-color\/","og_locale":"es_ES","og_type":"article","og_title":"36ft Mobile Food Kitchen Trailer in Pink Color - Honlu food trailer","og_description":"This is a customized 36ft mobile food kitchen trailer in pink color. High quality and certified to help you start a mobile business. Get the price now!","og_url":"https:\/\/www.honlufoodtrailer.com\/es\/producto\/36ft-mobile-food-kitchen-trailer-in-pink-color\/","og_site_name":"Honlu food trailer","article_modified_time":"2024-11-01T06:30:29+00:00","og_image":[{"width":720,"height":540,"url":"https:\/\/www.honlufoodtrailer.com\/wp-content\/uploads\/2023\/10\/36ft-Mobile-Food-Kitchen-Trailer.jpg","type":"image\/jpeg"}],"twitter_card":"summary_large_image","twitter_misc":{"Tiempo de lectura":"2 minutos"},"schema":{"@context":"https:\/\/schema.org","@graph":[{"@type":"WebPage","@id":"https:\/\/www.honlufoodtrailer.com\/product\/36ft-mobile-food-kitchen-trailer-in-pink-color\/","url":"https:\/\/www.honlufoodtrailer.com\/product\/36ft-mobile-food-kitchen-trailer-in-pink-color\/","name":"Remolque de cocina m\u00f3vil de 11 metros (36 pies) en color rosa - Remolque de comida Honlu","isPartOf":{"@id":"https:\/\/www.honlufoodtrailer.com\/#website"},"primaryImageOfPage":{"@id":"https:\/\/www.honlufoodtrailer.com\/product\/36ft-mobile-food-kitchen-trailer-in-pink-color\/#primaryimage"},"image":{"@id":"https:\/\/www.honlufoodtrailer.com\/product\/36ft-mobile-food-kitchen-trailer-in-pink-color\/#primaryimage"},"thumbnailUrl":"https:\/\/www.honlufoodtrailer.com\/wp-content\/uploads\/2023\/10\/36ft-Mobile-Food-Kitchen-Trailer.jpg","datePublished":"2023-11-03T07:58:02+00:00","dateModified":"2024-11-01T06:30:29+00:00","description":"Este es un remolque de cocina m\u00f3vil personalizado de 11 metros (36 pies) en color rosa. De alta calidad y certificado para ayudarte a iniciar un negocio m\u00f3vil. \u00a1Consulta el precio ahora!","breadcrumb":{"@id":"https:\/\/www.honlufoodtrailer.com\/product\/36ft-mobile-food-kitchen-trailer-in-pink-color\/#breadcrumb"},"inLanguage":"es","potentialAction":[{"@type":"ReadAction","target":["https:\/\/www.honlufoodtrailer.com\/product\/36ft-mobile-food-kitchen-trailer-in-pink-color\/"]}]},{"@type":"ImageObject","inLanguage":"es","@id":"https:\/\/www.honlufoodtrailer.com\/product\/36ft-mobile-food-kitchen-trailer-in-pink-color\/#primaryimage","url":"https:\/\/www.honlufoodtrailer.com\/wp-content\/uploads\/2023\/10\/36ft-Mobile-Food-Kitchen-Trailer.jpg","contentUrl":"https:\/\/www.honlufoodtrailer.com\/wp-content\/uploads\/2023\/10\/36ft-Mobile-Food-Kitchen-Trailer.jpg","width":720,"height":540,"caption":"36ft Mobile Food Kitchen Trailer"},{"@type":"BreadcrumbList","@id":"https:\/\/www.honlufoodtrailer.com\/product\/36ft-mobile-food-kitchen-trailer-in-pink-color\/#breadcrumb","itemListElement":[{"@type":"ListItem","position":1,"name":"Home","item":"https:\/\/www.honlufoodtrailer.com\/"},{"@type":"ListItem","position":2,"name":"\u4ea7\u54c1","item":"https:\/\/www.honlufoodtrailer.com\/shop\/"},{"@type":"ListItem","position":3,"name":"36ft Mobile Food Kitchen Trailer in Pink Color"}]},{"@type":"WebSite","@id":"https:\/\/www.honlufoodtrailer.com\/#website","url":"https:\/\/www.honlufoodtrailer.com\/","name":"Remolque de comida Honlu","description":"","publisher":{"@id":"https:\/\/www.honlufoodtrailer.com\/#organization"},"potentialAction":[{"@type":"SearchAction","target":{"@type":"EntryPoint","urlTemplate":"https:\/\/www.honlufoodtrailer.com\/?s={search_term_string}"},"query-input":{"@type":"PropertyValueSpecification","valueRequired":true,"valueName":"search_term_string"}}],"inLanguage":"es"},{"@type":"Organization","@id":"https:\/\/www.honlufoodtrailer.com\/#organization","name":"Remolque de comida Honlu","url":"https:\/\/www.honlufoodtrailer.com\/","logo":{"@type":"ImageObject","inLanguage":"es","@id":"https:\/\/www.honlufoodtrailer.com\/#\/schema\/logo\/image\/","url":"https:\/\/www.honlufoodtrailer.com\/wp-content\/uploads\/2021\/12\/2.gif","contentUrl":"https:\/\/www.honlufoodtrailer.com\/wp-content\/uploads\/2021\/12\/2.gif","width":350,"height":100,"caption":"Honlu food trailer"},"image":{"@id":"https:\/\/www.honlufoodtrailer.com\/#\/schema\/logo\/image\/"}}]}},"_links":{"self":[{"href":"https:\/\/www.honlufoodtrailer.com\/es\/wp-json\/wp\/v2\/product\/5618","targetHints":{"allow":["GET"]}}],"collection":[{"href":"https:\/\/www.honlufoodtrailer.com\/es\/wp-json\/wp\/v2\/product"}],"about":[{"href":"https:\/\/www.honlufoodtrailer.com\/es\/wp-json\/wp\/v2\/types\/product"}],"version-history":[{"count":5,"href":"https:\/\/www.honlufoodtrailer.com\/es\/wp-json\/wp\/v2\/product\/5618\/revisions"}],"predecessor-version":[{"id":8902,"href":"https:\/\/www.honlufoodtrailer.com\/es\/wp-json\/wp\/v2\/product\/5618\/revisions\/8902"}],"wp:featuredmedia":[{"embeddable":true,"href":"https:\/\/www.honlufoodtrailer.com\/es\/wp-json\/wp\/v2\/media\/5621"}],"wp:attachment":[{"href":"https:\/\/www.honlufoodtrailer.com\/es\/wp-json\/wp\/v2\/media?parent=5618"}],"wp:term":[{"taxonomy":"product_brand","embeddable":true,"href":"https:\/\/www.honlufoodtrailer.com\/es\/wp-json\/wp\/v2\/product_brand?post=5618"},{"taxonomy":"product_cat","embeddable":true,"href":"https:\/\/www.honlufoodtrailer.com\/es\/wp-json\/wp\/v2\/product_cat?post=5618"},{"taxonomy":"product_tag","embeddable":true,"href":"https:\/\/www.honlufoodtrailer.com\/es\/wp-json\/wp\/v2\/product_tag?post=5618"}],"curies":[{"name":"wp","href":"https:\/\/api.w.org\/{rel}","templated":true}]}}