{"id":5765,"date":"2023-11-07T17:12:19","date_gmt":"2023-11-07T09:12:19","guid":{"rendered":"https:\/\/www.honlufoodtrailer.com\/?post_type=product&#038;p=5765"},"modified":"2024-07-15T15:37:29","modified_gmt":"2024-07-15T07:37:29","slug":"26ft-remolque-bar-y-parrilla-para-la-venta","status":"publish","type":"product","link":"https:\/\/www.honlufoodtrailer.com\/es\/product\/26ft-bar-and-grill-trailer-for-sale\/","title":{"rendered":"26ft Bar y Grill remolque para la venta"},"content":{"rendered":"<p data-spm-anchor-id=\"a2700.wholesale.0.i28.29e52808agqc7f\">Este es un remolque personalizado de 26 pies para bar y parrilla. Sobre el cuerpo del remolque, personalizamos las palabras de la cartelera para satisfacer las necesidades del cliente. Se puede utilizar para vender una gran variedad de alimentos a la parrilla, como hamburguesas, perritos calientes, salchichas, brochetas de pollo, kebabs, verduras a la parrilla, mazorcas de ma\u00edz, s\u00e1ndwiches de queso a la parrilla, costillas a la barbacoa, s\u00e1ndwiches de pulled pork y marisco a la parrilla, como gambas o pescado. Adem\u00e1s, algunos remolques grill pueden ofrecer especialidades como hamburguesas gourmet, tofu u opciones veganas, o salsas y adobos exclusivos... Disponemos de certificaciones CE y otras certificaciones que le ayudar\u00e1n a poner en marcha un negocio ambulante. Siga leyendo para ver lo que puede obtener de nosotros.<\/p>\n<p data-spm-anchor-id=\"a2700.wholesale.0.i28.29e52808agqc7f\"><img fetchpriority=\"high\" decoding=\"async\" class=\"size-full wp-image-5769 aligncenter\" src=\"https:\/\/www.honlufoodtrailer.com\/wp-content\/uploads\/2023\/11\/26ft-bar-and-grill-trailer.jpg\" alt=\"remolque para bar y parrilla de 26 pies\" width=\"720\" height=\"540\" srcset=\"https:\/\/www.honlufoodtrailer.com\/wp-content\/uploads\/2023\/11\/26ft-bar-and-grill-trailer.jpg 720w, https:\/\/www.honlufoodtrailer.com\/wp-content\/uploads\/2023\/11\/26ft-bar-and-grill-trailer-480x360.jpg 480w, https:\/\/www.honlufoodtrailer.com\/wp-content\/uploads\/2023\/11\/26ft-bar-and-grill-trailer-300x225.jpg 300w\" sizes=\"(max-width: 720px) 100vw, 720px\" \/><\/p>\n<p data-spm-anchor-id=\"a2700.wholesale.0.i28.29e52808agqc7f\">El banco de trabajo y la pared interior del remolque bar y parrilla son todos de acero inoxidable de calidad alimentaria. Y de acuerdo con las necesidades del cliente, est\u00e1 equipado con freidoras, tres fregaderos personalizados, un dispensador de jab\u00f3n, estufas de gas, campanas extractoras y otros equipos. Adquiriremos otros tipos de equipos en funci\u00f3n de las necesidades de los clientes.<\/p>\n<p data-spm-anchor-id=\"a2700.wholesale.0.i28.29e52808agqc7f\">Los remolques de comida tambi\u00e9n pueden llamarse carritos de comida, furgonetas de comida, camiones de comida, etc. Puede utilizarse para vender comida r\u00e1pida, aperitivos, peri\u00f3dicos, libros, etc. Consta de chasis, carrocer\u00eda, suelo, mesa de trabajo, sistema de agua, sistema el\u00e9ctrico. Los usuarios tambi\u00e9n pueden elegir el color que deseen. Nos gustaria comprar otros tipos de equipos si los clientes lo desean.<\/p>\n<h3 class=\"magic-6\" data-spm-anchor-id=\"a2700.wholesale.0.i28.29e52808agqc7f\"><img decoding=\"async\" class=\"size-full wp-image-5766 aligncenter\" src=\"https:\/\/www.honlufoodtrailer.com\/wp-content\/uploads\/2023\/11\/8m-grill-trailer-side-view.jpg\" alt=\"vista lateral del remolque parrilla 8m\" width=\"720\" height=\"540\" srcset=\"https:\/\/www.honlufoodtrailer.com\/wp-content\/uploads\/2023\/11\/8m-grill-trailer-side-view.jpg 720w, https:\/\/www.honlufoodtrailer.com\/wp-content\/uploads\/2023\/11\/8m-grill-trailer-side-view-480x360.jpg 480w, https:\/\/www.honlufoodtrailer.com\/wp-content\/uploads\/2023\/11\/8m-grill-trailer-side-view-300x225.jpg 300w\" sizes=\"(max-width: 720px) 100vw, 720px\" \/>Caracter\u00edsticas principales de los remolques para bares y parrillas en venta<\/h3>\n<div class=\"magic-7\">\n<div class=\"magic-8\">\n<div class=\"magic-9\" data-id=\"paragraph0\">\n<ol>\n<li>Aspecto moderno personalizable;<\/li>\n<li>Carrocer\u00eda de remolque de chapa galvanizada&amp; estructura interna, buena resistencia al calor, resistencia al desgaste, resistencia a la corrosi\u00f3n;<\/li>\n<li>Accesorios modernos y avanzados equipados en el remolque bar y grill;<\/li>\n<li>Es resistente a los golpes y a la corrosi\u00f3n, resistente al calor y tiene una gran solidez del color, no se deforma, es impermeable y tiene una larga vida \u00fatil;<\/li>\n<li>Estaremos encantados de modificarlo seg\u00fan sus necesidades.<\/li>\n<\/ol>\n<h3><img decoding=\"async\" class=\"size-full wp-image-5772 aligncenter\" src=\"https:\/\/www.honlufoodtrailer.com\/wp-content\/uploads\/2023\/11\/grill-trailer-inner-details.jpg\" alt=\"detalles interiores del remolque parrilla\" width=\"720\" height=\"540\" srcset=\"https:\/\/www.honlufoodtrailer.com\/wp-content\/uploads\/2023\/11\/grill-trailer-inner-details.jpg 720w, https:\/\/www.honlufoodtrailer.com\/wp-content\/uploads\/2023\/11\/grill-trailer-inner-details-480x360.jpg 480w, https:\/\/www.honlufoodtrailer.com\/wp-content\/uploads\/2023\/11\/grill-trailer-inner-details-300x225.jpg 300w\" sizes=\"(max-width: 720px) 100vw, 720px\" \/>Dibujo gratuito de planos 2D\/3D<\/h3>\n<p>Tras confirmar las dimensiones del <a href=\"https:\/\/www.honlufoodtrailer.com\/es\/producto\/\" target=\"_blank\" rel=\"noopener\">remolque de comida<\/a> y el equipamiento interno de la cocina, podemos proporcionarle dibujos en 3D de forma gratuita. Esto le dar\u00e1 una idea m\u00e1s clara de su dise\u00f1o y de su carro de comida. Al confirmar la ubicaci\u00f3n de los equipos de cocina, podemos comunicarnos claramente con usted a trav\u00e9s del plano. Tambi\u00e9n podemos proporcionarle documentos originales para facilitar su dise\u00f1o y realizar ajustes.<\/p>\n<\/div>\n<\/div>\n<\/div>","protected":false},"excerpt":{"rendered":"<p data-spm-anchor-id=\"a2700.wholesale.0.i28.29e52808agqc7f\">Este es un remolque personalizado de 26 pies para bar y parrilla. Todo el veh\u00edculo adopta cuerpo de acero inoxidable y mesa de operaciones. Encima del remolque de comida, personalizamos las palabras de la cartelera para satisfacer las necesidades del cliente. Se puede aplicar para la venta de cualquier cosa, desde perros calientes, operaciones de venta al por menor, operaciones de flores, s\u00e1ndwiches, caf\u00e9, helados, etc. Tenemos el certificado CE para ayudarle a iniciar un negocio m\u00f3vil.<\/p>","protected":false},"featured_media":5771,"template":"","meta":{"_themeisle_gutenberg_block_has_review":false},"product_brand":[],"product_cat":[26],"product_tag":[53,33,41,45,38,52],"class_list":{"0":"post-5765","1":"product","2":"type-product","3":"status-publish","4":"has-post-thumbnail","6":"product_cat-product","7":"product_tag-customized-sinks","8":"product_tag-customized-trailer","9":"product_tag-galvanized-trailer","10":"product_tag-large-food-trailer","11":"product_tag-mobile-food-trailer","12":"product_tag-personalized-billboard","14":"first","15":"instock","16":"shipping-taxable","17":"product-type-simple"},"yoast_head":"<!-- This site is optimized with the Yoast SEO plugin v27.5 - https:\/\/yoast.com\/product\/yoast-seo-wordpress\/ -->\n<title>26ft Bar and Grill Trailer For Sale - Honlu food trailer<\/title>\n<meta name=\"description\" content=\"This is a customized 26ft bar and grill trailer for sale. We have related certifications to help you to start a mobile business. Get the price now!\" \/>\n<meta name=\"robots\" content=\"index, follow, max-snippet:-1, max-image-preview:large, max-video-preview:-1\" \/>\n<link rel=\"canonical\" href=\"https:\/\/www.honlufoodtrailer.com\/es\/producto\/26ft-remolque-bar-y-parrilla-para-la-venta\/\" \/>\n<meta property=\"og:locale\" content=\"es_ES\" \/>\n<meta property=\"og:type\" content=\"article\" \/>\n<meta property=\"og:title\" content=\"26ft Bar and Grill Trailer For Sale - Honlu food trailer\" \/>\n<meta property=\"og:description\" content=\"This is a customized 26ft bar and grill trailer for sale. We have related certifications to help you to start a mobile business. Get the price now!\" \/>\n<meta property=\"og:url\" content=\"https:\/\/www.honlufoodtrailer.com\/es\/producto\/26ft-remolque-bar-y-parrilla-para-la-venta\/\" \/>\n<meta property=\"og:site_name\" content=\"Honlu food trailer\" \/>\n<meta property=\"article:modified_time\" content=\"2024-07-15T07:37:29+00:00\" \/>\n<meta property=\"og:image\" content=\"https:\/\/www.honlufoodtrailer.com\/wp-content\/uploads\/2023\/11\/26ft-grill-trailer.jpg\" \/>\n\t<meta property=\"og:image:width\" content=\"720\" \/>\n\t<meta property=\"og:image:height\" content=\"540\" \/>\n\t<meta property=\"og:image:type\" content=\"image\/jpeg\" \/>\n<meta name=\"twitter:card\" content=\"summary_large_image\" \/>\n<meta name=\"twitter:label1\" content=\"Tiempo de lectura\" \/>\n\t<meta name=\"twitter:data1\" content=\"2 minutos\" \/>\n<script type=\"application\/ld+json\" class=\"yoast-schema-graph\">{\"@context\":\"https:\\\/\\\/schema.org\",\"@graph\":[{\"@type\":\"WebPage\",\"@id\":\"https:\\\/\\\/www.honlufoodtrailer.com\\\/product\\\/26ft-bar-and-grill-trailer-for-sale\\\/\",\"url\":\"https:\\\/\\\/www.honlufoodtrailer.com\\\/product\\\/26ft-bar-and-grill-trailer-for-sale\\\/\",\"name\":\"26ft Bar and Grill Trailer For Sale - Honlu food trailer\",\"isPartOf\":{\"@id\":\"https:\\\/\\\/www.honlufoodtrailer.com\\\/#website\"},\"primaryImageOfPage\":{\"@id\":\"https:\\\/\\\/www.honlufoodtrailer.com\\\/product\\\/26ft-bar-and-grill-trailer-for-sale\\\/#primaryimage\"},\"image\":{\"@id\":\"https:\\\/\\\/www.honlufoodtrailer.com\\\/product\\\/26ft-bar-and-grill-trailer-for-sale\\\/#primaryimage\"},\"thumbnailUrl\":\"https:\\\/\\\/www.honlufoodtrailer.com\\\/wp-content\\\/uploads\\\/2023\\\/11\\\/26ft-grill-trailer.jpg\",\"datePublished\":\"2023-11-07T09:12:19+00:00\",\"dateModified\":\"2024-07-15T07:37:29+00:00\",\"description\":\"This is a customized 26ft bar and grill trailer for sale. We have related certifications to help you to start a mobile business. Get the price now!\",\"breadcrumb\":{\"@id\":\"https:\\\/\\\/www.honlufoodtrailer.com\\\/product\\\/26ft-bar-and-grill-trailer-for-sale\\\/#breadcrumb\"},\"inLanguage\":\"es\",\"potentialAction\":[{\"@type\":\"ReadAction\",\"target\":[\"https:\\\/\\\/www.honlufoodtrailer.com\\\/product\\\/26ft-bar-and-grill-trailer-for-sale\\\/\"]}]},{\"@type\":\"ImageObject\",\"inLanguage\":\"es\",\"@id\":\"https:\\\/\\\/www.honlufoodtrailer.com\\\/product\\\/26ft-bar-and-grill-trailer-for-sale\\\/#primaryimage\",\"url\":\"https:\\\/\\\/www.honlufoodtrailer.com\\\/wp-content\\\/uploads\\\/2023\\\/11\\\/26ft-grill-trailer.jpg\",\"contentUrl\":\"https:\\\/\\\/www.honlufoodtrailer.com\\\/wp-content\\\/uploads\\\/2023\\\/11\\\/26ft-grill-trailer.jpg\",\"width\":720,\"height\":540,\"caption\":\"26ft grill trailer\"},{\"@type\":\"BreadcrumbList\",\"@id\":\"https:\\\/\\\/www.honlufoodtrailer.com\\\/product\\\/26ft-bar-and-grill-trailer-for-sale\\\/#breadcrumb\",\"itemListElement\":[{\"@type\":\"ListItem\",\"position\":1,\"name\":\"Home\",\"item\":\"https:\\\/\\\/www.honlufoodtrailer.com\\\/\"},{\"@type\":\"ListItem\",\"position\":2,\"name\":\"\u4ea7\u54c1\",\"item\":\"https:\\\/\\\/www.honlufoodtrailer.com\\\/shop\\\/\"},{\"@type\":\"ListItem\",\"position\":3,\"name\":\"26ft Bar and Grill Trailer For Sale\"}]},{\"@type\":\"WebSite\",\"@id\":\"https:\\\/\\\/www.honlufoodtrailer.com\\\/#website\",\"url\":\"https:\\\/\\\/www.honlufoodtrailer.com\\\/\",\"name\":\"Honlu food trailer\",\"description\":\"\",\"publisher\":{\"@id\":\"https:\\\/\\\/www.honlufoodtrailer.com\\\/#organization\"},\"potentialAction\":[{\"@type\":\"SearchAction\",\"target\":{\"@type\":\"EntryPoint\",\"urlTemplate\":\"https:\\\/\\\/www.honlufoodtrailer.com\\\/?s={search_term_string}\"},\"query-input\":{\"@type\":\"PropertyValueSpecification\",\"valueRequired\":true,\"valueName\":\"search_term_string\"}}],\"inLanguage\":\"es\"},{\"@type\":\"Organization\",\"@id\":\"https:\\\/\\\/www.honlufoodtrailer.com\\\/#organization\",\"name\":\"Honlu food trailer\",\"url\":\"https:\\\/\\\/www.honlufoodtrailer.com\\\/\",\"logo\":{\"@type\":\"ImageObject\",\"inLanguage\":\"es\",\"@id\":\"https:\\\/\\\/www.honlufoodtrailer.com\\\/#\\\/schema\\\/logo\\\/image\\\/\",\"url\":\"https:\\\/\\\/www.honlufoodtrailer.com\\\/wp-content\\\/uploads\\\/2021\\\/12\\\/2.gif\",\"contentUrl\":\"https:\\\/\\\/www.honlufoodtrailer.com\\\/wp-content\\\/uploads\\\/2021\\\/12\\\/2.gif\",\"width\":350,\"height\":100,\"caption\":\"Honlu food trailer\"},\"image\":{\"@id\":\"https:\\\/\\\/www.honlufoodtrailer.com\\\/#\\\/schema\\\/logo\\\/image\\\/\"}}]}<\/script>\n<!-- \/ Yoast SEO plugin. -->","yoast_head_json":{"title":"26ft Bar y Grill remolque para la venta - Honlu remolque de alimentos","description":"Este es un remolque de bar y parrilla de 26 pies personalizado para la venta. Tenemos certificaciones relacionadas para ayudarle a iniciar un negocio m\u00f3vil. \u00a1Obtener el precio ahora!","robots":{"index":"index","follow":"follow","max-snippet":"max-snippet:-1","max-image-preview":"max-image-preview:large","max-video-preview":"max-video-preview:-1"},"canonical":"https:\/\/www.honlufoodtrailer.com\/es\/producto\/26ft-remolque-bar-y-parrilla-para-la-venta\/","og_locale":"es_ES","og_type":"article","og_title":"26ft Bar and Grill Trailer For Sale - Honlu food trailer","og_description":"This is a customized 26ft bar and grill trailer for sale. We have related certifications to help you to start a mobile business. Get the price now!","og_url":"https:\/\/www.honlufoodtrailer.com\/es\/producto\/26ft-remolque-bar-y-parrilla-para-la-venta\/","og_site_name":"Honlu food trailer","article_modified_time":"2024-07-15T07:37:29+00:00","og_image":[{"width":720,"height":540,"url":"https:\/\/www.honlufoodtrailer.com\/wp-content\/uploads\/2023\/11\/26ft-grill-trailer.jpg","type":"image\/jpeg"}],"twitter_card":"summary_large_image","twitter_misc":{"Tiempo de lectura":"2 minutos"},"schema":{"@context":"https:\/\/schema.org","@graph":[{"@type":"WebPage","@id":"https:\/\/www.honlufoodtrailer.com\/product\/26ft-bar-and-grill-trailer-for-sale\/","url":"https:\/\/www.honlufoodtrailer.com\/product\/26ft-bar-and-grill-trailer-for-sale\/","name":"26ft Bar y Grill remolque para la venta - Honlu remolque de alimentos","isPartOf":{"@id":"https:\/\/www.honlufoodtrailer.com\/#website"},"primaryImageOfPage":{"@id":"https:\/\/www.honlufoodtrailer.com\/product\/26ft-bar-and-grill-trailer-for-sale\/#primaryimage"},"image":{"@id":"https:\/\/www.honlufoodtrailer.com\/product\/26ft-bar-and-grill-trailer-for-sale\/#primaryimage"},"thumbnailUrl":"https:\/\/www.honlufoodtrailer.com\/wp-content\/uploads\/2023\/11\/26ft-grill-trailer.jpg","datePublished":"2023-11-07T09:12:19+00:00","dateModified":"2024-07-15T07:37:29+00:00","description":"Este es un remolque de bar y parrilla de 26 pies personalizado para la venta. Tenemos certificaciones relacionadas para ayudarle a iniciar un negocio m\u00f3vil. \u00a1Obtener el precio ahora!","breadcrumb":{"@id":"https:\/\/www.honlufoodtrailer.com\/product\/26ft-bar-and-grill-trailer-for-sale\/#breadcrumb"},"inLanguage":"es","potentialAction":[{"@type":"ReadAction","target":["https:\/\/www.honlufoodtrailer.com\/product\/26ft-bar-and-grill-trailer-for-sale\/"]}]},{"@type":"ImageObject","inLanguage":"es","@id":"https:\/\/www.honlufoodtrailer.com\/product\/26ft-bar-and-grill-trailer-for-sale\/#primaryimage","url":"https:\/\/www.honlufoodtrailer.com\/wp-content\/uploads\/2023\/11\/26ft-grill-trailer.jpg","contentUrl":"https:\/\/www.honlufoodtrailer.com\/wp-content\/uploads\/2023\/11\/26ft-grill-trailer.jpg","width":720,"height":540,"caption":"26ft grill trailer"},{"@type":"BreadcrumbList","@id":"https:\/\/www.honlufoodtrailer.com\/product\/26ft-bar-and-grill-trailer-for-sale\/#breadcrumb","itemListElement":[{"@type":"ListItem","position":1,"name":"Home","item":"https:\/\/www.honlufoodtrailer.com\/"},{"@type":"ListItem","position":2,"name":"\u4ea7\u54c1","item":"https:\/\/www.honlufoodtrailer.com\/shop\/"},{"@type":"ListItem","position":3,"name":"26ft Bar and Grill Trailer For Sale"}]},{"@type":"WebSite","@id":"https:\/\/www.honlufoodtrailer.com\/#website","url":"https:\/\/www.honlufoodtrailer.com\/","name":"Remolque de comida Honlu","description":"","publisher":{"@id":"https:\/\/www.honlufoodtrailer.com\/#organization"},"potentialAction":[{"@type":"SearchAction","target":{"@type":"EntryPoint","urlTemplate":"https:\/\/www.honlufoodtrailer.com\/?s={search_term_string}"},"query-input":{"@type":"PropertyValueSpecification","valueRequired":true,"valueName":"search_term_string"}}],"inLanguage":"es"},{"@type":"Organization","@id":"https:\/\/www.honlufoodtrailer.com\/#organization","name":"Remolque de comida Honlu","url":"https:\/\/www.honlufoodtrailer.com\/","logo":{"@type":"ImageObject","inLanguage":"es","@id":"https:\/\/www.honlufoodtrailer.com\/#\/schema\/logo\/image\/","url":"https:\/\/www.honlufoodtrailer.com\/wp-content\/uploads\/2021\/12\/2.gif","contentUrl":"https:\/\/www.honlufoodtrailer.com\/wp-content\/uploads\/2021\/12\/2.gif","width":350,"height":100,"caption":"Honlu food trailer"},"image":{"@id":"https:\/\/www.honlufoodtrailer.com\/#\/schema\/logo\/image\/"}}]}},"_links":{"self":[{"href":"https:\/\/www.honlufoodtrailer.com\/es\/wp-json\/wp\/v2\/product\/5765","targetHints":{"allow":["GET"]}}],"collection":[{"href":"https:\/\/www.honlufoodtrailer.com\/es\/wp-json\/wp\/v2\/product"}],"about":[{"href":"https:\/\/www.honlufoodtrailer.com\/es\/wp-json\/wp\/v2\/types\/product"}],"version-history":[{"count":0,"href":"https:\/\/www.honlufoodtrailer.com\/es\/wp-json\/wp\/v2\/product\/5765\/revisions"}],"wp:featuredmedia":[{"embeddable":true,"href":"https:\/\/www.honlufoodtrailer.com\/es\/wp-json\/wp\/v2\/media\/5771"}],"wp:attachment":[{"href":"https:\/\/www.honlufoodtrailer.com\/es\/wp-json\/wp\/v2\/media?parent=5765"}],"wp:term":[{"taxonomy":"product_brand","embeddable":true,"href":"https:\/\/www.honlufoodtrailer.com\/es\/wp-json\/wp\/v2\/product_brand?post=5765"},{"taxonomy":"product_cat","embeddable":true,"href":"https:\/\/www.honlufoodtrailer.com\/es\/wp-json\/wp\/v2\/product_cat?post=5765"},{"taxonomy":"product_tag","embeddable":true,"href":"https:\/\/www.honlufoodtrailer.com\/es\/wp-json\/wp\/v2\/product_tag?post=5765"}],"curies":[{"name":"wp","href":"https:\/\/api.w.org\/{rel}","templated":true}]}}