{"id":6571,"date":"2023-11-08T14:40:33","date_gmt":"2023-11-08T06:40:33","guid":{"rendered":"https:\/\/www.honlufoodtrailer.com\/?post_type=product&#038;p=6571"},"modified":"2025-02-14T16:12:16","modified_gmt":"2025-02-14T08:12:16","slug":"16ft-seafood-trailer-for-sale","status":"publish","type":"product","link":"https:\/\/www.honlufoodtrailer.com\/es\/product\/16ft-seafood-trailer-for-sale\/","title":{"rendered":"Se vende remolque para marisco de 16 pies"},"content":{"rendered":"<p>Este es un remolque de mariscos 16ft personalizado para la venta que hemos fabricado para uno de nuestros clientes. Podemos fabricar un remolque de mariscos similar a este, o personalizar uno para usted. El color de la carrocer\u00eda, las pegatinas, la se\u00f1alizaci\u00f3n y el equipo de cocina del remolque para marisco pueden personalizarse. P\u00f3ngase en contacto con nosotros e ind\u00edquenos sus requisitos detallados.<\/p>\n<p><img fetchpriority=\"high\" decoding=\"async\" class=\"aligncenter size-full wp-image-6573\" src=\"https:\/\/www.honlufoodtrailer.com\/wp-content\/uploads\/2024\/01\/16ft-seafood-catering-trailer-for-sale.jpg\" alt=\"16ft mariscos catering remolque para la venta\" width=\"720\" height=\"540\" srcset=\"https:\/\/www.honlufoodtrailer.com\/wp-content\/uploads\/2024\/01\/16ft-seafood-catering-trailer-for-sale.jpg 720w, https:\/\/www.honlufoodtrailer.com\/wp-content\/uploads\/2024\/01\/16ft-seafood-catering-trailer-for-sale-480x360.jpg 480w, https:\/\/www.honlufoodtrailer.com\/wp-content\/uploads\/2024\/01\/16ft-seafood-catering-trailer-for-sale-300x225.jpg 300w\" sizes=\"(max-width: 720px) 100vw, 720px\" \/><\/p>\n<p>\u00bfQuiere poner en marcha su propio negocio m\u00f3vil de comida en remolque? \u00bfQuiere ofrecer deliciosos platos de marisco sobre la marcha? Entonces, considere invertir en este remolque de concesi\u00f3n de marisco de 16 pies. Este tipo de <a href=\"https:\/\/www.honlufoodtrailer.com\/es\/producto\/\" target=\"_blank\" rel=\"noopener\">remolque de comida<\/a> puede ayudar a llevar su negocio al \u00e9xito. Ahora, perm\u00edtanme mostrarles la vista interior de este remolque de mariscos 16ft.<\/p>\n<p><img decoding=\"async\" class=\"aligncenter size-full wp-image-6581\" src=\"https:\/\/www.honlufoodtrailer.com\/wp-content\/uploads\/2024\/01\/16ft-seafood-trailer-details.jpg\" alt=\"Detalles del remolque para marisco de 16 pies\" width=\"800\" height=\"800\" srcset=\"https:\/\/www.honlufoodtrailer.com\/wp-content\/uploads\/2024\/01\/16ft-seafood-trailer-details.jpg 800w, https:\/\/www.honlufoodtrailer.com\/wp-content\/uploads\/2024\/01\/16ft-seafood-trailer-details-768x768.jpg 768w, https:\/\/www.honlufoodtrailer.com\/wp-content\/uploads\/2024\/01\/16ft-seafood-trailer-details-360x360.jpg 360w, https:\/\/www.honlufoodtrailer.com\/wp-content\/uploads\/2024\/01\/16ft-seafood-trailer-details-300x300.jpg 300w, https:\/\/www.honlufoodtrailer.com\/wp-content\/uploads\/2024\/01\/16ft-seafood-trailer-details-720x720.jpg 720w, https:\/\/www.honlufoodtrailer.com\/wp-content\/uploads\/2024\/01\/16ft-seafood-trailer-details-100x100.jpg 100w\" sizes=\"(max-width: 800px) 100vw, 800px\" \/><\/p>\n<p>Como podemos ver en la imagen de arriba, hemos equipado el remolque de 16 pies para hervir mariscos con algunos equipos de cocina. Dentro del remolque, hay principalmente equipos de cocina como estufa de gas, horno, fregaderos, refrigerador, parrilla, plancha, campana extractora, etc. Con el equipo de cocina anterior, nuestro cliente ser\u00e1 capaz de servir a los comensales diversos tipos de comidas r\u00e1pidas.<\/p>\n<p>Los remolques de comida tambi\u00e9n pueden llamarse carros de comida, furgonetas de comida, camiones de comida, etc. Puede utilizarse para vender comida r\u00e1pida, aperitivos, peri\u00f3dicos, libros, etc. Consta de chasis, carrocer\u00eda, suelo, mesa de trabajo, sistema de agua y sistema el\u00e9ctrico. Los usuarios tambi\u00e9n pueden elegir el color que deseen. Nos gustaria comprar otros tipos de equipos si los clientes lo desean.<\/p>\n<h2><b class=\"magic-22\"><span class=\"magic-11\">Caracter\u00edsticas principales del remolque de marisco personalizado<\/span><\/b><\/h2>\n<div class=\"magic-2\">\n<div class=\"magic-3\">\n<div class=\"magic-4\">\n<p class=\"magic-5\" data-spm-anchor-id=\"a2700.details.0.i22.54e5117dtl16iL\"><span style=\"font-family: Tahoma;\">1<span class=\"magic-12\" data-spm-anchor-id=\"a2700.details.0.i21.54e5117dtl16iL\">. Bajo coste y respetuoso con el medio ambiente, sin humos ni ruidos, f\u00e1cil de trasladar a cualquier lugar.<\/span><\/span><\/p>\n<p>2. Se puede utilizar durante muchos a\u00f1os y no va a construir basura, y que es muchos trajes para la vida moderna.<\/p>\n<p>3. Es conveniente y simple para la carga y el transporte porque el dise\u00f1o es \u00fanico e individual.<\/p>\n<p>4. El material principal es acero inoxidable, y la plataforma plana (mesa) no se oxida.<\/p>\n<p>5. Tiene resistencia al calor, y la fuerza es alta, alta solidez del color, sin deformaci\u00f3n, resistente al agua, y larga vida \u00fatil.<\/p>\n<\/div>\n<\/div>\n<\/div>\n<h2><b class=\"magic-22\"><span class=\"magic-11\">Ventaja principal:<\/span><\/b><\/h2>\n<p><span class=\"magic-12\">1. Econ\u00f3mico y ecol\u00f3gico;<br \/>\n2. 2. F\u00e1cil de trasladar a cualquier lugar (su negocio no est\u00e1 limitado);<br \/>\n3. Forma \u00fanica (invisible para atraer a m\u00e1s clientes);<br \/>\n4. Larga vida \u00fatil (resistente a la corrosi\u00f3n, al calor, al agua y a la deformaci\u00f3n).<\/span><\/p>","protected":false},"excerpt":{"rendered":"<p>Este es uno de nuestros remolques de mariscos de 16 pies hechos a medida para la venta. Por lo general, es el modelo preferido para iniciar un negocio de remolque de comida m\u00f3vil. Por supuesto, podemos fabricar un remolque de catering de mariscos similar a este, o personalizar uno para usted. El color de la carrocer\u00eda, las pegatinas, la se\u00f1alizaci\u00f3n, el equipo de cocina del remolque de comida se pueden personalizar. No dude en ponerse en contacto con nosotros.<\/p>","protected":false},"featured_media":6572,"template":"","meta":{"_themeisle_gutenberg_block_has_review":false},"product_brand":[],"product_cat":[26],"product_tag":[96,33,60,61,38,134],"class_list":{"0":"post-6571","1":"product","2":"type-product","3":"status-publish","4":"has-post-thumbnail","6":"product_cat-product","7":"product_tag-16ft-food-trailer","8":"product_tag-customized-trailer","9":"product_tag-fast-food-trailer","10":"product_tag-fast-food-trailer-for-sale","11":"product_tag-mobile-food-trailer","12":"product_tag-seafood-trailer","14":"first","15":"instock","16":"shipping-taxable","17":"product-type-simple"},"yoast_head":"<!-- This site is optimized with the Yoast SEO plugin v27.4 - https:\/\/yoast.com\/product\/yoast-seo-wordpress\/ -->\n<title>Factory Price Seafood Trailer For Sale - Honlu Food Trailer<\/title>\n<meta name=\"description\" content=\"Looking for a seafood trailer for sale? Get a similar or customized one at factory price from Honlu food trailer now! Click to see the Price!\" \/>\n<meta name=\"robots\" content=\"index, follow, max-snippet:-1, max-image-preview:large, max-video-preview:-1\" \/>\n<link rel=\"canonical\" href=\"https:\/\/www.honlufoodtrailer.com\/es\/producto\/16ft-seafood-trailer-for-sale\/\" \/>\n<meta property=\"og:locale\" content=\"es_ES\" \/>\n<meta property=\"og:type\" content=\"article\" \/>\n<meta property=\"og:title\" content=\"Factory Price Seafood Trailer For Sale - Honlu Food Trailer\" \/>\n<meta property=\"og:description\" content=\"Looking for a seafood trailer for sale? Get a similar or customized one at factory price from Honlu food trailer now! Click to see the Price!\" \/>\n<meta property=\"og:url\" content=\"https:\/\/www.honlufoodtrailer.com\/es\/producto\/16ft-seafood-trailer-for-sale\/\" \/>\n<meta property=\"og:site_name\" content=\"Honlu food trailer\" \/>\n<meta property=\"article:modified_time\" content=\"2025-02-14T08:12:16+00:00\" \/>\n<meta property=\"og:image\" content=\"https:\/\/www.honlufoodtrailer.com\/wp-content\/uploads\/2024\/01\/16ft-seafood-boiling-trailer-for-sale.jpg\" \/>\n\t<meta property=\"og:image:width\" content=\"720\" \/>\n\t<meta property=\"og:image:height\" content=\"540\" \/>\n\t<meta property=\"og:image:type\" content=\"image\/jpeg\" \/>\n<meta name=\"twitter:card\" content=\"summary_large_image\" \/>\n<meta name=\"twitter:label1\" content=\"Tiempo de lectura\" \/>\n\t<meta name=\"twitter:data1\" content=\"1 minuto\" \/>\n<script type=\"application\/ld+json\" class=\"yoast-schema-graph\">{\"@context\":\"https:\\\/\\\/schema.org\",\"@graph\":[{\"@type\":\"WebPage\",\"@id\":\"https:\\\/\\\/www.honlufoodtrailer.com\\\/product\\\/16ft-seafood-trailer-for-sale\\\/\",\"url\":\"https:\\\/\\\/www.honlufoodtrailer.com\\\/product\\\/16ft-seafood-trailer-for-sale\\\/\",\"name\":\"Factory Price Seafood Trailer For Sale - Honlu Food Trailer\",\"isPartOf\":{\"@id\":\"https:\\\/\\\/www.honlufoodtrailer.com\\\/#website\"},\"primaryImageOfPage\":{\"@id\":\"https:\\\/\\\/www.honlufoodtrailer.com\\\/product\\\/16ft-seafood-trailer-for-sale\\\/#primaryimage\"},\"image\":{\"@id\":\"https:\\\/\\\/www.honlufoodtrailer.com\\\/product\\\/16ft-seafood-trailer-for-sale\\\/#primaryimage\"},\"thumbnailUrl\":\"https:\\\/\\\/www.honlufoodtrailer.com\\\/wp-content\\\/uploads\\\/2024\\\/01\\\/16ft-seafood-boiling-trailer-for-sale.jpg\",\"datePublished\":\"2023-11-08T06:40:33+00:00\",\"dateModified\":\"2025-02-14T08:12:16+00:00\",\"description\":\"Looking for a seafood trailer for sale? Get a similar or customized one at factory price from Honlu food trailer now! Click to see the Price!\",\"breadcrumb\":{\"@id\":\"https:\\\/\\\/www.honlufoodtrailer.com\\\/product\\\/16ft-seafood-trailer-for-sale\\\/#breadcrumb\"},\"inLanguage\":\"es\",\"potentialAction\":[{\"@type\":\"ReadAction\",\"target\":[\"https:\\\/\\\/www.honlufoodtrailer.com\\\/product\\\/16ft-seafood-trailer-for-sale\\\/\"]}]},{\"@type\":\"ImageObject\",\"inLanguage\":\"es\",\"@id\":\"https:\\\/\\\/www.honlufoodtrailer.com\\\/product\\\/16ft-seafood-trailer-for-sale\\\/#primaryimage\",\"url\":\"https:\\\/\\\/www.honlufoodtrailer.com\\\/wp-content\\\/uploads\\\/2024\\\/01\\\/16ft-seafood-boiling-trailer-for-sale.jpg\",\"contentUrl\":\"https:\\\/\\\/www.honlufoodtrailer.com\\\/wp-content\\\/uploads\\\/2024\\\/01\\\/16ft-seafood-boiling-trailer-for-sale.jpg\",\"width\":720,\"height\":540,\"caption\":\"16ft seafood boiling trailer for sale\"},{\"@type\":\"BreadcrumbList\",\"@id\":\"https:\\\/\\\/www.honlufoodtrailer.com\\\/product\\\/16ft-seafood-trailer-for-sale\\\/#breadcrumb\",\"itemListElement\":[{\"@type\":\"ListItem\",\"position\":1,\"name\":\"Home\",\"item\":\"https:\\\/\\\/www.honlufoodtrailer.com\\\/\"},{\"@type\":\"ListItem\",\"position\":2,\"name\":\"\u4ea7\u54c1\",\"item\":\"https:\\\/\\\/www.honlufoodtrailer.com\\\/shop\\\/\"},{\"@type\":\"ListItem\",\"position\":3,\"name\":\"16ft Seafood Trailer for Sale\"}]},{\"@type\":\"WebSite\",\"@id\":\"https:\\\/\\\/www.honlufoodtrailer.com\\\/#website\",\"url\":\"https:\\\/\\\/www.honlufoodtrailer.com\\\/\",\"name\":\"Honlu food trailer\",\"description\":\"\",\"publisher\":{\"@id\":\"https:\\\/\\\/www.honlufoodtrailer.com\\\/#organization\"},\"potentialAction\":[{\"@type\":\"SearchAction\",\"target\":{\"@type\":\"EntryPoint\",\"urlTemplate\":\"https:\\\/\\\/www.honlufoodtrailer.com\\\/?s={search_term_string}\"},\"query-input\":{\"@type\":\"PropertyValueSpecification\",\"valueRequired\":true,\"valueName\":\"search_term_string\"}}],\"inLanguage\":\"es\"},{\"@type\":\"Organization\",\"@id\":\"https:\\\/\\\/www.honlufoodtrailer.com\\\/#organization\",\"name\":\"Honlu food trailer\",\"url\":\"https:\\\/\\\/www.honlufoodtrailer.com\\\/\",\"logo\":{\"@type\":\"ImageObject\",\"inLanguage\":\"es\",\"@id\":\"https:\\\/\\\/www.honlufoodtrailer.com\\\/#\\\/schema\\\/logo\\\/image\\\/\",\"url\":\"https:\\\/\\\/www.honlufoodtrailer.com\\\/wp-content\\\/uploads\\\/2021\\\/12\\\/2.gif\",\"contentUrl\":\"https:\\\/\\\/www.honlufoodtrailer.com\\\/wp-content\\\/uploads\\\/2021\\\/12\\\/2.gif\",\"width\":350,\"height\":100,\"caption\":\"Honlu food trailer\"},\"image\":{\"@id\":\"https:\\\/\\\/www.honlufoodtrailer.com\\\/#\\\/schema\\\/logo\\\/image\\\/\"}}]}<\/script>\n<!-- \/ Yoast SEO plugin. -->","yoast_head_json":{"title":"Precio de f\u00e1brica de mariscos remolque para la venta - Honlu Food Trailer","description":"\u00bfBusca un remolque de mariscos para la venta? \u00a1Obtenga uno similar o personalizado a precio de f\u00e1brica de Honlu remolque de alimentos ahora! \u00a1Haga clic para ver el precio!","robots":{"index":"index","follow":"follow","max-snippet":"max-snippet:-1","max-image-preview":"max-image-preview:large","max-video-preview":"max-video-preview:-1"},"canonical":"https:\/\/www.honlufoodtrailer.com\/es\/producto\/16ft-seafood-trailer-for-sale\/","og_locale":"es_ES","og_type":"article","og_title":"Factory Price Seafood Trailer For Sale - Honlu Food Trailer","og_description":"Looking for a seafood trailer for sale? Get a similar or customized one at factory price from Honlu food trailer now! Click to see the Price!","og_url":"https:\/\/www.honlufoodtrailer.com\/es\/producto\/16ft-seafood-trailer-for-sale\/","og_site_name":"Honlu food trailer","article_modified_time":"2025-02-14T08:12:16+00:00","og_image":[{"width":720,"height":540,"url":"https:\/\/www.honlufoodtrailer.com\/wp-content\/uploads\/2024\/01\/16ft-seafood-boiling-trailer-for-sale.jpg","type":"image\/jpeg"}],"twitter_card":"summary_large_image","twitter_misc":{"Tiempo de lectura":"1 minuto"},"schema":{"@context":"https:\/\/schema.org","@graph":[{"@type":"WebPage","@id":"https:\/\/www.honlufoodtrailer.com\/product\/16ft-seafood-trailer-for-sale\/","url":"https:\/\/www.honlufoodtrailer.com\/product\/16ft-seafood-trailer-for-sale\/","name":"Precio de f\u00e1brica de mariscos remolque para la venta - Honlu Food Trailer","isPartOf":{"@id":"https:\/\/www.honlufoodtrailer.com\/#website"},"primaryImageOfPage":{"@id":"https:\/\/www.honlufoodtrailer.com\/product\/16ft-seafood-trailer-for-sale\/#primaryimage"},"image":{"@id":"https:\/\/www.honlufoodtrailer.com\/product\/16ft-seafood-trailer-for-sale\/#primaryimage"},"thumbnailUrl":"https:\/\/www.honlufoodtrailer.com\/wp-content\/uploads\/2024\/01\/16ft-seafood-boiling-trailer-for-sale.jpg","datePublished":"2023-11-08T06:40:33+00:00","dateModified":"2025-02-14T08:12:16+00:00","description":"\u00bfBusca un remolque de mariscos para la venta? \u00a1Obtenga uno similar o personalizado a precio de f\u00e1brica de Honlu remolque de alimentos ahora! \u00a1Haga clic para ver el precio!","breadcrumb":{"@id":"https:\/\/www.honlufoodtrailer.com\/product\/16ft-seafood-trailer-for-sale\/#breadcrumb"},"inLanguage":"es","potentialAction":[{"@type":"ReadAction","target":["https:\/\/www.honlufoodtrailer.com\/product\/16ft-seafood-trailer-for-sale\/"]}]},{"@type":"ImageObject","inLanguage":"es","@id":"https:\/\/www.honlufoodtrailer.com\/product\/16ft-seafood-trailer-for-sale\/#primaryimage","url":"https:\/\/www.honlufoodtrailer.com\/wp-content\/uploads\/2024\/01\/16ft-seafood-boiling-trailer-for-sale.jpg","contentUrl":"https:\/\/www.honlufoodtrailer.com\/wp-content\/uploads\/2024\/01\/16ft-seafood-boiling-trailer-for-sale.jpg","width":720,"height":540,"caption":"16ft seafood boiling trailer for sale"},{"@type":"BreadcrumbList","@id":"https:\/\/www.honlufoodtrailer.com\/product\/16ft-seafood-trailer-for-sale\/#breadcrumb","itemListElement":[{"@type":"ListItem","position":1,"name":"Home","item":"https:\/\/www.honlufoodtrailer.com\/"},{"@type":"ListItem","position":2,"name":"\u4ea7\u54c1","item":"https:\/\/www.honlufoodtrailer.com\/shop\/"},{"@type":"ListItem","position":3,"name":"16ft Seafood Trailer for Sale"}]},{"@type":"WebSite","@id":"https:\/\/www.honlufoodtrailer.com\/#website","url":"https:\/\/www.honlufoodtrailer.com\/","name":"Remolque de comida Honlu","description":"","publisher":{"@id":"https:\/\/www.honlufoodtrailer.com\/#organization"},"potentialAction":[{"@type":"SearchAction","target":{"@type":"EntryPoint","urlTemplate":"https:\/\/www.honlufoodtrailer.com\/?s={search_term_string}"},"query-input":{"@type":"PropertyValueSpecification","valueRequired":true,"valueName":"search_term_string"}}],"inLanguage":"es"},{"@type":"Organization","@id":"https:\/\/www.honlufoodtrailer.com\/#organization","name":"Remolque de comida Honlu","url":"https:\/\/www.honlufoodtrailer.com\/","logo":{"@type":"ImageObject","inLanguage":"es","@id":"https:\/\/www.honlufoodtrailer.com\/#\/schema\/logo\/image\/","url":"https:\/\/www.honlufoodtrailer.com\/wp-content\/uploads\/2021\/12\/2.gif","contentUrl":"https:\/\/www.honlufoodtrailer.com\/wp-content\/uploads\/2021\/12\/2.gif","width":350,"height":100,"caption":"Honlu food trailer"},"image":{"@id":"https:\/\/www.honlufoodtrailer.com\/#\/schema\/logo\/image\/"}}]}},"_links":{"self":[{"href":"https:\/\/www.honlufoodtrailer.com\/es\/wp-json\/wp\/v2\/product\/6571","targetHints":{"allow":["GET"]}}],"collection":[{"href":"https:\/\/www.honlufoodtrailer.com\/es\/wp-json\/wp\/v2\/product"}],"about":[{"href":"https:\/\/www.honlufoodtrailer.com\/es\/wp-json\/wp\/v2\/types\/product"}],"version-history":[{"count":6,"href":"https:\/\/www.honlufoodtrailer.com\/es\/wp-json\/wp\/v2\/product\/6571\/revisions"}],"predecessor-version":[{"id":8217,"href":"https:\/\/www.honlufoodtrailer.com\/es\/wp-json\/wp\/v2\/product\/6571\/revisions\/8217"}],"wp:featuredmedia":[{"embeddable":true,"href":"https:\/\/www.honlufoodtrailer.com\/es\/wp-json\/wp\/v2\/media\/6572"}],"wp:attachment":[{"href":"https:\/\/www.honlufoodtrailer.com\/es\/wp-json\/wp\/v2\/media?parent=6571"}],"wp:term":[{"taxonomy":"product_brand","embeddable":true,"href":"https:\/\/www.honlufoodtrailer.com\/es\/wp-json\/wp\/v2\/product_brand?post=6571"},{"taxonomy":"product_cat","embeddable":true,"href":"https:\/\/www.honlufoodtrailer.com\/es\/wp-json\/wp\/v2\/product_cat?post=6571"},{"taxonomy":"product_tag","embeddable":true,"href":"https:\/\/www.honlufoodtrailer.com\/es\/wp-json\/wp\/v2\/product_tag?post=6571"}],"curies":[{"name":"wp","href":"https:\/\/api.w.org\/{rel}","templated":true}]}}