{"id":7482,"date":"2024-04-19T16:24:24","date_gmt":"2024-04-19T08:24:24","guid":{"rendered":"https:\/\/www.honlufoodtrailer.com\/?post_type=product&#038;p=7482"},"modified":"2025-02-14T15:09:19","modified_gmt":"2025-02-14T07:09:19","slug":"3m-dessert-food-trailer","status":"publish","type":"product","link":"https:\/\/www.honlufoodtrailer.com\/es\/product\/3m-dessert-food-trailer\/","title":{"rendered":"Remolque de comida para postres de 3 m"},"content":{"rendered":"<p>\u00bfQuieres montar un negocio de caravanas m\u00f3viles de postres? \u00a1Vea \u00e9ste aqu\u00ed! Se trata de un remolque para postres de 3 m que hemos fabricado para uno de nuestros clientes. A continuaci\u00f3n, ver\u00e1 las fotos, los detalles y el v\u00eddeo de este peque\u00f1o remolque de postres. Siga leyendo y vea lo que podemos hacer por usted. En primer lugar, ver\u00e1 algunas fotos de este remolque de postres de 3m.<img fetchpriority=\"high\" decoding=\"async\" class=\"aligncenter size-full wp-image-7483\" src=\"https:\/\/www.honlufoodtrailer.com\/wp-content\/uploads\/2024\/04\/3m-dessert-food-trailer.jpg\" alt=\"Remolque de postres de 3 m\" width=\"720\" height=\"540\" srcset=\"https:\/\/www.honlufoodtrailer.com\/wp-content\/uploads\/2024\/04\/3m-dessert-food-trailer.jpg 720w, https:\/\/www.honlufoodtrailer.com\/wp-content\/uploads\/2024\/04\/3m-dessert-food-trailer-480x360.jpg 480w, https:\/\/www.honlufoodtrailer.com\/wp-content\/uploads\/2024\/04\/3m-dessert-food-trailer-300x225.jpg 300w\" sizes=\"(max-width: 720px) 100vw, 720px\" \/><img decoding=\"async\" class=\"aligncenter size-full wp-image-7487\" src=\"https:\/\/www.honlufoodtrailer.com\/wp-content\/uploads\/2024\/04\/3m-small-dessert-trailer.jpg\" alt=\"Remolque de postre peque\u00f1o de 3 m\" width=\"720\" height=\"540\" srcset=\"https:\/\/www.honlufoodtrailer.com\/wp-content\/uploads\/2024\/04\/3m-small-dessert-trailer.jpg 720w, https:\/\/www.honlufoodtrailer.com\/wp-content\/uploads\/2024\/04\/3m-small-dessert-trailer-480x360.jpg 480w, https:\/\/www.honlufoodtrailer.com\/wp-content\/uploads\/2024\/04\/3m-small-dessert-trailer-300x225.jpg 300w\" sizes=\"(max-width: 720px) 100vw, 720px\" \/><\/p>\n<p>A continuaci\u00f3n, ver\u00e1 la vista interior de este remolque de comida de postre.<\/p>\n<p><img decoding=\"async\" class=\"aligncenter size-full wp-image-7489\" src=\"https:\/\/www.honlufoodtrailer.com\/wp-content\/uploads\/2024\/04\/dessert-food-trailer-inner-view.jpg\" alt=\"postre food trailer vista interior\" width=\"720\" height=\"540\" srcset=\"https:\/\/www.honlufoodtrailer.com\/wp-content\/uploads\/2024\/04\/dessert-food-trailer-inner-view.jpg 720w, https:\/\/www.honlufoodtrailer.com\/wp-content\/uploads\/2024\/04\/dessert-food-trailer-inner-view-480x360.jpg 480w, https:\/\/www.honlufoodtrailer.com\/wp-content\/uploads\/2024\/04\/dessert-food-trailer-inner-view-300x225.jpg 300w\" sizes=\"(max-width: 720px) 100vw, 720px\" \/><\/p>\n<p>Como podemos ver en la imagen de arriba, hemos equipado este peque\u00f1o remolque de comida para postres con fregaderos, mesa de trabajo, congelador expositor y aire acondicionado, etc. Nuestro cliente a\u00f1adir\u00e1 algunos otros dispositivos que necesite. Nuestro cliente utiliza este remolque para vender peque\u00f1os pasteles, etc.<\/p>\n<h2>M\u00e1s detalles de este remolque de comida para postres<\/h2>\n<p><img loading=\"lazy\" decoding=\"async\" class=\"aligncenter size-full wp-image-7492\" src=\"https:\/\/www.honlufoodtrailer.com\/wp-content\/uploads\/2024\/04\/3m-dessert-food-trailer-details.jpg\" alt=\"Detalles del remolque de postres de 3 m\" width=\"1000\" height=\"800\" srcset=\"https:\/\/www.honlufoodtrailer.com\/wp-content\/uploads\/2024\/04\/3m-dessert-food-trailer-details.jpg 1000w, https:\/\/www.honlufoodtrailer.com\/wp-content\/uploads\/2024\/04\/3m-dessert-food-trailer-details-768x614.jpg 768w, https:\/\/www.honlufoodtrailer.com\/wp-content\/uploads\/2024\/04\/3m-dessert-food-trailer-details-450x360.jpg 450w, https:\/\/www.honlufoodtrailer.com\/wp-content\/uploads\/2024\/04\/3m-dessert-food-trailer-details-300x240.jpg 300w, https:\/\/www.honlufoodtrailer.com\/wp-content\/uploads\/2024\/04\/3m-dessert-food-trailer-details-720x576.jpg 720w\" sizes=\"(max-width: 1000px) 100vw, 1000px\" \/><\/p>\n<p>Los remolques de comida tambi\u00e9n pueden llamarse carros de comida, furgonetas de comida, camiones de comida, etc. Puede utilizarse para vender comida r\u00e1pida, aperitivos, peri\u00f3dicos, libros, etc. Consta de chasis, carrocer\u00eda, suelo, mesa de trabajo, sistema de agua y sistema el\u00e9ctrico. Los usuarios tambi\u00e9n pueden elegir el color que deseen. Nos gustaria comprar otros tipos de equipos si los clientes lo desean.<\/p>\n<p>&nbsp;<\/p>\n<h2><b class=\"magic-22\"><span class=\"magic-11\">Caracter\u00edsticas principales del remolque postre personalizado para la venta<\/span><\/b><\/h2>\n<div class=\"magic-2\">\n<div class=\"magic-3\">\n<div class=\"magic-4\">1. Bajo costo y ambientalmente sin humo y el ruido, f\u00e1cil de mover cualquier lugar<br \/>\n2. Se puede utilizar durante muchos a\u00f1os y no va a construir basura, y que es muchos trajes para la vida moderna.<br \/>\n3. Es conveniente y simple para la carga y el transporte porque el dise\u00f1o es \u00fanico e individual.<br \/>\n4. El material principal es acero inoxidable, y la plataforma plana (mesa) no se oxida.<br \/>\n5. Tiene resistencia al calor, y la fuerza es alta, alta solidez del color, sin deformaci\u00f3n, resistente al agua, y larga vida \u00fatil.<img decoding=\"async\" class=\"aligncenter size-full wp-image-7487\" src=\"https:\/\/www.honlufoodtrailer.com\/wp-content\/uploads\/2024\/04\/3m-small-dessert-trailer.jpg\" alt=\"Remolque de postre peque\u00f1o de 3 m\" width=\"720\" height=\"540\" srcset=\"https:\/\/www.honlufoodtrailer.com\/wp-content\/uploads\/2024\/04\/3m-small-dessert-trailer.jpg 720w, https:\/\/www.honlufoodtrailer.com\/wp-content\/uploads\/2024\/04\/3m-small-dessert-trailer-480x360.jpg 480w, https:\/\/www.honlufoodtrailer.com\/wp-content\/uploads\/2024\/04\/3m-small-dessert-trailer-300x225.jpg 300w\" sizes=\"(max-width: 720px) 100vw, 720px\" \/><\/div>\n<\/div>\n<\/div>\n<h2><b class=\"magic-22\"><span class=\"magic-11\">Ventaja principal:<\/span><\/b><\/h2>\n<p><span class=\"magic-12\">1. Econ\u00f3mico y ecol\u00f3gico;<br \/>\n2. 2. F\u00e1cil de trasladar a cualquier lugar (su negocio no est\u00e1 limitado);<br \/>\n3. Forma \u00fanica (invisible para atraer a m\u00e1s clientes);<br \/>\n4. Larga vida \u00fatil (resistente a la corrosi\u00f3n, resistente al calor, impermeable, no se deforma).<\/span><\/p>","protected":false},"excerpt":{"rendered":"<p>Este es uno de nuestros remolques de comida de postre de 3m hechos a medida para la venta. Por lo general, es una buena opci\u00f3n para iniciar un peque\u00f1o negocio de remolque de comida m\u00f3vil. Por supuesto, podemos fabricar un peque\u00f1o remolque de postres similar a este, o personalizar uno para usted. Por favor, p\u00f3ngase en contacto con nosotros y d\u00edganos sus requisitos detallados. No dude en ponerse en contacto con nosotros.<\/p>","protected":false},"featured_media":7483,"template":"","meta":{"_themeisle_gutenberg_block_has_review":false},"product_brand":[],"product_cat":[26],"product_tag":[117,33,120,60,61,38],"class_list":{"0":"post-7482","1":"product","2":"type-product","3":"status-publish","4":"has-post-thumbnail","6":"product_cat-product","7":"product_tag-10ft-food-trailer","8":"product_tag-customized-trailer","9":"product_tag-dessert-trailer","10":"product_tag-fast-food-trailer","11":"product_tag-fast-food-trailer-for-sale","12":"product_tag-mobile-food-trailer","14":"first","15":"instock","16":"shipping-taxable","17":"product-type-simple"},"yoast_head":"<!-- This site is optimized with the Yoast SEO plugin v27.4 - https:\/\/yoast.com\/product\/yoast-seo-wordpress\/ -->\n<title>3m Dessert Food Trailer from China - Honlu Food Trailer<\/title>\n<meta name=\"description\" content=\"Looking for a small dessert food trailer? see this 3m dessert trailer here! Get a similar or customized one at a reasonable price now!\" \/>\n<meta name=\"robots\" content=\"index, follow, max-snippet:-1, max-image-preview:large, max-video-preview:-1\" \/>\n<link rel=\"canonical\" href=\"https:\/\/www.honlufoodtrailer.com\/es\/producto\/3m-dessert-food-trailer\/\" \/>\n<meta property=\"og:locale\" content=\"es_ES\" \/>\n<meta property=\"og:type\" content=\"article\" \/>\n<meta property=\"og:title\" content=\"3m Dessert Food Trailer from China - Honlu Food Trailer\" \/>\n<meta property=\"og:description\" content=\"Looking for a small dessert food trailer? see this 3m dessert trailer here! Get a similar or customized one at a reasonable price now!\" \/>\n<meta property=\"og:url\" content=\"https:\/\/www.honlufoodtrailer.com\/es\/producto\/3m-dessert-food-trailer\/\" \/>\n<meta property=\"og:site_name\" content=\"Honlu food trailer\" \/>\n<meta property=\"article:modified_time\" content=\"2025-02-14T07:09:19+00:00\" \/>\n<meta property=\"og:image\" content=\"https:\/\/www.honlufoodtrailer.com\/wp-content\/uploads\/2024\/04\/3m-dessert-food-trailer.jpg\" \/>\n\t<meta property=\"og:image:width\" content=\"720\" \/>\n\t<meta property=\"og:image:height\" content=\"540\" \/>\n\t<meta property=\"og:image:type\" content=\"image\/jpeg\" \/>\n<meta name=\"twitter:card\" content=\"summary_large_image\" \/>\n<meta name=\"twitter:label1\" content=\"Tiempo de lectura\" \/>\n\t<meta name=\"twitter:data1\" content=\"1 minuto\" \/>\n<script type=\"application\/ld+json\" class=\"yoast-schema-graph\">{\"@context\":\"https:\\\/\\\/schema.org\",\"@graph\":[{\"@type\":\"WebPage\",\"@id\":\"https:\\\/\\\/www.honlufoodtrailer.com\\\/product\\\/3m-dessert-food-trailer\\\/\",\"url\":\"https:\\\/\\\/www.honlufoodtrailer.com\\\/product\\\/3m-dessert-food-trailer\\\/\",\"name\":\"3m Dessert Food Trailer from China - Honlu Food Trailer\",\"isPartOf\":{\"@id\":\"https:\\\/\\\/www.honlufoodtrailer.com\\\/#website\"},\"primaryImageOfPage\":{\"@id\":\"https:\\\/\\\/www.honlufoodtrailer.com\\\/product\\\/3m-dessert-food-trailer\\\/#primaryimage\"},\"image\":{\"@id\":\"https:\\\/\\\/www.honlufoodtrailer.com\\\/product\\\/3m-dessert-food-trailer\\\/#primaryimage\"},\"thumbnailUrl\":\"https:\\\/\\\/www.honlufoodtrailer.com\\\/wp-content\\\/uploads\\\/2024\\\/04\\\/3m-dessert-food-trailer.jpg\",\"datePublished\":\"2024-04-19T08:24:24+00:00\",\"dateModified\":\"2025-02-14T07:09:19+00:00\",\"description\":\"Looking for a small dessert food trailer? see this 3m dessert trailer here! Get a similar or customized one at a reasonable price now!\",\"breadcrumb\":{\"@id\":\"https:\\\/\\\/www.honlufoodtrailer.com\\\/product\\\/3m-dessert-food-trailer\\\/#breadcrumb\"},\"inLanguage\":\"es\",\"potentialAction\":[{\"@type\":\"ReadAction\",\"target\":[\"https:\\\/\\\/www.honlufoodtrailer.com\\\/product\\\/3m-dessert-food-trailer\\\/\"]}]},{\"@type\":\"ImageObject\",\"inLanguage\":\"es\",\"@id\":\"https:\\\/\\\/www.honlufoodtrailer.com\\\/product\\\/3m-dessert-food-trailer\\\/#primaryimage\",\"url\":\"https:\\\/\\\/www.honlufoodtrailer.com\\\/wp-content\\\/uploads\\\/2024\\\/04\\\/3m-dessert-food-trailer.jpg\",\"contentUrl\":\"https:\\\/\\\/www.honlufoodtrailer.com\\\/wp-content\\\/uploads\\\/2024\\\/04\\\/3m-dessert-food-trailer.jpg\",\"width\":720,\"height\":540,\"caption\":\"3m dessert food trailer\"},{\"@type\":\"BreadcrumbList\",\"@id\":\"https:\\\/\\\/www.honlufoodtrailer.com\\\/product\\\/3m-dessert-food-trailer\\\/#breadcrumb\",\"itemListElement\":[{\"@type\":\"ListItem\",\"position\":1,\"name\":\"Home\",\"item\":\"https:\\\/\\\/www.honlufoodtrailer.com\\\/\"},{\"@type\":\"ListItem\",\"position\":2,\"name\":\"\u4ea7\u54c1\",\"item\":\"https:\\\/\\\/www.honlufoodtrailer.com\\\/shop\\\/\"},{\"@type\":\"ListItem\",\"position\":3,\"name\":\"3m Dessert Food Trailer\"}]},{\"@type\":\"WebSite\",\"@id\":\"https:\\\/\\\/www.honlufoodtrailer.com\\\/#website\",\"url\":\"https:\\\/\\\/www.honlufoodtrailer.com\\\/\",\"name\":\"Honlu food trailer\",\"description\":\"\",\"publisher\":{\"@id\":\"https:\\\/\\\/www.honlufoodtrailer.com\\\/#organization\"},\"potentialAction\":[{\"@type\":\"SearchAction\",\"target\":{\"@type\":\"EntryPoint\",\"urlTemplate\":\"https:\\\/\\\/www.honlufoodtrailer.com\\\/?s={search_term_string}\"},\"query-input\":{\"@type\":\"PropertyValueSpecification\",\"valueRequired\":true,\"valueName\":\"search_term_string\"}}],\"inLanguage\":\"es\"},{\"@type\":\"Organization\",\"@id\":\"https:\\\/\\\/www.honlufoodtrailer.com\\\/#organization\",\"name\":\"Honlu food trailer\",\"url\":\"https:\\\/\\\/www.honlufoodtrailer.com\\\/\",\"logo\":{\"@type\":\"ImageObject\",\"inLanguage\":\"es\",\"@id\":\"https:\\\/\\\/www.honlufoodtrailer.com\\\/#\\\/schema\\\/logo\\\/image\\\/\",\"url\":\"https:\\\/\\\/www.honlufoodtrailer.com\\\/wp-content\\\/uploads\\\/2021\\\/12\\\/2.gif\",\"contentUrl\":\"https:\\\/\\\/www.honlufoodtrailer.com\\\/wp-content\\\/uploads\\\/2021\\\/12\\\/2.gif\",\"width\":350,\"height\":100,\"caption\":\"Honlu food trailer\"},\"image\":{\"@id\":\"https:\\\/\\\/www.honlufoodtrailer.com\\\/#\\\/schema\\\/logo\\\/image\\\/\"}}]}<\/script>\n<!-- \/ Yoast SEO plugin. -->","yoast_head_json":{"title":"Remolque de 3 m para postres de China - Honlu Food Trailer","description":"\u00bfBusca un peque\u00f1o remolque de comida para postres? \u00a1Vea este remolque de postres de 3 m aqu\u00ed! \u00a1Consiga ahora uno similar o personalizado a un precio razonable!","robots":{"index":"index","follow":"follow","max-snippet":"max-snippet:-1","max-image-preview":"max-image-preview:large","max-video-preview":"max-video-preview:-1"},"canonical":"https:\/\/www.honlufoodtrailer.com\/es\/producto\/3m-dessert-food-trailer\/","og_locale":"es_ES","og_type":"article","og_title":"3m Dessert Food Trailer from China - Honlu Food Trailer","og_description":"Looking for a small dessert food trailer? see this 3m dessert trailer here! Get a similar or customized one at a reasonable price now!","og_url":"https:\/\/www.honlufoodtrailer.com\/es\/producto\/3m-dessert-food-trailer\/","og_site_name":"Honlu food trailer","article_modified_time":"2025-02-14T07:09:19+00:00","og_image":[{"width":720,"height":540,"url":"https:\/\/www.honlufoodtrailer.com\/wp-content\/uploads\/2024\/04\/3m-dessert-food-trailer.jpg","type":"image\/jpeg"}],"twitter_card":"summary_large_image","twitter_misc":{"Tiempo de lectura":"1 minuto"},"schema":{"@context":"https:\/\/schema.org","@graph":[{"@type":"WebPage","@id":"https:\/\/www.honlufoodtrailer.com\/product\/3m-dessert-food-trailer\/","url":"https:\/\/www.honlufoodtrailer.com\/product\/3m-dessert-food-trailer\/","name":"Remolque de 3 m para postres de China - Honlu Food Trailer","isPartOf":{"@id":"https:\/\/www.honlufoodtrailer.com\/#website"},"primaryImageOfPage":{"@id":"https:\/\/www.honlufoodtrailer.com\/product\/3m-dessert-food-trailer\/#primaryimage"},"image":{"@id":"https:\/\/www.honlufoodtrailer.com\/product\/3m-dessert-food-trailer\/#primaryimage"},"thumbnailUrl":"https:\/\/www.honlufoodtrailer.com\/wp-content\/uploads\/2024\/04\/3m-dessert-food-trailer.jpg","datePublished":"2024-04-19T08:24:24+00:00","dateModified":"2025-02-14T07:09:19+00:00","description":"\u00bfBusca un peque\u00f1o remolque de comida para postres? \u00a1Vea este remolque de postres de 3 m aqu\u00ed! \u00a1Consiga ahora uno similar o personalizado a un precio razonable!","breadcrumb":{"@id":"https:\/\/www.honlufoodtrailer.com\/product\/3m-dessert-food-trailer\/#breadcrumb"},"inLanguage":"es","potentialAction":[{"@type":"ReadAction","target":["https:\/\/www.honlufoodtrailer.com\/product\/3m-dessert-food-trailer\/"]}]},{"@type":"ImageObject","inLanguage":"es","@id":"https:\/\/www.honlufoodtrailer.com\/product\/3m-dessert-food-trailer\/#primaryimage","url":"https:\/\/www.honlufoodtrailer.com\/wp-content\/uploads\/2024\/04\/3m-dessert-food-trailer.jpg","contentUrl":"https:\/\/www.honlufoodtrailer.com\/wp-content\/uploads\/2024\/04\/3m-dessert-food-trailer.jpg","width":720,"height":540,"caption":"3m dessert food trailer"},{"@type":"BreadcrumbList","@id":"https:\/\/www.honlufoodtrailer.com\/product\/3m-dessert-food-trailer\/#breadcrumb","itemListElement":[{"@type":"ListItem","position":1,"name":"Home","item":"https:\/\/www.honlufoodtrailer.com\/"},{"@type":"ListItem","position":2,"name":"\u4ea7\u54c1","item":"https:\/\/www.honlufoodtrailer.com\/shop\/"},{"@type":"ListItem","position":3,"name":"3m Dessert Food Trailer"}]},{"@type":"WebSite","@id":"https:\/\/www.honlufoodtrailer.com\/#website","url":"https:\/\/www.honlufoodtrailer.com\/","name":"Remolque de comida Honlu","description":"","publisher":{"@id":"https:\/\/www.honlufoodtrailer.com\/#organization"},"potentialAction":[{"@type":"SearchAction","target":{"@type":"EntryPoint","urlTemplate":"https:\/\/www.honlufoodtrailer.com\/?s={search_term_string}"},"query-input":{"@type":"PropertyValueSpecification","valueRequired":true,"valueName":"search_term_string"}}],"inLanguage":"es"},{"@type":"Organization","@id":"https:\/\/www.honlufoodtrailer.com\/#organization","name":"Remolque de comida Honlu","url":"https:\/\/www.honlufoodtrailer.com\/","logo":{"@type":"ImageObject","inLanguage":"es","@id":"https:\/\/www.honlufoodtrailer.com\/#\/schema\/logo\/image\/","url":"https:\/\/www.honlufoodtrailer.com\/wp-content\/uploads\/2021\/12\/2.gif","contentUrl":"https:\/\/www.honlufoodtrailer.com\/wp-content\/uploads\/2021\/12\/2.gif","width":350,"height":100,"caption":"Honlu food trailer"},"image":{"@id":"https:\/\/www.honlufoodtrailer.com\/#\/schema\/logo\/image\/"}}]}},"_links":{"self":[{"href":"https:\/\/www.honlufoodtrailer.com\/es\/wp-json\/wp\/v2\/product\/7482","targetHints":{"allow":["GET"]}}],"collection":[{"href":"https:\/\/www.honlufoodtrailer.com\/es\/wp-json\/wp\/v2\/product"}],"about":[{"href":"https:\/\/www.honlufoodtrailer.com\/es\/wp-json\/wp\/v2\/types\/product"}],"version-history":[{"count":3,"href":"https:\/\/www.honlufoodtrailer.com\/es\/wp-json\/wp\/v2\/product\/7482\/revisions"}],"predecessor-version":[{"id":8210,"href":"https:\/\/www.honlufoodtrailer.com\/es\/wp-json\/wp\/v2\/product\/7482\/revisions\/8210"}],"wp:featuredmedia":[{"embeddable":true,"href":"https:\/\/www.honlufoodtrailer.com\/es\/wp-json\/wp\/v2\/media\/7483"}],"wp:attachment":[{"href":"https:\/\/www.honlufoodtrailer.com\/es\/wp-json\/wp\/v2\/media?parent=7482"}],"wp:term":[{"taxonomy":"product_brand","embeddable":true,"href":"https:\/\/www.honlufoodtrailer.com\/es\/wp-json\/wp\/v2\/product_brand?post=7482"},{"taxonomy":"product_cat","embeddable":true,"href":"https:\/\/www.honlufoodtrailer.com\/es\/wp-json\/wp\/v2\/product_cat?post=7482"},{"taxonomy":"product_tag","embeddable":true,"href":"https:\/\/www.honlufoodtrailer.com\/es\/wp-json\/wp\/v2\/product_tag?post=7482"}],"curies":[{"name":"wp","href":"https:\/\/api.w.org\/{rel}","templated":true}]}}