{"id":7576,"date":"2024-04-30T14:08:25","date_gmt":"2024-04-30T06:08:25","guid":{"rendered":"https:\/\/www.honlufoodtrailer.com\/?post_type=product&#038;p=7576"},"modified":"2025-02-14T14:56:08","modified_gmt":"2025-02-14T06:56:08","slug":"custom-mobile-kitchen-trailer","status":"publish","type":"product","link":"https:\/\/www.honlufoodtrailer.com\/es\/product\/custom-mobile-kitchen-trailer\/","title":{"rendered":"Remolque de cocina m\u00f3vil personalizado de 16 pies"},"content":{"rendered":"<p>\u00bfEst\u00e1 buscando un remolque de cocina m\u00f3vil a medida? \u00a1Vea este remolque de cocina m\u00f3vil de 16 pies aqu\u00ed! Lo hemos fabricado para uno de nuestros clientes. Es un modelo muy popular entre nuestros clientes. Podemos fabricar un remolque cocina similar a este, o personalizar uno para usted. El color de la carrocer\u00eda, las pegatinas, la se\u00f1alizaci\u00f3n y el equipo de cocina del remolque se pueden personalizar. S\u00f3lo tiene que ponerse en contacto con nosotros y decirnos sus requisitos detallados. Veamos primero algunas fotos de este remolque cocina m\u00f3vil.<\/p>\n<p><img fetchpriority=\"high\" decoding=\"async\" class=\"aligncenter size-full wp-image-7580\" src=\"https:\/\/www.honlufoodtrailer.com\/wp-content\/uploads\/2024\/04\/16ft-kitchen-mobile-trailer-for-sale.jpg\" alt=\"Cocina de 16 pies remolque m\u00f3vil para la venta\" width=\"720\" height=\"540\" srcset=\"https:\/\/www.honlufoodtrailer.com\/wp-content\/uploads\/2024\/04\/16ft-kitchen-mobile-trailer-for-sale.jpg 720w, https:\/\/www.honlufoodtrailer.com\/wp-content\/uploads\/2024\/04\/16ft-kitchen-mobile-trailer-for-sale-480x360.jpg 480w, https:\/\/www.honlufoodtrailer.com\/wp-content\/uploads\/2024\/04\/16ft-kitchen-mobile-trailer-for-sale-300x225.jpg 300w\" sizes=\"(max-width: 720px) 100vw, 720px\" \/> <img decoding=\"async\" class=\"aligncenter size-full wp-image-7582\" src=\"https:\/\/www.honlufoodtrailer.com\/wp-content\/uploads\/2024\/04\/16ft-mobile-kitchen-food-trailer.jpg\" alt=\"cocina m\u00f3vil de 16 pies remolque de alimentos\" width=\"720\" height=\"540\" srcset=\"https:\/\/www.honlufoodtrailer.com\/wp-content\/uploads\/2024\/04\/16ft-mobile-kitchen-food-trailer.jpg 720w, https:\/\/www.honlufoodtrailer.com\/wp-content\/uploads\/2024\/04\/16ft-mobile-kitchen-food-trailer-480x360.jpg 480w, https:\/\/www.honlufoodtrailer.com\/wp-content\/uploads\/2024\/04\/16ft-mobile-kitchen-food-trailer-300x225.jpg 300w\" sizes=\"(max-width: 720px) 100vw, 720px\" \/><\/p>\n<p>Como podemos ver en la imagen de arriba, hemos pintado este remolque de cocina m\u00f3vil personalizado con un color naranja brillante. Despu\u00e9s de que nuestro cliente reciba este remolque de cocina m\u00f3vil personalizado, decorar\u00e1 el exterior de este remolque a su gusto. A continuaci\u00f3n, vamos a ver la vista interior de este remolque de cocina m\u00f3vil personalizado.<\/p>\n<p><img decoding=\"async\" class=\"aligncenter size-full wp-image-7577\" src=\"https:\/\/www.honlufoodtrailer.com\/wp-content\/uploads\/2024\/04\/16ft-custom-mobile-kitchen-trailer-inner-view.jpg\" alt=\"remolque de cocina m\u00f3vil personalizado de 16 pies vista interior\" width=\"720\" height=\"540\" srcset=\"https:\/\/www.honlufoodtrailer.com\/wp-content\/uploads\/2024\/04\/16ft-custom-mobile-kitchen-trailer-inner-view.jpg 720w, https:\/\/www.honlufoodtrailer.com\/wp-content\/uploads\/2024\/04\/16ft-custom-mobile-kitchen-trailer-inner-view-480x360.jpg 480w, https:\/\/www.honlufoodtrailer.com\/wp-content\/uploads\/2024\/04\/16ft-custom-mobile-kitchen-trailer-inner-view-300x225.jpg 300w\" sizes=\"(max-width: 720px) 100vw, 720px\" \/><\/p>\n<p>En las fotos de arriba puede ver que hemos equipado este remolque de cocina m\u00f3vil con mesa de trabajo, armario, campana extractora, fregaderos, luces, etc. El equipo anterior ayudar\u00e1 a nuestro cliente a iniciar su negocio de remolque de cocina m\u00f3vil. Como fabricante profesional de remolques de alimentos con m\u00e1s de 10 a\u00f1os de experiencia, podemos ayudarle a personalizar su remolque de alimentos de acuerdo a sus necesidades espec\u00edficas. En una palabra, le proporcionaremos el remolque de cocina m\u00f3vil personalizado a su gusto.<\/p>\n<h3>M\u00e1s detalles de este remolque de cocina m\u00f3vil a medida<\/h3>\n<p>Ahora, veamos m\u00e1s detalles de este remolque cocina a trav\u00e9s de las siguientes im\u00e1genes.<\/p>\n<p><img loading=\"lazy\" decoding=\"async\" class=\"aligncenter size-full wp-image-7587\" src=\"https:\/\/www.honlufoodtrailer.com\/wp-content\/uploads\/2024\/04\/5m-custom-mobile-kitchen-trailer-details.jpg\" alt=\"Detalles del remolque de cocina m\u00f3vil personalizado de 5 m\" width=\"800\" height=\"800\" srcset=\"https:\/\/www.honlufoodtrailer.com\/wp-content\/uploads\/2024\/04\/5m-custom-mobile-kitchen-trailer-details.jpg 800w, https:\/\/www.honlufoodtrailer.com\/wp-content\/uploads\/2024\/04\/5m-custom-mobile-kitchen-trailer-details-768x768.jpg 768w, https:\/\/www.honlufoodtrailer.com\/wp-content\/uploads\/2024\/04\/5m-custom-mobile-kitchen-trailer-details-360x360.jpg 360w, https:\/\/www.honlufoodtrailer.com\/wp-content\/uploads\/2024\/04\/5m-custom-mobile-kitchen-trailer-details-300x300.jpg 300w, https:\/\/www.honlufoodtrailer.com\/wp-content\/uploads\/2024\/04\/5m-custom-mobile-kitchen-trailer-details-720x720.jpg 720w, https:\/\/www.honlufoodtrailer.com\/wp-content\/uploads\/2024\/04\/5m-custom-mobile-kitchen-trailer-details-100x100.jpg 100w\" sizes=\"(max-width: 800px) 100vw, 800px\" \/><\/p>\n<p>&nbsp;<\/p>\n<p>Los remolques de comida tambi\u00e9n pueden llamarse carritos de comida, furgonetas de comida, camiones de comida, etc. La gente los utiliza para vender comida r\u00e1pida, aperitivos, peri\u00f3dicos, libros, etc. La gente los utiliza para vender comida r\u00e1pida, aperitivos, peri\u00f3dicos, libros, etc. Consta de chasis, carrocer\u00eda, suelo, mesa de trabajo, sistema de agua y sistema el\u00e9ctrico. Los usuarios tambi\u00e9n pueden elegir el color que deseen. Nos gustaria comprar otros tipos de equipos si los clientes lo desean.<\/p>\n<h3><b class=\"magic-22\"><span class=\"magic-11\">Caracter\u00edsticas principales de nuestro remolque de cocina m\u00f3vil personalizado<\/span><\/b><\/h3>\n<div class=\"magic-2\">\n<div class=\"magic-3\">\n<div class=\"magic-4\">1. 2. Bajo coste y respetuoso con el medio ambiente, sin humos ni ruidos, f\u00e1cil de trasladar a cualquier lugar.<br \/>\n2. Se puede utilizar durante muchos a\u00f1os y no va a construir basura, y que es muchos trajes para la vida moderna.<br \/>\n3. Es conveniente y simple para la carga y el transporte porque el dise\u00f1o es \u00fanico e individual.<br \/>\n4. El material principal es acero inoxidable, y la plataforma plana (mesa) no se oxida.<br \/>\n5. Tiene resistencia al calor, y la fuerza es alta, alta solidez del color, sin deformaci\u00f3n, resistente al agua, y larga vida \u00fatil.<\/div>\n<\/div>\n<\/div>\n<h3><b class=\"magic-22\"><span class=\"magic-11\">Ventaja principal:<\/span><\/b><\/h3>\n<p><span class=\"magic-12\">1. Econ\u00f3mico y ecol\u00f3gico;<br \/>\n2. 2. F\u00e1cil de trasladar a cualquier lugar (su negocio no est\u00e1 limitado);<br \/>\n3. Forma \u00fanica (invisible para atraer a m\u00e1s clientes);<br \/>\n4. Larga vida \u00fatil (resistente a la corrosi\u00f3n, al calor, al agua y a la deformaci\u00f3n).<\/span><\/p>","protected":false},"excerpt":{"rendered":"<p>Este es uno de nuestros remolques de cocina port\u00e1til de 16 pies hechos a medida. Es una buena opci\u00f3n para las personas que quieren iniciar un negocio de remolque de cocina m\u00f3vil de alimentos. Podemos hacer uno similar o personalizar uno para usted. Por ejemplo, no s\u00f3lo podemos personalizar el exterior del remolque de alimentos, sino tambi\u00e9n personalizar el equipo de cocina en el interior del remolque. No dude en ponerse en contacto con nosotros e ind\u00edquenos sus requisitos detallados.<\/p>","protected":false},"featured_media":7580,"template":"","meta":{"_themeisle_gutenberg_block_has_review":false},"product_brand":[],"product_cat":[26],"product_tag":[96,33,60,61,38],"class_list":{"0":"post-7576","1":"product","2":"type-product","3":"status-publish","4":"has-post-thumbnail","6":"product_cat-product","7":"product_tag-16ft-food-trailer","8":"product_tag-customized-trailer","9":"product_tag-fast-food-trailer","10":"product_tag-fast-food-trailer-for-sale","11":"product_tag-mobile-food-trailer","13":"first","14":"instock","15":"shipping-taxable","16":"product-type-simple"},"yoast_head":"<!-- This site is optimized with the Yoast SEO plugin v27.4 - https:\/\/yoast.com\/product\/yoast-seo-wordpress\/ -->\n<title>Factory Price Custom Mobile Kitchen Trailer - Honlu Food Trailer<\/title>\n<meta name=\"description\" content=\"Want to start a mobile kitchen trailer business? see this 16ft custom mobile kitchen trailer here! Get a similar or customized one at factory price!\" \/>\n<meta name=\"robots\" content=\"index, follow, max-snippet:-1, max-image-preview:large, max-video-preview:-1\" \/>\n<link rel=\"canonical\" href=\"https:\/\/www.honlufoodtrailer.com\/es\/producto\/custom-mobile-kitchen-trailer\/\" \/>\n<meta property=\"og:locale\" content=\"es_ES\" \/>\n<meta property=\"og:type\" content=\"article\" \/>\n<meta property=\"og:title\" content=\"Factory Price Custom Mobile Kitchen Trailer - Honlu Food Trailer\" \/>\n<meta property=\"og:description\" content=\"Want to start a mobile kitchen trailer business? see this 16ft custom mobile kitchen trailer here! Get a similar or customized one at factory price!\" \/>\n<meta property=\"og:url\" content=\"https:\/\/www.honlufoodtrailer.com\/es\/producto\/custom-mobile-kitchen-trailer\/\" \/>\n<meta property=\"og:site_name\" content=\"Honlu food trailer\" \/>\n<meta property=\"article:modified_time\" content=\"2025-02-14T06:56:08+00:00\" \/>\n<meta property=\"og:image\" content=\"https:\/\/www.honlufoodtrailer.com\/wp-content\/uploads\/2024\/04\/16ft-kitchen-mobile-trailer-for-sale.jpg\" \/>\n\t<meta property=\"og:image:width\" content=\"720\" \/>\n\t<meta property=\"og:image:height\" content=\"540\" \/>\n\t<meta property=\"og:image:type\" content=\"image\/jpeg\" \/>\n<meta name=\"twitter:card\" content=\"summary_large_image\" \/>\n<meta name=\"twitter:label1\" content=\"Tiempo de lectura\" \/>\n\t<meta name=\"twitter:data1\" content=\"1 minuto\" \/>\n<script type=\"application\/ld+json\" class=\"yoast-schema-graph\">{\"@context\":\"https:\\\/\\\/schema.org\",\"@graph\":[{\"@type\":\"WebPage\",\"@id\":\"https:\\\/\\\/www.honlufoodtrailer.com\\\/product\\\/custom-mobile-kitchen-trailer\\\/\",\"url\":\"https:\\\/\\\/www.honlufoodtrailer.com\\\/product\\\/custom-mobile-kitchen-trailer\\\/\",\"name\":\"Factory Price Custom Mobile Kitchen Trailer - Honlu Food Trailer\",\"isPartOf\":{\"@id\":\"https:\\\/\\\/www.honlufoodtrailer.com\\\/#website\"},\"primaryImageOfPage\":{\"@id\":\"https:\\\/\\\/www.honlufoodtrailer.com\\\/product\\\/custom-mobile-kitchen-trailer\\\/#primaryimage\"},\"image\":{\"@id\":\"https:\\\/\\\/www.honlufoodtrailer.com\\\/product\\\/custom-mobile-kitchen-trailer\\\/#primaryimage\"},\"thumbnailUrl\":\"https:\\\/\\\/www.honlufoodtrailer.com\\\/wp-content\\\/uploads\\\/2024\\\/04\\\/16ft-kitchen-mobile-trailer-for-sale.jpg\",\"datePublished\":\"2024-04-30T06:08:25+00:00\",\"dateModified\":\"2025-02-14T06:56:08+00:00\",\"description\":\"Want to start a mobile kitchen trailer business? see this 16ft custom mobile kitchen trailer here! Get a similar or customized one at factory price!\",\"breadcrumb\":{\"@id\":\"https:\\\/\\\/www.honlufoodtrailer.com\\\/product\\\/custom-mobile-kitchen-trailer\\\/#breadcrumb\"},\"inLanguage\":\"es\",\"potentialAction\":[{\"@type\":\"ReadAction\",\"target\":[\"https:\\\/\\\/www.honlufoodtrailer.com\\\/product\\\/custom-mobile-kitchen-trailer\\\/\"]}]},{\"@type\":\"ImageObject\",\"inLanguage\":\"es\",\"@id\":\"https:\\\/\\\/www.honlufoodtrailer.com\\\/product\\\/custom-mobile-kitchen-trailer\\\/#primaryimage\",\"url\":\"https:\\\/\\\/www.honlufoodtrailer.com\\\/wp-content\\\/uploads\\\/2024\\\/04\\\/16ft-kitchen-mobile-trailer-for-sale.jpg\",\"contentUrl\":\"https:\\\/\\\/www.honlufoodtrailer.com\\\/wp-content\\\/uploads\\\/2024\\\/04\\\/16ft-kitchen-mobile-trailer-for-sale.jpg\",\"width\":720,\"height\":540,\"caption\":\"16ft kitchen mobile trailer for sale\"},{\"@type\":\"BreadcrumbList\",\"@id\":\"https:\\\/\\\/www.honlufoodtrailer.com\\\/product\\\/custom-mobile-kitchen-trailer\\\/#breadcrumb\",\"itemListElement\":[{\"@type\":\"ListItem\",\"position\":1,\"name\":\"Home\",\"item\":\"https:\\\/\\\/www.honlufoodtrailer.com\\\/\"},{\"@type\":\"ListItem\",\"position\":2,\"name\":\"\u4ea7\u54c1\",\"item\":\"https:\\\/\\\/www.honlufoodtrailer.com\\\/shop\\\/\"},{\"@type\":\"ListItem\",\"position\":3,\"name\":\"16ft Custom Mobile Kitchen Trailer\"}]},{\"@type\":\"WebSite\",\"@id\":\"https:\\\/\\\/www.honlufoodtrailer.com\\\/#website\",\"url\":\"https:\\\/\\\/www.honlufoodtrailer.com\\\/\",\"name\":\"Honlu food trailer\",\"description\":\"\",\"publisher\":{\"@id\":\"https:\\\/\\\/www.honlufoodtrailer.com\\\/#organization\"},\"potentialAction\":[{\"@type\":\"SearchAction\",\"target\":{\"@type\":\"EntryPoint\",\"urlTemplate\":\"https:\\\/\\\/www.honlufoodtrailer.com\\\/?s={search_term_string}\"},\"query-input\":{\"@type\":\"PropertyValueSpecification\",\"valueRequired\":true,\"valueName\":\"search_term_string\"}}],\"inLanguage\":\"es\"},{\"@type\":\"Organization\",\"@id\":\"https:\\\/\\\/www.honlufoodtrailer.com\\\/#organization\",\"name\":\"Honlu food trailer\",\"url\":\"https:\\\/\\\/www.honlufoodtrailer.com\\\/\",\"logo\":{\"@type\":\"ImageObject\",\"inLanguage\":\"es\",\"@id\":\"https:\\\/\\\/www.honlufoodtrailer.com\\\/#\\\/schema\\\/logo\\\/image\\\/\",\"url\":\"https:\\\/\\\/www.honlufoodtrailer.com\\\/wp-content\\\/uploads\\\/2021\\\/12\\\/2.gif\",\"contentUrl\":\"https:\\\/\\\/www.honlufoodtrailer.com\\\/wp-content\\\/uploads\\\/2021\\\/12\\\/2.gif\",\"width\":350,\"height\":100,\"caption\":\"Honlu food trailer\"},\"image\":{\"@id\":\"https:\\\/\\\/www.honlufoodtrailer.com\\\/#\\\/schema\\\/logo\\\/image\\\/\"}}]}<\/script>\n<!-- \/ Yoast SEO plugin. -->","yoast_head_json":{"title":"Remolque de cocina m\u00f3vil personalizado con precio de f\u00e1brica - Honlu Food Trailer","description":"\u00a1\u00bfQuieres empezar un negocio de cocina m\u00f3vil remolque? ver este 16ft remolque cocina m\u00f3vil personalizado aqu\u00ed! \u00a1Consigue uno similar o personalizado a precio de f\u00e1brica!","robots":{"index":"index","follow":"follow","max-snippet":"max-snippet:-1","max-image-preview":"max-image-preview:large","max-video-preview":"max-video-preview:-1"},"canonical":"https:\/\/www.honlufoodtrailer.com\/es\/producto\/custom-mobile-kitchen-trailer\/","og_locale":"es_ES","og_type":"article","og_title":"Factory Price Custom Mobile Kitchen Trailer - Honlu Food Trailer","og_description":"Want to start a mobile kitchen trailer business? see this 16ft custom mobile kitchen trailer here! Get a similar or customized one at factory price!","og_url":"https:\/\/www.honlufoodtrailer.com\/es\/producto\/custom-mobile-kitchen-trailer\/","og_site_name":"Honlu food trailer","article_modified_time":"2025-02-14T06:56:08+00:00","og_image":[{"width":720,"height":540,"url":"https:\/\/www.honlufoodtrailer.com\/wp-content\/uploads\/2024\/04\/16ft-kitchen-mobile-trailer-for-sale.jpg","type":"image\/jpeg"}],"twitter_card":"summary_large_image","twitter_misc":{"Tiempo de lectura":"1 minuto"},"schema":{"@context":"https:\/\/schema.org","@graph":[{"@type":"WebPage","@id":"https:\/\/www.honlufoodtrailer.com\/product\/custom-mobile-kitchen-trailer\/","url":"https:\/\/www.honlufoodtrailer.com\/product\/custom-mobile-kitchen-trailer\/","name":"Remolque de cocina m\u00f3vil personalizado con precio de f\u00e1brica - Honlu Food Trailer","isPartOf":{"@id":"https:\/\/www.honlufoodtrailer.com\/#website"},"primaryImageOfPage":{"@id":"https:\/\/www.honlufoodtrailer.com\/product\/custom-mobile-kitchen-trailer\/#primaryimage"},"image":{"@id":"https:\/\/www.honlufoodtrailer.com\/product\/custom-mobile-kitchen-trailer\/#primaryimage"},"thumbnailUrl":"https:\/\/www.honlufoodtrailer.com\/wp-content\/uploads\/2024\/04\/16ft-kitchen-mobile-trailer-for-sale.jpg","datePublished":"2024-04-30T06:08:25+00:00","dateModified":"2025-02-14T06:56:08+00:00","description":"\u00a1\u00bfQuieres empezar un negocio de cocina m\u00f3vil remolque? ver este 16ft remolque cocina m\u00f3vil personalizado aqu\u00ed! \u00a1Consigue uno similar o personalizado a precio de f\u00e1brica!","breadcrumb":{"@id":"https:\/\/www.honlufoodtrailer.com\/product\/custom-mobile-kitchen-trailer\/#breadcrumb"},"inLanguage":"es","potentialAction":[{"@type":"ReadAction","target":["https:\/\/www.honlufoodtrailer.com\/product\/custom-mobile-kitchen-trailer\/"]}]},{"@type":"ImageObject","inLanguage":"es","@id":"https:\/\/www.honlufoodtrailer.com\/product\/custom-mobile-kitchen-trailer\/#primaryimage","url":"https:\/\/www.honlufoodtrailer.com\/wp-content\/uploads\/2024\/04\/16ft-kitchen-mobile-trailer-for-sale.jpg","contentUrl":"https:\/\/www.honlufoodtrailer.com\/wp-content\/uploads\/2024\/04\/16ft-kitchen-mobile-trailer-for-sale.jpg","width":720,"height":540,"caption":"16ft kitchen mobile trailer for sale"},{"@type":"BreadcrumbList","@id":"https:\/\/www.honlufoodtrailer.com\/product\/custom-mobile-kitchen-trailer\/#breadcrumb","itemListElement":[{"@type":"ListItem","position":1,"name":"Home","item":"https:\/\/www.honlufoodtrailer.com\/"},{"@type":"ListItem","position":2,"name":"\u4ea7\u54c1","item":"https:\/\/www.honlufoodtrailer.com\/shop\/"},{"@type":"ListItem","position":3,"name":"16ft Custom Mobile Kitchen Trailer"}]},{"@type":"WebSite","@id":"https:\/\/www.honlufoodtrailer.com\/#website","url":"https:\/\/www.honlufoodtrailer.com\/","name":"Remolque de comida Honlu","description":"","publisher":{"@id":"https:\/\/www.honlufoodtrailer.com\/#organization"},"potentialAction":[{"@type":"SearchAction","target":{"@type":"EntryPoint","urlTemplate":"https:\/\/www.honlufoodtrailer.com\/?s={search_term_string}"},"query-input":{"@type":"PropertyValueSpecification","valueRequired":true,"valueName":"search_term_string"}}],"inLanguage":"es"},{"@type":"Organization","@id":"https:\/\/www.honlufoodtrailer.com\/#organization","name":"Remolque de comida Honlu","url":"https:\/\/www.honlufoodtrailer.com\/","logo":{"@type":"ImageObject","inLanguage":"es","@id":"https:\/\/www.honlufoodtrailer.com\/#\/schema\/logo\/image\/","url":"https:\/\/www.honlufoodtrailer.com\/wp-content\/uploads\/2021\/12\/2.gif","contentUrl":"https:\/\/www.honlufoodtrailer.com\/wp-content\/uploads\/2021\/12\/2.gif","width":350,"height":100,"caption":"Honlu food trailer"},"image":{"@id":"https:\/\/www.honlufoodtrailer.com\/#\/schema\/logo\/image\/"}}]}},"_links":{"self":[{"href":"https:\/\/www.honlufoodtrailer.com\/es\/wp-json\/wp\/v2\/product\/7576","targetHints":{"allow":["GET"]}}],"collection":[{"href":"https:\/\/www.honlufoodtrailer.com\/es\/wp-json\/wp\/v2\/product"}],"about":[{"href":"https:\/\/www.honlufoodtrailer.com\/es\/wp-json\/wp\/v2\/types\/product"}],"version-history":[{"count":2,"href":"https:\/\/www.honlufoodtrailer.com\/es\/wp-json\/wp\/v2\/product\/7576\/revisions"}],"predecessor-version":[{"id":8208,"href":"https:\/\/www.honlufoodtrailer.com\/es\/wp-json\/wp\/v2\/product\/7576\/revisions\/8208"}],"wp:featuredmedia":[{"embeddable":true,"href":"https:\/\/www.honlufoodtrailer.com\/es\/wp-json\/wp\/v2\/media\/7580"}],"wp:attachment":[{"href":"https:\/\/www.honlufoodtrailer.com\/es\/wp-json\/wp\/v2\/media?parent=7576"}],"wp:term":[{"taxonomy":"product_brand","embeddable":true,"href":"https:\/\/www.honlufoodtrailer.com\/es\/wp-json\/wp\/v2\/product_brand?post=7576"},{"taxonomy":"product_cat","embeddable":true,"href":"https:\/\/www.honlufoodtrailer.com\/es\/wp-json\/wp\/v2\/product_cat?post=7576"},{"taxonomy":"product_tag","embeddable":true,"href":"https:\/\/www.honlufoodtrailer.com\/es\/wp-json\/wp\/v2\/product_tag?post=7576"}],"curies":[{"name":"wp","href":"https:\/\/api.w.org\/{rel}","templated":true}]}}