{"id":7622,"date":"2024-05-07T17:04:24","date_gmt":"2024-05-07T09:04:24","guid":{"rendered":"https:\/\/www.honlufoodtrailer.com\/?post_type=product&#038;p=7622"},"modified":"2025-02-14T14:54:38","modified_gmt":"2025-02-14T06:54:38","slug":"16ft-food-vending-trailer-for-sale","status":"publish","type":"product","link":"https:\/\/www.honlufoodtrailer.com\/es\/product\/16ft-food-vending-trailer-for-sale\/","title":{"rendered":"Remolque expendedor de comida de 16 pies en venta"},"content":{"rendered":"<p>Do you want to start a food vending trailer business? See this 16ft food vending trailer for sale we have manufactured. It may be a good choice for you to start a food vending trailer business. We can manufacture a similar food trailer like this one, or customize a special one for you. The body color, stickers, signage, and kitchen equipment of the vending trailer can be customized. What you need to do is just contact us and tell us your detailed requirements. Not only can we help you design your ideal food vending trailer, but we can also build it fully equipped. Now, let&#8217;s see some pictures of this custom vending trailer first!<\/p>\n<p><img fetchpriority=\"high\" decoding=\"async\" class=\"aligncenter size-full wp-image-7625\" src=\"https:\/\/www.honlufoodtrailer.com\/wp-content\/uploads\/2024\/05\/16ft-food-vending-trailer-for-sale.jpg\" alt=\"16ft food vending trailer for sale\" width=\"720\" height=\"540\" srcset=\"https:\/\/www.honlufoodtrailer.com\/wp-content\/uploads\/2024\/05\/16ft-food-vending-trailer-for-sale.jpg 720w, https:\/\/www.honlufoodtrailer.com\/wp-content\/uploads\/2024\/05\/16ft-food-vending-trailer-for-sale-480x360.jpg 480w, https:\/\/www.honlufoodtrailer.com\/wp-content\/uploads\/2024\/05\/16ft-food-vending-trailer-for-sale-300x225.jpg 300w\" sizes=\"(max-width: 720px) 100vw, 720px\" \/> <img decoding=\"async\" class=\"aligncenter size-full wp-image-7624\" src=\"https:\/\/www.honlufoodtrailer.com\/wp-content\/uploads\/2024\/05\/5m-vending-trailer-for-sale.jpg\" alt=\"Remolque expendedor de 5 m en venta\" width=\"720\" height=\"540\" srcset=\"https:\/\/www.honlufoodtrailer.com\/wp-content\/uploads\/2024\/05\/5m-vending-trailer-for-sale.jpg 720w, https:\/\/www.honlufoodtrailer.com\/wp-content\/uploads\/2024\/05\/5m-vending-trailer-for-sale-480x360.jpg 480w, https:\/\/www.honlufoodtrailer.com\/wp-content\/uploads\/2024\/05\/5m-vending-trailer-for-sale-300x225.jpg 300w\" sizes=\"(max-width: 720px) 100vw, 720px\" \/><\/p>\n<p>&nbsp;<\/p>\n<h3>Inner detail of This 16ft Food Vending Trailer For Sale<\/h3>\n<p>As you can see from the picture below, we have equipped this vending concession trailer with a work table, a sink, a range hood, and some other electrical apparatus etc. Our customer will add some other equipment he needs after receiving the trailer.<\/p>\n<p><img decoding=\"async\" class=\"aligncenter size-full wp-image-7626\" src=\"https:\/\/www.honlufoodtrailer.com\/wp-content\/uploads\/2024\/05\/16ft-food-vending-trailer-inner-details.jpg\" alt=\"16ft food vending trailer inner details\" width=\"720\" height=\"540\" srcset=\"https:\/\/www.honlufoodtrailer.com\/wp-content\/uploads\/2024\/05\/16ft-food-vending-trailer-inner-details.jpg 720w, https:\/\/www.honlufoodtrailer.com\/wp-content\/uploads\/2024\/05\/16ft-food-vending-trailer-inner-details-480x360.jpg 480w, https:\/\/www.honlufoodtrailer.com\/wp-content\/uploads\/2024\/05\/16ft-food-vending-trailer-inner-details-300x225.jpg 300w\" sizes=\"(max-width: 720px) 100vw, 720px\" \/><\/p>\n<h3>More Details of this 16ft Food Vending Trailer For Sale<\/h3>\n<p>Now, let&#8217;s see more details of this food vending trailer through the following pictures.<\/p>\n<p><img loading=\"lazy\" decoding=\"async\" class=\"aligncenter size-full wp-image-7623\" src=\"https:\/\/www.honlufoodtrailer.com\/wp-content\/uploads\/2024\/05\/16ft-food-vending-trailer-details.jpg\" alt=\"16ft food vending trailer details\" width=\"800\" height=\"800\" srcset=\"https:\/\/www.honlufoodtrailer.com\/wp-content\/uploads\/2024\/05\/16ft-food-vending-trailer-details.jpg 800w, https:\/\/www.honlufoodtrailer.com\/wp-content\/uploads\/2024\/05\/16ft-food-vending-trailer-details-768x768.jpg 768w, https:\/\/www.honlufoodtrailer.com\/wp-content\/uploads\/2024\/05\/16ft-food-vending-trailer-details-360x360.jpg 360w, https:\/\/www.honlufoodtrailer.com\/wp-content\/uploads\/2024\/05\/16ft-food-vending-trailer-details-300x300.jpg 300w, https:\/\/www.honlufoodtrailer.com\/wp-content\/uploads\/2024\/05\/16ft-food-vending-trailer-details-720x720.jpg 720w, https:\/\/www.honlufoodtrailer.com\/wp-content\/uploads\/2024\/05\/16ft-food-vending-trailer-details-100x100.jpg 100w\" sizes=\"(max-width: 800px) 100vw, 800px\" \/><\/p>\n<p>&nbsp;<\/p>\n<p>Los remolques de comida tambi\u00e9n pueden llamarse carritos de comida, furgonetas de comida, camiones de comida, etc. La gente los utiliza para vender comida r\u00e1pida, aperitivos, peri\u00f3dicos, libros, etc. La gente los utiliza para vender comida r\u00e1pida, aperitivos, peri\u00f3dicos, libros, etc. Consta de chasis, carrocer\u00eda, suelo, mesa de trabajo, sistema de agua y sistema el\u00e9ctrico. Los usuarios tambi\u00e9n pueden elegir el color que deseen. Nos gustaria comprar otros tipos de equipos si los clientes lo desean.<\/p>\n<h3><b class=\"magic-22\"><span class=\"magic-11\">Main Features Of Our Custom Vending Trailer<\/span><\/b><\/h3>\n<div class=\"magic-2\">\n<div class=\"magic-3\">\n<div class=\"magic-4\">1. 2. Bajo coste y respetuoso con el medio ambiente, sin humos ni ruidos, f\u00e1cil de trasladar a cualquier lugar.<br \/>\n2. Tiene resistencia al calor, y la fuerza es alta, alta solidez del color, sin deformaci\u00f3n, resistente al agua, y larga vida \u00fatil.<br \/>\n3. Es conveniente y simple para la carga y el transporte porque el dise\u00f1o es \u00fanico e individual.<br \/>\n4. El material principal es acero inoxidable, y la plataforma plana (mesa) no se oxida.<\/div>\n<\/div>\n<\/div>\n<h3><b class=\"magic-22\"><span class=\"magic-11\">Ventaja principal:<\/span><\/b><\/h3>\n<p><span class=\"magic-12\">1. Econ\u00f3mico y ecol\u00f3gico;<br \/>\n2. 2. F\u00e1cil de trasladar a cualquier lugar (su negocio no est\u00e1 limitado);<br \/>\n3. Forma \u00fanica (invisible para atraer a m\u00e1s clientes);<br \/>\n4. 4. Larga vida \u00fatil (resistente a la corrosi\u00f3n, al calor, al agua y a la deformaci\u00f3n).<\/span><\/p>","protected":false},"excerpt":{"rendered":"<p>This is a custom-made 5m food vending trailer. It is a good choice for people who want to start a mobile food trailer business. We can make a similar one or customize one for you. For example. we not only can customize the exterior of the food trailer, but also customize the kitchen equipment inside the trailer. Just don&#8217;t hesitate to contact us and tell us your detailed requirements!<\/p>","protected":false},"featured_media":7624,"template":"","meta":{"_themeisle_gutenberg_block_has_review":false},"product_brand":[],"product_cat":[26],"product_tag":[96,33,60,61,38],"class_list":{"0":"post-7622","1":"product","2":"type-product","3":"status-publish","4":"has-post-thumbnail","6":"product_cat-product","7":"product_tag-16ft-food-trailer","8":"product_tag-customized-trailer","9":"product_tag-fast-food-trailer","10":"product_tag-fast-food-trailer-for-sale","11":"product_tag-mobile-food-trailer","13":"first","14":"instock","15":"shipping-taxable","16":"product-type-simple"},"yoast_head":"<!-- This site is optimized with the Yoast SEO plugin v27.4 - https:\/\/yoast.com\/product\/yoast-seo-wordpress\/ -->\n<title>Factory Price Food Vending Trailer For Sale - Honlu Food Trailer<\/title>\n<meta name=\"description\" content=\"Want to start a food vending trailer business? see this 16ft custom food vending trailer here! Get a similar or customized one at factory price now!\" \/>\n<meta name=\"robots\" content=\"index, follow, max-snippet:-1, max-image-preview:large, max-video-preview:-1\" \/>\n<link rel=\"canonical\" href=\"https:\/\/www.honlufoodtrailer.com\/es\/producto\/16ft-food-vending-trailer-for-sale\/\" \/>\n<meta property=\"og:locale\" content=\"es_ES\" \/>\n<meta property=\"og:type\" content=\"article\" \/>\n<meta property=\"og:title\" content=\"Factory Price Food Vending Trailer For Sale - Honlu Food Trailer\" \/>\n<meta property=\"og:description\" content=\"Want to start a food vending trailer business? see this 16ft custom food vending trailer here! Get a similar or customized one at factory price now!\" \/>\n<meta property=\"og:url\" content=\"https:\/\/www.honlufoodtrailer.com\/es\/producto\/16ft-food-vending-trailer-for-sale\/\" \/>\n<meta property=\"og:site_name\" content=\"Honlu food trailer\" \/>\n<meta property=\"article:modified_time\" content=\"2025-02-14T06:54:38+00:00\" \/>\n<meta property=\"og:image\" content=\"https:\/\/www.honlufoodtrailer.com\/wp-content\/uploads\/2024\/05\/5m-vending-trailer-for-sale.jpg\" \/>\n\t<meta property=\"og:image:width\" content=\"720\" \/>\n\t<meta property=\"og:image:height\" content=\"540\" \/>\n\t<meta property=\"og:image:type\" content=\"image\/jpeg\" \/>\n<meta name=\"twitter:card\" content=\"summary_large_image\" \/>\n<meta name=\"twitter:label1\" content=\"Tiempo de lectura\" \/>\n\t<meta name=\"twitter:data1\" content=\"1 minuto\" \/>\n<script type=\"application\/ld+json\" class=\"yoast-schema-graph\">{\"@context\":\"https:\\\/\\\/schema.org\",\"@graph\":[{\"@type\":\"WebPage\",\"@id\":\"https:\\\/\\\/www.honlufoodtrailer.com\\\/product\\\/16ft-food-vending-trailer-for-sale\\\/\",\"url\":\"https:\\\/\\\/www.honlufoodtrailer.com\\\/product\\\/16ft-food-vending-trailer-for-sale\\\/\",\"name\":\"Factory Price Food Vending Trailer For Sale - Honlu Food Trailer\",\"isPartOf\":{\"@id\":\"https:\\\/\\\/www.honlufoodtrailer.com\\\/#website\"},\"primaryImageOfPage\":{\"@id\":\"https:\\\/\\\/www.honlufoodtrailer.com\\\/product\\\/16ft-food-vending-trailer-for-sale\\\/#primaryimage\"},\"image\":{\"@id\":\"https:\\\/\\\/www.honlufoodtrailer.com\\\/product\\\/16ft-food-vending-trailer-for-sale\\\/#primaryimage\"},\"thumbnailUrl\":\"https:\\\/\\\/www.honlufoodtrailer.com\\\/wp-content\\\/uploads\\\/2024\\\/05\\\/5m-vending-trailer-for-sale.jpg\",\"datePublished\":\"2024-05-07T09:04:24+00:00\",\"dateModified\":\"2025-02-14T06:54:38+00:00\",\"description\":\"Want to start a food vending trailer business? see this 16ft custom food vending trailer here! Get a similar or customized one at factory price now!\",\"breadcrumb\":{\"@id\":\"https:\\\/\\\/www.honlufoodtrailer.com\\\/product\\\/16ft-food-vending-trailer-for-sale\\\/#breadcrumb\"},\"inLanguage\":\"es\",\"potentialAction\":[{\"@type\":\"ReadAction\",\"target\":[\"https:\\\/\\\/www.honlufoodtrailer.com\\\/product\\\/16ft-food-vending-trailer-for-sale\\\/\"]}]},{\"@type\":\"ImageObject\",\"inLanguage\":\"es\",\"@id\":\"https:\\\/\\\/www.honlufoodtrailer.com\\\/product\\\/16ft-food-vending-trailer-for-sale\\\/#primaryimage\",\"url\":\"https:\\\/\\\/www.honlufoodtrailer.com\\\/wp-content\\\/uploads\\\/2024\\\/05\\\/5m-vending-trailer-for-sale.jpg\",\"contentUrl\":\"https:\\\/\\\/www.honlufoodtrailer.com\\\/wp-content\\\/uploads\\\/2024\\\/05\\\/5m-vending-trailer-for-sale.jpg\",\"width\":720,\"height\":540,\"caption\":\"5m vending trailer for sale\"},{\"@type\":\"BreadcrumbList\",\"@id\":\"https:\\\/\\\/www.honlufoodtrailer.com\\\/product\\\/16ft-food-vending-trailer-for-sale\\\/#breadcrumb\",\"itemListElement\":[{\"@type\":\"ListItem\",\"position\":1,\"name\":\"Home\",\"item\":\"https:\\\/\\\/www.honlufoodtrailer.com\\\/\"},{\"@type\":\"ListItem\",\"position\":2,\"name\":\"\u4ea7\u54c1\",\"item\":\"https:\\\/\\\/www.honlufoodtrailer.com\\\/shop\\\/\"},{\"@type\":\"ListItem\",\"position\":3,\"name\":\"16ft Food Vending Trailer For Sale\"}]},{\"@type\":\"WebSite\",\"@id\":\"https:\\\/\\\/www.honlufoodtrailer.com\\\/#website\",\"url\":\"https:\\\/\\\/www.honlufoodtrailer.com\\\/\",\"name\":\"Honlu food trailer\",\"description\":\"\",\"publisher\":{\"@id\":\"https:\\\/\\\/www.honlufoodtrailer.com\\\/#organization\"},\"potentialAction\":[{\"@type\":\"SearchAction\",\"target\":{\"@type\":\"EntryPoint\",\"urlTemplate\":\"https:\\\/\\\/www.honlufoodtrailer.com\\\/?s={search_term_string}\"},\"query-input\":{\"@type\":\"PropertyValueSpecification\",\"valueRequired\":true,\"valueName\":\"search_term_string\"}}],\"inLanguage\":\"es\"},{\"@type\":\"Organization\",\"@id\":\"https:\\\/\\\/www.honlufoodtrailer.com\\\/#organization\",\"name\":\"Honlu food trailer\",\"url\":\"https:\\\/\\\/www.honlufoodtrailer.com\\\/\",\"logo\":{\"@type\":\"ImageObject\",\"inLanguage\":\"es\",\"@id\":\"https:\\\/\\\/www.honlufoodtrailer.com\\\/#\\\/schema\\\/logo\\\/image\\\/\",\"url\":\"https:\\\/\\\/www.honlufoodtrailer.com\\\/wp-content\\\/uploads\\\/2021\\\/12\\\/2.gif\",\"contentUrl\":\"https:\\\/\\\/www.honlufoodtrailer.com\\\/wp-content\\\/uploads\\\/2021\\\/12\\\/2.gif\",\"width\":350,\"height\":100,\"caption\":\"Honlu food trailer\"},\"image\":{\"@id\":\"https:\\\/\\\/www.honlufoodtrailer.com\\\/#\\\/schema\\\/logo\\\/image\\\/\"}}]}<\/script>\n<!-- \/ Yoast SEO plugin. -->","yoast_head_json":{"title":"Factory Price Food Vending Trailer For Sale - Honlu Food Trailer","description":"Want to start a food vending trailer business? see this 16ft custom food vending trailer here! Get a similar or customized one at factory price now!","robots":{"index":"index","follow":"follow","max-snippet":"max-snippet:-1","max-image-preview":"max-image-preview:large","max-video-preview":"max-video-preview:-1"},"canonical":"https:\/\/www.honlufoodtrailer.com\/es\/producto\/16ft-food-vending-trailer-for-sale\/","og_locale":"es_ES","og_type":"article","og_title":"Factory Price Food Vending Trailer For Sale - Honlu Food Trailer","og_description":"Want to start a food vending trailer business? see this 16ft custom food vending trailer here! Get a similar or customized one at factory price now!","og_url":"https:\/\/www.honlufoodtrailer.com\/es\/producto\/16ft-food-vending-trailer-for-sale\/","og_site_name":"Honlu food trailer","article_modified_time":"2025-02-14T06:54:38+00:00","og_image":[{"width":720,"height":540,"url":"https:\/\/www.honlufoodtrailer.com\/wp-content\/uploads\/2024\/05\/5m-vending-trailer-for-sale.jpg","type":"image\/jpeg"}],"twitter_card":"summary_large_image","twitter_misc":{"Tiempo de lectura":"1 minuto"},"schema":{"@context":"https:\/\/schema.org","@graph":[{"@type":"WebPage","@id":"https:\/\/www.honlufoodtrailer.com\/product\/16ft-food-vending-trailer-for-sale\/","url":"https:\/\/www.honlufoodtrailer.com\/product\/16ft-food-vending-trailer-for-sale\/","name":"Factory Price Food Vending Trailer For Sale - Honlu Food Trailer","isPartOf":{"@id":"https:\/\/www.honlufoodtrailer.com\/#website"},"primaryImageOfPage":{"@id":"https:\/\/www.honlufoodtrailer.com\/product\/16ft-food-vending-trailer-for-sale\/#primaryimage"},"image":{"@id":"https:\/\/www.honlufoodtrailer.com\/product\/16ft-food-vending-trailer-for-sale\/#primaryimage"},"thumbnailUrl":"https:\/\/www.honlufoodtrailer.com\/wp-content\/uploads\/2024\/05\/5m-vending-trailer-for-sale.jpg","datePublished":"2024-05-07T09:04:24+00:00","dateModified":"2025-02-14T06:54:38+00:00","description":"Want to start a food vending trailer business? see this 16ft custom food vending trailer here! Get a similar or customized one at factory price now!","breadcrumb":{"@id":"https:\/\/www.honlufoodtrailer.com\/product\/16ft-food-vending-trailer-for-sale\/#breadcrumb"},"inLanguage":"es","potentialAction":[{"@type":"ReadAction","target":["https:\/\/www.honlufoodtrailer.com\/product\/16ft-food-vending-trailer-for-sale\/"]}]},{"@type":"ImageObject","inLanguage":"es","@id":"https:\/\/www.honlufoodtrailer.com\/product\/16ft-food-vending-trailer-for-sale\/#primaryimage","url":"https:\/\/www.honlufoodtrailer.com\/wp-content\/uploads\/2024\/05\/5m-vending-trailer-for-sale.jpg","contentUrl":"https:\/\/www.honlufoodtrailer.com\/wp-content\/uploads\/2024\/05\/5m-vending-trailer-for-sale.jpg","width":720,"height":540,"caption":"5m vending trailer for sale"},{"@type":"BreadcrumbList","@id":"https:\/\/www.honlufoodtrailer.com\/product\/16ft-food-vending-trailer-for-sale\/#breadcrumb","itemListElement":[{"@type":"ListItem","position":1,"name":"Home","item":"https:\/\/www.honlufoodtrailer.com\/"},{"@type":"ListItem","position":2,"name":"\u4ea7\u54c1","item":"https:\/\/www.honlufoodtrailer.com\/shop\/"},{"@type":"ListItem","position":3,"name":"16ft Food Vending Trailer For Sale"}]},{"@type":"WebSite","@id":"https:\/\/www.honlufoodtrailer.com\/#website","url":"https:\/\/www.honlufoodtrailer.com\/","name":"Remolque de comida Honlu","description":"","publisher":{"@id":"https:\/\/www.honlufoodtrailer.com\/#organization"},"potentialAction":[{"@type":"SearchAction","target":{"@type":"EntryPoint","urlTemplate":"https:\/\/www.honlufoodtrailer.com\/?s={search_term_string}"},"query-input":{"@type":"PropertyValueSpecification","valueRequired":true,"valueName":"search_term_string"}}],"inLanguage":"es"},{"@type":"Organization","@id":"https:\/\/www.honlufoodtrailer.com\/#organization","name":"Remolque de comida Honlu","url":"https:\/\/www.honlufoodtrailer.com\/","logo":{"@type":"ImageObject","inLanguage":"es","@id":"https:\/\/www.honlufoodtrailer.com\/#\/schema\/logo\/image\/","url":"https:\/\/www.honlufoodtrailer.com\/wp-content\/uploads\/2021\/12\/2.gif","contentUrl":"https:\/\/www.honlufoodtrailer.com\/wp-content\/uploads\/2021\/12\/2.gif","width":350,"height":100,"caption":"Honlu food trailer"},"image":{"@id":"https:\/\/www.honlufoodtrailer.com\/#\/schema\/logo\/image\/"}}]}},"_links":{"self":[{"href":"https:\/\/www.honlufoodtrailer.com\/es\/wp-json\/wp\/v2\/product\/7622","targetHints":{"allow":["GET"]}}],"collection":[{"href":"https:\/\/www.honlufoodtrailer.com\/es\/wp-json\/wp\/v2\/product"}],"about":[{"href":"https:\/\/www.honlufoodtrailer.com\/es\/wp-json\/wp\/v2\/types\/product"}],"version-history":[{"count":1,"href":"https:\/\/www.honlufoodtrailer.com\/es\/wp-json\/wp\/v2\/product\/7622\/revisions"}],"predecessor-version":[{"id":7632,"href":"https:\/\/www.honlufoodtrailer.com\/es\/wp-json\/wp\/v2\/product\/7622\/revisions\/7632"}],"wp:featuredmedia":[{"embeddable":true,"href":"https:\/\/www.honlufoodtrailer.com\/es\/wp-json\/wp\/v2\/media\/7624"}],"wp:attachment":[{"href":"https:\/\/www.honlufoodtrailer.com\/es\/wp-json\/wp\/v2\/media?parent=7622"}],"wp:term":[{"taxonomy":"product_brand","embeddable":true,"href":"https:\/\/www.honlufoodtrailer.com\/es\/wp-json\/wp\/v2\/product_brand?post=7622"},{"taxonomy":"product_cat","embeddable":true,"href":"https:\/\/www.honlufoodtrailer.com\/es\/wp-json\/wp\/v2\/product_cat?post=7622"},{"taxonomy":"product_tag","embeddable":true,"href":"https:\/\/www.honlufoodtrailer.com\/es\/wp-json\/wp\/v2\/product_tag?post=7622"}],"curies":[{"name":"wp","href":"https:\/\/api.w.org\/{rel}","templated":true}]}}