{"id":7656,"date":"2024-05-15T15:01:54","date_gmt":"2024-05-15T07:01:54","guid":{"rendered":"https:\/\/www.honlufoodtrailer.com\/?post_type=product&#038;p=7656"},"modified":"2025-02-14T14:52:09","modified_gmt":"2025-02-14T06:52:09","slug":"12ft-rolled-ice-cream-trailer","status":"publish","type":"product","link":"https:\/\/www.honlufoodtrailer.com\/es\/product\/12ft-rolled-ice-cream-trailer\/","title":{"rendered":"Remolque para helados enrollados de 3,65 metros (12 pies)"},"content":{"rendered":"<p>\u00bfTe interesa montar un puesto de helados ambulante en verano? \u00a1Mira este puesto de helados ambulante de 3,6 m! Lo fabricamos para uno de nuestros clientes. Con una estructura compacta y un precio asequible, este puesto de helados ambulante de 3,6 m es una buena opci\u00f3n para principiantes. \u00a1Veamos primero este puesto de helados!<\/p>\n<p><img fetchpriority=\"high\" decoding=\"async\" class=\"aligncenter size-full wp-image-7663\" src=\"https:\/\/www.honlufoodtrailer.com\/wp-content\/uploads\/2024\/05\/12ft-rolled-ice-cream-trailer.jpg\" alt=\"Remolque de helados enrollable de 3,65 metros\" width=\"720\" height=\"540\" srcset=\"https:\/\/www.honlufoodtrailer.com\/wp-content\/uploads\/2024\/05\/12ft-rolled-ice-cream-trailer.jpg 720w, https:\/\/www.honlufoodtrailer.com\/wp-content\/uploads\/2024\/05\/12ft-rolled-ice-cream-trailer-480x360.jpg 480w, https:\/\/www.honlufoodtrailer.com\/wp-content\/uploads\/2024\/05\/12ft-rolled-ice-cream-trailer-300x225.jpg 300w\" sizes=\"(max-width: 720px) 100vw, 720px\" \/><\/p>\n<p>Como se puede apreciar en las im\u00e1genes, este remolque para helados tiene un dise\u00f1o sencillo. En la parte delantera, hemos instalado una gran ventana seg\u00fan las especificaciones del cliente. Tras recibir el remolque, nuestro cliente lo decorar\u00e1 a su gusto.<\/p>\n<h3>Detalle interior de este remolque para helados enrollados de 3,65 metros (12 pies).<\/h3>\n<p>Como se puede apreciar en la imagen, este remolque de comida cuenta con una mesa de trabajo, dos fregaderos, una campana extractora, una m\u00e1quina para helados enrollados, etc. La estructura interna del remolque es pr\u00e1ctica y compacta. Gracias a este equipamiento, nuestro cliente podr\u00e1 ofrecer helados enrollados durante los d\u00edas de verano.<\/p>\n<p><img decoding=\"async\" class=\"aligncenter size-full wp-image-7661\" src=\"https:\/\/www.honlufoodtrailer.com\/wp-content\/uploads\/2024\/05\/12ft-rolled-ice-cream-trailer-inner-view.jpg\" alt=\"Vista interior de un remolque de helados enrollable de 3,65 metros (12 pies).\" width=\"720\" height=\"540\" srcset=\"https:\/\/www.honlufoodtrailer.com\/wp-content\/uploads\/2024\/05\/12ft-rolled-ice-cream-trailer-inner-view.jpg 720w, https:\/\/www.honlufoodtrailer.com\/wp-content\/uploads\/2024\/05\/12ft-rolled-ice-cream-trailer-inner-view-480x360.jpg 480w, https:\/\/www.honlufoodtrailer.com\/wp-content\/uploads\/2024\/05\/12ft-rolled-ice-cream-trailer-inner-view-300x225.jpg 300w\" sizes=\"(max-width: 720px) 100vw, 720px\" \/> <img decoding=\"async\" class=\"aligncenter size-full wp-image-7664\" src=\"https:\/\/www.honlufoodtrailer.com\/wp-content\/uploads\/2024\/05\/rolled-ice-cream-machine.jpg\" alt=\"M\u00e1quina de helado enrollado\" width=\"720\" height=\"540\" srcset=\"https:\/\/www.honlufoodtrailer.com\/wp-content\/uploads\/2024\/05\/rolled-ice-cream-machine.jpg 720w, https:\/\/www.honlufoodtrailer.com\/wp-content\/uploads\/2024\/05\/rolled-ice-cream-machine-480x360.jpg 480w, https:\/\/www.honlufoodtrailer.com\/wp-content\/uploads\/2024\/05\/rolled-ice-cream-machine-300x225.jpg 300w\" sizes=\"(max-width: 720px) 100vw, 720px\" \/><\/p>\n<h3>M\u00e1s detalles sobre este remolque para helados enrollados de 3,65 metros (12 pies)<\/h3>\n<p>Vea m\u00e1s detalles sobre este remolque de hielo enrollado de 3,65 metros. Podemos personalizar un remolque de helados seg\u00fan las necesidades de su pa\u00eds.<img loading=\"lazy\" decoding=\"async\" class=\"aligncenter size-full wp-image-7666\" src=\"https:\/\/www.honlufoodtrailer.com\/wp-content\/uploads\/2024\/05\/12ft-rolled-ice-cream-trailer-details.jpg\" alt=\"Detalles del remolque de helados enrollable de 12 pies\" width=\"800\" height=\"800\" srcset=\"https:\/\/www.honlufoodtrailer.com\/wp-content\/uploads\/2024\/05\/12ft-rolled-ice-cream-trailer-details.jpg 800w, https:\/\/www.honlufoodtrailer.com\/wp-content\/uploads\/2024\/05\/12ft-rolled-ice-cream-trailer-details-768x768.jpg 768w, https:\/\/www.honlufoodtrailer.com\/wp-content\/uploads\/2024\/05\/12ft-rolled-ice-cream-trailer-details-360x360.jpg 360w, https:\/\/www.honlufoodtrailer.com\/wp-content\/uploads\/2024\/05\/12ft-rolled-ice-cream-trailer-details-300x300.jpg 300w, https:\/\/www.honlufoodtrailer.com\/wp-content\/uploads\/2024\/05\/12ft-rolled-ice-cream-trailer-details-720x720.jpg 720w, https:\/\/www.honlufoodtrailer.com\/wp-content\/uploads\/2024\/05\/12ft-rolled-ice-cream-trailer-details-100x100.jpg 100w\" sizes=\"(max-width: 800px) 100vw, 800px\" \/><\/p>\n<h3>Qu\u00e9 puede obtener de nosotros<\/h3>\n<p>Podemos fabricar un remolque para helados enrollable similar a este, o personalizar uno especial para usted. El color de la carrocer\u00eda, las pegatinas, la se\u00f1alizaci\u00f3n y el equipamiento de cocina del remolque se pueden personalizar. Solo tiene que contactarnos y contarnos sus requisitos.<\/p>\n<p>Los remolques de helados enrollables son muy populares en verano, ya que a mucha gente le gusta disfrutar de bebidas fr\u00edas. Si quieres iniciar un peque\u00f1o negocio de comida ambulante sin gastar mucho dinero, este remolque de helados de 3,6 metros (12 pies) ser\u00e1 una excelente opci\u00f3n.<\/p>\n<h3><b class=\"magic-22\"><span class=\"magic-11\">\u00a0Caracter\u00edsticas principales de nuestro remolque para helados enrollados en venta<\/span><\/b><\/h3>\n<div class=\"magic-2\">\n<div class=\"magic-3\">\n<div class=\"magic-4\">1. De bajo costo y respetuoso con el medio ambiente, sin humo ni ruido, f\u00e1cil de transportar a cualquier lugar.<br \/>\n2. Posee resistencia al calor, alta solidez del color, no se deforma, es impermeable y tiene una larga vida \u00fatil.<br \/>\n3. El material principal es acero inoxidable, y la plataforma plana (mesa) no se oxida.<\/div>\n<\/div>\n<\/div>","protected":false},"excerpt":{"rendered":"<p>Se vende este remolque de helados enrollable de 3,6 metros (12 pies) hecho a medida. Como todos sabemos, las bebidas fr\u00edas son muy populares en verano. Por lo tanto, es una excelente opci\u00f3n para quienes deseen iniciar un negocio de helados enrollables durante esta \u00e9poca del a\u00f1o. Podemos fabricar uno similar o personalizarlo para usted. \u00a1No dude en contactarnos y contarnos sus necesidades!<\/p>","protected":false},"featured_media":7664,"template":"","meta":{"_themeisle_gutenberg_block_has_review":false},"product_brand":[],"product_cat":[26],"product_tag":[110,33,60,61,111,38],"class_list":{"0":"post-7656","1":"product","2":"type-product","3":"status-publish","4":"has-post-thumbnail","6":"product_cat-product","7":"product_tag-12ft-food-trailer","8":"product_tag-customized-trailer","9":"product_tag-fast-food-trailer","10":"product_tag-fast-food-trailer-for-sale","11":"product_tag-ice-cream-trailer","12":"product_tag-mobile-food-trailer","14":"first","15":"instock","16":"shipping-taxable","17":"product-type-simple"},"yoast_head":"<!-- This site is optimized with the Yoast SEO plugin v27.4 - https:\/\/yoast.com\/product\/yoast-seo-wordpress\/ -->\n<title>Rolled Ice Cream Trailer From China - Honlu Food Trailer<\/title>\n<meta name=\"description\" content=\"Want to start a rolled ice cream trailer in summer days? see this 12ft fried ice cream trailer at a competitive price now! Click to see!\" \/>\n<meta name=\"robots\" content=\"index, follow, max-snippet:-1, max-image-preview:large, max-video-preview:-1\" \/>\n<link rel=\"canonical\" href=\"https:\/\/www.honlufoodtrailer.com\/es\/producto\/12ft-rolled-ice-cream-trailer\/\" \/>\n<meta property=\"og:locale\" content=\"es_ES\" \/>\n<meta property=\"og:type\" content=\"article\" \/>\n<meta property=\"og:title\" content=\"Rolled Ice Cream Trailer From China - Honlu Food Trailer\" \/>\n<meta property=\"og:description\" content=\"Want to start a rolled ice cream trailer in summer days? see this 12ft fried ice cream trailer at a competitive price now! Click to see!\" \/>\n<meta property=\"og:url\" content=\"https:\/\/www.honlufoodtrailer.com\/es\/producto\/12ft-rolled-ice-cream-trailer\/\" \/>\n<meta property=\"og:site_name\" content=\"Honlu food trailer\" \/>\n<meta property=\"article:modified_time\" content=\"2025-02-14T06:52:09+00:00\" \/>\n<meta property=\"og:image\" content=\"https:\/\/www.honlufoodtrailer.com\/wp-content\/uploads\/2024\/05\/rolled-ice-cream-machine.jpg\" \/>\n\t<meta property=\"og:image:width\" content=\"720\" \/>\n\t<meta property=\"og:image:height\" content=\"540\" \/>\n\t<meta property=\"og:image:type\" content=\"image\/jpeg\" \/>\n<meta name=\"twitter:card\" content=\"summary_large_image\" \/>\n<meta name=\"twitter:label1\" content=\"Tiempo de lectura\" \/>\n\t<meta name=\"twitter:data1\" content=\"1 minuto\" \/>\n<script type=\"application\/ld+json\" class=\"yoast-schema-graph\">{\"@context\":\"https:\\\/\\\/schema.org\",\"@graph\":[{\"@type\":\"WebPage\",\"@id\":\"https:\\\/\\\/www.honlufoodtrailer.com\\\/product\\\/12ft-rolled-ice-cream-trailer\\\/\",\"url\":\"https:\\\/\\\/www.honlufoodtrailer.com\\\/product\\\/12ft-rolled-ice-cream-trailer\\\/\",\"name\":\"Rolled Ice Cream Trailer From China - Honlu Food Trailer\",\"isPartOf\":{\"@id\":\"https:\\\/\\\/www.honlufoodtrailer.com\\\/#website\"},\"primaryImageOfPage\":{\"@id\":\"https:\\\/\\\/www.honlufoodtrailer.com\\\/product\\\/12ft-rolled-ice-cream-trailer\\\/#primaryimage\"},\"image\":{\"@id\":\"https:\\\/\\\/www.honlufoodtrailer.com\\\/product\\\/12ft-rolled-ice-cream-trailer\\\/#primaryimage\"},\"thumbnailUrl\":\"https:\\\/\\\/www.honlufoodtrailer.com\\\/wp-content\\\/uploads\\\/2024\\\/05\\\/rolled-ice-cream-machine.jpg\",\"datePublished\":\"2024-05-15T07:01:54+00:00\",\"dateModified\":\"2025-02-14T06:52:09+00:00\",\"description\":\"Want to start a rolled ice cream trailer in summer days? see this 12ft fried ice cream trailer at a competitive price now! Click to see!\",\"breadcrumb\":{\"@id\":\"https:\\\/\\\/www.honlufoodtrailer.com\\\/product\\\/12ft-rolled-ice-cream-trailer\\\/#breadcrumb\"},\"inLanguage\":\"es\",\"potentialAction\":[{\"@type\":\"ReadAction\",\"target\":[\"https:\\\/\\\/www.honlufoodtrailer.com\\\/product\\\/12ft-rolled-ice-cream-trailer\\\/\"]}]},{\"@type\":\"ImageObject\",\"inLanguage\":\"es\",\"@id\":\"https:\\\/\\\/www.honlufoodtrailer.com\\\/product\\\/12ft-rolled-ice-cream-trailer\\\/#primaryimage\",\"url\":\"https:\\\/\\\/www.honlufoodtrailer.com\\\/wp-content\\\/uploads\\\/2024\\\/05\\\/rolled-ice-cream-machine.jpg\",\"contentUrl\":\"https:\\\/\\\/www.honlufoodtrailer.com\\\/wp-content\\\/uploads\\\/2024\\\/05\\\/rolled-ice-cream-machine.jpg\",\"width\":720,\"height\":540,\"caption\":\"rolled ice cream machine\"},{\"@type\":\"BreadcrumbList\",\"@id\":\"https:\\\/\\\/www.honlufoodtrailer.com\\\/product\\\/12ft-rolled-ice-cream-trailer\\\/#breadcrumb\",\"itemListElement\":[{\"@type\":\"ListItem\",\"position\":1,\"name\":\"Home\",\"item\":\"https:\\\/\\\/www.honlufoodtrailer.com\\\/\"},{\"@type\":\"ListItem\",\"position\":2,\"name\":\"\u4ea7\u54c1\",\"item\":\"https:\\\/\\\/www.honlufoodtrailer.com\\\/shop\\\/\"},{\"@type\":\"ListItem\",\"position\":3,\"name\":\"12ft Rolled Ice Cream Trailer\"}]},{\"@type\":\"WebSite\",\"@id\":\"https:\\\/\\\/www.honlufoodtrailer.com\\\/#website\",\"url\":\"https:\\\/\\\/www.honlufoodtrailer.com\\\/\",\"name\":\"Honlu food trailer\",\"description\":\"\",\"publisher\":{\"@id\":\"https:\\\/\\\/www.honlufoodtrailer.com\\\/#organization\"},\"potentialAction\":[{\"@type\":\"SearchAction\",\"target\":{\"@type\":\"EntryPoint\",\"urlTemplate\":\"https:\\\/\\\/www.honlufoodtrailer.com\\\/?s={search_term_string}\"},\"query-input\":{\"@type\":\"PropertyValueSpecification\",\"valueRequired\":true,\"valueName\":\"search_term_string\"}}],\"inLanguage\":\"es\"},{\"@type\":\"Organization\",\"@id\":\"https:\\\/\\\/www.honlufoodtrailer.com\\\/#organization\",\"name\":\"Honlu food trailer\",\"url\":\"https:\\\/\\\/www.honlufoodtrailer.com\\\/\",\"logo\":{\"@type\":\"ImageObject\",\"inLanguage\":\"es\",\"@id\":\"https:\\\/\\\/www.honlufoodtrailer.com\\\/#\\\/schema\\\/logo\\\/image\\\/\",\"url\":\"https:\\\/\\\/www.honlufoodtrailer.com\\\/wp-content\\\/uploads\\\/2021\\\/12\\\/2.gif\",\"contentUrl\":\"https:\\\/\\\/www.honlufoodtrailer.com\\\/wp-content\\\/uploads\\\/2021\\\/12\\\/2.gif\",\"width\":350,\"height\":100,\"caption\":\"Honlu food trailer\"},\"image\":{\"@id\":\"https:\\\/\\\/www.honlufoodtrailer.com\\\/#\\\/schema\\\/logo\\\/image\\\/\"}}]}<\/script>\n<!-- \/ Yoast SEO plugin. -->","yoast_head_json":{"title":"Cami\u00f3n de helados enrollados de China - Cami\u00f3n de comida Honlu","description":"\u00bfQuieres montar un puesto de helados enrollados este verano? \u00a1Mira este puesto de helados fritos de 3,6 metros a un precio competitivo! \u00a1Haz clic para verlo!","robots":{"index":"index","follow":"follow","max-snippet":"max-snippet:-1","max-image-preview":"max-image-preview:large","max-video-preview":"max-video-preview:-1"},"canonical":"https:\/\/www.honlufoodtrailer.com\/es\/producto\/12ft-rolled-ice-cream-trailer\/","og_locale":"es_ES","og_type":"article","og_title":"Rolled Ice Cream Trailer From China - Honlu Food Trailer","og_description":"Want to start a rolled ice cream trailer in summer days? see this 12ft fried ice cream trailer at a competitive price now! Click to see!","og_url":"https:\/\/www.honlufoodtrailer.com\/es\/producto\/12ft-rolled-ice-cream-trailer\/","og_site_name":"Honlu food trailer","article_modified_time":"2025-02-14T06:52:09+00:00","og_image":[{"width":720,"height":540,"url":"https:\/\/www.honlufoodtrailer.com\/wp-content\/uploads\/2024\/05\/rolled-ice-cream-machine.jpg","type":"image\/jpeg"}],"twitter_card":"summary_large_image","twitter_misc":{"Tiempo de lectura":"1 minuto"},"schema":{"@context":"https:\/\/schema.org","@graph":[{"@type":"WebPage","@id":"https:\/\/www.honlufoodtrailer.com\/product\/12ft-rolled-ice-cream-trailer\/","url":"https:\/\/www.honlufoodtrailer.com\/product\/12ft-rolled-ice-cream-trailer\/","name":"Cami\u00f3n de helados enrollados de China - Cami\u00f3n de comida Honlu","isPartOf":{"@id":"https:\/\/www.honlufoodtrailer.com\/#website"},"primaryImageOfPage":{"@id":"https:\/\/www.honlufoodtrailer.com\/product\/12ft-rolled-ice-cream-trailer\/#primaryimage"},"image":{"@id":"https:\/\/www.honlufoodtrailer.com\/product\/12ft-rolled-ice-cream-trailer\/#primaryimage"},"thumbnailUrl":"https:\/\/www.honlufoodtrailer.com\/wp-content\/uploads\/2024\/05\/rolled-ice-cream-machine.jpg","datePublished":"2024-05-15T07:01:54+00:00","dateModified":"2025-02-14T06:52:09+00:00","description":"\u00bfQuieres montar un puesto de helados enrollados este verano? \u00a1Mira este puesto de helados fritos de 3,6 metros a un precio competitivo! \u00a1Haz clic para verlo!","breadcrumb":{"@id":"https:\/\/www.honlufoodtrailer.com\/product\/12ft-rolled-ice-cream-trailer\/#breadcrumb"},"inLanguage":"es","potentialAction":[{"@type":"ReadAction","target":["https:\/\/www.honlufoodtrailer.com\/product\/12ft-rolled-ice-cream-trailer\/"]}]},{"@type":"ImageObject","inLanguage":"es","@id":"https:\/\/www.honlufoodtrailer.com\/product\/12ft-rolled-ice-cream-trailer\/#primaryimage","url":"https:\/\/www.honlufoodtrailer.com\/wp-content\/uploads\/2024\/05\/rolled-ice-cream-machine.jpg","contentUrl":"https:\/\/www.honlufoodtrailer.com\/wp-content\/uploads\/2024\/05\/rolled-ice-cream-machine.jpg","width":720,"height":540,"caption":"rolled ice cream machine"},{"@type":"BreadcrumbList","@id":"https:\/\/www.honlufoodtrailer.com\/product\/12ft-rolled-ice-cream-trailer\/#breadcrumb","itemListElement":[{"@type":"ListItem","position":1,"name":"Home","item":"https:\/\/www.honlufoodtrailer.com\/"},{"@type":"ListItem","position":2,"name":"\u4ea7\u54c1","item":"https:\/\/www.honlufoodtrailer.com\/shop\/"},{"@type":"ListItem","position":3,"name":"12ft Rolled Ice Cream Trailer"}]},{"@type":"WebSite","@id":"https:\/\/www.honlufoodtrailer.com\/#website","url":"https:\/\/www.honlufoodtrailer.com\/","name":"Remolque de comida Honlu","description":"","publisher":{"@id":"https:\/\/www.honlufoodtrailer.com\/#organization"},"potentialAction":[{"@type":"SearchAction","target":{"@type":"EntryPoint","urlTemplate":"https:\/\/www.honlufoodtrailer.com\/?s={search_term_string}"},"query-input":{"@type":"PropertyValueSpecification","valueRequired":true,"valueName":"search_term_string"}}],"inLanguage":"es"},{"@type":"Organization","@id":"https:\/\/www.honlufoodtrailer.com\/#organization","name":"Remolque de comida Honlu","url":"https:\/\/www.honlufoodtrailer.com\/","logo":{"@type":"ImageObject","inLanguage":"es","@id":"https:\/\/www.honlufoodtrailer.com\/#\/schema\/logo\/image\/","url":"https:\/\/www.honlufoodtrailer.com\/wp-content\/uploads\/2021\/12\/2.gif","contentUrl":"https:\/\/www.honlufoodtrailer.com\/wp-content\/uploads\/2021\/12\/2.gif","width":350,"height":100,"caption":"Honlu food trailer"},"image":{"@id":"https:\/\/www.honlufoodtrailer.com\/#\/schema\/logo\/image\/"}}]}},"_links":{"self":[{"href":"https:\/\/www.honlufoodtrailer.com\/es\/wp-json\/wp\/v2\/product\/7656","targetHints":{"allow":["GET"]}}],"collection":[{"href":"https:\/\/www.honlufoodtrailer.com\/es\/wp-json\/wp\/v2\/product"}],"about":[{"href":"https:\/\/www.honlufoodtrailer.com\/es\/wp-json\/wp\/v2\/types\/product"}],"version-history":[{"count":3,"href":"https:\/\/www.honlufoodtrailer.com\/es\/wp-json\/wp\/v2\/product\/7656\/revisions"}],"predecessor-version":[{"id":7668,"href":"https:\/\/www.honlufoodtrailer.com\/es\/wp-json\/wp\/v2\/product\/7656\/revisions\/7668"}],"wp:featuredmedia":[{"embeddable":true,"href":"https:\/\/www.honlufoodtrailer.com\/es\/wp-json\/wp\/v2\/media\/7664"}],"wp:attachment":[{"href":"https:\/\/www.honlufoodtrailer.com\/es\/wp-json\/wp\/v2\/media?parent=7656"}],"wp:term":[{"taxonomy":"product_brand","embeddable":true,"href":"https:\/\/www.honlufoodtrailer.com\/es\/wp-json\/wp\/v2\/product_brand?post=7656"},{"taxonomy":"product_cat","embeddable":true,"href":"https:\/\/www.honlufoodtrailer.com\/es\/wp-json\/wp\/v2\/product_cat?post=7656"},{"taxonomy":"product_tag","embeddable":true,"href":"https:\/\/www.honlufoodtrailer.com\/es\/wp-json\/wp\/v2\/product_tag?post=7656"}],"curies":[{"name":"wp","href":"https:\/\/api.w.org\/{rel}","templated":true}]}}