{"id":7785,"date":"2024-06-05T15:45:21","date_gmt":"2024-06-05T07:45:21","guid":{"rendered":"https:\/\/www.honlufoodtrailer.com\/?post_type=product&#038;p=7785"},"modified":"2024-06-20T17:54:02","modified_gmt":"2024-06-20T09:54:02","slug":"3m-square-food-trailer-with-three-sided-windows","status":"publish","type":"product","link":"https:\/\/www.honlufoodtrailer.com\/es\/product\/3m-square-food-trailer-with-three-sided-windows\/","title":{"rendered":"Nuevo dise\u00f1o de remolque de comida de 3 m cuadrados con ventanas en tres lados."},"content":{"rendered":"<p>\u00bfBuscas un peque\u00f1o remolque de comida para iniciar un negocio de comida ambulante? Mira este nuevo remolque de comida de 3 metros cuadrados con ventanas en tres lados que personalizamos para uno de nuestros clientes de Estados Unidos. Con tres ventanas, este remolque de comida tiene mucha luz y es m\u00e1s espacioso. \u00a1Veamos algunas fotos de este remolque de comida personalizado de 3 metros cuadrados!<\/p>\n<p><img fetchpriority=\"high\" decoding=\"async\" class=\"aligncenter size-full wp-image-7792\" src=\"https:\/\/www.honlufoodtrailer.com\/wp-content\/uploads\/2024\/06\/10ft-Food-Trailer-with-Three-Windows.jpg\" alt=\"Remolque de comida de 3 metros con tres ventanas.\" width=\"720\" height=\"540\" srcset=\"https:\/\/www.honlufoodtrailer.com\/wp-content\/uploads\/2024\/06\/10ft-Food-Trailer-with-Three-Windows.jpg 720w, https:\/\/www.honlufoodtrailer.com\/wp-content\/uploads\/2024\/06\/10ft-Food-Trailer-with-Three-Windows-480x360.jpg 480w, https:\/\/www.honlufoodtrailer.com\/wp-content\/uploads\/2024\/06\/10ft-Food-Trailer-with-Three-Windows-300x225.jpg 300w\" sizes=\"(max-width: 720px) 100vw, 720px\" \/> <img decoding=\"async\" class=\"aligncenter size-full wp-image-7791\" src=\"https:\/\/www.honlufoodtrailer.com\/wp-content\/uploads\/2024\/06\/3m-Three-Windows-Food-Trailer.jpg\" alt=\"Remolque de comida de 3 m con tres ventanas\" width=\"720\" height=\"540\" srcset=\"https:\/\/www.honlufoodtrailer.com\/wp-content\/uploads\/2024\/06\/3m-Three-Windows-Food-Trailer.jpg 720w, https:\/\/www.honlufoodtrailer.com\/wp-content\/uploads\/2024\/06\/3m-Three-Windows-Food-Trailer-480x360.jpg 480w, https:\/\/www.honlufoodtrailer.com\/wp-content\/uploads\/2024\/06\/3m-Three-Windows-Food-Trailer-300x225.jpg 300w\" sizes=\"(max-width: 720px) 100vw, 720px\" \/><\/p>\n<p>Como se puede apreciar en las im\u00e1genes, este remolque de comida de 3 metros tiene un llamativo color amarillo. Cuenta con ventanas en tres lados, lo que facilita a los comensales ordenar y recoger sus comidas. Lo fabricamos seg\u00fan las necesidades de nuestros clientes. Si tiene alg\u00fan requisito de personalizaci\u00f3n, \u00a1no dude en consultarnos! A continuaci\u00f3n, veamos los detalles internos de este remolque de comida cuadrado de 3 metros.<\/p>\n<h3>Detalle interior de este remolque de comida de 3 metros cuadrados con ventanas en tres lados.<\/h3>\n<p>Seg\u00fan los requisitos del cliente, hemos equipado este remolque de comida de 3 metros cuadrados con una mesa de trabajo, cuatro fregaderos, dep\u00f3sitos de aguas residuales y armarios, entre otros. Nuestro cliente a\u00f1adir\u00e1 otros equipos de cocina que necesite tras recibir el remolque.<img decoding=\"async\" class=\"aligncenter size-full wp-image-7795\" src=\"https:\/\/www.honlufoodtrailer.com\/wp-content\/uploads\/2024\/06\/Three-Windows-food-trailer-inner-view.jpg\" alt=\"Vista interior del remolque de comida Three Windows\" width=\"720\" height=\"540\" srcset=\"https:\/\/www.honlufoodtrailer.com\/wp-content\/uploads\/2024\/06\/Three-Windows-food-trailer-inner-view.jpg 720w, https:\/\/www.honlufoodtrailer.com\/wp-content\/uploads\/2024\/06\/Three-Windows-food-trailer-inner-view-480x360.jpg 480w, https:\/\/www.honlufoodtrailer.com\/wp-content\/uploads\/2024\/06\/Three-Windows-food-trailer-inner-view-300x225.jpg 300w\" sizes=\"(max-width: 720px) 100vw, 720px\" \/> <img loading=\"lazy\" decoding=\"async\" class=\"aligncenter size-full wp-image-7787\" src=\"https:\/\/www.honlufoodtrailer.com\/wp-content\/uploads\/2024\/06\/3m-Square-Food-Trailer-inner-details.jpg\" alt=\"Detalles interiores del remolque de comida cuadrado de 3 m\" width=\"800\" height=\"800\" srcset=\"https:\/\/www.honlufoodtrailer.com\/wp-content\/uploads\/2024\/06\/3m-Square-Food-Trailer-inner-details.jpg 800w, https:\/\/www.honlufoodtrailer.com\/wp-content\/uploads\/2024\/06\/3m-Square-Food-Trailer-inner-details-768x768.jpg 768w, https:\/\/www.honlufoodtrailer.com\/wp-content\/uploads\/2024\/06\/3m-Square-Food-Trailer-inner-details-360x360.jpg 360w, https:\/\/www.honlufoodtrailer.com\/wp-content\/uploads\/2024\/06\/3m-Square-Food-Trailer-inner-details-300x300.jpg 300w, https:\/\/www.honlufoodtrailer.com\/wp-content\/uploads\/2024\/06\/3m-Square-Food-Trailer-inner-details-720x720.jpg 720w, https:\/\/www.honlufoodtrailer.com\/wp-content\/uploads\/2024\/06\/3m-Square-Food-Trailer-inner-details-100x100.jpg 100w\" sizes=\"(max-width: 800px) 100vw, 800px\" \/><\/p>\n<p>&nbsp;<\/p>\n<h3>M\u00e1s detalles sobre este remolque de comida de 3 m cuadrados.<\/h3>\n<p>Vea m\u00e1s detalles sobre este remolque de comida de 3 metros cuadrados. Podemos personalizar un remolque de comida seg\u00fan las necesidades de su pa\u00eds.<img loading=\"lazy\" decoding=\"async\" class=\"aligncenter size-full wp-image-7796\" src=\"https:\/\/www.honlufoodtrailer.com\/wp-content\/uploads\/2024\/06\/3m-Square-Food-Trailer-details-1.jpg\" alt=\"Detalles del remolque de comida cuadrado de 3 m\" width=\"800\" height=\"800\" srcset=\"https:\/\/www.honlufoodtrailer.com\/wp-content\/uploads\/2024\/06\/3m-Square-Food-Trailer-details-1.jpg 800w, https:\/\/www.honlufoodtrailer.com\/wp-content\/uploads\/2024\/06\/3m-Square-Food-Trailer-details-1-768x768.jpg 768w, https:\/\/www.honlufoodtrailer.com\/wp-content\/uploads\/2024\/06\/3m-Square-Food-Trailer-details-1-360x360.jpg 360w, https:\/\/www.honlufoodtrailer.com\/wp-content\/uploads\/2024\/06\/3m-Square-Food-Trailer-details-1-300x300.jpg 300w, https:\/\/www.honlufoodtrailer.com\/wp-content\/uploads\/2024\/06\/3m-Square-Food-Trailer-details-1-720x720.jpg 720w, https:\/\/www.honlufoodtrailer.com\/wp-content\/uploads\/2024\/06\/3m-Square-Food-Trailer-details-1-100x100.jpg 100w\" sizes=\"(max-width: 800px) 100vw, 800px\" \/><\/p>\n<h3>Qu\u00e9 puede obtener de nosotros<\/h3>\n<p><strong>Podemos fabricar un remolque de comida cuadrado similar a este, o personalizar uno especial para usted.<\/strong>. El color de la carrocer\u00eda, las pegatinas, la se\u00f1alizaci\u00f3n y el equipamiento de cocina del remolque se pueden personalizar. Los remolques de comida cuadrados son muy populares; muchos clientes eligen este tipo. Como fabricante y exportador de remolques de comida con m\u00e1s de 10 a\u00f1os de experiencia, podemos ayudarle a personalizar el remolque de comida de sus sue\u00f1os. Solo tiene que contactarnos y contarnos sus requisitos.<\/p>\n<h3><b class=\"magic-22\"><span class=\"magic-11\">Caracter\u00edsticas principales <\/span><\/b>Remolque de comida cuadrado<\/h3>\n<div class=\"magic-2\">\n<div class=\"magic-3\">\n<div class=\"magic-4\">1. Est\u00e1 hecho de acero inoxidable de alta calidad, que es resistente a la corrosi\u00f3n y duradero.<br \/>\n2. Tiene las caracter\u00edsticas de resistencia al calor, alta solidez del color, impermeabilidad y larga vida \u00fatil.<br \/>\n3. El exterior y el interior del remolque alimentario pueden personalizarse.<\/div>\n<div>4. Para todo el remolque de comida y el equipo de cocina que se encuentra en su interior, contamos con los certificados correspondientes para garantizar que los clientes puedan utilizarlos sin problemas.<\/div>\n<\/div>\n<\/div>","protected":false},"excerpt":{"rendered":"<p>Se trata de un remolque de comida de 3 metros cuadrados, fabricado a medida. Es una buena opci\u00f3n para quienes desean iniciar un negocio de comida ambulante con una inversi\u00f3n relativamente baja. <strong>Haga clic en las siguientes pesta\u00f1as para ver m\u00e1s detalles de este remolque de alimentos<\/strong>. Podemos fabricar uno similar o personalizarlo para usted. \u00a1No dude en contactarnos y explicarnos sus necesidades!<\/p>","protected":false},"featured_media":7792,"template":"","meta":{"_themeisle_gutenberg_block_has_review":false},"product_brand":[],"product_cat":[26],"product_tag":[33,60,61,38],"class_list":{"0":"post-7785","1":"product","2":"type-product","3":"status-publish","4":"has-post-thumbnail","6":"product_cat-product","7":"product_tag-customized-trailer","8":"product_tag-fast-food-trailer","9":"product_tag-fast-food-trailer-for-sale","10":"product_tag-mobile-food-trailer","12":"first","13":"instock","14":"shipping-taxable","15":"product-type-simple"},"yoast_head":"<!-- This site is optimized with the Yoast SEO plugin v27.4 - https:\/\/yoast.com\/product\/yoast-seo-wordpress\/ -->\n<title>New Design 3m Square Food Trailer with Three-sided Windows<\/title>\n<meta name=\"description\" content=\"Want to start a food trailer business with low investment? see this 3m square food trailer with three-sided windows at a reasonable price now!\" \/>\n<meta name=\"robots\" content=\"index, follow, max-snippet:-1, max-image-preview:large, max-video-preview:-1\" \/>\n<link rel=\"canonical\" href=\"https:\/\/www.honlufoodtrailer.com\/es\/producto\/3m-square-food-trailer-with-three-sided-windows\/\" \/>\n<meta property=\"og:locale\" content=\"es_ES\" \/>\n<meta property=\"og:type\" content=\"article\" \/>\n<meta property=\"og:title\" content=\"New Design 3m Square Food Trailer with Three-sided Windows\" \/>\n<meta property=\"og:description\" content=\"Want to start a food trailer business with low investment? see this 3m square food trailer with three-sided windows at a reasonable price now!\" \/>\n<meta property=\"og:url\" content=\"https:\/\/www.honlufoodtrailer.com\/es\/producto\/3m-square-food-trailer-with-three-sided-windows\/\" \/>\n<meta property=\"og:site_name\" content=\"Honlu food trailer\" \/>\n<meta property=\"article:modified_time\" content=\"2024-06-20T09:54:02+00:00\" \/>\n<meta property=\"og:image\" content=\"https:\/\/www.honlufoodtrailer.com\/wp-content\/uploads\/2024\/06\/10ft-Food-Trailer-with-Three-Windows.jpg\" \/>\n\t<meta property=\"og:image:width\" content=\"720\" \/>\n\t<meta property=\"og:image:height\" content=\"540\" \/>\n\t<meta property=\"og:image:type\" content=\"image\/jpeg\" \/>\n<meta name=\"twitter:card\" content=\"summary_large_image\" \/>\n<meta name=\"twitter:label1\" content=\"Tiempo de lectura\" \/>\n\t<meta name=\"twitter:data1\" content=\"1 minuto\" \/>\n<script type=\"application\/ld+json\" class=\"yoast-schema-graph\">{\"@context\":\"https:\\\/\\\/schema.org\",\"@graph\":[{\"@type\":\"WebPage\",\"@id\":\"https:\\\/\\\/www.honlufoodtrailer.com\\\/product\\\/3m-square-food-trailer-with-three-sided-windows\\\/\",\"url\":\"https:\\\/\\\/www.honlufoodtrailer.com\\\/product\\\/3m-square-food-trailer-with-three-sided-windows\\\/\",\"name\":\"New Design 3m Square Food Trailer with Three-sided Windows\",\"isPartOf\":{\"@id\":\"https:\\\/\\\/www.honlufoodtrailer.com\\\/#website\"},\"primaryImageOfPage\":{\"@id\":\"https:\\\/\\\/www.honlufoodtrailer.com\\\/product\\\/3m-square-food-trailer-with-three-sided-windows\\\/#primaryimage\"},\"image\":{\"@id\":\"https:\\\/\\\/www.honlufoodtrailer.com\\\/product\\\/3m-square-food-trailer-with-three-sided-windows\\\/#primaryimage\"},\"thumbnailUrl\":\"https:\\\/\\\/www.honlufoodtrailer.com\\\/wp-content\\\/uploads\\\/2024\\\/06\\\/10ft-Food-Trailer-with-Three-Windows.jpg\",\"datePublished\":\"2024-06-05T07:45:21+00:00\",\"dateModified\":\"2024-06-20T09:54:02+00:00\",\"description\":\"Want to start a food trailer business with low investment? see this 3m square food trailer with three-sided windows at a reasonable price now!\",\"breadcrumb\":{\"@id\":\"https:\\\/\\\/www.honlufoodtrailer.com\\\/product\\\/3m-square-food-trailer-with-three-sided-windows\\\/#breadcrumb\"},\"inLanguage\":\"es\",\"potentialAction\":[{\"@type\":\"ReadAction\",\"target\":[\"https:\\\/\\\/www.honlufoodtrailer.com\\\/product\\\/3m-square-food-trailer-with-three-sided-windows\\\/\"]}]},{\"@type\":\"ImageObject\",\"inLanguage\":\"es\",\"@id\":\"https:\\\/\\\/www.honlufoodtrailer.com\\\/product\\\/3m-square-food-trailer-with-three-sided-windows\\\/#primaryimage\",\"url\":\"https:\\\/\\\/www.honlufoodtrailer.com\\\/wp-content\\\/uploads\\\/2024\\\/06\\\/10ft-Food-Trailer-with-Three-Windows.jpg\",\"contentUrl\":\"https:\\\/\\\/www.honlufoodtrailer.com\\\/wp-content\\\/uploads\\\/2024\\\/06\\\/10ft-Food-Trailer-with-Three-Windows.jpg\",\"width\":720,\"height\":540,\"caption\":\"10ft Food Trailer with Three Windows\"},{\"@type\":\"BreadcrumbList\",\"@id\":\"https:\\\/\\\/www.honlufoodtrailer.com\\\/product\\\/3m-square-food-trailer-with-three-sided-windows\\\/#breadcrumb\",\"itemListElement\":[{\"@type\":\"ListItem\",\"position\":1,\"name\":\"Home\",\"item\":\"https:\\\/\\\/www.honlufoodtrailer.com\\\/\"},{\"@type\":\"ListItem\",\"position\":2,\"name\":\"\u4ea7\u54c1\",\"item\":\"https:\\\/\\\/www.honlufoodtrailer.com\\\/shop\\\/\"},{\"@type\":\"ListItem\",\"position\":3,\"name\":\"New Design 3m Square Food Trailer with Three-sided Windows\"}]},{\"@type\":\"WebSite\",\"@id\":\"https:\\\/\\\/www.honlufoodtrailer.com\\\/#website\",\"url\":\"https:\\\/\\\/www.honlufoodtrailer.com\\\/\",\"name\":\"Honlu food trailer\",\"description\":\"\",\"publisher\":{\"@id\":\"https:\\\/\\\/www.honlufoodtrailer.com\\\/#organization\"},\"potentialAction\":[{\"@type\":\"SearchAction\",\"target\":{\"@type\":\"EntryPoint\",\"urlTemplate\":\"https:\\\/\\\/www.honlufoodtrailer.com\\\/?s={search_term_string}\"},\"query-input\":{\"@type\":\"PropertyValueSpecification\",\"valueRequired\":true,\"valueName\":\"search_term_string\"}}],\"inLanguage\":\"es\"},{\"@type\":\"Organization\",\"@id\":\"https:\\\/\\\/www.honlufoodtrailer.com\\\/#organization\",\"name\":\"Honlu food trailer\",\"url\":\"https:\\\/\\\/www.honlufoodtrailer.com\\\/\",\"logo\":{\"@type\":\"ImageObject\",\"inLanguage\":\"es\",\"@id\":\"https:\\\/\\\/www.honlufoodtrailer.com\\\/#\\\/schema\\\/logo\\\/image\\\/\",\"url\":\"https:\\\/\\\/www.honlufoodtrailer.com\\\/wp-content\\\/uploads\\\/2021\\\/12\\\/2.gif\",\"contentUrl\":\"https:\\\/\\\/www.honlufoodtrailer.com\\\/wp-content\\\/uploads\\\/2021\\\/12\\\/2.gif\",\"width\":350,\"height\":100,\"caption\":\"Honlu food trailer\"},\"image\":{\"@id\":\"https:\\\/\\\/www.honlufoodtrailer.com\\\/#\\\/schema\\\/logo\\\/image\\\/\"}}]}<\/script>\n<!-- \/ Yoast SEO plugin. -->","yoast_head_json":{"title":"Nuevo dise\u00f1o de remolque de comida de 3 m cuadrados con ventanas en tres lados.","description":"\u00bfQuieres iniciar un negocio de food truck con poca inversi\u00f3n? \u00a1Mira este food truck de 3 metros cuadrados con ventanas en tres lados a un precio razonable!","robots":{"index":"index","follow":"follow","max-snippet":"max-snippet:-1","max-image-preview":"max-image-preview:large","max-video-preview":"max-video-preview:-1"},"canonical":"https:\/\/www.honlufoodtrailer.com\/es\/producto\/3m-square-food-trailer-with-three-sided-windows\/","og_locale":"es_ES","og_type":"article","og_title":"New Design 3m Square Food Trailer with Three-sided Windows","og_description":"Want to start a food trailer business with low investment? see this 3m square food trailer with three-sided windows at a reasonable price now!","og_url":"https:\/\/www.honlufoodtrailer.com\/es\/producto\/3m-square-food-trailer-with-three-sided-windows\/","og_site_name":"Honlu food trailer","article_modified_time":"2024-06-20T09:54:02+00:00","og_image":[{"width":720,"height":540,"url":"https:\/\/www.honlufoodtrailer.com\/wp-content\/uploads\/2024\/06\/10ft-Food-Trailer-with-Three-Windows.jpg","type":"image\/jpeg"}],"twitter_card":"summary_large_image","twitter_misc":{"Tiempo de lectura":"1 minuto"},"schema":{"@context":"https:\/\/schema.org","@graph":[{"@type":"WebPage","@id":"https:\/\/www.honlufoodtrailer.com\/product\/3m-square-food-trailer-with-three-sided-windows\/","url":"https:\/\/www.honlufoodtrailer.com\/product\/3m-square-food-trailer-with-three-sided-windows\/","name":"Nuevo dise\u00f1o de remolque de comida de 3 m cuadrados con ventanas en tres lados.","isPartOf":{"@id":"https:\/\/www.honlufoodtrailer.com\/#website"},"primaryImageOfPage":{"@id":"https:\/\/www.honlufoodtrailer.com\/product\/3m-square-food-trailer-with-three-sided-windows\/#primaryimage"},"image":{"@id":"https:\/\/www.honlufoodtrailer.com\/product\/3m-square-food-trailer-with-three-sided-windows\/#primaryimage"},"thumbnailUrl":"https:\/\/www.honlufoodtrailer.com\/wp-content\/uploads\/2024\/06\/10ft-Food-Trailer-with-Three-Windows.jpg","datePublished":"2024-06-05T07:45:21+00:00","dateModified":"2024-06-20T09:54:02+00:00","description":"\u00bfQuieres iniciar un negocio de food truck con poca inversi\u00f3n? \u00a1Mira este food truck de 3 metros cuadrados con ventanas en tres lados a un precio razonable!","breadcrumb":{"@id":"https:\/\/www.honlufoodtrailer.com\/product\/3m-square-food-trailer-with-three-sided-windows\/#breadcrumb"},"inLanguage":"es","potentialAction":[{"@type":"ReadAction","target":["https:\/\/www.honlufoodtrailer.com\/product\/3m-square-food-trailer-with-three-sided-windows\/"]}]},{"@type":"ImageObject","inLanguage":"es","@id":"https:\/\/www.honlufoodtrailer.com\/product\/3m-square-food-trailer-with-three-sided-windows\/#primaryimage","url":"https:\/\/www.honlufoodtrailer.com\/wp-content\/uploads\/2024\/06\/10ft-Food-Trailer-with-Three-Windows.jpg","contentUrl":"https:\/\/www.honlufoodtrailer.com\/wp-content\/uploads\/2024\/06\/10ft-Food-Trailer-with-Three-Windows.jpg","width":720,"height":540,"caption":"10ft Food Trailer with Three Windows"},{"@type":"BreadcrumbList","@id":"https:\/\/www.honlufoodtrailer.com\/product\/3m-square-food-trailer-with-three-sided-windows\/#breadcrumb","itemListElement":[{"@type":"ListItem","position":1,"name":"Home","item":"https:\/\/www.honlufoodtrailer.com\/"},{"@type":"ListItem","position":2,"name":"\u4ea7\u54c1","item":"https:\/\/www.honlufoodtrailer.com\/shop\/"},{"@type":"ListItem","position":3,"name":"New Design 3m Square Food Trailer with Three-sided Windows"}]},{"@type":"WebSite","@id":"https:\/\/www.honlufoodtrailer.com\/#website","url":"https:\/\/www.honlufoodtrailer.com\/","name":"Remolque de comida Honlu","description":"","publisher":{"@id":"https:\/\/www.honlufoodtrailer.com\/#organization"},"potentialAction":[{"@type":"SearchAction","target":{"@type":"EntryPoint","urlTemplate":"https:\/\/www.honlufoodtrailer.com\/?s={search_term_string}"},"query-input":{"@type":"PropertyValueSpecification","valueRequired":true,"valueName":"search_term_string"}}],"inLanguage":"es"},{"@type":"Organization","@id":"https:\/\/www.honlufoodtrailer.com\/#organization","name":"Remolque de comida Honlu","url":"https:\/\/www.honlufoodtrailer.com\/","logo":{"@type":"ImageObject","inLanguage":"es","@id":"https:\/\/www.honlufoodtrailer.com\/#\/schema\/logo\/image\/","url":"https:\/\/www.honlufoodtrailer.com\/wp-content\/uploads\/2021\/12\/2.gif","contentUrl":"https:\/\/www.honlufoodtrailer.com\/wp-content\/uploads\/2021\/12\/2.gif","width":350,"height":100,"caption":"Honlu food trailer"},"image":{"@id":"https:\/\/www.honlufoodtrailer.com\/#\/schema\/logo\/image\/"}}]}},"_links":{"self":[{"href":"https:\/\/www.honlufoodtrailer.com\/es\/wp-json\/wp\/v2\/product\/7785","targetHints":{"allow":["GET"]}}],"collection":[{"href":"https:\/\/www.honlufoodtrailer.com\/es\/wp-json\/wp\/v2\/product"}],"about":[{"href":"https:\/\/www.honlufoodtrailer.com\/es\/wp-json\/wp\/v2\/types\/product"}],"version-history":[{"count":3,"href":"https:\/\/www.honlufoodtrailer.com\/es\/wp-json\/wp\/v2\/product\/7785\/revisions"}],"predecessor-version":[{"id":7911,"href":"https:\/\/www.honlufoodtrailer.com\/es\/wp-json\/wp\/v2\/product\/7785\/revisions\/7911"}],"wp:featuredmedia":[{"embeddable":true,"href":"https:\/\/www.honlufoodtrailer.com\/es\/wp-json\/wp\/v2\/media\/7792"}],"wp:attachment":[{"href":"https:\/\/www.honlufoodtrailer.com\/es\/wp-json\/wp\/v2\/media?parent=7785"}],"wp:term":[{"taxonomy":"product_brand","embeddable":true,"href":"https:\/\/www.honlufoodtrailer.com\/es\/wp-json\/wp\/v2\/product_brand?post=7785"},{"taxonomy":"product_cat","embeddable":true,"href":"https:\/\/www.honlufoodtrailer.com\/es\/wp-json\/wp\/v2\/product_cat?post=7785"},{"taxonomy":"product_tag","embeddable":true,"href":"https:\/\/www.honlufoodtrailer.com\/es\/wp-json\/wp\/v2\/product_tag?post=7785"}],"curies":[{"name":"wp","href":"https:\/\/api.w.org\/{rel}","templated":true}]}}