{"id":7991,"date":"2024-07-09T11:44:58","date_gmt":"2024-07-09T03:44:58","guid":{"rendered":"https:\/\/www.honlufoodtrailer.com\/?post_type=product&#038;p=7991"},"modified":"2025-02-14T14:46:58","modified_gmt":"2025-02-14T06:46:58","slug":"5-7m-food-trailer-container-in-turquoise-color","status":"publish","type":"product","link":"https:\/\/www.honlufoodtrailer.com\/es\/product\/5-7m-food-trailer-container-in-turquoise-color\/","title":{"rendered":"Contenedor Food Trailer de 5,7 m Maldivas"},"content":{"rendered":"<p>\u00bfBusca un contenedor para remolque de alimentos? Vea este contenedor de 5,7 m que hemos personalizado para uno de nuestros clientes de las Maldivas.  Como podemos ver, este contenedor tiene un bonito color turquesa. Usted puede imaginar que este remolque de alimentos ser\u00e1 muy atractivo entre la multitud. Veamos ahora m\u00e1s detalles de este remolque contenedor de alimentos.<\/p>\n<p><img fetchpriority=\"high\" decoding=\"async\" class=\"aligncenter size-full wp-image-8001\" src=\"https:\/\/www.honlufoodtrailer.com\/wp-content\/uploads\/2024\/07\/5.7M-food-trailer-container.jpg\" alt=\"Contenedor para remolques de alimentos de 5,7 millones de euros\" width=\"720\" height=\"540\" srcset=\"https:\/\/www.honlufoodtrailer.com\/wp-content\/uploads\/2024\/07\/5.7M-food-trailer-container.jpg 720w, https:\/\/www.honlufoodtrailer.com\/wp-content\/uploads\/2024\/07\/5.7M-food-trailer-container-480x360.jpg 480w, https:\/\/www.honlufoodtrailer.com\/wp-content\/uploads\/2024\/07\/5.7M-food-trailer-container-300x225.jpg 300w\" sizes=\"(max-width: 720px) 100vw, 720px\" \/> <img decoding=\"async\" class=\"aligncenter size-full wp-image-7999\" src=\"https:\/\/www.honlufoodtrailer.com\/wp-content\/uploads\/2024\/07\/5.7M-food-trailer-container-on-sale.jpg\" alt=\"A la venta un contenedor para remolques alimentarios de 5,7 millones de euros\" width=\"720\" height=\"540\" srcset=\"https:\/\/www.honlufoodtrailer.com\/wp-content\/uploads\/2024\/07\/5.7M-food-trailer-container-on-sale.jpg 720w, https:\/\/www.honlufoodtrailer.com\/wp-content\/uploads\/2024\/07\/5.7M-food-trailer-container-on-sale-480x360.jpg 480w, https:\/\/www.honlufoodtrailer.com\/wp-content\/uploads\/2024\/07\/5.7M-food-trailer-container-on-sale-300x225.jpg 300w\" sizes=\"(max-width: 720px) 100vw, 720px\" \/><br \/>\nComo podemos ver en la imagen de arriba, este contenedor remolque de alimentos tiene una ventana de tama\u00f1o mediano en la parte delantera. Adem\u00e1s, se pueden ver algunos equipos de cocina en el interior del <a href=\"https:\/\/www.honlufoodtrailer.com\/es\/container-trailer\/\" target=\"_blank\" rel=\"noopener\">remolque contenedor<\/a>. En el lado izquierdo del remolque de comida, hay una puerta para que el personal entre y salga del remolque de comida. A continuaci\u00f3n, veamos la estructura interna del contenedor de este remolque de alimentos.<\/p>\n<h3>Detalles internos de este contenedor para remolques de alimentos de 5,7 m Maldivas<\/h3>\n<p>Vea m\u00e1s detalles de la estructura interior de este remolque contenedor de alimentos. Como se puede ver en la imagen de abajo, hemos equipado este <a href=\"https:\/\/www.honlufoodtrailer.com\/es\/producto\/\" target=\"_blank\" rel=\"noopener\">remolque de comida<\/a> con equipamiento b\u00e1sico de cocina, como mesa de trabajo, dos fregaderos, congelador expositor de helados, asador, barra de ensaladas y campana extractora, etc. Adem\u00e1s, hemos equipado este remolque de alimentos con un acondicionador de aire de acuerdo a los requerimientos del cliente. Con este contenedor remolque de alimentos, nuestro cliente ser\u00e1 capaz de proporcionar comida r\u00e1pida para los comensales.<\/p>\n<p>&nbsp;<\/p>\n<p><img decoding=\"async\" class=\"aligncenter size-full wp-image-7997\" src=\"https:\/\/www.honlufoodtrailer.com\/wp-content\/uploads\/2024\/07\/5.7m-food-trailer-container-inner-view.jpg\" alt=\"Vista interior del contenedor del remolque alimentario de 5,7 m\" width=\"720\" height=\"540\" srcset=\"https:\/\/www.honlufoodtrailer.com\/wp-content\/uploads\/2024\/07\/5.7m-food-trailer-container-inner-view.jpg 720w, https:\/\/www.honlufoodtrailer.com\/wp-content\/uploads\/2024\/07\/5.7m-food-trailer-container-inner-view-480x360.jpg 480w, https:\/\/www.honlufoodtrailer.com\/wp-content\/uploads\/2024\/07\/5.7m-food-trailer-container-inner-view-300x225.jpg 300w\" sizes=\"(max-width: 720px) 100vw, 720px\" \/> <img loading=\"lazy\" decoding=\"async\" class=\"aligncenter size-full wp-image-7998\" src=\"https:\/\/www.honlufoodtrailer.com\/wp-content\/uploads\/2024\/07\/5.7M-food-trailer-container-more-details.jpg\" alt=\"Contenedor para remolques alimentarios de 5,7 millones de euros m\u00e1s detalles\" width=\"800\" height=\"800\" srcset=\"https:\/\/www.honlufoodtrailer.com\/wp-content\/uploads\/2024\/07\/5.7M-food-trailer-container-more-details.jpg 800w, https:\/\/www.honlufoodtrailer.com\/wp-content\/uploads\/2024\/07\/5.7M-food-trailer-container-more-details-768x768.jpg 768w, https:\/\/www.honlufoodtrailer.com\/wp-content\/uploads\/2024\/07\/5.7M-food-trailer-container-more-details-360x360.jpg 360w, https:\/\/www.honlufoodtrailer.com\/wp-content\/uploads\/2024\/07\/5.7M-food-trailer-container-more-details-300x300.jpg 300w, https:\/\/www.honlufoodtrailer.com\/wp-content\/uploads\/2024\/07\/5.7M-food-trailer-container-more-details-720x720.jpg 720w, https:\/\/www.honlufoodtrailer.com\/wp-content\/uploads\/2024\/07\/5.7M-food-trailer-container-more-details-100x100.jpg 100w\" sizes=\"(max-width: 800px) 100vw, 800px\" \/>Como fabricante y exportador de remolques para alimentos con m\u00e1s de 10 a\u00f1os de experiencia, nuestra empresa puede ofrecer a los clientes todo tipo de remolques para alimentos. No importa si quiere uno est\u00e1ndar o uno personalizado, podemos fabricarlo para usted. No s\u00f3lo podemos ofrecer remolques personalizados para la venta de alimentos, sino tambi\u00e9n remolques con muchas otras funciones. Como venta de flores, ropa, servicio de mascotas, servicio de corte de pelo, etc. D\u00edganos sus requisitos detallados y le proporcionaremos el remolque que desee. D\u00e9jenos un mensaje en el siguiente formulario o env\u00edenos un whatsapp directamente para obtener una respuesta r\u00e1pida.<\/p>","protected":false},"excerpt":{"rendered":"<p>Este es uno de nuestros contenedores para remolques alimentarios de 5,7 m hechos a medida. Lo construimos para un cliente de Maldivas. Tiene un bonito color y una estructura razonable. <strong>Haga clic en las siguientes pesta\u00f1as para ver m\u00e1s detalles de este remolque contenedor de alimentos<\/strong>. Podemos fabricar un contenedor para remolques de alimentos similar a \u00e9ste, o personalizar uno para usted. P\u00f3ngase en contacto con nosotros e ind\u00edquenos sus requisitos detallados. No dude en ponerse en contacto con nosotros.<\/p>","protected":false},"featured_media":7994,"template":"","meta":{"_themeisle_gutenberg_block_has_review":false},"product_brand":[],"product_cat":[26],"product_tag":[86,71,33,60,61,38],"class_list":{"0":"post-7991","1":"product","2":"type-product","3":"status-publish","4":"has-post-thumbnail","6":"product_cat-product","7":"product_tag-18-7ft-food-trailer","8":"product_tag-container-trailer","9":"product_tag-customized-trailer","10":"product_tag-fast-food-trailer","11":"product_tag-fast-food-trailer-for-sale","12":"product_tag-mobile-food-trailer","14":"first","15":"instock","16":"shipping-taxable","17":"product-type-simple"},"yoast_head":"<!-- This site is optimized with the Yoast SEO plugin v27.4 - https:\/\/yoast.com\/product\/yoast-seo-wordpress\/ -->\n<title>5.7m Food Trailer Container from China - Honlu Food Trailer<\/title>\n<meta name=\"description\" content=\"Looking for a food trailer container for sale? see this 5.7m food trailer container here! Get a similar or customized one at a reasonable price now!\" \/>\n<meta name=\"robots\" content=\"index, follow, max-snippet:-1, max-image-preview:large, max-video-preview:-1\" \/>\n<link rel=\"canonical\" href=\"https:\/\/www.honlufoodtrailer.com\/es\/producto\/5-7m-food-trailer-container-in-turquoise-color\/\" \/>\n<meta property=\"og:locale\" content=\"es_ES\" \/>\n<meta property=\"og:type\" content=\"article\" \/>\n<meta property=\"og:title\" content=\"5.7m Food Trailer Container from China - Honlu Food Trailer\" \/>\n<meta property=\"og:description\" content=\"Looking for a food trailer container for sale? see this 5.7m food trailer container here! Get a similar or customized one at a reasonable price now!\" \/>\n<meta property=\"og:url\" content=\"https:\/\/www.honlufoodtrailer.com\/es\/producto\/5-7m-food-trailer-container-in-turquoise-color\/\" \/>\n<meta property=\"og:site_name\" content=\"Honlu food trailer\" \/>\n<meta property=\"article:modified_time\" content=\"2025-02-14T06:46:58+00:00\" \/>\n<meta property=\"og:image\" content=\"https:\/\/www.honlufoodtrailer.com\/wp-content\/uploads\/2024\/07\/5.7M-container-food-trailer.jpg\" \/>\n\t<meta property=\"og:image:width\" content=\"720\" \/>\n\t<meta property=\"og:image:height\" content=\"540\" \/>\n\t<meta property=\"og:image:type\" content=\"image\/jpeg\" \/>\n<meta name=\"twitter:card\" content=\"summary_large_image\" \/>\n<meta name=\"twitter:label1\" content=\"Tiempo de lectura\" \/>\n\t<meta name=\"twitter:data1\" content=\"1 minuto\" \/>\n<script type=\"application\/ld+json\" class=\"yoast-schema-graph\">{\"@context\":\"https:\\\/\\\/schema.org\",\"@graph\":[{\"@type\":\"WebPage\",\"@id\":\"https:\\\/\\\/www.honlufoodtrailer.com\\\/product\\\/5-7m-food-trailer-container-in-turquoise-color\\\/\",\"url\":\"https:\\\/\\\/www.honlufoodtrailer.com\\\/product\\\/5-7m-food-trailer-container-in-turquoise-color\\\/\",\"name\":\"5.7m Food Trailer Container from China - Honlu Food Trailer\",\"isPartOf\":{\"@id\":\"https:\\\/\\\/www.honlufoodtrailer.com\\\/#website\"},\"primaryImageOfPage\":{\"@id\":\"https:\\\/\\\/www.honlufoodtrailer.com\\\/product\\\/5-7m-food-trailer-container-in-turquoise-color\\\/#primaryimage\"},\"image\":{\"@id\":\"https:\\\/\\\/www.honlufoodtrailer.com\\\/product\\\/5-7m-food-trailer-container-in-turquoise-color\\\/#primaryimage\"},\"thumbnailUrl\":\"https:\\\/\\\/www.honlufoodtrailer.com\\\/wp-content\\\/uploads\\\/2024\\\/07\\\/5.7M-container-food-trailer.jpg\",\"datePublished\":\"2024-07-09T03:44:58+00:00\",\"dateModified\":\"2025-02-14T06:46:58+00:00\",\"description\":\"Looking for a food trailer container for sale? see this 5.7m food trailer container here! Get a similar or customized one at a reasonable price now!\",\"breadcrumb\":{\"@id\":\"https:\\\/\\\/www.honlufoodtrailer.com\\\/product\\\/5-7m-food-trailer-container-in-turquoise-color\\\/#breadcrumb\"},\"inLanguage\":\"es\",\"potentialAction\":[{\"@type\":\"ReadAction\",\"target\":[\"https:\\\/\\\/www.honlufoodtrailer.com\\\/product\\\/5-7m-food-trailer-container-in-turquoise-color\\\/\"]}]},{\"@type\":\"ImageObject\",\"inLanguage\":\"es\",\"@id\":\"https:\\\/\\\/www.honlufoodtrailer.com\\\/product\\\/5-7m-food-trailer-container-in-turquoise-color\\\/#primaryimage\",\"url\":\"https:\\\/\\\/www.honlufoodtrailer.com\\\/wp-content\\\/uploads\\\/2024\\\/07\\\/5.7M-container-food-trailer.jpg\",\"contentUrl\":\"https:\\\/\\\/www.honlufoodtrailer.com\\\/wp-content\\\/uploads\\\/2024\\\/07\\\/5.7M-container-food-trailer.jpg\",\"width\":720,\"height\":540,\"caption\":\"5.7M container food trailer\"},{\"@type\":\"BreadcrumbList\",\"@id\":\"https:\\\/\\\/www.honlufoodtrailer.com\\\/product\\\/5-7m-food-trailer-container-in-turquoise-color\\\/#breadcrumb\",\"itemListElement\":[{\"@type\":\"ListItem\",\"position\":1,\"name\":\"Home\",\"item\":\"https:\\\/\\\/www.honlufoodtrailer.com\\\/\"},{\"@type\":\"ListItem\",\"position\":2,\"name\":\"\u4ea7\u54c1\",\"item\":\"https:\\\/\\\/www.honlufoodtrailer.com\\\/shop\\\/\"},{\"@type\":\"ListItem\",\"position\":3,\"name\":\"5.7m Food Trailer Container Maldives\"}]},{\"@type\":\"WebSite\",\"@id\":\"https:\\\/\\\/www.honlufoodtrailer.com\\\/#website\",\"url\":\"https:\\\/\\\/www.honlufoodtrailer.com\\\/\",\"name\":\"Honlu food trailer\",\"description\":\"\",\"publisher\":{\"@id\":\"https:\\\/\\\/www.honlufoodtrailer.com\\\/#organization\"},\"potentialAction\":[{\"@type\":\"SearchAction\",\"target\":{\"@type\":\"EntryPoint\",\"urlTemplate\":\"https:\\\/\\\/www.honlufoodtrailer.com\\\/?s={search_term_string}\"},\"query-input\":{\"@type\":\"PropertyValueSpecification\",\"valueRequired\":true,\"valueName\":\"search_term_string\"}}],\"inLanguage\":\"es\"},{\"@type\":\"Organization\",\"@id\":\"https:\\\/\\\/www.honlufoodtrailer.com\\\/#organization\",\"name\":\"Honlu food trailer\",\"url\":\"https:\\\/\\\/www.honlufoodtrailer.com\\\/\",\"logo\":{\"@type\":\"ImageObject\",\"inLanguage\":\"es\",\"@id\":\"https:\\\/\\\/www.honlufoodtrailer.com\\\/#\\\/schema\\\/logo\\\/image\\\/\",\"url\":\"https:\\\/\\\/www.honlufoodtrailer.com\\\/wp-content\\\/uploads\\\/2021\\\/12\\\/2.gif\",\"contentUrl\":\"https:\\\/\\\/www.honlufoodtrailer.com\\\/wp-content\\\/uploads\\\/2021\\\/12\\\/2.gif\",\"width\":350,\"height\":100,\"caption\":\"Honlu food trailer\"},\"image\":{\"@id\":\"https:\\\/\\\/www.honlufoodtrailer.com\\\/#\\\/schema\\\/logo\\\/image\\\/\"}}]}<\/script>\n<!-- \/ Yoast SEO plugin. -->","yoast_head_json":{"title":"5.7m Food Trailer Container de China - Honlu Food Trailer","description":"\u00bfBusca un contenedor para remolque de alimentos en venta? \u00a1Vea este contenedor para remolque de alimentos de 5,7 m aqu\u00ed! \u00a1Consiga ahora uno similar o personalizado a un precio razonable!","robots":{"index":"index","follow":"follow","max-snippet":"max-snippet:-1","max-image-preview":"max-image-preview:large","max-video-preview":"max-video-preview:-1"},"canonical":"https:\/\/www.honlufoodtrailer.com\/es\/producto\/5-7m-food-trailer-container-in-turquoise-color\/","og_locale":"es_ES","og_type":"article","og_title":"5.7m Food Trailer Container from China - Honlu Food Trailer","og_description":"Looking for a food trailer container for sale? see this 5.7m food trailer container here! Get a similar or customized one at a reasonable price now!","og_url":"https:\/\/www.honlufoodtrailer.com\/es\/producto\/5-7m-food-trailer-container-in-turquoise-color\/","og_site_name":"Honlu food trailer","article_modified_time":"2025-02-14T06:46:58+00:00","og_image":[{"width":720,"height":540,"url":"https:\/\/www.honlufoodtrailer.com\/wp-content\/uploads\/2024\/07\/5.7M-container-food-trailer.jpg","type":"image\/jpeg"}],"twitter_card":"summary_large_image","twitter_misc":{"Tiempo de lectura":"1 minuto"},"schema":{"@context":"https:\/\/schema.org","@graph":[{"@type":"WebPage","@id":"https:\/\/www.honlufoodtrailer.com\/product\/5-7m-food-trailer-container-in-turquoise-color\/","url":"https:\/\/www.honlufoodtrailer.com\/product\/5-7m-food-trailer-container-in-turquoise-color\/","name":"5.7m Food Trailer Container de China - Honlu Food Trailer","isPartOf":{"@id":"https:\/\/www.honlufoodtrailer.com\/#website"},"primaryImageOfPage":{"@id":"https:\/\/www.honlufoodtrailer.com\/product\/5-7m-food-trailer-container-in-turquoise-color\/#primaryimage"},"image":{"@id":"https:\/\/www.honlufoodtrailer.com\/product\/5-7m-food-trailer-container-in-turquoise-color\/#primaryimage"},"thumbnailUrl":"https:\/\/www.honlufoodtrailer.com\/wp-content\/uploads\/2024\/07\/5.7M-container-food-trailer.jpg","datePublished":"2024-07-09T03:44:58+00:00","dateModified":"2025-02-14T06:46:58+00:00","description":"\u00bfBusca un contenedor para remolque de alimentos en venta? \u00a1Vea este contenedor para remolque de alimentos de 5,7 m aqu\u00ed! \u00a1Consiga ahora uno similar o personalizado a un precio razonable!","breadcrumb":{"@id":"https:\/\/www.honlufoodtrailer.com\/product\/5-7m-food-trailer-container-in-turquoise-color\/#breadcrumb"},"inLanguage":"es","potentialAction":[{"@type":"ReadAction","target":["https:\/\/www.honlufoodtrailer.com\/product\/5-7m-food-trailer-container-in-turquoise-color\/"]}]},{"@type":"ImageObject","inLanguage":"es","@id":"https:\/\/www.honlufoodtrailer.com\/product\/5-7m-food-trailer-container-in-turquoise-color\/#primaryimage","url":"https:\/\/www.honlufoodtrailer.com\/wp-content\/uploads\/2024\/07\/5.7M-container-food-trailer.jpg","contentUrl":"https:\/\/www.honlufoodtrailer.com\/wp-content\/uploads\/2024\/07\/5.7M-container-food-trailer.jpg","width":720,"height":540,"caption":"5.7M container food trailer"},{"@type":"BreadcrumbList","@id":"https:\/\/www.honlufoodtrailer.com\/product\/5-7m-food-trailer-container-in-turquoise-color\/#breadcrumb","itemListElement":[{"@type":"ListItem","position":1,"name":"Home","item":"https:\/\/www.honlufoodtrailer.com\/"},{"@type":"ListItem","position":2,"name":"\u4ea7\u54c1","item":"https:\/\/www.honlufoodtrailer.com\/shop\/"},{"@type":"ListItem","position":3,"name":"5.7m Food Trailer Container Maldives"}]},{"@type":"WebSite","@id":"https:\/\/www.honlufoodtrailer.com\/#website","url":"https:\/\/www.honlufoodtrailer.com\/","name":"Remolque de comida Honlu","description":"","publisher":{"@id":"https:\/\/www.honlufoodtrailer.com\/#organization"},"potentialAction":[{"@type":"SearchAction","target":{"@type":"EntryPoint","urlTemplate":"https:\/\/www.honlufoodtrailer.com\/?s={search_term_string}"},"query-input":{"@type":"PropertyValueSpecification","valueRequired":true,"valueName":"search_term_string"}}],"inLanguage":"es"},{"@type":"Organization","@id":"https:\/\/www.honlufoodtrailer.com\/#organization","name":"Remolque de comida Honlu","url":"https:\/\/www.honlufoodtrailer.com\/","logo":{"@type":"ImageObject","inLanguage":"es","@id":"https:\/\/www.honlufoodtrailer.com\/#\/schema\/logo\/image\/","url":"https:\/\/www.honlufoodtrailer.com\/wp-content\/uploads\/2021\/12\/2.gif","contentUrl":"https:\/\/www.honlufoodtrailer.com\/wp-content\/uploads\/2021\/12\/2.gif","width":350,"height":100,"caption":"Honlu food trailer"},"image":{"@id":"https:\/\/www.honlufoodtrailer.com\/#\/schema\/logo\/image\/"}}]}},"_links":{"self":[{"href":"https:\/\/www.honlufoodtrailer.com\/es\/wp-json\/wp\/v2\/product\/7991","targetHints":{"allow":["GET"]}}],"collection":[{"href":"https:\/\/www.honlufoodtrailer.com\/es\/wp-json\/wp\/v2\/product"}],"about":[{"href":"https:\/\/www.honlufoodtrailer.com\/es\/wp-json\/wp\/v2\/types\/product"}],"version-history":[{"count":6,"href":"https:\/\/www.honlufoodtrailer.com\/es\/wp-json\/wp\/v2\/product\/7991\/revisions"}],"predecessor-version":[{"id":9512,"href":"https:\/\/www.honlufoodtrailer.com\/es\/wp-json\/wp\/v2\/product\/7991\/revisions\/9512"}],"wp:featuredmedia":[{"embeddable":true,"href":"https:\/\/www.honlufoodtrailer.com\/es\/wp-json\/wp\/v2\/media\/7994"}],"wp:attachment":[{"href":"https:\/\/www.honlufoodtrailer.com\/es\/wp-json\/wp\/v2\/media?parent=7991"}],"wp:term":[{"taxonomy":"product_brand","embeddable":true,"href":"https:\/\/www.honlufoodtrailer.com\/es\/wp-json\/wp\/v2\/product_brand?post=7991"},{"taxonomy":"product_cat","embeddable":true,"href":"https:\/\/www.honlufoodtrailer.com\/es\/wp-json\/wp\/v2\/product_cat?post=7991"},{"taxonomy":"product_tag","embeddable":true,"href":"https:\/\/www.honlufoodtrailer.com\/es\/wp-json\/wp\/v2\/product_tag?post=7991"}],"curies":[{"name":"wp","href":"https:\/\/api.w.org\/{rel}","templated":true}]}}