{"id":8009,"date":"2024-07-10T18:07:05","date_gmt":"2024-07-10T10:07:05","guid":{"rendered":"https:\/\/www.honlufoodtrailer.com\/?post_type=product&#038;p=8009"},"modified":"2025-02-18T11:01:19","modified_gmt":"2025-02-18T03:01:19","slug":"18ft-food-trailer-in-granite-gray","status":"publish","type":"product","link":"https:\/\/www.honlufoodtrailer.com\/es\/product\/18ft-food-trailer-in-granite-gray\/","title":{"rendered":"Remolque de comida de 18 pies en Canad\u00e1, color gris granito."},"content":{"rendered":"<p>Este es un remolque de comida personalizado de 5,5 metros (18 pies) en color gris granito que fabricamos para uno de nuestros clientes canadienses. Podemos fabricar un remolque de comida similar de 5,5 metros (18 pies) para la venta, o personalizar uno para usted. El color de la carrocer\u00eda, las pegatinas, la se\u00f1alizaci\u00f3n y el equipamiento de cocina del remolque se pueden personalizar. Simplemente cont\u00e1ctenos y cu\u00e9ntenos sus requisitos.<\/p>\n<p><img fetchpriority=\"high\" decoding=\"async\" class=\"aligncenter size-full wp-image-8014\" src=\"https:\/\/www.honlufoodtrailer.com\/wp-content\/uploads\/2024\/07\/18ft-Food-Trailer-In-Granite-Gray-on-sale.jpg\" alt=\"Remolque de comida de 5,5 metros (18 pies) en color gris granito en oferta.\" width=\"720\" height=\"540\" srcset=\"https:\/\/www.honlufoodtrailer.com\/wp-content\/uploads\/2024\/07\/18ft-Food-Trailer-In-Granite-Gray-on-sale.jpg 720w, https:\/\/www.honlufoodtrailer.com\/wp-content\/uploads\/2024\/07\/18ft-Food-Trailer-In-Granite-Gray-on-sale-480x360.jpg 480w, https:\/\/www.honlufoodtrailer.com\/wp-content\/uploads\/2024\/07\/18ft-Food-Trailer-In-Granite-Gray-on-sale-300x225.jpg 300w\" sizes=\"(max-width: 720px) 100vw, 720px\" \/> <img decoding=\"async\" class=\"aligncenter size-full wp-image-8011\" src=\"https:\/\/www.honlufoodtrailer.com\/wp-content\/uploads\/2024\/07\/18ft-Food-Trailer-In-Granite-Gray-back-view.jpg\" alt=\"Remolque de comida de 18 pies en color gris granito (vista trasera)\" width=\"720\" height=\"540\" srcset=\"https:\/\/www.honlufoodtrailer.com\/wp-content\/uploads\/2024\/07\/18ft-Food-Trailer-In-Granite-Gray-back-view.jpg 720w, https:\/\/www.honlufoodtrailer.com\/wp-content\/uploads\/2024\/07\/18ft-Food-Trailer-In-Granite-Gray-back-view-480x360.jpg 480w, https:\/\/www.honlufoodtrailer.com\/wp-content\/uploads\/2024\/07\/18ft-Food-Trailer-In-Granite-Gray-back-view-300x225.jpg 300w\" sizes=\"(max-width: 720px) 100vw, 720px\" \/><\/p>\n<p>\u00bfEst\u00e1s buscando iniciar tu propio negocio de comida? \u00bfQuieres ofrecer comidas deliciosas para llevar? Entonces, considera invertir en este remolque de comida de 18 pies en venta. Este tipo de <a href=\"https:\/\/www.honlufoodtrailer.com\/es\/producto\/\" target=\"_blank\" rel=\"noopener\">remolque de comida<\/a> Puede impulsar tu negocio hacia el \u00e9xito. Como puedes ver en la imagen de arriba, puedes usar este remolque de comida para vender diversos tipos de comida r\u00e1pida, como s\u00e1ndwiches de pollo, ensaladas de pollo, pizzas, perritos calientes, hamburguesas, tacos, alitas, ensaladas, papas fritas y refrescos. Esto te ayudar\u00e1 a atraer m\u00e1s clientes. A continuaci\u00f3n, te mostrar\u00e9 el interior de este remolque de comida.<\/p>\n<h3>Detalles interiores de este remolque de comida de 5,5 metros en color gris granito.<\/h3>\n<p>Como se puede apreciar en la imagen, hemos equipado el remolque de comida de 5,5 metros con diversos utensilios de cocina. En su interior, encontramos principalmente equipos como estufa de gas, mesa de trabajo, fregaderos, plancha y campana extractora, entre otros. Con estos utensilios, nuestro cliente podr\u00e1 ofrecer a sus comensales una amplia variedad de comida r\u00e1pida.<br \/>\n<img decoding=\"async\" class=\"aligncenter size-full wp-image-8013\" src=\"https:\/\/www.honlufoodtrailer.com\/wp-content\/uploads\/2024\/07\/18ft-Food-Trailer-In-Granite-Gray-inner-view.jpg\" alt=\"Remolque de comida de 18 pies en color gris granito (vista interior)\" width=\"720\" height=\"540\" srcset=\"https:\/\/www.honlufoodtrailer.com\/wp-content\/uploads\/2024\/07\/18ft-Food-Trailer-In-Granite-Gray-inner-view.jpg 720w, https:\/\/www.honlufoodtrailer.com\/wp-content\/uploads\/2024\/07\/18ft-Food-Trailer-In-Granite-Gray-inner-view-480x360.jpg 480w, https:\/\/www.honlufoodtrailer.com\/wp-content\/uploads\/2024\/07\/18ft-Food-Trailer-In-Granite-Gray-inner-view-300x225.jpg 300w\" sizes=\"(max-width: 720px) 100vw, 720px\" \/><br \/>\n<img loading=\"lazy\" decoding=\"async\" class=\"aligncenter size-full wp-image-8030\" src=\"https:\/\/www.honlufoodtrailer.com\/wp-content\/uploads\/2024\/07\/18ft-food-trailer-in-granite-gray-inner-details.jpg\" alt=\"Remolque de comida de 18 pies en gris granito con detalles interiores\" width=\"800\" height=\"800\" srcset=\"https:\/\/www.honlufoodtrailer.com\/wp-content\/uploads\/2024\/07\/18ft-food-trailer-in-granite-gray-inner-details.jpg 800w, https:\/\/www.honlufoodtrailer.com\/wp-content\/uploads\/2024\/07\/18ft-food-trailer-in-granite-gray-inner-details-768x768.jpg 768w, https:\/\/www.honlufoodtrailer.com\/wp-content\/uploads\/2024\/07\/18ft-food-trailer-in-granite-gray-inner-details-360x360.jpg 360w, https:\/\/www.honlufoodtrailer.com\/wp-content\/uploads\/2024\/07\/18ft-food-trailer-in-granite-gray-inner-details-300x300.jpg 300w, https:\/\/www.honlufoodtrailer.com\/wp-content\/uploads\/2024\/07\/18ft-food-trailer-in-granite-gray-inner-details-720x720.jpg 720w, https:\/\/www.honlufoodtrailer.com\/wp-content\/uploads\/2024\/07\/18ft-food-trailer-in-granite-gray-inner-details-100x100.jpg 100w\" sizes=\"(max-width: 800px) 100vw, 800px\" \/><\/p>\n<p>Los remolques de comida tambi\u00e9n pueden llamarse carros de comida, furgonetas de comida, camiones de comida, etc. Puede utilizarse para vender comida r\u00e1pida, aperitivos, peri\u00f3dicos, libros, etc. Consta de chasis, carrocer\u00eda, suelo, mesa de trabajo, sistema de agua y sistema el\u00e9ctrico. Los usuarios tambi\u00e9n pueden elegir el color que deseen. Nos gustaria comprar otros tipos de equipos si los clientes lo desean.<\/p>\n<h3>Caracter\u00edsticas principales del remolque de comida personalizado de 18 pies en Canad\u00e1<\/h3>\n<ol>\n<li>Bajo coste y respetuoso con el medio ambiente, sin humos ni ruidos, f\u00e1cil de trasladar a cualquier lugar.<\/li>\n<li>Se puede utilizar durante muchos a\u00f1os y no va a construir basura, y eso es muchos trajes para la vida moderna.<\/li>\n<li>Es c\u00f3modo y sencillo de cargar y transportar porque su dise\u00f1o es \u00fanico e individual.<\/li>\n<li>El material principal es acero inoxidable, y la plataforma plana (mesa) no se oxida.<\/li>\n<li>Tiene resistencia al calor, y la fuerza es alta, alta solidez del color, sin deformaci\u00f3n, resistente al agua, y larga vida \u00fatil.<\/li>\n<\/ol>\n<h3>Ventaja principal:<\/h3>\n<p>1. Econ\u00f3mico y ecol\u00f3gico;<br \/>\n2. 2. F\u00e1cil de trasladar a cualquier lugar (su negocio no est\u00e1 limitado);<br \/>\n3. Forma \u00fanica (invisible para atraer a m\u00e1s clientes);<br \/>\n4. Larga vida \u00fatil (resistente a la corrosi\u00f3n, al calor, al agua y a la deformaci\u00f3n).<\/p>","protected":false},"excerpt":{"rendered":"<p>Este es uno de nuestros remolques de comida personalizados de 5,5 metros (18 pies) en Canad\u00e1, color gris granito. Es una excelente opci\u00f3n para iniciar un negocio de comida ambulante. Por supuesto, podemos fabricar un remolque similar a este o personalizarlo para usted. El color de la carrocer\u00eda, las pegatinas, la se\u00f1alizaci\u00f3n y el equipamiento de cocina se pueden personalizar. <strong>Haga clic en las siguientes pesta\u00f1as para ver m\u00e1s detalles sobre este remolque de comida de 18 pies. <\/strong>P\u00f3ngase en contacto con nosotros y cu\u00e9ntenos sus requisitos en detalle. \u00a1No dude en contactarnos ahora mismo!<\/p>","protected":false},"featured_media":8010,"template":"","meta":{"_themeisle_gutenberg_block_has_review":false},"product_brand":[],"product_cat":[26],"product_tag":[83,33,60,61,38],"class_list":{"0":"post-8009","1":"product","2":"type-product","3":"status-publish","4":"has-post-thumbnail","6":"product_cat-product","7":"product_tag-18ft-food-trailer","8":"product_tag-customized-trailer","9":"product_tag-fast-food-trailer","10":"product_tag-fast-food-trailer-for-sale","11":"product_tag-mobile-food-trailer","13":"first","14":"instock","15":"featured","16":"shipping-taxable","17":"product-type-simple"},"yoast_head":"<!-- This site is optimized with the Yoast SEO plugin v27.4 - https:\/\/yoast.com\/product\/yoast-seo-wordpress\/ -->\n<title>18ft Food Trailer In Granite Gray For Sale - Honlu Food Trailer<\/title>\n<meta name=\"description\" content=\"This is an 18ft food trailer in granite gray we have customized for an Canadian customer. Get a similar or customized one at factory price now!\" \/>\n<meta name=\"robots\" content=\"index, follow, max-snippet:-1, max-image-preview:large, max-video-preview:-1\" \/>\n<link rel=\"canonical\" href=\"https:\/\/www.honlufoodtrailer.com\/es\/producto\/18ft-food-trailer-in-granite-gray\/\" \/>\n<meta property=\"og:locale\" content=\"es_ES\" \/>\n<meta property=\"og:type\" content=\"article\" \/>\n<meta property=\"og:title\" content=\"18ft Food Trailer In Granite Gray For Sale - Honlu Food Trailer\" \/>\n<meta property=\"og:description\" content=\"This is an 18ft food trailer in granite gray we have customized for an Canadian customer. Get a similar or customized one at factory price now!\" \/>\n<meta property=\"og:url\" content=\"https:\/\/www.honlufoodtrailer.com\/es\/producto\/18ft-food-trailer-in-granite-gray\/\" \/>\n<meta property=\"og:site_name\" content=\"Honlu food trailer\" \/>\n<meta property=\"article:modified_time\" content=\"2025-02-18T03:01:19+00:00\" \/>\n<meta property=\"og:image\" content=\"https:\/\/www.honlufoodtrailer.com\/wp-content\/uploads\/2024\/07\/5.5m-Food-Trailer-In-Granite-Gray.jpg\" \/>\n\t<meta property=\"og:image:width\" content=\"720\" \/>\n\t<meta property=\"og:image:height\" content=\"540\" \/>\n\t<meta property=\"og:image:type\" content=\"image\/jpeg\" \/>\n<meta name=\"twitter:card\" content=\"summary_large_image\" \/>\n<meta name=\"twitter:label1\" content=\"Tiempo de lectura\" \/>\n\t<meta name=\"twitter:data1\" content=\"1 minuto\" \/>\n<script type=\"application\/ld+json\" class=\"yoast-schema-graph\">{\"@context\":\"https:\\\/\\\/schema.org\",\"@graph\":[{\"@type\":\"WebPage\",\"@id\":\"https:\\\/\\\/www.honlufoodtrailer.com\\\/product\\\/18ft-food-trailer-in-granite-gray\\\/\",\"url\":\"https:\\\/\\\/www.honlufoodtrailer.com\\\/product\\\/18ft-food-trailer-in-granite-gray\\\/\",\"name\":\"18ft Food Trailer In Granite Gray For Sale - Honlu Food Trailer\",\"isPartOf\":{\"@id\":\"https:\\\/\\\/www.honlufoodtrailer.com\\\/#website\"},\"primaryImageOfPage\":{\"@id\":\"https:\\\/\\\/www.honlufoodtrailer.com\\\/product\\\/18ft-food-trailer-in-granite-gray\\\/#primaryimage\"},\"image\":{\"@id\":\"https:\\\/\\\/www.honlufoodtrailer.com\\\/product\\\/18ft-food-trailer-in-granite-gray\\\/#primaryimage\"},\"thumbnailUrl\":\"https:\\\/\\\/www.honlufoodtrailer.com\\\/wp-content\\\/uploads\\\/2024\\\/07\\\/5.5m-Food-Trailer-In-Granite-Gray.jpg\",\"datePublished\":\"2024-07-10T10:07:05+00:00\",\"dateModified\":\"2025-02-18T03:01:19+00:00\",\"description\":\"This is an 18ft food trailer in granite gray we have customized for an Canadian customer. Get a similar or customized one at factory price now!\",\"breadcrumb\":{\"@id\":\"https:\\\/\\\/www.honlufoodtrailer.com\\\/product\\\/18ft-food-trailer-in-granite-gray\\\/#breadcrumb\"},\"inLanguage\":\"es\",\"potentialAction\":[{\"@type\":\"ReadAction\",\"target\":[\"https:\\\/\\\/www.honlufoodtrailer.com\\\/product\\\/18ft-food-trailer-in-granite-gray\\\/\"]}]},{\"@type\":\"ImageObject\",\"inLanguage\":\"es\",\"@id\":\"https:\\\/\\\/www.honlufoodtrailer.com\\\/product\\\/18ft-food-trailer-in-granite-gray\\\/#primaryimage\",\"url\":\"https:\\\/\\\/www.honlufoodtrailer.com\\\/wp-content\\\/uploads\\\/2024\\\/07\\\/5.5m-Food-Trailer-In-Granite-Gray.jpg\",\"contentUrl\":\"https:\\\/\\\/www.honlufoodtrailer.com\\\/wp-content\\\/uploads\\\/2024\\\/07\\\/5.5m-Food-Trailer-In-Granite-Gray.jpg\",\"width\":720,\"height\":540,\"caption\":\"5.5m Food Trailer In Granite Gray\"},{\"@type\":\"BreadcrumbList\",\"@id\":\"https:\\\/\\\/www.honlufoodtrailer.com\\\/product\\\/18ft-food-trailer-in-granite-gray\\\/#breadcrumb\",\"itemListElement\":[{\"@type\":\"ListItem\",\"position\":1,\"name\":\"Home\",\"item\":\"https:\\\/\\\/www.honlufoodtrailer.com\\\/\"},{\"@type\":\"ListItem\",\"position\":2,\"name\":\"\u4ea7\u54c1\",\"item\":\"https:\\\/\\\/www.honlufoodtrailer.com\\\/shop\\\/\"},{\"@type\":\"ListItem\",\"position\":3,\"name\":\"18ft Food Trailer Canada in Granite Gray\"}]},{\"@type\":\"WebSite\",\"@id\":\"https:\\\/\\\/www.honlufoodtrailer.com\\\/#website\",\"url\":\"https:\\\/\\\/www.honlufoodtrailer.com\\\/\",\"name\":\"Honlu food trailer\",\"description\":\"\",\"publisher\":{\"@id\":\"https:\\\/\\\/www.honlufoodtrailer.com\\\/#organization\"},\"potentialAction\":[{\"@type\":\"SearchAction\",\"target\":{\"@type\":\"EntryPoint\",\"urlTemplate\":\"https:\\\/\\\/www.honlufoodtrailer.com\\\/?s={search_term_string}\"},\"query-input\":{\"@type\":\"PropertyValueSpecification\",\"valueRequired\":true,\"valueName\":\"search_term_string\"}}],\"inLanguage\":\"es\"},{\"@type\":\"Organization\",\"@id\":\"https:\\\/\\\/www.honlufoodtrailer.com\\\/#organization\",\"name\":\"Honlu food trailer\",\"url\":\"https:\\\/\\\/www.honlufoodtrailer.com\\\/\",\"logo\":{\"@type\":\"ImageObject\",\"inLanguage\":\"es\",\"@id\":\"https:\\\/\\\/www.honlufoodtrailer.com\\\/#\\\/schema\\\/logo\\\/image\\\/\",\"url\":\"https:\\\/\\\/www.honlufoodtrailer.com\\\/wp-content\\\/uploads\\\/2021\\\/12\\\/2.gif\",\"contentUrl\":\"https:\\\/\\\/www.honlufoodtrailer.com\\\/wp-content\\\/uploads\\\/2021\\\/12\\\/2.gif\",\"width\":350,\"height\":100,\"caption\":\"Honlu food trailer\"},\"image\":{\"@id\":\"https:\\\/\\\/www.honlufoodtrailer.com\\\/#\\\/schema\\\/logo\\\/image\\\/\"}}]}<\/script>\n<!-- \/ Yoast SEO plugin. -->","yoast_head_json":{"title":"Remolque de comida de 5,5 metros (18 pies) en color gris granito en venta - Remolque de comida Honlu","description":"Este es un remolque de comida de 5,5 metros (18 pies) en color gris granito que personalizamos para un cliente canadiense. \u00a1Consigue uno similar o personalizado a precio de f\u00e1brica ahora!","robots":{"index":"index","follow":"follow","max-snippet":"max-snippet:-1","max-image-preview":"max-image-preview:large","max-video-preview":"max-video-preview:-1"},"canonical":"https:\/\/www.honlufoodtrailer.com\/es\/producto\/18ft-food-trailer-in-granite-gray\/","og_locale":"es_ES","og_type":"article","og_title":"18ft Food Trailer In Granite Gray For Sale - Honlu Food Trailer","og_description":"This is an 18ft food trailer in granite gray we have customized for an Canadian customer. Get a similar or customized one at factory price now!","og_url":"https:\/\/www.honlufoodtrailer.com\/es\/producto\/18ft-food-trailer-in-granite-gray\/","og_site_name":"Honlu food trailer","article_modified_time":"2025-02-18T03:01:19+00:00","og_image":[{"width":720,"height":540,"url":"https:\/\/www.honlufoodtrailer.com\/wp-content\/uploads\/2024\/07\/5.5m-Food-Trailer-In-Granite-Gray.jpg","type":"image\/jpeg"}],"twitter_card":"summary_large_image","twitter_misc":{"Tiempo de lectura":"1 minuto"},"schema":{"@context":"https:\/\/schema.org","@graph":[{"@type":"WebPage","@id":"https:\/\/www.honlufoodtrailer.com\/product\/18ft-food-trailer-in-granite-gray\/","url":"https:\/\/www.honlufoodtrailer.com\/product\/18ft-food-trailer-in-granite-gray\/","name":"Remolque de comida de 5,5 metros (18 pies) en color gris granito en venta - Remolque de comida Honlu","isPartOf":{"@id":"https:\/\/www.honlufoodtrailer.com\/#website"},"primaryImageOfPage":{"@id":"https:\/\/www.honlufoodtrailer.com\/product\/18ft-food-trailer-in-granite-gray\/#primaryimage"},"image":{"@id":"https:\/\/www.honlufoodtrailer.com\/product\/18ft-food-trailer-in-granite-gray\/#primaryimage"},"thumbnailUrl":"https:\/\/www.honlufoodtrailer.com\/wp-content\/uploads\/2024\/07\/5.5m-Food-Trailer-In-Granite-Gray.jpg","datePublished":"2024-07-10T10:07:05+00:00","dateModified":"2025-02-18T03:01:19+00:00","description":"Este es un remolque de comida de 5,5 metros (18 pies) en color gris granito que personalizamos para un cliente canadiense. \u00a1Consigue uno similar o personalizado a precio de f\u00e1brica ahora!","breadcrumb":{"@id":"https:\/\/www.honlufoodtrailer.com\/product\/18ft-food-trailer-in-granite-gray\/#breadcrumb"},"inLanguage":"es","potentialAction":[{"@type":"ReadAction","target":["https:\/\/www.honlufoodtrailer.com\/product\/18ft-food-trailer-in-granite-gray\/"]}]},{"@type":"ImageObject","inLanguage":"es","@id":"https:\/\/www.honlufoodtrailer.com\/product\/18ft-food-trailer-in-granite-gray\/#primaryimage","url":"https:\/\/www.honlufoodtrailer.com\/wp-content\/uploads\/2024\/07\/5.5m-Food-Trailer-In-Granite-Gray.jpg","contentUrl":"https:\/\/www.honlufoodtrailer.com\/wp-content\/uploads\/2024\/07\/5.5m-Food-Trailer-In-Granite-Gray.jpg","width":720,"height":540,"caption":"5.5m Food Trailer In Granite Gray"},{"@type":"BreadcrumbList","@id":"https:\/\/www.honlufoodtrailer.com\/product\/18ft-food-trailer-in-granite-gray\/#breadcrumb","itemListElement":[{"@type":"ListItem","position":1,"name":"Home","item":"https:\/\/www.honlufoodtrailer.com\/"},{"@type":"ListItem","position":2,"name":"\u4ea7\u54c1","item":"https:\/\/www.honlufoodtrailer.com\/shop\/"},{"@type":"ListItem","position":3,"name":"18ft Food Trailer Canada in Granite Gray"}]},{"@type":"WebSite","@id":"https:\/\/www.honlufoodtrailer.com\/#website","url":"https:\/\/www.honlufoodtrailer.com\/","name":"Remolque de comida Honlu","description":"","publisher":{"@id":"https:\/\/www.honlufoodtrailer.com\/#organization"},"potentialAction":[{"@type":"SearchAction","target":{"@type":"EntryPoint","urlTemplate":"https:\/\/www.honlufoodtrailer.com\/?s={search_term_string}"},"query-input":{"@type":"PropertyValueSpecification","valueRequired":true,"valueName":"search_term_string"}}],"inLanguage":"es"},{"@type":"Organization","@id":"https:\/\/www.honlufoodtrailer.com\/#organization","name":"Remolque de comida Honlu","url":"https:\/\/www.honlufoodtrailer.com\/","logo":{"@type":"ImageObject","inLanguage":"es","@id":"https:\/\/www.honlufoodtrailer.com\/#\/schema\/logo\/image\/","url":"https:\/\/www.honlufoodtrailer.com\/wp-content\/uploads\/2021\/12\/2.gif","contentUrl":"https:\/\/www.honlufoodtrailer.com\/wp-content\/uploads\/2021\/12\/2.gif","width":350,"height":100,"caption":"Honlu food trailer"},"image":{"@id":"https:\/\/www.honlufoodtrailer.com\/#\/schema\/logo\/image\/"}}]}},"_links":{"self":[{"href":"https:\/\/www.honlufoodtrailer.com\/es\/wp-json\/wp\/v2\/product\/8009","targetHints":{"allow":["GET"]}}],"collection":[{"href":"https:\/\/www.honlufoodtrailer.com\/es\/wp-json\/wp\/v2\/product"}],"about":[{"href":"https:\/\/www.honlufoodtrailer.com\/es\/wp-json\/wp\/v2\/types\/product"}],"version-history":[{"count":8,"href":"https:\/\/www.honlufoodtrailer.com\/es\/wp-json\/wp\/v2\/product\/8009\/revisions"}],"predecessor-version":[{"id":11073,"href":"https:\/\/www.honlufoodtrailer.com\/es\/wp-json\/wp\/v2\/product\/8009\/revisions\/11073"}],"wp:featuredmedia":[{"embeddable":true,"href":"https:\/\/www.honlufoodtrailer.com\/es\/wp-json\/wp\/v2\/media\/8010"}],"wp:attachment":[{"href":"https:\/\/www.honlufoodtrailer.com\/es\/wp-json\/wp\/v2\/media?parent=8009"}],"wp:term":[{"taxonomy":"product_brand","embeddable":true,"href":"https:\/\/www.honlufoodtrailer.com\/es\/wp-json\/wp\/v2\/product_brand?post=8009"},{"taxonomy":"product_cat","embeddable":true,"href":"https:\/\/www.honlufoodtrailer.com\/es\/wp-json\/wp\/v2\/product_cat?post=8009"},{"taxonomy":"product_tag","embeddable":true,"href":"https:\/\/www.honlufoodtrailer.com\/es\/wp-json\/wp\/v2\/product_tag?post=8009"}],"curies":[{"name":"wp","href":"https:\/\/api.w.org\/{rel}","templated":true}]}}