{"id":8114,"date":"2024-07-24T17:43:16","date_gmt":"2024-07-24T09:43:16","guid":{"rendered":"https:\/\/www.honlufoodtrailer.com\/?post_type=product&#038;p=8114"},"modified":"2025-02-14T14:33:00","modified_gmt":"2025-02-14T06:33:00","slug":"contenedor-restaurante-de-18-pies","status":"publish","type":"product","link":"https:\/\/www.honlufoodtrailer.com\/es\/product\/18ft-shipping-container-restaurant\/","title":{"rendered":"Restaurante construido con un contenedor mar\u00edtimo de 18 pies y listones de madera."},"content":{"rendered":"<p>\u00bfBuscas un restaurante en un contenedor mar\u00edtimo? Mira este restaurante de 5,5 metros (18 pies) que hemos personalizado para uno de nuestros clientes. \u00a1Una excelente opci\u00f3n para una cocina comercial! Su costo es menor que el de una cocina comercial tradicional. Echa un vistazo a esta cocina comercial construida a partir de un contenedor mar\u00edtimo de 5,5 metros. Imagina que este food truck ser\u00e1 un \u00e9xito entre el p\u00fablico. \u00a1Veamos m\u00e1s detalles sobre este restaurante en contenedor!<\/p>\n<p><img fetchpriority=\"high\" decoding=\"async\" class=\"aligncenter size-full wp-image-8121\" src=\"https:\/\/www.honlufoodtrailer.com\/wp-content\/uploads\/2024\/07\/18ft-container-restaurant.jpg\" alt=\"Restaurante en contenedor de 18 pies\" width=\"720\" height=\"540\" srcset=\"https:\/\/www.honlufoodtrailer.com\/wp-content\/uploads\/2024\/07\/18ft-container-restaurant.jpg 720w, https:\/\/www.honlufoodtrailer.com\/wp-content\/uploads\/2024\/07\/18ft-container-restaurant-480x360.jpg 480w, https:\/\/www.honlufoodtrailer.com\/wp-content\/uploads\/2024\/07\/18ft-container-restaurant-300x225.jpg 300w\" sizes=\"(max-width: 720px) 100vw, 720px\" \/> <img decoding=\"async\" class=\"aligncenter size-full wp-image-8117\" src=\"https:\/\/www.honlufoodtrailer.com\/wp-content\/uploads\/2024\/07\/18ft-container-restaurant-for-sale.jpg\" alt=\"Restaurante construido con un contenedor de 18 pies en venta.\" width=\"720\" height=\"540\" srcset=\"https:\/\/www.honlufoodtrailer.com\/wp-content\/uploads\/2024\/07\/18ft-container-restaurant-for-sale.jpg 720w, https:\/\/www.honlufoodtrailer.com\/wp-content\/uploads\/2024\/07\/18ft-container-restaurant-for-sale-480x360.jpg 480w, https:\/\/www.honlufoodtrailer.com\/wp-content\/uploads\/2024\/07\/18ft-container-restaurant-for-sale-300x225.jpg 300w\" sizes=\"(max-width: 720px) 100vw, 720px\" \/><br \/>\nSeg\u00fan los requisitos del cliente, hemos a\u00f1adido listones de madera a la parte frontal del restaurante contenedor. Estas tablas de madera pueden servir como refuerzo y decoraci\u00f3n. Este restaurante contenedor mar\u00edtimo cuenta con una variedad de accesorios, desde bancos personalizados hasta campanas extractoras. Est\u00e1 construido para atender a grandes multitudes y producir comida de calidad de restaurante. La unidad est\u00e1 construida de forma robusta y segura, con la capacidad de ser trasladada si es necesario. A continuaci\u00f3n, veamos la estructura interna de este <a href=\"https:\/\/www.honlufoodtrailer.com\/es\/remolque-contenedor\/\" target=\"_blank\" rel=\"noopener\">contenedor para remolque de comida<\/a>!<\/p>\n<h3>Detalles internos de este restaurante construido con un contenedor de env\u00edo de 18 pies y listones de madera.<\/h3>\n<p>Vea m\u00e1s detalles de la estructura interna de este restaurante contenedor en venta. Como puede ver en la imagen a continuaci\u00f3n, hemos equipado este <a href=\"https:\/\/www.honlufoodtrailer.com\/es\/producto\/\" target=\"_blank\" rel=\"noopener\">remolque de comida<\/a> Con equipamiento b\u00e1sico de cocina como mesa de trabajo, fregaderos, luces, etc. Adem\u00e1s, hemos equipado este remolque de comida con aire acondicionado seg\u00fan los requisitos del cliente. Con este restaurante en contenedor mar\u00edtimo, nuestro cliente podr\u00e1 ofrecer comida r\u00e1pida a sus comensales.<\/p>\n<p><img decoding=\"async\" class=\"aligncenter size-full wp-image-8118\" src=\"https:\/\/www.honlufoodtrailer.com\/wp-content\/uploads\/2024\/07\/18ft-container-restaurant-inner-structure.jpg\" alt=\"Estructura interna de un restaurante construido con contenedores de 18 pies\" width=\"720\" height=\"540\" srcset=\"https:\/\/www.honlufoodtrailer.com\/wp-content\/uploads\/2024\/07\/18ft-container-restaurant-inner-structure.jpg 720w, https:\/\/www.honlufoodtrailer.com\/wp-content\/uploads\/2024\/07\/18ft-container-restaurant-inner-structure-480x360.jpg 480w, https:\/\/www.honlufoodtrailer.com\/wp-content\/uploads\/2024\/07\/18ft-container-restaurant-inner-structure-300x225.jpg 300w\" sizes=\"(max-width: 720px) 100vw, 720px\" \/><\/p>\n<p>Como fabricantes y exportadores de food trucks con m\u00e1s de 10 a\u00f1os de experiencia, nuestra empresa ofrece a sus clientes todo tipo de food trucks. Ya sea que desee un modelo est\u00e1ndar o personalizado, podemos fabricarlo para usted. No solo ofrecemos food trucks personalizados, sino tambi\u00e9n remolques con muchas otras funciones, como venta de flores, ropa, servicios para mascotas, peluquer\u00edas, etc. Si busca un bar-restaurante o un restaurante de barbacoa en un contenedor, podemos construirlo. Simplemente ind\u00edquenos sus requisitos y le proporcionaremos el remolque perfecto. \u00a1Deje un mensaje en el formulario a continuaci\u00f3n o cont\u00e1ctenos directamente por WhatsApp para una respuesta r\u00e1pida!<\/p>","protected":false},"excerpt":{"rendered":"<p>Este es uno de nuestros restaurantes m\u00f3viles construidos a medida con contenedores mar\u00edtimos de 18 pies que tenemos a la venta. En general, es el modelo preferido por muchos clientes que desean iniciar un negocio de comida ambulante. <strong>Haga clic en las siguientes pesta\u00f1as para ver m\u00e1s detalles sobre este restaurante construido con contenedores.<\/strong>. Podemos fabricar un restaurante contenedor similar a este, o personalizar uno para usted. Cont\u00e1ctenos y cu\u00e9ntenos sus requisitos. \u00a1No dude en contactarnos!<\/p>","protected":false},"featured_media":8119,"template":"","meta":{"_themeisle_gutenberg_block_has_review":false},"product_brand":[],"product_cat":[26],"product_tag":[83,71,33,60,61,38],"class_list":{"0":"post-8114","1":"product","2":"type-product","3":"status-publish","4":"has-post-thumbnail","6":"product_cat-product","7":"product_tag-18ft-food-trailer","8":"product_tag-container-trailer","9":"product_tag-customized-trailer","10":"product_tag-fast-food-trailer","11":"product_tag-fast-food-trailer-for-sale","12":"product_tag-mobile-food-trailer","14":"first","15":"instock","16":"shipping-taxable","17":"product-type-simple"},"yoast_head":"<!-- This site is optimized with the Yoast SEO plugin v27.5 - https:\/\/yoast.com\/product\/yoast-seo-wordpress\/ -->\n<title>18ft Shipping Container Restaurant With Wooden Slats from China - Honlu<\/title>\n<meta name=\"description\" content=\"Looking for a shipping container restaurant? see this 18ft container restaurant here! Get a similar or customized one at a reasonable price now!\" \/>\n<meta name=\"robots\" content=\"index, follow, max-snippet:-1, max-image-preview:large, max-video-preview:-1\" \/>\n<link rel=\"canonical\" href=\"https:\/\/www.honlufoodtrailer.com\/es\/producto\/contenedor-restaurante-de-18-pies\/\" \/>\n<meta property=\"og:locale\" content=\"es_ES\" \/>\n<meta property=\"og:type\" content=\"article\" \/>\n<meta property=\"og:title\" content=\"18ft Shipping Container Restaurant With Wooden Slats from China - Honlu\" \/>\n<meta property=\"og:description\" content=\"Looking for a shipping container restaurant? see this 18ft container restaurant here! Get a similar or customized one at a reasonable price now!\" \/>\n<meta property=\"og:url\" content=\"https:\/\/www.honlufoodtrailer.com\/es\/producto\/contenedor-restaurante-de-18-pies\/\" \/>\n<meta property=\"og:site_name\" content=\"Honlu food trailer\" \/>\n<meta property=\"article:modified_time\" content=\"2025-02-14T06:33:00+00:00\" \/>\n<meta property=\"og:image\" content=\"https:\/\/www.honlufoodtrailer.com\/wp-content\/uploads\/2024\/07\/18ft-container-restaurant-sale.jpg\" \/>\n\t<meta property=\"og:image:width\" content=\"720\" \/>\n\t<meta property=\"og:image:height\" content=\"540\" \/>\n\t<meta property=\"og:image:type\" content=\"image\/jpeg\" \/>\n<meta name=\"twitter:card\" content=\"summary_large_image\" \/>\n<meta name=\"twitter:label1\" content=\"Tiempo de lectura\" \/>\n\t<meta name=\"twitter:data1\" content=\"1 minuto\" \/>\n<script type=\"application\/ld+json\" class=\"yoast-schema-graph\">{\"@context\":\"https:\\\/\\\/schema.org\",\"@graph\":[{\"@type\":\"WebPage\",\"@id\":\"https:\\\/\\\/www.honlufoodtrailer.com\\\/product\\\/18ft-shipping-container-restaurant\\\/\",\"url\":\"https:\\\/\\\/www.honlufoodtrailer.com\\\/product\\\/18ft-shipping-container-restaurant\\\/\",\"name\":\"18ft Shipping Container Restaurant With Wooden Slats from China - Honlu\",\"isPartOf\":{\"@id\":\"https:\\\/\\\/www.honlufoodtrailer.com\\\/#website\"},\"primaryImageOfPage\":{\"@id\":\"https:\\\/\\\/www.honlufoodtrailer.com\\\/product\\\/18ft-shipping-container-restaurant\\\/#primaryimage\"},\"image\":{\"@id\":\"https:\\\/\\\/www.honlufoodtrailer.com\\\/product\\\/18ft-shipping-container-restaurant\\\/#primaryimage\"},\"thumbnailUrl\":\"https:\\\/\\\/www.honlufoodtrailer.com\\\/wp-content\\\/uploads\\\/2024\\\/07\\\/18ft-container-restaurant-sale.jpg\",\"datePublished\":\"2024-07-24T09:43:16+00:00\",\"dateModified\":\"2025-02-14T06:33:00+00:00\",\"description\":\"Looking for a shipping container restaurant? see this 18ft container restaurant here! Get a similar or customized one at a reasonable price now!\",\"breadcrumb\":{\"@id\":\"https:\\\/\\\/www.honlufoodtrailer.com\\\/product\\\/18ft-shipping-container-restaurant\\\/#breadcrumb\"},\"inLanguage\":\"es\",\"potentialAction\":[{\"@type\":\"ReadAction\",\"target\":[\"https:\\\/\\\/www.honlufoodtrailer.com\\\/product\\\/18ft-shipping-container-restaurant\\\/\"]}]},{\"@type\":\"ImageObject\",\"inLanguage\":\"es\",\"@id\":\"https:\\\/\\\/www.honlufoodtrailer.com\\\/product\\\/18ft-shipping-container-restaurant\\\/#primaryimage\",\"url\":\"https:\\\/\\\/www.honlufoodtrailer.com\\\/wp-content\\\/uploads\\\/2024\\\/07\\\/18ft-container-restaurant-sale.jpg\",\"contentUrl\":\"https:\\\/\\\/www.honlufoodtrailer.com\\\/wp-content\\\/uploads\\\/2024\\\/07\\\/18ft-container-restaurant-sale.jpg\",\"width\":720,\"height\":540,\"caption\":\"18ft container restaurant sale\"},{\"@type\":\"BreadcrumbList\",\"@id\":\"https:\\\/\\\/www.honlufoodtrailer.com\\\/product\\\/18ft-shipping-container-restaurant\\\/#breadcrumb\",\"itemListElement\":[{\"@type\":\"ListItem\",\"position\":1,\"name\":\"Home\",\"item\":\"https:\\\/\\\/www.honlufoodtrailer.com\\\/\"},{\"@type\":\"ListItem\",\"position\":2,\"name\":\"\u4ea7\u54c1\",\"item\":\"https:\\\/\\\/www.honlufoodtrailer.com\\\/shop\\\/\"},{\"@type\":\"ListItem\",\"position\":3,\"name\":\"18ft Shipping Container Restaurant with Wooden Slats\"}]},{\"@type\":\"WebSite\",\"@id\":\"https:\\\/\\\/www.honlufoodtrailer.com\\\/#website\",\"url\":\"https:\\\/\\\/www.honlufoodtrailer.com\\\/\",\"name\":\"Honlu food trailer\",\"description\":\"\",\"publisher\":{\"@id\":\"https:\\\/\\\/www.honlufoodtrailer.com\\\/#organization\"},\"potentialAction\":[{\"@type\":\"SearchAction\",\"target\":{\"@type\":\"EntryPoint\",\"urlTemplate\":\"https:\\\/\\\/www.honlufoodtrailer.com\\\/?s={search_term_string}\"},\"query-input\":{\"@type\":\"PropertyValueSpecification\",\"valueRequired\":true,\"valueName\":\"search_term_string\"}}],\"inLanguage\":\"es\"},{\"@type\":\"Organization\",\"@id\":\"https:\\\/\\\/www.honlufoodtrailer.com\\\/#organization\",\"name\":\"Honlu food trailer\",\"url\":\"https:\\\/\\\/www.honlufoodtrailer.com\\\/\",\"logo\":{\"@type\":\"ImageObject\",\"inLanguage\":\"es\",\"@id\":\"https:\\\/\\\/www.honlufoodtrailer.com\\\/#\\\/schema\\\/logo\\\/image\\\/\",\"url\":\"https:\\\/\\\/www.honlufoodtrailer.com\\\/wp-content\\\/uploads\\\/2021\\\/12\\\/2.gif\",\"contentUrl\":\"https:\\\/\\\/www.honlufoodtrailer.com\\\/wp-content\\\/uploads\\\/2021\\\/12\\\/2.gif\",\"width\":350,\"height\":100,\"caption\":\"Honlu food trailer\"},\"image\":{\"@id\":\"https:\\\/\\\/www.honlufoodtrailer.com\\\/#\\\/schema\\\/logo\\\/image\\\/\"}}]}<\/script>\n<!-- \/ Yoast SEO plugin. -->","yoast_head_json":{"title":"Restaurante en contenedor mar\u00edtimo de 18 pies con listones de madera procedente de China - Honlu","description":"\u00bfBuscas un restaurante en un contenedor mar\u00edtimo? \u00a1Mira este restaurante en un contenedor de 5,5 metros! \u00a1Consigue uno similar o personalizado a un precio razonable ahora!","robots":{"index":"index","follow":"follow","max-snippet":"max-snippet:-1","max-image-preview":"max-image-preview:large","max-video-preview":"max-video-preview:-1"},"canonical":"https:\/\/www.honlufoodtrailer.com\/es\/producto\/contenedor-restaurante-de-18-pies\/","og_locale":"es_ES","og_type":"article","og_title":"18ft Shipping Container Restaurant With Wooden Slats from China - Honlu","og_description":"Looking for a shipping container restaurant? see this 18ft container restaurant here! Get a similar or customized one at a reasonable price now!","og_url":"https:\/\/www.honlufoodtrailer.com\/es\/producto\/contenedor-restaurante-de-18-pies\/","og_site_name":"Honlu food trailer","article_modified_time":"2025-02-14T06:33:00+00:00","og_image":[{"width":720,"height":540,"url":"https:\/\/www.honlufoodtrailer.com\/wp-content\/uploads\/2024\/07\/18ft-container-restaurant-sale.jpg","type":"image\/jpeg"}],"twitter_card":"summary_large_image","twitter_misc":{"Tiempo de lectura":"1 minuto"},"schema":{"@context":"https:\/\/schema.org","@graph":[{"@type":"WebPage","@id":"https:\/\/www.honlufoodtrailer.com\/product\/18ft-shipping-container-restaurant\/","url":"https:\/\/www.honlufoodtrailer.com\/product\/18ft-shipping-container-restaurant\/","name":"Restaurante en contenedor mar\u00edtimo de 18 pies con listones de madera procedente de China - Honlu","isPartOf":{"@id":"https:\/\/www.honlufoodtrailer.com\/#website"},"primaryImageOfPage":{"@id":"https:\/\/www.honlufoodtrailer.com\/product\/18ft-shipping-container-restaurant\/#primaryimage"},"image":{"@id":"https:\/\/www.honlufoodtrailer.com\/product\/18ft-shipping-container-restaurant\/#primaryimage"},"thumbnailUrl":"https:\/\/www.honlufoodtrailer.com\/wp-content\/uploads\/2024\/07\/18ft-container-restaurant-sale.jpg","datePublished":"2024-07-24T09:43:16+00:00","dateModified":"2025-02-14T06:33:00+00:00","description":"\u00bfBuscas un restaurante en un contenedor mar\u00edtimo? \u00a1Mira este restaurante en un contenedor de 5,5 metros! \u00a1Consigue uno similar o personalizado a un precio razonable ahora!","breadcrumb":{"@id":"https:\/\/www.honlufoodtrailer.com\/product\/18ft-shipping-container-restaurant\/#breadcrumb"},"inLanguage":"es","potentialAction":[{"@type":"ReadAction","target":["https:\/\/www.honlufoodtrailer.com\/product\/18ft-shipping-container-restaurant\/"]}]},{"@type":"ImageObject","inLanguage":"es","@id":"https:\/\/www.honlufoodtrailer.com\/product\/18ft-shipping-container-restaurant\/#primaryimage","url":"https:\/\/www.honlufoodtrailer.com\/wp-content\/uploads\/2024\/07\/18ft-container-restaurant-sale.jpg","contentUrl":"https:\/\/www.honlufoodtrailer.com\/wp-content\/uploads\/2024\/07\/18ft-container-restaurant-sale.jpg","width":720,"height":540,"caption":"18ft container restaurant sale"},{"@type":"BreadcrumbList","@id":"https:\/\/www.honlufoodtrailer.com\/product\/18ft-shipping-container-restaurant\/#breadcrumb","itemListElement":[{"@type":"ListItem","position":1,"name":"Home","item":"https:\/\/www.honlufoodtrailer.com\/"},{"@type":"ListItem","position":2,"name":"\u4ea7\u54c1","item":"https:\/\/www.honlufoodtrailer.com\/shop\/"},{"@type":"ListItem","position":3,"name":"18ft Shipping Container Restaurant with Wooden Slats"}]},{"@type":"WebSite","@id":"https:\/\/www.honlufoodtrailer.com\/#website","url":"https:\/\/www.honlufoodtrailer.com\/","name":"Remolque de comida Honlu","description":"","publisher":{"@id":"https:\/\/www.honlufoodtrailer.com\/#organization"},"potentialAction":[{"@type":"SearchAction","target":{"@type":"EntryPoint","urlTemplate":"https:\/\/www.honlufoodtrailer.com\/?s={search_term_string}"},"query-input":{"@type":"PropertyValueSpecification","valueRequired":true,"valueName":"search_term_string"}}],"inLanguage":"es"},{"@type":"Organization","@id":"https:\/\/www.honlufoodtrailer.com\/#organization","name":"Remolque de comida Honlu","url":"https:\/\/www.honlufoodtrailer.com\/","logo":{"@type":"ImageObject","inLanguage":"es","@id":"https:\/\/www.honlufoodtrailer.com\/#\/schema\/logo\/image\/","url":"https:\/\/www.honlufoodtrailer.com\/wp-content\/uploads\/2021\/12\/2.gif","contentUrl":"https:\/\/www.honlufoodtrailer.com\/wp-content\/uploads\/2021\/12\/2.gif","width":350,"height":100,"caption":"Honlu food trailer"},"image":{"@id":"https:\/\/www.honlufoodtrailer.com\/#\/schema\/logo\/image\/"}}]}},"_links":{"self":[{"href":"https:\/\/www.honlufoodtrailer.com\/es\/wp-json\/wp\/v2\/product\/8114","targetHints":{"allow":["GET"]}}],"collection":[{"href":"https:\/\/www.honlufoodtrailer.com\/es\/wp-json\/wp\/v2\/product"}],"about":[{"href":"https:\/\/www.honlufoodtrailer.com\/es\/wp-json\/wp\/v2\/types\/product"}],"version-history":[{"count":0,"href":"https:\/\/www.honlufoodtrailer.com\/es\/wp-json\/wp\/v2\/product\/8114\/revisions"}],"wp:featuredmedia":[{"embeddable":true,"href":"https:\/\/www.honlufoodtrailer.com\/es\/wp-json\/wp\/v2\/media\/8119"}],"wp:attachment":[{"href":"https:\/\/www.honlufoodtrailer.com\/es\/wp-json\/wp\/v2\/media?parent=8114"}],"wp:term":[{"taxonomy":"product_brand","embeddable":true,"href":"https:\/\/www.honlufoodtrailer.com\/es\/wp-json\/wp\/v2\/product_brand?post=8114"},{"taxonomy":"product_cat","embeddable":true,"href":"https:\/\/www.honlufoodtrailer.com\/es\/wp-json\/wp\/v2\/product_cat?post=8114"},{"taxonomy":"product_tag","embeddable":true,"href":"https:\/\/www.honlufoodtrailer.com\/es\/wp-json\/wp\/v2\/product_tag?post=8114"}],"curies":[{"name":"wp","href":"https:\/\/api.w.org\/{rel}","templated":true}]}}