{"id":8125,"date":"2024-07-27T17:17:02","date_gmt":"2024-07-27T09:17:02","guid":{"rendered":"https:\/\/www.honlufoodtrailer.com\/?post_type=product&#038;p=8125"},"modified":"2025-02-14T14:32:00","modified_gmt":"2025-02-14T06:32:00","slug":"contenedor-de-transporte-personalizado-de-36-pies","status":"publish","type":"product","link":"https:\/\/www.honlufoodtrailer.com\/es\/product\/36ft-custom-shipping-container-bar\/","title":{"rendered":"Contenedor mar\u00edtimo personalizado de 36 pies"},"content":{"rendered":"<p>Looking for a custom shipping container bar? See this 36ft custom shipping container bar in red color we have customized for one of our customers.\u00a0 What a great option for a commercial kitchen! Its cost is less than a typical commercial kitchen, a good choice for you to start a food trailer business. \u00a0Now, let&#8217;s see more details of this shipping container bar!<br \/>\n<img fetchpriority=\"high\" decoding=\"async\" class=\"aligncenter size-full wp-image-8134\" src=\"https:\/\/www.honlufoodtrailer.com\/wp-content\/uploads\/2024\/07\/36ft-shipping-container-bar.jpg\" alt=\"36ft shipping container bar\" width=\"720\" height=\"540\" srcset=\"https:\/\/www.honlufoodtrailer.com\/wp-content\/uploads\/2024\/07\/36ft-shipping-container-bar.jpg 720w, https:\/\/www.honlufoodtrailer.com\/wp-content\/uploads\/2024\/07\/36ft-shipping-container-bar-480x360.jpg 480w, https:\/\/www.honlufoodtrailer.com\/wp-content\/uploads\/2024\/07\/36ft-shipping-container-bar-300x225.jpg 300w\" sizes=\"(max-width: 720px) 100vw, 720px\" \/> <img decoding=\"async\" class=\"aligncenter size-full wp-image-8131\" src=\"https:\/\/www.honlufoodtrailer.com\/wp-content\/uploads\/2024\/07\/36ft-custom-shipping-container-bar.jpg\" alt=\"contenedor de transporte personalizado de 36 pies\" width=\"720\" height=\"540\" srcset=\"https:\/\/www.honlufoodtrailer.com\/wp-content\/uploads\/2024\/07\/36ft-custom-shipping-container-bar.jpg 720w, https:\/\/www.honlufoodtrailer.com\/wp-content\/uploads\/2024\/07\/36ft-custom-shipping-container-bar-480x360.jpg 480w, https:\/\/www.honlufoodtrailer.com\/wp-content\/uploads\/2024\/07\/36ft-custom-shipping-container-bar-300x225.jpg 300w\" sizes=\"(max-width: 720px) 100vw, 720px\" \/><\/p>\n<p>You can imagine that this container food trailer will be very appealing in the crowd. What&#8217;s more, <strong>Podemos fabricar remolques de comida similares a los anteriores o personalizar uno para usted. El tama\u00f1o, el color de la carrocer\u00eda, las pegatinas, la se\u00f1alizaci\u00f3n, el equipamiento de cocina del remolque de comida se pueden personalizar. <\/strong>Next, let&#8217;s see the inner structure of this <a href=\"https:\/\/www.honlufoodtrailer.com\/es\/remolque-contenedor\/\" target=\"_blank\" rel=\"noopener\">contenedor para remolque de comida<\/a>!<\/p>\n<h3>Inner Details of This 36ft Shipping Container Bar<\/h3>\n<p>See more details of the inner structure of this shipping container bar for sale. As you can see from the picture below, we have equipped this <a href=\"https:\/\/www.honlufoodtrailer.com\/es\/producto\/\" target=\"_blank\" rel=\"noopener\">remolque de comida<\/a> with basic kitchen equipment such as sinks, lights etc. Also, we have equipped this shipping container outdoor bar with an air conditioner according to customer&#8217;s requirement. With this container bar, our customer will be able to provide fast food for lots of diners.<\/p>\n<p><img decoding=\"async\" class=\"aligncenter size-full wp-image-8130\" src=\"https:\/\/www.honlufoodtrailer.com\/wp-content\/uploads\/2024\/07\/36ft-custom-shipping-container-bar-inner-structure.jpg\" alt=\"36ft custom shipping container bar inner structure\" width=\"720\" height=\"540\" srcset=\"https:\/\/www.honlufoodtrailer.com\/wp-content\/uploads\/2024\/07\/36ft-custom-shipping-container-bar-inner-structure.jpg 720w, https:\/\/www.honlufoodtrailer.com\/wp-content\/uploads\/2024\/07\/36ft-custom-shipping-container-bar-inner-structure-480x360.jpg 480w, https:\/\/www.honlufoodtrailer.com\/wp-content\/uploads\/2024\/07\/36ft-custom-shipping-container-bar-inner-structure-300x225.jpg 300w\" sizes=\"(max-width: 720px) 100vw, 720px\" \/> <img loading=\"lazy\" decoding=\"async\" class=\"aligncenter size-full wp-image-8129\" src=\"https:\/\/www.honlufoodtrailer.com\/wp-content\/uploads\/2024\/07\/36ft-custom-shipping-container-bar-inner-details.jpg\" alt=\"36ft custom shipping container bar inner details\" width=\"800\" height=\"800\" srcset=\"https:\/\/www.honlufoodtrailer.com\/wp-content\/uploads\/2024\/07\/36ft-custom-shipping-container-bar-inner-details.jpg 800w, https:\/\/www.honlufoodtrailer.com\/wp-content\/uploads\/2024\/07\/36ft-custom-shipping-container-bar-inner-details-768x768.jpg 768w, https:\/\/www.honlufoodtrailer.com\/wp-content\/uploads\/2024\/07\/36ft-custom-shipping-container-bar-inner-details-360x360.jpg 360w, https:\/\/www.honlufoodtrailer.com\/wp-content\/uploads\/2024\/07\/36ft-custom-shipping-container-bar-inner-details-300x300.jpg 300w, https:\/\/www.honlufoodtrailer.com\/wp-content\/uploads\/2024\/07\/36ft-custom-shipping-container-bar-inner-details-720x720.jpg 720w, https:\/\/www.honlufoodtrailer.com\/wp-content\/uploads\/2024\/07\/36ft-custom-shipping-container-bar-inner-details-100x100.jpg 100w\" sizes=\"(max-width: 800px) 100vw, 800px\" \/><\/p>\n<h3>More Details of This 36ft Shipping Container Bar<\/h3>\n<p>See more details of this container bar from the following picture. As we can see, it has three axles, which will be very stable and durable. In the front of the mobile shipping container bar, we have made three large windows accoring to the customer&#8217;s requirements. That will be very convenient for diners to order and pick up meals.<br \/>\n<img loading=\"lazy\" decoding=\"async\" class=\"aligncenter size-full wp-image-8128\" src=\"https:\/\/www.honlufoodtrailer.com\/wp-content\/uploads\/2024\/07\/36ft-custom-shipping-container-bar-details.jpg\" alt=\"36ft custom shipping container bar details\" width=\"800\" height=\"800\" srcset=\"https:\/\/www.honlufoodtrailer.com\/wp-content\/uploads\/2024\/07\/36ft-custom-shipping-container-bar-details.jpg 800w, https:\/\/www.honlufoodtrailer.com\/wp-content\/uploads\/2024\/07\/36ft-custom-shipping-container-bar-details-768x768.jpg 768w, https:\/\/www.honlufoodtrailer.com\/wp-content\/uploads\/2024\/07\/36ft-custom-shipping-container-bar-details-360x360.jpg 360w, https:\/\/www.honlufoodtrailer.com\/wp-content\/uploads\/2024\/07\/36ft-custom-shipping-container-bar-details-300x300.jpg 300w, https:\/\/www.honlufoodtrailer.com\/wp-content\/uploads\/2024\/07\/36ft-custom-shipping-container-bar-details-720x720.jpg 720w, https:\/\/www.honlufoodtrailer.com\/wp-content\/uploads\/2024\/07\/36ft-custom-shipping-container-bar-details-100x100.jpg 100w\" sizes=\"(max-width: 800px) 100vw, 800px\" \/><\/p>\n<p>Como fabricantes y exportadores de food trucks con m\u00e1s de 10 a\u00f1os de experiencia, nuestra empresa ofrece a sus clientes todo tipo de food trucks. Ya sea que desee un modelo est\u00e1ndar o personalizado, podemos fabricarlo para usted. No solo ofrecemos food trucks personalizados, sino tambi\u00e9n remolques con muchas otras funciones, como venta de flores, ropa, servicios para mascotas, peluquer\u00edas, etc. Si busca un bar-restaurante o un restaurante de barbacoa en un contenedor, podemos construirlo. Simplemente ind\u00edquenos sus requisitos y le proporcionaremos el remolque perfecto. \u00a1Deje un mensaje en el formulario a continuaci\u00f3n o cont\u00e1ctenos directamente por WhatsApp para una respuesta r\u00e1pida!<\/p>","protected":false},"excerpt":{"rendered":"<p>This is one of our custom-made 36ft custom shipping container bar. Generally speaking, it is a good choice for serving food to a large number of people. <strong>Please click the following tabs to see more details of this shipping container bar<\/strong>. We can manufacture a similar container bar like this one, or customize one for you. Please contact us and tell us your detailed requirements. Just don&#8217;t hesitate to contact us now!<\/p>","protected":false},"featured_media":8127,"template":"","meta":{"_themeisle_gutenberg_block_has_review":false},"product_brand":[],"product_cat":[26],"product_tag":[105,95,71,33,45,38],"class_list":{"0":"post-8125","1":"product","2":"type-product","3":"status-publish","4":"has-post-thumbnail","6":"product_cat-product","7":"product_tag-36ft-food-trailer","8":"product_tag-bar-trailer","9":"product_tag-container-trailer","10":"product_tag-customized-trailer","11":"product_tag-large-food-trailer","12":"product_tag-mobile-food-trailer","14":"first","15":"instock","16":"shipping-taxable","17":"product-type-simple"},"yoast_head":"<!-- This site is optimized with the Yoast SEO plugin v27.5 - https:\/\/yoast.com\/product\/yoast-seo-wordpress\/ -->\n<title>36ft Custom Shipping Container Bar from China Factory - Honlu Food Trailer<\/title>\n<meta name=\"description\" content=\"Looking for a custom shipping container bar for sale? see this 36ft custom container bar here! Get the cost of a similar or customized one now!\" \/>\n<meta name=\"robots\" content=\"index, follow, max-snippet:-1, max-image-preview:large, max-video-preview:-1\" \/>\n<link rel=\"canonical\" href=\"https:\/\/www.honlufoodtrailer.com\/es\/producto\/contenedor-de-transporte-personalizado-de-36-pies\/\" \/>\n<meta property=\"og:locale\" content=\"es_ES\" \/>\n<meta property=\"og:type\" content=\"article\" \/>\n<meta property=\"og:title\" content=\"36ft Custom Shipping Container Bar from China Factory - Honlu Food Trailer\" \/>\n<meta property=\"og:description\" content=\"Looking for a custom shipping container bar for sale? see this 36ft custom container bar here! Get the cost of a similar or customized one now!\" \/>\n<meta property=\"og:url\" content=\"https:\/\/www.honlufoodtrailer.com\/es\/producto\/contenedor-de-transporte-personalizado-de-36-pies\/\" \/>\n<meta property=\"og:site_name\" content=\"Honlu food trailer\" \/>\n<meta property=\"article:modified_time\" content=\"2025-02-14T06:32:00+00:00\" \/>\n<meta property=\"og:image\" content=\"https:\/\/www.honlufoodtrailer.com\/wp-content\/uploads\/2024\/07\/36ft-converted-shipping-container-bar.jpg\" \/>\n\t<meta property=\"og:image:width\" content=\"720\" \/>\n\t<meta property=\"og:image:height\" content=\"540\" \/>\n\t<meta property=\"og:image:type\" content=\"image\/jpeg\" \/>\n<meta name=\"twitter:card\" content=\"summary_large_image\" \/>\n<meta name=\"twitter:label1\" content=\"Tiempo de lectura\" \/>\n\t<meta name=\"twitter:data1\" content=\"1 minuto\" \/>\n<script type=\"application\/ld+json\" class=\"yoast-schema-graph\">{\"@context\":\"https:\\\/\\\/schema.org\",\"@graph\":[{\"@type\":\"WebPage\",\"@id\":\"https:\\\/\\\/www.honlufoodtrailer.com\\\/product\\\/36ft-custom-shipping-container-bar\\\/\",\"url\":\"https:\\\/\\\/www.honlufoodtrailer.com\\\/product\\\/36ft-custom-shipping-container-bar\\\/\",\"name\":\"36ft Custom Shipping Container Bar from China Factory - Honlu Food Trailer\",\"isPartOf\":{\"@id\":\"https:\\\/\\\/www.honlufoodtrailer.com\\\/#website\"},\"primaryImageOfPage\":{\"@id\":\"https:\\\/\\\/www.honlufoodtrailer.com\\\/product\\\/36ft-custom-shipping-container-bar\\\/#primaryimage\"},\"image\":{\"@id\":\"https:\\\/\\\/www.honlufoodtrailer.com\\\/product\\\/36ft-custom-shipping-container-bar\\\/#primaryimage\"},\"thumbnailUrl\":\"https:\\\/\\\/www.honlufoodtrailer.com\\\/wp-content\\\/uploads\\\/2024\\\/07\\\/36ft-converted-shipping-container-bar.jpg\",\"datePublished\":\"2024-07-27T09:17:02+00:00\",\"dateModified\":\"2025-02-14T06:32:00+00:00\",\"description\":\"Looking for a custom shipping container bar for sale? see this 36ft custom container bar here! Get the cost of a similar or customized one now!\",\"breadcrumb\":{\"@id\":\"https:\\\/\\\/www.honlufoodtrailer.com\\\/product\\\/36ft-custom-shipping-container-bar\\\/#breadcrumb\"},\"inLanguage\":\"es\",\"potentialAction\":[{\"@type\":\"ReadAction\",\"target\":[\"https:\\\/\\\/www.honlufoodtrailer.com\\\/product\\\/36ft-custom-shipping-container-bar\\\/\"]}]},{\"@type\":\"ImageObject\",\"inLanguage\":\"es\",\"@id\":\"https:\\\/\\\/www.honlufoodtrailer.com\\\/product\\\/36ft-custom-shipping-container-bar\\\/#primaryimage\",\"url\":\"https:\\\/\\\/www.honlufoodtrailer.com\\\/wp-content\\\/uploads\\\/2024\\\/07\\\/36ft-converted-shipping-container-bar.jpg\",\"contentUrl\":\"https:\\\/\\\/www.honlufoodtrailer.com\\\/wp-content\\\/uploads\\\/2024\\\/07\\\/36ft-converted-shipping-container-bar.jpg\",\"width\":720,\"height\":540,\"caption\":\"36ft converted shipping container bar\"},{\"@type\":\"BreadcrumbList\",\"@id\":\"https:\\\/\\\/www.honlufoodtrailer.com\\\/product\\\/36ft-custom-shipping-container-bar\\\/#breadcrumb\",\"itemListElement\":[{\"@type\":\"ListItem\",\"position\":1,\"name\":\"Home\",\"item\":\"https:\\\/\\\/www.honlufoodtrailer.com\\\/\"},{\"@type\":\"ListItem\",\"position\":2,\"name\":\"\u4ea7\u54c1\",\"item\":\"https:\\\/\\\/www.honlufoodtrailer.com\\\/shop\\\/\"},{\"@type\":\"ListItem\",\"position\":3,\"name\":\"36ft Custom Shipping Container Bar\"}]},{\"@type\":\"WebSite\",\"@id\":\"https:\\\/\\\/www.honlufoodtrailer.com\\\/#website\",\"url\":\"https:\\\/\\\/www.honlufoodtrailer.com\\\/\",\"name\":\"Honlu food trailer\",\"description\":\"\",\"publisher\":{\"@id\":\"https:\\\/\\\/www.honlufoodtrailer.com\\\/#organization\"},\"potentialAction\":[{\"@type\":\"SearchAction\",\"target\":{\"@type\":\"EntryPoint\",\"urlTemplate\":\"https:\\\/\\\/www.honlufoodtrailer.com\\\/?s={search_term_string}\"},\"query-input\":{\"@type\":\"PropertyValueSpecification\",\"valueRequired\":true,\"valueName\":\"search_term_string\"}}],\"inLanguage\":\"es\"},{\"@type\":\"Organization\",\"@id\":\"https:\\\/\\\/www.honlufoodtrailer.com\\\/#organization\",\"name\":\"Honlu food trailer\",\"url\":\"https:\\\/\\\/www.honlufoodtrailer.com\\\/\",\"logo\":{\"@type\":\"ImageObject\",\"inLanguage\":\"es\",\"@id\":\"https:\\\/\\\/www.honlufoodtrailer.com\\\/#\\\/schema\\\/logo\\\/image\\\/\",\"url\":\"https:\\\/\\\/www.honlufoodtrailer.com\\\/wp-content\\\/uploads\\\/2021\\\/12\\\/2.gif\",\"contentUrl\":\"https:\\\/\\\/www.honlufoodtrailer.com\\\/wp-content\\\/uploads\\\/2021\\\/12\\\/2.gif\",\"width\":350,\"height\":100,\"caption\":\"Honlu food trailer\"},\"image\":{\"@id\":\"https:\\\/\\\/www.honlufoodtrailer.com\\\/#\\\/schema\\\/logo\\\/image\\\/\"}}]}<\/script>\n<!-- \/ Yoast SEO plugin. -->","yoast_head_json":{"title":"36ft Custom Shipping Container Bar from China Factory - Honlu Food Trailer","description":"Looking for a custom shipping container bar for sale? see this 36ft custom container bar here! Get the cost of a similar or customized one now!","robots":{"index":"index","follow":"follow","max-snippet":"max-snippet:-1","max-image-preview":"max-image-preview:large","max-video-preview":"max-video-preview:-1"},"canonical":"https:\/\/www.honlufoodtrailer.com\/es\/producto\/contenedor-de-transporte-personalizado-de-36-pies\/","og_locale":"es_ES","og_type":"article","og_title":"36ft Custom Shipping Container Bar from China Factory - Honlu Food Trailer","og_description":"Looking for a custom shipping container bar for sale? see this 36ft custom container bar here! Get the cost of a similar or customized one now!","og_url":"https:\/\/www.honlufoodtrailer.com\/es\/producto\/contenedor-de-transporte-personalizado-de-36-pies\/","og_site_name":"Honlu food trailer","article_modified_time":"2025-02-14T06:32:00+00:00","og_image":[{"width":720,"height":540,"url":"https:\/\/www.honlufoodtrailer.com\/wp-content\/uploads\/2024\/07\/36ft-converted-shipping-container-bar.jpg","type":"image\/jpeg"}],"twitter_card":"summary_large_image","twitter_misc":{"Tiempo de lectura":"1 minuto"},"schema":{"@context":"https:\/\/schema.org","@graph":[{"@type":"WebPage","@id":"https:\/\/www.honlufoodtrailer.com\/product\/36ft-custom-shipping-container-bar\/","url":"https:\/\/www.honlufoodtrailer.com\/product\/36ft-custom-shipping-container-bar\/","name":"36ft Custom Shipping Container Bar from China Factory - Honlu Food Trailer","isPartOf":{"@id":"https:\/\/www.honlufoodtrailer.com\/#website"},"primaryImageOfPage":{"@id":"https:\/\/www.honlufoodtrailer.com\/product\/36ft-custom-shipping-container-bar\/#primaryimage"},"image":{"@id":"https:\/\/www.honlufoodtrailer.com\/product\/36ft-custom-shipping-container-bar\/#primaryimage"},"thumbnailUrl":"https:\/\/www.honlufoodtrailer.com\/wp-content\/uploads\/2024\/07\/36ft-converted-shipping-container-bar.jpg","datePublished":"2024-07-27T09:17:02+00:00","dateModified":"2025-02-14T06:32:00+00:00","description":"Looking for a custom shipping container bar for sale? see this 36ft custom container bar here! Get the cost of a similar or customized one now!","breadcrumb":{"@id":"https:\/\/www.honlufoodtrailer.com\/product\/36ft-custom-shipping-container-bar\/#breadcrumb"},"inLanguage":"es","potentialAction":[{"@type":"ReadAction","target":["https:\/\/www.honlufoodtrailer.com\/product\/36ft-custom-shipping-container-bar\/"]}]},{"@type":"ImageObject","inLanguage":"es","@id":"https:\/\/www.honlufoodtrailer.com\/product\/36ft-custom-shipping-container-bar\/#primaryimage","url":"https:\/\/www.honlufoodtrailer.com\/wp-content\/uploads\/2024\/07\/36ft-converted-shipping-container-bar.jpg","contentUrl":"https:\/\/www.honlufoodtrailer.com\/wp-content\/uploads\/2024\/07\/36ft-converted-shipping-container-bar.jpg","width":720,"height":540,"caption":"36ft converted shipping container bar"},{"@type":"BreadcrumbList","@id":"https:\/\/www.honlufoodtrailer.com\/product\/36ft-custom-shipping-container-bar\/#breadcrumb","itemListElement":[{"@type":"ListItem","position":1,"name":"Home","item":"https:\/\/www.honlufoodtrailer.com\/"},{"@type":"ListItem","position":2,"name":"\u4ea7\u54c1","item":"https:\/\/www.honlufoodtrailer.com\/shop\/"},{"@type":"ListItem","position":3,"name":"36ft Custom Shipping Container Bar"}]},{"@type":"WebSite","@id":"https:\/\/www.honlufoodtrailer.com\/#website","url":"https:\/\/www.honlufoodtrailer.com\/","name":"Remolque de comida Honlu","description":"","publisher":{"@id":"https:\/\/www.honlufoodtrailer.com\/#organization"},"potentialAction":[{"@type":"SearchAction","target":{"@type":"EntryPoint","urlTemplate":"https:\/\/www.honlufoodtrailer.com\/?s={search_term_string}"},"query-input":{"@type":"PropertyValueSpecification","valueRequired":true,"valueName":"search_term_string"}}],"inLanguage":"es"},{"@type":"Organization","@id":"https:\/\/www.honlufoodtrailer.com\/#organization","name":"Remolque de comida Honlu","url":"https:\/\/www.honlufoodtrailer.com\/","logo":{"@type":"ImageObject","inLanguage":"es","@id":"https:\/\/www.honlufoodtrailer.com\/#\/schema\/logo\/image\/","url":"https:\/\/www.honlufoodtrailer.com\/wp-content\/uploads\/2021\/12\/2.gif","contentUrl":"https:\/\/www.honlufoodtrailer.com\/wp-content\/uploads\/2021\/12\/2.gif","width":350,"height":100,"caption":"Honlu food trailer"},"image":{"@id":"https:\/\/www.honlufoodtrailer.com\/#\/schema\/logo\/image\/"}}]}},"_links":{"self":[{"href":"https:\/\/www.honlufoodtrailer.com\/es\/wp-json\/wp\/v2\/product\/8125","targetHints":{"allow":["GET"]}}],"collection":[{"href":"https:\/\/www.honlufoodtrailer.com\/es\/wp-json\/wp\/v2\/product"}],"about":[{"href":"https:\/\/www.honlufoodtrailer.com\/es\/wp-json\/wp\/v2\/types\/product"}],"version-history":[{"count":0,"href":"https:\/\/www.honlufoodtrailer.com\/es\/wp-json\/wp\/v2\/product\/8125\/revisions"}],"wp:featuredmedia":[{"embeddable":true,"href":"https:\/\/www.honlufoodtrailer.com\/es\/wp-json\/wp\/v2\/media\/8127"}],"wp:attachment":[{"href":"https:\/\/www.honlufoodtrailer.com\/es\/wp-json\/wp\/v2\/media?parent=8125"}],"wp:term":[{"taxonomy":"product_brand","embeddable":true,"href":"https:\/\/www.honlufoodtrailer.com\/es\/wp-json\/wp\/v2\/product_brand?post=8125"},{"taxonomy":"product_cat","embeddable":true,"href":"https:\/\/www.honlufoodtrailer.com\/es\/wp-json\/wp\/v2\/product_cat?post=8125"},{"taxonomy":"product_tag","embeddable":true,"href":"https:\/\/www.honlufoodtrailer.com\/es\/wp-json\/wp\/v2\/product_tag?post=8125"}],"curies":[{"name":"wp","href":"https:\/\/api.w.org\/{rel}","templated":true}]}}