{"id":8247,"date":"2024-08-23T17:46:53","date_gmt":"2024-08-23T09:46:53","guid":{"rendered":"https:\/\/www.honlufoodtrailer.com\/?post_type=product&#038;p=8247"},"modified":"2025-02-14T14:14:58","modified_gmt":"2025-02-14T06:14:58","slug":"18ft-food-truck-with-full-kitchen","status":"publish","type":"product","link":"https:\/\/www.honlufoodtrailer.com\/es\/product\/18ft-food-truck-with-full-kitchen\/","title":{"rendered":"18ft Food Truck Con Cocina Completa"},"content":{"rendered":"<p>\u00bfEst\u00e1 buscando un food truck con cocina completa para su negocio de comida m\u00f3vil? \u00a1Vea \u00e9ste aqu\u00ed! A continuaci\u00f3n se muestra un cami\u00f3n de alimentos personalizado de 18 pies con cocina completa. Lo personalizamos para un cliente de Estados Unidos. Todo el veh\u00edculo adopta acero inoxidable y chapa de acero galvanizado. Es una buena opci\u00f3n para el funcionamiento de un negocio de comida m\u00f3vil. \u00a1Ahora, vamos a ver algunas fotos de este cami\u00f3n de alimentos!<\/p>\n<p><img fetchpriority=\"high\" decoding=\"async\" class=\"aligncenter size-full wp-image-8252\" src=\"https:\/\/www.honlufoodtrailer.com\/wp-content\/uploads\/2024\/08\/18ft-food-truck-full-kitchen-front-view.jpg\" alt=\"18ft food truck cocina completa vista frontal\" width=\"720\" height=\"540\" srcset=\"https:\/\/www.honlufoodtrailer.com\/wp-content\/uploads\/2024\/08\/18ft-food-truck-full-kitchen-front-view.jpg 720w, https:\/\/www.honlufoodtrailer.com\/wp-content\/uploads\/2024\/08\/18ft-food-truck-full-kitchen-front-view-480x360.jpg 480w, https:\/\/www.honlufoodtrailer.com\/wp-content\/uploads\/2024\/08\/18ft-food-truck-full-kitchen-front-view-300x225.jpg 300w\" sizes=\"(max-width: 720px) 100vw, 720px\" \/> <img decoding=\"async\" class=\"aligncenter size-full wp-image-8250\" src=\"https:\/\/www.honlufoodtrailer.com\/wp-content\/uploads\/2024\/08\/18ft-food-truck-full-kitchen-back-view.jpg\" alt=\"18ft food truck cocina completa vista trasera\" width=\"720\" height=\"540\" srcset=\"https:\/\/www.honlufoodtrailer.com\/wp-content\/uploads\/2024\/08\/18ft-food-truck-full-kitchen-back-view.jpg 720w, https:\/\/www.honlufoodtrailer.com\/wp-content\/uploads\/2024\/08\/18ft-food-truck-full-kitchen-back-view-480x360.jpg 480w, https:\/\/www.honlufoodtrailer.com\/wp-content\/uploads\/2024\/08\/18ft-food-truck-full-kitchen-back-view-300x225.jpg 300w\" sizes=\"(max-width: 720px) 100vw, 720px\" \/><br \/>\nComo podemos ver en las fotos de arriba, este cami\u00f3n de comida con cocina completa tiene pegatinas en toda la carrocer\u00eda y es muy atractivo para la multitud. Puede servir a un gran n\u00famero de personas. En el exterior del camion de comida, instalamos una luz trasera, fuente de alimentacion externa, etc que cumplen con las normas americanas. Tambi\u00e9n, instalamos un letrero en la parte superior del cami\u00f3n de comida de acuerdo a los requerimientos del cliente. A continuaci\u00f3n, vamos a ver el uso y los detalles internos de este cami\u00f3n de comida de 18 pies con cocina completa.<\/p>\n<h3>Uso de este cami\u00f3n de comida de 18 pies con cocina completa<\/h3>\n<p>Nuestro cliente utiliza principalmente este cami\u00f3n de comida para vender comida r\u00e1pida como hamburguesas, patatas fritas, perritos calientes, pollo frito, bebidas, etc.<\/p>\n<h3>Estructura interna de este cami\u00f3n de comida r\u00e1pida<\/h3>\n<p>Como podemos ver en las fotos de abajo, instalamos principalmente cuatro fregaderos, dos largos bancos de trabajo de acero inoxidable con almacenamiento, varios grifos de agua, una freidora de gas, una plancha de gas, una cocina de gas de 4 quemadores con horno, un ba\u00f1o mar\u00eda de gas, una nevera para ensaladas, una nevera para bebidas, etc.<\/p>\n<p><img decoding=\"async\" class=\"aligncenter size-full wp-image-8255\" src=\"https:\/\/www.honlufoodtrailer.com\/wp-content\/uploads\/2024\/08\/18ft-food-truck-with-full-kitchen-inner-structure.jpg\" alt=\"Cami\u00f3n de comida de 18 pies con estructura interior de cocina completa\" width=\"720\" height=\"540\" srcset=\"https:\/\/www.honlufoodtrailer.com\/wp-content\/uploads\/2024\/08\/18ft-food-truck-with-full-kitchen-inner-structure.jpg 720w, https:\/\/www.honlufoodtrailer.com\/wp-content\/uploads\/2024\/08\/18ft-food-truck-with-full-kitchen-inner-structure-480x360.jpg 480w, https:\/\/www.honlufoodtrailer.com\/wp-content\/uploads\/2024\/08\/18ft-food-truck-with-full-kitchen-inner-structure-300x225.jpg 300w\" sizes=\"(max-width: 720px) 100vw, 720px\" \/> <img loading=\"lazy\" decoding=\"async\" class=\"aligncenter size-full wp-image-8257\" src=\"https:\/\/www.honlufoodtrailer.com\/wp-content\/uploads\/2024\/08\/18ft-food-truck-full-kitchen-inner-details.jpg\" alt=\"18ft food truck cocina completa detalles interiores\" width=\"800\" height=\"800\" srcset=\"https:\/\/www.honlufoodtrailer.com\/wp-content\/uploads\/2024\/08\/18ft-food-truck-full-kitchen-inner-details.jpg 800w, https:\/\/www.honlufoodtrailer.com\/wp-content\/uploads\/2024\/08\/18ft-food-truck-full-kitchen-inner-details-768x768.jpg 768w, https:\/\/www.honlufoodtrailer.com\/wp-content\/uploads\/2024\/08\/18ft-food-truck-full-kitchen-inner-details-360x360.jpg 360w, https:\/\/www.honlufoodtrailer.com\/wp-content\/uploads\/2024\/08\/18ft-food-truck-full-kitchen-inner-details-300x300.jpg 300w, https:\/\/www.honlufoodtrailer.com\/wp-content\/uploads\/2024\/08\/18ft-food-truck-full-kitchen-inner-details-720x720.jpg 720w, https:\/\/www.honlufoodtrailer.com\/wp-content\/uploads\/2024\/08\/18ft-food-truck-full-kitchen-inner-details-100x100.jpg 100w\" sizes=\"(max-width: 800px) 100vw, 800px\" \/><\/p>\n<h3>M\u00e1s detalles:<\/h3>\n<p>Vea m\u00e1s detalles de este food truck con cocina completa. Como puede ver, todos los accesorios est\u00e1n de acuerdo con las normas de EE.UU.. Como fabricante y exportador profesional de remolques de alimentos con m\u00e1s de 10 a\u00f1os de experiencia, estamos familiarizados con las regulaciones y requisitos de muchos pa\u00edses, le proporcionaremos camiones de alimentos que cumplan con los requisitos de su pa\u00eds. P\u00f3ngase en contacto con nosotros para personalizar su cami\u00f3n de comida.<img loading=\"lazy\" decoding=\"async\" class=\"aligncenter size-full wp-image-8258\" src=\"https:\/\/www.honlufoodtrailer.com\/wp-content\/uploads\/2024\/08\/18ft-food-truck-full-kitchen-more-details.jpg\" alt=\"18ft food truck full kitchen m\u00e1s detalles\" width=\"800\" height=\"800\" srcset=\"https:\/\/www.honlufoodtrailer.com\/wp-content\/uploads\/2024\/08\/18ft-food-truck-full-kitchen-more-details.jpg 800w, https:\/\/www.honlufoodtrailer.com\/wp-content\/uploads\/2024\/08\/18ft-food-truck-full-kitchen-more-details-768x768.jpg 768w, https:\/\/www.honlufoodtrailer.com\/wp-content\/uploads\/2024\/08\/18ft-food-truck-full-kitchen-more-details-360x360.jpg 360w, https:\/\/www.honlufoodtrailer.com\/wp-content\/uploads\/2024\/08\/18ft-food-truck-full-kitchen-more-details-300x300.jpg 300w, https:\/\/www.honlufoodtrailer.com\/wp-content\/uploads\/2024\/08\/18ft-food-truck-full-kitchen-more-details-720x720.jpg 720w, https:\/\/www.honlufoodtrailer.com\/wp-content\/uploads\/2024\/08\/18ft-food-truck-full-kitchen-more-details-100x100.jpg 100w\" sizes=\"(max-width: 800px) 100vw, 800px\" \/><\/p>\n<h3 class=\"magic-6\" data-spm-anchor-id=\"a2700.wholesale.0.i28.29e52808agqc7f\">Caracter\u00edsticas principales del Food Truck<\/h3>\n<div class=\"magic-7\">\n<div class=\"magic-8\">\n<div class=\"magic-9\" data-id=\"paragraph0\">\n<ol>\n<li>Cumplen las normas estadounidenses;<\/li>\n<li>Estructura compacta y dise\u00f1o razonable.<\/li>\n<li>Calidad resistente, a un precio razonable.<\/li>\n<\/ol>\n<h3>Dibujo gratuito de planos 2D\/3D<\/h3>\n<p>Una vez confirmadas las dimensiones del remolque de alimentos y el equipamiento interno de la cocina, podemos proporcionarle gratuitamente dibujos en 3D. Esto le dar\u00e1 una idea m\u00e1s clara de su dise\u00f1o y de su carro de comida. Al confirmar la ubicaci\u00f3n del equipo de cocina, podemos comunicarnos claramente con usted a trav\u00e9s del plano de planta. Tambi\u00e9n podemos proporcionarle documentos originales para facilitar su dise\u00f1o y realizar ajustes.<\/p>\n<\/div>\n<\/div>\n<\/div>","protected":false},"excerpt":{"rendered":"<p data-spm-anchor-id=\"a2700.wholesale.0.i28.29e52808agqc7f\">Se trata de un cami\u00f3n de comida personalizado de 18 pies con cocina completa. Todo el veh\u00edculo adopta acero inoxidable y chapa de acero galvanizado. Se puede aplicar para vender comida r\u00e1pida y bebidas, etc. Podemos fabricar un remolque de comida similar a este, o personalizar uno para usted. El tama\u00f1o, el color de la carrocer\u00eda, las pegatinas, la se\u00f1alizaci\u00f3n y el equipo de cocina del remolque de comida pueden personalizarse. Adem\u00e1s, todos los accesorios cumplir\u00e1n los requisitos de los clientes. No dude en ponerse en contacto con nosotros e indicarnos sus necesidades detalladas.<\/p>","protected":false},"featured_media":8249,"template":"","meta":{"_themeisle_gutenberg_block_has_review":false},"product_brand":[],"product_cat":[26],"product_tag":[83,33,45,38,51],"class_list":{"0":"post-8247","1":"product","2":"type-product","3":"status-publish","4":"has-post-thumbnail","6":"product_cat-product","7":"product_tag-18ft-food-trailer","8":"product_tag-customized-trailer","9":"product_tag-large-food-trailer","10":"product_tag-mobile-food-trailer","11":"product_tag-square-food-trailer","13":"first","14":"instock","15":"shipping-taxable","16":"product-type-simple"},"yoast_head":"<!-- This site is optimized with the Yoast SEO plugin v27.4 - https:\/\/yoast.com\/product\/yoast-seo-wordpress\/ -->\n<title>18ft Food Truck With Full Kitchen Fom China Factory - Honlu<\/title>\n<meta name=\"description\" content=\"This is a customized 18ft food truck with full kitchen. High quality and appealing appearance, get its price here direct from China factory!\" \/>\n<meta name=\"robots\" content=\"index, follow, max-snippet:-1, max-image-preview:large, max-video-preview:-1\" \/>\n<link rel=\"canonical\" href=\"https:\/\/www.honlufoodtrailer.com\/es\/producto\/18ft-food-truck-with-full-kitchen\/\" \/>\n<meta property=\"og:locale\" content=\"es_ES\" \/>\n<meta property=\"og:type\" content=\"article\" \/>\n<meta property=\"og:title\" content=\"18ft Food Truck With Full Kitchen Fom China Factory - Honlu\" \/>\n<meta property=\"og:description\" content=\"This is a customized 18ft food truck with full kitchen. High quality and appealing appearance, get its price here direct from China factory!\" \/>\n<meta property=\"og:url\" content=\"https:\/\/www.honlufoodtrailer.com\/es\/producto\/18ft-food-truck-with-full-kitchen\/\" \/>\n<meta property=\"og:site_name\" content=\"Honlu food trailer\" \/>\n<meta property=\"article:modified_time\" content=\"2025-02-14T06:14:58+00:00\" \/>\n<meta property=\"og:image\" content=\"https:\/\/www.honlufoodtrailer.com\/wp-content\/uploads\/2024\/08\/5.5m-food-truck-full-kitchen.jpg\" \/>\n\t<meta property=\"og:image:width\" content=\"720\" \/>\n\t<meta property=\"og:image:height\" content=\"540\" \/>\n\t<meta property=\"og:image:type\" content=\"image\/jpeg\" \/>\n<meta name=\"twitter:card\" content=\"summary_large_image\" \/>\n<meta name=\"twitter:label1\" content=\"Tiempo de lectura\" \/>\n\t<meta name=\"twitter:data1\" content=\"2 minutos\" \/>\n<script type=\"application\/ld+json\" class=\"yoast-schema-graph\">{\"@context\":\"https:\\\/\\\/schema.org\",\"@graph\":[{\"@type\":\"WebPage\",\"@id\":\"https:\\\/\\\/www.honlufoodtrailer.com\\\/product\\\/18ft-food-truck-with-full-kitchen\\\/\",\"url\":\"https:\\\/\\\/www.honlufoodtrailer.com\\\/product\\\/18ft-food-truck-with-full-kitchen\\\/\",\"name\":\"18ft Food Truck With Full Kitchen Fom China Factory - Honlu\",\"isPartOf\":{\"@id\":\"https:\\\/\\\/www.honlufoodtrailer.com\\\/#website\"},\"primaryImageOfPage\":{\"@id\":\"https:\\\/\\\/www.honlufoodtrailer.com\\\/product\\\/18ft-food-truck-with-full-kitchen\\\/#primaryimage\"},\"image\":{\"@id\":\"https:\\\/\\\/www.honlufoodtrailer.com\\\/product\\\/18ft-food-truck-with-full-kitchen\\\/#primaryimage\"},\"thumbnailUrl\":\"https:\\\/\\\/www.honlufoodtrailer.com\\\/wp-content\\\/uploads\\\/2024\\\/08\\\/5.5m-food-truck-full-kitchen.jpg\",\"datePublished\":\"2024-08-23T09:46:53+00:00\",\"dateModified\":\"2025-02-14T06:14:58+00:00\",\"description\":\"This is a customized 18ft food truck with full kitchen. High quality and appealing appearance, get its price here direct from China factory!\",\"breadcrumb\":{\"@id\":\"https:\\\/\\\/www.honlufoodtrailer.com\\\/product\\\/18ft-food-truck-with-full-kitchen\\\/#breadcrumb\"},\"inLanguage\":\"es\",\"potentialAction\":[{\"@type\":\"ReadAction\",\"target\":[\"https:\\\/\\\/www.honlufoodtrailer.com\\\/product\\\/18ft-food-truck-with-full-kitchen\\\/\"]}]},{\"@type\":\"ImageObject\",\"inLanguage\":\"es\",\"@id\":\"https:\\\/\\\/www.honlufoodtrailer.com\\\/product\\\/18ft-food-truck-with-full-kitchen\\\/#primaryimage\",\"url\":\"https:\\\/\\\/www.honlufoodtrailer.com\\\/wp-content\\\/uploads\\\/2024\\\/08\\\/5.5m-food-truck-full-kitchen.jpg\",\"contentUrl\":\"https:\\\/\\\/www.honlufoodtrailer.com\\\/wp-content\\\/uploads\\\/2024\\\/08\\\/5.5m-food-truck-full-kitchen.jpg\",\"width\":720,\"height\":540,\"caption\":\"5.5m food truck full kitchen\"},{\"@type\":\"BreadcrumbList\",\"@id\":\"https:\\\/\\\/www.honlufoodtrailer.com\\\/product\\\/18ft-food-truck-with-full-kitchen\\\/#breadcrumb\",\"itemListElement\":[{\"@type\":\"ListItem\",\"position\":1,\"name\":\"Home\",\"item\":\"https:\\\/\\\/www.honlufoodtrailer.com\\\/\"},{\"@type\":\"ListItem\",\"position\":2,\"name\":\"\u4ea7\u54c1\",\"item\":\"https:\\\/\\\/www.honlufoodtrailer.com\\\/shop\\\/\"},{\"@type\":\"ListItem\",\"position\":3,\"name\":\"18ft Food Truck With Full Kitchen\"}]},{\"@type\":\"WebSite\",\"@id\":\"https:\\\/\\\/www.honlufoodtrailer.com\\\/#website\",\"url\":\"https:\\\/\\\/www.honlufoodtrailer.com\\\/\",\"name\":\"Honlu food trailer\",\"description\":\"\",\"publisher\":{\"@id\":\"https:\\\/\\\/www.honlufoodtrailer.com\\\/#organization\"},\"potentialAction\":[{\"@type\":\"SearchAction\",\"target\":{\"@type\":\"EntryPoint\",\"urlTemplate\":\"https:\\\/\\\/www.honlufoodtrailer.com\\\/?s={search_term_string}\"},\"query-input\":{\"@type\":\"PropertyValueSpecification\",\"valueRequired\":true,\"valueName\":\"search_term_string\"}}],\"inLanguage\":\"es\"},{\"@type\":\"Organization\",\"@id\":\"https:\\\/\\\/www.honlufoodtrailer.com\\\/#organization\",\"name\":\"Honlu food trailer\",\"url\":\"https:\\\/\\\/www.honlufoodtrailer.com\\\/\",\"logo\":{\"@type\":\"ImageObject\",\"inLanguage\":\"es\",\"@id\":\"https:\\\/\\\/www.honlufoodtrailer.com\\\/#\\\/schema\\\/logo\\\/image\\\/\",\"url\":\"https:\\\/\\\/www.honlufoodtrailer.com\\\/wp-content\\\/uploads\\\/2021\\\/12\\\/2.gif\",\"contentUrl\":\"https:\\\/\\\/www.honlufoodtrailer.com\\\/wp-content\\\/uploads\\\/2021\\\/12\\\/2.gif\",\"width\":350,\"height\":100,\"caption\":\"Honlu food trailer\"},\"image\":{\"@id\":\"https:\\\/\\\/www.honlufoodtrailer.com\\\/#\\\/schema\\\/logo\\\/image\\\/\"}}]}<\/script>\n<!-- \/ Yoast SEO plugin. -->","yoast_head_json":{"title":"18ft Food Truck Con Cocina Completa Fom China F\u00e1brica - Honlu","description":"Se trata de un cami\u00f3n de comida personalizada de 18 pies con cocina completa. \u00a1Alta calidad y aspecto atractivo, conseguir su precio aqu\u00ed directamente de la f\u00e1brica de China!","robots":{"index":"index","follow":"follow","max-snippet":"max-snippet:-1","max-image-preview":"max-image-preview:large","max-video-preview":"max-video-preview:-1"},"canonical":"https:\/\/www.honlufoodtrailer.com\/es\/producto\/18ft-food-truck-with-full-kitchen\/","og_locale":"es_ES","og_type":"article","og_title":"18ft Food Truck With Full Kitchen Fom China Factory - Honlu","og_description":"This is a customized 18ft food truck with full kitchen. High quality and appealing appearance, get its price here direct from China factory!","og_url":"https:\/\/www.honlufoodtrailer.com\/es\/producto\/18ft-food-truck-with-full-kitchen\/","og_site_name":"Honlu food trailer","article_modified_time":"2025-02-14T06:14:58+00:00","og_image":[{"width":720,"height":540,"url":"https:\/\/www.honlufoodtrailer.com\/wp-content\/uploads\/2024\/08\/5.5m-food-truck-full-kitchen.jpg","type":"image\/jpeg"}],"twitter_card":"summary_large_image","twitter_misc":{"Tiempo de lectura":"2 minutos"},"schema":{"@context":"https:\/\/schema.org","@graph":[{"@type":"WebPage","@id":"https:\/\/www.honlufoodtrailer.com\/product\/18ft-food-truck-with-full-kitchen\/","url":"https:\/\/www.honlufoodtrailer.com\/product\/18ft-food-truck-with-full-kitchen\/","name":"18ft Food Truck Con Cocina Completa Fom China F\u00e1brica - Honlu","isPartOf":{"@id":"https:\/\/www.honlufoodtrailer.com\/#website"},"primaryImageOfPage":{"@id":"https:\/\/www.honlufoodtrailer.com\/product\/18ft-food-truck-with-full-kitchen\/#primaryimage"},"image":{"@id":"https:\/\/www.honlufoodtrailer.com\/product\/18ft-food-truck-with-full-kitchen\/#primaryimage"},"thumbnailUrl":"https:\/\/www.honlufoodtrailer.com\/wp-content\/uploads\/2024\/08\/5.5m-food-truck-full-kitchen.jpg","datePublished":"2024-08-23T09:46:53+00:00","dateModified":"2025-02-14T06:14:58+00:00","description":"Se trata de un cami\u00f3n de comida personalizada de 18 pies con cocina completa. \u00a1Alta calidad y aspecto atractivo, conseguir su precio aqu\u00ed directamente de la f\u00e1brica de China!","breadcrumb":{"@id":"https:\/\/www.honlufoodtrailer.com\/product\/18ft-food-truck-with-full-kitchen\/#breadcrumb"},"inLanguage":"es","potentialAction":[{"@type":"ReadAction","target":["https:\/\/www.honlufoodtrailer.com\/product\/18ft-food-truck-with-full-kitchen\/"]}]},{"@type":"ImageObject","inLanguage":"es","@id":"https:\/\/www.honlufoodtrailer.com\/product\/18ft-food-truck-with-full-kitchen\/#primaryimage","url":"https:\/\/www.honlufoodtrailer.com\/wp-content\/uploads\/2024\/08\/5.5m-food-truck-full-kitchen.jpg","contentUrl":"https:\/\/www.honlufoodtrailer.com\/wp-content\/uploads\/2024\/08\/5.5m-food-truck-full-kitchen.jpg","width":720,"height":540,"caption":"5.5m food truck full kitchen"},{"@type":"BreadcrumbList","@id":"https:\/\/www.honlufoodtrailer.com\/product\/18ft-food-truck-with-full-kitchen\/#breadcrumb","itemListElement":[{"@type":"ListItem","position":1,"name":"Home","item":"https:\/\/www.honlufoodtrailer.com\/"},{"@type":"ListItem","position":2,"name":"\u4ea7\u54c1","item":"https:\/\/www.honlufoodtrailer.com\/shop\/"},{"@type":"ListItem","position":3,"name":"18ft Food Truck With Full Kitchen"}]},{"@type":"WebSite","@id":"https:\/\/www.honlufoodtrailer.com\/#website","url":"https:\/\/www.honlufoodtrailer.com\/","name":"Remolque de comida Honlu","description":"","publisher":{"@id":"https:\/\/www.honlufoodtrailer.com\/#organization"},"potentialAction":[{"@type":"SearchAction","target":{"@type":"EntryPoint","urlTemplate":"https:\/\/www.honlufoodtrailer.com\/?s={search_term_string}"},"query-input":{"@type":"PropertyValueSpecification","valueRequired":true,"valueName":"search_term_string"}}],"inLanguage":"es"},{"@type":"Organization","@id":"https:\/\/www.honlufoodtrailer.com\/#organization","name":"Remolque de comida Honlu","url":"https:\/\/www.honlufoodtrailer.com\/","logo":{"@type":"ImageObject","inLanguage":"es","@id":"https:\/\/www.honlufoodtrailer.com\/#\/schema\/logo\/image\/","url":"https:\/\/www.honlufoodtrailer.com\/wp-content\/uploads\/2021\/12\/2.gif","contentUrl":"https:\/\/www.honlufoodtrailer.com\/wp-content\/uploads\/2021\/12\/2.gif","width":350,"height":100,"caption":"Honlu food trailer"},"image":{"@id":"https:\/\/www.honlufoodtrailer.com\/#\/schema\/logo\/image\/"}}]}},"_links":{"self":[{"href":"https:\/\/www.honlufoodtrailer.com\/es\/wp-json\/wp\/v2\/product\/8247","targetHints":{"allow":["GET"]}}],"collection":[{"href":"https:\/\/www.honlufoodtrailer.com\/es\/wp-json\/wp\/v2\/product"}],"about":[{"href":"https:\/\/www.honlufoodtrailer.com\/es\/wp-json\/wp\/v2\/types\/product"}],"version-history":[{"count":4,"href":"https:\/\/www.honlufoodtrailer.com\/es\/wp-json\/wp\/v2\/product\/8247\/revisions"}],"predecessor-version":[{"id":8298,"href":"https:\/\/www.honlufoodtrailer.com\/es\/wp-json\/wp\/v2\/product\/8247\/revisions\/8298"}],"wp:featuredmedia":[{"embeddable":true,"href":"https:\/\/www.honlufoodtrailer.com\/es\/wp-json\/wp\/v2\/media\/8249"}],"wp:attachment":[{"href":"https:\/\/www.honlufoodtrailer.com\/es\/wp-json\/wp\/v2\/media?parent=8247"}],"wp:term":[{"taxonomy":"product_brand","embeddable":true,"href":"https:\/\/www.honlufoodtrailer.com\/es\/wp-json\/wp\/v2\/product_brand?post=8247"},{"taxonomy":"product_cat","embeddable":true,"href":"https:\/\/www.honlufoodtrailer.com\/es\/wp-json\/wp\/v2\/product_cat?post=8247"},{"taxonomy":"product_tag","embeddable":true,"href":"https:\/\/www.honlufoodtrailer.com\/es\/wp-json\/wp\/v2\/product_tag?post=8247"}],"curies":[{"name":"wp","href":"https:\/\/api.w.org\/{rel}","templated":true}]}}