{"id":8268,"date":"2024-08-27T14:25:12","date_gmt":"2024-08-27T06:25:12","guid":{"rendered":"https:\/\/www.honlufoodtrailer.com\/?post_type=product&#038;p=8268"},"modified":"2025-02-14T14:10:20","modified_gmt":"2025-02-14T06:10:20","slug":"26ft-food-trailer-with-bathroom-and-toilet","status":"publish","type":"product","link":"https:\/\/www.honlufoodtrailer.com\/es\/product\/26ft-food-trailer-with-bathroom-and-toilet\/","title":{"rendered":"26ft Food Trailer con ba\u00f1o y aseo"},"content":{"rendered":"<p>\u00bfEst\u00e1 buscando un remolque de comida con ba\u00f1o? \u00a1Mire aqu\u00ed! El siguiente es un remolque para alimentos de 26 pies con ba\u00f1o, aseo y dormitorio. Este remolque de comida no s\u00f3lo se puede utilizar para vender comida, sino que tambi\u00e9n tiene un sal\u00f3n. Cuando est\u00e9 cansado del trabajo, o cuando no haya clientes, o por la noche, \u00a1puede ir al sal\u00f3n y tumbarse en la cama a descansar! Adem\u00e1s, el remolque de comida est\u00e1 equipado con un aseo y una ducha. En el caluroso verano o cuando se toma un descanso, puede disfrutar de un ba\u00f1o para quitarse el cansancio del trabajo. De acuerdo con los requisitos de un cliente de Alemania, hemos personalizado este remolque de alimentos. Ahora, \u00a1vamos a ver algunas fotos de este remolque de comida!<\/p>\n<p><img fetchpriority=\"high\" decoding=\"async\" class=\"aligncenter size-full wp-image-8277\" src=\"https:\/\/www.honlufoodtrailer.com\/wp-content\/uploads\/2024\/08\/26ft-food-trailer-with-toilet.jpg\" alt=\"26ft remolque de alimentos con aseo\" width=\"720\" height=\"540\" srcset=\"https:\/\/www.honlufoodtrailer.com\/wp-content\/uploads\/2024\/08\/26ft-food-trailer-with-toilet.jpg 720w, https:\/\/www.honlufoodtrailer.com\/wp-content\/uploads\/2024\/08\/26ft-food-trailer-with-toilet-480x360.jpg 480w, https:\/\/www.honlufoodtrailer.com\/wp-content\/uploads\/2024\/08\/26ft-food-trailer-with-toilet-300x225.jpg 300w\" sizes=\"(max-width: 720px) 100vw, 720px\" \/> <img decoding=\"async\" class=\"aligncenter size-full wp-image-8272\" src=\"https:\/\/www.honlufoodtrailer.com\/wp-content\/uploads\/2024\/08\/26ft-food-trailer-with-bathroom-back-view.jpg\" alt=\"26ft remolque de alimentos con ba\u00f1o vista trasera\" width=\"720\" height=\"540\" srcset=\"https:\/\/www.honlufoodtrailer.com\/wp-content\/uploads\/2024\/08\/26ft-food-trailer-with-bathroom-back-view.jpg 720w, https:\/\/www.honlufoodtrailer.com\/wp-content\/uploads\/2024\/08\/26ft-food-trailer-with-bathroom-back-view-480x360.jpg 480w, https:\/\/www.honlufoodtrailer.com\/wp-content\/uploads\/2024\/08\/26ft-food-trailer-with-bathroom-back-view-300x225.jpg 300w\" sizes=\"(max-width: 720px) 100vw, 720px\" \/><br \/>\nComo podemos ver en las fotos de arriba, este remolque de comida de 26 pies con ba\u00f1o es de color negro cl\u00e1sico. En la parte delantera del remolque de comida, hemos dise\u00f1ado dos ventanas, una grande y una peque\u00f1a. Son muy convenientes para que la gente ordene y recoja sus comidas. Con un cuerpo de remolque de 8m de largo, este remolque de comida tiene un espacio interior muy grande. Por lo tanto, puede servir a un gran n\u00famero de personas. En la parte trasera del remolque hay dos puertas para la entrada y salida del personal. Adem\u00e1s, instalamos luces traseras y laterales en el remolque de alimentos de acuerdo a los requerimientos del cliente. A continuaci\u00f3n, vamos a ver el uso y los detalles internos de este cami\u00f3n de comida de 26 pies con ba\u00f1o.<\/p>\n<h3>Uso de este 26ft Food Trailer con ba\u00f1o<\/h3>\n<p>Nuestro cliente utiliza principalmente este cami\u00f3n de comida para vender comida r\u00e1pida como hamburguesas, patatas fritas, perritos calientes, pollo frito, bebidas, etc.<\/p>\n<h3>Cocina de este Food Trailer<\/h3>\n<p>Como podemos ver en las fotos de abajo, instalamos principalmente dos fregaderos, dos bancos de trabajo largos de acero inoxidable con almacenamiento, varios grifos de agua, dos freidoras de gas, una plancha de gas, cocina de gas de 4 quemadores con horno, una campana extractora, un aire acondicionado y un frigor\u00edfico, etc.<\/p>\n<p><img decoding=\"async\" class=\"aligncenter size-full wp-image-8274\" src=\"https:\/\/www.honlufoodtrailer.com\/wp-content\/uploads\/2024\/08\/26ft-food-trailer-with-bathroom-inner-view.jpg\" alt=\"26ft remolque de alimentos con ba\u00f1o vista interior\" width=\"720\" height=\"540\" srcset=\"https:\/\/www.honlufoodtrailer.com\/wp-content\/uploads\/2024\/08\/26ft-food-trailer-with-bathroom-inner-view.jpg 720w, https:\/\/www.honlufoodtrailer.com\/wp-content\/uploads\/2024\/08\/26ft-food-trailer-with-bathroom-inner-view-480x360.jpg 480w, https:\/\/www.honlufoodtrailer.com\/wp-content\/uploads\/2024\/08\/26ft-food-trailer-with-bathroom-inner-view-300x225.jpg 300w\" sizes=\"(max-width: 720px) 100vw, 720px\" \/> <img loading=\"lazy\" decoding=\"async\" class=\"aligncenter size-full wp-image-8279\" src=\"https:\/\/www.honlufoodtrailer.com\/wp-content\/uploads\/2024\/08\/kitchen-equipment-of-food-trailer-with-bathroom.jpg\" alt=\"equipo de cocina de remolque de alimentos con cuarto de ba\u00f1o\" width=\"800\" height=\"800\" srcset=\"https:\/\/www.honlufoodtrailer.com\/wp-content\/uploads\/2024\/08\/kitchen-equipment-of-food-trailer-with-bathroom.jpg 800w, https:\/\/www.honlufoodtrailer.com\/wp-content\/uploads\/2024\/08\/kitchen-equipment-of-food-trailer-with-bathroom-768x768.jpg 768w, https:\/\/www.honlufoodtrailer.com\/wp-content\/uploads\/2024\/08\/kitchen-equipment-of-food-trailer-with-bathroom-360x360.jpg 360w, https:\/\/www.honlufoodtrailer.com\/wp-content\/uploads\/2024\/08\/kitchen-equipment-of-food-trailer-with-bathroom-300x300.jpg 300w, https:\/\/www.honlufoodtrailer.com\/wp-content\/uploads\/2024\/08\/kitchen-equipment-of-food-trailer-with-bathroom-720x720.jpg 720w, https:\/\/www.honlufoodtrailer.com\/wp-content\/uploads\/2024\/08\/kitchen-equipment-of-food-trailer-with-bathroom-100x100.jpg 100w\" sizes=\"(max-width: 800px) 100vw, 800px\" \/><\/p>\n<h3>\u00c1rea de descanso de este remolque de comida:<\/h3>\n<p>A continuaci\u00f3n se muestra la zona de descanso de este remolque de comida de 26 pies con cuarto de ba\u00f1o. Como podemos ver en la imagen, hay un lavabo, un espejo con almacenaje, un inodoro, una cama, una ducha, un calentador de agua y un espejo vestidor. Puedes ver el video detallado desde las siguientes pesta\u00f1as.<br \/>\n<img loading=\"lazy\" decoding=\"async\" class=\"aligncenter size-full wp-image-8278\" src=\"https:\/\/www.honlufoodtrailer.com\/wp-content\/uploads\/2024\/08\/bathroom-and-bedroom-of-food-trailer-with-bathroom.jpg\" alt=\"cuarto de ba\u00f1o y dormitorio de alimentos remolque con cuarto de ba\u00f1o\" width=\"800\" height=\"800\" srcset=\"https:\/\/www.honlufoodtrailer.com\/wp-content\/uploads\/2024\/08\/bathroom-and-bedroom-of-food-trailer-with-bathroom.jpg 800w, https:\/\/www.honlufoodtrailer.com\/wp-content\/uploads\/2024\/08\/bathroom-and-bedroom-of-food-trailer-with-bathroom-768x768.jpg 768w, https:\/\/www.honlufoodtrailer.com\/wp-content\/uploads\/2024\/08\/bathroom-and-bedroom-of-food-trailer-with-bathroom-360x360.jpg 360w, https:\/\/www.honlufoodtrailer.com\/wp-content\/uploads\/2024\/08\/bathroom-and-bedroom-of-food-trailer-with-bathroom-300x300.jpg 300w, https:\/\/www.honlufoodtrailer.com\/wp-content\/uploads\/2024\/08\/bathroom-and-bedroom-of-food-trailer-with-bathroom-720x720.jpg 720w, https:\/\/www.honlufoodtrailer.com\/wp-content\/uploads\/2024\/08\/bathroom-and-bedroom-of-food-trailer-with-bathroom-100x100.jpg 100w\" sizes=\"(max-width: 800px) 100vw, 800px\" \/><\/p>\n<h3 class=\"magic-6\" data-spm-anchor-id=\"a2700.wholesale.0.i28.29e52808agqc7f\">Detalles principales<\/h3>\n<p>Vea m\u00e1s detalles de este food truck con ba\u00f1o. Todos los accesorios est\u00e1n bajo los est\u00e1ndares de Alemania. Como fabricante y exportador profesional de camiones de comida con m\u00e1s de 10 a\u00f1os de experiencia, estamos familiarizados con las regulaciones y requisitos de muchos pa\u00edses, le proporcionaremos camiones de comida que cumplan con los requisitos de su pa\u00eds. P\u00f3ngase en contacto con nosotros para personalizar su cami\u00f3n de comida.<\/p>\n<p><img loading=\"lazy\" decoding=\"async\" class=\"aligncenter size-full wp-image-8281\" src=\"https:\/\/www.honlufoodtrailer.com\/wp-content\/uploads\/2024\/08\/more-details-of-26ft-food-trailer-with-bathroom.jpg\" alt=\"m\u00e1s detalles de 26ft food trailer with bathroom\" width=\"800\" height=\"800\" srcset=\"https:\/\/www.honlufoodtrailer.com\/wp-content\/uploads\/2024\/08\/more-details-of-26ft-food-trailer-with-bathroom.jpg 800w, https:\/\/www.honlufoodtrailer.com\/wp-content\/uploads\/2024\/08\/more-details-of-26ft-food-trailer-with-bathroom-768x768.jpg 768w, https:\/\/www.honlufoodtrailer.com\/wp-content\/uploads\/2024\/08\/more-details-of-26ft-food-trailer-with-bathroom-360x360.jpg 360w, https:\/\/www.honlufoodtrailer.com\/wp-content\/uploads\/2024\/08\/more-details-of-26ft-food-trailer-with-bathroom-300x300.jpg 300w, https:\/\/www.honlufoodtrailer.com\/wp-content\/uploads\/2024\/08\/more-details-of-26ft-food-trailer-with-bathroom-720x720.jpg 720w, https:\/\/www.honlufoodtrailer.com\/wp-content\/uploads\/2024\/08\/more-details-of-26ft-food-trailer-with-bathroom-100x100.jpg 100w\" sizes=\"(max-width: 800px) 100vw, 800px\" \/><\/p>\n<h3 class=\"magic-6\" data-spm-anchor-id=\"a2700.wholesale.0.i28.29e52808agqc7f\">Caracter\u00edsticas principales del Food Trailer con ba\u00f1o<\/h3>\n<div class=\"magic-7\">\n<div class=\"magic-8\">\n<div class=\"magic-9\" data-id=\"paragraph0\">\n<ol>\n<li>Cumplen las normas alemanas;<\/li>\n<li>El espacioso interior no s\u00f3lo sirve para vender comida, sino tambi\u00e9n para ba\u00f1arse y descansar.<\/li>\n<li>Tres ejes, m\u00e1s robustos y duraderos.<\/li>\n<\/ol>\n<h3>Dibujo gratuito de planos 2D\/3D<\/h3>\n<p>Una vez confirmadas las dimensiones del remolque de alimentos y el equipamiento interno de la cocina, podemos proporcionarle gratuitamente dibujos en 3D. Esto le dar\u00e1 una idea m\u00e1s clara de su dise\u00f1o y de su carro de comida. Al confirmar la ubicaci\u00f3n del equipo de cocina, podemos comunicarnos claramente con usted a trav\u00e9s del plano de planta. Tambi\u00e9n podemos proporcionarle documentos originales para facilitar su dise\u00f1o y realizar ajustes.<\/p>\n<p>Ver otro <a href=\"https:\/\/www.honlufoodtrailer.com\/es\/producto\/customized-square-food-trailer-with-toilet\/\" target=\"_blank\" rel=\"noopener\">Remolque alimentario de 5 m con aseo<\/a> que hemos fabricado para un cliente de aqu\u00ed: <a href=\"https:\/\/www.honlufoodtrailer.com\/es\/producto\/customized-square-food-trailer-with-toilet\/\" target=\"_blank\" rel=\"noopener\">https:\/\/www.honlufoodtrailer.com\/product\/customized-square-food-trailer-with-toilet\/<\/a>.<\/p>\n<p><a href=\"https:\/\/www.honlufoodtrailer.com\/es\/producto\/customized-square-food-trailer-with-toilet\/\"><img loading=\"lazy\" decoding=\"async\" class=\"aligncenter wp-image-4531\" src=\"https:\/\/www.honlufoodtrailer.com\/wp-content\/uploads\/2022\/04\/Toilet-at-back-door.jpg\" alt=\"Remolque alimentario de 5 m con aseo\" width=\"772\" height=\"579\" srcset=\"https:\/\/www.honlufoodtrailer.com\/wp-content\/uploads\/2022\/04\/Toilet-at-back-door.jpg 1440w, https:\/\/www.honlufoodtrailer.com\/wp-content\/uploads\/2022\/04\/Toilet-at-back-door-768x576.jpg 768w, https:\/\/www.honlufoodtrailer.com\/wp-content\/uploads\/2022\/04\/Toilet-at-back-door-480x360.jpg 480w, https:\/\/www.honlufoodtrailer.com\/wp-content\/uploads\/2022\/04\/Toilet-at-back-door-300x225.jpg 300w, https:\/\/www.honlufoodtrailer.com\/wp-content\/uploads\/2022\/04\/Toilet-at-back-door-720x540.jpg 720w\" sizes=\"(max-width: 772px) 100vw, 772px\" \/><\/a><br \/>\nSi est\u00e1 interesado en un remolque de comida similar, no dude en ponerse en contacto con nosotros dej\u00e1ndonos un mensaje con sus requisitos detallados. O env\u00edenos un whatsapp para obtener una respuesta r\u00e1pida.<\/p>\n<\/div>\n<\/div>\n<\/div>","protected":false},"excerpt":{"rendered":"<p>Se trata de un remolque de alimentos personalizado de 26 pies con ba\u00f1o, aseo y dormitorio. Todo el veh\u00edculo adopta acero inoxidable y chapa de acero galvanizado. No s\u00f3lo se puede aplicar para vender comida r\u00e1pida y bebidas, pero tambi\u00e9n tiene espacio para el ba\u00f1o y el descanso. <strong>Haga clic en las siguientes pesta\u00f1as para ver m\u00e1s detalles de este remolque de alimentos<\/strong>. Podemos fabricar un remolque de comida similar con ba\u00f1o como este, o personalizar uno para usted. El tama\u00f1o, el color de la carrocer\u00eda, las pegatinas, la se\u00f1alizaci\u00f3n y el equipamiento interior del remolque pueden personalizarse. Adem\u00e1s, todos los accesorios cumplir\u00e1n los requisitos de los clientes. No dude en ponerse en contacto con nosotros e indicarnos sus requisitos detallados.<\/p>","protected":false},"featured_media":8277,"template":"","meta":{"_themeisle_gutenberg_block_has_review":false},"product_brand":[],"product_cat":[26],"product_tag":[33,101,45,38,51],"class_list":{"0":"post-8268","1":"product","2":"type-product","3":"status-publish","4":"has-post-thumbnail","6":"product_cat-product","7":"product_tag-customized-trailer","8":"product_tag-food-trailer-with-toilet","9":"product_tag-large-food-trailer","10":"product_tag-mobile-food-trailer","11":"product_tag-square-food-trailer","13":"first","14":"instock","15":"shipping-taxable","16":"product-type-simple"},"yoast_head":"<!-- This site is optimized with the Yoast SEO plugin v27.4 - https:\/\/yoast.com\/product\/yoast-seo-wordpress\/ -->\n<title>26ft Food Trailer with Bathroom and Toilet - Honlu Food Trailer<\/title>\n<meta name=\"description\" content=\"This is a customized 26ft food trailer with bathroom, toilet and bedroom. High quality, get its price here direct from China factory!\" \/>\n<meta name=\"robots\" content=\"index, follow, max-snippet:-1, max-image-preview:large, max-video-preview:-1\" \/>\n<link rel=\"canonical\" href=\"https:\/\/www.honlufoodtrailer.com\/es\/producto\/26ft-food-trailer-with-bathroom-and-toilet\/\" \/>\n<meta property=\"og:locale\" content=\"es_ES\" \/>\n<meta property=\"og:type\" content=\"article\" \/>\n<meta property=\"og:title\" content=\"26ft Food Trailer with Bathroom and Toilet - Honlu Food Trailer\" \/>\n<meta property=\"og:description\" content=\"This is a customized 26ft food trailer with bathroom, toilet and bedroom. High quality, get its price here direct from China factory!\" \/>\n<meta property=\"og:url\" content=\"https:\/\/www.honlufoodtrailer.com\/es\/producto\/26ft-food-trailer-with-bathroom-and-toilet\/\" \/>\n<meta property=\"og:site_name\" content=\"Honlu food trailer\" \/>\n<meta property=\"article:modified_time\" content=\"2025-02-14T06:10:20+00:00\" \/>\n<meta property=\"og:image\" content=\"https:\/\/www.honlufoodtrailer.com\/wp-content\/uploads\/2024\/08\/26ft-food-trailer-with-toilet.jpg\" \/>\n\t<meta property=\"og:image:width\" content=\"720\" \/>\n\t<meta property=\"og:image:height\" content=\"540\" \/>\n\t<meta property=\"og:image:type\" content=\"image\/jpeg\" \/>\n<meta name=\"twitter:card\" content=\"summary_large_image\" \/>\n<meta name=\"twitter:label1\" content=\"Tiempo de lectura\" \/>\n\t<meta name=\"twitter:data1\" content=\"2 minutos\" \/>\n<script type=\"application\/ld+json\" class=\"yoast-schema-graph\">{\"@context\":\"https:\\\/\\\/schema.org\",\"@graph\":[{\"@type\":\"WebPage\",\"@id\":\"https:\\\/\\\/www.honlufoodtrailer.com\\\/product\\\/26ft-food-trailer-with-bathroom-and-toilet\\\/\",\"url\":\"https:\\\/\\\/www.honlufoodtrailer.com\\\/product\\\/26ft-food-trailer-with-bathroom-and-toilet\\\/\",\"name\":\"26ft Food Trailer with Bathroom and Toilet - Honlu Food Trailer\",\"isPartOf\":{\"@id\":\"https:\\\/\\\/www.honlufoodtrailer.com\\\/#website\"},\"primaryImageOfPage\":{\"@id\":\"https:\\\/\\\/www.honlufoodtrailer.com\\\/product\\\/26ft-food-trailer-with-bathroom-and-toilet\\\/#primaryimage\"},\"image\":{\"@id\":\"https:\\\/\\\/www.honlufoodtrailer.com\\\/product\\\/26ft-food-trailer-with-bathroom-and-toilet\\\/#primaryimage\"},\"thumbnailUrl\":\"https:\\\/\\\/www.honlufoodtrailer.com\\\/wp-content\\\/uploads\\\/2024\\\/08\\\/26ft-food-trailer-with-toilet.jpg\",\"datePublished\":\"2024-08-27T06:25:12+00:00\",\"dateModified\":\"2025-02-14T06:10:20+00:00\",\"description\":\"This is a customized 26ft food trailer with bathroom, toilet and bedroom. High quality, get its price here direct from China factory!\",\"breadcrumb\":{\"@id\":\"https:\\\/\\\/www.honlufoodtrailer.com\\\/product\\\/26ft-food-trailer-with-bathroom-and-toilet\\\/#breadcrumb\"},\"inLanguage\":\"es\",\"potentialAction\":[{\"@type\":\"ReadAction\",\"target\":[\"https:\\\/\\\/www.honlufoodtrailer.com\\\/product\\\/26ft-food-trailer-with-bathroom-and-toilet\\\/\"]}]},{\"@type\":\"ImageObject\",\"inLanguage\":\"es\",\"@id\":\"https:\\\/\\\/www.honlufoodtrailer.com\\\/product\\\/26ft-food-trailer-with-bathroom-and-toilet\\\/#primaryimage\",\"url\":\"https:\\\/\\\/www.honlufoodtrailer.com\\\/wp-content\\\/uploads\\\/2024\\\/08\\\/26ft-food-trailer-with-toilet.jpg\",\"contentUrl\":\"https:\\\/\\\/www.honlufoodtrailer.com\\\/wp-content\\\/uploads\\\/2024\\\/08\\\/26ft-food-trailer-with-toilet.jpg\",\"width\":720,\"height\":540,\"caption\":\"26ft food trailer with toilet\"},{\"@type\":\"BreadcrumbList\",\"@id\":\"https:\\\/\\\/www.honlufoodtrailer.com\\\/product\\\/26ft-food-trailer-with-bathroom-and-toilet\\\/#breadcrumb\",\"itemListElement\":[{\"@type\":\"ListItem\",\"position\":1,\"name\":\"Home\",\"item\":\"https:\\\/\\\/www.honlufoodtrailer.com\\\/\"},{\"@type\":\"ListItem\",\"position\":2,\"name\":\"\u4ea7\u54c1\",\"item\":\"https:\\\/\\\/www.honlufoodtrailer.com\\\/shop\\\/\"},{\"@type\":\"ListItem\",\"position\":3,\"name\":\"26ft Food Trailer with Bathroom and Toilet\"}]},{\"@type\":\"WebSite\",\"@id\":\"https:\\\/\\\/www.honlufoodtrailer.com\\\/#website\",\"url\":\"https:\\\/\\\/www.honlufoodtrailer.com\\\/\",\"name\":\"Honlu food trailer\",\"description\":\"\",\"publisher\":{\"@id\":\"https:\\\/\\\/www.honlufoodtrailer.com\\\/#organization\"},\"potentialAction\":[{\"@type\":\"SearchAction\",\"target\":{\"@type\":\"EntryPoint\",\"urlTemplate\":\"https:\\\/\\\/www.honlufoodtrailer.com\\\/?s={search_term_string}\"},\"query-input\":{\"@type\":\"PropertyValueSpecification\",\"valueRequired\":true,\"valueName\":\"search_term_string\"}}],\"inLanguage\":\"es\"},{\"@type\":\"Organization\",\"@id\":\"https:\\\/\\\/www.honlufoodtrailer.com\\\/#organization\",\"name\":\"Honlu food trailer\",\"url\":\"https:\\\/\\\/www.honlufoodtrailer.com\\\/\",\"logo\":{\"@type\":\"ImageObject\",\"inLanguage\":\"es\",\"@id\":\"https:\\\/\\\/www.honlufoodtrailer.com\\\/#\\\/schema\\\/logo\\\/image\\\/\",\"url\":\"https:\\\/\\\/www.honlufoodtrailer.com\\\/wp-content\\\/uploads\\\/2021\\\/12\\\/2.gif\",\"contentUrl\":\"https:\\\/\\\/www.honlufoodtrailer.com\\\/wp-content\\\/uploads\\\/2021\\\/12\\\/2.gif\",\"width\":350,\"height\":100,\"caption\":\"Honlu food trailer\"},\"image\":{\"@id\":\"https:\\\/\\\/www.honlufoodtrailer.com\\\/#\\\/schema\\\/logo\\\/image\\\/\"}}]}<\/script>\n<!-- \/ Yoast SEO plugin. -->","yoast_head_json":{"title":"26ft Food Trailer con ba\u00f1o y aseo - Honlu Food Trailer","description":"Se trata de un remolque de alimentos personalizado 26ft con ba\u00f1o, aseo y dormitorio. \u00a1Alta calidad, conseguir su precio aqu\u00ed directamente de la f\u00e1brica de China!","robots":{"index":"index","follow":"follow","max-snippet":"max-snippet:-1","max-image-preview":"max-image-preview:large","max-video-preview":"max-video-preview:-1"},"canonical":"https:\/\/www.honlufoodtrailer.com\/es\/producto\/26ft-food-trailer-with-bathroom-and-toilet\/","og_locale":"es_ES","og_type":"article","og_title":"26ft Food Trailer with Bathroom and Toilet - Honlu Food Trailer","og_description":"This is a customized 26ft food trailer with bathroom, toilet and bedroom. High quality, get its price here direct from China factory!","og_url":"https:\/\/www.honlufoodtrailer.com\/es\/producto\/26ft-food-trailer-with-bathroom-and-toilet\/","og_site_name":"Honlu food trailer","article_modified_time":"2025-02-14T06:10:20+00:00","og_image":[{"width":720,"height":540,"url":"https:\/\/www.honlufoodtrailer.com\/wp-content\/uploads\/2024\/08\/26ft-food-trailer-with-toilet.jpg","type":"image\/jpeg"}],"twitter_card":"summary_large_image","twitter_misc":{"Tiempo de lectura":"2 minutos"},"schema":{"@context":"https:\/\/schema.org","@graph":[{"@type":"WebPage","@id":"https:\/\/www.honlufoodtrailer.com\/product\/26ft-food-trailer-with-bathroom-and-toilet\/","url":"https:\/\/www.honlufoodtrailer.com\/product\/26ft-food-trailer-with-bathroom-and-toilet\/","name":"26ft Food Trailer con ba\u00f1o y aseo - Honlu Food Trailer","isPartOf":{"@id":"https:\/\/www.honlufoodtrailer.com\/#website"},"primaryImageOfPage":{"@id":"https:\/\/www.honlufoodtrailer.com\/product\/26ft-food-trailer-with-bathroom-and-toilet\/#primaryimage"},"image":{"@id":"https:\/\/www.honlufoodtrailer.com\/product\/26ft-food-trailer-with-bathroom-and-toilet\/#primaryimage"},"thumbnailUrl":"https:\/\/www.honlufoodtrailer.com\/wp-content\/uploads\/2024\/08\/26ft-food-trailer-with-toilet.jpg","datePublished":"2024-08-27T06:25:12+00:00","dateModified":"2025-02-14T06:10:20+00:00","description":"Se trata de un remolque de alimentos personalizado 26ft con ba\u00f1o, aseo y dormitorio. \u00a1Alta calidad, conseguir su precio aqu\u00ed directamente de la f\u00e1brica de China!","breadcrumb":{"@id":"https:\/\/www.honlufoodtrailer.com\/product\/26ft-food-trailer-with-bathroom-and-toilet\/#breadcrumb"},"inLanguage":"es","potentialAction":[{"@type":"ReadAction","target":["https:\/\/www.honlufoodtrailer.com\/product\/26ft-food-trailer-with-bathroom-and-toilet\/"]}]},{"@type":"ImageObject","inLanguage":"es","@id":"https:\/\/www.honlufoodtrailer.com\/product\/26ft-food-trailer-with-bathroom-and-toilet\/#primaryimage","url":"https:\/\/www.honlufoodtrailer.com\/wp-content\/uploads\/2024\/08\/26ft-food-trailer-with-toilet.jpg","contentUrl":"https:\/\/www.honlufoodtrailer.com\/wp-content\/uploads\/2024\/08\/26ft-food-trailer-with-toilet.jpg","width":720,"height":540,"caption":"26ft food trailer with toilet"},{"@type":"BreadcrumbList","@id":"https:\/\/www.honlufoodtrailer.com\/product\/26ft-food-trailer-with-bathroom-and-toilet\/#breadcrumb","itemListElement":[{"@type":"ListItem","position":1,"name":"Home","item":"https:\/\/www.honlufoodtrailer.com\/"},{"@type":"ListItem","position":2,"name":"\u4ea7\u54c1","item":"https:\/\/www.honlufoodtrailer.com\/shop\/"},{"@type":"ListItem","position":3,"name":"26ft Food Trailer with Bathroom and Toilet"}]},{"@type":"WebSite","@id":"https:\/\/www.honlufoodtrailer.com\/#website","url":"https:\/\/www.honlufoodtrailer.com\/","name":"Remolque de comida Honlu","description":"","publisher":{"@id":"https:\/\/www.honlufoodtrailer.com\/#organization"},"potentialAction":[{"@type":"SearchAction","target":{"@type":"EntryPoint","urlTemplate":"https:\/\/www.honlufoodtrailer.com\/?s={search_term_string}"},"query-input":{"@type":"PropertyValueSpecification","valueRequired":true,"valueName":"search_term_string"}}],"inLanguage":"es"},{"@type":"Organization","@id":"https:\/\/www.honlufoodtrailer.com\/#organization","name":"Remolque de comida Honlu","url":"https:\/\/www.honlufoodtrailer.com\/","logo":{"@type":"ImageObject","inLanguage":"es","@id":"https:\/\/www.honlufoodtrailer.com\/#\/schema\/logo\/image\/","url":"https:\/\/www.honlufoodtrailer.com\/wp-content\/uploads\/2021\/12\/2.gif","contentUrl":"https:\/\/www.honlufoodtrailer.com\/wp-content\/uploads\/2021\/12\/2.gif","width":350,"height":100,"caption":"Honlu food trailer"},"image":{"@id":"https:\/\/www.honlufoodtrailer.com\/#\/schema\/logo\/image\/"}}]}},"_links":{"self":[{"href":"https:\/\/www.honlufoodtrailer.com\/es\/wp-json\/wp\/v2\/product\/8268","targetHints":{"allow":["GET"]}}],"collection":[{"href":"https:\/\/www.honlufoodtrailer.com\/es\/wp-json\/wp\/v2\/product"}],"about":[{"href":"https:\/\/www.honlufoodtrailer.com\/es\/wp-json\/wp\/v2\/types\/product"}],"version-history":[{"count":5,"href":"https:\/\/www.honlufoodtrailer.com\/es\/wp-json\/wp\/v2\/product\/8268\/revisions"}],"predecessor-version":[{"id":9568,"href":"https:\/\/www.honlufoodtrailer.com\/es\/wp-json\/wp\/v2\/product\/8268\/revisions\/9568"}],"wp:featuredmedia":[{"embeddable":true,"href":"https:\/\/www.honlufoodtrailer.com\/es\/wp-json\/wp\/v2\/media\/8277"}],"wp:attachment":[{"href":"https:\/\/www.honlufoodtrailer.com\/es\/wp-json\/wp\/v2\/media?parent=8268"}],"wp:term":[{"taxonomy":"product_brand","embeddable":true,"href":"https:\/\/www.honlufoodtrailer.com\/es\/wp-json\/wp\/v2\/product_brand?post=8268"},{"taxonomy":"product_cat","embeddable":true,"href":"https:\/\/www.honlufoodtrailer.com\/es\/wp-json\/wp\/v2\/product_cat?post=8268"},{"taxonomy":"product_tag","embeddable":true,"href":"https:\/\/www.honlufoodtrailer.com\/es\/wp-json\/wp\/v2\/product_tag?post=8268"}],"curies":[{"name":"wp","href":"https:\/\/api.w.org\/{rel}","templated":true}]}}