{"id":8322,"date":"2024-09-11T11:31:26","date_gmt":"2024-09-11T03:31:26","guid":{"rendered":"https:\/\/www.honlufoodtrailer.com\/?post_type=product&#038;p=8322"},"modified":"2025-02-14T13:59:33","modified_gmt":"2025-02-14T05:59:33","slug":"18-7ft-concession-trailer-with-porch","status":"publish","type":"product","link":"https:\/\/www.honlufoodtrailer.com\/es\/product\/18-7ft-concession-trailer-with-porch\/","title":{"rendered":"18.7ft Concesi\u00f3n Remolque Con Porche"},"content":{"rendered":"<p data-spm-anchor-id=\"a2700.wholesale.0.i28.29e52808agqc7f\">\u00bfEst\u00e1 buscando un remolque de concesi\u00f3n con porche? Vea aqu\u00ed este remolque rojo de 18,7 pies con porche. Es uno de los remolques con porche que hemos personalizado para clientes estadounidenses. Ahora, \u00a1veamos m\u00e1s detalles sobre \u00e9l!<\/p>\n<p data-spm-anchor-id=\"a2700.wholesale.0.i28.29e52808agqc7f\"><img fetchpriority=\"high\" decoding=\"async\" class=\"aligncenter size-full wp-image-8332\" src=\"https:\/\/www.honlufoodtrailer.com\/wp-content\/uploads\/2024\/09\/18.7ft-concession-trailer-with-porch.jpg\" alt=\"Remolque de concesi\u00f3n de 18,7 pies con porche\" width=\"720\" height=\"540\" srcset=\"https:\/\/www.honlufoodtrailer.com\/wp-content\/uploads\/2024\/09\/18.7ft-concession-trailer-with-porch.jpg 720w, https:\/\/www.honlufoodtrailer.com\/wp-content\/uploads\/2024\/09\/18.7ft-concession-trailer-with-porch-480x360.jpg 480w, https:\/\/www.honlufoodtrailer.com\/wp-content\/uploads\/2024\/09\/18.7ft-concession-trailer-with-porch-300x225.jpg 300w\" sizes=\"(max-width: 720px) 100vw, 720px\" \/>Como podemos ver en las im\u00e1genes de arriba, todo el cuerpo de este remolque de alimentos es de color rojo, y la parte del porche en la parte trasera del cuerpo del remolque adopta un dise\u00f1o abierto. La ventana de servicio en la parte delantera del cuerpo del remolque adopta un dise\u00f1o de gran ventana corredera. Cuando se abre la ventana, se puede formar una mesa debajo. Ser\u00e1 muy c\u00f3modo para los comensales pedir y recoger sus comidas.\u00a0 <img decoding=\"async\" class=\"aligncenter size-full wp-image-8326\" src=\"https:\/\/www.honlufoodtrailer.com\/wp-content\/uploads\/2024\/09\/5.7m-porch-style-concession-trailer.jpg\" alt=\"Remolque de concesi\u00f3n estilo porche de 5,7 m\" width=\"720\" height=\"540\" srcset=\"https:\/\/www.honlufoodtrailer.com\/wp-content\/uploads\/2024\/09\/5.7m-porch-style-concession-trailer.jpg 720w, https:\/\/www.honlufoodtrailer.com\/wp-content\/uploads\/2024\/09\/5.7m-porch-style-concession-trailer-480x360.jpg 480w, https:\/\/www.honlufoodtrailer.com\/wp-content\/uploads\/2024\/09\/5.7m-porch-style-concession-trailer-300x225.jpg 300w\" sizes=\"(max-width: 720px) 100vw, 720px\" \/><\/p>\n<p data-spm-anchor-id=\"a2700.wholesale.0.i28.29e52808agqc7f\">La parte del porche en la parte trasera del cuerpo del remolque de comida es un dise\u00f1o propuesto por el cliente, y los deflectores alrededor del porche se pueden abrir hacia fuera para convertirse en un dise\u00f1o abierto. A continuaci\u00f3n, veamos los detalles interiores de este remolque de concesi\u00f3n estilo porche.<\/p>\n<h3>Detalles interiores del remolque de concesi\u00f3n de 18,7 pies con porche<\/h3>\n<p data-spm-anchor-id=\"a2700.wholesale.0.i28.29e52808agqc7f\">Como podemos ver en las fotos de abajo, hemos equipado el remolque de alimentos con algunos equipos de cocina de acuerdo con los requisitos del cliente. El equipo de cocina incluye 3+1 fregaderos con grifo de agua caliente y fr\u00eda, una freidora de gas de 2 dep\u00f3sitos, una plancha de gas, una campana extractora, una mesa de preparaci\u00f3n de alimentos, un frigor\u00edfico de mesa de trabajo, un aire acondicionado, un sistema de extinci\u00f3n de incendios, etc.<img decoding=\"async\" class=\"aligncenter size-full wp-image-8330\" src=\"https:\/\/www.honlufoodtrailer.com\/wp-content\/uploads\/2024\/09\/18.7ft-concession-trailer-with-porch-inner-view.jpg\" alt=\"18.7ft remolque concesi\u00f3n con porche vista interior\" width=\"720\" height=\"540\" srcset=\"https:\/\/www.honlufoodtrailer.com\/wp-content\/uploads\/2024\/09\/18.7ft-concession-trailer-with-porch-inner-view.jpg 720w, https:\/\/www.honlufoodtrailer.com\/wp-content\/uploads\/2024\/09\/18.7ft-concession-trailer-with-porch-inner-view-480x360.jpg 480w, https:\/\/www.honlufoodtrailer.com\/wp-content\/uploads\/2024\/09\/18.7ft-concession-trailer-with-porch-inner-view-300x225.jpg 300w\" sizes=\"(max-width: 720px) 100vw, 720px\" \/> <img loading=\"lazy\" decoding=\"async\" class=\"aligncenter size-full wp-image-8331\" src=\"https:\/\/www.honlufoodtrailer.com\/wp-content\/uploads\/2024\/09\/18.7ft-concession-trailer-with-porch-kitchen-equipment.jpg\" alt=\"Remolque de concesi\u00f3n de 18,7 pies con equipo de cocina de porche\" width=\"800\" height=\"800\" srcset=\"https:\/\/www.honlufoodtrailer.com\/wp-content\/uploads\/2024\/09\/18.7ft-concession-trailer-with-porch-kitchen-equipment.jpg 800w, https:\/\/www.honlufoodtrailer.com\/wp-content\/uploads\/2024\/09\/18.7ft-concession-trailer-with-porch-kitchen-equipment-768x768.jpg 768w, https:\/\/www.honlufoodtrailer.com\/wp-content\/uploads\/2024\/09\/18.7ft-concession-trailer-with-porch-kitchen-equipment-360x360.jpg 360w, https:\/\/www.honlufoodtrailer.com\/wp-content\/uploads\/2024\/09\/18.7ft-concession-trailer-with-porch-kitchen-equipment-300x300.jpg 300w, https:\/\/www.honlufoodtrailer.com\/wp-content\/uploads\/2024\/09\/18.7ft-concession-trailer-with-porch-kitchen-equipment-720x720.jpg 720w, https:\/\/www.honlufoodtrailer.com\/wp-content\/uploads\/2024\/09\/18.7ft-concession-trailer-with-porch-kitchen-equipment-100x100.jpg 100w\" sizes=\"(max-width: 800px) 100vw, 800px\" \/><\/p>\n<p data-spm-anchor-id=\"a2700.wholesale.0.i28.29e52808agqc7f\">Todos los equipos de cocina son personalizados. Como fabricante y exportador de remolques para alimentos con m\u00e1s de 10 a\u00f1os de experiencia, podemos ayudarle a dise\u00f1ar y fabricar el remolque para alimentos de sus sue\u00f1os. El tama\u00f1o, el color de la carrocer\u00eda, las pegatinas, la se\u00f1alizaci\u00f3n y el equipamiento de cocina del remolque para alimentos pueden personalizarse. No dude en ponerse en contacto con nosotros e ind\u00edquenos sus requisitos detallados.<\/p>\n<h3>M\u00e1s detalles del remolque de concesi\u00f3n de 18,7 pies con porche<\/h3>\n<p>Vea m\u00e1s detalles del porche trasero, los ejes, el ventilador, la barra de remolque, la fuente de alimentaci\u00f3n externa, la luz trasera, etc. Todos ellos est\u00e1n hechos de acuerdo con la norma estadounidense.<\/p>\n<h3 data-spm-anchor-id=\"a2700.wholesale.0.i28.29e52808agqc7f\"><img loading=\"lazy\" decoding=\"async\" class=\"aligncenter size-full wp-image-8329\" src=\"https:\/\/www.honlufoodtrailer.com\/wp-content\/uploads\/2024\/09\/18.7ft-concession-trailer-with-porch-details.jpg\" alt=\"Remolque de concesi\u00f3n de 18,7 pies con detalles de porche\" width=\"800\" height=\"800\" srcset=\"https:\/\/www.honlufoodtrailer.com\/wp-content\/uploads\/2024\/09\/18.7ft-concession-trailer-with-porch-details.jpg 800w, https:\/\/www.honlufoodtrailer.com\/wp-content\/uploads\/2024\/09\/18.7ft-concession-trailer-with-porch-details-768x768.jpg 768w, https:\/\/www.honlufoodtrailer.com\/wp-content\/uploads\/2024\/09\/18.7ft-concession-trailer-with-porch-details-360x360.jpg 360w, https:\/\/www.honlufoodtrailer.com\/wp-content\/uploads\/2024\/09\/18.7ft-concession-trailer-with-porch-details-300x300.jpg 300w, https:\/\/www.honlufoodtrailer.com\/wp-content\/uploads\/2024\/09\/18.7ft-concession-trailer-with-porch-details-720x720.jpg 720w, https:\/\/www.honlufoodtrailer.com\/wp-content\/uploads\/2024\/09\/18.7ft-concession-trailer-with-porch-details-100x100.jpg 100w\" sizes=\"(max-width: 800px) 100vw, 800px\" \/><\/h3>\n<h3 class=\"magic-6\" data-spm-anchor-id=\"a2700.wholesale.0.i28.29e52808agqc7f\">Caracter\u00edsticas principales de este 18.7ft Porche Estilo Concesi\u00f3n Remolque<\/h3>\n<div class=\"magic-7\">\n<div class=\"magic-8\">\n<div class=\"magic-9\" data-id=\"paragraph0\">\n<ol>\n<li>Apariencia de moda, color rojo, que es atractivo;<\/li>\n<li>Est\u00e1 hecho de material de acero inoxidable, duradero y resistente a la corrosi\u00f3n;<\/li>\n<li>Accesorios modernos y avanzados equipados en el remolque de la concesi\u00f3n;<\/li>\n<li>C\u00f3modo y f\u00e1cil de mover;<\/li>\n<li>Cumple la normativa estadounidense;<\/li>\n<\/ol>\n<h3>Dibujo gratuito de planos 2D\/3D<\/h3>\n<p>Una vez confirmadas las dimensiones del remolque de alimentos y el equipamiento interno de la cocina, podemos proporcionarle gratuitamente dibujos en 3D. Esto le dar\u00e1 una idea m\u00e1s clara de su dise\u00f1o y de su carro de comida. Al confirmar la ubicaci\u00f3n del equipo de cocina, podemos comunicarnos claramente con usted a trav\u00e9s del plano de planta. Tambi\u00e9n podemos proporcionarle documentos originales para facilitar su dise\u00f1o y realizar ajustes.<\/p>\n<h3>Vea m\u00e1s de nuestro remolque de concesi\u00f3n con porche<\/h3>\n<h4 class=\"product_title entry-title elementor-heading-title elementor-size-default\">Remolque m\u00f3vil de comida con porche de color azul<\/h4>\n<p><a href=\"https:\/\/www.honlufoodtrailer.com\/es\/producto\/mobile-food-trailer-with-porch\/\"><img loading=\"lazy\" decoding=\"async\" class=\"aligncenter wp-image-4724 size-full\" src=\"https:\/\/www.honlufoodtrailer.com\/wp-content\/uploads\/2022\/04\/Mobile-food-trailer-with-porch-21-8130-7.jpg\" alt=\"Remolque m\u00f3vil para comida con porche\" width=\"720\" height=\"540\" srcset=\"https:\/\/www.honlufoodtrailer.com\/wp-content\/uploads\/2022\/04\/Mobile-food-trailer-with-porch-21-8130-7.jpg 720w, https:\/\/www.honlufoodtrailer.com\/wp-content\/uploads\/2022\/04\/Mobile-food-trailer-with-porch-21-8130-7-480x360.jpg 480w, https:\/\/www.honlufoodtrailer.com\/wp-content\/uploads\/2022\/04\/Mobile-food-trailer-with-porch-21-8130-7-300x225.jpg 300w\" sizes=\"(max-width: 720px) 100vw, 720px\" \/>b<\/a><\/p>\n<h4>Remolque Big Baby BBQ con porche<\/h4>\n<p><a href=\"https:\/\/www.honlufoodtrailer.com\/es\/producto\/bbq-food-trailer-with-porch\/\"><img loading=\"lazy\" decoding=\"async\" class=\"aligncenter wp-image-3399 size-full\" src=\"https:\/\/www.honlufoodtrailer.com\/wp-content\/uploads\/2022\/03\/BBQ-food-trailer-with-porch-1.jpg\" alt=\"Remolque para comida a la barbacoa con porche (1)\" width=\"720\" height=\"540\" srcset=\"https:\/\/www.honlufoodtrailer.com\/wp-content\/uploads\/2022\/03\/BBQ-food-trailer-with-porch-1.jpg 720w, https:\/\/www.honlufoodtrailer.com\/wp-content\/uploads\/2022\/03\/BBQ-food-trailer-with-porch-1-480x360.jpg 480w, https:\/\/www.honlufoodtrailer.com\/wp-content\/uploads\/2022\/03\/BBQ-food-trailer-with-porch-1-300x225.jpg 300w\" sizes=\"(max-width: 720px) 100vw, 720px\" \/><\/a><\/p>\n<\/div>\n<\/div>\n<\/div>","protected":false},"excerpt":{"rendered":"<p>Se trata de una costumbre 5.7M remolque concesi\u00f3n con porche. Est\u00e1 hecho de chapa galvanizada y acero inoxidable. Todo el equipo del interior del remolque de concesi\u00f3n es de acero inoxidable. Personalizamos un gran n\u00famero de equipos de cocina para los clientes, incluyendo freidora de gas, plancha, etc. Este modelo de remolque de comida de porche es el modelo preferido para iniciar el negocio de comida de barbacoa. Puede hacer clic en las siguientes pesta\u00f1as para ver m\u00e1s detalles de este remolque de comida. Podemos fabricar un remolque de comida similar a este, o personalizar uno para usted. El tama\u00f1o, el color de la carrocer\u00eda, las pegatinas, la se\u00f1alizaci\u00f3n y el equipamiento de cocina del remolque pueden personalizarse. No dude en ponerse en contacto con nosotros.<\/p>","protected":false},"featured_media":8328,"template":"","meta":{"_themeisle_gutenberg_block_has_review":false},"product_brand":[],"product_cat":[26],"product_tag":[86,79],"class_list":{"0":"post-8322","1":"product","2":"type-product","3":"status-publish","4":"has-post-thumbnail","6":"product_cat-product","7":"product_tag-18-7ft-food-trailer","8":"product_tag-food-trailer-with-porch","10":"first","11":"instock","12":"featured","13":"shipping-taxable","14":"product-type-simple"},"yoast_head":"<!-- This site is optimized with the Yoast SEO plugin v27.4 - https:\/\/yoast.com\/product\/yoast-seo-wordpress\/ -->\n<title>18.7ft Concession Trailer With Porch From China - Honlu Food Trailer<\/title>\n<meta name=\"description\" content=\"This customized 5.7M concession trailer with porch can make BBQ, fast food, etc. Good quality and reasonable price. See the details now!\" \/>\n<meta name=\"robots\" content=\"index, follow, max-snippet:-1, max-image-preview:large, max-video-preview:-1\" \/>\n<link rel=\"canonical\" href=\"https:\/\/www.honlufoodtrailer.com\/es\/producto\/18-7ft-concession-trailer-with-porch\/\" \/>\n<meta property=\"og:locale\" content=\"es_ES\" \/>\n<meta property=\"og:type\" content=\"article\" \/>\n<meta property=\"og:title\" content=\"18.7ft Concession Trailer With Porch From China - Honlu Food Trailer\" \/>\n<meta property=\"og:description\" content=\"This customized 5.7M concession trailer with porch can make BBQ, fast food, etc. Good quality and reasonable price. See the details now!\" \/>\n<meta property=\"og:url\" content=\"https:\/\/www.honlufoodtrailer.com\/es\/producto\/18-7ft-concession-trailer-with-porch\/\" \/>\n<meta property=\"og:site_name\" content=\"Honlu food trailer\" \/>\n<meta property=\"article:modified_time\" content=\"2025-02-14T05:59:33+00:00\" \/>\n<meta property=\"og:image\" content=\"https:\/\/www.honlufoodtrailer.com\/wp-content\/uploads\/2024\/09\/18.7ft-concession-trailer-with-porch-back-view.jpg\" \/>\n\t<meta property=\"og:image:width\" content=\"720\" \/>\n\t<meta property=\"og:image:height\" content=\"540\" \/>\n\t<meta property=\"og:image:type\" content=\"image\/jpeg\" \/>\n<meta name=\"twitter:card\" content=\"summary_large_image\" \/>\n<meta name=\"twitter:label1\" content=\"Tiempo de lectura\" \/>\n\t<meta name=\"twitter:data1\" content=\"3 minutos\" \/>\n<script type=\"application\/ld+json\" class=\"yoast-schema-graph\">{\"@context\":\"https:\\\/\\\/schema.org\",\"@graph\":[{\"@type\":\"WebPage\",\"@id\":\"https:\\\/\\\/www.honlufoodtrailer.com\\\/product\\\/18-7ft-concession-trailer-with-porch\\\/\",\"url\":\"https:\\\/\\\/www.honlufoodtrailer.com\\\/product\\\/18-7ft-concession-trailer-with-porch\\\/\",\"name\":\"18.7ft Concession Trailer With Porch From China - Honlu Food Trailer\",\"isPartOf\":{\"@id\":\"https:\\\/\\\/www.honlufoodtrailer.com\\\/#website\"},\"primaryImageOfPage\":{\"@id\":\"https:\\\/\\\/www.honlufoodtrailer.com\\\/product\\\/18-7ft-concession-trailer-with-porch\\\/#primaryimage\"},\"image\":{\"@id\":\"https:\\\/\\\/www.honlufoodtrailer.com\\\/product\\\/18-7ft-concession-trailer-with-porch\\\/#primaryimage\"},\"thumbnailUrl\":\"https:\\\/\\\/www.honlufoodtrailer.com\\\/wp-content\\\/uploads\\\/2024\\\/09\\\/18.7ft-concession-trailer-with-porch-back-view.jpg\",\"datePublished\":\"2024-09-11T03:31:26+00:00\",\"dateModified\":\"2025-02-14T05:59:33+00:00\",\"description\":\"This customized 5.7M concession trailer with porch can make BBQ, fast food, etc. Good quality and reasonable price. See the details now!\",\"breadcrumb\":{\"@id\":\"https:\\\/\\\/www.honlufoodtrailer.com\\\/product\\\/18-7ft-concession-trailer-with-porch\\\/#breadcrumb\"},\"inLanguage\":\"es\",\"potentialAction\":[{\"@type\":\"ReadAction\",\"target\":[\"https:\\\/\\\/www.honlufoodtrailer.com\\\/product\\\/18-7ft-concession-trailer-with-porch\\\/\"]}]},{\"@type\":\"ImageObject\",\"inLanguage\":\"es\",\"@id\":\"https:\\\/\\\/www.honlufoodtrailer.com\\\/product\\\/18-7ft-concession-trailer-with-porch\\\/#primaryimage\",\"url\":\"https:\\\/\\\/www.honlufoodtrailer.com\\\/wp-content\\\/uploads\\\/2024\\\/09\\\/18.7ft-concession-trailer-with-porch-back-view.jpg\",\"contentUrl\":\"https:\\\/\\\/www.honlufoodtrailer.com\\\/wp-content\\\/uploads\\\/2024\\\/09\\\/18.7ft-concession-trailer-with-porch-back-view.jpg\",\"width\":720,\"height\":540,\"caption\":\"18.7ft concession trailer with porch back view\"},{\"@type\":\"BreadcrumbList\",\"@id\":\"https:\\\/\\\/www.honlufoodtrailer.com\\\/product\\\/18-7ft-concession-trailer-with-porch\\\/#breadcrumb\",\"itemListElement\":[{\"@type\":\"ListItem\",\"position\":1,\"name\":\"Home\",\"item\":\"https:\\\/\\\/www.honlufoodtrailer.com\\\/\"},{\"@type\":\"ListItem\",\"position\":2,\"name\":\"\u4ea7\u54c1\",\"item\":\"https:\\\/\\\/www.honlufoodtrailer.com\\\/shop\\\/\"},{\"@type\":\"ListItem\",\"position\":3,\"name\":\"18.7ft Concession Trailer With Porch\"}]},{\"@type\":\"WebSite\",\"@id\":\"https:\\\/\\\/www.honlufoodtrailer.com\\\/#website\",\"url\":\"https:\\\/\\\/www.honlufoodtrailer.com\\\/\",\"name\":\"Honlu food trailer\",\"description\":\"\",\"publisher\":{\"@id\":\"https:\\\/\\\/www.honlufoodtrailer.com\\\/#organization\"},\"potentialAction\":[{\"@type\":\"SearchAction\",\"target\":{\"@type\":\"EntryPoint\",\"urlTemplate\":\"https:\\\/\\\/www.honlufoodtrailer.com\\\/?s={search_term_string}\"},\"query-input\":{\"@type\":\"PropertyValueSpecification\",\"valueRequired\":true,\"valueName\":\"search_term_string\"}}],\"inLanguage\":\"es\"},{\"@type\":\"Organization\",\"@id\":\"https:\\\/\\\/www.honlufoodtrailer.com\\\/#organization\",\"name\":\"Honlu food trailer\",\"url\":\"https:\\\/\\\/www.honlufoodtrailer.com\\\/\",\"logo\":{\"@type\":\"ImageObject\",\"inLanguage\":\"es\",\"@id\":\"https:\\\/\\\/www.honlufoodtrailer.com\\\/#\\\/schema\\\/logo\\\/image\\\/\",\"url\":\"https:\\\/\\\/www.honlufoodtrailer.com\\\/wp-content\\\/uploads\\\/2021\\\/12\\\/2.gif\",\"contentUrl\":\"https:\\\/\\\/www.honlufoodtrailer.com\\\/wp-content\\\/uploads\\\/2021\\\/12\\\/2.gif\",\"width\":350,\"height\":100,\"caption\":\"Honlu food trailer\"},\"image\":{\"@id\":\"https:\\\/\\\/www.honlufoodtrailer.com\\\/#\\\/schema\\\/logo\\\/image\\\/\"}}]}<\/script>\n<!-- \/ Yoast SEO plugin. -->","yoast_head_json":{"title":"18.7ft Concesi\u00f3n Remolque Con Porche De China - Honlu Food Trailer","description":"Este remolque de concesi\u00f3n personalizado de 5,7M con porche puede hacer barbacoa, comida r\u00e1pida, etc. Buena calidad y precio razonable. \u00a1Vea los detalles ahora!","robots":{"index":"index","follow":"follow","max-snippet":"max-snippet:-1","max-image-preview":"max-image-preview:large","max-video-preview":"max-video-preview:-1"},"canonical":"https:\/\/www.honlufoodtrailer.com\/es\/producto\/18-7ft-concession-trailer-with-porch\/","og_locale":"es_ES","og_type":"article","og_title":"18.7ft Concession Trailer With Porch From China - Honlu Food Trailer","og_description":"This customized 5.7M concession trailer with porch can make BBQ, fast food, etc. Good quality and reasonable price. See the details now!","og_url":"https:\/\/www.honlufoodtrailer.com\/es\/producto\/18-7ft-concession-trailer-with-porch\/","og_site_name":"Honlu food trailer","article_modified_time":"2025-02-14T05:59:33+00:00","og_image":[{"width":720,"height":540,"url":"https:\/\/www.honlufoodtrailer.com\/wp-content\/uploads\/2024\/09\/18.7ft-concession-trailer-with-porch-back-view.jpg","type":"image\/jpeg"}],"twitter_card":"summary_large_image","twitter_misc":{"Tiempo de lectura":"3 minutos"},"schema":{"@context":"https:\/\/schema.org","@graph":[{"@type":"WebPage","@id":"https:\/\/www.honlufoodtrailer.com\/product\/18-7ft-concession-trailer-with-porch\/","url":"https:\/\/www.honlufoodtrailer.com\/product\/18-7ft-concession-trailer-with-porch\/","name":"18.7ft Concesi\u00f3n Remolque Con Porche De China - Honlu Food Trailer","isPartOf":{"@id":"https:\/\/www.honlufoodtrailer.com\/#website"},"primaryImageOfPage":{"@id":"https:\/\/www.honlufoodtrailer.com\/product\/18-7ft-concession-trailer-with-porch\/#primaryimage"},"image":{"@id":"https:\/\/www.honlufoodtrailer.com\/product\/18-7ft-concession-trailer-with-porch\/#primaryimage"},"thumbnailUrl":"https:\/\/www.honlufoodtrailer.com\/wp-content\/uploads\/2024\/09\/18.7ft-concession-trailer-with-porch-back-view.jpg","datePublished":"2024-09-11T03:31:26+00:00","dateModified":"2025-02-14T05:59:33+00:00","description":"Este remolque de concesi\u00f3n personalizado de 5,7M con porche puede hacer barbacoa, comida r\u00e1pida, etc. Buena calidad y precio razonable. \u00a1Vea los detalles ahora!","breadcrumb":{"@id":"https:\/\/www.honlufoodtrailer.com\/product\/18-7ft-concession-trailer-with-porch\/#breadcrumb"},"inLanguage":"es","potentialAction":[{"@type":"ReadAction","target":["https:\/\/www.honlufoodtrailer.com\/product\/18-7ft-concession-trailer-with-porch\/"]}]},{"@type":"ImageObject","inLanguage":"es","@id":"https:\/\/www.honlufoodtrailer.com\/product\/18-7ft-concession-trailer-with-porch\/#primaryimage","url":"https:\/\/www.honlufoodtrailer.com\/wp-content\/uploads\/2024\/09\/18.7ft-concession-trailer-with-porch-back-view.jpg","contentUrl":"https:\/\/www.honlufoodtrailer.com\/wp-content\/uploads\/2024\/09\/18.7ft-concession-trailer-with-porch-back-view.jpg","width":720,"height":540,"caption":"18.7ft concession trailer with porch back view"},{"@type":"BreadcrumbList","@id":"https:\/\/www.honlufoodtrailer.com\/product\/18-7ft-concession-trailer-with-porch\/#breadcrumb","itemListElement":[{"@type":"ListItem","position":1,"name":"Home","item":"https:\/\/www.honlufoodtrailer.com\/"},{"@type":"ListItem","position":2,"name":"\u4ea7\u54c1","item":"https:\/\/www.honlufoodtrailer.com\/shop\/"},{"@type":"ListItem","position":3,"name":"18.7ft Concession Trailer With Porch"}]},{"@type":"WebSite","@id":"https:\/\/www.honlufoodtrailer.com\/#website","url":"https:\/\/www.honlufoodtrailer.com\/","name":"Remolque de comida Honlu","description":"","publisher":{"@id":"https:\/\/www.honlufoodtrailer.com\/#organization"},"potentialAction":[{"@type":"SearchAction","target":{"@type":"EntryPoint","urlTemplate":"https:\/\/www.honlufoodtrailer.com\/?s={search_term_string}"},"query-input":{"@type":"PropertyValueSpecification","valueRequired":true,"valueName":"search_term_string"}}],"inLanguage":"es"},{"@type":"Organization","@id":"https:\/\/www.honlufoodtrailer.com\/#organization","name":"Remolque de comida Honlu","url":"https:\/\/www.honlufoodtrailer.com\/","logo":{"@type":"ImageObject","inLanguage":"es","@id":"https:\/\/www.honlufoodtrailer.com\/#\/schema\/logo\/image\/","url":"https:\/\/www.honlufoodtrailer.com\/wp-content\/uploads\/2021\/12\/2.gif","contentUrl":"https:\/\/www.honlufoodtrailer.com\/wp-content\/uploads\/2021\/12\/2.gif","width":350,"height":100,"caption":"Honlu food trailer"},"image":{"@id":"https:\/\/www.honlufoodtrailer.com\/#\/schema\/logo\/image\/"}}]}},"_links":{"self":[{"href":"https:\/\/www.honlufoodtrailer.com\/es\/wp-json\/wp\/v2\/product\/8322","targetHints":{"allow":["GET"]}}],"collection":[{"href":"https:\/\/www.honlufoodtrailer.com\/es\/wp-json\/wp\/v2\/product"}],"about":[{"href":"https:\/\/www.honlufoodtrailer.com\/es\/wp-json\/wp\/v2\/types\/product"}],"version-history":[{"count":3,"href":"https:\/\/www.honlufoodtrailer.com\/es\/wp-json\/wp\/v2\/product\/8322\/revisions"}],"predecessor-version":[{"id":8336,"href":"https:\/\/www.honlufoodtrailer.com\/es\/wp-json\/wp\/v2\/product\/8322\/revisions\/8336"}],"wp:featuredmedia":[{"embeddable":true,"href":"https:\/\/www.honlufoodtrailer.com\/es\/wp-json\/wp\/v2\/media\/8328"}],"wp:attachment":[{"href":"https:\/\/www.honlufoodtrailer.com\/es\/wp-json\/wp\/v2\/media?parent=8322"}],"wp:term":[{"taxonomy":"product_brand","embeddable":true,"href":"https:\/\/www.honlufoodtrailer.com\/es\/wp-json\/wp\/v2\/product_brand?post=8322"},{"taxonomy":"product_cat","embeddable":true,"href":"https:\/\/www.honlufoodtrailer.com\/es\/wp-json\/wp\/v2\/product_cat?post=8322"},{"taxonomy":"product_tag","embeddable":true,"href":"https:\/\/www.honlufoodtrailer.com\/es\/wp-json\/wp\/v2\/product_tag?post=8322"}],"curies":[{"name":"wp","href":"https:\/\/api.w.org\/{rel}","templated":true}]}}