{"id":8385,"date":"2024-09-25T18:05:55","date_gmt":"2024-09-25T10:05:55","guid":{"rendered":"https:\/\/www.honlufoodtrailer.com\/?post_type=product&#038;p=8385"},"modified":"2025-02-14T13:57:31","modified_gmt":"2025-02-14T05:57:31","slug":"4m-shipping-container-food-truck","status":"publish","type":"product","link":"https:\/\/www.honlufoodtrailer.com\/es\/product\/4m-shipping-container-food-truck\/","title":{"rendered":"4m Shipping Container Food Truck Francia"},"content":{"rendered":"<p>Innovadores y asequibles, los camiones de comida con contenedores de transporte han arrasado en el sector de la comida ambulante. Estos contenedores personalizables ofrecen una opci\u00f3n vers\u00e1til y rentable para los empresarios que desean aventurarse en el mundo de los camiones de comida. Invertir en un cami\u00f3n de transporte de alimentos tiene muchas ventajas.<\/p>\n<p><img fetchpriority=\"high\" decoding=\"async\" class=\"aligncenter size-full wp-image-8388\" src=\"https:\/\/www.honlufoodtrailer.com\/wp-content\/uploads\/2024\/09\/4m-shipping-container-food-truck-for-sale.jpg\" alt=\"4m contenedor mar\u00edtimo cami\u00f3n de alimentos para la venta\" width=\"720\" height=\"540\" srcset=\"https:\/\/www.honlufoodtrailer.com\/wp-content\/uploads\/2024\/09\/4m-shipping-container-food-truck-for-sale.jpg 720w, https:\/\/www.honlufoodtrailer.com\/wp-content\/uploads\/2024\/09\/4m-shipping-container-food-truck-for-sale-480x360.jpg 480w, https:\/\/www.honlufoodtrailer.com\/wp-content\/uploads\/2024\/09\/4m-shipping-container-food-truck-for-sale-300x225.jpg 300w\" sizes=\"(max-width: 720px) 100vw, 720px\" \/><\/p>\n<p>1. Uso eficiente del espacio:<\/p>\n<p>Una de las principales ventajas de utilizar un contenedor mar\u00edtimo como remolque alimentario es su tama\u00f1o compacto. Con un espacio disponible limitado, estos contenedores lo aprovechan al m\u00e1ximo utilizando cada cent\u00edmetro en todo su potencial. Est\u00e1n dise\u00f1ados con una disposici\u00f3n aerodin\u00e1mica, lo que facilita su manejo y desplazamiento en un evento o festival gastron\u00f3mico de gran afluencia. El espacio interior puede transformarse f\u00e1cilmente en una cocina funcional, con todo el equipamiento necesario y almacenamiento para alimentos y suministros.<\/p>\n<p><img decoding=\"async\" class=\"aligncenter size-full wp-image-8389\" src=\"https:\/\/www.honlufoodtrailer.com\/wp-content\/uploads\/2024\/09\/4m-shipping-container-food-truck-front-view.jpg\" alt=\"contenedor de 4 m vista frontal\" width=\"720\" height=\"540\" srcset=\"https:\/\/www.honlufoodtrailer.com\/wp-content\/uploads\/2024\/09\/4m-shipping-container-food-truck-front-view.jpg 720w, https:\/\/www.honlufoodtrailer.com\/wp-content\/uploads\/2024\/09\/4m-shipping-container-food-truck-front-view-480x360.jpg 480w, https:\/\/www.honlufoodtrailer.com\/wp-content\/uploads\/2024\/09\/4m-shipping-container-food-truck-front-view-300x225.jpg 300w\" sizes=\"(max-width: 720px) 100vw, 720px\" \/><\/p>\n<p>2. Durabilidad y movilidad:<\/p>\n<p>Construidos para soportar condiciones clim\u00e1ticas adversas, los contenedores de transporte est\u00e1n fabricados en acero, lo que los convierte en una opci\u00f3n duradera para las empresas alimentarias m\u00f3viles. Tambi\u00e9n est\u00e1n equipados con cerraduras de seguridad, que protegen contra robos. Adem\u00e1s, estos contenedores est\u00e1n dise\u00f1ados para facilitar su transporte, con ruedas incorporadas y ejes resistentes, lo que permite trasladarlos de un lugar a otro con facilidad.<\/p>\n<p><img decoding=\"async\" class=\"aligncenter size-full wp-image-8393\" src=\"https:\/\/www.honlufoodtrailer.com\/wp-content\/uploads\/2024\/09\/4m-shipping-container-food-truck.jpg\" alt=\"Contenedor mar\u00edtimo de 4 metros\" width=\"720\" height=\"540\" srcset=\"https:\/\/www.honlufoodtrailer.com\/wp-content\/uploads\/2024\/09\/4m-shipping-container-food-truck.jpg 720w, https:\/\/www.honlufoodtrailer.com\/wp-content\/uploads\/2024\/09\/4m-shipping-container-food-truck-480x360.jpg 480w, https:\/\/www.honlufoodtrailer.com\/wp-content\/uploads\/2024\/09\/4m-shipping-container-food-truck-300x225.jpg 300w\" sizes=\"(max-width: 720px) 100vw, 720px\" \/><\/p>\n<p>3. Versatilidad en el dise\u00f1o:<\/p>\n<p>Los remolques de transporte de alimentos ofrecen flexibilidad en el dise\u00f1o, lo que permite a los empresarios crear un aspecto \u00fanico y atractivo para su negocio. Pueden pintarse con colores vivos, tener gr\u00e1ficos y logotipos personalizados e incluso a\u00f1adir una cubierta para sentarse al aire libre. Esta versatilidad en el dise\u00f1o ofrece a los propietarios de remolques alimentarios la oportunidad de destacar y crear una experiencia memorable para sus clientes.<\/p>\n<p><img loading=\"lazy\" decoding=\"async\" class=\"aligncenter size-full wp-image-8394\" src=\"https:\/\/www.honlufoodtrailer.com\/wp-content\/uploads\/2024\/09\/4m-storage-container-food-truck.jpg\" alt=\"contenedor de almacenamiento de 4 m food truck\" width=\"720\" height=\"540\" srcset=\"https:\/\/www.honlufoodtrailer.com\/wp-content\/uploads\/2024\/09\/4m-storage-container-food-truck.jpg 720w, https:\/\/www.honlufoodtrailer.com\/wp-content\/uploads\/2024\/09\/4m-storage-container-food-truck-480x360.jpg 480w, https:\/\/www.honlufoodtrailer.com\/wp-content\/uploads\/2024\/09\/4m-storage-container-food-truck-300x225.jpg 300w\" sizes=\"(max-width: 720px) 100vw, 720px\" \/><\/p>\n<p>4. Opci\u00f3n rentable:<\/p>\n<p>En comparaci\u00f3n con los camiones o remolques tradicionales, los contenedores mar\u00edtimos son una opci\u00f3n mucho m\u00e1s rentable. La inversi\u00f3n inicial en la compra de un contenedor de transporte es considerablemente menor que la compra de un cami\u00f3n de alimentos totalmente equipado. Adem\u00e1s, el dise\u00f1o robusto y duradero del contenedor reduce la necesidad de reparaciones y mantenimiento constantes, ahorrando dinero a los empresarios a largo plazo.<\/p>\n<p><img loading=\"lazy\" decoding=\"async\" class=\"aligncenter size-full wp-image-7326\" src=\"https:\/\/www.honlufoodtrailer.com\/wp-content\/uploads\/2024\/03\/18.7ft-shipping-container-food-trailer.jpg\" alt=\"18.7ft contenedor de transporte de alimentos remolque\" width=\"720\" height=\"540\" \/><\/p>\n<p>&nbsp;<\/p>\n<h3>M\u00e1s informaci\u00f3n sobre este contenedor mar\u00edtimo Food Truck Francia<\/h3>\n<p>De acuerdo con los requisitos de nuestros clientes, ya hemos equipado este remolque contenedor de concesi\u00f3n de alimentos con equipamiento b\u00e1sico como fregaderos y mesa de trabajo.<\/p>\n<p><img loading=\"lazy\" decoding=\"async\" class=\"aligncenter size-full wp-image-8392\" src=\"https:\/\/www.honlufoodtrailer.com\/wp-content\/uploads\/2024\/09\/4m-shipping-container-food-truck-more-details.jpg\" alt=\"4m shipping container food truck m\u00e1s detalles\" width=\"800\" height=\"800\" srcset=\"https:\/\/www.honlufoodtrailer.com\/wp-content\/uploads\/2024\/09\/4m-shipping-container-food-truck-more-details.jpg 800w, https:\/\/www.honlufoodtrailer.com\/wp-content\/uploads\/2024\/09\/4m-shipping-container-food-truck-more-details-768x768.jpg 768w, https:\/\/www.honlufoodtrailer.com\/wp-content\/uploads\/2024\/09\/4m-shipping-container-food-truck-more-details-360x360.jpg 360w, https:\/\/www.honlufoodtrailer.com\/wp-content\/uploads\/2024\/09\/4m-shipping-container-food-truck-more-details-300x300.jpg 300w, https:\/\/www.honlufoodtrailer.com\/wp-content\/uploads\/2024\/09\/4m-shipping-container-food-truck-more-details-720x720.jpg 720w, https:\/\/www.honlufoodtrailer.com\/wp-content\/uploads\/2024\/09\/4m-shipping-container-food-truck-more-details-100x100.jpg 100w\" sizes=\"(max-width: 800px) 100vw, 800px\" \/><\/p>\n<h3>Detalles internos de nuestro contenedor mar\u00edtimo Food Truck Francia<\/h3>\n<p>Vea los detalles de este cami\u00f3n de comida. Este food truck de 4 m fabricado a partir de un contenedor de transporte es est\u00e1ndar. Como podemos ver en las fotos de abajo, hay principalmente dos fregaderos, dos tanques de agua, un grifo de agua caliente y fria, un banco de trabajo, e interruptores.<\/p>\n<p><img loading=\"lazy\" decoding=\"async\" class=\"aligncenter size-full wp-image-8391\" src=\"https:\/\/www.honlufoodtrailer.com\/wp-content\/uploads\/2024\/09\/4m-shipping-container-food-truck-inner-view.jpg\" alt=\"Vista interior de un contenedor de alimentos de 4 m\" width=\"720\" height=\"540\" srcset=\"https:\/\/www.honlufoodtrailer.com\/wp-content\/uploads\/2024\/09\/4m-shipping-container-food-truck-inner-view.jpg 720w, https:\/\/www.honlufoodtrailer.com\/wp-content\/uploads\/2024\/09\/4m-shipping-container-food-truck-inner-view-480x360.jpg 480w, https:\/\/www.honlufoodtrailer.com\/wp-content\/uploads\/2024\/09\/4m-shipping-container-food-truck-inner-view-300x225.jpg 300w\" sizes=\"(max-width: 720px) 100vw, 720px\" \/> <img loading=\"lazy\" decoding=\"async\" class=\"aligncenter size-full wp-image-8390\" src=\"https:\/\/www.honlufoodtrailer.com\/wp-content\/uploads\/2024\/09\/4m-shipping-container-food-truck-inner-details.jpg\" alt=\"4m contenedor de transporte de alimentos cami\u00f3n detalles internos\" width=\"800\" height=\"800\" srcset=\"https:\/\/www.honlufoodtrailer.com\/wp-content\/uploads\/2024\/09\/4m-shipping-container-food-truck-inner-details.jpg 800w, https:\/\/www.honlufoodtrailer.com\/wp-content\/uploads\/2024\/09\/4m-shipping-container-food-truck-inner-details-768x768.jpg 768w, https:\/\/www.honlufoodtrailer.com\/wp-content\/uploads\/2024\/09\/4m-shipping-container-food-truck-inner-details-360x360.jpg 360w, https:\/\/www.honlufoodtrailer.com\/wp-content\/uploads\/2024\/09\/4m-shipping-container-food-truck-inner-details-300x300.jpg 300w, https:\/\/www.honlufoodtrailer.com\/wp-content\/uploads\/2024\/09\/4m-shipping-container-food-truck-inner-details-720x720.jpg 720w, https:\/\/www.honlufoodtrailer.com\/wp-content\/uploads\/2024\/09\/4m-shipping-container-food-truck-inner-details-100x100.jpg 100w\" sizes=\"(max-width: 800px) 100vw, 800px\" \/><\/p>\n<p>Los remolques de comida tambi\u00e9n pueden llamarse carros de comida, furgonetas de comida, camiones de comida, etc. Puede utilizarse para vender comida r\u00e1pida, aperitivos, peri\u00f3dicos, libros, etc. Consta de chasis, carrocer\u00eda, suelo, mesa de trabajo, sistema de agua y sistema el\u00e9ctrico. Los usuarios tambi\u00e9n pueden elegir el color que deseen. Nos gustaria comprar otros tipos de equipos si los clientes lo desean.<\/p>\n<p><b class=\"magic-22\"><span class=\"magic-11\">Caracter\u00edsticas principales del cami\u00f3n de comida en contenedor personalizado<\/b>Francia<\/p>\n<div class=\"magic-2\">\n<div class=\"magic-3\">\n<div class=\"magic-4\">\n<p class=\"magic-5\" data-spm-anchor-id=\"a2700.details.0.i22.54e5117dtl16iL\"><span style=\"font-family: Tahoma;\">1<span class=\"magic-12\" data-spm-anchor-id=\"a2700.details.0.i21.54e5117dtl16iL\">. Bajo coste y respetuoso con el medio ambiente, sin humos ni ruidos, f\u00e1cil de trasladar a cualquier lugar.<\/span><\/span><\/p>\n<p>2. Se puede utilizar durante muchos a\u00f1os y no va a construir basura, y que es muchos trajes para la vida moderna.<\/p>\n<p>3. Es conveniente y simple para la carga y el transporte porque el dise\u00f1o es \u00fanico e individual.<\/p>\n<p>4. El material principal es acero inoxidable, y la plataforma plana (mesa) no se oxida.<\/p>\n<p>5. Tiene resistencia al calor, y la fuerza es alta, alta solidez del color, sin deformaci\u00f3n, resistente al agua, y larga vida \u00fatil.<\/p>\n<p><img loading=\"lazy\" decoding=\"async\" class=\"aligncenter size-full wp-image-7327\" src=\"https:\/\/www.honlufoodtrailer.com\/wp-content\/uploads\/2024\/03\/container-food-trailer-for-sale.jpg\" alt=\"remolque contenedor de alimentos para la venta\" width=\"720\" height=\"540\" \/><\/p>\n<\/div>\n<\/div>\n<\/div>\n<h3><b class=\"magic-22\"><span class=\"magic-11\">Ventaja principal:<\/span><\/b><\/h3>\n<p><span class=\"magic-12\">1. Econ\u00f3mico y ecol\u00f3gico;<br \/>\n2. 2. F\u00e1cil de trasladar a cualquier lugar (su negocio no est\u00e1 limitado);<br \/>\n3. Forma \u00fanica (invisible para atraer a m\u00e1s clientes);<br \/>\n4. Larga vida \u00fatil (resistente a la corrosi\u00f3n, resistente al calor, impermeable, no se deforma).<\/span><\/p>\n<p>La creciente popularidad de los remolques alimentarios ha allanado el camino a opciones innovadoras y \u00fanicas como los remolques alimentarios de contenedores mar\u00edtimos. Gracias a su uso eficiente del espacio, durabilidad, versatilidad de dise\u00f1o y rentabilidad, estos contenedores se han convertido en la mejor opci\u00f3n para los empresarios que quieren entrar en el sector de la comida ambulante. Ya sea para un festival gastron\u00f3mico, eventos privados o una ubicaci\u00f3n permanente, un remolque de comida con contenedor mar\u00edtimo es una forma inteligente y pr\u00e1ctica de llevar su negocio a todas partes. \u00bfA qu\u00e9 espera? Invierta en un contenedor mar\u00edtimo para remolques de comida y comience hoy mismo su viaje hacia un exitoso negocio de camiones de comida.<\/p>","protected":false},"excerpt":{"rendered":"<p>Este es uno de nuestro remolque de alimentos contenedor de env\u00edo de 4m hecho a medida para la venta. Lo hemos personalizado para un cliente de Francia. En general, es el modelo preferido por muchos clientes para iniciar un negocio de remolque de comida m\u00f3vil. <strong>Haga clic en las siguientes pesta\u00f1as para ver m\u00e1s detalles de este remolque de alimentos<\/strong>. Podemos fabricar un remolque contenedor de alimentos similar a este, o personalizar uno para usted. P\u00f3ngase en contacto con nosotros e ind\u00edquenos sus requisitos detallados. No dude en ponerse en contacto con nosotros.<\/p>","protected":false},"featured_media":8395,"template":"","meta":{"_themeisle_gutenberg_block_has_review":false},"product_brand":[],"product_cat":[26],"product_tag":[82,71,70],"class_list":{"0":"post-8385","1":"product","2":"type-product","3":"status-publish","4":"has-post-thumbnail","6":"product_cat-product","7":"product_tag-13ft-food-trailer","8":"product_tag-container-trailer","9":"product_tag-france","11":"first","12":"instock","13":"featured","14":"shipping-taxable","15":"product-type-simple"},"yoast_head":"<!-- This site is optimized with the Yoast SEO plugin v27.4 - https:\/\/yoast.com\/product\/yoast-seo-wordpress\/ -->\n<title>4m Shipping Container Food Truck from China - Honlu Food Trailer<\/title>\n<meta name=\"description\" content=\"4m food truck made from shipping container, high quality with certificates, China factory price, get a quote now!\" \/>\n<meta name=\"robots\" content=\"index, follow, max-snippet:-1, max-image-preview:large, max-video-preview:-1\" \/>\n<link rel=\"canonical\" href=\"https:\/\/www.honlufoodtrailer.com\/es\/producto\/4m-shipping-container-food-truck\/\" \/>\n<meta property=\"og:locale\" content=\"es_ES\" \/>\n<meta property=\"og:type\" content=\"article\" \/>\n<meta property=\"og:title\" content=\"4m Shipping Container Food Truck from China - Honlu Food Trailer\" \/>\n<meta property=\"og:description\" content=\"4m food truck made from shipping container, high quality with certificates, China factory price, get a quote now!\" \/>\n<meta property=\"og:url\" content=\"https:\/\/www.honlufoodtrailer.com\/es\/producto\/4m-shipping-container-food-truck\/\" \/>\n<meta property=\"og:site_name\" content=\"Honlu food trailer\" \/>\n<meta property=\"article:modified_time\" content=\"2025-02-14T05:57:31+00:00\" \/>\n<meta property=\"og:image\" content=\"https:\/\/www.honlufoodtrailer.com\/wp-content\/uploads\/2024\/09\/food-truck-shipping-container.jpg\" \/>\n\t<meta property=\"og:image:width\" content=\"720\" \/>\n\t<meta property=\"og:image:height\" content=\"540\" \/>\n\t<meta property=\"og:image:type\" content=\"image\/jpeg\" \/>\n<meta name=\"twitter:card\" content=\"summary_large_image\" \/>\n<meta name=\"twitter:label1\" content=\"Tiempo de lectura\" \/>\n\t<meta name=\"twitter:data1\" content=\"1 minuto\" \/>\n<script type=\"application\/ld+json\" class=\"yoast-schema-graph\">{\"@context\":\"https:\\\/\\\/schema.org\",\"@graph\":[{\"@type\":\"WebPage\",\"@id\":\"https:\\\/\\\/www.honlufoodtrailer.com\\\/product\\\/4m-shipping-container-food-truck\\\/\",\"url\":\"https:\\\/\\\/www.honlufoodtrailer.com\\\/product\\\/4m-shipping-container-food-truck\\\/\",\"name\":\"4m Shipping Container Food Truck from China - Honlu Food Trailer\",\"isPartOf\":{\"@id\":\"https:\\\/\\\/www.honlufoodtrailer.com\\\/#website\"},\"primaryImageOfPage\":{\"@id\":\"https:\\\/\\\/www.honlufoodtrailer.com\\\/product\\\/4m-shipping-container-food-truck\\\/#primaryimage\"},\"image\":{\"@id\":\"https:\\\/\\\/www.honlufoodtrailer.com\\\/product\\\/4m-shipping-container-food-truck\\\/#primaryimage\"},\"thumbnailUrl\":\"https:\\\/\\\/www.honlufoodtrailer.com\\\/wp-content\\\/uploads\\\/2024\\\/09\\\/food-truck-shipping-container.jpg\",\"datePublished\":\"2024-09-25T10:05:55+00:00\",\"dateModified\":\"2025-02-14T05:57:31+00:00\",\"description\":\"4m food truck made from shipping container, high quality with certificates, China factory price, get a quote now!\",\"breadcrumb\":{\"@id\":\"https:\\\/\\\/www.honlufoodtrailer.com\\\/product\\\/4m-shipping-container-food-truck\\\/#breadcrumb\"},\"inLanguage\":\"es\",\"potentialAction\":[{\"@type\":\"ReadAction\",\"target\":[\"https:\\\/\\\/www.honlufoodtrailer.com\\\/product\\\/4m-shipping-container-food-truck\\\/\"]}]},{\"@type\":\"ImageObject\",\"inLanguage\":\"es\",\"@id\":\"https:\\\/\\\/www.honlufoodtrailer.com\\\/product\\\/4m-shipping-container-food-truck\\\/#primaryimage\",\"url\":\"https:\\\/\\\/www.honlufoodtrailer.com\\\/wp-content\\\/uploads\\\/2024\\\/09\\\/food-truck-shipping-container.jpg\",\"contentUrl\":\"https:\\\/\\\/www.honlufoodtrailer.com\\\/wp-content\\\/uploads\\\/2024\\\/09\\\/food-truck-shipping-container.jpg\",\"width\":720,\"height\":540,\"caption\":\"4m container trailer\"},{\"@type\":\"BreadcrumbList\",\"@id\":\"https:\\\/\\\/www.honlufoodtrailer.com\\\/product\\\/4m-shipping-container-food-truck\\\/#breadcrumb\",\"itemListElement\":[{\"@type\":\"ListItem\",\"position\":1,\"name\":\"Home\",\"item\":\"https:\\\/\\\/www.honlufoodtrailer.com\\\/\"},{\"@type\":\"ListItem\",\"position\":2,\"name\":\"\u4ea7\u54c1\",\"item\":\"https:\\\/\\\/www.honlufoodtrailer.com\\\/shop\\\/\"},{\"@type\":\"ListItem\",\"position\":3,\"name\":\"4m Shipping Container Food Truck France\"}]},{\"@type\":\"WebSite\",\"@id\":\"https:\\\/\\\/www.honlufoodtrailer.com\\\/#website\",\"url\":\"https:\\\/\\\/www.honlufoodtrailer.com\\\/\",\"name\":\"Honlu food trailer\",\"description\":\"\",\"publisher\":{\"@id\":\"https:\\\/\\\/www.honlufoodtrailer.com\\\/#organization\"},\"potentialAction\":[{\"@type\":\"SearchAction\",\"target\":{\"@type\":\"EntryPoint\",\"urlTemplate\":\"https:\\\/\\\/www.honlufoodtrailer.com\\\/?s={search_term_string}\"},\"query-input\":{\"@type\":\"PropertyValueSpecification\",\"valueRequired\":true,\"valueName\":\"search_term_string\"}}],\"inLanguage\":\"es\"},{\"@type\":\"Organization\",\"@id\":\"https:\\\/\\\/www.honlufoodtrailer.com\\\/#organization\",\"name\":\"Honlu food trailer\",\"url\":\"https:\\\/\\\/www.honlufoodtrailer.com\\\/\",\"logo\":{\"@type\":\"ImageObject\",\"inLanguage\":\"es\",\"@id\":\"https:\\\/\\\/www.honlufoodtrailer.com\\\/#\\\/schema\\\/logo\\\/image\\\/\",\"url\":\"https:\\\/\\\/www.honlufoodtrailer.com\\\/wp-content\\\/uploads\\\/2021\\\/12\\\/2.gif\",\"contentUrl\":\"https:\\\/\\\/www.honlufoodtrailer.com\\\/wp-content\\\/uploads\\\/2021\\\/12\\\/2.gif\",\"width\":350,\"height\":100,\"caption\":\"Honlu food trailer\"},\"image\":{\"@id\":\"https:\\\/\\\/www.honlufoodtrailer.com\\\/#\\\/schema\\\/logo\\\/image\\\/\"}}]}<\/script>\n<!-- \/ Yoast SEO plugin. -->","yoast_head_json":{"title":"4m contenedor de transporte de camiones de alimentos de China - Honlu Food Trailer","description":"\u00a14m cami\u00f3n de alimentos a partir de contenedores de transporte, de alta calidad con certificados, China precio de f\u00e1brica, obtener una cotizaci\u00f3n ahora!","robots":{"index":"index","follow":"follow","max-snippet":"max-snippet:-1","max-image-preview":"max-image-preview:large","max-video-preview":"max-video-preview:-1"},"canonical":"https:\/\/www.honlufoodtrailer.com\/es\/producto\/4m-shipping-container-food-truck\/","og_locale":"es_ES","og_type":"article","og_title":"4m Shipping Container Food Truck from China - Honlu Food Trailer","og_description":"4m food truck made from shipping container, high quality with certificates, China factory price, get a quote now!","og_url":"https:\/\/www.honlufoodtrailer.com\/es\/producto\/4m-shipping-container-food-truck\/","og_site_name":"Honlu food trailer","article_modified_time":"2025-02-14T05:57:31+00:00","og_image":[{"width":720,"height":540,"url":"https:\/\/www.honlufoodtrailer.com\/wp-content\/uploads\/2024\/09\/food-truck-shipping-container.jpg","type":"image\/jpeg"}],"twitter_card":"summary_large_image","twitter_misc":{"Tiempo de lectura":"1 minuto"},"schema":{"@context":"https:\/\/schema.org","@graph":[{"@type":"WebPage","@id":"https:\/\/www.honlufoodtrailer.com\/product\/4m-shipping-container-food-truck\/","url":"https:\/\/www.honlufoodtrailer.com\/product\/4m-shipping-container-food-truck\/","name":"4m contenedor de transporte de camiones de alimentos de China - Honlu Food Trailer","isPartOf":{"@id":"https:\/\/www.honlufoodtrailer.com\/#website"},"primaryImageOfPage":{"@id":"https:\/\/www.honlufoodtrailer.com\/product\/4m-shipping-container-food-truck\/#primaryimage"},"image":{"@id":"https:\/\/www.honlufoodtrailer.com\/product\/4m-shipping-container-food-truck\/#primaryimage"},"thumbnailUrl":"https:\/\/www.honlufoodtrailer.com\/wp-content\/uploads\/2024\/09\/food-truck-shipping-container.jpg","datePublished":"2024-09-25T10:05:55+00:00","dateModified":"2025-02-14T05:57:31+00:00","description":"\u00a14m cami\u00f3n de alimentos a partir de contenedores de transporte, de alta calidad con certificados, China precio de f\u00e1brica, obtener una cotizaci\u00f3n ahora!","breadcrumb":{"@id":"https:\/\/www.honlufoodtrailer.com\/product\/4m-shipping-container-food-truck\/#breadcrumb"},"inLanguage":"es","potentialAction":[{"@type":"ReadAction","target":["https:\/\/www.honlufoodtrailer.com\/product\/4m-shipping-container-food-truck\/"]}]},{"@type":"ImageObject","inLanguage":"es","@id":"https:\/\/www.honlufoodtrailer.com\/product\/4m-shipping-container-food-truck\/#primaryimage","url":"https:\/\/www.honlufoodtrailer.com\/wp-content\/uploads\/2024\/09\/food-truck-shipping-container.jpg","contentUrl":"https:\/\/www.honlufoodtrailer.com\/wp-content\/uploads\/2024\/09\/food-truck-shipping-container.jpg","width":720,"height":540,"caption":"4m container trailer"},{"@type":"BreadcrumbList","@id":"https:\/\/www.honlufoodtrailer.com\/product\/4m-shipping-container-food-truck\/#breadcrumb","itemListElement":[{"@type":"ListItem","position":1,"name":"Home","item":"https:\/\/www.honlufoodtrailer.com\/"},{"@type":"ListItem","position":2,"name":"\u4ea7\u54c1","item":"https:\/\/www.honlufoodtrailer.com\/shop\/"},{"@type":"ListItem","position":3,"name":"4m Shipping Container Food Truck France"}]},{"@type":"WebSite","@id":"https:\/\/www.honlufoodtrailer.com\/#website","url":"https:\/\/www.honlufoodtrailer.com\/","name":"Remolque de comida Honlu","description":"","publisher":{"@id":"https:\/\/www.honlufoodtrailer.com\/#organization"},"potentialAction":[{"@type":"SearchAction","target":{"@type":"EntryPoint","urlTemplate":"https:\/\/www.honlufoodtrailer.com\/?s={search_term_string}"},"query-input":{"@type":"PropertyValueSpecification","valueRequired":true,"valueName":"search_term_string"}}],"inLanguage":"es"},{"@type":"Organization","@id":"https:\/\/www.honlufoodtrailer.com\/#organization","name":"Remolque de comida Honlu","url":"https:\/\/www.honlufoodtrailer.com\/","logo":{"@type":"ImageObject","inLanguage":"es","@id":"https:\/\/www.honlufoodtrailer.com\/#\/schema\/logo\/image\/","url":"https:\/\/www.honlufoodtrailer.com\/wp-content\/uploads\/2021\/12\/2.gif","contentUrl":"https:\/\/www.honlufoodtrailer.com\/wp-content\/uploads\/2021\/12\/2.gif","width":350,"height":100,"caption":"Honlu food trailer"},"image":{"@id":"https:\/\/www.honlufoodtrailer.com\/#\/schema\/logo\/image\/"}}]}},"_links":{"self":[{"href":"https:\/\/www.honlufoodtrailer.com\/es\/wp-json\/wp\/v2\/product\/8385","targetHints":{"allow":["GET"]}}],"collection":[{"href":"https:\/\/www.honlufoodtrailer.com\/es\/wp-json\/wp\/v2\/product"}],"about":[{"href":"https:\/\/www.honlufoodtrailer.com\/es\/wp-json\/wp\/v2\/types\/product"}],"version-history":[{"count":4,"href":"https:\/\/www.honlufoodtrailer.com\/es\/wp-json\/wp\/v2\/product\/8385\/revisions"}],"predecessor-version":[{"id":9224,"href":"https:\/\/www.honlufoodtrailer.com\/es\/wp-json\/wp\/v2\/product\/8385\/revisions\/9224"}],"wp:featuredmedia":[{"embeddable":true,"href":"https:\/\/www.honlufoodtrailer.com\/es\/wp-json\/wp\/v2\/media\/8395"}],"wp:attachment":[{"href":"https:\/\/www.honlufoodtrailer.com\/es\/wp-json\/wp\/v2\/media?parent=8385"}],"wp:term":[{"taxonomy":"product_brand","embeddable":true,"href":"https:\/\/www.honlufoodtrailer.com\/es\/wp-json\/wp\/v2\/product_brand?post=8385"},{"taxonomy":"product_cat","embeddable":true,"href":"https:\/\/www.honlufoodtrailer.com\/es\/wp-json\/wp\/v2\/product_cat?post=8385"},{"taxonomy":"product_tag","embeddable":true,"href":"https:\/\/www.honlufoodtrailer.com\/es\/wp-json\/wp\/v2\/product_tag?post=8385"}],"curies":[{"name":"wp","href":"https:\/\/api.w.org\/{rel}","templated":true}]}}