{"id":8600,"date":"2024-10-16T18:30:13","date_gmt":"2024-10-16T10:30:13","guid":{"rendered":"https:\/\/www.honlufoodtrailer.com\/?post_type=product&#038;p=8600"},"modified":"2025-02-14T13:56:42","modified_gmt":"2025-02-14T05:56:42","slug":"18ft-us-standard-mobile-burger-truck","status":"publish","type":"product","link":"https:\/\/www.honlufoodtrailer.com\/es\/product\/18ft-us-standard-mobile-burger-truck\/","title":{"rendered":"18ft Us Standard Cami\u00f3n M\u00f3vil de Hamburguesas"},"content":{"rendered":"<p>\u00bfEst\u00e1 buscando un cami\u00f3n de hamburguesas m\u00f3vil para la venta? Vea este cami\u00f3n de hamburguesas de 18 pies que hemos fabricado para uno de nuestros clientes. Como puede ver, este cami\u00f3n m\u00f3vil de hamburguesas tiene un bonito dise\u00f1o. Es seguro que este cami\u00f3n de hamburguesas sorprender\u00e1 a la multitud por la noche. Ahora, vamos a ver este cami\u00f3n de hamburguesas en detalle. Primero, veamos algunas fotos.<\/p>\n<p><img fetchpriority=\"high\" decoding=\"async\" class=\"aligncenter size-full wp-image-8634\" src=\"https:\/\/www.honlufoodtrailer.com\/wp-content\/uploads\/2024\/10\/18ft-mobile-burger-truck.jpg\" alt=\"cami\u00f3n m\u00f3vil de hamburguesas de 18 pies\" width=\"720\" height=\"540\" srcset=\"https:\/\/www.honlufoodtrailer.com\/wp-content\/uploads\/2024\/10\/18ft-mobile-burger-truck.jpg 720w, https:\/\/www.honlufoodtrailer.com\/wp-content\/uploads\/2024\/10\/18ft-mobile-burger-truck-480x360.jpg 480w, https:\/\/www.honlufoodtrailer.com\/wp-content\/uploads\/2024\/10\/18ft-mobile-burger-truck-300x225.jpg 300w\" sizes=\"(max-width: 720px) 100vw, 720px\" \/>En las im\u00e1genes podemos ver que hay dos ventanas personalizadas en la parte delantera del cami\u00f3n m\u00f3vil de hamburguesas. Eso ser\u00e1 muy c\u00f3modo para que los comensales pidan y recojan sus comidas. Personalizamos pegatinas alrededor de la carrocer\u00eda del remolque de comida seg\u00fan las preferencias del cliente. Como este remolque mide 5,5 metros de largo, le hicimos un eje doble que es m\u00e1s estable y duradero.<\/p>\n<p><img decoding=\"async\" class=\"aligncenter size-full wp-image-8608\" src=\"https:\/\/www.honlufoodtrailer.com\/wp-content\/uploads\/2024\/10\/18ft-mobile-burger-truck-front-view.jpg\" alt=\"18ft m\u00f3vil hamburguesa cami\u00f3n vista frontal\" width=\"720\" height=\"540\" srcset=\"https:\/\/www.honlufoodtrailer.com\/wp-content\/uploads\/2024\/10\/18ft-mobile-burger-truck-front-view.jpg 720w, https:\/\/www.honlufoodtrailer.com\/wp-content\/uploads\/2024\/10\/18ft-mobile-burger-truck-front-view-480x360.jpg 480w, https:\/\/www.honlufoodtrailer.com\/wp-content\/uploads\/2024\/10\/18ft-mobile-burger-truck-front-view-300x225.jpg 300w\" sizes=\"(max-width: 720px) 100vw, 720px\" \/><\/p>\n<p>En la parte superior del remolque de alimentos, personalizamos el r\u00f3tulo luminoso seg\u00fan las necesidades del cliente. En la parte inferior de la carrocer\u00eda del remolque, fabricamos una tira luminosa que envuelve el remolque seg\u00fan las necesidades del cliente. Eso har\u00e1 que el remolque sea muy atractivo por la noche. En el interior del cami\u00f3n de comida, hemos instalado equipos de cocina y luces seg\u00fan las necesidades del cliente. A continuaci\u00f3n, veamos los detalles interiores de este cami\u00f3n de comida.<\/p>\n<h3>Detalles internos de este cami\u00f3n m\u00f3vil de hamburguesas de 18 pies<\/h3>\n<p>Vea m\u00e1s detalles de este cami\u00f3n de hamburguesas. Como se puede ver en las fotos de abajo, hemos equipado este remolque de hamburguesas con equipo b\u00e1sico de cocina como banco de trabajo, fregaderos, estufa de gas, m\u00e1quina de barbacoa, plancha, y campana extractora, etc. Todos estos equipos de cocina cumplen con la norma de EE.UU. de acuerdo con los requisitos del cliente. \u00bfNecesita otros equipos de cocina? <a href=\"https:\/\/www.honlufoodtrailer.com\/es\/producto\/\" target=\"_blank\" rel=\"noopener\">equipos auxiliares<\/a> aqu\u00ed.<br \/>\n<img decoding=\"async\" class=\"aligncenter size-full wp-image-8632\" src=\"https:\/\/www.honlufoodtrailer.com\/wp-content\/uploads\/2024\/10\/18ft-mobile-burger-truck-inner-details.jpg\" alt=\"18ft cami\u00f3n m\u00f3vil hamburguesa detalles internos\" width=\"800\" height=\"800\" srcset=\"https:\/\/www.honlufoodtrailer.com\/wp-content\/uploads\/2024\/10\/18ft-mobile-burger-truck-inner-details.jpg 800w, https:\/\/www.honlufoodtrailer.com\/wp-content\/uploads\/2024\/10\/18ft-mobile-burger-truck-inner-details-768x768.jpg 768w, https:\/\/www.honlufoodtrailer.com\/wp-content\/uploads\/2024\/10\/18ft-mobile-burger-truck-inner-details-360x360.jpg 360w, https:\/\/www.honlufoodtrailer.com\/wp-content\/uploads\/2024\/10\/18ft-mobile-burger-truck-inner-details-300x300.jpg 300w, https:\/\/www.honlufoodtrailer.com\/wp-content\/uploads\/2024\/10\/18ft-mobile-burger-truck-inner-details-720x720.jpg 720w, https:\/\/www.honlufoodtrailer.com\/wp-content\/uploads\/2024\/10\/18ft-mobile-burger-truck-inner-details-100x100.jpg 100w\" sizes=\"(max-width: 800px) 100vw, 800px\" \/><\/p>\n<p><img loading=\"lazy\" decoding=\"async\" class=\"aligncenter size-full wp-image-8611\" src=\"https:\/\/www.honlufoodtrailer.com\/wp-content\/uploads\/2024\/10\/18ft-mobile-burger-truck-interior-structure.jpg\" alt=\"Estructura interior de cami\u00f3n m\u00f3vil de hamburguesas de 18 pies\" width=\"720\" height=\"540\" srcset=\"https:\/\/www.honlufoodtrailer.com\/wp-content\/uploads\/2024\/10\/18ft-mobile-burger-truck-interior-structure.jpg 720w, https:\/\/www.honlufoodtrailer.com\/wp-content\/uploads\/2024\/10\/18ft-mobile-burger-truck-interior-structure-480x360.jpg 480w, https:\/\/www.honlufoodtrailer.com\/wp-content\/uploads\/2024\/10\/18ft-mobile-burger-truck-interior-structure-300x225.jpg 300w\" sizes=\"(max-width: 720px) 100vw, 720px\" \/> <img loading=\"lazy\" decoding=\"async\" class=\"aligncenter size-full wp-image-8610\" src=\"https:\/\/www.honlufoodtrailer.com\/wp-content\/uploads\/2024\/10\/18ft-mobile-burger-truck-inner-view.jpg\" alt=\"18ft m\u00f3vil hamburguesa cami\u00f3n vista interior\" width=\"720\" height=\"540\" srcset=\"https:\/\/www.honlufoodtrailer.com\/wp-content\/uploads\/2024\/10\/18ft-mobile-burger-truck-inner-view.jpg 720w, https:\/\/www.honlufoodtrailer.com\/wp-content\/uploads\/2024\/10\/18ft-mobile-burger-truck-inner-view-480x360.jpg 480w, https:\/\/www.honlufoodtrailer.com\/wp-content\/uploads\/2024\/10\/18ft-mobile-burger-truck-inner-view-300x225.jpg 300w\" sizes=\"(max-width: 720px) 100vw, 720px\" \/> <img loading=\"lazy\" decoding=\"async\" class=\"aligncenter size-full wp-image-8609\" src=\"https:\/\/www.honlufoodtrailer.com\/wp-content\/uploads\/2024\/10\/18ft-mobile-burger-truck-inner-structure.jpg\" alt=\"estructura interior de cami\u00f3n m\u00f3vil de hamburguesas de 18 pies\" width=\"720\" height=\"540\" srcset=\"https:\/\/www.honlufoodtrailer.com\/wp-content\/uploads\/2024\/10\/18ft-mobile-burger-truck-inner-structure.jpg 720w, https:\/\/www.honlufoodtrailer.com\/wp-content\/uploads\/2024\/10\/18ft-mobile-burger-truck-inner-structure-480x360.jpg 480w, https:\/\/www.honlufoodtrailer.com\/wp-content\/uploads\/2024\/10\/18ft-mobile-burger-truck-inner-structure-300x225.jpg 300w\" sizes=\"(max-width: 720px) 100vw, 720px\" \/><br \/>\nComo fabricante y exportador de remolques alimentarios con m\u00e1s de 10 a\u00f1os de experiencia, podemos ayudarle a dise\u00f1ar y fabricar su <a href=\"https:\/\/www.honlufoodtrailer.com\/es\/producto\/\" target=\"_blank\" rel=\"noopener\">remolque de comida<\/a> de acuerdo con las normas locales. El tama\u00f1o, el color de la carrocer\u00eda, las pegatinas, la se\u00f1alizaci\u00f3n y el equipamiento de cocina del remolque para alimentos pueden personalizarse. No dude en ponerse en contacto con nosotros e indicarnos sus requisitos detallados.<\/p>\n<h3>M\u00e1s detalles<\/h3>\n<p>Vea m\u00e1s detalles de este cami\u00f3n m\u00f3vil de hamburguesas de 18 pies. Podemos personalizar el interior y el exterior de los camiones de comida seg\u00fan los requisitos del cliente. P\u00f3ngase en contacto con nosotros e ind\u00edquenos sus requisitos detallados.<br \/>\n<img loading=\"lazy\" decoding=\"async\" class=\"aligncenter size-full wp-image-8633\" src=\"https:\/\/www.honlufoodtrailer.com\/wp-content\/uploads\/2024\/10\/18ft-mobile-burger-truck-manufacture-details.jpg\" alt=\"18ft mobile burger truck fabricaci\u00f3n de detalles\" width=\"800\" height=\"800\" srcset=\"https:\/\/www.honlufoodtrailer.com\/wp-content\/uploads\/2024\/10\/18ft-mobile-burger-truck-manufacture-details.jpg 800w, https:\/\/www.honlufoodtrailer.com\/wp-content\/uploads\/2024\/10\/18ft-mobile-burger-truck-manufacture-details-768x768.jpg 768w, https:\/\/www.honlufoodtrailer.com\/wp-content\/uploads\/2024\/10\/18ft-mobile-burger-truck-manufacture-details-360x360.jpg 360w, https:\/\/www.honlufoodtrailer.com\/wp-content\/uploads\/2024\/10\/18ft-mobile-burger-truck-manufacture-details-300x300.jpg 300w, https:\/\/www.honlufoodtrailer.com\/wp-content\/uploads\/2024\/10\/18ft-mobile-burger-truck-manufacture-details-720x720.jpg 720w, https:\/\/www.honlufoodtrailer.com\/wp-content\/uploads\/2024\/10\/18ft-mobile-burger-truck-manufacture-details-100x100.jpg 100w\" sizes=\"(max-width: 800px) 100vw, 800px\" \/><\/p>\n<h3>M\u00e1s remolques de hamburguesas<\/h3>\n<p>Vea m\u00e1s de nuestros remolques m\u00f3viles para hamburguesas: <a href=\"https:\/\/www.honlufoodtrailer.com\/es\/producto\/burger-van-catering-trailer\/\" target=\"_blank\" rel=\"noopener\">Furgoneta para hamburguesas de 6 m remolque para catering<\/a> y <a href=\"https:\/\/www.honlufoodtrailer.com\/es\/producto\/4-5m-hamburger-trailer\/\" target=\"_blank\" rel=\"noopener\">Estaci\u00f3n de hamburguesas de 4,5 m<\/a>.<\/p>\n<figure id=\"attachment_7948\" aria-describedby=\"caption-attachment-7948\" style=\"width: 720px\" class=\"wp-caption aligncenter\"><a href=\"https:\/\/www.honlufoodtrailer.com\/es\/producto\/burger-van-catering-trailer\/\" target=\"_blank\" rel=\"noopener\"><img loading=\"lazy\" decoding=\"async\" class=\"wp-image-7948 size-full\" src=\"https:\/\/www.honlufoodtrailer.com\/wp-content\/uploads\/2024\/07\/6m-burger-van-trailer-for-sale.jpg\" alt=\"Se vende remolque furgoneta para hamburguesas de 6 m\" width=\"720\" height=\"540\" srcset=\"https:\/\/www.honlufoodtrailer.com\/wp-content\/uploads\/2024\/07\/6m-burger-van-trailer-for-sale.jpg 720w, https:\/\/www.honlufoodtrailer.com\/wp-content\/uploads\/2024\/07\/6m-burger-van-trailer-for-sale-480x360.jpg 480w, https:\/\/www.honlufoodtrailer.com\/wp-content\/uploads\/2024\/07\/6m-burger-van-trailer-for-sale-300x225.jpg 300w\" sizes=\"(max-width: 720px) 100vw, 720px\" \/><\/a><figcaption id=\"caption-attachment-7948\" class=\"wp-caption-text\">Se vende remolque furgoneta para hamburguesas de 6 m<\/figcaption><\/figure>\n<p><figure id=\"attachment_7968\" aria-describedby=\"caption-attachment-7968\" style=\"width: 720px\" class=\"wp-caption aligncenter\"><img loading=\"lazy\" decoding=\"async\" class=\"wp-image-7968 size-full\" src=\"https:\/\/www.honlufoodtrailer.com\/wp-content\/uploads\/2024\/07\/4.5m-hamburger-trailer.jpg\" alt=\"Remolque para hamburguesas de 4,5 m\" width=\"720\" height=\"540\" srcset=\"https:\/\/www.honlufoodtrailer.com\/wp-content\/uploads\/2024\/07\/4.5m-hamburger-trailer.jpg 720w, https:\/\/www.honlufoodtrailer.com\/wp-content\/uploads\/2024\/07\/4.5m-hamburger-trailer-480x360.jpg 480w, https:\/\/www.honlufoodtrailer.com\/wp-content\/uploads\/2024\/07\/4.5m-hamburger-trailer-300x225.jpg 300w\" sizes=\"(max-width: 720px) 100vw, 720px\" \/><figcaption id=\"caption-attachment-7968\" class=\"wp-caption-text\">Remolque para hamburguesas de 4,5 m<\/figcaption><\/figure><br \/>\nSi est\u00e1 interesado en alguno de nuestros remolques alimentarios, o desea uno personalizado, no dude en ponerse en contacto con nosotros. S\u00f3lo tiene que dejar un mensaje en el siguiente formulario, le responderemos tan pronto como sea posible.<\/p>","protected":false},"excerpt":{"rendered":"<p>Esto es\u00a0<span style=\"box-sizing: border-box; margin: 0px; padding: 0px;\">un cami\u00f3n m\u00f3vil de hamburguesas de 18 pies hecho a medida para la venta. Es un modelo popular entre las personas que quieren iniciar un negocio de remolque de comida m\u00f3vil. <strong>Haga clic en las siguientes pesta\u00f1as para ver m\u00e1s detalles de este food truck<\/strong>. Podemos fabricar un remolque para hamburguesas similar a este<\/span>\u00a0o personalizar uno para usted. P\u00f3ngase en contacto con nosotros e ind\u00edquenos sus requisitos detallados. No dude en ponerse en contacto con nosotros.<\/p>","protected":false},"featured_media":8607,"template":"","meta":{"_themeisle_gutenberg_block_has_review":false},"product_brand":[],"product_cat":[26],"product_tag":[83,98],"class_list":{"0":"post-8600","1":"product","2":"type-product","3":"status-publish","4":"has-post-thumbnail","6":"product_cat-product","7":"product_tag-18ft-food-trailer","8":"product_tag-burger-trailer","10":"first","11":"instock","12":"featured","13":"shipping-taxable","14":"product-type-simple"},"yoast_head":"<!-- This site is optimized with the Yoast SEO plugin v27.4 - https:\/\/yoast.com\/product\/yoast-seo-wordpress\/ -->\n<title>Mobile Burger Truck from China - Honlu Food Trailer<\/title>\n<meta name=\"description\" content=\"Looking for a mobile burger truck for sale? see this one here! Get a similar or customized one at a reasonable price now!\" \/>\n<meta name=\"robots\" content=\"index, follow, max-snippet:-1, max-image-preview:large, max-video-preview:-1\" \/>\n<link rel=\"canonical\" href=\"https:\/\/www.honlufoodtrailer.com\/es\/producto\/18ft-us-standard-mobile-burger-truck\/\" \/>\n<meta property=\"og:locale\" content=\"es_ES\" \/>\n<meta property=\"og:type\" content=\"article\" \/>\n<meta property=\"og:title\" content=\"Mobile Burger Truck from China - Honlu Food Trailer\" \/>\n<meta property=\"og:description\" content=\"Looking for a mobile burger truck for sale? see this one here! Get a similar or customized one at a reasonable price now!\" \/>\n<meta property=\"og:url\" content=\"https:\/\/www.honlufoodtrailer.com\/es\/producto\/18ft-us-standard-mobile-burger-truck\/\" \/>\n<meta property=\"og:site_name\" content=\"Honlu food trailer\" \/>\n<meta property=\"article:modified_time\" content=\"2025-02-14T05:56:42+00:00\" \/>\n<meta property=\"og:image\" content=\"https:\/\/www.honlufoodtrailer.com\/wp-content\/uploads\/2024\/10\/18ft-mobile-burger-truck-for-sale.jpg\" \/>\n\t<meta property=\"og:image:width\" content=\"720\" \/>\n\t<meta property=\"og:image:height\" content=\"540\" \/>\n\t<meta property=\"og:image:type\" content=\"image\/jpeg\" \/>\n<meta name=\"twitter:card\" content=\"summary_large_image\" \/>\n<meta name=\"twitter:label1\" content=\"Tiempo de lectura\" \/>\n\t<meta name=\"twitter:data1\" content=\"1 minuto\" \/>\n<script type=\"application\/ld+json\" class=\"yoast-schema-graph\">{\"@context\":\"https:\\\/\\\/schema.org\",\"@graph\":[{\"@type\":\"WebPage\",\"@id\":\"https:\\\/\\\/www.honlufoodtrailer.com\\\/product\\\/18ft-us-standard-mobile-burger-truck\\\/\",\"url\":\"https:\\\/\\\/www.honlufoodtrailer.com\\\/product\\\/18ft-us-standard-mobile-burger-truck\\\/\",\"name\":\"Mobile Burger Truck from China - Honlu Food Trailer\",\"isPartOf\":{\"@id\":\"https:\\\/\\\/www.honlufoodtrailer.com\\\/#website\"},\"primaryImageOfPage\":{\"@id\":\"https:\\\/\\\/www.honlufoodtrailer.com\\\/product\\\/18ft-us-standard-mobile-burger-truck\\\/#primaryimage\"},\"image\":{\"@id\":\"https:\\\/\\\/www.honlufoodtrailer.com\\\/product\\\/18ft-us-standard-mobile-burger-truck\\\/#primaryimage\"},\"thumbnailUrl\":\"https:\\\/\\\/www.honlufoodtrailer.com\\\/wp-content\\\/uploads\\\/2024\\\/10\\\/18ft-mobile-burger-truck-for-sale.jpg\",\"datePublished\":\"2024-10-16T10:30:13+00:00\",\"dateModified\":\"2025-02-14T05:56:42+00:00\",\"description\":\"Looking for a mobile burger truck for sale? see this one here! Get a similar or customized one at a reasonable price now!\",\"breadcrumb\":{\"@id\":\"https:\\\/\\\/www.honlufoodtrailer.com\\\/product\\\/18ft-us-standard-mobile-burger-truck\\\/#breadcrumb\"},\"inLanguage\":\"es\",\"potentialAction\":[{\"@type\":\"ReadAction\",\"target\":[\"https:\\\/\\\/www.honlufoodtrailer.com\\\/product\\\/18ft-us-standard-mobile-burger-truck\\\/\"]}]},{\"@type\":\"ImageObject\",\"inLanguage\":\"es\",\"@id\":\"https:\\\/\\\/www.honlufoodtrailer.com\\\/product\\\/18ft-us-standard-mobile-burger-truck\\\/#primaryimage\",\"url\":\"https:\\\/\\\/www.honlufoodtrailer.com\\\/wp-content\\\/uploads\\\/2024\\\/10\\\/18ft-mobile-burger-truck-for-sale.jpg\",\"contentUrl\":\"https:\\\/\\\/www.honlufoodtrailer.com\\\/wp-content\\\/uploads\\\/2024\\\/10\\\/18ft-mobile-burger-truck-for-sale.jpg\",\"width\":720,\"height\":540,\"caption\":\"18ft mobile burger truck for sale\"},{\"@type\":\"BreadcrumbList\",\"@id\":\"https:\\\/\\\/www.honlufoodtrailer.com\\\/product\\\/18ft-us-standard-mobile-burger-truck\\\/#breadcrumb\",\"itemListElement\":[{\"@type\":\"ListItem\",\"position\":1,\"name\":\"Home\",\"item\":\"https:\\\/\\\/www.honlufoodtrailer.com\\\/\"},{\"@type\":\"ListItem\",\"position\":2,\"name\":\"\u4ea7\u54c1\",\"item\":\"https:\\\/\\\/www.honlufoodtrailer.com\\\/shop\\\/\"},{\"@type\":\"ListItem\",\"position\":3,\"name\":\"18ft Us Standard Mobile Burger Truck\"}]},{\"@type\":\"WebSite\",\"@id\":\"https:\\\/\\\/www.honlufoodtrailer.com\\\/#website\",\"url\":\"https:\\\/\\\/www.honlufoodtrailer.com\\\/\",\"name\":\"Honlu food trailer\",\"description\":\"\",\"publisher\":{\"@id\":\"https:\\\/\\\/www.honlufoodtrailer.com\\\/#organization\"},\"potentialAction\":[{\"@type\":\"SearchAction\",\"target\":{\"@type\":\"EntryPoint\",\"urlTemplate\":\"https:\\\/\\\/www.honlufoodtrailer.com\\\/?s={search_term_string}\"},\"query-input\":{\"@type\":\"PropertyValueSpecification\",\"valueRequired\":true,\"valueName\":\"search_term_string\"}}],\"inLanguage\":\"es\"},{\"@type\":\"Organization\",\"@id\":\"https:\\\/\\\/www.honlufoodtrailer.com\\\/#organization\",\"name\":\"Honlu food trailer\",\"url\":\"https:\\\/\\\/www.honlufoodtrailer.com\\\/\",\"logo\":{\"@type\":\"ImageObject\",\"inLanguage\":\"es\",\"@id\":\"https:\\\/\\\/www.honlufoodtrailer.com\\\/#\\\/schema\\\/logo\\\/image\\\/\",\"url\":\"https:\\\/\\\/www.honlufoodtrailer.com\\\/wp-content\\\/uploads\\\/2021\\\/12\\\/2.gif\",\"contentUrl\":\"https:\\\/\\\/www.honlufoodtrailer.com\\\/wp-content\\\/uploads\\\/2021\\\/12\\\/2.gif\",\"width\":350,\"height\":100,\"caption\":\"Honlu food trailer\"},\"image\":{\"@id\":\"https:\\\/\\\/www.honlufoodtrailer.com\\\/#\\\/schema\\\/logo\\\/image\\\/\"}}]}<\/script>\n<!-- \/ Yoast SEO plugin. -->","yoast_head_json":{"title":"Cami\u00f3n m\u00f3vil de hamburguesas de China - Honlu Food Trailer","description":"\u00bfBusca un cami\u00f3n m\u00f3vil de hamburguesas en venta? \u00a1Vea \u00e9ste aqu\u00ed! \u00a1Consigue uno similar o personalizado a un precio razonable ahora!","robots":{"index":"index","follow":"follow","max-snippet":"max-snippet:-1","max-image-preview":"max-image-preview:large","max-video-preview":"max-video-preview:-1"},"canonical":"https:\/\/www.honlufoodtrailer.com\/es\/producto\/18ft-us-standard-mobile-burger-truck\/","og_locale":"es_ES","og_type":"article","og_title":"Mobile Burger Truck from China - Honlu Food Trailer","og_description":"Looking for a mobile burger truck for sale? see this one here! Get a similar or customized one at a reasonable price now!","og_url":"https:\/\/www.honlufoodtrailer.com\/es\/producto\/18ft-us-standard-mobile-burger-truck\/","og_site_name":"Honlu food trailer","article_modified_time":"2025-02-14T05:56:42+00:00","og_image":[{"width":720,"height":540,"url":"https:\/\/www.honlufoodtrailer.com\/wp-content\/uploads\/2024\/10\/18ft-mobile-burger-truck-for-sale.jpg","type":"image\/jpeg"}],"twitter_card":"summary_large_image","twitter_misc":{"Tiempo de lectura":"1 minuto"},"schema":{"@context":"https:\/\/schema.org","@graph":[{"@type":"WebPage","@id":"https:\/\/www.honlufoodtrailer.com\/product\/18ft-us-standard-mobile-burger-truck\/","url":"https:\/\/www.honlufoodtrailer.com\/product\/18ft-us-standard-mobile-burger-truck\/","name":"Cami\u00f3n m\u00f3vil de hamburguesas de China - Honlu Food Trailer","isPartOf":{"@id":"https:\/\/www.honlufoodtrailer.com\/#website"},"primaryImageOfPage":{"@id":"https:\/\/www.honlufoodtrailer.com\/product\/18ft-us-standard-mobile-burger-truck\/#primaryimage"},"image":{"@id":"https:\/\/www.honlufoodtrailer.com\/product\/18ft-us-standard-mobile-burger-truck\/#primaryimage"},"thumbnailUrl":"https:\/\/www.honlufoodtrailer.com\/wp-content\/uploads\/2024\/10\/18ft-mobile-burger-truck-for-sale.jpg","datePublished":"2024-10-16T10:30:13+00:00","dateModified":"2025-02-14T05:56:42+00:00","description":"\u00bfBusca un cami\u00f3n m\u00f3vil de hamburguesas en venta? \u00a1Vea \u00e9ste aqu\u00ed! \u00a1Consigue uno similar o personalizado a un precio razonable ahora!","breadcrumb":{"@id":"https:\/\/www.honlufoodtrailer.com\/product\/18ft-us-standard-mobile-burger-truck\/#breadcrumb"},"inLanguage":"es","potentialAction":[{"@type":"ReadAction","target":["https:\/\/www.honlufoodtrailer.com\/product\/18ft-us-standard-mobile-burger-truck\/"]}]},{"@type":"ImageObject","inLanguage":"es","@id":"https:\/\/www.honlufoodtrailer.com\/product\/18ft-us-standard-mobile-burger-truck\/#primaryimage","url":"https:\/\/www.honlufoodtrailer.com\/wp-content\/uploads\/2024\/10\/18ft-mobile-burger-truck-for-sale.jpg","contentUrl":"https:\/\/www.honlufoodtrailer.com\/wp-content\/uploads\/2024\/10\/18ft-mobile-burger-truck-for-sale.jpg","width":720,"height":540,"caption":"18ft mobile burger truck for sale"},{"@type":"BreadcrumbList","@id":"https:\/\/www.honlufoodtrailer.com\/product\/18ft-us-standard-mobile-burger-truck\/#breadcrumb","itemListElement":[{"@type":"ListItem","position":1,"name":"Home","item":"https:\/\/www.honlufoodtrailer.com\/"},{"@type":"ListItem","position":2,"name":"\u4ea7\u54c1","item":"https:\/\/www.honlufoodtrailer.com\/shop\/"},{"@type":"ListItem","position":3,"name":"18ft Us Standard Mobile Burger Truck"}]},{"@type":"WebSite","@id":"https:\/\/www.honlufoodtrailer.com\/#website","url":"https:\/\/www.honlufoodtrailer.com\/","name":"Remolque de comida Honlu","description":"","publisher":{"@id":"https:\/\/www.honlufoodtrailer.com\/#organization"},"potentialAction":[{"@type":"SearchAction","target":{"@type":"EntryPoint","urlTemplate":"https:\/\/www.honlufoodtrailer.com\/?s={search_term_string}"},"query-input":{"@type":"PropertyValueSpecification","valueRequired":true,"valueName":"search_term_string"}}],"inLanguage":"es"},{"@type":"Organization","@id":"https:\/\/www.honlufoodtrailer.com\/#organization","name":"Remolque de comida Honlu","url":"https:\/\/www.honlufoodtrailer.com\/","logo":{"@type":"ImageObject","inLanguage":"es","@id":"https:\/\/www.honlufoodtrailer.com\/#\/schema\/logo\/image\/","url":"https:\/\/www.honlufoodtrailer.com\/wp-content\/uploads\/2021\/12\/2.gif","contentUrl":"https:\/\/www.honlufoodtrailer.com\/wp-content\/uploads\/2021\/12\/2.gif","width":350,"height":100,"caption":"Honlu food trailer"},"image":{"@id":"https:\/\/www.honlufoodtrailer.com\/#\/schema\/logo\/image\/"}}]}},"_links":{"self":[{"href":"https:\/\/www.honlufoodtrailer.com\/es\/wp-json\/wp\/v2\/product\/8600","targetHints":{"allow":["GET"]}}],"collection":[{"href":"https:\/\/www.honlufoodtrailer.com\/es\/wp-json\/wp\/v2\/product"}],"about":[{"href":"https:\/\/www.honlufoodtrailer.com\/es\/wp-json\/wp\/v2\/types\/product"}],"version-history":[{"count":5,"href":"https:\/\/www.honlufoodtrailer.com\/es\/wp-json\/wp\/v2\/product\/8600\/revisions"}],"predecessor-version":[{"id":8667,"href":"https:\/\/www.honlufoodtrailer.com\/es\/wp-json\/wp\/v2\/product\/8600\/revisions\/8667"}],"wp:featuredmedia":[{"embeddable":true,"href":"https:\/\/www.honlufoodtrailer.com\/es\/wp-json\/wp\/v2\/media\/8607"}],"wp:attachment":[{"href":"https:\/\/www.honlufoodtrailer.com\/es\/wp-json\/wp\/v2\/media?parent=8600"}],"wp:term":[{"taxonomy":"product_brand","embeddable":true,"href":"https:\/\/www.honlufoodtrailer.com\/es\/wp-json\/wp\/v2\/product_brand?post=8600"},{"taxonomy":"product_cat","embeddable":true,"href":"https:\/\/www.honlufoodtrailer.com\/es\/wp-json\/wp\/v2\/product_cat?post=8600"},{"taxonomy":"product_tag","embeddable":true,"href":"https:\/\/www.honlufoodtrailer.com\/es\/wp-json\/wp\/v2\/product_tag?post=8600"}],"curies":[{"name":"wp","href":"https:\/\/api.w.org\/{rel}","templated":true}]}}