{"id":8930,"date":"2024-11-22T18:12:57","date_gmt":"2024-11-22T10:12:57","guid":{"rendered":"https:\/\/www.honlufoodtrailer.com\/?post_type=product&#038;p=8930"},"modified":"2025-02-14T13:53:56","modified_gmt":"2025-02-14T05:53:56","slug":"4m-mobile-restaurant-trailer","status":"publish","type":"product","link":"https:\/\/www.honlufoodtrailer.com\/es\/product\/4m-mobile-restaurant-trailer\/","title":{"rendered":"Remolque de restaurante m\u00f3vil de 4 m"},"content":{"rendered":"<p data-spm-anchor-id=\"a2700.wholesale.0.i28.29e52808agqc7f\">\u00bfBuscas un remolque restaurante m\u00f3vil? \u00a1Mira este remolque restaurante m\u00f3vil de 4 m aqu\u00ed! Es uno de los remolques restaurante que personalizamos para un cliente. \u00a1Veamos m\u00e1s detalles!<\/p>\n<p data-spm-anchor-id=\"a2700.wholesale.0.i28.29e52808agqc7f\"><img fetchpriority=\"high\" decoding=\"async\" class=\"aligncenter size-full wp-image-8938\" src=\"https:\/\/www.honlufoodtrailer.com\/wp-content\/uploads\/2024\/11\/Mobile-Restaurant-Trailer.jpg\" alt=\"Remolque de restaurante m\u00f3vil\" width=\"720\" height=\"540\" srcset=\"https:\/\/www.honlufoodtrailer.com\/wp-content\/uploads\/2024\/11\/Mobile-Restaurant-Trailer.jpg 720w, https:\/\/www.honlufoodtrailer.com\/wp-content\/uploads\/2024\/11\/Mobile-Restaurant-Trailer-480x360.jpg 480w, https:\/\/www.honlufoodtrailer.com\/wp-content\/uploads\/2024\/11\/Mobile-Restaurant-Trailer-300x225.jpg 300w\" sizes=\"(max-width: 720px) 100vw, 720px\" \/><img decoding=\"async\" class=\"aligncenter size-full wp-image-8937\" src=\"https:\/\/www.honlufoodtrailer.com\/wp-content\/uploads\/2024\/11\/4m-Restaurant-Trailers-for-sale.jpg\" alt=\"Remolques restaurante de 4 m en venta\" width=\"720\" height=\"540\" srcset=\"https:\/\/www.honlufoodtrailer.com\/wp-content\/uploads\/2024\/11\/4m-Restaurant-Trailers-for-sale.jpg 720w, https:\/\/www.honlufoodtrailer.com\/wp-content\/uploads\/2024\/11\/4m-Restaurant-Trailers-for-sale-480x360.jpg 480w, https:\/\/www.honlufoodtrailer.com\/wp-content\/uploads\/2024\/11\/4m-Restaurant-Trailers-for-sale-300x225.jpg 300w\" sizes=\"(max-width: 720px) 100vw, 720px\" \/><\/p>\n<p data-spm-anchor-id=\"a2700.wholesale.0.i28.29e52808agqc7f\">Como se puede ver en las im\u00e1genes de arriba, este remolque de comida es completamente azul. Las dos ventanas de servicio en la parte delantera son corredizas. Al abrirlas, se puede formar una mesa debajo. Esto facilita a los comensales pedir y recoger sus comidas. A continuaci\u00f3n, veamos los detalles interiores de este remolque restaurante m\u00f3vil.<\/p>\n<h3>Detalles interiores del remolque restaurante m\u00f3vil de 4 m<\/h3>\n<p data-spm-anchor-id=\"a2700.wholesale.0.i28.29e52808agqc7f\">Como podemos ver en las im\u00e1genes a continuaci\u00f3n, hemos equipado el food trailer con equipo de cocina seg\u00fan las necesidades del cliente. El equipo incluye 3+1 fregaderos con grifos de agua fr\u00eda y caliente, aire acondicionado, plancha de gas, cocina de gas, freidora de gas, campana extractora, mesa de preparaci\u00f3n de alimentos, refrigerador, sistema de extinci\u00f3n de incendios, etc.<\/p>\n<p data-spm-anchor-id=\"a2700.wholesale.0.i28.29e52808agqc7f\"><img decoding=\"async\" class=\"aligncenter size-full wp-image-8945\" src=\"https:\/\/www.honlufoodtrailer.com\/wp-content\/uploads\/2024\/11\/4m-restaurant-trailer-inner-details.jpg\" alt=\"Remolque restaurante 4m detalles interiores\" width=\"800\" height=\"800\" srcset=\"https:\/\/www.honlufoodtrailer.com\/wp-content\/uploads\/2024\/11\/4m-restaurant-trailer-inner-details.jpg 800w, https:\/\/www.honlufoodtrailer.com\/wp-content\/uploads\/2024\/11\/4m-restaurant-trailer-inner-details-768x768.jpg 768w, https:\/\/www.honlufoodtrailer.com\/wp-content\/uploads\/2024\/11\/4m-restaurant-trailer-inner-details-360x360.jpg 360w, https:\/\/www.honlufoodtrailer.com\/wp-content\/uploads\/2024\/11\/4m-restaurant-trailer-inner-details-300x300.jpg 300w, https:\/\/www.honlufoodtrailer.com\/wp-content\/uploads\/2024\/11\/4m-restaurant-trailer-inner-details-720x720.jpg 720w, https:\/\/www.honlufoodtrailer.com\/wp-content\/uploads\/2024\/11\/4m-restaurant-trailer-inner-details-100x100.jpg 100w\" sizes=\"(max-width: 800px) 100vw, 800px\" \/><\/p>\n<p data-spm-anchor-id=\"a2700.wholesale.0.i28.29e52808agqc7f\">Todos los equipos de cocina se personalizan de acuerdo con las normas locales del cliente. Como fabricante y exportador de remolques alimentarios con m\u00e1s de 10 a\u00f1os de experiencia, podemos ayudarle a dise\u00f1ar y fabricar su remolque alimentario de acuerdo con sus normas locales. El tama\u00f1o, el color de la carrocer\u00eda, las pegatinas, la se\u00f1alizaci\u00f3n y el equipamiento de cocina del remolque para alimentos pueden personalizarse. No dude en ponerse en contacto con nosotros e ind\u00edquenos sus requisitos detallados.<\/p>\n<h3>M\u00e1s detalles del remolque restaurante m\u00f3vil de 4 m<\/h3>\n<p>Ver m\u00e1s detalles de los ejes, ventilador, barra de remolque, fuente de alimentaci\u00f3n externa, luz trasera, etc. Todos ellos est\u00e1n fabricados de acuerdo con los est\u00e1ndares de EE. UU.<\/p>\n<h3 data-spm-anchor-id=\"a2700.wholesale.0.i28.29e52808agqc7f\"><img loading=\"lazy\" decoding=\"async\" class=\"aligncenter size-full wp-image-8944\" src=\"https:\/\/www.honlufoodtrailer.com\/wp-content\/uploads\/2024\/11\/4m-restaurant-trailer-details.jpg\" alt=\"Detalles del tr\u00e1iler restaurante de 4 m\" width=\"800\" height=\"800\" srcset=\"https:\/\/www.honlufoodtrailer.com\/wp-content\/uploads\/2024\/11\/4m-restaurant-trailer-details.jpg 800w, https:\/\/www.honlufoodtrailer.com\/wp-content\/uploads\/2024\/11\/4m-restaurant-trailer-details-768x768.jpg 768w, https:\/\/www.honlufoodtrailer.com\/wp-content\/uploads\/2024\/11\/4m-restaurant-trailer-details-360x360.jpg 360w, https:\/\/www.honlufoodtrailer.com\/wp-content\/uploads\/2024\/11\/4m-restaurant-trailer-details-300x300.jpg 300w, https:\/\/www.honlufoodtrailer.com\/wp-content\/uploads\/2024\/11\/4m-restaurant-trailer-details-720x720.jpg 720w, https:\/\/www.honlufoodtrailer.com\/wp-content\/uploads\/2024\/11\/4m-restaurant-trailer-details-100x100.jpg 100w\" sizes=\"(max-width: 800px) 100vw, 800px\" \/><\/h3>\n<h3 class=\"magic-6\" data-spm-anchor-id=\"a2700.wholesale.0.i28.29e52808agqc7f\">Caracter\u00edsticas principales de este remolque restaurante<\/h3>\n<div class=\"magic-7\">\n<div class=\"magic-8\">\n<div class=\"magic-9\" data-id=\"paragraph0\">\n<ol>\n<li>Aspecto de moda, color azul, que es atractivo;<\/li>\n<li>Est\u00e1 hecho de material de acero inoxidable, duradero y resistente a la corrosi\u00f3n;<\/li>\n<li>Accesorios modernos y avanzados equipados en el remolque de la concesi\u00f3n;<\/li>\n<li>C\u00f3modo y f\u00e1cil de mover;<\/li>\n<li>Cumple con los est\u00e1ndares americanos;<\/li>\n<\/ol>\n<h3>Dibujo gratuito de planos 2D\/3D<\/h3>\n<p>Si ha pedido nuestro food trailer, tras confirmar las dimensiones del mismo y el equipamiento de cocina, le proporcionaremos planos 3D gratuitos. Esto le dar\u00e1 una idea m\u00e1s clara de su dise\u00f1o y de su carrito de comida. Al confirmar la ubicaci\u00f3n del equipamiento de cocina, podemos comunicarnos con usted claramente a trav\u00e9s del plano. Tambi\u00e9n podemos proporcionarle documentos originales para facilitar su dise\u00f1o y realizar ajustes.<\/p>\n<h3>Vea m\u00e1s de nuestros tr\u00e1ilers de restaurantes<\/h3>\n<p><a href=\"https:\/\/www.honlufoodtrailer.com\/es\/producto\/3-5m-fast-food-caravan\/\" target=\"_blank\" rel=\"noopener\">Remolque de comida r\u00e1pida de 3,5 m<\/a><\/p>\n<p><a href=\"https:\/\/www.honlufoodtrailer.com\/es\/producto\/3-5m-fast-food-caravan\/\"><img loading=\"lazy\" decoding=\"async\" class=\"aligncenter wp-image-7979 size-full\" src=\"https:\/\/www.honlufoodtrailer.com\/wp-content\/uploads\/2024\/07\/3.5m-fast-food-caravan-night-view.jpg\" alt=\"caravana de comida r\u00e1pida de 3,5 m vista nocturna\" width=\"720\" height=\"540\" srcset=\"https:\/\/www.honlufoodtrailer.com\/wp-content\/uploads\/2024\/07\/3.5m-fast-food-caravan-night-view.jpg 720w, https:\/\/www.honlufoodtrailer.com\/wp-content\/uploads\/2024\/07\/3.5m-fast-food-caravan-night-view-480x360.jpg 480w, https:\/\/www.honlufoodtrailer.com\/wp-content\/uploads\/2024\/07\/3.5m-fast-food-caravan-night-view-300x225.jpg 300w\" sizes=\"(max-width: 720px) 100vw, 720px\" \/><\/a><br \/>\n<a href=\"https:\/\/www.honlufoodtrailer.com\/es\/producto\/18ft-mobile-fast-food-trailer-for-sale\/\" target=\"_blank\" rel=\"noopener\">Cami\u00f3n de comida r\u00e1pida de 18 pies<\/a><\/p>\n<p><a href=\"https:\/\/www.honlufoodtrailer.com\/es\/producto\/18ft-mobile-fast-food-trailer-for-sale\/\"><img loading=\"lazy\" decoding=\"async\" class=\"aligncenter wp-image-6013 size-full\" src=\"https:\/\/www.honlufoodtrailer.com\/wp-content\/uploads\/2023\/11\/18ft-fast-food-trailer-on-sale.jpg\" alt=\"18ft remolque de comida r\u00e1pida en venta\" width=\"720\" height=\"540\" srcset=\"https:\/\/www.honlufoodtrailer.com\/wp-content\/uploads\/2023\/11\/18ft-fast-food-trailer-on-sale.jpg 720w, https:\/\/www.honlufoodtrailer.com\/wp-content\/uploads\/2023\/11\/18ft-fast-food-trailer-on-sale-480x360.jpg 480w, https:\/\/www.honlufoodtrailer.com\/wp-content\/uploads\/2023\/11\/18ft-fast-food-trailer-on-sale-300x225.jpg 300w\" sizes=\"(max-width: 720px) 100vw, 720px\" \/><\/a><\/p>\n<\/div>\n<\/div>\n<\/div>","protected":false},"excerpt":{"rendered":"<p>Este es uno de nuestros remolques m\u00f3viles para restaurantes de 4 m, hechos a medida. Es una excelente opci\u00f3n para iniciar un negocio de remolques de comida. <strong>Haga clic en las siguientes pesta\u00f1as para ver m\u00e1s detalles de este tr\u00e1iler de restaurante m\u00f3vil.<\/strong>\u00a0Adem\u00e1s, podemos fabricar un cami\u00f3n de comida r\u00e1pida similar a este o personalizarlo para usted. El color de la carrocer\u00eda, las pegatinas, la se\u00f1alizaci\u00f3n y el equipo de cocina del cami\u00f3n de comida se pueden personalizar. \u00a1No dude en contactarnos!<\/p>","protected":false},"featured_media":8937,"template":"","meta":{"_themeisle_gutenberg_block_has_review":false},"product_brand":[],"product_cat":[26],"product_tag":[82],"class_list":{"0":"post-8930","1":"product","2":"type-product","3":"status-publish","4":"has-post-thumbnail","6":"product_cat-product","7":"product_tag-13ft-food-trailer","9":"first","10":"instock","11":"featured","12":"shipping-taxable","13":"product-type-simple"},"yoast_head":"<!-- This site is optimized with the Yoast SEO plugin v27.4 - https:\/\/yoast.com\/product\/yoast-seo-wordpress\/ -->\n<title>4m Mobile Restaurant Trailer For Sale - Honlu Food Trailer<\/title>\n<meta name=\"description\" content=\"This is a 4m Mobile Restaurant Trailer for sale we have customized for a customer. See details! Get a similar or customized one at factory price now!\" \/>\n<meta name=\"robots\" content=\"index, follow, max-snippet:-1, max-image-preview:large, max-video-preview:-1\" \/>\n<link rel=\"canonical\" href=\"https:\/\/www.honlufoodtrailer.com\/es\/producto\/4m-mobile-restaurant-trailer\/\" \/>\n<meta property=\"og:locale\" content=\"es_ES\" \/>\n<meta property=\"og:type\" content=\"article\" \/>\n<meta property=\"og:title\" content=\"4m Mobile Restaurant Trailer For Sale - Honlu Food Trailer\" \/>\n<meta property=\"og:description\" content=\"This is a 4m Mobile Restaurant Trailer for sale we have customized for a customer. See details! Get a similar or customized one at factory price now!\" \/>\n<meta property=\"og:url\" content=\"https:\/\/www.honlufoodtrailer.com\/es\/producto\/4m-mobile-restaurant-trailer\/\" \/>\n<meta property=\"og:site_name\" content=\"Honlu food trailer\" \/>\n<meta property=\"article:modified_time\" content=\"2025-02-14T05:53:56+00:00\" \/>\n<meta property=\"og:image\" content=\"https:\/\/www.honlufoodtrailer.com\/wp-content\/uploads\/2024\/11\/4m-Restaurant-Trailers-for-sale.jpg\" \/>\n\t<meta property=\"og:image:width\" content=\"720\" \/>\n\t<meta property=\"og:image:height\" content=\"540\" \/>\n\t<meta property=\"og:image:type\" content=\"image\/jpeg\" \/>\n<meta name=\"twitter:card\" content=\"summary_large_image\" \/>\n<meta name=\"twitter:label1\" content=\"Tiempo de lectura\" \/>\n\t<meta name=\"twitter:data1\" content=\"1 minuto\" \/>\n<script type=\"application\/ld+json\" class=\"yoast-schema-graph\">{\"@context\":\"https:\\\/\\\/schema.org\",\"@graph\":[{\"@type\":\"WebPage\",\"@id\":\"https:\\\/\\\/www.honlufoodtrailer.com\\\/product\\\/4m-mobile-restaurant-trailer\\\/\",\"url\":\"https:\\\/\\\/www.honlufoodtrailer.com\\\/product\\\/4m-mobile-restaurant-trailer\\\/\",\"name\":\"4m Mobile Restaurant Trailer For Sale - Honlu Food Trailer\",\"isPartOf\":{\"@id\":\"https:\\\/\\\/www.honlufoodtrailer.com\\\/#website\"},\"primaryImageOfPage\":{\"@id\":\"https:\\\/\\\/www.honlufoodtrailer.com\\\/product\\\/4m-mobile-restaurant-trailer\\\/#primaryimage\"},\"image\":{\"@id\":\"https:\\\/\\\/www.honlufoodtrailer.com\\\/product\\\/4m-mobile-restaurant-trailer\\\/#primaryimage\"},\"thumbnailUrl\":\"https:\\\/\\\/www.honlufoodtrailer.com\\\/wp-content\\\/uploads\\\/2024\\\/11\\\/4m-Restaurant-Trailers-for-sale.jpg\",\"datePublished\":\"2024-11-22T10:12:57+00:00\",\"dateModified\":\"2025-02-14T05:53:56+00:00\",\"description\":\"This is a 4m Mobile Restaurant Trailer for sale we have customized for a customer. See details! Get a similar or customized one at factory price now!\",\"breadcrumb\":{\"@id\":\"https:\\\/\\\/www.honlufoodtrailer.com\\\/product\\\/4m-mobile-restaurant-trailer\\\/#breadcrumb\"},\"inLanguage\":\"es\",\"potentialAction\":[{\"@type\":\"ReadAction\",\"target\":[\"https:\\\/\\\/www.honlufoodtrailer.com\\\/product\\\/4m-mobile-restaurant-trailer\\\/\"]}]},{\"@type\":\"ImageObject\",\"inLanguage\":\"es\",\"@id\":\"https:\\\/\\\/www.honlufoodtrailer.com\\\/product\\\/4m-mobile-restaurant-trailer\\\/#primaryimage\",\"url\":\"https:\\\/\\\/www.honlufoodtrailer.com\\\/wp-content\\\/uploads\\\/2024\\\/11\\\/4m-Restaurant-Trailers-for-sale.jpg\",\"contentUrl\":\"https:\\\/\\\/www.honlufoodtrailer.com\\\/wp-content\\\/uploads\\\/2024\\\/11\\\/4m-Restaurant-Trailers-for-sale.jpg\",\"width\":720,\"height\":540,\"caption\":\"4m Restaurant Trailers for sale\"},{\"@type\":\"BreadcrumbList\",\"@id\":\"https:\\\/\\\/www.honlufoodtrailer.com\\\/product\\\/4m-mobile-restaurant-trailer\\\/#breadcrumb\",\"itemListElement\":[{\"@type\":\"ListItem\",\"position\":1,\"name\":\"Home\",\"item\":\"https:\\\/\\\/www.honlufoodtrailer.com\\\/\"},{\"@type\":\"ListItem\",\"position\":2,\"name\":\"\u4ea7\u54c1\",\"item\":\"https:\\\/\\\/www.honlufoodtrailer.com\\\/shop\\\/\"},{\"@type\":\"ListItem\",\"position\":3,\"name\":\"4m Mobile Restaurant Trailer\"}]},{\"@type\":\"WebSite\",\"@id\":\"https:\\\/\\\/www.honlufoodtrailer.com\\\/#website\",\"url\":\"https:\\\/\\\/www.honlufoodtrailer.com\\\/\",\"name\":\"Honlu food trailer\",\"description\":\"\",\"publisher\":{\"@id\":\"https:\\\/\\\/www.honlufoodtrailer.com\\\/#organization\"},\"potentialAction\":[{\"@type\":\"SearchAction\",\"target\":{\"@type\":\"EntryPoint\",\"urlTemplate\":\"https:\\\/\\\/www.honlufoodtrailer.com\\\/?s={search_term_string}\"},\"query-input\":{\"@type\":\"PropertyValueSpecification\",\"valueRequired\":true,\"valueName\":\"search_term_string\"}}],\"inLanguage\":\"es\"},{\"@type\":\"Organization\",\"@id\":\"https:\\\/\\\/www.honlufoodtrailer.com\\\/#organization\",\"name\":\"Honlu food trailer\",\"url\":\"https:\\\/\\\/www.honlufoodtrailer.com\\\/\",\"logo\":{\"@type\":\"ImageObject\",\"inLanguage\":\"es\",\"@id\":\"https:\\\/\\\/www.honlufoodtrailer.com\\\/#\\\/schema\\\/logo\\\/image\\\/\",\"url\":\"https:\\\/\\\/www.honlufoodtrailer.com\\\/wp-content\\\/uploads\\\/2021\\\/12\\\/2.gif\",\"contentUrl\":\"https:\\\/\\\/www.honlufoodtrailer.com\\\/wp-content\\\/uploads\\\/2021\\\/12\\\/2.gif\",\"width\":350,\"height\":100,\"caption\":\"Honlu food trailer\"},\"image\":{\"@id\":\"https:\\\/\\\/www.honlufoodtrailer.com\\\/#\\\/schema\\\/logo\\\/image\\\/\"}}]}<\/script>\n<!-- \/ Yoast SEO plugin. -->","yoast_head_json":{"title":"Remolque m\u00f3vil para restaurante de 4 m en venta - Honlu Food Trailer","description":"Este remolque m\u00f3vil para restaurante de 4 m est\u00e1 a la venta y lo personalizamos para un cliente. \u00a1Consulte los detalles! \u00a1Consiga uno similar o personalizado a precio de f\u00e1brica ahora!","robots":{"index":"index","follow":"follow","max-snippet":"max-snippet:-1","max-image-preview":"max-image-preview:large","max-video-preview":"max-video-preview:-1"},"canonical":"https:\/\/www.honlufoodtrailer.com\/es\/producto\/4m-mobile-restaurant-trailer\/","og_locale":"es_ES","og_type":"article","og_title":"4m Mobile Restaurant Trailer For Sale - Honlu Food Trailer","og_description":"This is a 4m Mobile Restaurant Trailer for sale we have customized for a customer. See details! Get a similar or customized one at factory price now!","og_url":"https:\/\/www.honlufoodtrailer.com\/es\/producto\/4m-mobile-restaurant-trailer\/","og_site_name":"Honlu food trailer","article_modified_time":"2025-02-14T05:53:56+00:00","og_image":[{"width":720,"height":540,"url":"https:\/\/www.honlufoodtrailer.com\/wp-content\/uploads\/2024\/11\/4m-Restaurant-Trailers-for-sale.jpg","type":"image\/jpeg"}],"twitter_card":"summary_large_image","twitter_misc":{"Tiempo de lectura":"1 minuto"},"schema":{"@context":"https:\/\/schema.org","@graph":[{"@type":"WebPage","@id":"https:\/\/www.honlufoodtrailer.com\/product\/4m-mobile-restaurant-trailer\/","url":"https:\/\/www.honlufoodtrailer.com\/product\/4m-mobile-restaurant-trailer\/","name":"Remolque m\u00f3vil para restaurante de 4 m en venta - Honlu Food Trailer","isPartOf":{"@id":"https:\/\/www.honlufoodtrailer.com\/#website"},"primaryImageOfPage":{"@id":"https:\/\/www.honlufoodtrailer.com\/product\/4m-mobile-restaurant-trailer\/#primaryimage"},"image":{"@id":"https:\/\/www.honlufoodtrailer.com\/product\/4m-mobile-restaurant-trailer\/#primaryimage"},"thumbnailUrl":"https:\/\/www.honlufoodtrailer.com\/wp-content\/uploads\/2024\/11\/4m-Restaurant-Trailers-for-sale.jpg","datePublished":"2024-11-22T10:12:57+00:00","dateModified":"2025-02-14T05:53:56+00:00","description":"Este remolque m\u00f3vil para restaurante de 4 m est\u00e1 a la venta y lo personalizamos para un cliente. \u00a1Consulte los detalles! \u00a1Consiga uno similar o personalizado a precio de f\u00e1brica ahora!","breadcrumb":{"@id":"https:\/\/www.honlufoodtrailer.com\/product\/4m-mobile-restaurant-trailer\/#breadcrumb"},"inLanguage":"es","potentialAction":[{"@type":"ReadAction","target":["https:\/\/www.honlufoodtrailer.com\/product\/4m-mobile-restaurant-trailer\/"]}]},{"@type":"ImageObject","inLanguage":"es","@id":"https:\/\/www.honlufoodtrailer.com\/product\/4m-mobile-restaurant-trailer\/#primaryimage","url":"https:\/\/www.honlufoodtrailer.com\/wp-content\/uploads\/2024\/11\/4m-Restaurant-Trailers-for-sale.jpg","contentUrl":"https:\/\/www.honlufoodtrailer.com\/wp-content\/uploads\/2024\/11\/4m-Restaurant-Trailers-for-sale.jpg","width":720,"height":540,"caption":"4m Restaurant Trailers for sale"},{"@type":"BreadcrumbList","@id":"https:\/\/www.honlufoodtrailer.com\/product\/4m-mobile-restaurant-trailer\/#breadcrumb","itemListElement":[{"@type":"ListItem","position":1,"name":"Home","item":"https:\/\/www.honlufoodtrailer.com\/"},{"@type":"ListItem","position":2,"name":"\u4ea7\u54c1","item":"https:\/\/www.honlufoodtrailer.com\/shop\/"},{"@type":"ListItem","position":3,"name":"4m Mobile Restaurant Trailer"}]},{"@type":"WebSite","@id":"https:\/\/www.honlufoodtrailer.com\/#website","url":"https:\/\/www.honlufoodtrailer.com\/","name":"Remolque de comida Honlu","description":"","publisher":{"@id":"https:\/\/www.honlufoodtrailer.com\/#organization"},"potentialAction":[{"@type":"SearchAction","target":{"@type":"EntryPoint","urlTemplate":"https:\/\/www.honlufoodtrailer.com\/?s={search_term_string}"},"query-input":{"@type":"PropertyValueSpecification","valueRequired":true,"valueName":"search_term_string"}}],"inLanguage":"es"},{"@type":"Organization","@id":"https:\/\/www.honlufoodtrailer.com\/#organization","name":"Remolque de comida Honlu","url":"https:\/\/www.honlufoodtrailer.com\/","logo":{"@type":"ImageObject","inLanguage":"es","@id":"https:\/\/www.honlufoodtrailer.com\/#\/schema\/logo\/image\/","url":"https:\/\/www.honlufoodtrailer.com\/wp-content\/uploads\/2021\/12\/2.gif","contentUrl":"https:\/\/www.honlufoodtrailer.com\/wp-content\/uploads\/2021\/12\/2.gif","width":350,"height":100,"caption":"Honlu food trailer"},"image":{"@id":"https:\/\/www.honlufoodtrailer.com\/#\/schema\/logo\/image\/"}}]}},"_links":{"self":[{"href":"https:\/\/www.honlufoodtrailer.com\/es\/wp-json\/wp\/v2\/product\/8930","targetHints":{"allow":["GET"]}}],"collection":[{"href":"https:\/\/www.honlufoodtrailer.com\/es\/wp-json\/wp\/v2\/product"}],"about":[{"href":"https:\/\/www.honlufoodtrailer.com\/es\/wp-json\/wp\/v2\/types\/product"}],"version-history":[{"count":5,"href":"https:\/\/www.honlufoodtrailer.com\/es\/wp-json\/wp\/v2\/product\/8930\/revisions"}],"predecessor-version":[{"id":9288,"href":"https:\/\/www.honlufoodtrailer.com\/es\/wp-json\/wp\/v2\/product\/8930\/revisions\/9288"}],"wp:featuredmedia":[{"embeddable":true,"href":"https:\/\/www.honlufoodtrailer.com\/es\/wp-json\/wp\/v2\/media\/8937"}],"wp:attachment":[{"href":"https:\/\/www.honlufoodtrailer.com\/es\/wp-json\/wp\/v2\/media?parent=8930"}],"wp:term":[{"taxonomy":"product_brand","embeddable":true,"href":"https:\/\/www.honlufoodtrailer.com\/es\/wp-json\/wp\/v2\/product_brand?post=8930"},{"taxonomy":"product_cat","embeddable":true,"href":"https:\/\/www.honlufoodtrailer.com\/es\/wp-json\/wp\/v2\/product_cat?post=8930"},{"taxonomy":"product_tag","embeddable":true,"href":"https:\/\/www.honlufoodtrailer.com\/es\/wp-json\/wp\/v2\/product_tag?post=8930"}],"curies":[{"name":"wp","href":"https:\/\/api.w.org\/{rel}","templated":true}]}}