{"id":8970,"date":"2024-11-29T16:23:14","date_gmt":"2024-11-29T08:23:14","guid":{"rendered":"https:\/\/www.honlufoodtrailer.com\/?post_type=product&#038;p=8970"},"modified":"2025-02-14T13:49:57","modified_gmt":"2025-02-14T05:49:57","slug":"porch-style-concession-trailer-french-polynesia","status":"publish","type":"product","link":"https:\/\/www.honlufoodtrailer.com\/es\/product\/porch-style-concession-trailer-french-polynesia\/","title":{"rendered":"Remolque de concesi\u00f3n estilo porche de 26 pies, Polinesia Francesa"},"content":{"rendered":"<p data-spm-anchor-id=\"a2700.wholesale.0.i28.29e52808agqc7f\">Are you looking for a porch style concession trailer? See this 26ft porch concession trailer here! It is one of the porch food trailers we have customized for a customer from French Polynesia. Now, let&#8217;s see more details about it!<\/p>\n<p data-spm-anchor-id=\"a2700.wholesale.0.i28.29e52808agqc7f\"><img fetchpriority=\"high\" decoding=\"async\" class=\"aligncenter size-full wp-image-8979\" src=\"https:\/\/www.honlufoodtrailer.com\/wp-content\/uploads\/2024\/11\/Porch-Style-Concession-Trailer-French-Polynesia-07.jpg\" alt=\"Porche Concesi\u00f3n Remolque Polinesia Francesa detalles\" width=\"720\" height=\"540\" srcset=\"https:\/\/www.honlufoodtrailer.com\/wp-content\/uploads\/2024\/11\/Porch-Style-Concession-Trailer-French-Polynesia-07.jpg 720w, https:\/\/www.honlufoodtrailer.com\/wp-content\/uploads\/2024\/11\/Porch-Style-Concession-Trailer-French-Polynesia-07-480x360.jpg 480w, https:\/\/www.honlufoodtrailer.com\/wp-content\/uploads\/2024\/11\/Porch-Style-Concession-Trailer-French-Polynesia-07-300x225.jpg 300w\" sizes=\"(max-width: 720px) 100vw, 720px\" \/><\/p>\n<p data-spm-anchor-id=\"a2700.wholesale.0.i28.29e52808agqc7f\">As we can see from the pictures above, the whole body of this food trailer is black, and the porch part in the front of the trailer body adopts an open design. This model of porch food trailer is the preferred model for starting the BBQ food business.<\/p>\n<p data-spm-anchor-id=\"a2700.wholesale.0.i28.29e52808agqc7f\"><img decoding=\"async\" class=\"aligncenter size-full wp-image-8977\" src=\"https:\/\/www.honlufoodtrailer.com\/wp-content\/uploads\/2024\/11\/Porch-Style-Concession-Trailer-French-Polynesia-05.jpg\" alt=\"Porche Concesi\u00f3n Remolque Polinesia Francesa detalles\" width=\"720\" height=\"540\" srcset=\"https:\/\/www.honlufoodtrailer.com\/wp-content\/uploads\/2024\/11\/Porch-Style-Concession-Trailer-French-Polynesia-05.jpg 720w, https:\/\/www.honlufoodtrailer.com\/wp-content\/uploads\/2024\/11\/Porch-Style-Concession-Trailer-French-Polynesia-05-480x360.jpg 480w, https:\/\/www.honlufoodtrailer.com\/wp-content\/uploads\/2024\/11\/Porch-Style-Concession-Trailer-French-Polynesia-05-300x225.jpg 300w\" sizes=\"(max-width: 720px) 100vw, 720px\" \/><\/p>\n<p data-spm-anchor-id=\"a2700.wholesale.0.i28.29e52808agqc7f\">La parte del porche en la parte trasera del cuerpo del remolque de comida es un dise\u00f1o propuesto por el cliente, y los deflectores alrededor del porche se pueden abrir hacia fuera para convertirse en un dise\u00f1o abierto. A continuaci\u00f3n, veamos los detalles interiores de este remolque de concesi\u00f3n estilo porche.<\/p>\n<h3>Inner Details of the 26ft Porch Style Concession Trailer<\/h3>\n<p data-spm-anchor-id=\"a2700.wholesale.0.i28.29e52808agqc7f\">As we can see from the pictures below, we have equipped the food trailer with some kitchen equipment according to the customer&#8217;s requirements. The kitchen equipment includes 2 sinks with hot and cold water tap, a range hood, a food prep table, a workbench fridge, etc.<\/p>\n<p data-spm-anchor-id=\"a2700.wholesale.0.i28.29e52808agqc7f\"><img decoding=\"async\" class=\"aligncenter size-full wp-image-8983\" src=\"https:\/\/www.honlufoodtrailer.com\/wp-content\/uploads\/2024\/11\/Porch-Concession-Trailer-French-Polynesia-inner-detail.jpg\" alt=\"Porch Concession Trailer French Polynesia inner detail\" width=\"800\" height=\"800\" srcset=\"https:\/\/www.honlufoodtrailer.com\/wp-content\/uploads\/2024\/11\/Porch-Concession-Trailer-French-Polynesia-inner-detail.jpg 800w, https:\/\/www.honlufoodtrailer.com\/wp-content\/uploads\/2024\/11\/Porch-Concession-Trailer-French-Polynesia-inner-detail-768x768.jpg 768w, https:\/\/www.honlufoodtrailer.com\/wp-content\/uploads\/2024\/11\/Porch-Concession-Trailer-French-Polynesia-inner-detail-360x360.jpg 360w, https:\/\/www.honlufoodtrailer.com\/wp-content\/uploads\/2024\/11\/Porch-Concession-Trailer-French-Polynesia-inner-detail-300x300.jpg 300w, https:\/\/www.honlufoodtrailer.com\/wp-content\/uploads\/2024\/11\/Porch-Concession-Trailer-French-Polynesia-inner-detail-720x720.jpg 720w, https:\/\/www.honlufoodtrailer.com\/wp-content\/uploads\/2024\/11\/Porch-Concession-Trailer-French-Polynesia-inner-detail-100x100.jpg 100w\" sizes=\"(max-width: 800px) 100vw, 800px\" \/><\/p>\n<p data-spm-anchor-id=\"a2700.wholesale.0.i28.29e52808agqc7f\">All the kitchen equipment is customized accoriding to the customer&#8217;s requirements. As a food trailer manufacturer and exporter with more than 10 years of experience, we can help you design and manufacture your dream food trailer. The size, body color, stickers, signage, and kitchen equipment of the food trailer can be customized. Just don&#8217;t hesitate to contact us and tell us your detailed requirements!<\/p>\n<h3>More Details of the 26ft Concession Trailer With Porch<\/h3>\n<p>See more details of the porch, window, step etc. All of them are made according to the the customer&#8217;s requirements.<\/p>\n<p><img loading=\"lazy\" decoding=\"async\" class=\"aligncenter size-full wp-image-8971\" src=\"https:\/\/www.honlufoodtrailer.com\/wp-content\/uploads\/2024\/11\/Porch-Concession-Trailer-French-Polynesia-details-08.jpg\" alt=\"Porche Concesi\u00f3n Remolque Polinesia Francesa detalles\" width=\"800\" height=\"600\" srcset=\"https:\/\/www.honlufoodtrailer.com\/wp-content\/uploads\/2024\/11\/Porch-Concession-Trailer-French-Polynesia-details-08.jpg 800w, https:\/\/www.honlufoodtrailer.com\/wp-content\/uploads\/2024\/11\/Porch-Concession-Trailer-French-Polynesia-details-08-768x576.jpg 768w, https:\/\/www.honlufoodtrailer.com\/wp-content\/uploads\/2024\/11\/Porch-Concession-Trailer-French-Polynesia-details-08-480x360.jpg 480w, https:\/\/www.honlufoodtrailer.com\/wp-content\/uploads\/2024\/11\/Porch-Concession-Trailer-French-Polynesia-details-08-300x225.jpg 300w, https:\/\/www.honlufoodtrailer.com\/wp-content\/uploads\/2024\/11\/Porch-Concession-Trailer-French-Polynesia-details-08-720x540.jpg 720w\" sizes=\"(max-width: 800px) 100vw, 800px\" \/><\/p>\n<h3 data-spm-anchor-id=\"a2700.wholesale.0.i28.29e52808agqc7f\"><\/h3>\n<h3 class=\"magic-6\" data-spm-anchor-id=\"a2700.wholesale.0.i28.29e52808agqc7f\">Main Features of this 26ft Porch Style Concession Trailer<\/h3>\n<div class=\"magic-7\">\n<div class=\"magic-8\">\n<div class=\"magic-9\" data-id=\"paragraph0\">\n<ol>\n<li>Apariencia de moda, color rojo, que es atractivo;<\/li>\n<li>Est\u00e1 hecho de material de acero inoxidable, duradero y resistente a la corrosi\u00f3n;<\/li>\n<li>Accesorios modernos y avanzados equipados en el remolque de la concesi\u00f3n;<\/li>\n<li>C\u00f3modo y f\u00e1cil de mover;<\/li>\n<li>Cumple la normativa estadounidense;<\/li>\n<\/ol>\n<h3>Dibujo gratuito de planos 2D\/3D<\/h3>\n<p>Una vez confirmadas las dimensiones del remolque de alimentos y el equipamiento interno de la cocina, podemos proporcionarle gratuitamente dibujos en 3D. Esto le dar\u00e1 una idea m\u00e1s clara de su dise\u00f1o y de su carro de comida. Al confirmar la ubicaci\u00f3n del equipo de cocina, podemos comunicarnos claramente con usted a trav\u00e9s del plano de planta. Tambi\u00e9n podemos proporcionarle documentos originales para facilitar su dise\u00f1o y realizar ajustes.<\/p>\n<h3>Vea m\u00e1s de nuestro remolque de concesi\u00f3n con porche<\/h3>\n<h4 class=\"product_title entry-title elementor-heading-title elementor-size-default\">Remolque m\u00f3vil de comida con porche de color azul<\/h4>\n<p><a href=\"https:\/\/www.honlufoodtrailer.com\/es\/producto\/mobile-food-trailer-with-porch\/\"><img loading=\"lazy\" decoding=\"async\" class=\"aligncenter wp-image-4724 size-full\" src=\"https:\/\/www.honlufoodtrailer.com\/wp-content\/uploads\/2022\/04\/Mobile-food-trailer-with-porch-21-8130-7.jpg\" alt=\"Remolque m\u00f3vil para comida con porche\" width=\"720\" height=\"540\" srcset=\"https:\/\/www.honlufoodtrailer.com\/wp-content\/uploads\/2022\/04\/Mobile-food-trailer-with-porch-21-8130-7.jpg 720w, https:\/\/www.honlufoodtrailer.com\/wp-content\/uploads\/2022\/04\/Mobile-food-trailer-with-porch-21-8130-7-480x360.jpg 480w, https:\/\/www.honlufoodtrailer.com\/wp-content\/uploads\/2022\/04\/Mobile-food-trailer-with-porch-21-8130-7-300x225.jpg 300w\" sizes=\"(max-width: 720px) 100vw, 720px\" \/>b<\/a><\/p>\n<h4>Remolque Big Baby BBQ con porche<\/h4>\n<p><a href=\"https:\/\/www.honlufoodtrailer.com\/es\/producto\/bbq-food-trailer-with-porch\/\"><img loading=\"lazy\" decoding=\"async\" class=\"aligncenter wp-image-3399 size-full\" src=\"https:\/\/www.honlufoodtrailer.com\/wp-content\/uploads\/2022\/03\/BBQ-food-trailer-with-porch-1.jpg\" alt=\"Remolque para comida a la barbacoa con porche (1)\" width=\"720\" height=\"540\" srcset=\"https:\/\/www.honlufoodtrailer.com\/wp-content\/uploads\/2022\/03\/BBQ-food-trailer-with-porch-1.jpg 720w, https:\/\/www.honlufoodtrailer.com\/wp-content\/uploads\/2022\/03\/BBQ-food-trailer-with-porch-1-480x360.jpg 480w, https:\/\/www.honlufoodtrailer.com\/wp-content\/uploads\/2022\/03\/BBQ-food-trailer-with-porch-1-300x225.jpg 300w\" sizes=\"(max-width: 720px) 100vw, 720px\" \/><\/a><\/p>\n<\/div>\n<\/div>\n<\/div>","protected":false},"excerpt":{"rendered":"<p>This is a custom 8m porch style concession trailer. It is made of galvanized sheet and stainless steel. All equipment inside the porch concession trailer is made of stainless steel. We customize some kitchen equipment for customers, including sinks, range hood, and work bench etc. This model of porch food trailer is the preferred model for starting the BBQ food business. You can click the following tabs to see more details of this food trailer. We can manufacture a similar food trailer like this one, or customize one for you. All the equipment will meet your requirements. The size, body color, stickers, signage, kitchen equipment of the food trailer can be customized. Just don&#8217;t hesitate to contact us!<\/p>","protected":false},"featured_media":8976,"template":"","meta":{"_themeisle_gutenberg_block_has_review":false},"product_brand":[],"product_cat":[26],"product_tag":[76,79,73],"class_list":{"0":"post-8970","1":"product","2":"type-product","3":"status-publish","4":"has-post-thumbnail","6":"product_cat-product","7":"product_tag-26ft-food-trailer","8":"product_tag-food-trailer-with-porch","9":"product_tag-french-polynesia","11":"first","12":"instock","13":"featured","14":"shipping-taxable","15":"product-type-simple"},"yoast_head":"<!-- This site is optimized with the Yoast SEO plugin v27.4 - https:\/\/yoast.com\/product\/yoast-seo-wordpress\/ -->\n<title>26ft Porch Style Concession Trailer For French Polynesia Customer<\/title>\n<meta name=\"description\" content=\"This customized 8m porch concession trailer can make BBQ, fast food, etc. Good quality and reasonable price. See the details now!\" \/>\n<meta name=\"robots\" content=\"index, follow, max-snippet:-1, max-image-preview:large, max-video-preview:-1\" \/>\n<link rel=\"canonical\" href=\"https:\/\/www.honlufoodtrailer.com\/es\/producto\/porch-style-concession-trailer-french-polynesia\/\" \/>\n<meta property=\"og:locale\" content=\"es_ES\" \/>\n<meta property=\"og:type\" content=\"article\" \/>\n<meta property=\"og:title\" content=\"26ft Porch Style Concession Trailer For French Polynesia Customer\" \/>\n<meta property=\"og:description\" content=\"This customized 8m porch concession trailer can make BBQ, fast food, etc. Good quality and reasonable price. See the details now!\" \/>\n<meta property=\"og:url\" content=\"https:\/\/www.honlufoodtrailer.com\/es\/producto\/porch-style-concession-trailer-french-polynesia\/\" \/>\n<meta property=\"og:site_name\" content=\"Honlu food trailer\" \/>\n<meta property=\"article:modified_time\" content=\"2025-02-14T05:49:57+00:00\" \/>\n<meta property=\"og:image\" content=\"https:\/\/www.honlufoodtrailer.com\/wp-content\/uploads\/2024\/11\/Porch-Style-Concession-Trailer-French-Polynesia-04.jpg\" \/>\n\t<meta property=\"og:image:width\" content=\"720\" \/>\n\t<meta property=\"og:image:height\" content=\"540\" \/>\n\t<meta property=\"og:image:type\" content=\"image\/jpeg\" \/>\n<meta name=\"twitter:card\" content=\"summary_large_image\" \/>\n<meta name=\"twitter:label1\" content=\"Tiempo de lectura\" \/>\n\t<meta name=\"twitter:data1\" content=\"3 minutos\" \/>\n<script type=\"application\/ld+json\" class=\"yoast-schema-graph\">{\"@context\":\"https:\\\/\\\/schema.org\",\"@graph\":[{\"@type\":\"WebPage\",\"@id\":\"https:\\\/\\\/www.honlufoodtrailer.com\\\/product\\\/porch-style-concession-trailer-french-polynesia\\\/\",\"url\":\"https:\\\/\\\/www.honlufoodtrailer.com\\\/product\\\/porch-style-concession-trailer-french-polynesia\\\/\",\"name\":\"26ft Porch Style Concession Trailer For French Polynesia Customer\",\"isPartOf\":{\"@id\":\"https:\\\/\\\/www.honlufoodtrailer.com\\\/#website\"},\"primaryImageOfPage\":{\"@id\":\"https:\\\/\\\/www.honlufoodtrailer.com\\\/product\\\/porch-style-concession-trailer-french-polynesia\\\/#primaryimage\"},\"image\":{\"@id\":\"https:\\\/\\\/www.honlufoodtrailer.com\\\/product\\\/porch-style-concession-trailer-french-polynesia\\\/#primaryimage\"},\"thumbnailUrl\":\"https:\\\/\\\/www.honlufoodtrailer.com\\\/wp-content\\\/uploads\\\/2024\\\/11\\\/Porch-Style-Concession-Trailer-French-Polynesia-04.jpg\",\"datePublished\":\"2024-11-29T08:23:14+00:00\",\"dateModified\":\"2025-02-14T05:49:57+00:00\",\"description\":\"This customized 8m porch concession trailer can make BBQ, fast food, etc. Good quality and reasonable price. See the details now!\",\"breadcrumb\":{\"@id\":\"https:\\\/\\\/www.honlufoodtrailer.com\\\/product\\\/porch-style-concession-trailer-french-polynesia\\\/#breadcrumb\"},\"inLanguage\":\"es\",\"potentialAction\":[{\"@type\":\"ReadAction\",\"target\":[\"https:\\\/\\\/www.honlufoodtrailer.com\\\/product\\\/porch-style-concession-trailer-french-polynesia\\\/\"]}]},{\"@type\":\"ImageObject\",\"inLanguage\":\"es\",\"@id\":\"https:\\\/\\\/www.honlufoodtrailer.com\\\/product\\\/porch-style-concession-trailer-french-polynesia\\\/#primaryimage\",\"url\":\"https:\\\/\\\/www.honlufoodtrailer.com\\\/wp-content\\\/uploads\\\/2024\\\/11\\\/Porch-Style-Concession-Trailer-French-Polynesia-04.jpg\",\"contentUrl\":\"https:\\\/\\\/www.honlufoodtrailer.com\\\/wp-content\\\/uploads\\\/2024\\\/11\\\/Porch-Style-Concession-Trailer-French-Polynesia-04.jpg\",\"width\":720,\"height\":540,\"caption\":\"26ft Porch Style Concession Trailer\"},{\"@type\":\"BreadcrumbList\",\"@id\":\"https:\\\/\\\/www.honlufoodtrailer.com\\\/product\\\/porch-style-concession-trailer-french-polynesia\\\/#breadcrumb\",\"itemListElement\":[{\"@type\":\"ListItem\",\"position\":1,\"name\":\"Home\",\"item\":\"https:\\\/\\\/www.honlufoodtrailer.com\\\/\"},{\"@type\":\"ListItem\",\"position\":2,\"name\":\"\u4ea7\u54c1\",\"item\":\"https:\\\/\\\/www.honlufoodtrailer.com\\\/shop\\\/\"},{\"@type\":\"ListItem\",\"position\":3,\"name\":\"26ft Porch Style Concession Trailer French Polynesia\"}]},{\"@type\":\"WebSite\",\"@id\":\"https:\\\/\\\/www.honlufoodtrailer.com\\\/#website\",\"url\":\"https:\\\/\\\/www.honlufoodtrailer.com\\\/\",\"name\":\"Honlu food trailer\",\"description\":\"\",\"publisher\":{\"@id\":\"https:\\\/\\\/www.honlufoodtrailer.com\\\/#organization\"},\"potentialAction\":[{\"@type\":\"SearchAction\",\"target\":{\"@type\":\"EntryPoint\",\"urlTemplate\":\"https:\\\/\\\/www.honlufoodtrailer.com\\\/?s={search_term_string}\"},\"query-input\":{\"@type\":\"PropertyValueSpecification\",\"valueRequired\":true,\"valueName\":\"search_term_string\"}}],\"inLanguage\":\"es\"},{\"@type\":\"Organization\",\"@id\":\"https:\\\/\\\/www.honlufoodtrailer.com\\\/#organization\",\"name\":\"Honlu food trailer\",\"url\":\"https:\\\/\\\/www.honlufoodtrailer.com\\\/\",\"logo\":{\"@type\":\"ImageObject\",\"inLanguage\":\"es\",\"@id\":\"https:\\\/\\\/www.honlufoodtrailer.com\\\/#\\\/schema\\\/logo\\\/image\\\/\",\"url\":\"https:\\\/\\\/www.honlufoodtrailer.com\\\/wp-content\\\/uploads\\\/2021\\\/12\\\/2.gif\",\"contentUrl\":\"https:\\\/\\\/www.honlufoodtrailer.com\\\/wp-content\\\/uploads\\\/2021\\\/12\\\/2.gif\",\"width\":350,\"height\":100,\"caption\":\"Honlu food trailer\"},\"image\":{\"@id\":\"https:\\\/\\\/www.honlufoodtrailer.com\\\/#\\\/schema\\\/logo\\\/image\\\/\"}}]}<\/script>\n<!-- \/ Yoast SEO plugin. -->","yoast_head_json":{"title":"26ft Porch Style Concession Trailer For French Polynesia Customer","description":"This customized 8m porch concession trailer can make BBQ, fast food, etc. Good quality and reasonable price. See the details now!","robots":{"index":"index","follow":"follow","max-snippet":"max-snippet:-1","max-image-preview":"max-image-preview:large","max-video-preview":"max-video-preview:-1"},"canonical":"https:\/\/www.honlufoodtrailer.com\/es\/producto\/porch-style-concession-trailer-french-polynesia\/","og_locale":"es_ES","og_type":"article","og_title":"26ft Porch Style Concession Trailer For French Polynesia Customer","og_description":"This customized 8m porch concession trailer can make BBQ, fast food, etc. Good quality and reasonable price. See the details now!","og_url":"https:\/\/www.honlufoodtrailer.com\/es\/producto\/porch-style-concession-trailer-french-polynesia\/","og_site_name":"Honlu food trailer","article_modified_time":"2025-02-14T05:49:57+00:00","og_image":[{"width":720,"height":540,"url":"https:\/\/www.honlufoodtrailer.com\/wp-content\/uploads\/2024\/11\/Porch-Style-Concession-Trailer-French-Polynesia-04.jpg","type":"image\/jpeg"}],"twitter_card":"summary_large_image","twitter_misc":{"Tiempo de lectura":"3 minutos"},"schema":{"@context":"https:\/\/schema.org","@graph":[{"@type":"WebPage","@id":"https:\/\/www.honlufoodtrailer.com\/product\/porch-style-concession-trailer-french-polynesia\/","url":"https:\/\/www.honlufoodtrailer.com\/product\/porch-style-concession-trailer-french-polynesia\/","name":"26ft Porch Style Concession Trailer For French Polynesia Customer","isPartOf":{"@id":"https:\/\/www.honlufoodtrailer.com\/#website"},"primaryImageOfPage":{"@id":"https:\/\/www.honlufoodtrailer.com\/product\/porch-style-concession-trailer-french-polynesia\/#primaryimage"},"image":{"@id":"https:\/\/www.honlufoodtrailer.com\/product\/porch-style-concession-trailer-french-polynesia\/#primaryimage"},"thumbnailUrl":"https:\/\/www.honlufoodtrailer.com\/wp-content\/uploads\/2024\/11\/Porch-Style-Concession-Trailer-French-Polynesia-04.jpg","datePublished":"2024-11-29T08:23:14+00:00","dateModified":"2025-02-14T05:49:57+00:00","description":"This customized 8m porch concession trailer can make BBQ, fast food, etc. Good quality and reasonable price. See the details now!","breadcrumb":{"@id":"https:\/\/www.honlufoodtrailer.com\/product\/porch-style-concession-trailer-french-polynesia\/#breadcrumb"},"inLanguage":"es","potentialAction":[{"@type":"ReadAction","target":["https:\/\/www.honlufoodtrailer.com\/product\/porch-style-concession-trailer-french-polynesia\/"]}]},{"@type":"ImageObject","inLanguage":"es","@id":"https:\/\/www.honlufoodtrailer.com\/product\/porch-style-concession-trailer-french-polynesia\/#primaryimage","url":"https:\/\/www.honlufoodtrailer.com\/wp-content\/uploads\/2024\/11\/Porch-Style-Concession-Trailer-French-Polynesia-04.jpg","contentUrl":"https:\/\/www.honlufoodtrailer.com\/wp-content\/uploads\/2024\/11\/Porch-Style-Concession-Trailer-French-Polynesia-04.jpg","width":720,"height":540,"caption":"26ft Porch Style Concession Trailer"},{"@type":"BreadcrumbList","@id":"https:\/\/www.honlufoodtrailer.com\/product\/porch-style-concession-trailer-french-polynesia\/#breadcrumb","itemListElement":[{"@type":"ListItem","position":1,"name":"Home","item":"https:\/\/www.honlufoodtrailer.com\/"},{"@type":"ListItem","position":2,"name":"\u4ea7\u54c1","item":"https:\/\/www.honlufoodtrailer.com\/shop\/"},{"@type":"ListItem","position":3,"name":"26ft Porch Style Concession Trailer French Polynesia"}]},{"@type":"WebSite","@id":"https:\/\/www.honlufoodtrailer.com\/#website","url":"https:\/\/www.honlufoodtrailer.com\/","name":"Remolque de comida Honlu","description":"","publisher":{"@id":"https:\/\/www.honlufoodtrailer.com\/#organization"},"potentialAction":[{"@type":"SearchAction","target":{"@type":"EntryPoint","urlTemplate":"https:\/\/www.honlufoodtrailer.com\/?s={search_term_string}"},"query-input":{"@type":"PropertyValueSpecification","valueRequired":true,"valueName":"search_term_string"}}],"inLanguage":"es"},{"@type":"Organization","@id":"https:\/\/www.honlufoodtrailer.com\/#organization","name":"Remolque de comida Honlu","url":"https:\/\/www.honlufoodtrailer.com\/","logo":{"@type":"ImageObject","inLanguage":"es","@id":"https:\/\/www.honlufoodtrailer.com\/#\/schema\/logo\/image\/","url":"https:\/\/www.honlufoodtrailer.com\/wp-content\/uploads\/2021\/12\/2.gif","contentUrl":"https:\/\/www.honlufoodtrailer.com\/wp-content\/uploads\/2021\/12\/2.gif","width":350,"height":100,"caption":"Honlu food trailer"},"image":{"@id":"https:\/\/www.honlufoodtrailer.com\/#\/schema\/logo\/image\/"}}]}},"_links":{"self":[{"href":"https:\/\/www.honlufoodtrailer.com\/es\/wp-json\/wp\/v2\/product\/8970","targetHints":{"allow":["GET"]}}],"collection":[{"href":"https:\/\/www.honlufoodtrailer.com\/es\/wp-json\/wp\/v2\/product"}],"about":[{"href":"https:\/\/www.honlufoodtrailer.com\/es\/wp-json\/wp\/v2\/types\/product"}],"version-history":[{"count":2,"href":"https:\/\/www.honlufoodtrailer.com\/es\/wp-json\/wp\/v2\/product\/8970\/revisions"}],"predecessor-version":[{"id":8985,"href":"https:\/\/www.honlufoodtrailer.com\/es\/wp-json\/wp\/v2\/product\/8970\/revisions\/8985"}],"wp:featuredmedia":[{"embeddable":true,"href":"https:\/\/www.honlufoodtrailer.com\/es\/wp-json\/wp\/v2\/media\/8976"}],"wp:attachment":[{"href":"https:\/\/www.honlufoodtrailer.com\/es\/wp-json\/wp\/v2\/media?parent=8970"}],"wp:term":[{"taxonomy":"product_brand","embeddable":true,"href":"https:\/\/www.honlufoodtrailer.com\/es\/wp-json\/wp\/v2\/product_brand?post=8970"},{"taxonomy":"product_cat","embeddable":true,"href":"https:\/\/www.honlufoodtrailer.com\/es\/wp-json\/wp\/v2\/product_cat?post=8970"},{"taxonomy":"product_tag","embeddable":true,"href":"https:\/\/www.honlufoodtrailer.com\/es\/wp-json\/wp\/v2\/product_tag?post=8970"}],"curies":[{"name":"wp","href":"https:\/\/api.w.org\/{rel}","templated":true}]}}