{"id":9004,"date":"2024-12-03T17:51:16","date_gmt":"2024-12-03T09:51:16","guid":{"rendered":"https:\/\/www.honlufoodtrailer.com\/?post_type=product&#038;p=9004"},"modified":"2025-02-14T11:41:46","modified_gmt":"2025-02-14T03:41:46","slug":"18ft-shipping-container-toilets-for-sale-seychelles","status":"publish","type":"product","link":"https:\/\/www.honlufoodtrailer.com\/es\/product\/18ft-shipping-container-toilets-for-sale-seychelles\/","title":{"rendered":"18.7ft Shipping Container WC para la venta Seychelles"},"content":{"rendered":"<p data-spm-anchor-id=\"a2700.wholesale.0.i28.29e52808agqc7f\">\u00bfEst\u00e1 buscando aseos en contenedores mar\u00edtimos? Vea este contenedor m\u00f3vil de 18,7 pies que hemos personalizado para un cliente de Seychelles. Es uno de los remolques que hemos personalizado para nuestros clientes. Veamos m\u00e1s detalles sobre \u00e9l.<\/p>\n<p data-spm-anchor-id=\"a2700.wholesale.0.i28.29e52808agqc7f\"><img fetchpriority=\"high\" decoding=\"async\" class=\"aligncenter size-full wp-image-9009\" src=\"https:\/\/www.honlufoodtrailer.com\/wp-content\/uploads\/2024\/12\/container-washroom.jpg\" alt=\"lavabo de contenedores\" width=\"720\" height=\"540\" srcset=\"https:\/\/www.honlufoodtrailer.com\/wp-content\/uploads\/2024\/12\/container-washroom.jpg 720w, https:\/\/www.honlufoodtrailer.com\/wp-content\/uploads\/2024\/12\/container-washroom-480x360.jpg 480w, https:\/\/www.honlufoodtrailer.com\/wp-content\/uploads\/2024\/12\/container-washroom-300x225.jpg 300w\" sizes=\"(max-width: 720px) 100vw, 720px\" \/> <img decoding=\"async\" class=\"aligncenter size-full wp-image-9012\" src=\"https:\/\/www.honlufoodtrailer.com\/wp-content\/uploads\/2024\/12\/portable-toilet-container.jpg\" alt=\"contenedor sanitario port\u00e1til\" width=\"720\" height=\"540\" srcset=\"https:\/\/www.honlufoodtrailer.com\/wp-content\/uploads\/2024\/12\/portable-toilet-container.jpg 720w, https:\/\/www.honlufoodtrailer.com\/wp-content\/uploads\/2024\/12\/portable-toilet-container-480x360.jpg 480w, https:\/\/www.honlufoodtrailer.com\/wp-content\/uploads\/2024\/12\/portable-toilet-container-300x225.jpg 300w\" sizes=\"(max-width: 720px) 100vw, 720px\" \/><\/p>\n<p data-spm-anchor-id=\"a2700.wholesale.0.i28.29e52808agqc7f\">Como podemos ver en las im\u00e1genes anteriores, este inodoro contenedor est\u00e1 dividido en tres habitaciones. Todo el cuerpo del contenedor es de color azul pavo real. En la parte delantera del contenedor hay tres puertas para entrar y salir. En la parte trasera del contenedor, hay dos ventanas y tres extractores. A continuaci\u00f3n, veamos los detalles interiores de este contenedor sanitario m\u00f3vil.<\/p>\n<h3>Detalles internos del remolque para el cliente de Seychelles<\/h3>\n<p data-spm-anchor-id=\"a2700.wholesale.0.i28.29e52808agqc7f\">Como podemos ver en las im\u00e1genes siguientes, hemos equipado el lavabo del contenedor con algunos equipos b\u00e1sicos seg\u00fan los requisitos del cliente. En cada una de las tres salas hay un extractor, un lavabo, un dispensador de jab\u00f3n de m\u00e9todo de presi\u00f3n montado en la pared, una caja de almacenamiento de pa\u00f1uelos montada en la pared, un inodoro y una ventana. Podemos personalizar el equipamiento interno seg\u00fan sus necesidades espec\u00edficas. Si tiene otros requisitos, no dude en ponerse en contacto con nosotros.<\/p>\n<p data-spm-anchor-id=\"a2700.wholesale.0.i28.29e52808agqc7f\"><img decoding=\"async\" class=\"aligncenter size-full wp-image-9015\" src=\"https:\/\/www.honlufoodtrailer.com\/wp-content\/uploads\/2024\/12\/Shipping-Container-Toilets-For-Sale-inner-details.jpg\" alt=\"Venta de aseos en contenedores mar\u00edtimos detalles interiores\" width=\"800\" height=\"800\" srcset=\"https:\/\/www.honlufoodtrailer.com\/wp-content\/uploads\/2024\/12\/Shipping-Container-Toilets-For-Sale-inner-details.jpg 800w, https:\/\/www.honlufoodtrailer.com\/wp-content\/uploads\/2024\/12\/Shipping-Container-Toilets-For-Sale-inner-details-768x768.jpg 768w, https:\/\/www.honlufoodtrailer.com\/wp-content\/uploads\/2024\/12\/Shipping-Container-Toilets-For-Sale-inner-details-360x360.jpg 360w, https:\/\/www.honlufoodtrailer.com\/wp-content\/uploads\/2024\/12\/Shipping-Container-Toilets-For-Sale-inner-details-300x300.jpg 300w, https:\/\/www.honlufoodtrailer.com\/wp-content\/uploads\/2024\/12\/Shipping-Container-Toilets-For-Sale-inner-details-720x720.jpg 720w, https:\/\/www.honlufoodtrailer.com\/wp-content\/uploads\/2024\/12\/Shipping-Container-Toilets-For-Sale-inner-details-100x100.jpg 100w\" sizes=\"(max-width: 800px) 100vw, 800px\" \/><\/p>\n<h3>Caracter\u00edsticas principales<\/h3>\n<div class=\"magic-7\">\n<div class=\"magic-8\">\n<div class=\"magic-9\" data-id=\"paragraph0\">\n<ol>\n<li>Aspecto moderno, dise\u00f1o \u00fanico, econ\u00f3mico y pr\u00e1ctico;<\/li>\n<li>Est\u00e1 hecho de material de acero inoxidable, duradero y resistente a la corrosi\u00f3n;<\/li>\n<li>El remolque est\u00e1 equipado con accesorios modernos y avanzados;<\/li>\n<li>C\u00f3modo y f\u00e1cil de mover;<\/li>\n<li>Aseos, lavabos y duchas<\/li>\n<li>Ventilaci\u00f3n y aislamiento<\/li>\n<li>Cortaviento e impermeable<\/li>\n<\/ol>\n<h3><img loading=\"lazy\" decoding=\"async\" class=\"aligncenter size-full wp-image-9011\" src=\"https:\/\/www.honlufoodtrailer.com\/wp-content\/uploads\/2024\/12\/mobile-toilet-container.jpg\" alt=\"contenedor sanitario m\u00f3vil\" width=\"720\" height=\"540\" srcset=\"https:\/\/www.honlufoodtrailer.com\/wp-content\/uploads\/2024\/12\/mobile-toilet-container.jpg 720w, https:\/\/www.honlufoodtrailer.com\/wp-content\/uploads\/2024\/12\/mobile-toilet-container-480x360.jpg 480w, https:\/\/www.honlufoodtrailer.com\/wp-content\/uploads\/2024\/12\/mobile-toilet-container-300x225.jpg 300w\" sizes=\"(max-width: 720px) 100vw, 720px\" \/>Qu\u00e9 puede obtener de nosotros<\/h3>\n<p>Como fabricante y exportador profesional de remolques con m\u00e1s de 10 a\u00f1os de experiencia, podemos beneficiar a los clientes en los siguientes aspectos.<\/p>\n<ol>\n<li>Podemos personalizar el estilo de aseo contenedor que desee en funci\u00f3n de sus necesidades espec\u00edficas. Por ejemplo, puede elegir la distribuci\u00f3n, el n\u00famero de cub\u00edculos y lavabos, e incluso a\u00f1adir duchas y cambiadores.<\/li>\n<li>Instalaremos accesorios de calidad que duren, el suelo y el revestimiento ser\u00e1n duraderos e impermeables, el espacio estar\u00e1 bien ventilado y ser\u00e1 f\u00e1cil de limpiar.<\/li>\n<li>Tanto si necesita una reubicaci\u00f3n peri\u00f3dica o una soluci\u00f3n temporal, como si desea instalar un aseo exterior permanente para sus empleados y clientes, nuestros aseos en contenedor son una gran elecci\u00f3n.<\/li>\n<\/ol>\n<p><img loading=\"lazy\" decoding=\"async\" class=\"aligncenter size-full wp-image-9010\" src=\"https:\/\/www.honlufoodtrailer.com\/wp-content\/uploads\/2024\/12\/container-with-toilet.jpg\" alt=\"contenedor con inodoro\" width=\"720\" height=\"540\" srcset=\"https:\/\/www.honlufoodtrailer.com\/wp-content\/uploads\/2024\/12\/container-with-toilet.jpg 720w, https:\/\/www.honlufoodtrailer.com\/wp-content\/uploads\/2024\/12\/container-with-toilet-480x360.jpg 480w, https:\/\/www.honlufoodtrailer.com\/wp-content\/uploads\/2024\/12\/container-with-toilet-300x225.jpg 300w\" sizes=\"(max-width: 720px) 100vw, 720px\" \/>Los modernos aseos en contenedor son una soluci\u00f3n eficaz y sostenible. Higi\u00e9nicos y f\u00e1ciles de limpiar, nuestros contenedores sanitarios port\u00e1tiles son una soluci\u00f3n temporal o permanente fiable para una gran variedad de lugares y entornos, como festivales, campings, obras, etc.<\/p>\n<h3>Personalizaciones disponibles:<\/h3>\n<ol>\n<li>Instalaci\u00f3n el\u00e9ctrica, calefacci\u00f3n e iluminaci\u00f3n<\/li>\n<li>A\u00f1ada la marca de su empresa<\/li>\n<li>Puertas, ventanas y claraboyas<\/li>\n<li>Acabados y colores<\/li>\n<li>Cualquier fabricaci\u00f3n a medida necesaria<\/li>\n<\/ol>\n<h3>Dibujo gratuito de planos 2D\/3D<\/h3>\n<p>Para los clientes que hayan encargado nuestro remolque, tras confirmar las dimensiones del remolque y el equipamiento interno de la cocina, podemos proporcionarle gratuitamente dibujos en 3D. As\u00ed tendr\u00e1 una idea m\u00e1s clara de su dise\u00f1o y de su remolque.<\/p>\n<\/div>\n<\/div>\n<\/div>","protected":false},"excerpt":{"rendered":"<p>Este es uno de nuestros aseos en contenedor de 5,7 m hechos a medida para un cliente de las Seychelles. <strong>Haga clic en las siguientes pesta\u00f1as para ver m\u00e1s detalles de este remolque para inodoros<\/strong>. Podemos fabricar un contenedor de aseo m\u00f3vil similar a este, o personalizar uno para usted. P\u00f3ngase en contacto con nosotros e ind\u00edquenos sus requisitos detallados. No dude en ponerse en contacto con nosotros.<\/p>","protected":false},"featured_media":9008,"template":"","meta":{"_themeisle_gutenberg_block_has_review":false},"product_brand":[],"product_cat":[26],"product_tag":[93,68],"class_list":{"0":"post-9004","1":"product","2":"type-product","3":"status-publish","4":"has-post-thumbnail","6":"product_cat-product","7":"product_tag-seychelles","8":"product_tag-toilet-trailer","10":"first","11":"instock","12":"featured","13":"shipping-taxable","14":"product-type-simple"},"yoast_head":"<!-- This site is optimized with the Yoast SEO plugin v27.4 - https:\/\/yoast.com\/product\/yoast-seo-wordpress\/ -->\n<title>18.7ft Shipping Container Toilets For Sale from China - Honlu<\/title>\n<meta name=\"description\" content=\"18.7ft mobile toilet made from shipping container, high quality with certificates, China factory price, click to get a quote now!\" \/>\n<meta name=\"robots\" content=\"index, follow, max-snippet:-1, max-image-preview:large, max-video-preview:-1\" \/>\n<link rel=\"canonical\" href=\"https:\/\/www.honlufoodtrailer.com\/es\/producto\/18ft-shipping-container-toilets-for-sale-seychelles\/\" \/>\n<meta property=\"og:locale\" content=\"es_ES\" \/>\n<meta property=\"og:type\" content=\"article\" \/>\n<meta property=\"og:title\" content=\"18.7ft Shipping Container Toilets For Sale from China - Honlu\" \/>\n<meta property=\"og:description\" content=\"18.7ft mobile toilet made from shipping container, high quality with certificates, China factory price, click to get a quote now!\" \/>\n<meta property=\"og:url\" content=\"https:\/\/www.honlufoodtrailer.com\/es\/producto\/18ft-shipping-container-toilets-for-sale-seychelles\/\" \/>\n<meta property=\"og:site_name\" content=\"Honlu food trailer\" \/>\n<meta property=\"article:modified_time\" content=\"2025-02-14T03:41:46+00:00\" \/>\n<meta property=\"og:image\" content=\"https:\/\/www.honlufoodtrailer.com\/wp-content\/uploads\/2024\/12\/container-toilets-for-sale.jpg\" \/>\n\t<meta property=\"og:image:width\" content=\"720\" \/>\n\t<meta property=\"og:image:height\" content=\"540\" \/>\n\t<meta property=\"og:image:type\" content=\"image\/jpeg\" \/>\n<meta name=\"twitter:card\" content=\"summary_large_image\" \/>\n<meta name=\"twitter:label1\" content=\"Tiempo de lectura\" \/>\n\t<meta name=\"twitter:data1\" content=\"1 minuto\" \/>\n<script type=\"application\/ld+json\" class=\"yoast-schema-graph\">{\"@context\":\"https:\\\/\\\/schema.org\",\"@graph\":[{\"@type\":\"WebPage\",\"@id\":\"https:\\\/\\\/www.honlufoodtrailer.com\\\/product\\\/18ft-shipping-container-toilets-for-sale-seychelles\\\/\",\"url\":\"https:\\\/\\\/www.honlufoodtrailer.com\\\/product\\\/18ft-shipping-container-toilets-for-sale-seychelles\\\/\",\"name\":\"18.7ft Shipping Container Toilets For Sale from China - Honlu\",\"isPartOf\":{\"@id\":\"https:\\\/\\\/www.honlufoodtrailer.com\\\/#website\"},\"primaryImageOfPage\":{\"@id\":\"https:\\\/\\\/www.honlufoodtrailer.com\\\/product\\\/18ft-shipping-container-toilets-for-sale-seychelles\\\/#primaryimage\"},\"image\":{\"@id\":\"https:\\\/\\\/www.honlufoodtrailer.com\\\/product\\\/18ft-shipping-container-toilets-for-sale-seychelles\\\/#primaryimage\"},\"thumbnailUrl\":\"https:\\\/\\\/www.honlufoodtrailer.com\\\/wp-content\\\/uploads\\\/2024\\\/12\\\/container-toilets-for-sale.jpg\",\"datePublished\":\"2024-12-03T09:51:16+00:00\",\"dateModified\":\"2025-02-14T03:41:46+00:00\",\"description\":\"18.7ft mobile toilet made from shipping container, high quality with certificates, China factory price, click to get a quote now!\",\"breadcrumb\":{\"@id\":\"https:\\\/\\\/www.honlufoodtrailer.com\\\/product\\\/18ft-shipping-container-toilets-for-sale-seychelles\\\/#breadcrumb\"},\"inLanguage\":\"es\",\"potentialAction\":[{\"@type\":\"ReadAction\",\"target\":[\"https:\\\/\\\/www.honlufoodtrailer.com\\\/product\\\/18ft-shipping-container-toilets-for-sale-seychelles\\\/\"]}]},{\"@type\":\"ImageObject\",\"inLanguage\":\"es\",\"@id\":\"https:\\\/\\\/www.honlufoodtrailer.com\\\/product\\\/18ft-shipping-container-toilets-for-sale-seychelles\\\/#primaryimage\",\"url\":\"https:\\\/\\\/www.honlufoodtrailer.com\\\/wp-content\\\/uploads\\\/2024\\\/12\\\/container-toilets-for-sale.jpg\",\"contentUrl\":\"https:\\\/\\\/www.honlufoodtrailer.com\\\/wp-content\\\/uploads\\\/2024\\\/12\\\/container-toilets-for-sale.jpg\",\"width\":720,\"height\":540,\"caption\":\"container toilets for sale\"},{\"@type\":\"BreadcrumbList\",\"@id\":\"https:\\\/\\\/www.honlufoodtrailer.com\\\/product\\\/18ft-shipping-container-toilets-for-sale-seychelles\\\/#breadcrumb\",\"itemListElement\":[{\"@type\":\"ListItem\",\"position\":1,\"name\":\"Home\",\"item\":\"https:\\\/\\\/www.honlufoodtrailer.com\\\/\"},{\"@type\":\"ListItem\",\"position\":2,\"name\":\"\u4ea7\u54c1\",\"item\":\"https:\\\/\\\/www.honlufoodtrailer.com\\\/shop\\\/\"},{\"@type\":\"ListItem\",\"position\":3,\"name\":\"18.7ft Shipping Container Toilets For Sale Seychelles\"}]},{\"@type\":\"WebSite\",\"@id\":\"https:\\\/\\\/www.honlufoodtrailer.com\\\/#website\",\"url\":\"https:\\\/\\\/www.honlufoodtrailer.com\\\/\",\"name\":\"Honlu food trailer\",\"description\":\"\",\"publisher\":{\"@id\":\"https:\\\/\\\/www.honlufoodtrailer.com\\\/#organization\"},\"potentialAction\":[{\"@type\":\"SearchAction\",\"target\":{\"@type\":\"EntryPoint\",\"urlTemplate\":\"https:\\\/\\\/www.honlufoodtrailer.com\\\/?s={search_term_string}\"},\"query-input\":{\"@type\":\"PropertyValueSpecification\",\"valueRequired\":true,\"valueName\":\"search_term_string\"}}],\"inLanguage\":\"es\"},{\"@type\":\"Organization\",\"@id\":\"https:\\\/\\\/www.honlufoodtrailer.com\\\/#organization\",\"name\":\"Honlu food trailer\",\"url\":\"https:\\\/\\\/www.honlufoodtrailer.com\\\/\",\"logo\":{\"@type\":\"ImageObject\",\"inLanguage\":\"es\",\"@id\":\"https:\\\/\\\/www.honlufoodtrailer.com\\\/#\\\/schema\\\/logo\\\/image\\\/\",\"url\":\"https:\\\/\\\/www.honlufoodtrailer.com\\\/wp-content\\\/uploads\\\/2021\\\/12\\\/2.gif\",\"contentUrl\":\"https:\\\/\\\/www.honlufoodtrailer.com\\\/wp-content\\\/uploads\\\/2021\\\/12\\\/2.gif\",\"width\":350,\"height\":100,\"caption\":\"Honlu food trailer\"},\"image\":{\"@id\":\"https:\\\/\\\/www.honlufoodtrailer.com\\\/#\\\/schema\\\/logo\\\/image\\\/\"}}]}<\/script>\n<!-- \/ Yoast SEO plugin. -->","yoast_head_json":{"title":"18,7 pies de contenedores de env\u00edo de aseos para la venta de China - Honlu","description":"\u00a118.7ft inodoro m\u00f3vil hecha de contenedor de transporte, de alta calidad con certificados, precio de f\u00e1brica de China, haga clic para obtener una cotizaci\u00f3n ahora!","robots":{"index":"index","follow":"follow","max-snippet":"max-snippet:-1","max-image-preview":"max-image-preview:large","max-video-preview":"max-video-preview:-1"},"canonical":"https:\/\/www.honlufoodtrailer.com\/es\/producto\/18ft-shipping-container-toilets-for-sale-seychelles\/","og_locale":"es_ES","og_type":"article","og_title":"18.7ft Shipping Container Toilets For Sale from China - Honlu","og_description":"18.7ft mobile toilet made from shipping container, high quality with certificates, China factory price, click to get a quote now!","og_url":"https:\/\/www.honlufoodtrailer.com\/es\/producto\/18ft-shipping-container-toilets-for-sale-seychelles\/","og_site_name":"Honlu food trailer","article_modified_time":"2025-02-14T03:41:46+00:00","og_image":[{"width":720,"height":540,"url":"https:\/\/www.honlufoodtrailer.com\/wp-content\/uploads\/2024\/12\/container-toilets-for-sale.jpg","type":"image\/jpeg"}],"twitter_card":"summary_large_image","twitter_misc":{"Tiempo de lectura":"1 minuto"},"schema":{"@context":"https:\/\/schema.org","@graph":[{"@type":"WebPage","@id":"https:\/\/www.honlufoodtrailer.com\/product\/18ft-shipping-container-toilets-for-sale-seychelles\/","url":"https:\/\/www.honlufoodtrailer.com\/product\/18ft-shipping-container-toilets-for-sale-seychelles\/","name":"18,7 pies de contenedores de env\u00edo de aseos para la venta de China - Honlu","isPartOf":{"@id":"https:\/\/www.honlufoodtrailer.com\/#website"},"primaryImageOfPage":{"@id":"https:\/\/www.honlufoodtrailer.com\/product\/18ft-shipping-container-toilets-for-sale-seychelles\/#primaryimage"},"image":{"@id":"https:\/\/www.honlufoodtrailer.com\/product\/18ft-shipping-container-toilets-for-sale-seychelles\/#primaryimage"},"thumbnailUrl":"https:\/\/www.honlufoodtrailer.com\/wp-content\/uploads\/2024\/12\/container-toilets-for-sale.jpg","datePublished":"2024-12-03T09:51:16+00:00","dateModified":"2025-02-14T03:41:46+00:00","description":"\u00a118.7ft inodoro m\u00f3vil hecha de contenedor de transporte, de alta calidad con certificados, precio de f\u00e1brica de China, haga clic para obtener una cotizaci\u00f3n ahora!","breadcrumb":{"@id":"https:\/\/www.honlufoodtrailer.com\/product\/18ft-shipping-container-toilets-for-sale-seychelles\/#breadcrumb"},"inLanguage":"es","potentialAction":[{"@type":"ReadAction","target":["https:\/\/www.honlufoodtrailer.com\/product\/18ft-shipping-container-toilets-for-sale-seychelles\/"]}]},{"@type":"ImageObject","inLanguage":"es","@id":"https:\/\/www.honlufoodtrailer.com\/product\/18ft-shipping-container-toilets-for-sale-seychelles\/#primaryimage","url":"https:\/\/www.honlufoodtrailer.com\/wp-content\/uploads\/2024\/12\/container-toilets-for-sale.jpg","contentUrl":"https:\/\/www.honlufoodtrailer.com\/wp-content\/uploads\/2024\/12\/container-toilets-for-sale.jpg","width":720,"height":540,"caption":"container toilets for sale"},{"@type":"BreadcrumbList","@id":"https:\/\/www.honlufoodtrailer.com\/product\/18ft-shipping-container-toilets-for-sale-seychelles\/#breadcrumb","itemListElement":[{"@type":"ListItem","position":1,"name":"Home","item":"https:\/\/www.honlufoodtrailer.com\/"},{"@type":"ListItem","position":2,"name":"\u4ea7\u54c1","item":"https:\/\/www.honlufoodtrailer.com\/shop\/"},{"@type":"ListItem","position":3,"name":"18.7ft Shipping Container Toilets For Sale Seychelles"}]},{"@type":"WebSite","@id":"https:\/\/www.honlufoodtrailer.com\/#website","url":"https:\/\/www.honlufoodtrailer.com\/","name":"Remolque de comida Honlu","description":"","publisher":{"@id":"https:\/\/www.honlufoodtrailer.com\/#organization"},"potentialAction":[{"@type":"SearchAction","target":{"@type":"EntryPoint","urlTemplate":"https:\/\/www.honlufoodtrailer.com\/?s={search_term_string}"},"query-input":{"@type":"PropertyValueSpecification","valueRequired":true,"valueName":"search_term_string"}}],"inLanguage":"es"},{"@type":"Organization","@id":"https:\/\/www.honlufoodtrailer.com\/#organization","name":"Remolque de comida Honlu","url":"https:\/\/www.honlufoodtrailer.com\/","logo":{"@type":"ImageObject","inLanguage":"es","@id":"https:\/\/www.honlufoodtrailer.com\/#\/schema\/logo\/image\/","url":"https:\/\/www.honlufoodtrailer.com\/wp-content\/uploads\/2021\/12\/2.gif","contentUrl":"https:\/\/www.honlufoodtrailer.com\/wp-content\/uploads\/2021\/12\/2.gif","width":350,"height":100,"caption":"Honlu food trailer"},"image":{"@id":"https:\/\/www.honlufoodtrailer.com\/#\/schema\/logo\/image\/"}}]}},"_links":{"self":[{"href":"https:\/\/www.honlufoodtrailer.com\/es\/wp-json\/wp\/v2\/product\/9004","targetHints":{"allow":["GET"]}}],"collection":[{"href":"https:\/\/www.honlufoodtrailer.com\/es\/wp-json\/wp\/v2\/product"}],"about":[{"href":"https:\/\/www.honlufoodtrailer.com\/es\/wp-json\/wp\/v2\/types\/product"}],"version-history":[{"count":6,"href":"https:\/\/www.honlufoodtrailer.com\/es\/wp-json\/wp\/v2\/product\/9004\/revisions"}],"predecessor-version":[{"id":9476,"href":"https:\/\/www.honlufoodtrailer.com\/es\/wp-json\/wp\/v2\/product\/9004\/revisions\/9476"}],"wp:featuredmedia":[{"embeddable":true,"href":"https:\/\/www.honlufoodtrailer.com\/es\/wp-json\/wp\/v2\/media\/9008"}],"wp:attachment":[{"href":"https:\/\/www.honlufoodtrailer.com\/es\/wp-json\/wp\/v2\/media?parent=9004"}],"wp:term":[{"taxonomy":"product_brand","embeddable":true,"href":"https:\/\/www.honlufoodtrailer.com\/es\/wp-json\/wp\/v2\/product_brand?post=9004"},{"taxonomy":"product_cat","embeddable":true,"href":"https:\/\/www.honlufoodtrailer.com\/es\/wp-json\/wp\/v2\/product_cat?post=9004"},{"taxonomy":"product_tag","embeddable":true,"href":"https:\/\/www.honlufoodtrailer.com\/es\/wp-json\/wp\/v2\/product_tag?post=9004"}],"curies":[{"name":"wp","href":"https:\/\/api.w.org\/{rel}","templated":true}]}}