{"id":2540,"date":"2022-03-17T17:35:22","date_gmt":"2022-03-17T09:35:22","guid":{"rendered":"https:\/\/www.honlufoodtrailer.com\/?post_type=product&#038;p=2540"},"modified":"2024-10-28T18:18:12","modified_gmt":"2024-10-28T10:18:12","slug":"mobile-food-trailer-with-porch","status":"publish","type":"product","link":"https:\/\/www.honlufoodtrailer.com\/fr\/product\/mobile-food-trailer-with-porch\/","title":{"rendered":"Remorque alimentaire mobile avec porche"},"content":{"rendered":"<p data-spm-anchor-id=\"a2700.wholesale.0.i28.29e52808agqc7f\">Il s&#039;agit d&#039;une remorque-restaurant am\u00e9nag\u00e9e avec terrasse. Le v\u00e9hicule mesure quatre m\u00e8tres de long, dont un m\u00e8tre pour la terrasse. La fen\u00eatre de service avant est coulissante et l&#039;am\u00e9nagement int\u00e9rieur est en acier inoxydable. Cette remorque-restaurant peut servir de restaurant-barbecue, de four \u00e0 pizza, de barbecue en plein air, etc.<\/p>\n<p><img fetchpriority=\"high\" decoding=\"async\" class=\"size-full wp-image-2547 aligncenter\" src=\"https:\/\/www.honlufoodtrailer.com\/wp-content\/uploads\/2022\/01\/Mobile-food-trailer-with-porch-21-8130-2.jpg\" alt=\"Remorque alimentaire mobile avec porche-21-8130 (2)\" width=\"720\" height=\"540\" srcset=\"https:\/\/www.honlufoodtrailer.com\/wp-content\/uploads\/2022\/01\/Mobile-food-trailer-with-porch-21-8130-2.jpg 720w, https:\/\/www.honlufoodtrailer.com\/wp-content\/uploads\/2022\/01\/Mobile-food-trailer-with-porch-21-8130-2-300x225.jpg 300w\" sizes=\"(max-width: 720px) 100vw, 720px\" \/><br \/>\nLes plans de travail, les \u00e9quipements de cuisine et les quatre \u00e9viers sur mesure int\u00e9gr\u00e9s \u00e0 la structure sont tous en acier inoxydable.<\/p>\n<p><img decoding=\"async\" class=\"size-full wp-image-4305 aligncenter\" src=\"https:\/\/www.honlufoodtrailer.com\/wp-content\/uploads\/2022\/03\/Inner-structure-of-the-mobile-food-trailer-with-porch.jpg\" alt=\"Structure int\u00e9rieure de la remorque alimentaire mobile avec porche\" width=\"720\" height=\"720\" srcset=\"https:\/\/www.honlufoodtrailer.com\/wp-content\/uploads\/2022\/03\/Inner-structure-of-the-mobile-food-trailer-with-porch.jpg 720w, https:\/\/www.honlufoodtrailer.com\/wp-content\/uploads\/2022\/03\/Inner-structure-of-the-mobile-food-trailer-with-porch-360x360.jpg 360w, https:\/\/www.honlufoodtrailer.com\/wp-content\/uploads\/2022\/03\/Inner-structure-of-the-mobile-food-trailer-with-porch-300x300.jpg 300w, https:\/\/www.honlufoodtrailer.com\/wp-content\/uploads\/2022\/03\/Inner-structure-of-the-mobile-food-trailer-with-porch-100x100.jpg 100w\" sizes=\"(max-width: 720px) 100vw, 720px\" \/><\/p>\n<p>Le client souhaitait d\u00e9velopper une activit\u00e9 de barbecue mais s&#039;inqui\u00e9tait \u00e9galement de l&#039;impact sur l&#039;environnement int\u00e9rieur de la remorque ; nous avons donc am\u00e9nag\u00e9 sur mesure un porche d&#039;un m\u00e8tre de long pour le client.<\/p>\n<p data-spm-anchor-id=\"a2700.wholesale.0.i28.29e52808agqc7f\">Ce mod\u00e8le de remorque alimentaire est le mod\u00e8le privil\u00e9gi\u00e9 pour d\u00e9marrer des entreprises de restauration rapide, r\u00e9pondre aux commandes group\u00e9es des centres commerciaux, g\u00e9rer de mani\u00e8re centralis\u00e9e la restauration rapide de rue et organiser des pique-niques familiaux.<\/p>\n<h3 class=\"magic-6\" data-spm-anchor-id=\"a2700.wholesale.0.i28.29e52808agqc7f\">Caract\u00e9ristiques principales de la remorque alimentaire mobile avec porche<\/h3>\n<div class=\"magic-7\">\n<div class=\"magic-8\">\n<div class=\"magic-9\" data-id=\"paragraph0\">\n<ol>\n<li>L'aspect \u00e0 la mode peut \u00eatre personnalis\u00e9 ;<\/li>\n<li>Corps et structure interne de la remorque en acier inoxydable, bonne r\u00e9sistance \u00e0 la chaleur, \u00e0 l'usure et \u00e0 la corrosion ;<\/li>\n<li>Il est r\u00e9sistant aux chocs et \u00e0 la corrosion, il r\u00e9siste \u00e0 la chaleur et sa r\u00e9sistance est \u00e9lev\u00e9e, ses couleurs sont r\u00e9sistantes, il ne se d\u00e9forme pas, il est imperm\u00e9able \u00e0 l'eau et il a une longue dur\u00e9e de vie ;<\/li>\n<li>L\u2019emplacement des \u00e9quipements de cuisine et des conduites de gaz est r\u00e9serv\u00e9 aux clients\u00a0;<\/li>\n<li>Nous nous ferons un plaisir de le modifier en fonction de vos besoins.<\/li>\n<\/ol>\n<figure id=\"attachment_2549\" aria-describedby=\"caption-attachment-2549\" style=\"width: 1440px\" class=\"wp-caption alignnone\"><img decoding=\"async\" class=\"size-full wp-image-2549\" src=\"https:\/\/www.honlufoodtrailer.com\/wp-content\/uploads\/2022\/01\/Detail-image-Mobile-food-trailer-with-porch-21-8130.jpg\" alt=\"Image d\u00e9taill\u00e9e - Remorque alimentaire mobile avec porche-21-8130\" width=\"1440\" height=\"1080\" srcset=\"https:\/\/www.honlufoodtrailer.com\/wp-content\/uploads\/2022\/01\/Detail-image-Mobile-food-trailer-with-porch-21-8130.jpg 1440w, https:\/\/www.honlufoodtrailer.com\/wp-content\/uploads\/2022\/01\/Detail-image-Mobile-food-trailer-with-porch-21-8130-300x225.jpg 300w, https:\/\/www.honlufoodtrailer.com\/wp-content\/uploads\/2022\/01\/Detail-image-Mobile-food-trailer-with-porch-21-8130-720x540.jpg 720w, https:\/\/www.honlufoodtrailer.com\/wp-content\/uploads\/2022\/01\/Detail-image-Mobile-food-trailer-with-porch-21-8130-768x576.jpg 768w\" sizes=\"(max-width: 1440px) 100vw, 1440px\" \/><figcaption id=\"caption-attachment-2549\" class=\"wp-caption-text\">Remorque alimentaire mobile avec porche-21-8130<\/figcaption><\/figure>\n<h3>Dessin de plan d'\u00e9tage 2D\/3D gratuit<\/h3>\n<p>Apr\u00e8s avoir confirm\u00e9 les dimensions de <a href=\"https:\/\/www.honlufoodtrailer.com\/fr\/product\/\" target=\"_blank\" rel=\"noopener\">remorque alimentaire<\/a> Concernant l&#039;\u00e9quipement de cuisine interne, nous pouvons vous fournir gratuitement des plans 3D. Cela vous permettra de mieux visualiser votre am\u00e9nagement et votre food truck. Pour confirmer l&#039;emplacement de l&#039;\u00e9quipement, nous pourrons communiquer clairement avec vous gr\u00e2ce au plan d&#039;\u00e9tage. Nous pouvons \u00e9galement vous fournir les documents originaux afin de faciliter votre conception et d&#039;effectuer des modifications.<\/p>\n<\/div>\n<\/div>\n<\/div>\n<div class=\"magic-7\">\n<div class=\"magic-8\">\n<div class=\"magic-9\" data-id=\"paragraph0\"><\/div>\n<\/div>\n<\/div>","protected":false},"excerpt":{"rendered":"<p>Il s&#039;agit d&#039;une remorque-restaurant am\u00e9nag\u00e9e avec une terrasse. Le v\u00e9hicule mesure quatre m\u00e8tres de long et la terrasse un m\u00e8tre. La fen\u00eatre de service \u00e0 l&#039;avant est coulissante et l&#039;am\u00e9nagement int\u00e9rieur est en acier inoxydable. Cette remorque-restaurant avec terrasse permet de faire des grillades, des pizzas, des barbecues en plein air, etc.<\/p>","protected":false},"featured_media":2541,"template":"","meta":{"_themeisle_gutenberg_block_has_review":false},"product_brand":[],"product_cat":[26],"product_tag":[33,41,38],"class_list":{"0":"post-2540","1":"product","2":"type-product","3":"status-publish","4":"has-post-thumbnail","6":"product_cat-product","7":"product_tag-customized-trailer","8":"product_tag-galvanized-trailer","9":"product_tag-mobile-food-trailer","11":"first","12":"instock","13":"shipping-taxable","14":"product-type-simple"},"yoast_head":"<!-- This site is optimized with the Yoast SEO plugin v27.5 - https:\/\/yoast.com\/product\/yoast-seo-wordpress\/ -->\n<title>Mobile Food Trailer With Porch from China - Honlu Food Trailer<\/title>\n<meta name=\"description\" content=\"This is a customized food trailer with a porch. The whole vehicle is four meters long and the porch is one meter long. The service window on the front adopts a sliding window, and the internal equipment is made of stainless steel. This porch food trailer can do BBQ, pizza oven, outdoor barbecue, etc.\" \/>\n<meta name=\"robots\" content=\"index, follow, max-snippet:-1, max-image-preview:large, max-video-preview:-1\" \/>\n<link rel=\"canonical\" href=\"https:\/\/www.honlufoodtrailer.com\/fr\/product\/mobile-food-trailer-with-porch\/\" \/>\n<meta property=\"og:locale\" content=\"fr_FR\" \/>\n<meta property=\"og:type\" content=\"article\" \/>\n<meta property=\"og:title\" content=\"Mobile Food Trailer With Porch from China - Honlu Food Trailer\" \/>\n<meta property=\"og:description\" content=\"This is a customized food trailer with a porch. The whole vehicle is four meters long and the porch is one meter long. The service window on the front adopts a sliding window, and the internal equipment is made of stainless steel. This porch food trailer can do BBQ, pizza oven, outdoor barbecue, etc.\" \/>\n<meta property=\"og:url\" content=\"https:\/\/www.honlufoodtrailer.com\/fr\/product\/mobile-food-trailer-with-porch\/\" \/>\n<meta property=\"og:site_name\" content=\"Honlu food trailer\" \/>\n<meta property=\"article:modified_time\" content=\"2024-10-28T10:18:12+00:00\" \/>\n<meta property=\"og:image\" content=\"https:\/\/www.honlufoodtrailer.com\/wp-content\/uploads\/2022\/01\/Mobile-food-trailer-with-porch-21-8130.jpg\" \/>\n\t<meta property=\"og:image:width\" content=\"720\" \/>\n\t<meta property=\"og:image:height\" content=\"540\" \/>\n\t<meta property=\"og:image:type\" content=\"image\/jpeg\" \/>\n<meta name=\"twitter:card\" content=\"summary_large_image\" \/>\n<meta name=\"twitter:label1\" content=\"Dur\u00e9e de lecture estim\u00e9e\" \/>\n\t<meta name=\"twitter:data1\" content=\"2 minutes\" \/>\n<script type=\"application\/ld+json\" class=\"yoast-schema-graph\">{\"@context\":\"https:\\\/\\\/schema.org\",\"@graph\":[{\"@type\":\"WebPage\",\"@id\":\"https:\\\/\\\/www.honlufoodtrailer.com\\\/product\\\/mobile-food-trailer-with-porch\\\/\",\"url\":\"https:\\\/\\\/www.honlufoodtrailer.com\\\/product\\\/mobile-food-trailer-with-porch\\\/\",\"name\":\"Mobile Food Trailer With Porch from China - Honlu Food Trailer\",\"isPartOf\":{\"@id\":\"https:\\\/\\\/www.honlufoodtrailer.com\\\/#website\"},\"primaryImageOfPage\":{\"@id\":\"https:\\\/\\\/www.honlufoodtrailer.com\\\/product\\\/mobile-food-trailer-with-porch\\\/#primaryimage\"},\"image\":{\"@id\":\"https:\\\/\\\/www.honlufoodtrailer.com\\\/product\\\/mobile-food-trailer-with-porch\\\/#primaryimage\"},\"thumbnailUrl\":\"https:\\\/\\\/www.honlufoodtrailer.com\\\/wp-content\\\/uploads\\\/2022\\\/01\\\/Mobile-food-trailer-with-porch-21-8130.jpg\",\"datePublished\":\"2022-03-17T09:35:22+00:00\",\"dateModified\":\"2024-10-28T10:18:12+00:00\",\"description\":\"This is a customized food trailer with a porch. The whole vehicle is four meters long and the porch is one meter long. The service window on the front adopts a sliding window, and the internal equipment is made of stainless steel. This porch food trailer can do BBQ, pizza oven, outdoor barbecue, etc.\",\"breadcrumb\":{\"@id\":\"https:\\\/\\\/www.honlufoodtrailer.com\\\/product\\\/mobile-food-trailer-with-porch\\\/#breadcrumb\"},\"inLanguage\":\"fr-FR\",\"potentialAction\":[{\"@type\":\"ReadAction\",\"target\":[\"https:\\\/\\\/www.honlufoodtrailer.com\\\/product\\\/mobile-food-trailer-with-porch\\\/\"]}]},{\"@type\":\"ImageObject\",\"inLanguage\":\"fr-FR\",\"@id\":\"https:\\\/\\\/www.honlufoodtrailer.com\\\/product\\\/mobile-food-trailer-with-porch\\\/#primaryimage\",\"url\":\"https:\\\/\\\/www.honlufoodtrailer.com\\\/wp-content\\\/uploads\\\/2022\\\/01\\\/Mobile-food-trailer-with-porch-21-8130.jpg\",\"contentUrl\":\"https:\\\/\\\/www.honlufoodtrailer.com\\\/wp-content\\\/uploads\\\/2022\\\/01\\\/Mobile-food-trailer-with-porch-21-8130.jpg\",\"width\":720,\"height\":540,\"caption\":\"Mobile food trailer with porch-21-8130\"},{\"@type\":\"BreadcrumbList\",\"@id\":\"https:\\\/\\\/www.honlufoodtrailer.com\\\/product\\\/mobile-food-trailer-with-porch\\\/#breadcrumb\",\"itemListElement\":[{\"@type\":\"ListItem\",\"position\":1,\"name\":\"Home\",\"item\":\"https:\\\/\\\/www.honlufoodtrailer.com\\\/\"},{\"@type\":\"ListItem\",\"position\":2,\"name\":\"\u4ea7\u54c1\",\"item\":\"https:\\\/\\\/www.honlufoodtrailer.com\\\/shop\\\/\"},{\"@type\":\"ListItem\",\"position\":3,\"name\":\"Mobile Food Trailer With Porch\"}]},{\"@type\":\"WebSite\",\"@id\":\"https:\\\/\\\/www.honlufoodtrailer.com\\\/#website\",\"url\":\"https:\\\/\\\/www.honlufoodtrailer.com\\\/\",\"name\":\"Honlu food trailer\",\"description\":\"\",\"publisher\":{\"@id\":\"https:\\\/\\\/www.honlufoodtrailer.com\\\/#organization\"},\"potentialAction\":[{\"@type\":\"SearchAction\",\"target\":{\"@type\":\"EntryPoint\",\"urlTemplate\":\"https:\\\/\\\/www.honlufoodtrailer.com\\\/?s={search_term_string}\"},\"query-input\":{\"@type\":\"PropertyValueSpecification\",\"valueRequired\":true,\"valueName\":\"search_term_string\"}}],\"inLanguage\":\"fr-FR\"},{\"@type\":\"Organization\",\"@id\":\"https:\\\/\\\/www.honlufoodtrailer.com\\\/#organization\",\"name\":\"Honlu food trailer\",\"url\":\"https:\\\/\\\/www.honlufoodtrailer.com\\\/\",\"logo\":{\"@type\":\"ImageObject\",\"inLanguage\":\"fr-FR\",\"@id\":\"https:\\\/\\\/www.honlufoodtrailer.com\\\/#\\\/schema\\\/logo\\\/image\\\/\",\"url\":\"https:\\\/\\\/www.honlufoodtrailer.com\\\/wp-content\\\/uploads\\\/2021\\\/12\\\/2.gif\",\"contentUrl\":\"https:\\\/\\\/www.honlufoodtrailer.com\\\/wp-content\\\/uploads\\\/2021\\\/12\\\/2.gif\",\"width\":350,\"height\":100,\"caption\":\"Honlu food trailer\"},\"image\":{\"@id\":\"https:\\\/\\\/www.honlufoodtrailer.com\\\/#\\\/schema\\\/logo\\\/image\\\/\"}}]}<\/script>\n<!-- \/ Yoast SEO plugin. -->","yoast_head_json":{"title":"Remorque alimentaire mobile avec porche en provenance de Chine - Remorque alimentaire Honlu","description":"Il s&#039;agit d&#039;une remorque-restaurant am\u00e9nag\u00e9e avec une terrasse. Le v\u00e9hicule mesure quatre m\u00e8tres de long et la terrasse un m\u00e8tre. La fen\u00eatre de service \u00e0 l&#039;avant est coulissante et l&#039;am\u00e9nagement int\u00e9rieur est en acier inoxydable. Cette remorque-restaurant avec terrasse permet de faire des grillades, des pizzas, des barbecues en plein air, etc.","robots":{"index":"index","follow":"follow","max-snippet":"max-snippet:-1","max-image-preview":"max-image-preview:large","max-video-preview":"max-video-preview:-1"},"canonical":"https:\/\/www.honlufoodtrailer.com\/fr\/product\/mobile-food-trailer-with-porch\/","og_locale":"fr_FR","og_type":"article","og_title":"Mobile Food Trailer With Porch from China - Honlu Food Trailer","og_description":"This is a customized food trailer with a porch. The whole vehicle is four meters long and the porch is one meter long. The service window on the front adopts a sliding window, and the internal equipment is made of stainless steel. This porch food trailer can do BBQ, pizza oven, outdoor barbecue, etc.","og_url":"https:\/\/www.honlufoodtrailer.com\/fr\/product\/mobile-food-trailer-with-porch\/","og_site_name":"Honlu food trailer","article_modified_time":"2024-10-28T10:18:12+00:00","og_image":[{"width":720,"height":540,"url":"https:\/\/www.honlufoodtrailer.com\/wp-content\/uploads\/2022\/01\/Mobile-food-trailer-with-porch-21-8130.jpg","type":"image\/jpeg"}],"twitter_card":"summary_large_image","twitter_misc":{"Dur\u00e9e de lecture estim\u00e9e":"2 minutes"},"schema":{"@context":"https:\/\/schema.org","@graph":[{"@type":"WebPage","@id":"https:\/\/www.honlufoodtrailer.com\/product\/mobile-food-trailer-with-porch\/","url":"https:\/\/www.honlufoodtrailer.com\/product\/mobile-food-trailer-with-porch\/","name":"Remorque alimentaire mobile avec porche en provenance de Chine - Remorque alimentaire Honlu","isPartOf":{"@id":"https:\/\/www.honlufoodtrailer.com\/#website"},"primaryImageOfPage":{"@id":"https:\/\/www.honlufoodtrailer.com\/product\/mobile-food-trailer-with-porch\/#primaryimage"},"image":{"@id":"https:\/\/www.honlufoodtrailer.com\/product\/mobile-food-trailer-with-porch\/#primaryimage"},"thumbnailUrl":"https:\/\/www.honlufoodtrailer.com\/wp-content\/uploads\/2022\/01\/Mobile-food-trailer-with-porch-21-8130.jpg","datePublished":"2022-03-17T09:35:22+00:00","dateModified":"2024-10-28T10:18:12+00:00","description":"Il s&#039;agit d&#039;une remorque-restaurant am\u00e9nag\u00e9e avec une terrasse. Le v\u00e9hicule mesure quatre m\u00e8tres de long et la terrasse un m\u00e8tre. La fen\u00eatre de service \u00e0 l&#039;avant est coulissante et l&#039;am\u00e9nagement int\u00e9rieur est en acier inoxydable. Cette remorque-restaurant avec terrasse permet de faire des grillades, des pizzas, des barbecues en plein air, etc.","breadcrumb":{"@id":"https:\/\/www.honlufoodtrailer.com\/product\/mobile-food-trailer-with-porch\/#breadcrumb"},"inLanguage":"fr-FR","potentialAction":[{"@type":"ReadAction","target":["https:\/\/www.honlufoodtrailer.com\/product\/mobile-food-trailer-with-porch\/"]}]},{"@type":"ImageObject","inLanguage":"fr-FR","@id":"https:\/\/www.honlufoodtrailer.com\/product\/mobile-food-trailer-with-porch\/#primaryimage","url":"https:\/\/www.honlufoodtrailer.com\/wp-content\/uploads\/2022\/01\/Mobile-food-trailer-with-porch-21-8130.jpg","contentUrl":"https:\/\/www.honlufoodtrailer.com\/wp-content\/uploads\/2022\/01\/Mobile-food-trailer-with-porch-21-8130.jpg","width":720,"height":540,"caption":"Mobile food trailer with porch-21-8130"},{"@type":"BreadcrumbList","@id":"https:\/\/www.honlufoodtrailer.com\/product\/mobile-food-trailer-with-porch\/#breadcrumb","itemListElement":[{"@type":"ListItem","position":1,"name":"Home","item":"https:\/\/www.honlufoodtrailer.com\/"},{"@type":"ListItem","position":2,"name":"\u4ea7\u54c1","item":"https:\/\/www.honlufoodtrailer.com\/shop\/"},{"@type":"ListItem","position":3,"name":"Mobile Food Trailer With Porch"}]},{"@type":"WebSite","@id":"https:\/\/www.honlufoodtrailer.com\/#website","url":"https:\/\/www.honlufoodtrailer.com\/","name":"Remorque alimentaire Honlu","description":"","publisher":{"@id":"https:\/\/www.honlufoodtrailer.com\/#organization"},"potentialAction":[{"@type":"SearchAction","target":{"@type":"EntryPoint","urlTemplate":"https:\/\/www.honlufoodtrailer.com\/?s={search_term_string}"},"query-input":{"@type":"PropertyValueSpecification","valueRequired":true,"valueName":"search_term_string"}}],"inLanguage":"fr-FR"},{"@type":"Organization","@id":"https:\/\/www.honlufoodtrailer.com\/#organization","name":"Remorque alimentaire Honlu","url":"https:\/\/www.honlufoodtrailer.com\/","logo":{"@type":"ImageObject","inLanguage":"fr-FR","@id":"https:\/\/www.honlufoodtrailer.com\/#\/schema\/logo\/image\/","url":"https:\/\/www.honlufoodtrailer.com\/wp-content\/uploads\/2021\/12\/2.gif","contentUrl":"https:\/\/www.honlufoodtrailer.com\/wp-content\/uploads\/2021\/12\/2.gif","width":350,"height":100,"caption":"Honlu food trailer"},"image":{"@id":"https:\/\/www.honlufoodtrailer.com\/#\/schema\/logo\/image\/"}}]}},"_links":{"self":[{"href":"https:\/\/www.honlufoodtrailer.com\/fr\/wp-json\/wp\/v2\/product\/2540","targetHints":{"allow":["GET"]}}],"collection":[{"href":"https:\/\/www.honlufoodtrailer.com\/fr\/wp-json\/wp\/v2\/product"}],"about":[{"href":"https:\/\/www.honlufoodtrailer.com\/fr\/wp-json\/wp\/v2\/types\/product"}],"version-history":[{"count":0,"href":"https:\/\/www.honlufoodtrailer.com\/fr\/wp-json\/wp\/v2\/product\/2540\/revisions"}],"wp:featuredmedia":[{"embeddable":true,"href":"https:\/\/www.honlufoodtrailer.com\/fr\/wp-json\/wp\/v2\/media\/2541"}],"wp:attachment":[{"href":"https:\/\/www.honlufoodtrailer.com\/fr\/wp-json\/wp\/v2\/media?parent=2540"}],"wp:term":[{"taxonomy":"product_brand","embeddable":true,"href":"https:\/\/www.honlufoodtrailer.com\/fr\/wp-json\/wp\/v2\/product_brand?post=2540"},{"taxonomy":"product_cat","embeddable":true,"href":"https:\/\/www.honlufoodtrailer.com\/fr\/wp-json\/wp\/v2\/product_cat?post=2540"},{"taxonomy":"product_tag","embeddable":true,"href":"https:\/\/www.honlufoodtrailer.com\/fr\/wp-json\/wp\/v2\/product_tag?post=2540"}],"curies":[{"name":"wp","href":"https:\/\/api.w.org\/{rel}","templated":true}]}}