{"id":2814,"date":"2022-02-10T16:48:36","date_gmt":"2022-02-10T08:48:36","guid":{"rendered":"https:\/\/www.honlufoodtrailer.com\/?post_type=product&#038;p=2814"},"modified":"2024-05-31T17:43:33","modified_gmt":"2024-05-31T09:43:33","slug":"square-food-trailer-with-double-lift-window","status":"publish","type":"product","link":"https:\/\/www.honlufoodtrailer.com\/fr\/product\/square-food-trailer-with-double-lift-window\/","title":{"rendered":"Remorque alimentaire carr\u00e9e avec fen\u00eatre \u00e0 double lev\u00e9e"},"content":{"rendered":"<p data-spm-anchor-id=\"a2700.wholesale.0.i28.29e52808agqc7f\">Are you looking for a small size square food trailer to start your food trailer business? See this 4m square food trailer we have customized for one of our customers. As you can see from the pictures below, this is a square food trailer with double lift window in the front. The big windows are very convenient for customers to pick up meals. Now, let&#8217;s see some pictures of it!<\/p>\n<p data-spm-anchor-id=\"a2700.wholesale.0.i28.29e52808agqc7f\"><img fetchpriority=\"high\" decoding=\"async\" class=\"aligncenter size-full wp-image-2821\" src=\"https:\/\/www.honlufoodtrailer.com\/wp-content\/uploads\/2022\/02\/Square-food-trailer-with-double-lift-window-21-8110-7.jpg\" alt=\"Square food trailer with double lift window-21-8110 (7)\" width=\"720\" height=\"540\" srcset=\"https:\/\/www.honlufoodtrailer.com\/wp-content\/uploads\/2022\/02\/Square-food-trailer-with-double-lift-window-21-8110-7.jpg 720w, https:\/\/www.honlufoodtrailer.com\/wp-content\/uploads\/2022\/02\/Square-food-trailer-with-double-lift-window-21-8110-7-300x225.jpg 300w\" sizes=\"(max-width: 720px) 100vw, 720px\" \/> <img decoding=\"async\" class=\"aligncenter size-full wp-image-2815\" src=\"https:\/\/www.honlufoodtrailer.com\/wp-content\/uploads\/2022\/02\/Square-food-trailer-with-double-lift-window-21-8110-1.jpg\" alt=\"Remorque alimentaire carr\u00e9e avec fen\u00eatre \u00e0 double lev\u00e9e-21-8110 (1)\" width=\"720\" height=\"540\" srcset=\"https:\/\/www.honlufoodtrailer.com\/wp-content\/uploads\/2022\/02\/Square-food-trailer-with-double-lift-window-21-8110-1.jpg 720w, https:\/\/www.honlufoodtrailer.com\/wp-content\/uploads\/2022\/02\/Square-food-trailer-with-double-lift-window-21-8110-1-300x225.jpg 300w\" sizes=\"(max-width: 720px) 100vw, 720px\" \/><\/p>\n<p data-spm-anchor-id=\"a2700.wholesale.0.i28.29e52808agqc7f\">Square food trailers are very popular. Many of our customers choose them. They have a simple shape and customers can decorate it into their favorite style. As a professional food trailer manufacturer and exporter with more than 10 years experience, Henan Honlu will help you customize your food trailer into the style you like. The size, body color, stickers, signage, kitchen equipment of the food trailer can be customized.<\/p>\n<p data-spm-anchor-id=\"a2700.wholesale.0.i28.29e52808agqc7f\"><img decoding=\"async\" class=\"aligncenter size-full wp-image-2820\" src=\"https:\/\/www.honlufoodtrailer.com\/wp-content\/uploads\/2022\/02\/Square-food-trailer-with-double-lift-window-21-8110-6.jpg\" alt=\"Square food trailer with double lift window-21-8110 (6)\" width=\"720\" height=\"540\" srcset=\"https:\/\/www.honlufoodtrailer.com\/wp-content\/uploads\/2022\/02\/Square-food-trailer-with-double-lift-window-21-8110-6.jpg 720w, https:\/\/www.honlufoodtrailer.com\/wp-content\/uploads\/2022\/02\/Square-food-trailer-with-double-lift-window-21-8110-6-300x225.jpg 300w\" sizes=\"(max-width: 720px) 100vw, 720px\" \/> <img loading=\"lazy\" decoding=\"async\" class=\"aligncenter size-full wp-image-2817\" src=\"https:\/\/www.honlufoodtrailer.com\/wp-content\/uploads\/2022\/02\/Square-food-trailer-with-double-lift-window-21-8110-3.jpg\" alt=\"Square food trailer with double lift window-21-8110 (3)\" width=\"720\" height=\"540\" srcset=\"https:\/\/www.honlufoodtrailer.com\/wp-content\/uploads\/2022\/02\/Square-food-trailer-with-double-lift-window-21-8110-3.jpg 720w, https:\/\/www.honlufoodtrailer.com\/wp-content\/uploads\/2022\/02\/Square-food-trailer-with-double-lift-window-21-8110-3-300x225.jpg 300w\" sizes=\"(max-width: 720px) 100vw, 720px\" \/><\/p>\n<p>The whole trailer is compact and easy to use. It is a good choice for starting fast food businesses. You can use this 4m square food trailer to sell anything you like, such as fast food, coffee, drinks, flowers, clothes etc. Our professional sales and manufacturing team will help you full journey. So, just don&#8217;t hesitate to contact us and tell us your detailed requirements!<\/p>\n<h3 class=\"magic-6\" data-spm-anchor-id=\"a2700.wholesale.0.i28.29e52808agqc7f\">Main Features of the Square Food Trailer<\/h3>\n<div class=\"magic-7\">\n<div class=\"magic-8\">\n<div class=\"magic-9\" data-id=\"paragraph0\">\n<ol>\n<li>L'aspect \u00e0 la mode peut \u00eatre personnalis\u00e9 ;<\/li>\n<li>Stainless steel trailer body&amp; internal structure;<\/li>\n<li>Compact structure, easy to be moved around;<\/li>\n<li>It has a reasonable and competitive price;<\/li>\n<li>Nous nous ferons un plaisir de le modifier en fonction de vos besoins.<img loading=\"lazy\" decoding=\"async\" class=\"aligncenter size-full wp-image-2816\" src=\"https:\/\/www.honlufoodtrailer.com\/wp-content\/uploads\/2022\/02\/Square-food-trailer-with-double-lift-window-21-8110-2.jpg\" alt=\"Square food trailer with double lift window-21-8110 (2)\" width=\"720\" height=\"540\" srcset=\"https:\/\/www.honlufoodtrailer.com\/wp-content\/uploads\/2022\/02\/Square-food-trailer-with-double-lift-window-21-8110-2.jpg 720w, https:\/\/www.honlufoodtrailer.com\/wp-content\/uploads\/2022\/02\/Square-food-trailer-with-double-lift-window-21-8110-2-300x225.jpg 300w\" sizes=\"(max-width: 720px) 100vw, 720px\" \/> <img loading=\"lazy\" decoding=\"async\" class=\"aligncenter size-full wp-image-2818\" src=\"https:\/\/www.honlufoodtrailer.com\/wp-content\/uploads\/2022\/02\/Square-food-trailer-with-double-lift-window-21-8110-4.jpg\" alt=\"Square food trailer with double lift window-21-8110 (4)\" width=\"720\" height=\"540\" srcset=\"https:\/\/www.honlufoodtrailer.com\/wp-content\/uploads\/2022\/02\/Square-food-trailer-with-double-lift-window-21-8110-4.jpg 720w, https:\/\/www.honlufoodtrailer.com\/wp-content\/uploads\/2022\/02\/Square-food-trailer-with-double-lift-window-21-8110-4-300x225.jpg 300w\" sizes=\"(max-width: 720px) 100vw, 720px\" \/><\/li>\n<\/ol>\n<h3>Dessin de plan d'\u00e9tage 2D\/3D gratuit<\/h3>\n<p>For customers who have ordered our food trailer, we provide free 2D\/3D drawings. After confirming the dimensions of the food trailer and the internal kitchen equipment, we can provide you with 3D drawings for free. This will give you a clearer idea of your design and your food cart. When confirming the location of kitchen equipment, we can clearly communicate with you through the floor plan. We can also provide you with original documents to facilitate your design and make adjustments.<\/p>\n<\/div>\n<\/div>\n<\/div>","protected":false},"excerpt":{"rendered":"<p data-spm-anchor-id=\"a2700.wholesale.0.i28.29e52808agqc7f\">This is a customized 4m black square food trailer. The whole vehicle adopts stainless steel. With a compact structure, it is easy to be moved around. What&#8217;s more, its price is reasonable and competitive. If you want to start a food trailer business with a small size food trailer, this 4m square food trailer will be a good choice for you. It doesn\u2019t require a large budget to start your food trailer business. If you are interested or have any questions, don&#8217;t hesitate to contact us now!<\/p>","protected":false},"featured_media":2815,"template":"","meta":{"_themeisle_gutenberg_block_has_review":false},"product_brand":[],"product_cat":[26],"product_tag":[33,45,38,50],"class_list":{"0":"post-2814","1":"product","2":"type-product","3":"status-publish","4":"has-post-thumbnail","6":"product_cat-product","7":"product_tag-customized-trailer","8":"product_tag-large-food-trailer","9":"product_tag-mobile-food-trailer","10":"product_tag-standard-configuration","12":"first","13":"instock","14":"shipping-taxable","15":"product-type-simple"},"yoast_head":"<!-- This site is optimized with the Yoast SEO plugin v27.4 - https:\/\/yoast.com\/product\/yoast-seo-wordpress\/ -->\n<title>Square Food Trailer With Double Lift Window - Honlu food trailer<\/title>\n<meta name=\"description\" content=\"This is a standard black square food trailer. The whole vehicle adopts stainless steel body and operating table. It can be applied for selling anything from hot dogs, retail operations, flower operations, sandwiches, coffee, ice cream, etc. We have CE certified to help you to start a mobile business.\" \/>\n<meta name=\"robots\" content=\"index, follow, max-snippet:-1, max-image-preview:large, max-video-preview:-1\" \/>\n<link rel=\"canonical\" href=\"https:\/\/www.honlufoodtrailer.com\/fr\/product\/square-food-trailer-with-double-lift-window\/\" \/>\n<meta property=\"og:locale\" content=\"fr_FR\" \/>\n<meta property=\"og:type\" content=\"article\" \/>\n<meta property=\"og:title\" content=\"Square Food Trailer With Double Lift Window - Honlu food trailer\" \/>\n<meta property=\"og:description\" content=\"This is a standard black square food trailer. The whole vehicle adopts stainless steel body and operating table. It can be applied for selling anything from hot dogs, retail operations, flower operations, sandwiches, coffee, ice cream, etc. We have CE certified to help you to start a mobile business.\" \/>\n<meta property=\"og:url\" content=\"https:\/\/www.honlufoodtrailer.com\/fr\/product\/square-food-trailer-with-double-lift-window\/\" \/>\n<meta property=\"og:site_name\" content=\"Honlu food trailer\" \/>\n<meta property=\"article:modified_time\" content=\"2024-05-31T09:43:33+00:00\" \/>\n<meta property=\"og:image\" content=\"https:\/\/www.honlufoodtrailer.com\/wp-content\/uploads\/2022\/02\/Square-food-trailer-with-double-lift-window-21-8110-1.jpg\" \/>\n\t<meta property=\"og:image:width\" content=\"720\" \/>\n\t<meta property=\"og:image:height\" content=\"540\" \/>\n\t<meta property=\"og:image:type\" content=\"image\/jpeg\" \/>\n<meta name=\"twitter:card\" content=\"summary_large_image\" \/>\n<meta name=\"twitter:label1\" content=\"Dur\u00e9e de lecture estim\u00e9e\" \/>\n\t<meta name=\"twitter:data1\" content=\"2 minutes\" \/>\n<script type=\"application\/ld+json\" class=\"yoast-schema-graph\">{\"@context\":\"https:\\\/\\\/schema.org\",\"@graph\":[{\"@type\":\"WebPage\",\"@id\":\"https:\\\/\\\/www.honlufoodtrailer.com\\\/product\\\/square-food-trailer-with-double-lift-window\\\/\",\"url\":\"https:\\\/\\\/www.honlufoodtrailer.com\\\/product\\\/square-food-trailer-with-double-lift-window\\\/\",\"name\":\"Square Food Trailer With Double Lift Window - Honlu food trailer\",\"isPartOf\":{\"@id\":\"https:\\\/\\\/www.honlufoodtrailer.com\\\/#website\"},\"primaryImageOfPage\":{\"@id\":\"https:\\\/\\\/www.honlufoodtrailer.com\\\/product\\\/square-food-trailer-with-double-lift-window\\\/#primaryimage\"},\"image\":{\"@id\":\"https:\\\/\\\/www.honlufoodtrailer.com\\\/product\\\/square-food-trailer-with-double-lift-window\\\/#primaryimage\"},\"thumbnailUrl\":\"https:\\\/\\\/www.honlufoodtrailer.com\\\/wp-content\\\/uploads\\\/2022\\\/02\\\/Square-food-trailer-with-double-lift-window-21-8110-1.jpg\",\"datePublished\":\"2022-02-10T08:48:36+00:00\",\"dateModified\":\"2024-05-31T09:43:33+00:00\",\"description\":\"This is a standard black square food trailer. The whole vehicle adopts stainless steel body and operating table. It can be applied for selling anything from hot dogs, retail operations, flower operations, sandwiches, coffee, ice cream, etc. We have CE certified to help you to start a mobile business.\",\"breadcrumb\":{\"@id\":\"https:\\\/\\\/www.honlufoodtrailer.com\\\/product\\\/square-food-trailer-with-double-lift-window\\\/#breadcrumb\"},\"inLanguage\":\"fr-FR\",\"potentialAction\":[{\"@type\":\"ReadAction\",\"target\":[\"https:\\\/\\\/www.honlufoodtrailer.com\\\/product\\\/square-food-trailer-with-double-lift-window\\\/\"]}]},{\"@type\":\"ImageObject\",\"inLanguage\":\"fr-FR\",\"@id\":\"https:\\\/\\\/www.honlufoodtrailer.com\\\/product\\\/square-food-trailer-with-double-lift-window\\\/#primaryimage\",\"url\":\"https:\\\/\\\/www.honlufoodtrailer.com\\\/wp-content\\\/uploads\\\/2022\\\/02\\\/Square-food-trailer-with-double-lift-window-21-8110-1.jpg\",\"contentUrl\":\"https:\\\/\\\/www.honlufoodtrailer.com\\\/wp-content\\\/uploads\\\/2022\\\/02\\\/Square-food-trailer-with-double-lift-window-21-8110-1.jpg\",\"width\":720,\"height\":540,\"caption\":\"Square food trailer with double lift window-21-8110 (1)\"},{\"@type\":\"BreadcrumbList\",\"@id\":\"https:\\\/\\\/www.honlufoodtrailer.com\\\/product\\\/square-food-trailer-with-double-lift-window\\\/#breadcrumb\",\"itemListElement\":[{\"@type\":\"ListItem\",\"position\":1,\"name\":\"Home\",\"item\":\"https:\\\/\\\/www.honlufoodtrailer.com\\\/\"},{\"@type\":\"ListItem\",\"position\":2,\"name\":\"\u4ea7\u54c1\",\"item\":\"https:\\\/\\\/www.honlufoodtrailer.com\\\/shop\\\/\"},{\"@type\":\"ListItem\",\"position\":3,\"name\":\"Square Food Trailer With Double Lift Window\"}]},{\"@type\":\"WebSite\",\"@id\":\"https:\\\/\\\/www.honlufoodtrailer.com\\\/#website\",\"url\":\"https:\\\/\\\/www.honlufoodtrailer.com\\\/\",\"name\":\"Honlu food trailer\",\"description\":\"\",\"publisher\":{\"@id\":\"https:\\\/\\\/www.honlufoodtrailer.com\\\/#organization\"},\"potentialAction\":[{\"@type\":\"SearchAction\",\"target\":{\"@type\":\"EntryPoint\",\"urlTemplate\":\"https:\\\/\\\/www.honlufoodtrailer.com\\\/?s={search_term_string}\"},\"query-input\":{\"@type\":\"PropertyValueSpecification\",\"valueRequired\":true,\"valueName\":\"search_term_string\"}}],\"inLanguage\":\"fr-FR\"},{\"@type\":\"Organization\",\"@id\":\"https:\\\/\\\/www.honlufoodtrailer.com\\\/#organization\",\"name\":\"Honlu food trailer\",\"url\":\"https:\\\/\\\/www.honlufoodtrailer.com\\\/\",\"logo\":{\"@type\":\"ImageObject\",\"inLanguage\":\"fr-FR\",\"@id\":\"https:\\\/\\\/www.honlufoodtrailer.com\\\/#\\\/schema\\\/logo\\\/image\\\/\",\"url\":\"https:\\\/\\\/www.honlufoodtrailer.com\\\/wp-content\\\/uploads\\\/2021\\\/12\\\/2.gif\",\"contentUrl\":\"https:\\\/\\\/www.honlufoodtrailer.com\\\/wp-content\\\/uploads\\\/2021\\\/12\\\/2.gif\",\"width\":350,\"height\":100,\"caption\":\"Honlu food trailer\"},\"image\":{\"@id\":\"https:\\\/\\\/www.honlufoodtrailer.com\\\/#\\\/schema\\\/logo\\\/image\\\/\"}}]}<\/script>\n<!-- \/ Yoast SEO plugin. -->","yoast_head_json":{"title":"Square Food Trailer With Double Lift Window - Honlu food trailer","description":"Voici une remorque alimentaire carr\u00e9e noire standard. Enti\u00e8rement en acier inoxydable, elle comprend une structure et un comptoir. Elle est id\u00e9ale pour la vente de hot-dogs, de produits de d\u00e9tail, de fleurs, de sandwichs, de caf\u00e9, de glaces, etc. Certifi\u00e9e CE, elle vous accompagne dans le lancement de votre activit\u00e9 ambulante.","robots":{"index":"index","follow":"follow","max-snippet":"max-snippet:-1","max-image-preview":"max-image-preview:large","max-video-preview":"max-video-preview:-1"},"canonical":"https:\/\/www.honlufoodtrailer.com\/fr\/product\/square-food-trailer-with-double-lift-window\/","og_locale":"fr_FR","og_type":"article","og_title":"Square Food Trailer With Double Lift Window - Honlu food trailer","og_description":"This is a standard black square food trailer. The whole vehicle adopts stainless steel body and operating table. It can be applied for selling anything from hot dogs, retail operations, flower operations, sandwiches, coffee, ice cream, etc. We have CE certified to help you to start a mobile business.","og_url":"https:\/\/www.honlufoodtrailer.com\/fr\/product\/square-food-trailer-with-double-lift-window\/","og_site_name":"Honlu food trailer","article_modified_time":"2024-05-31T09:43:33+00:00","og_image":[{"width":720,"height":540,"url":"https:\/\/www.honlufoodtrailer.com\/wp-content\/uploads\/2022\/02\/Square-food-trailer-with-double-lift-window-21-8110-1.jpg","type":"image\/jpeg"}],"twitter_card":"summary_large_image","twitter_misc":{"Dur\u00e9e de lecture estim\u00e9e":"2 minutes"},"schema":{"@context":"https:\/\/schema.org","@graph":[{"@type":"WebPage","@id":"https:\/\/www.honlufoodtrailer.com\/product\/square-food-trailer-with-double-lift-window\/","url":"https:\/\/www.honlufoodtrailer.com\/product\/square-food-trailer-with-double-lift-window\/","name":"Square Food Trailer With Double Lift Window - Honlu food trailer","isPartOf":{"@id":"https:\/\/www.honlufoodtrailer.com\/#website"},"primaryImageOfPage":{"@id":"https:\/\/www.honlufoodtrailer.com\/product\/square-food-trailer-with-double-lift-window\/#primaryimage"},"image":{"@id":"https:\/\/www.honlufoodtrailer.com\/product\/square-food-trailer-with-double-lift-window\/#primaryimage"},"thumbnailUrl":"https:\/\/www.honlufoodtrailer.com\/wp-content\/uploads\/2022\/02\/Square-food-trailer-with-double-lift-window-21-8110-1.jpg","datePublished":"2022-02-10T08:48:36+00:00","dateModified":"2024-05-31T09:43:33+00:00","description":"Voici une remorque alimentaire carr\u00e9e noire standard. Enti\u00e8rement en acier inoxydable, elle comprend une structure et un comptoir. Elle est id\u00e9ale pour la vente de hot-dogs, de produits de d\u00e9tail, de fleurs, de sandwichs, de caf\u00e9, de glaces, etc. Certifi\u00e9e CE, elle vous accompagne dans le lancement de votre activit\u00e9 ambulante.","breadcrumb":{"@id":"https:\/\/www.honlufoodtrailer.com\/product\/square-food-trailer-with-double-lift-window\/#breadcrumb"},"inLanguage":"fr-FR","potentialAction":[{"@type":"ReadAction","target":["https:\/\/www.honlufoodtrailer.com\/product\/square-food-trailer-with-double-lift-window\/"]}]},{"@type":"ImageObject","inLanguage":"fr-FR","@id":"https:\/\/www.honlufoodtrailer.com\/product\/square-food-trailer-with-double-lift-window\/#primaryimage","url":"https:\/\/www.honlufoodtrailer.com\/wp-content\/uploads\/2022\/02\/Square-food-trailer-with-double-lift-window-21-8110-1.jpg","contentUrl":"https:\/\/www.honlufoodtrailer.com\/wp-content\/uploads\/2022\/02\/Square-food-trailer-with-double-lift-window-21-8110-1.jpg","width":720,"height":540,"caption":"Square food trailer with double lift window-21-8110 (1)"},{"@type":"BreadcrumbList","@id":"https:\/\/www.honlufoodtrailer.com\/product\/square-food-trailer-with-double-lift-window\/#breadcrumb","itemListElement":[{"@type":"ListItem","position":1,"name":"Home","item":"https:\/\/www.honlufoodtrailer.com\/"},{"@type":"ListItem","position":2,"name":"\u4ea7\u54c1","item":"https:\/\/www.honlufoodtrailer.com\/shop\/"},{"@type":"ListItem","position":3,"name":"Square Food Trailer With Double Lift Window"}]},{"@type":"WebSite","@id":"https:\/\/www.honlufoodtrailer.com\/#website","url":"https:\/\/www.honlufoodtrailer.com\/","name":"Remorque alimentaire Honlu","description":"","publisher":{"@id":"https:\/\/www.honlufoodtrailer.com\/#organization"},"potentialAction":[{"@type":"SearchAction","target":{"@type":"EntryPoint","urlTemplate":"https:\/\/www.honlufoodtrailer.com\/?s={search_term_string}"},"query-input":{"@type":"PropertyValueSpecification","valueRequired":true,"valueName":"search_term_string"}}],"inLanguage":"fr-FR"},{"@type":"Organization","@id":"https:\/\/www.honlufoodtrailer.com\/#organization","name":"Remorque alimentaire Honlu","url":"https:\/\/www.honlufoodtrailer.com\/","logo":{"@type":"ImageObject","inLanguage":"fr-FR","@id":"https:\/\/www.honlufoodtrailer.com\/#\/schema\/logo\/image\/","url":"https:\/\/www.honlufoodtrailer.com\/wp-content\/uploads\/2021\/12\/2.gif","contentUrl":"https:\/\/www.honlufoodtrailer.com\/wp-content\/uploads\/2021\/12\/2.gif","width":350,"height":100,"caption":"Honlu food trailer"},"image":{"@id":"https:\/\/www.honlufoodtrailer.com\/#\/schema\/logo\/image\/"}}]}},"_links":{"self":[{"href":"https:\/\/www.honlufoodtrailer.com\/fr\/wp-json\/wp\/v2\/product\/2814","targetHints":{"allow":["GET"]}}],"collection":[{"href":"https:\/\/www.honlufoodtrailer.com\/fr\/wp-json\/wp\/v2\/product"}],"about":[{"href":"https:\/\/www.honlufoodtrailer.com\/fr\/wp-json\/wp\/v2\/types\/product"}],"version-history":[{"count":6,"href":"https:\/\/www.honlufoodtrailer.com\/fr\/wp-json\/wp\/v2\/product\/2814\/revisions"}],"predecessor-version":[{"id":7760,"href":"https:\/\/www.honlufoodtrailer.com\/fr\/wp-json\/wp\/v2\/product\/2814\/revisions\/7760"}],"wp:featuredmedia":[{"embeddable":true,"href":"https:\/\/www.honlufoodtrailer.com\/fr\/wp-json\/wp\/v2\/media\/2815"}],"wp:attachment":[{"href":"https:\/\/www.honlufoodtrailer.com\/fr\/wp-json\/wp\/v2\/media?parent=2814"}],"wp:term":[{"taxonomy":"product_brand","embeddable":true,"href":"https:\/\/www.honlufoodtrailer.com\/fr\/wp-json\/wp\/v2\/product_brand?post=2814"},{"taxonomy":"product_cat","embeddable":true,"href":"https:\/\/www.honlufoodtrailer.com\/fr\/wp-json\/wp\/v2\/product_cat?post=2814"},{"taxonomy":"product_tag","embeddable":true,"href":"https:\/\/www.honlufoodtrailer.com\/fr\/wp-json\/wp\/v2\/product_tag?post=2814"}],"curies":[{"name":"wp","href":"https:\/\/api.w.org\/{rel}","templated":true}]}}