{"id":3254,"date":"2022-03-01T09:27:57","date_gmt":"2022-03-01T01:27:57","guid":{"rendered":"https:\/\/www.honlufoodtrailer.com\/?post_type=product&#038;p=3254"},"modified":"2022-03-21T17:46:33","modified_gmt":"2022-03-21T09:46:33","slug":"customized-5-7m-single-deck-coffee-trailer","status":"publish","type":"product","link":"https:\/\/www.honlufoodtrailer.com\/fr\/product\/customized-5-7m-single-deck-coffee-trailer\/","title":{"rendered":"Remorque \u00e0 caf\u00e9 \u00e0 un \u00e9tage de 5,7 millions d'euros"},"content":{"rendered":"<p>Il s'agit d'une remorque \u00e0 caf\u00e9 personnalis\u00e9e \u00e0 un seul niveau, dont la carrosserie et l'int\u00e9rieur sont en acier inoxydable. Les plates-formes des deux c\u00f4t\u00e9s peuvent \u00eatre abaiss\u00e9es, ce qui permet de placer des tables et des chaises, des panneaux publicitaires, des \u00e9tag\u00e8res \u00e0 nourriture, etc. Gr\u00e2ce \u00e0 sa conception sp\u00e9ciale, elle convient parfaitement \u00e0 la vente de produits alimentaires tels que le caf\u00e9, les hamburgers, les hot-dogs, les sandwiches, etc.  L'ensemble de la remorque est compact et facile \u00e0 utiliser. C'est le mod\u00e8le pr\u00e9f\u00e9r\u00e9 pour d\u00e9marrer un commerce de restauration rapide.<\/p>\n<h2>La structure ext\u00e9rieure de la remorque \u00e0 caf\u00e9 \u00e0 un \u00e9tage<\/h2>\n<p>La plus grande caract\u00e9ristique de la remorque est la plate-forme commerciale relevable des deux c\u00f4t\u00e9s, qui peut avoir diff\u00e9rentes utilisations pour diff\u00e9rentes entreprises. Elle peut \u00eatre utilis\u00e9e non seulement pour placer des tables et des chaises afin de permettre aux clients de s'asseoir, mais aussi pour placer des porte-menus et des panneaux d'affichage de promotion commerciale. Lors de certains \u00e9v\u00e9nements, les doubles plates-formes \u00e9l\u00e9vatrices peuvent vous aider \u00e0 attirer plus de clients.<\/p>\n<figure id=\"attachment_3264\" aria-describedby=\"caption-attachment-3264\" style=\"width: 720px\" class=\"wp-caption aligncenter\"><img fetchpriority=\"high\" decoding=\"async\" class=\"size-full wp-image-3264\" src=\"https:\/\/www.honlufoodtrailer.com\/wp-content\/uploads\/2022\/03\/External-business-platforms-of-the-coffee-trailer.jpg\" alt=\"Plates-formes commerciales externes de la remorque \u00e0 caf\u00e9\" width=\"720\" height=\"540\" srcset=\"https:\/\/www.honlufoodtrailer.com\/wp-content\/uploads\/2022\/03\/External-business-platforms-of-the-coffee-trailer.jpg 720w, https:\/\/www.honlufoodtrailer.com\/wp-content\/uploads\/2022\/03\/External-business-platforms-of-the-coffee-trailer-480x360.jpg 480w, https:\/\/www.honlufoodtrailer.com\/wp-content\/uploads\/2022\/03\/External-business-platforms-of-the-coffee-trailer-300x225.jpg 300w\" sizes=\"(max-width: 720px) 100vw, 720px\" \/><figcaption id=\"caption-attachment-3264\" class=\"wp-caption-text\">Plates-formes commerciales externes de la remorque \u00e0 caf\u00e9<\/figcaption><\/figure>\n<p>Il y a un auvent r\u00e9tractable au-dessus des plates-formes commerciales, entour\u00e9 d'une cl\u00f4ture compos\u00e9e de piquets et de cordes, qui est tr\u00e8s facile \u00e0 enlever et \u00e0 installer. La carrosserie de la remorque est orn\u00e9e d'un tr\u00e8s bel autocollant en bois, et la remorque est \u00e9quip\u00e9e de crics aux quatre coins.<\/p>\n<figure id=\"attachment_3265\" aria-describedby=\"caption-attachment-3265\" style=\"width: 720px\" class=\"wp-caption aligncenter\"><img decoding=\"async\" class=\"size-full wp-image-3265\" src=\"https:\/\/www.honlufoodtrailer.com\/wp-content\/uploads\/2022\/03\/External-structure-of-the-coffee-trailer.jpg\" alt=\"Structure externe de la remorque \u00e0 caf\u00e9\" width=\"720\" height=\"540\" srcset=\"https:\/\/www.honlufoodtrailer.com\/wp-content\/uploads\/2022\/03\/External-structure-of-the-coffee-trailer.jpg 720w, https:\/\/www.honlufoodtrailer.com\/wp-content\/uploads\/2022\/03\/External-structure-of-the-coffee-trailer-480x360.jpg 480w, https:\/\/www.honlufoodtrailer.com\/wp-content\/uploads\/2022\/03\/External-structure-of-the-coffee-trailer-300x225.jpg 300w\" sizes=\"(max-width: 720px) 100vw, 720px\" \/><figcaption id=\"caption-attachment-3265\" class=\"wp-caption-text\">Structure externe de la remorque \u00e0 caf\u00e9<\/figcaption><\/figure>\n<h2>L'int\u00e9rieur de la remorque \u00e0 caf\u00e9 \u00e0 un \u00e9tage<\/h2>\n<p>Le plan de travail, le compartiment de rangement et les \u00e9viers sont tous en acier inoxydable. Le toit est \u00e9quip\u00e9 de lumi\u00e8res d'ambiance et de projecteurs coulissants, et offre une tr\u00e8s belle vue nocturne.<\/p>\n<figure id=\"attachment_3272\" aria-describedby=\"caption-attachment-3272\" style=\"width: 1440px\" class=\"wp-caption aligncenter\"><img decoding=\"async\" class=\"size-full wp-image-3272\" src=\"https:\/\/www.honlufoodtrailer.com\/wp-content\/uploads\/2022\/03\/Stainless-steel-countertopAmbient-and-sliding-spotlights-of-the-coffee-trailer.jpg\" alt=\"Comptoir en acier inoxydable&amp;Points lumineux et coulissants de la remorque \u00e0 caf\u00e9\" width=\"1440\" height=\"540\" srcset=\"https:\/\/www.honlufoodtrailer.com\/wp-content\/uploads\/2022\/03\/Stainless-steel-countertopAmbient-and-sliding-spotlights-of-the-coffee-trailer.jpg 1440w, https:\/\/www.honlufoodtrailer.com\/wp-content\/uploads\/2022\/03\/Stainless-steel-countertopAmbient-and-sliding-spotlights-of-the-coffee-trailer-768x288.jpg 768w, https:\/\/www.honlufoodtrailer.com\/wp-content\/uploads\/2022\/03\/Stainless-steel-countertopAmbient-and-sliding-spotlights-of-the-coffee-trailer-480x180.jpg 480w, https:\/\/www.honlufoodtrailer.com\/wp-content\/uploads\/2022\/03\/Stainless-steel-countertopAmbient-and-sliding-spotlights-of-the-coffee-trailer-300x113.jpg 300w, https:\/\/www.honlufoodtrailer.com\/wp-content\/uploads\/2022\/03\/Stainless-steel-countertopAmbient-and-sliding-spotlights-of-the-coffee-trailer-720x270.jpg 720w\" sizes=\"(max-width: 1440px) 100vw, 1440px\" \/><figcaption id=\"caption-attachment-3272\" class=\"wp-caption-text\">Comptoir en acier inoxydable&amp;Points lumineux et coulissants de la remorque \u00e0 caf\u00e9<\/figcaption><\/figure>\n<p>Conform\u00e9ment aux exigences des services locaux du client, les \u00e9viers et les seaux sont de conception triple : deux bacs pour le lavage des aliments et un bac pour le lavage des mains. Selon les besoins du client, le robinet est \u00e9quip\u00e9 d'un chauffe-eau et d'un distributeur de savon, et il y a deux seaux de grande capacit\u00e9 sous l'\u00e9vier, un seau pour le nettoyage et un seau pour les d\u00e9chets.<\/p>\n<figure id=\"attachment_3274\" aria-describedby=\"caption-attachment-3274\" style=\"width: 1440px\" class=\"wp-caption alignnone\"><img loading=\"lazy\" decoding=\"async\" class=\"size-full wp-image-3274\" src=\"https:\/\/www.honlufoodtrailer.com\/wp-content\/uploads\/2022\/03\/Customized-three-sinks-and-buckets.jpg\" alt=\"Trois \u00e9viers et seaux personnalis\u00e9s\" width=\"1440\" height=\"540\" srcset=\"https:\/\/www.honlufoodtrailer.com\/wp-content\/uploads\/2022\/03\/Customized-three-sinks-and-buckets.jpg 1440w, https:\/\/www.honlufoodtrailer.com\/wp-content\/uploads\/2022\/03\/Customized-three-sinks-and-buckets-768x288.jpg 768w, https:\/\/www.honlufoodtrailer.com\/wp-content\/uploads\/2022\/03\/Customized-three-sinks-and-buckets-480x180.jpg 480w, https:\/\/www.honlufoodtrailer.com\/wp-content\/uploads\/2022\/03\/Customized-three-sinks-and-buckets-300x113.jpg 300w, https:\/\/www.honlufoodtrailer.com\/wp-content\/uploads\/2022\/03\/Customized-three-sinks-and-buckets-720x270.jpg 720w\" sizes=\"(max-width: 1440px) 100vw, 1440px\" \/><figcaption id=\"caption-attachment-3274\" class=\"wp-caption-text\">Trois \u00e9viers et seaux personnalis\u00e9s<\/figcaption><\/figure>\n<p>C'est pourquoi, en fonction des besoins des clients, il est \u00e9quip\u00e9 de conduites de gaz et de hottes de cuisine qui r\u00e9pondent aux exigences locales.<\/p>\n<figure id=\"attachment_3266\" aria-describedby=\"caption-attachment-3266\" style=\"width: 720px\" class=\"wp-caption aligncenter\"><img loading=\"lazy\" decoding=\"async\" class=\"size-full wp-image-3266\" src=\"https:\/\/www.honlufoodtrailer.com\/wp-content\/uploads\/2022\/03\/Gas-system-of-the-coffee-trailer.jpg\" alt=\"Syst\u00e8me de gaz de la remorque \u00e0 caf\u00e9\" width=\"720\" height=\"540\" srcset=\"https:\/\/www.honlufoodtrailer.com\/wp-content\/uploads\/2022\/03\/Gas-system-of-the-coffee-trailer.jpg 720w, https:\/\/www.honlufoodtrailer.com\/wp-content\/uploads\/2022\/03\/Gas-system-of-the-coffee-trailer-480x360.jpg 480w, https:\/\/www.honlufoodtrailer.com\/wp-content\/uploads\/2022\/03\/Gas-system-of-the-coffee-trailer-300x225.jpg 300w\" sizes=\"(max-width: 720px) 100vw, 720px\" \/><figcaption id=\"caption-attachment-3266\" class=\"wp-caption-text\">Syst\u00e8me de gaz de la remorque \u00e0 caf\u00e9<\/figcaption><\/figure>\n<p>Il y a deux cong\u00e9lateurs dans la partie int\u00e9rieure de la remorque \u00e0 caf\u00e9, et selon les besoins commerciaux du client, nous personnalisons la machine \u00e0 bi\u00e8re en acier inoxydable de qualit\u00e9 alimentaire pour le client.<\/p>\n<figure id=\"attachment_3270\" aria-describedby=\"caption-attachment-3270\" style=\"width: 720px\" class=\"wp-caption aligncenter\"><img loading=\"lazy\" decoding=\"async\" class=\"size-full wp-image-3270\" src=\"https:\/\/www.honlufoodtrailer.com\/wp-content\/uploads\/2022\/03\/Customized-equipment-of-the-coffee-trailer.jpg\" alt=\"Equipement personnalis\u00e9 de la remorque \u00e0 caf\u00e9\" width=\"720\" height=\"540\" srcset=\"https:\/\/www.honlufoodtrailer.com\/wp-content\/uploads\/2022\/03\/Customized-equipment-of-the-coffee-trailer.jpg 720w, https:\/\/www.honlufoodtrailer.com\/wp-content\/uploads\/2022\/03\/Customized-equipment-of-the-coffee-trailer-480x360.jpg 480w, https:\/\/www.honlufoodtrailer.com\/wp-content\/uploads\/2022\/03\/Customized-equipment-of-the-coffee-trailer-300x225.jpg 300w\" sizes=\"(max-width: 720px) 100vw, 720px\" \/><figcaption id=\"caption-attachment-3270\" class=\"wp-caption-text\">Equipement personnalis\u00e9 de la remorque \u00e0 caf\u00e9<\/figcaption><\/figure>\n<h3><strong><b>Principales caract\u00e9ristiques de la <\/b><\/strong><strong><b>caf\u00e9 \u00e0 un \u00e9tage<\/b><\/strong><strong><b>\u00a0remorque<\/b><\/strong><\/h3>\n<ol>\n<li>L'aspect \u00e0 la mode peut \u00eatre personnalis\u00e9 ;<\/li>\n<li>Plates-formes \u00e9l\u00e9vatrices multifonctionnelles des deux c\u00f4t\u00e9s ;<\/li>\n<li>Corps et structure interne de la remorque en acier inoxydable, bonne r\u00e9sistance \u00e0 la chaleur, \u00e0 l'usure et \u00e0 la corrosion ;<\/li>\n<li>La remorque \u00e0 caf\u00e9 est \u00e9quip\u00e9e d'accessoires modernes et avanc\u00e9s ;<\/li>\n<li>Nous sommes heureux de modifier l'ensemble de la remorque en fonction des exigences du client.<\/li>\n<\/ol>\n<h3><strong><b>Dessin de plan d'\u00e9tage 2D\/3D gratuit<\/b><\/strong><\/h3>\n<p>Apr\u00e8s avoir confirm\u00e9 les dimensions de la remorque alimentaire et de l'\u00e9quipement de cuisine interne, nous pouvons vous fournir gratuitement des dessins en 3D. Cela vous donnera une id\u00e9e plus claire de votre conception et de votre remorque alimentaire. Lorsque nous confirmons l'emplacement de l'\u00e9quipement de cuisine, nous pouvons communiquer clairement avec vous gr\u00e2ce au plan d'\u00e9tage. Nous pouvons \u00e9galement vous fournir des documents originaux pour faciliter votre conception et proc\u00e9der \u00e0 des ajustements.<\/p>","protected":false},"excerpt":{"rendered":"<p data-spm-anchor-id=\"a2700.wholesale.0.i28.29e52808agqc7f\">Il s'agit d'une remorque \u00e0 caf\u00e9 personnalis\u00e9e \u00e0 un seul niveau, dont la carrosserie et l'int\u00e9rieur sont en acier inoxydable. Les plates-formes des deux c\u00f4t\u00e9s peuvent \u00eatre abaiss\u00e9es, ce qui permet de placer des tables et des chaises, des panneaux publicitaires, des \u00e9tag\u00e8res \u00e0 nourriture, etc. C'est le mod\u00e8le pr\u00e9f\u00e9r\u00e9 pour d\u00e9marrer un commerce de restauration rapide.<\/p>","protected":false},"featured_media":3255,"template":"","meta":{"_themeisle_gutenberg_block_has_review":false},"product_brand":[],"product_cat":[26],"product_tag":[34,33,45,38,51,50],"class_list":{"0":"post-3254","1":"product","2":"type-product","3":"status-publish","4":"has-post-thumbnail","6":"product_cat-product","7":"product_tag-coffee-trailer","8":"product_tag-customized-trailer","9":"product_tag-large-food-trailer","10":"product_tag-mobile-food-trailer","11":"product_tag-square-food-trailer","12":"product_tag-standard-configuration","14":"first","15":"instock","16":"shipping-taxable","17":"product-type-simple"},"yoast_head":"<!-- This site is optimized with the Yoast SEO plugin v27.4 - https:\/\/yoast.com\/product\/yoast-seo-wordpress\/ -->\n<title>5.7M single-deck coffee trailer - Honlu food trailer<\/title>\n<meta name=\"description\" content=\"This is a customized single-deck coffee trailer, the body and interior are made of stainless steel. The platforms on both sides can be lowered, which can be used to place some tables and chairs, publicity boards, food racks, etc. It is the preferred model for starting fast-food businesses.\" \/>\n<meta name=\"robots\" content=\"index, follow, max-snippet:-1, max-image-preview:large, max-video-preview:-1\" \/>\n<link rel=\"canonical\" href=\"https:\/\/www.honlufoodtrailer.com\/fr\/product\/customized-5-7m-single-deck-coffee-trailer\/\" \/>\n<meta property=\"og:locale\" content=\"fr_FR\" \/>\n<meta property=\"og:type\" content=\"article\" \/>\n<meta property=\"og:title\" content=\"5.7M single-deck coffee trailer - Honlu food trailer\" \/>\n<meta property=\"og:description\" content=\"This is a customized single-deck coffee trailer, the body and interior are made of stainless steel. The platforms on both sides can be lowered, which can be used to place some tables and chairs, publicity boards, food racks, etc. It is the preferred model for starting fast-food businesses.\" \/>\n<meta property=\"og:url\" content=\"https:\/\/www.honlufoodtrailer.com\/fr\/product\/customized-5-7m-single-deck-coffee-trailer\/\" \/>\n<meta property=\"og:site_name\" content=\"Honlu food trailer\" \/>\n<meta property=\"article:modified_time\" content=\"2022-03-21T09:46:33+00:00\" \/>\n<meta property=\"og:image\" content=\"https:\/\/www.honlufoodtrailer.com\/wp-content\/uploads\/2022\/03\/Customized-5.7M-single-deck-coffee-trailer-1.jpg\" \/>\n\t<meta property=\"og:image:width\" content=\"720\" \/>\n\t<meta property=\"og:image:height\" content=\"540\" \/>\n\t<meta property=\"og:image:type\" content=\"image\/jpeg\" \/>\n<meta name=\"twitter:card\" content=\"summary_large_image\" \/>\n<meta name=\"twitter:label1\" content=\"Dur\u00e9e de lecture estim\u00e9e\" \/>\n\t<meta name=\"twitter:data1\" content=\"4 minutes\" \/>\n<script type=\"application\/ld+json\" class=\"yoast-schema-graph\">{\"@context\":\"https:\\\/\\\/schema.org\",\"@graph\":[{\"@type\":\"WebPage\",\"@id\":\"https:\\\/\\\/www.honlufoodtrailer.com\\\/product\\\/customized-5-7m-single-deck-coffee-trailer\\\/\",\"url\":\"https:\\\/\\\/www.honlufoodtrailer.com\\\/product\\\/customized-5-7m-single-deck-coffee-trailer\\\/\",\"name\":\"5.7M single-deck coffee trailer - Honlu food trailer\",\"isPartOf\":{\"@id\":\"https:\\\/\\\/www.honlufoodtrailer.com\\\/#website\"},\"primaryImageOfPage\":{\"@id\":\"https:\\\/\\\/www.honlufoodtrailer.com\\\/product\\\/customized-5-7m-single-deck-coffee-trailer\\\/#primaryimage\"},\"image\":{\"@id\":\"https:\\\/\\\/www.honlufoodtrailer.com\\\/product\\\/customized-5-7m-single-deck-coffee-trailer\\\/#primaryimage\"},\"thumbnailUrl\":\"https:\\\/\\\/www.honlufoodtrailer.com\\\/wp-content\\\/uploads\\\/2022\\\/03\\\/Customized-5.7M-single-deck-coffee-trailer-1.jpg\",\"datePublished\":\"2022-03-01T01:27:57+00:00\",\"dateModified\":\"2022-03-21T09:46:33+00:00\",\"description\":\"This is a customized single-deck coffee trailer, the body and interior are made of stainless steel. The platforms on both sides can be lowered, which can be used to place some tables and chairs, publicity boards, food racks, etc. It is the preferred model for starting fast-food businesses.\",\"breadcrumb\":{\"@id\":\"https:\\\/\\\/www.honlufoodtrailer.com\\\/product\\\/customized-5-7m-single-deck-coffee-trailer\\\/#breadcrumb\"},\"inLanguage\":\"fr-FR\",\"potentialAction\":[{\"@type\":\"ReadAction\",\"target\":[\"https:\\\/\\\/www.honlufoodtrailer.com\\\/product\\\/customized-5-7m-single-deck-coffee-trailer\\\/\"]}]},{\"@type\":\"ImageObject\",\"inLanguage\":\"fr-FR\",\"@id\":\"https:\\\/\\\/www.honlufoodtrailer.com\\\/product\\\/customized-5-7m-single-deck-coffee-trailer\\\/#primaryimage\",\"url\":\"https:\\\/\\\/www.honlufoodtrailer.com\\\/wp-content\\\/uploads\\\/2022\\\/03\\\/Customized-5.7M-single-deck-coffee-trailer-1.jpg\",\"contentUrl\":\"https:\\\/\\\/www.honlufoodtrailer.com\\\/wp-content\\\/uploads\\\/2022\\\/03\\\/Customized-5.7M-single-deck-coffee-trailer-1.jpg\",\"width\":720,\"height\":540,\"caption\":\"Customized 5.7M single-deck coffee trailer (1)\"},{\"@type\":\"BreadcrumbList\",\"@id\":\"https:\\\/\\\/www.honlufoodtrailer.com\\\/product\\\/customized-5-7m-single-deck-coffee-trailer\\\/#breadcrumb\",\"itemListElement\":[{\"@type\":\"ListItem\",\"position\":1,\"name\":\"Home\",\"item\":\"https:\\\/\\\/www.honlufoodtrailer.com\\\/\"},{\"@type\":\"ListItem\",\"position\":2,\"name\":\"\u4ea7\u54c1\",\"item\":\"https:\\\/\\\/www.honlufoodtrailer.com\\\/shop\\\/\"},{\"@type\":\"ListItem\",\"position\":3,\"name\":\"5.7M single-deck coffee trailer\"}]},{\"@type\":\"WebSite\",\"@id\":\"https:\\\/\\\/www.honlufoodtrailer.com\\\/#website\",\"url\":\"https:\\\/\\\/www.honlufoodtrailer.com\\\/\",\"name\":\"Honlu food trailer\",\"description\":\"\",\"publisher\":{\"@id\":\"https:\\\/\\\/www.honlufoodtrailer.com\\\/#organization\"},\"potentialAction\":[{\"@type\":\"SearchAction\",\"target\":{\"@type\":\"EntryPoint\",\"urlTemplate\":\"https:\\\/\\\/www.honlufoodtrailer.com\\\/?s={search_term_string}\"},\"query-input\":{\"@type\":\"PropertyValueSpecification\",\"valueRequired\":true,\"valueName\":\"search_term_string\"}}],\"inLanguage\":\"fr-FR\"},{\"@type\":\"Organization\",\"@id\":\"https:\\\/\\\/www.honlufoodtrailer.com\\\/#organization\",\"name\":\"Honlu food trailer\",\"url\":\"https:\\\/\\\/www.honlufoodtrailer.com\\\/\",\"logo\":{\"@type\":\"ImageObject\",\"inLanguage\":\"fr-FR\",\"@id\":\"https:\\\/\\\/www.honlufoodtrailer.com\\\/#\\\/schema\\\/logo\\\/image\\\/\",\"url\":\"https:\\\/\\\/www.honlufoodtrailer.com\\\/wp-content\\\/uploads\\\/2021\\\/12\\\/2.gif\",\"contentUrl\":\"https:\\\/\\\/www.honlufoodtrailer.com\\\/wp-content\\\/uploads\\\/2021\\\/12\\\/2.gif\",\"width\":350,\"height\":100,\"caption\":\"Honlu food trailer\"},\"image\":{\"@id\":\"https:\\\/\\\/www.honlufoodtrailer.com\\\/#\\\/schema\\\/logo\\\/image\\\/\"}}]}<\/script>\n<!-- \/ Yoast SEO plugin. -->","yoast_head_json":{"title":"Remorque \u00e0 caf\u00e9 \u00e0 un \u00e9tage de 5,7 millions d'euros - Remorque alimentaire Honlu","description":"Il s'agit d'une remorque \u00e0 caf\u00e9 personnalis\u00e9e \u00e0 un seul niveau, dont la carrosserie et l'int\u00e9rieur sont en acier inoxydable. Les plates-formes des deux c\u00f4t\u00e9s peuvent \u00eatre abaiss\u00e9es, ce qui permet de placer des tables et des chaises, des panneaux publicitaires, des \u00e9tag\u00e8res \u00e0 nourriture, etc. C'est le mod\u00e8le pr\u00e9f\u00e9r\u00e9 pour d\u00e9marrer un commerce de restauration rapide.","robots":{"index":"index","follow":"follow","max-snippet":"max-snippet:-1","max-image-preview":"max-image-preview:large","max-video-preview":"max-video-preview:-1"},"canonical":"https:\/\/www.honlufoodtrailer.com\/fr\/product\/customized-5-7m-single-deck-coffee-trailer\/","og_locale":"fr_FR","og_type":"article","og_title":"5.7M single-deck coffee trailer - Honlu food trailer","og_description":"This is a customized single-deck coffee trailer, the body and interior are made of stainless steel. The platforms on both sides can be lowered, which can be used to place some tables and chairs, publicity boards, food racks, etc. It is the preferred model for starting fast-food businesses.","og_url":"https:\/\/www.honlufoodtrailer.com\/fr\/product\/customized-5-7m-single-deck-coffee-trailer\/","og_site_name":"Honlu food trailer","article_modified_time":"2022-03-21T09:46:33+00:00","og_image":[{"width":720,"height":540,"url":"https:\/\/www.honlufoodtrailer.com\/wp-content\/uploads\/2022\/03\/Customized-5.7M-single-deck-coffee-trailer-1.jpg","type":"image\/jpeg"}],"twitter_card":"summary_large_image","twitter_misc":{"Dur\u00e9e de lecture estim\u00e9e":"4 minutes"},"schema":{"@context":"https:\/\/schema.org","@graph":[{"@type":"WebPage","@id":"https:\/\/www.honlufoodtrailer.com\/product\/customized-5-7m-single-deck-coffee-trailer\/","url":"https:\/\/www.honlufoodtrailer.com\/product\/customized-5-7m-single-deck-coffee-trailer\/","name":"Remorque \u00e0 caf\u00e9 \u00e0 un \u00e9tage de 5,7 millions d'euros - Remorque alimentaire Honlu","isPartOf":{"@id":"https:\/\/www.honlufoodtrailer.com\/#website"},"primaryImageOfPage":{"@id":"https:\/\/www.honlufoodtrailer.com\/product\/customized-5-7m-single-deck-coffee-trailer\/#primaryimage"},"image":{"@id":"https:\/\/www.honlufoodtrailer.com\/product\/customized-5-7m-single-deck-coffee-trailer\/#primaryimage"},"thumbnailUrl":"https:\/\/www.honlufoodtrailer.com\/wp-content\/uploads\/2022\/03\/Customized-5.7M-single-deck-coffee-trailer-1.jpg","datePublished":"2022-03-01T01:27:57+00:00","dateModified":"2022-03-21T09:46:33+00:00","description":"Il s'agit d'une remorque \u00e0 caf\u00e9 personnalis\u00e9e \u00e0 un seul niveau, dont la carrosserie et l'int\u00e9rieur sont en acier inoxydable. Les plates-formes des deux c\u00f4t\u00e9s peuvent \u00eatre abaiss\u00e9es, ce qui permet de placer des tables et des chaises, des panneaux publicitaires, des \u00e9tag\u00e8res \u00e0 nourriture, etc. C'est le mod\u00e8le pr\u00e9f\u00e9r\u00e9 pour d\u00e9marrer un commerce de restauration rapide.","breadcrumb":{"@id":"https:\/\/www.honlufoodtrailer.com\/product\/customized-5-7m-single-deck-coffee-trailer\/#breadcrumb"},"inLanguage":"fr-FR","potentialAction":[{"@type":"ReadAction","target":["https:\/\/www.honlufoodtrailer.com\/product\/customized-5-7m-single-deck-coffee-trailer\/"]}]},{"@type":"ImageObject","inLanguage":"fr-FR","@id":"https:\/\/www.honlufoodtrailer.com\/product\/customized-5-7m-single-deck-coffee-trailer\/#primaryimage","url":"https:\/\/www.honlufoodtrailer.com\/wp-content\/uploads\/2022\/03\/Customized-5.7M-single-deck-coffee-trailer-1.jpg","contentUrl":"https:\/\/www.honlufoodtrailer.com\/wp-content\/uploads\/2022\/03\/Customized-5.7M-single-deck-coffee-trailer-1.jpg","width":720,"height":540,"caption":"Customized 5.7M single-deck coffee trailer (1)"},{"@type":"BreadcrumbList","@id":"https:\/\/www.honlufoodtrailer.com\/product\/customized-5-7m-single-deck-coffee-trailer\/#breadcrumb","itemListElement":[{"@type":"ListItem","position":1,"name":"Home","item":"https:\/\/www.honlufoodtrailer.com\/"},{"@type":"ListItem","position":2,"name":"\u4ea7\u54c1","item":"https:\/\/www.honlufoodtrailer.com\/shop\/"},{"@type":"ListItem","position":3,"name":"5.7M single-deck coffee trailer"}]},{"@type":"WebSite","@id":"https:\/\/www.honlufoodtrailer.com\/#website","url":"https:\/\/www.honlufoodtrailer.com\/","name":"Remorque alimentaire Honlu","description":"","publisher":{"@id":"https:\/\/www.honlufoodtrailer.com\/#organization"},"potentialAction":[{"@type":"SearchAction","target":{"@type":"EntryPoint","urlTemplate":"https:\/\/www.honlufoodtrailer.com\/?s={search_term_string}"},"query-input":{"@type":"PropertyValueSpecification","valueRequired":true,"valueName":"search_term_string"}}],"inLanguage":"fr-FR"},{"@type":"Organization","@id":"https:\/\/www.honlufoodtrailer.com\/#organization","name":"Remorque alimentaire Honlu","url":"https:\/\/www.honlufoodtrailer.com\/","logo":{"@type":"ImageObject","inLanguage":"fr-FR","@id":"https:\/\/www.honlufoodtrailer.com\/#\/schema\/logo\/image\/","url":"https:\/\/www.honlufoodtrailer.com\/wp-content\/uploads\/2021\/12\/2.gif","contentUrl":"https:\/\/www.honlufoodtrailer.com\/wp-content\/uploads\/2021\/12\/2.gif","width":350,"height":100,"caption":"Honlu food trailer"},"image":{"@id":"https:\/\/www.honlufoodtrailer.com\/#\/schema\/logo\/image\/"}}]}},"_links":{"self":[{"href":"https:\/\/www.honlufoodtrailer.com\/fr\/wp-json\/wp\/v2\/product\/3254","targetHints":{"allow":["GET"]}}],"collection":[{"href":"https:\/\/www.honlufoodtrailer.com\/fr\/wp-json\/wp\/v2\/product"}],"about":[{"href":"https:\/\/www.honlufoodtrailer.com\/fr\/wp-json\/wp\/v2\/types\/product"}],"version-history":[{"count":1,"href":"https:\/\/www.honlufoodtrailer.com\/fr\/wp-json\/wp\/v2\/product\/3254\/revisions"}],"predecessor-version":[{"id":3275,"href":"https:\/\/www.honlufoodtrailer.com\/fr\/wp-json\/wp\/v2\/product\/3254\/revisions\/3275"}],"wp:featuredmedia":[{"embeddable":true,"href":"https:\/\/www.honlufoodtrailer.com\/fr\/wp-json\/wp\/v2\/media\/3255"}],"wp:attachment":[{"href":"https:\/\/www.honlufoodtrailer.com\/fr\/wp-json\/wp\/v2\/media?parent=3254"}],"wp:term":[{"taxonomy":"product_brand","embeddable":true,"href":"https:\/\/www.honlufoodtrailer.com\/fr\/wp-json\/wp\/v2\/product_brand?post=3254"},{"taxonomy":"product_cat","embeddable":true,"href":"https:\/\/www.honlufoodtrailer.com\/fr\/wp-json\/wp\/v2\/product_cat?post=3254"},{"taxonomy":"product_tag","embeddable":true,"href":"https:\/\/www.honlufoodtrailer.com\/fr\/wp-json\/wp\/v2\/product_tag?post=3254"}],"curies":[{"name":"wp","href":"https:\/\/api.w.org\/{rel}","templated":true}]}}