{"id":3502,"date":"2022-03-18T09:19:55","date_gmt":"2022-03-18T01:19:55","guid":{"rendered":"https:\/\/www.honlufoodtrailer.com\/?post_type=product&#038;p=3502"},"modified":"2022-04-02T14:20:16","modified_gmt":"2022-04-02T06:20:16","slug":"customized-5-8m-coffee-trailer","status":"publish","type":"product","link":"https:\/\/www.honlufoodtrailer.com\/fr\/product\/customized-5-8m-coffee-trailer\/","title":{"rendered":"Remorque \u00e0 caf\u00e9 5.8M sur mesure"},"content":{"rendered":"<p data-spm-anchor-id=\"a2700.wholesale.0.i28.29e52808agqc7f\">This is a customized 5.8M coffee trailer, the body and interior are made of stainless steel. The platforms on both sides can be lowered, which can be used to place some tables and chairs, publicity boards, food racks, etc. Due to its special design, it is very suitable for selling some food such as coffee, burgers, hot dogs, sandwiches, etc.\u00a0 The whole trailer is compact and easy to use. It is the preferred model for starting fast-food businesses.<\/p>\n<h2>The structure of the coffee trailer<\/h2>\n<p>Le plan de travail, le compartiment de rangement et les \u00e9viers sont tous en acier inoxydable. Le toit est \u00e9quip\u00e9 de lumi\u00e8res d'ambiance et de projecteurs coulissants, et offre une tr\u00e8s belle vue nocturne.<\/p>\n<figure id=\"attachment_4129\" aria-describedby=\"caption-attachment-4129\" style=\"width: 720px\" class=\"wp-caption aligncenter\"><img fetchpriority=\"high\" decoding=\"async\" class=\"size-full wp-image-4129\" src=\"https:\/\/www.honlufoodtrailer.com\/wp-content\/uploads\/2022\/03\/Inner-structure-1.jpg\" alt=\"Inner structure of the customized 5.8m coffee trailer\" width=\"720\" height=\"540\" srcset=\"https:\/\/www.honlufoodtrailer.com\/wp-content\/uploads\/2022\/03\/Inner-structure-1.jpg 720w, https:\/\/www.honlufoodtrailer.com\/wp-content\/uploads\/2022\/03\/Inner-structure-1-480x360.jpg 480w, https:\/\/www.honlufoodtrailer.com\/wp-content\/uploads\/2022\/03\/Inner-structure-1-300x225.jpg 300w\" sizes=\"(max-width: 720px) 100vw, 720px\" \/><figcaption id=\"caption-attachment-4129\" class=\"wp-caption-text\">Structure interne<\/figcaption><\/figure>\n<p>La plus grande caract\u00e9ristique de la remorque est la plate-forme commerciale relevable des deux c\u00f4t\u00e9s, qui peut avoir diff\u00e9rentes utilisations pour diff\u00e9rentes entreprises. Elle peut \u00eatre utilis\u00e9e non seulement pour placer des tables et des chaises afin de permettre aux clients de s'asseoir, mais aussi pour placer des porte-menus et des panneaux d'affichage de promotion commerciale. Lors de certains \u00e9v\u00e9nements, les doubles plates-formes \u00e9l\u00e9vatrices peuvent vous aider \u00e0 attirer plus de clients.<\/p>\n<figure id=\"attachment_4131\" aria-describedby=\"caption-attachment-4131\" style=\"width: 720px\" class=\"wp-caption aligncenter\"><img decoding=\"async\" class=\"size-full wp-image-4131\" src=\"https:\/\/www.honlufoodtrailer.com\/wp-content\/uploads\/2022\/03\/Side-platform-Second-floor.jpg\" alt=\"Side platform &amp; Second floor of the customized coffee trailer\" width=\"720\" height=\"540\" srcset=\"https:\/\/www.honlufoodtrailer.com\/wp-content\/uploads\/2022\/03\/Side-platform-Second-floor.jpg 720w, https:\/\/www.honlufoodtrailer.com\/wp-content\/uploads\/2022\/03\/Side-platform-Second-floor-480x360.jpg 480w, https:\/\/www.honlufoodtrailer.com\/wp-content\/uploads\/2022\/03\/Side-platform-Second-floor-300x225.jpg 300w\" sizes=\"(max-width: 720px) 100vw, 720px\" \/><figcaption id=\"caption-attachment-4131\" class=\"wp-caption-text\">Side platform &amp; Second floor<\/figcaption><\/figure>\n<p>All the equipment inside is made of stainless steel, which we customized for customers, including four sinks, the gas stove, deep fryer, heat preservation cabinet, range hood, etc.<\/p>\n<figure id=\"attachment_4130\" aria-describedby=\"caption-attachment-4130\" style=\"width: 720px\" class=\"wp-caption aligncenter\"><img decoding=\"async\" class=\"size-full wp-image-4130\" src=\"https:\/\/www.honlufoodtrailer.com\/wp-content\/uploads\/2022\/03\/Kutchen-equipmentRange-hood.jpg\" alt=\"Kutchen equipment&amp;Range hood of the customized 5.8M ciffee trailer\" width=\"720\" height=\"540\" srcset=\"https:\/\/www.honlufoodtrailer.com\/wp-content\/uploads\/2022\/03\/Kutchen-equipmentRange-hood.jpg 720w, https:\/\/www.honlufoodtrailer.com\/wp-content\/uploads\/2022\/03\/Kutchen-equipmentRange-hood-480x360.jpg 480w, https:\/\/www.honlufoodtrailer.com\/wp-content\/uploads\/2022\/03\/Kutchen-equipmentRange-hood-300x225.jpg 300w\" sizes=\"(max-width: 720px) 100vw, 720px\" \/><figcaption id=\"caption-attachment-4130\" class=\"wp-caption-text\">Kitchen equipment&amp;Range hood<\/figcaption><\/figure>\n<h3 class=\"elementor-image-box-title\"><\/h3>\n<div class=\"magic-7\">\n<div class=\"magic-8\">\n<div class=\"magic-9\" data-id=\"paragraph0\">\n<h2>Main Features of the coffee\u00a0trailer<\/h2>\n<h3 class=\"elementor-image-box-title\">1. Beautiful night view<\/h3>\n<p class=\"elementor-image-box-description\">L&#039;\u00e9clairage d&#039;ambiance complet du v\u00e9hicule fait de votre remorque la star la plus attrayante, m\u00eame la nuit.<\/p>\n<h3 class=\"elementor-image-box-title\">2. Easy installation<\/h3>\n<p class=\"elementor-image-box-description\">Equipped with a full set of installation videos, the technicians provide remote one-to-one guidance to help you start your business immediately.<\/p>\n<h3 class=\"elementor-image-box-title\">3. Customized service<\/h3>\n<p class=\"elementor-image-box-description\">L&#039;ensemble de la remorque, y compris son apparence, son style, ses accessoires et ses \u00e9quipements auxiliaires, est personnalisable. Offrez-vous un wagon-restaurant exclusif.<\/p>\n<h2>Dessin de plan d'\u00e9tage 2D\/3D gratuit<\/h2>\n<p>Apr\u00e8s avoir confirm\u00e9 les dimensions de la remorque alimentaire et de l'\u00e9quipement de cuisine interne, nous pouvons vous fournir gratuitement des dessins en 3D. Cela vous donnera une id\u00e9e plus claire de votre conception et de votre remorque alimentaire. Lorsque nous confirmons l'emplacement de l'\u00e9quipement de cuisine, nous pouvons communiquer clairement avec vous gr\u00e2ce au plan d'\u00e9tage. Nous pouvons \u00e9galement vous fournir des documents originaux pour faciliter votre conception et proc\u00e9der \u00e0 des ajustements.<\/p>\n<\/div>\n<\/div>\n<\/div>","protected":false},"excerpt":{"rendered":"<p data-spm-anchor-id=\"a2700.wholesale.0.i28.29e52808agqc7f\">This is a customized 5.8M coffee trailer, the body and interior are made of stainless steel. The platforms on both sides can be lowered, which can be used to place some tables and chairs, publicity boards, food racks, etc. Due to its special design, it is very suitable for selling some food such as coffee, burgers, hot dogs, sandwiches, etc.\u00a0 The whole trailer is compact and easy to use. It is the preferred model for starting fast-food businesses.<\/p>","protected":false},"featured_media":3503,"template":"","meta":{"_themeisle_gutenberg_block_has_review":false},"product_brand":[],"product_cat":[26],"product_tag":[33,45,38,51,50],"class_list":{"0":"post-3502","1":"product","2":"type-product","3":"status-publish","4":"has-post-thumbnail","6":"product_cat-product","7":"product_tag-customized-trailer","8":"product_tag-large-food-trailer","9":"product_tag-mobile-food-trailer","10":"product_tag-square-food-trailer","11":"product_tag-standard-configuration","13":"first","14":"instock","15":"shipping-taxable","16":"product-type-simple"},"yoast_head":"<!-- This site is optimized with the Yoast SEO plugin v27.4 - https:\/\/yoast.com\/product\/yoast-seo-wordpress\/ -->\n<title>Customized 5.8M coffee trailer - Honlu food trailer<\/title>\n<meta name=\"description\" content=\"This is a customized 5.8M coffee trailer, the body and interior are made of stainless steel. The platforms on both sides can be lowered, which can be used to place some tables and chairs, publicity boards, food racks, etc. Due to its special design, it is very suitable for selling some food such as coffee, burgers, hot dogs, sandwiches, etc.\u00a0 The whole trailer is compact and easy to use. It is the preferred model for starting fast-food businesses.\" \/>\n<meta name=\"robots\" content=\"index, follow, max-snippet:-1, max-image-preview:large, max-video-preview:-1\" \/>\n<link rel=\"canonical\" href=\"https:\/\/www.honlufoodtrailer.com\/fr\/product\/customized-5-8m-coffee-trailer\/\" \/>\n<meta property=\"og:locale\" content=\"fr_FR\" \/>\n<meta property=\"og:type\" content=\"article\" \/>\n<meta property=\"og:title\" content=\"Customized 5.8M coffee trailer - Honlu food trailer\" \/>\n<meta property=\"og:description\" content=\"This is a customized 5.8M coffee trailer, the body and interior are made of stainless steel. The platforms on both sides can be lowered, which can be used to place some tables and chairs, publicity boards, food racks, etc. Due to its special design, it is very suitable for selling some food such as coffee, burgers, hot dogs, sandwiches, etc.\u00a0 The whole trailer is compact and easy to use. It is the preferred model for starting fast-food businesses.\" \/>\n<meta property=\"og:url\" content=\"https:\/\/www.honlufoodtrailer.com\/fr\/product\/customized-5-8m-coffee-trailer\/\" \/>\n<meta property=\"og:site_name\" content=\"Honlu food trailer\" \/>\n<meta property=\"article:modified_time\" content=\"2022-04-02T06:20:16+00:00\" \/>\n<meta property=\"og:image\" content=\"https:\/\/www.honlufoodtrailer.com\/wp-content\/uploads\/2022\/03\/Customized-5.8M-coffee-trailer-1.jpg\" \/>\n\t<meta property=\"og:image:width\" content=\"720\" \/>\n\t<meta property=\"og:image:height\" content=\"540\" \/>\n\t<meta property=\"og:image:type\" content=\"image\/jpeg\" \/>\n<meta name=\"twitter:card\" content=\"summary_large_image\" \/>\n<meta name=\"twitter:label1\" content=\"Dur\u00e9e de lecture estim\u00e9e\" \/>\n\t<meta name=\"twitter:data1\" content=\"3 minutes\" \/>\n<script type=\"application\/ld+json\" class=\"yoast-schema-graph\">{\"@context\":\"https:\\\/\\\/schema.org\",\"@graph\":[{\"@type\":\"WebPage\",\"@id\":\"https:\\\/\\\/www.honlufoodtrailer.com\\\/product\\\/customized-5-8m-coffee-trailer\\\/\",\"url\":\"https:\\\/\\\/www.honlufoodtrailer.com\\\/product\\\/customized-5-8m-coffee-trailer\\\/\",\"name\":\"Customized 5.8M coffee trailer - Honlu food trailer\",\"isPartOf\":{\"@id\":\"https:\\\/\\\/www.honlufoodtrailer.com\\\/#website\"},\"primaryImageOfPage\":{\"@id\":\"https:\\\/\\\/www.honlufoodtrailer.com\\\/product\\\/customized-5-8m-coffee-trailer\\\/#primaryimage\"},\"image\":{\"@id\":\"https:\\\/\\\/www.honlufoodtrailer.com\\\/product\\\/customized-5-8m-coffee-trailer\\\/#primaryimage\"},\"thumbnailUrl\":\"https:\\\/\\\/www.honlufoodtrailer.com\\\/wp-content\\\/uploads\\\/2022\\\/03\\\/Customized-5.8M-coffee-trailer-1.jpg\",\"datePublished\":\"2022-03-18T01:19:55+00:00\",\"dateModified\":\"2022-04-02T06:20:16+00:00\",\"description\":\"This is a customized 5.8M coffee trailer, the body and interior are made of stainless steel. The platforms on both sides can be lowered, which can be used to place some tables and chairs, publicity boards, food racks, etc. Due to its special design, it is very suitable for selling some food such as coffee, burgers, hot dogs, sandwiches, etc.\u00a0 The whole trailer is compact and easy to use. It is the preferred model for starting fast-food businesses.\",\"breadcrumb\":{\"@id\":\"https:\\\/\\\/www.honlufoodtrailer.com\\\/product\\\/customized-5-8m-coffee-trailer\\\/#breadcrumb\"},\"inLanguage\":\"fr-FR\",\"potentialAction\":[{\"@type\":\"ReadAction\",\"target\":[\"https:\\\/\\\/www.honlufoodtrailer.com\\\/product\\\/customized-5-8m-coffee-trailer\\\/\"]}]},{\"@type\":\"ImageObject\",\"inLanguage\":\"fr-FR\",\"@id\":\"https:\\\/\\\/www.honlufoodtrailer.com\\\/product\\\/customized-5-8m-coffee-trailer\\\/#primaryimage\",\"url\":\"https:\\\/\\\/www.honlufoodtrailer.com\\\/wp-content\\\/uploads\\\/2022\\\/03\\\/Customized-5.8M-coffee-trailer-1.jpg\",\"contentUrl\":\"https:\\\/\\\/www.honlufoodtrailer.com\\\/wp-content\\\/uploads\\\/2022\\\/03\\\/Customized-5.8M-coffee-trailer-1.jpg\",\"width\":720,\"height\":540,\"caption\":\"Customized 5.8M coffee trailer (1)\"},{\"@type\":\"BreadcrumbList\",\"@id\":\"https:\\\/\\\/www.honlufoodtrailer.com\\\/product\\\/customized-5-8m-coffee-trailer\\\/#breadcrumb\",\"itemListElement\":[{\"@type\":\"ListItem\",\"position\":1,\"name\":\"Home\",\"item\":\"https:\\\/\\\/www.honlufoodtrailer.com\\\/\"},{\"@type\":\"ListItem\",\"position\":2,\"name\":\"\u4ea7\u54c1\",\"item\":\"https:\\\/\\\/www.honlufoodtrailer.com\\\/shop\\\/\"},{\"@type\":\"ListItem\",\"position\":3,\"name\":\"Customized 5.8M coffee trailer\"}]},{\"@type\":\"WebSite\",\"@id\":\"https:\\\/\\\/www.honlufoodtrailer.com\\\/#website\",\"url\":\"https:\\\/\\\/www.honlufoodtrailer.com\\\/\",\"name\":\"Honlu food trailer\",\"description\":\"\",\"publisher\":{\"@id\":\"https:\\\/\\\/www.honlufoodtrailer.com\\\/#organization\"},\"potentialAction\":[{\"@type\":\"SearchAction\",\"target\":{\"@type\":\"EntryPoint\",\"urlTemplate\":\"https:\\\/\\\/www.honlufoodtrailer.com\\\/?s={search_term_string}\"},\"query-input\":{\"@type\":\"PropertyValueSpecification\",\"valueRequired\":true,\"valueName\":\"search_term_string\"}}],\"inLanguage\":\"fr-FR\"},{\"@type\":\"Organization\",\"@id\":\"https:\\\/\\\/www.honlufoodtrailer.com\\\/#organization\",\"name\":\"Honlu food trailer\",\"url\":\"https:\\\/\\\/www.honlufoodtrailer.com\\\/\",\"logo\":{\"@type\":\"ImageObject\",\"inLanguage\":\"fr-FR\",\"@id\":\"https:\\\/\\\/www.honlufoodtrailer.com\\\/#\\\/schema\\\/logo\\\/image\\\/\",\"url\":\"https:\\\/\\\/www.honlufoodtrailer.com\\\/wp-content\\\/uploads\\\/2021\\\/12\\\/2.gif\",\"contentUrl\":\"https:\\\/\\\/www.honlufoodtrailer.com\\\/wp-content\\\/uploads\\\/2021\\\/12\\\/2.gif\",\"width\":350,\"height\":100,\"caption\":\"Honlu food trailer\"},\"image\":{\"@id\":\"https:\\\/\\\/www.honlufoodtrailer.com\\\/#\\\/schema\\\/logo\\\/image\\\/\"}}]}<\/script>\n<!-- \/ Yoast SEO plugin. -->","yoast_head_json":{"title":"Customized 5.8M coffee trailer - Honlu food trailer","description":"This is a customized 5.8M coffee trailer, the body and interior are made of stainless steel. The platforms on both sides can be lowered, which can be used to place some tables and chairs, publicity boards, food racks, etc. Due to its special design, it is very suitable for selling some food such as coffee, burgers, hot dogs, sandwiches, etc.\u00a0 The whole trailer is compact and easy to use. It is the preferred model for starting fast-food businesses.","robots":{"index":"index","follow":"follow","max-snippet":"max-snippet:-1","max-image-preview":"max-image-preview:large","max-video-preview":"max-video-preview:-1"},"canonical":"https:\/\/www.honlufoodtrailer.com\/fr\/product\/customized-5-8m-coffee-trailer\/","og_locale":"fr_FR","og_type":"article","og_title":"Customized 5.8M coffee trailer - Honlu food trailer","og_description":"This is a customized 5.8M coffee trailer, the body and interior are made of stainless steel. The platforms on both sides can be lowered, which can be used to place some tables and chairs, publicity boards, food racks, etc. Due to its special design, it is very suitable for selling some food such as coffee, burgers, hot dogs, sandwiches, etc.\u00a0 The whole trailer is compact and easy to use. It is the preferred model for starting fast-food businesses.","og_url":"https:\/\/www.honlufoodtrailer.com\/fr\/product\/customized-5-8m-coffee-trailer\/","og_site_name":"Honlu food trailer","article_modified_time":"2022-04-02T06:20:16+00:00","og_image":[{"width":720,"height":540,"url":"https:\/\/www.honlufoodtrailer.com\/wp-content\/uploads\/2022\/03\/Customized-5.8M-coffee-trailer-1.jpg","type":"image\/jpeg"}],"twitter_card":"summary_large_image","twitter_misc":{"Dur\u00e9e de lecture estim\u00e9e":"3 minutes"},"schema":{"@context":"https:\/\/schema.org","@graph":[{"@type":"WebPage","@id":"https:\/\/www.honlufoodtrailer.com\/product\/customized-5-8m-coffee-trailer\/","url":"https:\/\/www.honlufoodtrailer.com\/product\/customized-5-8m-coffee-trailer\/","name":"Customized 5.8M coffee trailer - Honlu food trailer","isPartOf":{"@id":"https:\/\/www.honlufoodtrailer.com\/#website"},"primaryImageOfPage":{"@id":"https:\/\/www.honlufoodtrailer.com\/product\/customized-5-8m-coffee-trailer\/#primaryimage"},"image":{"@id":"https:\/\/www.honlufoodtrailer.com\/product\/customized-5-8m-coffee-trailer\/#primaryimage"},"thumbnailUrl":"https:\/\/www.honlufoodtrailer.com\/wp-content\/uploads\/2022\/03\/Customized-5.8M-coffee-trailer-1.jpg","datePublished":"2022-03-18T01:19:55+00:00","dateModified":"2022-04-02T06:20:16+00:00","description":"This is a customized 5.8M coffee trailer, the body and interior are made of stainless steel. The platforms on both sides can be lowered, which can be used to place some tables and chairs, publicity boards, food racks, etc. Due to its special design, it is very suitable for selling some food such as coffee, burgers, hot dogs, sandwiches, etc.\u00a0 The whole trailer is compact and easy to use. It is the preferred model for starting fast-food businesses.","breadcrumb":{"@id":"https:\/\/www.honlufoodtrailer.com\/product\/customized-5-8m-coffee-trailer\/#breadcrumb"},"inLanguage":"fr-FR","potentialAction":[{"@type":"ReadAction","target":["https:\/\/www.honlufoodtrailer.com\/product\/customized-5-8m-coffee-trailer\/"]}]},{"@type":"ImageObject","inLanguage":"fr-FR","@id":"https:\/\/www.honlufoodtrailer.com\/product\/customized-5-8m-coffee-trailer\/#primaryimage","url":"https:\/\/www.honlufoodtrailer.com\/wp-content\/uploads\/2022\/03\/Customized-5.8M-coffee-trailer-1.jpg","contentUrl":"https:\/\/www.honlufoodtrailer.com\/wp-content\/uploads\/2022\/03\/Customized-5.8M-coffee-trailer-1.jpg","width":720,"height":540,"caption":"Customized 5.8M coffee trailer (1)"},{"@type":"BreadcrumbList","@id":"https:\/\/www.honlufoodtrailer.com\/product\/customized-5-8m-coffee-trailer\/#breadcrumb","itemListElement":[{"@type":"ListItem","position":1,"name":"Home","item":"https:\/\/www.honlufoodtrailer.com\/"},{"@type":"ListItem","position":2,"name":"\u4ea7\u54c1","item":"https:\/\/www.honlufoodtrailer.com\/shop\/"},{"@type":"ListItem","position":3,"name":"Customized 5.8M coffee trailer"}]},{"@type":"WebSite","@id":"https:\/\/www.honlufoodtrailer.com\/#website","url":"https:\/\/www.honlufoodtrailer.com\/","name":"Remorque alimentaire Honlu","description":"","publisher":{"@id":"https:\/\/www.honlufoodtrailer.com\/#organization"},"potentialAction":[{"@type":"SearchAction","target":{"@type":"EntryPoint","urlTemplate":"https:\/\/www.honlufoodtrailer.com\/?s={search_term_string}"},"query-input":{"@type":"PropertyValueSpecification","valueRequired":true,"valueName":"search_term_string"}}],"inLanguage":"fr-FR"},{"@type":"Organization","@id":"https:\/\/www.honlufoodtrailer.com\/#organization","name":"Remorque alimentaire Honlu","url":"https:\/\/www.honlufoodtrailer.com\/","logo":{"@type":"ImageObject","inLanguage":"fr-FR","@id":"https:\/\/www.honlufoodtrailer.com\/#\/schema\/logo\/image\/","url":"https:\/\/www.honlufoodtrailer.com\/wp-content\/uploads\/2021\/12\/2.gif","contentUrl":"https:\/\/www.honlufoodtrailer.com\/wp-content\/uploads\/2021\/12\/2.gif","width":350,"height":100,"caption":"Honlu food trailer"},"image":{"@id":"https:\/\/www.honlufoodtrailer.com\/#\/schema\/logo\/image\/"}}]}},"_links":{"self":[{"href":"https:\/\/www.honlufoodtrailer.com\/fr\/wp-json\/wp\/v2\/product\/3502","targetHints":{"allow":["GET"]}}],"collection":[{"href":"https:\/\/www.honlufoodtrailer.com\/fr\/wp-json\/wp\/v2\/product"}],"about":[{"href":"https:\/\/www.honlufoodtrailer.com\/fr\/wp-json\/wp\/v2\/types\/product"}],"version-history":[{"count":2,"href":"https:\/\/www.honlufoodtrailer.com\/fr\/wp-json\/wp\/v2\/product\/3502\/revisions"}],"predecessor-version":[{"id":4128,"href":"https:\/\/www.honlufoodtrailer.com\/fr\/wp-json\/wp\/v2\/product\/3502\/revisions\/4128"}],"wp:featuredmedia":[{"embeddable":true,"href":"https:\/\/www.honlufoodtrailer.com\/fr\/wp-json\/wp\/v2\/media\/3503"}],"wp:attachment":[{"href":"https:\/\/www.honlufoodtrailer.com\/fr\/wp-json\/wp\/v2\/media?parent=3502"}],"wp:term":[{"taxonomy":"product_brand","embeddable":true,"href":"https:\/\/www.honlufoodtrailer.com\/fr\/wp-json\/wp\/v2\/product_brand?post=3502"},{"taxonomy":"product_cat","embeddable":true,"href":"https:\/\/www.honlufoodtrailer.com\/fr\/wp-json\/wp\/v2\/product_cat?post=3502"},{"taxonomy":"product_tag","embeddable":true,"href":"https:\/\/www.honlufoodtrailer.com\/fr\/wp-json\/wp\/v2\/product_tag?post=3502"}],"curies":[{"name":"wp","href":"https:\/\/api.w.org\/{rel}","templated":true}]}}