{"id":3775,"date":"2022-03-24T10:16:17","date_gmt":"2022-03-24T02:16:17","guid":{"rendered":"https:\/\/www.honlufoodtrailer.com\/?post_type=product&#038;p=3775"},"modified":"2023-12-17T15:15:21","modified_gmt":"2023-12-17T07:15:21","slug":"customized-8m-stainless-steel-food-trailer","status":"publish","type":"product","link":"https:\/\/www.honlufoodtrailer.com\/fr\/product\/customized-8m-stainless-steel-food-trailer\/","title":{"rendered":"Remorque alimentaire personnalis\u00e9e en acier inoxydable de 8 m"},"content":{"rendered":"<figure id=\"attachment_3785\" aria-describedby=\"caption-attachment-3785\" style=\"width: 1600px\" class=\"wp-caption alignnone\"><img fetchpriority=\"high\" decoding=\"async\" class=\"size-full wp-image-3785\" src=\"https:\/\/www.honlufoodtrailer.com\/wp-content\/uploads\/2022\/03\/Stainless-Steel-Body.jpg\" alt=\"Corps en acier inoxydable\" width=\"1600\" height=\"900\" srcset=\"https:\/\/www.honlufoodtrailer.com\/wp-content\/uploads\/2022\/03\/Stainless-Steel-Body.jpg 1600w, https:\/\/www.honlufoodtrailer.com\/wp-content\/uploads\/2022\/03\/Stainless-Steel-Body-768x432.jpg 768w, https:\/\/www.honlufoodtrailer.com\/wp-content\/uploads\/2022\/03\/Stainless-Steel-Body-1536x864.jpg 1536w, https:\/\/www.honlufoodtrailer.com\/wp-content\/uploads\/2022\/03\/Stainless-Steel-Body-480x270.jpg 480w, https:\/\/www.honlufoodtrailer.com\/wp-content\/uploads\/2022\/03\/Stainless-Steel-Body-300x169.jpg 300w, https:\/\/www.honlufoodtrailer.com\/wp-content\/uploads\/2022\/03\/Stainless-Steel-Body-720x405.jpg 720w\" sizes=\"(max-width: 1600px) 100vw, 1600px\" \/><figcaption id=\"caption-attachment-3785\" class=\"wp-caption-text\">Corps en acier inoxydable<\/figcaption><\/figure>\n<p>Voici notre remorque alimentaire personnalis\u00e9e en acier inoxydable. L&#039;ensemble de la carrosserie et des am\u00e9nagements int\u00e9rieurs est r\u00e9alis\u00e9 en acier inoxydable. Conform\u00e9ment aux exigences du client, nous avons personnalis\u00e9 le panneau publicitaire sup\u00e9rieur sur trois c\u00f4t\u00e9s, les \u00e9quipements de cuisine et opt\u00e9 pour un design de porte arri\u00e8re in\u00e9dit. La fen\u00eatre de service avant est compos\u00e9e de deux fen\u00eatres coulissantes et est \u00e9quip\u00e9e d&#039;un auvent pare-soleil. Lors de la conception de cette remorque, le client a propos\u00e9 de nombreuses id\u00e9es de design sp\u00e9cifiques, que nous avons toutes r\u00e9alis\u00e9es \u00e0 l&#039;aide de plans graphiques.<\/p>\n<figure id=\"attachment_3790\" aria-describedby=\"caption-attachment-3790\" style=\"width: 720px\" class=\"wp-caption aligncenter\"><img decoding=\"async\" class=\"size-full wp-image-3790\" src=\"https:\/\/www.honlufoodtrailer.com\/wp-content\/uploads\/2022\/03\/Customized-back-door.jpg\" alt=\"Porte arri\u00e8re personnalis\u00e9e\" width=\"720\" height=\"540\" srcset=\"https:\/\/www.honlufoodtrailer.com\/wp-content\/uploads\/2022\/03\/Customized-back-door.jpg 720w, https:\/\/www.honlufoodtrailer.com\/wp-content\/uploads\/2022\/03\/Customized-back-door-480x360.jpg 480w, https:\/\/www.honlufoodtrailer.com\/wp-content\/uploads\/2022\/03\/Customized-back-door-300x225.jpg 300w\" sizes=\"(max-width: 720px) 100vw, 720px\" \/><figcaption id=\"caption-attachment-3790\" class=\"wp-caption-text\">Porte arri\u00e8re personnalis\u00e9e<\/figcaption><\/figure>\n<p data-spm-anchor-id=\"a2700.wholesale.0.i28.29e52808agqc7f\">L&#039;ext\u00e9rieur de la carrosserie est en acier inoxydable. Ce rev\u00eatement en acier inoxydable poli miroir contribue \u00e0 prolonger la dur\u00e9e de vie de la remorque. Trois panneaux publicitaires personnalis\u00e9s sont int\u00e9gr\u00e9s \u00e0 l&#039;ext\u00e9rieur, et des feux de signalisation ont \u00e9t\u00e9 ajout\u00e9s tout autour de la carrosserie.<\/p>\n<figure id=\"attachment_3786\" aria-describedby=\"caption-attachment-3786\" style=\"width: 720px\" class=\"wp-caption aligncenter\"><img decoding=\"async\" class=\"size-full wp-image-3786\" src=\"https:\/\/www.honlufoodtrailer.com\/wp-content\/uploads\/2022\/03\/Top-billboard-in-three-sides.jpg\" alt=\"Panneau d&#039;affichage sup\u00e9rieur sur trois c\u00f4t\u00e9s\" width=\"720\" height=\"540\" srcset=\"https:\/\/www.honlufoodtrailer.com\/wp-content\/uploads\/2022\/03\/Top-billboard-in-three-sides.jpg 720w, https:\/\/www.honlufoodtrailer.com\/wp-content\/uploads\/2022\/03\/Top-billboard-in-three-sides-480x360.jpg 480w, https:\/\/www.honlufoodtrailer.com\/wp-content\/uploads\/2022\/03\/Top-billboard-in-three-sides-300x225.jpg 300w\" sizes=\"(max-width: 720px) 100vw, 720px\" \/><figcaption id=\"caption-attachment-3786\" class=\"wp-caption-text\">Panneau d&#039;affichage sup\u00e9rieur sur trois c\u00f4t\u00e9s<\/figcaption><\/figure>\n<p data-spm-anchor-id=\"a2700.wholesale.0.i28.29e52808agqc7f\">Le v\u00e9hicule mesure huit m\u00e8tres de long, de nombreux \u00e9quipements de cuisine ont donc \u00e9t\u00e9 am\u00e9nag\u00e9s \u00e0 l&#039;int\u00e9rieur, notamment des cuisini\u00e8res \u00e0 gaz, des friteuses, des barbecues, etc. L&#039;am\u00e9nagement int\u00e9rieur de la carrosserie est en acier inoxydable.<\/p>\n<figure id=\"attachment_3788\" aria-describedby=\"caption-attachment-3788\" style=\"width: 1600px\" class=\"wp-caption aligncenter\"><img loading=\"lazy\" decoding=\"async\" class=\"size-full wp-image-3788\" src=\"https:\/\/www.honlufoodtrailer.com\/wp-content\/uploads\/2022\/03\/Overall-stainless-steel.jpg\" alt=\"Acier inoxydable global\" width=\"1600\" height=\"900\" srcset=\"https:\/\/www.honlufoodtrailer.com\/wp-content\/uploads\/2022\/03\/Overall-stainless-steel.jpg 1600w, https:\/\/www.honlufoodtrailer.com\/wp-content\/uploads\/2022\/03\/Overall-stainless-steel-768x432.jpg 768w, https:\/\/www.honlufoodtrailer.com\/wp-content\/uploads\/2022\/03\/Overall-stainless-steel-1536x864.jpg 1536w, https:\/\/www.honlufoodtrailer.com\/wp-content\/uploads\/2022\/03\/Overall-stainless-steel-480x270.jpg 480w, https:\/\/www.honlufoodtrailer.com\/wp-content\/uploads\/2022\/03\/Overall-stainless-steel-300x169.jpg 300w, https:\/\/www.honlufoodtrailer.com\/wp-content\/uploads\/2022\/03\/Overall-stainless-steel-720x405.jpg 720w\" sizes=\"(max-width: 1600px) 100vw, 1600px\" \/><figcaption id=\"caption-attachment-3788\" class=\"wp-caption-text\">Acier inoxydable global<\/figcaption><\/figure>\n<p data-spm-anchor-id=\"a2700.wholesale.0.i28.29e52808agqc7f\">En nous basant sur ces \u00e9quipements de cuisine, nous avons personnalis\u00e9 des hottes aspirantes haute performance pour nos clients afin de garantir un environnement sain dans leur voiture.<\/p>\n<figure id=\"attachment_3787\" aria-describedby=\"caption-attachment-3787\" style=\"width: 720px\" class=\"wp-caption aligncenter\"><img loading=\"lazy\" decoding=\"async\" class=\"size-full wp-image-3787\" src=\"https:\/\/www.honlufoodtrailer.com\/wp-content\/uploads\/2022\/03\/Kitchen-Equipment-High-Power-Range-Hoods.jpg\" alt=\"\u00c9quipements de cuisine et hottes aspirantes haute puissance\" width=\"720\" height=\"540\" srcset=\"https:\/\/www.honlufoodtrailer.com\/wp-content\/uploads\/2022\/03\/Kitchen-Equipment-High-Power-Range-Hoods.jpg 720w, https:\/\/www.honlufoodtrailer.com\/wp-content\/uploads\/2022\/03\/Kitchen-Equipment-High-Power-Range-Hoods-480x360.jpg 480w, https:\/\/www.honlufoodtrailer.com\/wp-content\/uploads\/2022\/03\/Kitchen-Equipment-High-Power-Range-Hoods-300x225.jpg 300w\" sizes=\"(max-width: 720px) 100vw, 720px\" \/><figcaption id=\"caption-attachment-3787\" class=\"wp-caption-text\">\u00c9quipements de cuisine et hottes aspirantes haute puissance<\/figcaption><\/figure>\n<p data-spm-anchor-id=\"a2700.wholesale.0.i28.29e52808agqc7f\">Deux projecteurs d&#039;ambiance diff\u00e9rents sont install\u00e9s \u00e0 l&#039;int\u00e9rieur de la carrosserie selon les exigences du client, et gr\u00e2ce aux lampes \u00e9mettrices de lumi\u00e8re \u00e0 l&#039;ext\u00e9rieur de la carrosserie, la remorque offre une tr\u00e8s belle vue m\u00eame la nuit.<\/p>\n<figure id=\"attachment_3789\" aria-describedby=\"caption-attachment-3789\" style=\"width: 720px\" class=\"wp-caption aligncenter\"><img loading=\"lazy\" decoding=\"async\" class=\"size-full wp-image-3789\" src=\"https:\/\/www.honlufoodtrailer.com\/wp-content\/uploads\/2022\/03\/Two-mood-lights.jpg\" alt=\"Deux lampes d&#039;ambiance\" width=\"720\" height=\"540\" srcset=\"https:\/\/www.honlufoodtrailer.com\/wp-content\/uploads\/2022\/03\/Two-mood-lights.jpg 720w, https:\/\/www.honlufoodtrailer.com\/wp-content\/uploads\/2022\/03\/Two-mood-lights-480x360.jpg 480w, https:\/\/www.honlufoodtrailer.com\/wp-content\/uploads\/2022\/03\/Two-mood-lights-300x225.jpg 300w\" sizes=\"(max-width: 720px) 100vw, 720px\" \/><figcaption id=\"caption-attachment-3789\" class=\"wp-caption-text\">Deux lampes d&#039;ambiance<\/figcaption><\/figure>\n<p>La remorque est compacte et facile \u00e0 utiliser. C&#039;est le mod\u00e8le id\u00e9al pour lancer une activit\u00e9 de restauration rapide, g\u00e9rer les commandes group\u00e9es des centres commerciaux, centraliser la vente de rue et organiser des pique-niques en famille. Elle convient \u00e9galement \u00e0 la vente de hot-dogs, de produits de d\u00e9tail, de fleurs, de sandwichs, de caf\u00e9, de glaces, etc. Certifi\u00e9e CE, elle vous accompagne dans la cr\u00e9ation de votre entreprise ambulante.<\/p>\n<h3 class=\"magic-6\" data-spm-anchor-id=\"a2700.wholesale.0.i28.29e52808agqc7f\">Caract\u00e9ristiques principales de la remorque alimentaire en acier inoxydable<\/h3>\n<div class=\"magic-7\">\n<div class=\"magic-8\">\n<div class=\"magic-9\" data-id=\"paragraph0\">\n<ol>\n<li>La carrosserie extra-longue offre un espace int\u00e9rieur plus vaste et peut accueillir davantage d&#039;\u00e9quipements afin de r\u00e9pondre aux divers besoins des clients\u00a0;<\/li>\n<li>Carrosserie et structure interne de la remorque en acier inoxydable, carrosserie plus l\u00e9g\u00e8re et dur\u00e9e de vie plus longue\u00a0;<\/li>\n<li>R\u00e9sistant au feu, \u00e0 la chaleur et \u00e0 la corrosion.<\/li>\n<li>La remorque alimentaire mobile est \u00e9quip\u00e9e d'accessoires modernes et avanc\u00e9s ;<\/li>\n<li>Pratique et facile \u00e0 d\u00e9placer ;<\/li>\n<li>Nous nous ferons un plaisir de le modifier en fonction de vos besoins.<\/li>\n<\/ol>\n<h3>Dessin de plan d'\u00e9tage 2D\/3D gratuit<\/h3>\n<p>Apr\u00e8s avoir confirm\u00e9 les dimensions de la remorque alimentaire et de l'\u00e9quipement de cuisine interne, nous pouvons vous fournir gratuitement des dessins en 3D. Cela vous donnera une id\u00e9e plus claire de votre conception et de votre remorque alimentaire. Lorsque nous confirmons l'emplacement de l'\u00e9quipement de cuisine, nous pouvons communiquer clairement avec vous gr\u00e2ce au plan d'\u00e9tage. Nous pouvons \u00e9galement vous fournir des documents originaux pour faciliter votre conception et proc\u00e9der \u00e0 des ajustements.<\/p>\n<\/div>\n<\/div>\n<\/div>","protected":false},"excerpt":{"rendered":"<p>Voici notre remorque alimentaire personnalis\u00e9e en acier inoxydable. La carrosserie et l&#039;am\u00e9nagement int\u00e9rieur sont enti\u00e8rement r\u00e9alis\u00e9s en acier inoxydable. Conform\u00e9ment aux besoins du client, nous avons personnalis\u00e9 le panneau publicitaire sur trois c\u00f4t\u00e9s, l&#039;\u00e9quipement de cuisine et opt\u00e9 pour un design de porte arri\u00e8re diff\u00e9rent de celui des autres remorques alimentaires. Lors de la production de cette remorque, le client a propos\u00e9 de nombreuses id\u00e9es de design sp\u00e9cifiques, que nous avons toutes r\u00e9alis\u00e9es \u00e0 l&#039;aide de plans graphiques.<\/p>","protected":false},"featured_media":3776,"template":"","meta":{"_themeisle_gutenberg_block_has_review":false},"product_brand":[],"product_cat":[26],"product_tag":[33,41,45,38],"class_list":{"0":"post-3775","1":"product","2":"type-product","3":"status-publish","4":"has-post-thumbnail","6":"product_cat-product","7":"product_tag-customized-trailer","8":"product_tag-galvanized-trailer","9":"product_tag-large-food-trailer","10":"product_tag-mobile-food-trailer","12":"first","13":"instock","14":"downloadable","15":"shipping-taxable","16":"product-type-simple"},"yoast_head":"<!-- This site is optimized with the Yoast SEO plugin v27.5 - https:\/\/yoast.com\/product\/yoast-seo-wordpress\/ -->\n<title>Customized 8M stainless steel food trailer - Honlu food trailer<\/title>\n<meta name=\"description\" content=\"This is our customized stainless steel food trailer, the whole body and interior equipment are made of stainless steel. According to customer needs, we customized the top billboard on three sides, kitchen equipment, and adopted a different back door design from other food trailers. During the production of this trailer, the customer proposed many special design ideas, and we all provided them with graphic design drawings and implemented them one by one.\" \/>\n<meta name=\"robots\" content=\"index, follow, max-snippet:-1, max-image-preview:large, max-video-preview:-1\" \/>\n<link rel=\"canonical\" href=\"https:\/\/www.honlufoodtrailer.com\/fr\/product\/customized-8m-stainless-steel-food-trailer\/\" \/>\n<meta property=\"og:locale\" content=\"fr_FR\" \/>\n<meta property=\"og:type\" content=\"article\" \/>\n<meta property=\"og:title\" content=\"Customized 8M stainless steel food trailer - Honlu food trailer\" \/>\n<meta property=\"og:description\" content=\"This is our customized stainless steel food trailer, the whole body and interior equipment are made of stainless steel. According to customer needs, we customized the top billboard on three sides, kitchen equipment, and adopted a different back door design from other food trailers. During the production of this trailer, the customer proposed many special design ideas, and we all provided them with graphic design drawings and implemented them one by one.\" \/>\n<meta property=\"og:url\" content=\"https:\/\/www.honlufoodtrailer.com\/fr\/product\/customized-8m-stainless-steel-food-trailer\/\" \/>\n<meta property=\"og:site_name\" content=\"Honlu food trailer\" \/>\n<meta property=\"article:modified_time\" content=\"2023-12-17T07:15:21+00:00\" \/>\n<meta property=\"og:image\" content=\"https:\/\/www.honlufoodtrailer.com\/wp-content\/uploads\/2022\/03\/Customized-8M-stainless-steel-food-trailer-1.jpg\" \/>\n\t<meta property=\"og:image:width\" content=\"720\" \/>\n\t<meta property=\"og:image:height\" content=\"540\" \/>\n\t<meta property=\"og:image:type\" content=\"image\/jpeg\" \/>\n<meta name=\"twitter:card\" content=\"summary_large_image\" \/>\n<meta name=\"twitter:label1\" content=\"Dur\u00e9e de lecture estim\u00e9e\" \/>\n\t<meta name=\"twitter:data1\" content=\"4 minutes\" \/>\n<script type=\"application\/ld+json\" class=\"yoast-schema-graph\">{\"@context\":\"https:\\\/\\\/schema.org\",\"@graph\":[{\"@type\":\"WebPage\",\"@id\":\"https:\\\/\\\/www.honlufoodtrailer.com\\\/product\\\/customized-8m-stainless-steel-food-trailer\\\/\",\"url\":\"https:\\\/\\\/www.honlufoodtrailer.com\\\/product\\\/customized-8m-stainless-steel-food-trailer\\\/\",\"name\":\"Customized 8M stainless steel food trailer - Honlu food trailer\",\"isPartOf\":{\"@id\":\"https:\\\/\\\/www.honlufoodtrailer.com\\\/#website\"},\"primaryImageOfPage\":{\"@id\":\"https:\\\/\\\/www.honlufoodtrailer.com\\\/product\\\/customized-8m-stainless-steel-food-trailer\\\/#primaryimage\"},\"image\":{\"@id\":\"https:\\\/\\\/www.honlufoodtrailer.com\\\/product\\\/customized-8m-stainless-steel-food-trailer\\\/#primaryimage\"},\"thumbnailUrl\":\"https:\\\/\\\/www.honlufoodtrailer.com\\\/wp-content\\\/uploads\\\/2022\\\/03\\\/Customized-8M-stainless-steel-food-trailer-1.jpg\",\"datePublished\":\"2022-03-24T02:16:17+00:00\",\"dateModified\":\"2023-12-17T07:15:21+00:00\",\"description\":\"This is our customized stainless steel food trailer, the whole body and interior equipment are made of stainless steel. According to customer needs, we customized the top billboard on three sides, kitchen equipment, and adopted a different back door design from other food trailers. During the production of this trailer, the customer proposed many special design ideas, and we all provided them with graphic design drawings and implemented them one by one.\",\"breadcrumb\":{\"@id\":\"https:\\\/\\\/www.honlufoodtrailer.com\\\/product\\\/customized-8m-stainless-steel-food-trailer\\\/#breadcrumb\"},\"inLanguage\":\"fr-FR\",\"potentialAction\":[{\"@type\":\"ReadAction\",\"target\":[\"https:\\\/\\\/www.honlufoodtrailer.com\\\/product\\\/customized-8m-stainless-steel-food-trailer\\\/\"]}]},{\"@type\":\"ImageObject\",\"inLanguage\":\"fr-FR\",\"@id\":\"https:\\\/\\\/www.honlufoodtrailer.com\\\/product\\\/customized-8m-stainless-steel-food-trailer\\\/#primaryimage\",\"url\":\"https:\\\/\\\/www.honlufoodtrailer.com\\\/wp-content\\\/uploads\\\/2022\\\/03\\\/Customized-8M-stainless-steel-food-trailer-1.jpg\",\"contentUrl\":\"https:\\\/\\\/www.honlufoodtrailer.com\\\/wp-content\\\/uploads\\\/2022\\\/03\\\/Customized-8M-stainless-steel-food-trailer-1.jpg\",\"width\":720,\"height\":540,\"caption\":\"Customized 8M stainless steel food trailer (1)\"},{\"@type\":\"BreadcrumbList\",\"@id\":\"https:\\\/\\\/www.honlufoodtrailer.com\\\/product\\\/customized-8m-stainless-steel-food-trailer\\\/#breadcrumb\",\"itemListElement\":[{\"@type\":\"ListItem\",\"position\":1,\"name\":\"Home\",\"item\":\"https:\\\/\\\/www.honlufoodtrailer.com\\\/\"},{\"@type\":\"ListItem\",\"position\":2,\"name\":\"\u4ea7\u54c1\",\"item\":\"https:\\\/\\\/www.honlufoodtrailer.com\\\/shop\\\/\"},{\"@type\":\"ListItem\",\"position\":3,\"name\":\"Customized 8M stainless steel food trailer\"}]},{\"@type\":\"WebSite\",\"@id\":\"https:\\\/\\\/www.honlufoodtrailer.com\\\/#website\",\"url\":\"https:\\\/\\\/www.honlufoodtrailer.com\\\/\",\"name\":\"Honlu food trailer\",\"description\":\"\",\"publisher\":{\"@id\":\"https:\\\/\\\/www.honlufoodtrailer.com\\\/#organization\"},\"potentialAction\":[{\"@type\":\"SearchAction\",\"target\":{\"@type\":\"EntryPoint\",\"urlTemplate\":\"https:\\\/\\\/www.honlufoodtrailer.com\\\/?s={search_term_string}\"},\"query-input\":{\"@type\":\"PropertyValueSpecification\",\"valueRequired\":true,\"valueName\":\"search_term_string\"}}],\"inLanguage\":\"fr-FR\"},{\"@type\":\"Organization\",\"@id\":\"https:\\\/\\\/www.honlufoodtrailer.com\\\/#organization\",\"name\":\"Honlu food trailer\",\"url\":\"https:\\\/\\\/www.honlufoodtrailer.com\\\/\",\"logo\":{\"@type\":\"ImageObject\",\"inLanguage\":\"fr-FR\",\"@id\":\"https:\\\/\\\/www.honlufoodtrailer.com\\\/#\\\/schema\\\/logo\\\/image\\\/\",\"url\":\"https:\\\/\\\/www.honlufoodtrailer.com\\\/wp-content\\\/uploads\\\/2021\\\/12\\\/2.gif\",\"contentUrl\":\"https:\\\/\\\/www.honlufoodtrailer.com\\\/wp-content\\\/uploads\\\/2021\\\/12\\\/2.gif\",\"width\":350,\"height\":100,\"caption\":\"Honlu food trailer\"},\"image\":{\"@id\":\"https:\\\/\\\/www.honlufoodtrailer.com\\\/#\\\/schema\\\/logo\\\/image\\\/\"}}]}<\/script>\n<!-- \/ Yoast SEO plugin. -->","yoast_head_json":{"title":"Remorque alimentaire personnalis\u00e9e en acier inoxydable de 8 m - Remorque alimentaire Honlu","description":"Voici notre remorque alimentaire personnalis\u00e9e en acier inoxydable. La carrosserie et l&#039;am\u00e9nagement int\u00e9rieur sont enti\u00e8rement r\u00e9alis\u00e9s en acier inoxydable. Conform\u00e9ment aux besoins du client, nous avons personnalis\u00e9 le panneau publicitaire sur trois c\u00f4t\u00e9s, l&#039;\u00e9quipement de cuisine et opt\u00e9 pour un design de porte arri\u00e8re diff\u00e9rent de celui des autres remorques alimentaires. Lors de la production de cette remorque, le client a propos\u00e9 de nombreuses id\u00e9es de design sp\u00e9cifiques, que nous avons toutes r\u00e9alis\u00e9es \u00e0 l&#039;aide de plans graphiques.","robots":{"index":"index","follow":"follow","max-snippet":"max-snippet:-1","max-image-preview":"max-image-preview:large","max-video-preview":"max-video-preview:-1"},"canonical":"https:\/\/www.honlufoodtrailer.com\/fr\/product\/customized-8m-stainless-steel-food-trailer\/","og_locale":"fr_FR","og_type":"article","og_title":"Customized 8M stainless steel food trailer - Honlu food trailer","og_description":"This is our customized stainless steel food trailer, the whole body and interior equipment are made of stainless steel. According to customer needs, we customized the top billboard on three sides, kitchen equipment, and adopted a different back door design from other food trailers. During the production of this trailer, the customer proposed many special design ideas, and we all provided them with graphic design drawings and implemented them one by one.","og_url":"https:\/\/www.honlufoodtrailer.com\/fr\/product\/customized-8m-stainless-steel-food-trailer\/","og_site_name":"Honlu food trailer","article_modified_time":"2023-12-17T07:15:21+00:00","og_image":[{"width":720,"height":540,"url":"https:\/\/www.honlufoodtrailer.com\/wp-content\/uploads\/2022\/03\/Customized-8M-stainless-steel-food-trailer-1.jpg","type":"image\/jpeg"}],"twitter_card":"summary_large_image","twitter_misc":{"Dur\u00e9e de lecture estim\u00e9e":"4 minutes"},"schema":{"@context":"https:\/\/schema.org","@graph":[{"@type":"WebPage","@id":"https:\/\/www.honlufoodtrailer.com\/product\/customized-8m-stainless-steel-food-trailer\/","url":"https:\/\/www.honlufoodtrailer.com\/product\/customized-8m-stainless-steel-food-trailer\/","name":"Remorque alimentaire personnalis\u00e9e en acier inoxydable de 8 m - Remorque alimentaire Honlu","isPartOf":{"@id":"https:\/\/www.honlufoodtrailer.com\/#website"},"primaryImageOfPage":{"@id":"https:\/\/www.honlufoodtrailer.com\/product\/customized-8m-stainless-steel-food-trailer\/#primaryimage"},"image":{"@id":"https:\/\/www.honlufoodtrailer.com\/product\/customized-8m-stainless-steel-food-trailer\/#primaryimage"},"thumbnailUrl":"https:\/\/www.honlufoodtrailer.com\/wp-content\/uploads\/2022\/03\/Customized-8M-stainless-steel-food-trailer-1.jpg","datePublished":"2022-03-24T02:16:17+00:00","dateModified":"2023-12-17T07:15:21+00:00","description":"Voici notre remorque alimentaire personnalis\u00e9e en acier inoxydable. La carrosserie et l&#039;am\u00e9nagement int\u00e9rieur sont enti\u00e8rement r\u00e9alis\u00e9s en acier inoxydable. Conform\u00e9ment aux besoins du client, nous avons personnalis\u00e9 le panneau publicitaire sur trois c\u00f4t\u00e9s, l&#039;\u00e9quipement de cuisine et opt\u00e9 pour un design de porte arri\u00e8re diff\u00e9rent de celui des autres remorques alimentaires. Lors de la production de cette remorque, le client a propos\u00e9 de nombreuses id\u00e9es de design sp\u00e9cifiques, que nous avons toutes r\u00e9alis\u00e9es \u00e0 l&#039;aide de plans graphiques.","breadcrumb":{"@id":"https:\/\/www.honlufoodtrailer.com\/product\/customized-8m-stainless-steel-food-trailer\/#breadcrumb"},"inLanguage":"fr-FR","potentialAction":[{"@type":"ReadAction","target":["https:\/\/www.honlufoodtrailer.com\/product\/customized-8m-stainless-steel-food-trailer\/"]}]},{"@type":"ImageObject","inLanguage":"fr-FR","@id":"https:\/\/www.honlufoodtrailer.com\/product\/customized-8m-stainless-steel-food-trailer\/#primaryimage","url":"https:\/\/www.honlufoodtrailer.com\/wp-content\/uploads\/2022\/03\/Customized-8M-stainless-steel-food-trailer-1.jpg","contentUrl":"https:\/\/www.honlufoodtrailer.com\/wp-content\/uploads\/2022\/03\/Customized-8M-stainless-steel-food-trailer-1.jpg","width":720,"height":540,"caption":"Customized 8M stainless steel food trailer (1)"},{"@type":"BreadcrumbList","@id":"https:\/\/www.honlufoodtrailer.com\/product\/customized-8m-stainless-steel-food-trailer\/#breadcrumb","itemListElement":[{"@type":"ListItem","position":1,"name":"Home","item":"https:\/\/www.honlufoodtrailer.com\/"},{"@type":"ListItem","position":2,"name":"\u4ea7\u54c1","item":"https:\/\/www.honlufoodtrailer.com\/shop\/"},{"@type":"ListItem","position":3,"name":"Customized 8M stainless steel food trailer"}]},{"@type":"WebSite","@id":"https:\/\/www.honlufoodtrailer.com\/#website","url":"https:\/\/www.honlufoodtrailer.com\/","name":"Remorque alimentaire Honlu","description":"","publisher":{"@id":"https:\/\/www.honlufoodtrailer.com\/#organization"},"potentialAction":[{"@type":"SearchAction","target":{"@type":"EntryPoint","urlTemplate":"https:\/\/www.honlufoodtrailer.com\/?s={search_term_string}"},"query-input":{"@type":"PropertyValueSpecification","valueRequired":true,"valueName":"search_term_string"}}],"inLanguage":"fr-FR"},{"@type":"Organization","@id":"https:\/\/www.honlufoodtrailer.com\/#organization","name":"Remorque alimentaire Honlu","url":"https:\/\/www.honlufoodtrailer.com\/","logo":{"@type":"ImageObject","inLanguage":"fr-FR","@id":"https:\/\/www.honlufoodtrailer.com\/#\/schema\/logo\/image\/","url":"https:\/\/www.honlufoodtrailer.com\/wp-content\/uploads\/2021\/12\/2.gif","contentUrl":"https:\/\/www.honlufoodtrailer.com\/wp-content\/uploads\/2021\/12\/2.gif","width":350,"height":100,"caption":"Honlu food trailer"},"image":{"@id":"https:\/\/www.honlufoodtrailer.com\/#\/schema\/logo\/image\/"}}]}},"_links":{"self":[{"href":"https:\/\/www.honlufoodtrailer.com\/fr\/wp-json\/wp\/v2\/product\/3775","targetHints":{"allow":["GET"]}}],"collection":[{"href":"https:\/\/www.honlufoodtrailer.com\/fr\/wp-json\/wp\/v2\/product"}],"about":[{"href":"https:\/\/www.honlufoodtrailer.com\/fr\/wp-json\/wp\/v2\/types\/product"}],"version-history":[{"count":0,"href":"https:\/\/www.honlufoodtrailer.com\/fr\/wp-json\/wp\/v2\/product\/3775\/revisions"}],"wp:featuredmedia":[{"embeddable":true,"href":"https:\/\/www.honlufoodtrailer.com\/fr\/wp-json\/wp\/v2\/media\/3776"}],"wp:attachment":[{"href":"https:\/\/www.honlufoodtrailer.com\/fr\/wp-json\/wp\/v2\/media?parent=3775"}],"wp:term":[{"taxonomy":"product_brand","embeddable":true,"href":"https:\/\/www.honlufoodtrailer.com\/fr\/wp-json\/wp\/v2\/product_brand?post=3775"},{"taxonomy":"product_cat","embeddable":true,"href":"https:\/\/www.honlufoodtrailer.com\/fr\/wp-json\/wp\/v2\/product_cat?post=3775"},{"taxonomy":"product_tag","embeddable":true,"href":"https:\/\/www.honlufoodtrailer.com\/fr\/wp-json\/wp\/v2\/product_tag?post=3775"}],"curies":[{"name":"wp","href":"https:\/\/api.w.org\/{rel}","templated":true}]}}