{"id":5089,"date":"2022-12-03T16:01:26","date_gmt":"2022-12-03T08:01:26","guid":{"rendered":"https:\/\/www.honlufoodtrailer.com\/?post_type=product&#038;p=5089"},"modified":"2024-10-28T17:30:52","modified_gmt":"2024-10-28T09:30:52","slug":"20ft-customized-full-equipment-square-food-trailer","status":"publish","type":"product","link":"https:\/\/www.honlufoodtrailer.com\/fr\/product\/20ft-customized-full-equipment-square-food-trailer\/","title":{"rendered":"Remorque alimentaire carr\u00e9e de 6 m\u00e8tres enti\u00e8rement \u00e9quip\u00e9e et personnalis\u00e9e"},"content":{"rendered":"<p>Voici un food truck sur mesure, con\u00e7u pour un client. La ventilation du toit est conforme \u00e0 la r\u00e9glementation commerciale locale. Nous concevrons ce food truck selon vos exigences et celles de votre pays. Long de 6 m\u00e8tres, il est \u00e9quip\u00e9 de quatre \u00e9viers, d&#039;une friteuse, d&#039;une cuisini\u00e8re \u00e0 gaz et bien plus encore.<\/p>\n<p><img fetchpriority=\"high\" decoding=\"async\" class=\"alignnone size-full wp-image-5153\" src=\"https:\/\/www.honlufoodtrailer.com\/wp-content\/uploads\/2022\/12\/720\u00d7540-9-1.jpg\" alt=\"\" width=\"720\" height=\"540\" srcset=\"https:\/\/www.honlufoodtrailer.com\/wp-content\/uploads\/2022\/12\/720\u00d7540-9-1.jpg 720w, https:\/\/www.honlufoodtrailer.com\/wp-content\/uploads\/2022\/12\/720\u00d7540-9-1-480x360.jpg 480w, https:\/\/www.honlufoodtrailer.com\/wp-content\/uploads\/2022\/12\/720\u00d7540-9-1-300x225.jpg 300w\" sizes=\"(max-width: 720px) 100vw, 720px\" \/><\/p>\n<p>Cette ventilation de toit est personnalis\u00e9e selon les normes canadiennes, et la ventilation standard peut \u00e9galement \u00eatre personnalis\u00e9e.<\/p>\n<p>Personnalis\u00e9 en fonction des besoins du client.<\/p>\n<p><img decoding=\"async\" class=\"alignnone size-full wp-image-5154\" src=\"https:\/\/www.honlufoodtrailer.com\/wp-content\/uploads\/2022\/12\/720\u00d7540-10-1.jpg\" alt=\"\" width=\"720\" height=\"540\" srcset=\"https:\/\/www.honlufoodtrailer.com\/wp-content\/uploads\/2022\/12\/720\u00d7540-10-1.jpg 720w, https:\/\/www.honlufoodtrailer.com\/wp-content\/uploads\/2022\/12\/720\u00d7540-10-1-480x360.jpg 480w, https:\/\/www.honlufoodtrailer.com\/wp-content\/uploads\/2022\/12\/720\u00d7540-10-1-300x225.jpg 300w\" sizes=\"(max-width: 720px) 100vw, 720px\" \/><\/p>\n<p>T\u00eate d&#039;alimentation externe europ\u00e9enne \u2014 bien s\u00fbr, les t\u00eates d&#039;alimentation externes conformes aux normes d&#039;autres pays peuvent \u00e9galement \u00eatre personnalis\u00e9es.<\/p>\n<p><img decoding=\"async\" class=\"alignnone size-full wp-image-5156\" src=\"https:\/\/www.honlufoodtrailer.com\/wp-content\/uploads\/2022\/12\/720\u00d7540-12-1.jpg\" alt=\"\" width=\"720\" height=\"540\" srcset=\"https:\/\/www.honlufoodtrailer.com\/wp-content\/uploads\/2022\/12\/720\u00d7540-12-1.jpg 720w, https:\/\/www.honlufoodtrailer.com\/wp-content\/uploads\/2022\/12\/720\u00d7540-12-1-480x360.jpg 480w, https:\/\/www.honlufoodtrailer.com\/wp-content\/uploads\/2022\/12\/720\u00d7540-12-1-300x225.jpg 300w\" sizes=\"(max-width: 720px) 100vw, 720px\" \/><\/p>\n<p>La conception de fen\u00eatres \u00e0 ouverture droite avec fen\u00eatres coulissantes et moustiquaires peut r\u00e9pondre aux besoins des clients en mati\u00e8re de services de restauration.<\/p>\n<p><img loading=\"lazy\" decoding=\"async\" class=\"alignnone size-full wp-image-5095\" src=\"https:\/\/www.honlufoodtrailer.com\/wp-content\/uploads\/2022\/12\/IMG_8660_\u526f\u672c.jpg\" alt=\"\" width=\"720\" height=\"540\" srcset=\"https:\/\/www.honlufoodtrailer.com\/wp-content\/uploads\/2022\/12\/IMG_8660_\u526f\u672c.jpg 720w, https:\/\/www.honlufoodtrailer.com\/wp-content\/uploads\/2022\/12\/IMG_8660_\u526f\u672c-480x360.jpg 480w, https:\/\/www.honlufoodtrailer.com\/wp-content\/uploads\/2022\/12\/IMG_8660_\u526f\u672c-300x225.jpg 300w\" sizes=\"(max-width: 720px) 100vw, 720px\" \/><\/p>\n<p>&nbsp;<\/p>\n<h3 class=\"magic-6\" data-spm-anchor-id=\"a2700.wholesale.0.i28.29e52808agqc7f\">Principales caract\u00e9ristiques de la remorque alimentaire carr\u00e9e<\/h3>\n<div class=\"magic-7\">\n<div class=\"magic-8\">\n<div class=\"magic-9\" data-id=\"paragraph0\">\n<ol>\n<li>L'aspect \u00e0 la mode peut \u00eatre personnalis\u00e9 ;<\/li>\n<li>Corps et structure interne de la remorque en acier inoxydable, bonne r\u00e9sistance \u00e0 la chaleur, \u00e0 l'usure et \u00e0 la corrosion ;<\/li>\n<li>La remorque alimentaire mobile est \u00e9quip\u00e9e d'accessoires modernes et avanc\u00e9s ;<\/li>\n<li>Il est r\u00e9sistant aux chocs et \u00e0 la corrosion, il r\u00e9siste \u00e0 la chaleur et sa r\u00e9sistance est \u00e9lev\u00e9e, ses couleurs sont r\u00e9sistantes, il ne se d\u00e9forme pas, il est imperm\u00e9able \u00e0 l'eau et il a une longue dur\u00e9e de vie ;<\/li>\n<li>Nous nous ferons un plaisir de le modifier en fonction de vos besoins.<\/li>\n<\/ol>\n<h3>Dessin de plan d'\u00e9tage 2D\/3D gratuit<\/h3>\n<p>Apr\u00e8s avoir confirm\u00e9 les dimensions de la remorque alimentaire et de l'\u00e9quipement de cuisine interne, nous pouvons vous fournir gratuitement des dessins en 3D. Cela vous donnera une id\u00e9e plus claire de votre conception et de votre remorque alimentaire. Lorsque nous confirmons l'emplacement de l'\u00e9quipement de cuisine, nous pouvons communiquer clairement avec vous gr\u00e2ce au plan d'\u00e9tage. Nous pouvons \u00e9galement vous fournir des documents originaux pour faciliter votre conception et proc\u00e9der \u00e0 des ajustements.<\/p>\n<\/div>\n<\/div>\n<\/div>","protected":false},"excerpt":{"rendered":"<p data-spm-anchor-id=\"a2700.wholesale.0.i28.29e52808agqc7f\">Il s'agit de l'une de nos remorques alimentaires de cinq m\u00e8tres, fabriqu\u00e9es sur mesure et dot\u00e9es d'une cuisine compl\u00e8te. L'avant du v\u00e9hicule est con\u00e7u avec une grande fen\u00eatre, \u00e9quip\u00e9e d'un abri int\u00e9gr\u00e9 et d'une table de service. Selon les besoins du client, la remorque est compacte et facile \u00e0 utiliser. C'est le mod\u00e8le pr\u00e9f\u00e9r\u00e9 pour d\u00e9marrer une activit\u00e9 de restauration mobile.<\/p>","protected":false},"featured_media":5091,"template":"","meta":{"_themeisle_gutenberg_block_has_review":false},"product_brand":[],"product_cat":[26],"product_tag":[53,33,41,38,52],"class_list":{"0":"post-5089","1":"product","2":"type-product","3":"status-publish","4":"has-post-thumbnail","6":"product_cat-product","7":"product_tag-customized-sinks","8":"product_tag-customized-trailer","9":"product_tag-galvanized-trailer","10":"product_tag-mobile-food-trailer","11":"product_tag-personalized-billboard","13":"first","14":"instock","15":"shipping-taxable","16":"product-type-simple"},"yoast_head":"<!-- This site is optimized with the Yoast SEO plugin v27.4 - https:\/\/yoast.com\/product\/yoast-seo-wordpress\/ -->\n<title>20ft Customized Full Equipment Square Food Trailer - Honlu food trailer<\/title>\n<meta name=\"description\" content=\"This is one of our custom-made six-meter food trailers with full kitchen. The front of the trailer is designed with straight open window, equipped with an integrated shelter and service table. According to customer needs, the whole trailer is compact and easy to use. It is the preferred model for starting the mobile food business.\" \/>\n<meta name=\"robots\" content=\"index, follow, max-snippet:-1, max-image-preview:large, max-video-preview:-1\" \/>\n<link rel=\"canonical\" href=\"https:\/\/www.honlufoodtrailer.com\/fr\/product\/20ft-customized-full-equipment-square-food-trailer\/\" \/>\n<meta property=\"og:locale\" content=\"fr_FR\" \/>\n<meta property=\"og:type\" content=\"article\" \/>\n<meta property=\"og:title\" content=\"20ft Customized Full Equipment Square Food Trailer - Honlu food trailer\" \/>\n<meta property=\"og:description\" content=\"This is one of our custom-made six-meter food trailers with full kitchen. The front of the trailer is designed with straight open window, equipped with an integrated shelter and service table. According to customer needs, the whole trailer is compact and easy to use. It is the preferred model for starting the mobile food business.\" \/>\n<meta property=\"og:url\" content=\"https:\/\/www.honlufoodtrailer.com\/fr\/product\/20ft-customized-full-equipment-square-food-trailer\/\" \/>\n<meta property=\"og:site_name\" content=\"Honlu food trailer\" \/>\n<meta property=\"article:modified_time\" content=\"2024-10-28T09:30:52+00:00\" \/>\n<meta property=\"og:image\" content=\"https:\/\/www.honlufoodtrailer.com\/wp-content\/uploads\/2022\/12\/IMG_8662_\u526f\u672c.jpg\" \/>\n\t<meta property=\"og:image:width\" content=\"720\" \/>\n\t<meta property=\"og:image:height\" content=\"540\" \/>\n\t<meta property=\"og:image:type\" content=\"image\/jpeg\" \/>\n<meta name=\"twitter:card\" content=\"summary_large_image\" \/>\n<meta name=\"twitter:label1\" content=\"Dur\u00e9e de lecture estim\u00e9e\" \/>\n\t<meta name=\"twitter:data1\" content=\"3 minutes\" \/>\n<script type=\"application\/ld+json\" class=\"yoast-schema-graph\">{\"@context\":\"https:\\\/\\\/schema.org\",\"@graph\":[{\"@type\":\"WebPage\",\"@id\":\"https:\\\/\\\/www.honlufoodtrailer.com\\\/product\\\/20ft-customized-full-equipment-square-food-trailer\\\/\",\"url\":\"https:\\\/\\\/www.honlufoodtrailer.com\\\/product\\\/20ft-customized-full-equipment-square-food-trailer\\\/\",\"name\":\"20ft Customized Full Equipment Square Food Trailer - Honlu food trailer\",\"isPartOf\":{\"@id\":\"https:\\\/\\\/www.honlufoodtrailer.com\\\/#website\"},\"primaryImageOfPage\":{\"@id\":\"https:\\\/\\\/www.honlufoodtrailer.com\\\/product\\\/20ft-customized-full-equipment-square-food-trailer\\\/#primaryimage\"},\"image\":{\"@id\":\"https:\\\/\\\/www.honlufoodtrailer.com\\\/product\\\/20ft-customized-full-equipment-square-food-trailer\\\/#primaryimage\"},\"thumbnailUrl\":\"https:\\\/\\\/www.honlufoodtrailer.com\\\/wp-content\\\/uploads\\\/2022\\\/12\\\/IMG_8662_\u526f\u672c.jpg\",\"datePublished\":\"2022-12-03T08:01:26+00:00\",\"dateModified\":\"2024-10-28T09:30:52+00:00\",\"description\":\"This is one of our custom-made six-meter food trailers with full kitchen. The front of the trailer is designed with straight open window, equipped with an integrated shelter and service table. According to customer needs, the whole trailer is compact and easy to use. It is the preferred model for starting the mobile food business.\",\"breadcrumb\":{\"@id\":\"https:\\\/\\\/www.honlufoodtrailer.com\\\/product\\\/20ft-customized-full-equipment-square-food-trailer\\\/#breadcrumb\"},\"inLanguage\":\"fr-FR\",\"potentialAction\":[{\"@type\":\"ReadAction\",\"target\":[\"https:\\\/\\\/www.honlufoodtrailer.com\\\/product\\\/20ft-customized-full-equipment-square-food-trailer\\\/\"]}]},{\"@type\":\"ImageObject\",\"inLanguage\":\"fr-FR\",\"@id\":\"https:\\\/\\\/www.honlufoodtrailer.com\\\/product\\\/20ft-customized-full-equipment-square-food-trailer\\\/#primaryimage\",\"url\":\"https:\\\/\\\/www.honlufoodtrailer.com\\\/wp-content\\\/uploads\\\/2022\\\/12\\\/IMG_8662_\u526f\u672c.jpg\",\"contentUrl\":\"https:\\\/\\\/www.honlufoodtrailer.com\\\/wp-content\\\/uploads\\\/2022\\\/12\\\/IMG_8662_\u526f\u672c.jpg\",\"width\":720,\"height\":540},{\"@type\":\"BreadcrumbList\",\"@id\":\"https:\\\/\\\/www.honlufoodtrailer.com\\\/product\\\/20ft-customized-full-equipment-square-food-trailer\\\/#breadcrumb\",\"itemListElement\":[{\"@type\":\"ListItem\",\"position\":1,\"name\":\"Home\",\"item\":\"https:\\\/\\\/www.honlufoodtrailer.com\\\/\"},{\"@type\":\"ListItem\",\"position\":2,\"name\":\"\u4ea7\u54c1\",\"item\":\"https:\\\/\\\/www.honlufoodtrailer.com\\\/shop\\\/\"},{\"@type\":\"ListItem\",\"position\":3,\"name\":\"20ft Customized Full Equipment Square Food Trailer\"}]},{\"@type\":\"WebSite\",\"@id\":\"https:\\\/\\\/www.honlufoodtrailer.com\\\/#website\",\"url\":\"https:\\\/\\\/www.honlufoodtrailer.com\\\/\",\"name\":\"Honlu food trailer\",\"description\":\"\",\"publisher\":{\"@id\":\"https:\\\/\\\/www.honlufoodtrailer.com\\\/#organization\"},\"potentialAction\":[{\"@type\":\"SearchAction\",\"target\":{\"@type\":\"EntryPoint\",\"urlTemplate\":\"https:\\\/\\\/www.honlufoodtrailer.com\\\/?s={search_term_string}\"},\"query-input\":{\"@type\":\"PropertyValueSpecification\",\"valueRequired\":true,\"valueName\":\"search_term_string\"}}],\"inLanguage\":\"fr-FR\"},{\"@type\":\"Organization\",\"@id\":\"https:\\\/\\\/www.honlufoodtrailer.com\\\/#organization\",\"name\":\"Honlu food trailer\",\"url\":\"https:\\\/\\\/www.honlufoodtrailer.com\\\/\",\"logo\":{\"@type\":\"ImageObject\",\"inLanguage\":\"fr-FR\",\"@id\":\"https:\\\/\\\/www.honlufoodtrailer.com\\\/#\\\/schema\\\/logo\\\/image\\\/\",\"url\":\"https:\\\/\\\/www.honlufoodtrailer.com\\\/wp-content\\\/uploads\\\/2021\\\/12\\\/2.gif\",\"contentUrl\":\"https:\\\/\\\/www.honlufoodtrailer.com\\\/wp-content\\\/uploads\\\/2021\\\/12\\\/2.gif\",\"width\":350,\"height\":100,\"caption\":\"Honlu food trailer\"},\"image\":{\"@id\":\"https:\\\/\\\/www.honlufoodtrailer.com\\\/#\\\/schema\\\/logo\\\/image\\\/\"}}]}<\/script>\n<!-- \/ Yoast SEO plugin. -->","yoast_head_json":{"title":"Remorque alimentaire carr\u00e9e de 6 m\u00e8tres (20 pieds) enti\u00e8rement \u00e9quip\u00e9e et personnalis\u00e9e - Remorque alimentaire Honlu","description":"Il s'agit de l'une de nos remorques alimentaires de six m\u00e8tres de long, fabriqu\u00e9es sur mesure et dot\u00e9es d'une cuisine compl\u00e8te. L'avant de la remorque est con\u00e7u avec une fen\u00eatre ouverte en ligne droite, \u00e9quip\u00e9e d'un abri int\u00e9gr\u00e9 et d'une table de service. Selon les besoins du client, l'ensemble de la remorque est compact et facile \u00e0 utiliser. C'est le mod\u00e8le pr\u00e9f\u00e9r\u00e9 pour d\u00e9marrer une activit\u00e9 de restauration mobile.","robots":{"index":"index","follow":"follow","max-snippet":"max-snippet:-1","max-image-preview":"max-image-preview:large","max-video-preview":"max-video-preview:-1"},"canonical":"https:\/\/www.honlufoodtrailer.com\/fr\/product\/20ft-customized-full-equipment-square-food-trailer\/","og_locale":"fr_FR","og_type":"article","og_title":"20ft Customized Full Equipment Square Food Trailer - Honlu food trailer","og_description":"This is one of our custom-made six-meter food trailers with full kitchen. The front of the trailer is designed with straight open window, equipped with an integrated shelter and service table. According to customer needs, the whole trailer is compact and easy to use. It is the preferred model for starting the mobile food business.","og_url":"https:\/\/www.honlufoodtrailer.com\/fr\/product\/20ft-customized-full-equipment-square-food-trailer\/","og_site_name":"Honlu food trailer","article_modified_time":"2024-10-28T09:30:52+00:00","og_image":[{"width":720,"height":540,"url":"https:\/\/www.honlufoodtrailer.com\/wp-content\/uploads\/2022\/12\/IMG_8662_\u526f\u672c.jpg","type":"image\/jpeg"}],"twitter_card":"summary_large_image","twitter_misc":{"Dur\u00e9e de lecture estim\u00e9e":"3 minutes"},"schema":{"@context":"https:\/\/schema.org","@graph":[{"@type":"WebPage","@id":"https:\/\/www.honlufoodtrailer.com\/product\/20ft-customized-full-equipment-square-food-trailer\/","url":"https:\/\/www.honlufoodtrailer.com\/product\/20ft-customized-full-equipment-square-food-trailer\/","name":"Remorque alimentaire carr\u00e9e de 6 m\u00e8tres (20 pieds) enti\u00e8rement \u00e9quip\u00e9e et personnalis\u00e9e - Remorque alimentaire Honlu","isPartOf":{"@id":"https:\/\/www.honlufoodtrailer.com\/#website"},"primaryImageOfPage":{"@id":"https:\/\/www.honlufoodtrailer.com\/product\/20ft-customized-full-equipment-square-food-trailer\/#primaryimage"},"image":{"@id":"https:\/\/www.honlufoodtrailer.com\/product\/20ft-customized-full-equipment-square-food-trailer\/#primaryimage"},"thumbnailUrl":"https:\/\/www.honlufoodtrailer.com\/wp-content\/uploads\/2022\/12\/IMG_8662_\u526f\u672c.jpg","datePublished":"2022-12-03T08:01:26+00:00","dateModified":"2024-10-28T09:30:52+00:00","description":"Il s'agit de l'une de nos remorques alimentaires de six m\u00e8tres de long, fabriqu\u00e9es sur mesure et dot\u00e9es d'une cuisine compl\u00e8te. L'avant de la remorque est con\u00e7u avec une fen\u00eatre ouverte en ligne droite, \u00e9quip\u00e9e d'un abri int\u00e9gr\u00e9 et d'une table de service. Selon les besoins du client, l'ensemble de la remorque est compact et facile \u00e0 utiliser. C'est le mod\u00e8le pr\u00e9f\u00e9r\u00e9 pour d\u00e9marrer une activit\u00e9 de restauration mobile.","breadcrumb":{"@id":"https:\/\/www.honlufoodtrailer.com\/product\/20ft-customized-full-equipment-square-food-trailer\/#breadcrumb"},"inLanguage":"fr-FR","potentialAction":[{"@type":"ReadAction","target":["https:\/\/www.honlufoodtrailer.com\/product\/20ft-customized-full-equipment-square-food-trailer\/"]}]},{"@type":"ImageObject","inLanguage":"fr-FR","@id":"https:\/\/www.honlufoodtrailer.com\/product\/20ft-customized-full-equipment-square-food-trailer\/#primaryimage","url":"https:\/\/www.honlufoodtrailer.com\/wp-content\/uploads\/2022\/12\/IMG_8662_\u526f\u672c.jpg","contentUrl":"https:\/\/www.honlufoodtrailer.com\/wp-content\/uploads\/2022\/12\/IMG_8662_\u526f\u672c.jpg","width":720,"height":540},{"@type":"BreadcrumbList","@id":"https:\/\/www.honlufoodtrailer.com\/product\/20ft-customized-full-equipment-square-food-trailer\/#breadcrumb","itemListElement":[{"@type":"ListItem","position":1,"name":"Home","item":"https:\/\/www.honlufoodtrailer.com\/"},{"@type":"ListItem","position":2,"name":"\u4ea7\u54c1","item":"https:\/\/www.honlufoodtrailer.com\/shop\/"},{"@type":"ListItem","position":3,"name":"20ft Customized Full Equipment Square Food Trailer"}]},{"@type":"WebSite","@id":"https:\/\/www.honlufoodtrailer.com\/#website","url":"https:\/\/www.honlufoodtrailer.com\/","name":"Remorque alimentaire Honlu","description":"","publisher":{"@id":"https:\/\/www.honlufoodtrailer.com\/#organization"},"potentialAction":[{"@type":"SearchAction","target":{"@type":"EntryPoint","urlTemplate":"https:\/\/www.honlufoodtrailer.com\/?s={search_term_string}"},"query-input":{"@type":"PropertyValueSpecification","valueRequired":true,"valueName":"search_term_string"}}],"inLanguage":"fr-FR"},{"@type":"Organization","@id":"https:\/\/www.honlufoodtrailer.com\/#organization","name":"Remorque alimentaire Honlu","url":"https:\/\/www.honlufoodtrailer.com\/","logo":{"@type":"ImageObject","inLanguage":"fr-FR","@id":"https:\/\/www.honlufoodtrailer.com\/#\/schema\/logo\/image\/","url":"https:\/\/www.honlufoodtrailer.com\/wp-content\/uploads\/2021\/12\/2.gif","contentUrl":"https:\/\/www.honlufoodtrailer.com\/wp-content\/uploads\/2021\/12\/2.gif","width":350,"height":100,"caption":"Honlu food trailer"},"image":{"@id":"https:\/\/www.honlufoodtrailer.com\/#\/schema\/logo\/image\/"}}]}},"_links":{"self":[{"href":"https:\/\/www.honlufoodtrailer.com\/fr\/wp-json\/wp\/v2\/product\/5089","targetHints":{"allow":["GET"]}}],"collection":[{"href":"https:\/\/www.honlufoodtrailer.com\/fr\/wp-json\/wp\/v2\/product"}],"about":[{"href":"https:\/\/www.honlufoodtrailer.com\/fr\/wp-json\/wp\/v2\/types\/product"}],"version-history":[{"count":9,"href":"https:\/\/www.honlufoodtrailer.com\/fr\/wp-json\/wp\/v2\/product\/5089\/revisions"}],"predecessor-version":[{"id":8205,"href":"https:\/\/www.honlufoodtrailer.com\/fr\/wp-json\/wp\/v2\/product\/5089\/revisions\/8205"}],"wp:featuredmedia":[{"embeddable":true,"href":"https:\/\/www.honlufoodtrailer.com\/fr\/wp-json\/wp\/v2\/media\/5091"}],"wp:attachment":[{"href":"https:\/\/www.honlufoodtrailer.com\/fr\/wp-json\/wp\/v2\/media?parent=5089"}],"wp:term":[{"taxonomy":"product_brand","embeddable":true,"href":"https:\/\/www.honlufoodtrailer.com\/fr\/wp-json\/wp\/v2\/product_brand?post=5089"},{"taxonomy":"product_cat","embeddable":true,"href":"https:\/\/www.honlufoodtrailer.com\/fr\/wp-json\/wp\/v2\/product_cat?post=5089"},{"taxonomy":"product_tag","embeddable":true,"href":"https:\/\/www.honlufoodtrailer.com\/fr\/wp-json\/wp\/v2\/product_tag?post=5089"}],"curies":[{"name":"wp","href":"https:\/\/api.w.org\/{rel}","templated":true}]}}