{"id":5119,"date":"2022-12-08T15:57:01","date_gmt":"2022-12-08T07:57:01","guid":{"rendered":"https:\/\/www.honlufoodtrailer.com\/?post_type=product&#038;p=5119"},"modified":"2025-06-27T11:50:11","modified_gmt":"2025-06-27T03:50:11","slug":"12-5ft-round-food-cart-for-sale-with-full-kitchen-equipment","status":"publish","type":"product","link":"https:\/\/www.honlufoodtrailer.com\/fr\/product\/12-5ft-round-food-cart-for-sale-with-full-kitchen-equipment\/","title":{"rendered":"Chariot alimentaire rond de 3,8 m (12,5 pi) \u00e0 vendre \u2013 avec cuisine et \u00e9quipement complets"},"content":{"rendered":"<p>Cette remorque alimentaire de 12,5 pieds a \u00e9t\u00e9 fabriqu\u00e9e sur mesure pour un client en Ouganda.<\/p>\n<p>Elle est \u00e9quip\u00e9e d&#039;un syst\u00e8me de ventilation de toit conforme \u00e0 la r\u00e9glementation commerciale locale ougandaise. La remorque comprend l&#039;\u00e9quipement de cuisine essentiel, notamment deux \u00e9viers, une friteuse \u00e0 gaz et une cuisini\u00e8re, parfaitement adapt\u00e9 \u00e0 la vente de nourriture de rue.<\/p>\n<p><img fetchpriority=\"high\" decoding=\"async\" class=\"alignnone size-full wp-image-5166\" src=\"https:\/\/www.honlufoodtrailer.com\/wp-content\/uploads\/2022\/12\/720\u00d7540.jpg\" alt=\"\" width=\"720\" height=\"540\" srcset=\"https:\/\/www.honlufoodtrailer.com\/wp-content\/uploads\/2022\/12\/720\u00d7540.jpg 720w, https:\/\/www.honlufoodtrailer.com\/wp-content\/uploads\/2022\/12\/720\u00d7540-480x360.jpg 480w, https:\/\/www.honlufoodtrailer.com\/wp-content\/uploads\/2022\/12\/720\u00d7540-300x225.jpg 300w\" sizes=\"(max-width: 720px) 100vw, 720px\" \/><\/p>\n<p>Fen\u00eatre \u00e0 ouverture droite avec auvent. Personnalisable selon les besoins du client.<\/p>\n<p><img decoding=\"async\" class=\"alignnone size-full wp-image-5162\" src=\"https:\/\/www.honlufoodtrailer.com\/wp-content\/uploads\/2022\/12\/IMG_0807_\u526f\u672c-1.jpg\" alt=\"\" width=\"720\" height=\"540\" srcset=\"https:\/\/www.honlufoodtrailer.com\/wp-content\/uploads\/2022\/12\/IMG_0807_\u526f\u672c-1.jpg 720w, https:\/\/www.honlufoodtrailer.com\/wp-content\/uploads\/2022\/12\/IMG_0807_\u526f\u672c-1-480x360.jpg 480w, https:\/\/www.honlufoodtrailer.com\/wp-content\/uploads\/2022\/12\/IMG_0807_\u526f\u672c-1-300x225.jpg 300w\" sizes=\"(max-width: 720px) 100vw, 720px\" \/><\/p>\n<p>T\u00eate motrice externe europ\u00e9enne \u2014 Bien entendu, les t\u00eates motrices externes aux normes am\u00e9ricaines peuvent \u00e9galement \u00eatre personnalis\u00e9es.<\/p>\n<p><img decoding=\"async\" class=\"alignnone size-full wp-image-5167\" src=\"https:\/\/www.honlufoodtrailer.com\/wp-content\/uploads\/2022\/12\/720\u00d7540-1-1.jpg\" alt=\"\" width=\"720\" height=\"540\" srcset=\"https:\/\/www.honlufoodtrailer.com\/wp-content\/uploads\/2022\/12\/720\u00d7540-1-1.jpg 720w, https:\/\/www.honlufoodtrailer.com\/wp-content\/uploads\/2022\/12\/720\u00d7540-1-1-480x360.jpg 480w, https:\/\/www.honlufoodtrailer.com\/wp-content\/uploads\/2022\/12\/720\u00d7540-1-1-300x225.jpg 300w\" sizes=\"(max-width: 720px) 100vw, 720px\" \/><\/p>\n<p>La petite fen\u00eatre situ\u00e9e \u00e0 l&#039;arri\u00e8re est personnalis\u00e9e selon les besoins des clients, et nous pouvons \u00e9galement la personnaliser selon vos besoins.<\/p>\n<p><img loading=\"lazy\" decoding=\"async\" class=\"alignnone size-full wp-image-5164\" src=\"https:\/\/www.honlufoodtrailer.com\/wp-content\/uploads\/2022\/12\/IMG_0810_\u526f\u672c-1.jpg\" alt=\"\" width=\"720\" height=\"540\" srcset=\"https:\/\/www.honlufoodtrailer.com\/wp-content\/uploads\/2022\/12\/IMG_0810_\u526f\u672c-1.jpg 720w, https:\/\/www.honlufoodtrailer.com\/wp-content\/uploads\/2022\/12\/IMG_0810_\u526f\u672c-1-480x360.jpg 480w, https:\/\/www.honlufoodtrailer.com\/wp-content\/uploads\/2022\/12\/IMG_0810_\u526f\u672c-1-300x225.jpg 300w\" sizes=\"(max-width: 720px) 100vw, 720px\" \/><\/p>\n<p>&nbsp;<\/p>\n<h3 class=\"magic-6\" data-spm-anchor-id=\"a2700.wholesale.0.i28.29e52808agqc7f\">Principales caract\u00e9ristiques de la remorque alimentaire carr\u00e9e<\/h3>\n<div class=\"magic-7\">\n<div class=\"magic-8\">\n<div class=\"magic-9\" data-id=\"paragraph0\">\n<ol>\n<li>L'aspect \u00e0 la mode peut \u00eatre personnalis\u00e9 ;<\/li>\n<li>Corps et structure interne de la remorque en acier inoxydable, bonne r\u00e9sistance \u00e0 la chaleur, \u00e0 l'usure et \u00e0 la corrosion ;<\/li>\n<li>La remorque alimentaire mobile est \u00e9quip\u00e9e d'accessoires modernes et avanc\u00e9s ;<\/li>\n<li>Il est r\u00e9sistant aux chocs et \u00e0 la corrosion, il r\u00e9siste \u00e0 la chaleur et sa r\u00e9sistance est \u00e9lev\u00e9e, ses couleurs sont r\u00e9sistantes, il ne se d\u00e9forme pas, il est imperm\u00e9able \u00e0 l'eau et il a une longue dur\u00e9e de vie ;<\/li>\n<li>Nous nous ferons un plaisir de le modifier en fonction de vos besoins.<\/li>\n<\/ol>\n<h3>Dessin de plan d'\u00e9tage 2D\/3D gratuit<\/h3>\n<p>Apr\u00e8s avoir confirm\u00e9 les dimensions de la remorque alimentaire et de l'\u00e9quipement de cuisine interne, nous pouvons vous fournir gratuitement des dessins en 3D. Cela vous donnera une id\u00e9e plus claire de votre conception et de votre remorque alimentaire. Lorsque nous confirmons l'emplacement de l'\u00e9quipement de cuisine, nous pouvons communiquer clairement avec vous gr\u00e2ce au plan d'\u00e9tage. Nous pouvons \u00e9galement vous fournir des documents originaux pour faciliter votre conception et proc\u00e9der \u00e0 des ajustements.<\/p>\n<\/div>\n<\/div>\n<\/div>","protected":false},"excerpt":{"rendered":"<p data-spm-anchor-id=\"a2700.wholesale.0.i28.29e52808agqc7f\">Il s'agit de l'une de nos remorques alimentaires de cinq m\u00e8tres, fabriqu\u00e9es sur mesure et dot\u00e9es d'une cuisine compl\u00e8te. L'avant du v\u00e9hicule est con\u00e7u avec une grande fen\u00eatre, \u00e9quip\u00e9e d'un abri int\u00e9gr\u00e9 et d'une table de service. Selon les besoins du client, la remorque est compacte et facile \u00e0 utiliser. C'est le mod\u00e8le pr\u00e9f\u00e9r\u00e9 pour d\u00e9marrer une activit\u00e9 de restauration mobile.<\/p>","protected":false},"featured_media":5160,"template":"","meta":{"_themeisle_gutenberg_block_has_review":false},"product_brand":[],"product_cat":[26],"product_tag":[53,33,41,38,52],"class_list":{"0":"post-5119","1":"product","2":"type-product","3":"status-publish","4":"has-post-thumbnail","6":"product_cat-product","7":"product_tag-customized-sinks","8":"product_tag-customized-trailer","9":"product_tag-galvanized-trailer","10":"product_tag-mobile-food-trailer","11":"product_tag-personalized-billboard","13":"first","14":"instock","15":"shipping-taxable","16":"product-type-simple"},"yoast_head":"<!-- This site is optimized with the Yoast SEO plugin v27.4 - https:\/\/yoast.com\/product\/yoast-seo-wordpress\/ -->\n<title>12.5ft Round Food Cart for Sale - with Full Kitchen &amp; Equipment<\/title>\n<meta name=\"description\" content=\"This 12.5ft round food cart with a full kitchen setup. Compact, eye-catching, and fully equipped\u2014perfect for starting your mobile food business.\" \/>\n<meta name=\"robots\" content=\"index, follow, max-snippet:-1, max-image-preview:large, max-video-preview:-1\" \/>\n<link rel=\"canonical\" href=\"https:\/\/www.honlufoodtrailer.com\/fr\/product\/12-5ft-round-food-cart-for-sale-with-full-kitchen-equipment\/\" \/>\n<meta property=\"og:locale\" content=\"fr_FR\" \/>\n<meta property=\"og:type\" content=\"article\" \/>\n<meta property=\"og:title\" content=\"12.5ft Round Food Cart for Sale - with Full Kitchen &amp; Equipment\" \/>\n<meta property=\"og:description\" content=\"This 12.5ft round food cart with a full kitchen setup. Compact, eye-catching, and fully equipped\u2014perfect for starting your mobile food business.\" \/>\n<meta property=\"og:url\" content=\"https:\/\/www.honlufoodtrailer.com\/fr\/product\/12-5ft-round-food-cart-for-sale-with-full-kitchen-equipment\/\" \/>\n<meta property=\"og:site_name\" content=\"Honlu food trailer\" \/>\n<meta property=\"article:modified_time\" content=\"2025-06-27T03:50:11+00:00\" \/>\n<meta property=\"og:image\" content=\"https:\/\/www.honlufoodtrailer.com\/wp-content\/uploads\/2022\/12\/IMG_0778_\u526f\u672c-1.jpg\" \/>\n\t<meta property=\"og:image:width\" content=\"720\" \/>\n\t<meta property=\"og:image:height\" content=\"540\" \/>\n\t<meta property=\"og:image:type\" content=\"image\/jpeg\" \/>\n<meta name=\"twitter:card\" content=\"summary_large_image\" \/>\n<meta name=\"twitter:label1\" content=\"Dur\u00e9e de lecture estim\u00e9e\" \/>\n\t<meta name=\"twitter:data1\" content=\"3 minutes\" \/>\n<script type=\"application\/ld+json\" class=\"yoast-schema-graph\">{\"@context\":\"https:\\\/\\\/schema.org\",\"@graph\":[{\"@type\":\"WebPage\",\"@id\":\"https:\\\/\\\/www.honlufoodtrailer.com\\\/product\\\/12-5ft-round-food-cart-for-sale-with-full-kitchen-equipment\\\/\",\"url\":\"https:\\\/\\\/www.honlufoodtrailer.com\\\/product\\\/12-5ft-round-food-cart-for-sale-with-full-kitchen-equipment\\\/\",\"name\":\"12.5ft Round Food Cart for Sale - with Full Kitchen & Equipment\",\"isPartOf\":{\"@id\":\"https:\\\/\\\/www.honlufoodtrailer.com\\\/#website\"},\"primaryImageOfPage\":{\"@id\":\"https:\\\/\\\/www.honlufoodtrailer.com\\\/product\\\/12-5ft-round-food-cart-for-sale-with-full-kitchen-equipment\\\/#primaryimage\"},\"image\":{\"@id\":\"https:\\\/\\\/www.honlufoodtrailer.com\\\/product\\\/12-5ft-round-food-cart-for-sale-with-full-kitchen-equipment\\\/#primaryimage\"},\"thumbnailUrl\":\"https:\\\/\\\/www.honlufoodtrailer.com\\\/wp-content\\\/uploads\\\/2022\\\/12\\\/IMG_0778_\u526f\u672c-1.jpg\",\"datePublished\":\"2022-12-08T07:57:01+00:00\",\"dateModified\":\"2025-06-27T03:50:11+00:00\",\"description\":\"This 12.5ft round food cart with a full kitchen setup. Compact, eye-catching, and fully equipped\u2014perfect for starting your mobile food business.\",\"breadcrumb\":{\"@id\":\"https:\\\/\\\/www.honlufoodtrailer.com\\\/product\\\/12-5ft-round-food-cart-for-sale-with-full-kitchen-equipment\\\/#breadcrumb\"},\"inLanguage\":\"fr-FR\",\"potentialAction\":[{\"@type\":\"ReadAction\",\"target\":[\"https:\\\/\\\/www.honlufoodtrailer.com\\\/product\\\/12-5ft-round-food-cart-for-sale-with-full-kitchen-equipment\\\/\"]}]},{\"@type\":\"ImageObject\",\"inLanguage\":\"fr-FR\",\"@id\":\"https:\\\/\\\/www.honlufoodtrailer.com\\\/product\\\/12-5ft-round-food-cart-for-sale-with-full-kitchen-equipment\\\/#primaryimage\",\"url\":\"https:\\\/\\\/www.honlufoodtrailer.com\\\/wp-content\\\/uploads\\\/2022\\\/12\\\/IMG_0778_\u526f\u672c-1.jpg\",\"contentUrl\":\"https:\\\/\\\/www.honlufoodtrailer.com\\\/wp-content\\\/uploads\\\/2022\\\/12\\\/IMG_0778_\u526f\u672c-1.jpg\",\"width\":720,\"height\":540},{\"@type\":\"BreadcrumbList\",\"@id\":\"https:\\\/\\\/www.honlufoodtrailer.com\\\/product\\\/12-5ft-round-food-cart-for-sale-with-full-kitchen-equipment\\\/#breadcrumb\",\"itemListElement\":[{\"@type\":\"ListItem\",\"position\":1,\"name\":\"Home\",\"item\":\"https:\\\/\\\/www.honlufoodtrailer.com\\\/\"},{\"@type\":\"ListItem\",\"position\":2,\"name\":\"\u4ea7\u54c1\",\"item\":\"https:\\\/\\\/www.honlufoodtrailer.com\\\/shop\\\/\"},{\"@type\":\"ListItem\",\"position\":3,\"name\":\"12.5ft Round Food Cart for Sale &#8211; with Full Kitchen &#038; Equipment\"}]},{\"@type\":\"WebSite\",\"@id\":\"https:\\\/\\\/www.honlufoodtrailer.com\\\/#website\",\"url\":\"https:\\\/\\\/www.honlufoodtrailer.com\\\/\",\"name\":\"Honlu food trailer\",\"description\":\"\",\"publisher\":{\"@id\":\"https:\\\/\\\/www.honlufoodtrailer.com\\\/#organization\"},\"potentialAction\":[{\"@type\":\"SearchAction\",\"target\":{\"@type\":\"EntryPoint\",\"urlTemplate\":\"https:\\\/\\\/www.honlufoodtrailer.com\\\/?s={search_term_string}\"},\"query-input\":{\"@type\":\"PropertyValueSpecification\",\"valueRequired\":true,\"valueName\":\"search_term_string\"}}],\"inLanguage\":\"fr-FR\"},{\"@type\":\"Organization\",\"@id\":\"https:\\\/\\\/www.honlufoodtrailer.com\\\/#organization\",\"name\":\"Honlu food trailer\",\"url\":\"https:\\\/\\\/www.honlufoodtrailer.com\\\/\",\"logo\":{\"@type\":\"ImageObject\",\"inLanguage\":\"fr-FR\",\"@id\":\"https:\\\/\\\/www.honlufoodtrailer.com\\\/#\\\/schema\\\/logo\\\/image\\\/\",\"url\":\"https:\\\/\\\/www.honlufoodtrailer.com\\\/wp-content\\\/uploads\\\/2021\\\/12\\\/2.gif\",\"contentUrl\":\"https:\\\/\\\/www.honlufoodtrailer.com\\\/wp-content\\\/uploads\\\/2021\\\/12\\\/2.gif\",\"width\":350,\"height\":100,\"caption\":\"Honlu food trailer\"},\"image\":{\"@id\":\"https:\\\/\\\/www.honlufoodtrailer.com\\\/#\\\/schema\\\/logo\\\/image\\\/\"}}]}<\/script>\n<!-- \/ Yoast SEO plugin. -->","yoast_head_json":{"title":"Chariot alimentaire rond de 3,8 m (12,5 pi) \u00e0 vendre - avec cuisine et \u00e9quipement complets","description":"Ce food truck rond de 3,80 m de diam\u00e8tre est \u00e9quip\u00e9 d&#039;une cuisine compl\u00e8te. Compact, attrayant et parfaitement \u00e9quip\u00e9, il est id\u00e9al pour lancer votre activit\u00e9 de restauration ambulante.","robots":{"index":"index","follow":"follow","max-snippet":"max-snippet:-1","max-image-preview":"max-image-preview:large","max-video-preview":"max-video-preview:-1"},"canonical":"https:\/\/www.honlufoodtrailer.com\/fr\/product\/12-5ft-round-food-cart-for-sale-with-full-kitchen-equipment\/","og_locale":"fr_FR","og_type":"article","og_title":"12.5ft Round Food Cart for Sale - with Full Kitchen & Equipment","og_description":"This 12.5ft round food cart with a full kitchen setup. Compact, eye-catching, and fully equipped\u2014perfect for starting your mobile food business.","og_url":"https:\/\/www.honlufoodtrailer.com\/fr\/product\/12-5ft-round-food-cart-for-sale-with-full-kitchen-equipment\/","og_site_name":"Honlu food trailer","article_modified_time":"2025-06-27T03:50:11+00:00","og_image":[{"width":720,"height":540,"url":"https:\/\/www.honlufoodtrailer.com\/wp-content\/uploads\/2022\/12\/IMG_0778_\u526f\u672c-1.jpg","type":"image\/jpeg"}],"twitter_card":"summary_large_image","twitter_misc":{"Dur\u00e9e de lecture estim\u00e9e":"3 minutes"},"schema":{"@context":"https:\/\/schema.org","@graph":[{"@type":"WebPage","@id":"https:\/\/www.honlufoodtrailer.com\/product\/12-5ft-round-food-cart-for-sale-with-full-kitchen-equipment\/","url":"https:\/\/www.honlufoodtrailer.com\/product\/12-5ft-round-food-cart-for-sale-with-full-kitchen-equipment\/","name":"Chariot alimentaire rond de 3,8 m (12,5 pi) \u00e0 vendre - avec cuisine et \u00e9quipement complets","isPartOf":{"@id":"https:\/\/www.honlufoodtrailer.com\/#website"},"primaryImageOfPage":{"@id":"https:\/\/www.honlufoodtrailer.com\/product\/12-5ft-round-food-cart-for-sale-with-full-kitchen-equipment\/#primaryimage"},"image":{"@id":"https:\/\/www.honlufoodtrailer.com\/product\/12-5ft-round-food-cart-for-sale-with-full-kitchen-equipment\/#primaryimage"},"thumbnailUrl":"https:\/\/www.honlufoodtrailer.com\/wp-content\/uploads\/2022\/12\/IMG_0778_\u526f\u672c-1.jpg","datePublished":"2022-12-08T07:57:01+00:00","dateModified":"2025-06-27T03:50:11+00:00","description":"Ce food truck rond de 3,80 m de diam\u00e8tre est \u00e9quip\u00e9 d&#039;une cuisine compl\u00e8te. Compact, attrayant et parfaitement \u00e9quip\u00e9, il est id\u00e9al pour lancer votre activit\u00e9 de restauration ambulante.","breadcrumb":{"@id":"https:\/\/www.honlufoodtrailer.com\/product\/12-5ft-round-food-cart-for-sale-with-full-kitchen-equipment\/#breadcrumb"},"inLanguage":"fr-FR","potentialAction":[{"@type":"ReadAction","target":["https:\/\/www.honlufoodtrailer.com\/product\/12-5ft-round-food-cart-for-sale-with-full-kitchen-equipment\/"]}]},{"@type":"ImageObject","inLanguage":"fr-FR","@id":"https:\/\/www.honlufoodtrailer.com\/product\/12-5ft-round-food-cart-for-sale-with-full-kitchen-equipment\/#primaryimage","url":"https:\/\/www.honlufoodtrailer.com\/wp-content\/uploads\/2022\/12\/IMG_0778_\u526f\u672c-1.jpg","contentUrl":"https:\/\/www.honlufoodtrailer.com\/wp-content\/uploads\/2022\/12\/IMG_0778_\u526f\u672c-1.jpg","width":720,"height":540},{"@type":"BreadcrumbList","@id":"https:\/\/www.honlufoodtrailer.com\/product\/12-5ft-round-food-cart-for-sale-with-full-kitchen-equipment\/#breadcrumb","itemListElement":[{"@type":"ListItem","position":1,"name":"Home","item":"https:\/\/www.honlufoodtrailer.com\/"},{"@type":"ListItem","position":2,"name":"\u4ea7\u54c1","item":"https:\/\/www.honlufoodtrailer.com\/shop\/"},{"@type":"ListItem","position":3,"name":"12.5ft Round Food Cart for Sale &#8211; with Full Kitchen &#038; Equipment"}]},{"@type":"WebSite","@id":"https:\/\/www.honlufoodtrailer.com\/#website","url":"https:\/\/www.honlufoodtrailer.com\/","name":"Remorque alimentaire Honlu","description":"","publisher":{"@id":"https:\/\/www.honlufoodtrailer.com\/#organization"},"potentialAction":[{"@type":"SearchAction","target":{"@type":"EntryPoint","urlTemplate":"https:\/\/www.honlufoodtrailer.com\/?s={search_term_string}"},"query-input":{"@type":"PropertyValueSpecification","valueRequired":true,"valueName":"search_term_string"}}],"inLanguage":"fr-FR"},{"@type":"Organization","@id":"https:\/\/www.honlufoodtrailer.com\/#organization","name":"Remorque alimentaire Honlu","url":"https:\/\/www.honlufoodtrailer.com\/","logo":{"@type":"ImageObject","inLanguage":"fr-FR","@id":"https:\/\/www.honlufoodtrailer.com\/#\/schema\/logo\/image\/","url":"https:\/\/www.honlufoodtrailer.com\/wp-content\/uploads\/2021\/12\/2.gif","contentUrl":"https:\/\/www.honlufoodtrailer.com\/wp-content\/uploads\/2021\/12\/2.gif","width":350,"height":100,"caption":"Honlu food trailer"},"image":{"@id":"https:\/\/www.honlufoodtrailer.com\/#\/schema\/logo\/image\/"}}]}},"_links":{"self":[{"href":"https:\/\/www.honlufoodtrailer.com\/fr\/wp-json\/wp\/v2\/product\/5119","targetHints":{"allow":["GET"]}}],"collection":[{"href":"https:\/\/www.honlufoodtrailer.com\/fr\/wp-json\/wp\/v2\/product"}],"about":[{"href":"https:\/\/www.honlufoodtrailer.com\/fr\/wp-json\/wp\/v2\/types\/product"}],"version-history":[{"count":6,"href":"https:\/\/www.honlufoodtrailer.com\/fr\/wp-json\/wp\/v2\/product\/5119\/revisions"}],"predecessor-version":[{"id":11333,"href":"https:\/\/www.honlufoodtrailer.com\/fr\/wp-json\/wp\/v2\/product\/5119\/revisions\/11333"}],"wp:featuredmedia":[{"embeddable":true,"href":"https:\/\/www.honlufoodtrailer.com\/fr\/wp-json\/wp\/v2\/media\/5160"}],"wp:attachment":[{"href":"https:\/\/www.honlufoodtrailer.com\/fr\/wp-json\/wp\/v2\/media?parent=5119"}],"wp:term":[{"taxonomy":"product_brand","embeddable":true,"href":"https:\/\/www.honlufoodtrailer.com\/fr\/wp-json\/wp\/v2\/product_brand?post=5119"},{"taxonomy":"product_cat","embeddable":true,"href":"https:\/\/www.honlufoodtrailer.com\/fr\/wp-json\/wp\/v2\/product_cat?post=5119"},{"taxonomy":"product_tag","embeddable":true,"href":"https:\/\/www.honlufoodtrailer.com\/fr\/wp-json\/wp\/v2\/product_tag?post=5119"}],"curies":[{"name":"wp","href":"https:\/\/api.w.org\/{rel}","templated":true}]}}