{"id":5618,"date":"2023-11-03T15:58:02","date_gmt":"2023-11-03T07:58:02","guid":{"rendered":"https:\/\/www.honlufoodtrailer.com\/?post_type=product&#038;p=5618"},"modified":"2024-11-01T14:30:29","modified_gmt":"2024-11-01T06:30:29","slug":"36ft-mobile-food-kitchen-trailer-in-pink-color","status":"publish","type":"product","link":"https:\/\/www.honlufoodtrailer.com\/fr\/product\/36ft-mobile-food-kitchen-trailer-in-pink-color\/","title":{"rendered":"Remorque cuisine mobile de 11 m\u00e8tres (36 pieds) de couleur rose"},"content":{"rendered":"<p data-spm-anchor-id=\"a2700.wholesale.0.i28.29e52808agqc7f\">Voici une remorque-cuisine mobile de 11 m\u00e8tres (36 pieds) de long, de couleur rose, enti\u00e8rement personnalis\u00e9e. Au-dessus de la carrosserie, nous avons adapt\u00e9 le texte publicitaire aux besoins de nos clients. Elle peut servir \u00e0 vendre une grande vari\u00e9t\u00e9 de produits\u00a0: hot-dogs, fruits et l\u00e9gumes, fleurs, sandwichs, caf\u00e9, glaces, etc. Certifi\u00e9e CE, elle vous accompagne dans le lancement de votre activit\u00e9 ambulante.<\/p>\n<p data-spm-anchor-id=\"a2700.wholesale.0.i28.29e52808agqc7f\"><img fetchpriority=\"high\" decoding=\"async\" class=\"size-full wp-image-5623 aligncenter\" src=\"https:\/\/www.honlufoodtrailer.com\/wp-content\/uploads\/2023\/10\/36ft-Mobile-Food-Trailer.jpg\" alt=\"Remorque alimentaire mobile de 11 m\u00e8tres\" width=\"720\" height=\"540\" srcset=\"https:\/\/www.honlufoodtrailer.com\/wp-content\/uploads\/2023\/10\/36ft-Mobile-Food-Trailer.jpg 720w, https:\/\/www.honlufoodtrailer.com\/wp-content\/uploads\/2023\/10\/36ft-Mobile-Food-Trailer-480x360.jpg 480w, https:\/\/www.honlufoodtrailer.com\/wp-content\/uploads\/2023\/10\/36ft-Mobile-Food-Trailer-300x225.jpg 300w\" sizes=\"(max-width: 720px) 100vw, 720px\" \/><\/p>\n<p data-spm-anchor-id=\"a2700.wholesale.0.i28.29e52808agqc7f\">Le plan de travail et les parois int\u00e9rieures de la remorque-cuisine sont enti\u00e8rement en acier inoxydable de qualit\u00e9 alimentaire. Selon les besoins du client, elle est \u00e9quip\u00e9e de friteuses, de trois \u00e9viers sur mesure, d&#039;un distributeur de savon, de plaques de cuisson \u00e0 gaz, de hottes aspirantes et d&#039;autres \u00e9quipements. Nous pouvons acqu\u00e9rir d&#039;autres types d&#039;\u00e9quipements en fonction des besoins sp\u00e9cifiques de nos clients.<\/p>\n<p data-spm-anchor-id=\"a2700.wholesale.0.i28.29e52808agqc7f\"><img decoding=\"async\" class=\"size-full wp-image-5621 aligncenter\" src=\"https:\/\/www.honlufoodtrailer.com\/wp-content\/uploads\/2023\/10\/36ft-Mobile-Food-Kitchen-Trailer.jpg\" alt=\"Remorque de cuisine mobile de 36 pieds\" width=\"720\" height=\"540\" srcset=\"https:\/\/www.honlufoodtrailer.com\/wp-content\/uploads\/2023\/10\/36ft-Mobile-Food-Kitchen-Trailer.jpg 720w, https:\/\/www.honlufoodtrailer.com\/wp-content\/uploads\/2023\/10\/36ft-Mobile-Food-Kitchen-Trailer-480x360.jpg 480w, https:\/\/www.honlufoodtrailer.com\/wp-content\/uploads\/2023\/10\/36ft-Mobile-Food-Kitchen-Trailer-300x225.jpg 300w\" sizes=\"(max-width: 720px) 100vw, 720px\" \/><\/p>\n<p data-spm-anchor-id=\"a2700.wholesale.0.i28.29e52808agqc7f\">Les remorques alimentaires, aussi appel\u00e9es food trucks, camionnettes ou chariots de restauration, peuvent servir \u00e0 vendre des plats rapides, des en-cas, des journaux, des livres, etc. Elles se composent d&#039;un ch\u00e2ssis, d&#039;une carrosserie, d&#039;un plancher, d&#039;une table de travail, d&#039;un syst\u00e8me d&#039;alimentation en eau et d&#039;un syst\u00e8me \u00e9lectrique. Les clients peuvent choisir la couleur. Nous sommes \u00e9galement dispos\u00e9s \u00e0 acqu\u00e9rir d&#039;autres types d&#039;\u00e9quipements sur demande.<\/p>\n<h3>Plus de d\u00e9tails sur la remorque-cuisine mobile<\/h3>\n<p>Voir plus de d\u00e9tails sur cette remorque-cuisine mobile de 11 m.<br \/>\n<img decoding=\"async\" class=\"aligncenter size-full wp-image-8901\" src=\"https:\/\/www.honlufoodtrailer.com\/wp-content\/uploads\/2023\/11\/36ft-Mobile-Food-Kitchen-Trailer-more-details.jpg\" alt=\"Remorque cuisine mobile de 11 m\u00e8tres (36 pieds) - Plus de d\u00e9tails\" width=\"800\" height=\"800\" srcset=\"https:\/\/www.honlufoodtrailer.com\/wp-content\/uploads\/2023\/11\/36ft-Mobile-Food-Kitchen-Trailer-more-details.jpg 800w, https:\/\/www.honlufoodtrailer.com\/wp-content\/uploads\/2023\/11\/36ft-Mobile-Food-Kitchen-Trailer-more-details-768x768.jpg 768w, https:\/\/www.honlufoodtrailer.com\/wp-content\/uploads\/2023\/11\/36ft-Mobile-Food-Kitchen-Trailer-more-details-360x360.jpg 360w, https:\/\/www.honlufoodtrailer.com\/wp-content\/uploads\/2023\/11\/36ft-Mobile-Food-Kitchen-Trailer-more-details-300x300.jpg 300w, https:\/\/www.honlufoodtrailer.com\/wp-content\/uploads\/2023\/11\/36ft-Mobile-Food-Kitchen-Trailer-more-details-720x720.jpg 720w, https:\/\/www.honlufoodtrailer.com\/wp-content\/uploads\/2023\/11\/36ft-Mobile-Food-Kitchen-Trailer-more-details-100x100.jpg 100w\" sizes=\"(max-width: 800px) 100vw, 800px\" \/><\/p>\n<h3 class=\"magic-6\" data-spm-anchor-id=\"a2700.wholesale.0.i28.29e52808agqc7f\">Caract\u00e9ristiques principales de la remorque-cuisine mobile<\/h3>\n<div class=\"magic-7\">\n<div class=\"magic-8\">\n<div class=\"magic-9\" data-id=\"paragraph0\">\n<ol>\n<li>L'aspect \u00e0 la mode peut \u00eatre personnalis\u00e9 ;<\/li>\n<li>Carrosserie et structure interne de la remorque en t\u00f4le galvanis\u00e9e, bonne r\u00e9sistance \u00e0 la chaleur, \u00e0 l&#039;usure et \u00e0 la corrosion ;<\/li>\n<li>Accessoires modernes et performants \u00e9quipant la cuisine mobile ;<\/li>\n<li>Il est r\u00e9sistant aux chocs et \u00e0 la corrosion, r\u00e9sistant \u00e0 la chaleur, et poss\u00e8de une grande solidit\u00e9, une excellente tenue des couleurs, est ind\u00e9formable, imperm\u00e9able et a une longue dur\u00e9e de vie ;<\/li>\n<li>Nous nous ferons un plaisir de le modifier en fonction de vos besoins.<\/li>\n<\/ol>\n<h3><img loading=\"lazy\" decoding=\"async\" class=\"size-full wp-image-5622 aligncenter\" src=\"https:\/\/www.honlufoodtrailer.com\/wp-content\/uploads\/2023\/10\/36ft-Mobile-Food-Kitchen.jpg\" alt=\"Cuisine mobile de 11 m\u00e8tres\" width=\"720\" height=\"540\" srcset=\"https:\/\/www.honlufoodtrailer.com\/wp-content\/uploads\/2023\/10\/36ft-Mobile-Food-Kitchen.jpg 720w, https:\/\/www.honlufoodtrailer.com\/wp-content\/uploads\/2023\/10\/36ft-Mobile-Food-Kitchen-480x360.jpg 480w, https:\/\/www.honlufoodtrailer.com\/wp-content\/uploads\/2023\/10\/36ft-Mobile-Food-Kitchen-300x225.jpg 300w\" sizes=\"(max-width: 720px) 100vw, 720px\" \/>Dessin de plan d'\u00e9tage 2D\/3D gratuit<\/h3>\n<p>Apr\u00e8s avoir confirm\u00e9 les dimensions de <a href=\"https:\/\/www.honlufoodtrailer.com\/fr\/product\/\" target=\"_blank\" rel=\"noopener\">remorque alimentaire<\/a> Concernant l&#039;\u00e9quipement de cuisine interne, nous pouvons vous fournir gratuitement des plans 3D. Cela vous permettra de mieux visualiser votre am\u00e9nagement et votre food truck. Pour confirmer l&#039;emplacement de l&#039;\u00e9quipement, nous pourrons communiquer clairement avec vous gr\u00e2ce au plan d&#039;\u00e9tage. Nous pouvons \u00e9galement vous fournir les documents originaux afin de faciliter votre conception et d&#039;effectuer des modifications.<\/p>\n<\/div>\n<\/div>\n<\/div>","protected":false},"excerpt":{"rendered":"<p data-spm-anchor-id=\"a2700.wholesale.0.i28.29e52808agqc7f\">Voici une remorque-cuisine mobile de 11 m\u00e8tres (36 pieds) de long, de couleur rose, enti\u00e8rement personnalis\u00e9e. Nous pouvons bien s\u00fbr fabriquer une remorque similaire ou en cr\u00e9er une sur mesure. La couleur de la carrosserie, les autocollants, la signal\u00e9tique et l&#039;\u00e9quipement de cuisine sont personnalisables. N&#039;h\u00e9sitez pas \u00e0 nous contacter pour obtenir un devis\u00a0!<\/p>","protected":false},"featured_media":5621,"template":"","meta":{"_themeisle_gutenberg_block_has_review":false},"product_brand":[],"product_cat":[26],"product_tag":[53,33,41,45,57,38,52],"class_list":{"0":"post-5618","1":"product","2":"type-product","3":"status-publish","4":"has-post-thumbnail","6":"product_cat-product","7":"product_tag-customized-sinks","8":"product_tag-customized-trailer","9":"product_tag-galvanized-trailer","10":"product_tag-large-food-trailer","11":"product_tag-mobile-food-kitchen","12":"product_tag-mobile-food-trailer","13":"product_tag-personalized-billboard","15":"first","16":"instock","17":"shipping-taxable","18":"product-type-simple"},"yoast_head":"<!-- This site is optimized with the Yoast SEO plugin v27.5 - https:\/\/yoast.com\/product\/yoast-seo-wordpress\/ -->\n<title>36ft Mobile Food Kitchen Trailer in Pink Color - Honlu food trailer<\/title>\n<meta name=\"description\" content=\"This is a customized 36ft mobile food kitchen trailer in pink color. High quality and certified to help you start a mobile business. Get the price now!\" \/>\n<meta name=\"robots\" content=\"index, follow, max-snippet:-1, max-image-preview:large, max-video-preview:-1\" \/>\n<link rel=\"canonical\" href=\"https:\/\/www.honlufoodtrailer.com\/fr\/product\/36ft-mobile-food-kitchen-trailer-in-pink-color\/\" \/>\n<meta property=\"og:locale\" content=\"fr_FR\" \/>\n<meta property=\"og:type\" content=\"article\" \/>\n<meta property=\"og:title\" content=\"36ft Mobile Food Kitchen Trailer in Pink Color - Honlu food trailer\" \/>\n<meta property=\"og:description\" content=\"This is a customized 36ft mobile food kitchen trailer in pink color. High quality and certified to help you start a mobile business. Get the price now!\" \/>\n<meta property=\"og:url\" content=\"https:\/\/www.honlufoodtrailer.com\/fr\/product\/36ft-mobile-food-kitchen-trailer-in-pink-color\/\" \/>\n<meta property=\"og:site_name\" content=\"Honlu food trailer\" \/>\n<meta property=\"article:modified_time\" content=\"2024-11-01T06:30:29+00:00\" \/>\n<meta property=\"og:image\" content=\"https:\/\/www.honlufoodtrailer.com\/wp-content\/uploads\/2023\/10\/36ft-Mobile-Food-Kitchen-Trailer.jpg\" \/>\n\t<meta property=\"og:image:width\" content=\"720\" \/>\n\t<meta property=\"og:image:height\" content=\"540\" \/>\n\t<meta property=\"og:image:type\" content=\"image\/jpeg\" \/>\n<meta name=\"twitter:card\" content=\"summary_large_image\" \/>\n<meta name=\"twitter:label1\" content=\"Dur\u00e9e de lecture estim\u00e9e\" \/>\n\t<meta name=\"twitter:data1\" content=\"2 minutes\" \/>\n<script type=\"application\/ld+json\" class=\"yoast-schema-graph\">{\"@context\":\"https:\\\/\\\/schema.org\",\"@graph\":[{\"@type\":\"WebPage\",\"@id\":\"https:\\\/\\\/www.honlufoodtrailer.com\\\/product\\\/36ft-mobile-food-kitchen-trailer-in-pink-color\\\/\",\"url\":\"https:\\\/\\\/www.honlufoodtrailer.com\\\/product\\\/36ft-mobile-food-kitchen-trailer-in-pink-color\\\/\",\"name\":\"36ft Mobile Food Kitchen Trailer in Pink Color - Honlu food trailer\",\"isPartOf\":{\"@id\":\"https:\\\/\\\/www.honlufoodtrailer.com\\\/#website\"},\"primaryImageOfPage\":{\"@id\":\"https:\\\/\\\/www.honlufoodtrailer.com\\\/product\\\/36ft-mobile-food-kitchen-trailer-in-pink-color\\\/#primaryimage\"},\"image\":{\"@id\":\"https:\\\/\\\/www.honlufoodtrailer.com\\\/product\\\/36ft-mobile-food-kitchen-trailer-in-pink-color\\\/#primaryimage\"},\"thumbnailUrl\":\"https:\\\/\\\/www.honlufoodtrailer.com\\\/wp-content\\\/uploads\\\/2023\\\/10\\\/36ft-Mobile-Food-Kitchen-Trailer.jpg\",\"datePublished\":\"2023-11-03T07:58:02+00:00\",\"dateModified\":\"2024-11-01T06:30:29+00:00\",\"description\":\"This is a customized 36ft mobile food kitchen trailer in pink color. High quality and certified to help you start a mobile business. Get the price now!\",\"breadcrumb\":{\"@id\":\"https:\\\/\\\/www.honlufoodtrailer.com\\\/product\\\/36ft-mobile-food-kitchen-trailer-in-pink-color\\\/#breadcrumb\"},\"inLanguage\":\"fr-FR\",\"potentialAction\":[{\"@type\":\"ReadAction\",\"target\":[\"https:\\\/\\\/www.honlufoodtrailer.com\\\/product\\\/36ft-mobile-food-kitchen-trailer-in-pink-color\\\/\"]}]},{\"@type\":\"ImageObject\",\"inLanguage\":\"fr-FR\",\"@id\":\"https:\\\/\\\/www.honlufoodtrailer.com\\\/product\\\/36ft-mobile-food-kitchen-trailer-in-pink-color\\\/#primaryimage\",\"url\":\"https:\\\/\\\/www.honlufoodtrailer.com\\\/wp-content\\\/uploads\\\/2023\\\/10\\\/36ft-Mobile-Food-Kitchen-Trailer.jpg\",\"contentUrl\":\"https:\\\/\\\/www.honlufoodtrailer.com\\\/wp-content\\\/uploads\\\/2023\\\/10\\\/36ft-Mobile-Food-Kitchen-Trailer.jpg\",\"width\":720,\"height\":540,\"caption\":\"36ft Mobile Food Kitchen Trailer\"},{\"@type\":\"BreadcrumbList\",\"@id\":\"https:\\\/\\\/www.honlufoodtrailer.com\\\/product\\\/36ft-mobile-food-kitchen-trailer-in-pink-color\\\/#breadcrumb\",\"itemListElement\":[{\"@type\":\"ListItem\",\"position\":1,\"name\":\"Home\",\"item\":\"https:\\\/\\\/www.honlufoodtrailer.com\\\/\"},{\"@type\":\"ListItem\",\"position\":2,\"name\":\"\u4ea7\u54c1\",\"item\":\"https:\\\/\\\/www.honlufoodtrailer.com\\\/shop\\\/\"},{\"@type\":\"ListItem\",\"position\":3,\"name\":\"36ft Mobile Food Kitchen Trailer in Pink Color\"}]},{\"@type\":\"WebSite\",\"@id\":\"https:\\\/\\\/www.honlufoodtrailer.com\\\/#website\",\"url\":\"https:\\\/\\\/www.honlufoodtrailer.com\\\/\",\"name\":\"Honlu food trailer\",\"description\":\"\",\"publisher\":{\"@id\":\"https:\\\/\\\/www.honlufoodtrailer.com\\\/#organization\"},\"potentialAction\":[{\"@type\":\"SearchAction\",\"target\":{\"@type\":\"EntryPoint\",\"urlTemplate\":\"https:\\\/\\\/www.honlufoodtrailer.com\\\/?s={search_term_string}\"},\"query-input\":{\"@type\":\"PropertyValueSpecification\",\"valueRequired\":true,\"valueName\":\"search_term_string\"}}],\"inLanguage\":\"fr-FR\"},{\"@type\":\"Organization\",\"@id\":\"https:\\\/\\\/www.honlufoodtrailer.com\\\/#organization\",\"name\":\"Honlu food trailer\",\"url\":\"https:\\\/\\\/www.honlufoodtrailer.com\\\/\",\"logo\":{\"@type\":\"ImageObject\",\"inLanguage\":\"fr-FR\",\"@id\":\"https:\\\/\\\/www.honlufoodtrailer.com\\\/#\\\/schema\\\/logo\\\/image\\\/\",\"url\":\"https:\\\/\\\/www.honlufoodtrailer.com\\\/wp-content\\\/uploads\\\/2021\\\/12\\\/2.gif\",\"contentUrl\":\"https:\\\/\\\/www.honlufoodtrailer.com\\\/wp-content\\\/uploads\\\/2021\\\/12\\\/2.gif\",\"width\":350,\"height\":100,\"caption\":\"Honlu food trailer\"},\"image\":{\"@id\":\"https:\\\/\\\/www.honlufoodtrailer.com\\\/#\\\/schema\\\/logo\\\/image\\\/\"}}]}<\/script>\n<!-- \/ Yoast SEO plugin. -->","yoast_head_json":{"title":"Remorque-cuisine mobile de 11 m\u00e8tres (36 pieds) de couleur rose - Remorque-cuisine Honlu","description":"Voici une remorque-cuisine mobile de 11 m\u00e8tres (36 pieds) personnalis\u00e9e, de couleur rose. De haute qualit\u00e9 et certifi\u00e9e, elle vous permettra de lancer votre activit\u00e9 ambulante. Demandez un devis d\u00e8s maintenant\u00a0!","robots":{"index":"index","follow":"follow","max-snippet":"max-snippet:-1","max-image-preview":"max-image-preview:large","max-video-preview":"max-video-preview:-1"},"canonical":"https:\/\/www.honlufoodtrailer.com\/fr\/product\/36ft-mobile-food-kitchen-trailer-in-pink-color\/","og_locale":"fr_FR","og_type":"article","og_title":"36ft Mobile Food Kitchen Trailer in Pink Color - Honlu food trailer","og_description":"This is a customized 36ft mobile food kitchen trailer in pink color. High quality and certified to help you start a mobile business. Get the price now!","og_url":"https:\/\/www.honlufoodtrailer.com\/fr\/product\/36ft-mobile-food-kitchen-trailer-in-pink-color\/","og_site_name":"Honlu food trailer","article_modified_time":"2024-11-01T06:30:29+00:00","og_image":[{"width":720,"height":540,"url":"https:\/\/www.honlufoodtrailer.com\/wp-content\/uploads\/2023\/10\/36ft-Mobile-Food-Kitchen-Trailer.jpg","type":"image\/jpeg"}],"twitter_card":"summary_large_image","twitter_misc":{"Dur\u00e9e de lecture estim\u00e9e":"2 minutes"},"schema":{"@context":"https:\/\/schema.org","@graph":[{"@type":"WebPage","@id":"https:\/\/www.honlufoodtrailer.com\/product\/36ft-mobile-food-kitchen-trailer-in-pink-color\/","url":"https:\/\/www.honlufoodtrailer.com\/product\/36ft-mobile-food-kitchen-trailer-in-pink-color\/","name":"Remorque-cuisine mobile de 11 m\u00e8tres (36 pieds) de couleur rose - Remorque-cuisine Honlu","isPartOf":{"@id":"https:\/\/www.honlufoodtrailer.com\/#website"},"primaryImageOfPage":{"@id":"https:\/\/www.honlufoodtrailer.com\/product\/36ft-mobile-food-kitchen-trailer-in-pink-color\/#primaryimage"},"image":{"@id":"https:\/\/www.honlufoodtrailer.com\/product\/36ft-mobile-food-kitchen-trailer-in-pink-color\/#primaryimage"},"thumbnailUrl":"https:\/\/www.honlufoodtrailer.com\/wp-content\/uploads\/2023\/10\/36ft-Mobile-Food-Kitchen-Trailer.jpg","datePublished":"2023-11-03T07:58:02+00:00","dateModified":"2024-11-01T06:30:29+00:00","description":"Voici une remorque-cuisine mobile de 11 m\u00e8tres (36 pieds) personnalis\u00e9e, de couleur rose. De haute qualit\u00e9 et certifi\u00e9e, elle vous permettra de lancer votre activit\u00e9 ambulante. Demandez un devis d\u00e8s maintenant\u00a0!","breadcrumb":{"@id":"https:\/\/www.honlufoodtrailer.com\/product\/36ft-mobile-food-kitchen-trailer-in-pink-color\/#breadcrumb"},"inLanguage":"fr-FR","potentialAction":[{"@type":"ReadAction","target":["https:\/\/www.honlufoodtrailer.com\/product\/36ft-mobile-food-kitchen-trailer-in-pink-color\/"]}]},{"@type":"ImageObject","inLanguage":"fr-FR","@id":"https:\/\/www.honlufoodtrailer.com\/product\/36ft-mobile-food-kitchen-trailer-in-pink-color\/#primaryimage","url":"https:\/\/www.honlufoodtrailer.com\/wp-content\/uploads\/2023\/10\/36ft-Mobile-Food-Kitchen-Trailer.jpg","contentUrl":"https:\/\/www.honlufoodtrailer.com\/wp-content\/uploads\/2023\/10\/36ft-Mobile-Food-Kitchen-Trailer.jpg","width":720,"height":540,"caption":"36ft Mobile Food Kitchen Trailer"},{"@type":"BreadcrumbList","@id":"https:\/\/www.honlufoodtrailer.com\/product\/36ft-mobile-food-kitchen-trailer-in-pink-color\/#breadcrumb","itemListElement":[{"@type":"ListItem","position":1,"name":"Home","item":"https:\/\/www.honlufoodtrailer.com\/"},{"@type":"ListItem","position":2,"name":"\u4ea7\u54c1","item":"https:\/\/www.honlufoodtrailer.com\/shop\/"},{"@type":"ListItem","position":3,"name":"36ft Mobile Food Kitchen Trailer in Pink Color"}]},{"@type":"WebSite","@id":"https:\/\/www.honlufoodtrailer.com\/#website","url":"https:\/\/www.honlufoodtrailer.com\/","name":"Remorque alimentaire Honlu","description":"","publisher":{"@id":"https:\/\/www.honlufoodtrailer.com\/#organization"},"potentialAction":[{"@type":"SearchAction","target":{"@type":"EntryPoint","urlTemplate":"https:\/\/www.honlufoodtrailer.com\/?s={search_term_string}"},"query-input":{"@type":"PropertyValueSpecification","valueRequired":true,"valueName":"search_term_string"}}],"inLanguage":"fr-FR"},{"@type":"Organization","@id":"https:\/\/www.honlufoodtrailer.com\/#organization","name":"Remorque alimentaire Honlu","url":"https:\/\/www.honlufoodtrailer.com\/","logo":{"@type":"ImageObject","inLanguage":"fr-FR","@id":"https:\/\/www.honlufoodtrailer.com\/#\/schema\/logo\/image\/","url":"https:\/\/www.honlufoodtrailer.com\/wp-content\/uploads\/2021\/12\/2.gif","contentUrl":"https:\/\/www.honlufoodtrailer.com\/wp-content\/uploads\/2021\/12\/2.gif","width":350,"height":100,"caption":"Honlu food trailer"},"image":{"@id":"https:\/\/www.honlufoodtrailer.com\/#\/schema\/logo\/image\/"}}]}},"_links":{"self":[{"href":"https:\/\/www.honlufoodtrailer.com\/fr\/wp-json\/wp\/v2\/product\/5618","targetHints":{"allow":["GET"]}}],"collection":[{"href":"https:\/\/www.honlufoodtrailer.com\/fr\/wp-json\/wp\/v2\/product"}],"about":[{"href":"https:\/\/www.honlufoodtrailer.com\/fr\/wp-json\/wp\/v2\/types\/product"}],"version-history":[{"count":0,"href":"https:\/\/www.honlufoodtrailer.com\/fr\/wp-json\/wp\/v2\/product\/5618\/revisions"}],"wp:featuredmedia":[{"embeddable":true,"href":"https:\/\/www.honlufoodtrailer.com\/fr\/wp-json\/wp\/v2\/media\/5621"}],"wp:attachment":[{"href":"https:\/\/www.honlufoodtrailer.com\/fr\/wp-json\/wp\/v2\/media?parent=5618"}],"wp:term":[{"taxonomy":"product_brand","embeddable":true,"href":"https:\/\/www.honlufoodtrailer.com\/fr\/wp-json\/wp\/v2\/product_brand?post=5618"},{"taxonomy":"product_cat","embeddable":true,"href":"https:\/\/www.honlufoodtrailer.com\/fr\/wp-json\/wp\/v2\/product_cat?post=5618"},{"taxonomy":"product_tag","embeddable":true,"href":"https:\/\/www.honlufoodtrailer.com\/fr\/wp-json\/wp\/v2\/product_tag?post=5618"}],"curies":[{"name":"wp","href":"https:\/\/api.w.org\/{rel}","templated":true}]}}