{"id":6417,"date":"2023-11-08T17:16:18","date_gmt":"2023-11-08T09:16:18","guid":{"rendered":"https:\/\/www.honlufoodtrailer.com\/?post_type=product&#038;p=6417"},"modified":"2025-02-14T16:08:22","modified_gmt":"2025-02-14T08:08:22","slug":"16ft-street-food-trailer-for-sale","status":"publish","type":"product","link":"https:\/\/www.honlufoodtrailer.com\/fr\/product\/16ft-street-food-trailer-for-sale\/","title":{"rendered":"Remorque de restauration ambulante de 4,9 m \u00e0 vendre"},"content":{"rendered":"<p>This is a customized 16ft street food trailer we have manufactured for one of our customers from Detroit, United States. We can manufacture a similar street food cart for sale like this one, or customize one for you. The body color, stickers, signage, and kitchen equipment of the street food trailer can be customized. Just contact us and tell us your detailed requirements.<\/p>\n<p><img fetchpriority=\"high\" decoding=\"async\" class=\"aligncenter size-full wp-image-6421\" src=\"https:\/\/www.honlufoodtrailer.com\/wp-content\/uploads\/2023\/12\/16ft-street-food-catering-trailer.jpg\" alt=\"16ft street food catering trailer\" width=\"720\" height=\"540\" srcset=\"https:\/\/www.honlufoodtrailer.com\/wp-content\/uploads\/2023\/12\/16ft-street-food-catering-trailer.jpg 720w, https:\/\/www.honlufoodtrailer.com\/wp-content\/uploads\/2023\/12\/16ft-street-food-catering-trailer-480x360.jpg 480w, https:\/\/www.honlufoodtrailer.com\/wp-content\/uploads\/2023\/12\/16ft-street-food-catering-trailer-300x225.jpg 300w\" sizes=\"(max-width: 720px) 100vw, 720px\" \/><\/p>\n<p>Are you looking to start your own food business? Do you want to provide delicious meals on the go? Then, consider investing in this 16ft street food trailer for sale. This type of <a href=\"https:\/\/www.honlufoodtrailer.com\/fr\/product\/\" target=\"_blank\" rel=\"noopener\">remorque alimentaire<\/a> can help drive your business to success. As you can see from the picture above, you can use this food trailer to sell many kinds of fast food such as French fry, chicken sandwiches, chicken salads, pizzas, hot dog sandwiches, burgers, tacos, wings, salads, chips, soft drinks. That will help you attract more customers. Next, let me show you the inner view of this street food catering trailer.<\/p>\n<p><img decoding=\"async\" class=\"aligncenter size-full wp-image-6423\" src=\"https:\/\/www.honlufoodtrailer.com\/wp-content\/uploads\/2023\/12\/16ft-street-food-trailer-inner-details.jpg\" alt=\"16ft street food trailer inner details\" width=\"720\" height=\"540\" srcset=\"https:\/\/www.honlufoodtrailer.com\/wp-content\/uploads\/2023\/12\/16ft-street-food-trailer-inner-details.jpg 720w, https:\/\/www.honlufoodtrailer.com\/wp-content\/uploads\/2023\/12\/16ft-street-food-trailer-inner-details-480x360.jpg 480w, https:\/\/www.honlufoodtrailer.com\/wp-content\/uploads\/2023\/12\/16ft-street-food-trailer-inner-details-300x225.jpg 300w\" sizes=\"(max-width: 720px) 100vw, 720px\" \/><\/p>\n<p>Comme on peut le voir sur la photo ci-dessus, nous avons \u00e9quip\u00e9 la remorque de 4,90 m (16 pieds) destin\u00e9e \u00e0 la cuisson des fruits de mer de mat\u00e9riel de cuisine. \u00c0 l&#039;int\u00e9rieur, on trouve principalement une cuisini\u00e8re \u00e0 gaz, un four, des \u00e9viers, un r\u00e9frig\u00e9rateur, un grill, une plaque de cuisson, une hotte aspirante, etc. Gr\u00e2ce \u00e0 cet \u00e9quipement, notre client pourra proposer \u00e0 ses clients une vari\u00e9t\u00e9 de plats rapides.<\/p>\n<p>Les remorques alimentaires peuvent \u00e9galement \u00eatre appel\u00e9es chariots alimentaires, camionnettes alimentaires, camions alimentaires, etc. Elle peut \u00eatre utilis\u00e9e pour vendre de la restauration rapide, des snacks, des journaux, des livres, etc. Elle se compose d'un ch\u00e2ssis, d'une carrosserie, d'un plancher, d'une table de travail, d'un syst\u00e8me d'alimentation en eau et d'un syst\u00e8me \u00e9lectrique. Les utilisateurs peuvent \u00e9galement choisir la couleur qu'ils souhaitent. Nous aimerions acheter d'autres types d'\u00e9quipements si les clients le souhaitent.<\/p>\n<h2><b class=\"magic-22\"><span class=\"magic-11\">Main Features Of The Customized Street Food Trailer<\/span><\/b><\/h2>\n<div class=\"magic-2\">\n<div class=\"magic-3\">\n<div class=\"magic-4\">\n<p class=\"magic-5\" data-spm-anchor-id=\"a2700.details.0.i22.54e5117dtl16iL\"><span style=\"font-family: Tahoma;\">1<span class=\"magic-12\" data-spm-anchor-id=\"a2700.details.0.i21.54e5117dtl16iL\">. Peu co\u00fbteux et respectueux de l'environnement, sans fum\u00e9e ni bruit, il est facile \u00e0 d\u00e9placer.<\/span><\/span><\/p>\n<p>2. Il peut \u00eatre utilis\u00e9 pendant de nombreuses ann\u00e9es et ne produira pas de d\u00e9chets, ce qui convient parfaitement \u00e0 la vie moderne.<\/p>\n<p>3. Il est pratique et simple \u00e0 charger et \u00e0 transporter, car sa conception est unique et personnalis\u00e9e.<\/p>\n<p>4. Le mat\u00e9riau principal est l'acier inoxydable, et la forme plate (table) ne rouille pas.<\/p>\n<p>5. Il r\u00e9siste \u00e0 la chaleur, a une r\u00e9sistance \u00e9lev\u00e9e, une grande solidit\u00e9 des couleurs, ne se d\u00e9forme pas, est imperm\u00e9able \u00e0 l'eau et a une longue dur\u00e9e de vie.<\/p>\n<\/div>\n<\/div>\n<\/div>\n<h2><b class=\"magic-22\"><span class=\"magic-11\">Principal avantage :<\/span><\/b><\/h2>\n<p><span class=\"magic-12\">1. Faible co\u00fbt et respect de l'environnement ;<br \/>\n2. Facile \u00e0 d\u00e9placer dans n'importe quel endroit (votre activit\u00e9 n'est pas limit\u00e9e) ;<br \/>\n3. Forme unique (invisible pour attirer plus de clients) ;<br \/>\n4. Longue dur\u00e9e de vie (r\u00e9sistant \u00e0 la corrosion, \u00e0 la chaleur, \u00e9tanche, ind\u00e9formable).<\/span><\/p>","protected":false},"excerpt":{"rendered":"<p>This is one of our custom-made 16ft street food trailer. Usually, it is the preferred model for starting a mobile food trailer business. Of course, we can manufacture a similar street kitchen trailer like this one, or customize one for you. The body color, stickers, signage, kitchen equipment of the food trailer can be customized.<\/p>","protected":false},"featured_media":6420,"template":"","meta":{"_themeisle_gutenberg_block_has_review":false},"product_brand":[],"product_cat":[26],"product_tag":[96,33,60,61,38,132],"class_list":{"0":"post-6417","1":"product","2":"type-product","3":"status-publish","4":"has-post-thumbnail","6":"product_cat-product","7":"product_tag-16ft-food-trailer","8":"product_tag-customized-trailer","9":"product_tag-fast-food-trailer","10":"product_tag-fast-food-trailer-for-sale","11":"product_tag-mobile-food-trailer","12":"product_tag-street-food-trailer","14":"first","15":"instock","16":"shipping-taxable","17":"product-type-simple"},"yoast_head":"<!-- This site is optimized with the Yoast SEO plugin v27.5 - https:\/\/yoast.com\/product\/yoast-seo-wordpress\/ -->\n<title>Factory Price 16ft Street Food Trailer For Sale - Honlu Food Trailer<\/title>\n<meta name=\"description\" content=\"Looking for a 16ft street food trailer for sale? Get a similar or customized one at factory price from Honlu food trailer now! Get the Price!\" \/>\n<meta name=\"robots\" content=\"index, follow, max-snippet:-1, max-image-preview:large, max-video-preview:-1\" \/>\n<link rel=\"canonical\" href=\"https:\/\/www.honlufoodtrailer.com\/fr\/product\/16ft-street-food-trailer-for-sale\/\" \/>\n<meta property=\"og:locale\" content=\"fr_FR\" \/>\n<meta property=\"og:type\" content=\"article\" \/>\n<meta property=\"og:title\" content=\"Factory Price 16ft Street Food Trailer For Sale - Honlu Food Trailer\" \/>\n<meta property=\"og:description\" content=\"Looking for a 16ft street food trailer for sale? Get a similar or customized one at factory price from Honlu food trailer now! Get the Price!\" \/>\n<meta property=\"og:url\" content=\"https:\/\/www.honlufoodtrailer.com\/fr\/product\/16ft-street-food-trailer-for-sale\/\" \/>\n<meta property=\"og:site_name\" content=\"Honlu food trailer\" \/>\n<meta property=\"article:modified_time\" content=\"2025-02-14T08:08:22+00:00\" \/>\n<meta property=\"og:image\" content=\"https:\/\/www.honlufoodtrailer.com\/wp-content\/uploads\/2023\/12\/16ft-street-food-cart-for-sale.jpg\" \/>\n\t<meta property=\"og:image:width\" content=\"720\" \/>\n\t<meta property=\"og:image:height\" content=\"540\" \/>\n\t<meta property=\"og:image:type\" content=\"image\/jpeg\" \/>\n<meta name=\"twitter:card\" content=\"summary_large_image\" \/>\n<meta name=\"twitter:label1\" content=\"Dur\u00e9e de lecture estim\u00e9e\" \/>\n\t<meta name=\"twitter:data1\" content=\"1 minute\" \/>\n<script type=\"application\/ld+json\" class=\"yoast-schema-graph\">{\"@context\":\"https:\\\/\\\/schema.org\",\"@graph\":[{\"@type\":\"WebPage\",\"@id\":\"https:\\\/\\\/www.honlufoodtrailer.com\\\/product\\\/16ft-street-food-trailer-for-sale\\\/\",\"url\":\"https:\\\/\\\/www.honlufoodtrailer.com\\\/product\\\/16ft-street-food-trailer-for-sale\\\/\",\"name\":\"Factory Price 16ft Street Food Trailer For Sale - Honlu Food Trailer\",\"isPartOf\":{\"@id\":\"https:\\\/\\\/www.honlufoodtrailer.com\\\/#website\"},\"primaryImageOfPage\":{\"@id\":\"https:\\\/\\\/www.honlufoodtrailer.com\\\/product\\\/16ft-street-food-trailer-for-sale\\\/#primaryimage\"},\"image\":{\"@id\":\"https:\\\/\\\/www.honlufoodtrailer.com\\\/product\\\/16ft-street-food-trailer-for-sale\\\/#primaryimage\"},\"thumbnailUrl\":\"https:\\\/\\\/www.honlufoodtrailer.com\\\/wp-content\\\/uploads\\\/2023\\\/12\\\/16ft-street-food-cart-for-sale.jpg\",\"datePublished\":\"2023-11-08T09:16:18+00:00\",\"dateModified\":\"2025-02-14T08:08:22+00:00\",\"description\":\"Looking for a 16ft street food trailer for sale? Get a similar or customized one at factory price from Honlu food trailer now! Get the Price!\",\"breadcrumb\":{\"@id\":\"https:\\\/\\\/www.honlufoodtrailer.com\\\/product\\\/16ft-street-food-trailer-for-sale\\\/#breadcrumb\"},\"inLanguage\":\"fr-FR\",\"potentialAction\":[{\"@type\":\"ReadAction\",\"target\":[\"https:\\\/\\\/www.honlufoodtrailer.com\\\/product\\\/16ft-street-food-trailer-for-sale\\\/\"]}]},{\"@type\":\"ImageObject\",\"inLanguage\":\"fr-FR\",\"@id\":\"https:\\\/\\\/www.honlufoodtrailer.com\\\/product\\\/16ft-street-food-trailer-for-sale\\\/#primaryimage\",\"url\":\"https:\\\/\\\/www.honlufoodtrailer.com\\\/wp-content\\\/uploads\\\/2023\\\/12\\\/16ft-street-food-cart-for-sale.jpg\",\"contentUrl\":\"https:\\\/\\\/www.honlufoodtrailer.com\\\/wp-content\\\/uploads\\\/2023\\\/12\\\/16ft-street-food-cart-for-sale.jpg\",\"width\":720,\"height\":540,\"caption\":\"16ft street food cart for sale\"},{\"@type\":\"BreadcrumbList\",\"@id\":\"https:\\\/\\\/www.honlufoodtrailer.com\\\/product\\\/16ft-street-food-trailer-for-sale\\\/#breadcrumb\",\"itemListElement\":[{\"@type\":\"ListItem\",\"position\":1,\"name\":\"Home\",\"item\":\"https:\\\/\\\/www.honlufoodtrailer.com\\\/\"},{\"@type\":\"ListItem\",\"position\":2,\"name\":\"\u4ea7\u54c1\",\"item\":\"https:\\\/\\\/www.honlufoodtrailer.com\\\/shop\\\/\"},{\"@type\":\"ListItem\",\"position\":3,\"name\":\"16ft Street Food Trailer For Sale\"}]},{\"@type\":\"WebSite\",\"@id\":\"https:\\\/\\\/www.honlufoodtrailer.com\\\/#website\",\"url\":\"https:\\\/\\\/www.honlufoodtrailer.com\\\/\",\"name\":\"Honlu food trailer\",\"description\":\"\",\"publisher\":{\"@id\":\"https:\\\/\\\/www.honlufoodtrailer.com\\\/#organization\"},\"potentialAction\":[{\"@type\":\"SearchAction\",\"target\":{\"@type\":\"EntryPoint\",\"urlTemplate\":\"https:\\\/\\\/www.honlufoodtrailer.com\\\/?s={search_term_string}\"},\"query-input\":{\"@type\":\"PropertyValueSpecification\",\"valueRequired\":true,\"valueName\":\"search_term_string\"}}],\"inLanguage\":\"fr-FR\"},{\"@type\":\"Organization\",\"@id\":\"https:\\\/\\\/www.honlufoodtrailer.com\\\/#organization\",\"name\":\"Honlu food trailer\",\"url\":\"https:\\\/\\\/www.honlufoodtrailer.com\\\/\",\"logo\":{\"@type\":\"ImageObject\",\"inLanguage\":\"fr-FR\",\"@id\":\"https:\\\/\\\/www.honlufoodtrailer.com\\\/#\\\/schema\\\/logo\\\/image\\\/\",\"url\":\"https:\\\/\\\/www.honlufoodtrailer.com\\\/wp-content\\\/uploads\\\/2021\\\/12\\\/2.gif\",\"contentUrl\":\"https:\\\/\\\/www.honlufoodtrailer.com\\\/wp-content\\\/uploads\\\/2021\\\/12\\\/2.gif\",\"width\":350,\"height\":100,\"caption\":\"Honlu food trailer\"},\"image\":{\"@id\":\"https:\\\/\\\/www.honlufoodtrailer.com\\\/#\\\/schema\\\/logo\\\/image\\\/\"}}]}<\/script>\n<!-- \/ Yoast SEO plugin. -->","yoast_head_json":{"title":"Factory Price 16ft Street Food Trailer For Sale - Honlu Food Trailer","description":"Looking for a 16ft street food trailer for sale? Get a similar or customized one at factory price from Honlu food trailer now! Get the Price!","robots":{"index":"index","follow":"follow","max-snippet":"max-snippet:-1","max-image-preview":"max-image-preview:large","max-video-preview":"max-video-preview:-1"},"canonical":"https:\/\/www.honlufoodtrailer.com\/fr\/product\/16ft-street-food-trailer-for-sale\/","og_locale":"fr_FR","og_type":"article","og_title":"Factory Price 16ft Street Food Trailer For Sale - Honlu Food Trailer","og_description":"Looking for a 16ft street food trailer for sale? Get a similar or customized one at factory price from Honlu food trailer now! Get the Price!","og_url":"https:\/\/www.honlufoodtrailer.com\/fr\/product\/16ft-street-food-trailer-for-sale\/","og_site_name":"Honlu food trailer","article_modified_time":"2025-02-14T08:08:22+00:00","og_image":[{"width":720,"height":540,"url":"https:\/\/www.honlufoodtrailer.com\/wp-content\/uploads\/2023\/12\/16ft-street-food-cart-for-sale.jpg","type":"image\/jpeg"}],"twitter_card":"summary_large_image","twitter_misc":{"Dur\u00e9e de lecture estim\u00e9e":"1 minute"},"schema":{"@context":"https:\/\/schema.org","@graph":[{"@type":"WebPage","@id":"https:\/\/www.honlufoodtrailer.com\/product\/16ft-street-food-trailer-for-sale\/","url":"https:\/\/www.honlufoodtrailer.com\/product\/16ft-street-food-trailer-for-sale\/","name":"Factory Price 16ft Street Food Trailer For Sale - Honlu Food Trailer","isPartOf":{"@id":"https:\/\/www.honlufoodtrailer.com\/#website"},"primaryImageOfPage":{"@id":"https:\/\/www.honlufoodtrailer.com\/product\/16ft-street-food-trailer-for-sale\/#primaryimage"},"image":{"@id":"https:\/\/www.honlufoodtrailer.com\/product\/16ft-street-food-trailer-for-sale\/#primaryimage"},"thumbnailUrl":"https:\/\/www.honlufoodtrailer.com\/wp-content\/uploads\/2023\/12\/16ft-street-food-cart-for-sale.jpg","datePublished":"2023-11-08T09:16:18+00:00","dateModified":"2025-02-14T08:08:22+00:00","description":"Looking for a 16ft street food trailer for sale? Get a similar or customized one at factory price from Honlu food trailer now! Get the Price!","breadcrumb":{"@id":"https:\/\/www.honlufoodtrailer.com\/product\/16ft-street-food-trailer-for-sale\/#breadcrumb"},"inLanguage":"fr-FR","potentialAction":[{"@type":"ReadAction","target":["https:\/\/www.honlufoodtrailer.com\/product\/16ft-street-food-trailer-for-sale\/"]}]},{"@type":"ImageObject","inLanguage":"fr-FR","@id":"https:\/\/www.honlufoodtrailer.com\/product\/16ft-street-food-trailer-for-sale\/#primaryimage","url":"https:\/\/www.honlufoodtrailer.com\/wp-content\/uploads\/2023\/12\/16ft-street-food-cart-for-sale.jpg","contentUrl":"https:\/\/www.honlufoodtrailer.com\/wp-content\/uploads\/2023\/12\/16ft-street-food-cart-for-sale.jpg","width":720,"height":540,"caption":"16ft street food cart for sale"},{"@type":"BreadcrumbList","@id":"https:\/\/www.honlufoodtrailer.com\/product\/16ft-street-food-trailer-for-sale\/#breadcrumb","itemListElement":[{"@type":"ListItem","position":1,"name":"Home","item":"https:\/\/www.honlufoodtrailer.com\/"},{"@type":"ListItem","position":2,"name":"\u4ea7\u54c1","item":"https:\/\/www.honlufoodtrailer.com\/shop\/"},{"@type":"ListItem","position":3,"name":"16ft Street Food Trailer For Sale"}]},{"@type":"WebSite","@id":"https:\/\/www.honlufoodtrailer.com\/#website","url":"https:\/\/www.honlufoodtrailer.com\/","name":"Remorque alimentaire Honlu","description":"","publisher":{"@id":"https:\/\/www.honlufoodtrailer.com\/#organization"},"potentialAction":[{"@type":"SearchAction","target":{"@type":"EntryPoint","urlTemplate":"https:\/\/www.honlufoodtrailer.com\/?s={search_term_string}"},"query-input":{"@type":"PropertyValueSpecification","valueRequired":true,"valueName":"search_term_string"}}],"inLanguage":"fr-FR"},{"@type":"Organization","@id":"https:\/\/www.honlufoodtrailer.com\/#organization","name":"Remorque alimentaire Honlu","url":"https:\/\/www.honlufoodtrailer.com\/","logo":{"@type":"ImageObject","inLanguage":"fr-FR","@id":"https:\/\/www.honlufoodtrailer.com\/#\/schema\/logo\/image\/","url":"https:\/\/www.honlufoodtrailer.com\/wp-content\/uploads\/2021\/12\/2.gif","contentUrl":"https:\/\/www.honlufoodtrailer.com\/wp-content\/uploads\/2021\/12\/2.gif","width":350,"height":100,"caption":"Honlu food trailer"},"image":{"@id":"https:\/\/www.honlufoodtrailer.com\/#\/schema\/logo\/image\/"}}]}},"_links":{"self":[{"href":"https:\/\/www.honlufoodtrailer.com\/fr\/wp-json\/wp\/v2\/product\/6417","targetHints":{"allow":["GET"]}}],"collection":[{"href":"https:\/\/www.honlufoodtrailer.com\/fr\/wp-json\/wp\/v2\/product"}],"about":[{"href":"https:\/\/www.honlufoodtrailer.com\/fr\/wp-json\/wp\/v2\/types\/product"}],"version-history":[{"count":0,"href":"https:\/\/www.honlufoodtrailer.com\/fr\/wp-json\/wp\/v2\/product\/6417\/revisions"}],"wp:featuredmedia":[{"embeddable":true,"href":"https:\/\/www.honlufoodtrailer.com\/fr\/wp-json\/wp\/v2\/media\/6420"}],"wp:attachment":[{"href":"https:\/\/www.honlufoodtrailer.com\/fr\/wp-json\/wp\/v2\/media?parent=6417"}],"wp:term":[{"taxonomy":"product_brand","embeddable":true,"href":"https:\/\/www.honlufoodtrailer.com\/fr\/wp-json\/wp\/v2\/product_brand?post=6417"},{"taxonomy":"product_cat","embeddable":true,"href":"https:\/\/www.honlufoodtrailer.com\/fr\/wp-json\/wp\/v2\/product_cat?post=6417"},{"taxonomy":"product_tag","embeddable":true,"href":"https:\/\/www.honlufoodtrailer.com\/fr\/wp-json\/wp\/v2\/product_tag?post=6417"}],"curies":[{"name":"wp","href":"https:\/\/api.w.org\/{rel}","templated":true}]}}