{"id":7495,"date":"2024-04-20T15:58:10","date_gmt":"2024-04-20T07:58:10","guid":{"rendered":"https:\/\/www.honlufoodtrailer.com\/?post_type=product&#038;p=7495"},"modified":"2025-02-14T15:08:48","modified_gmt":"2025-02-14T07:08:48","slug":"5-7m-brick-oven-pizza-trailer","status":"publish","type":"product","link":"https:\/\/www.honlufoodtrailer.com\/fr\/product\/5-7m-brick-oven-pizza-trailer\/","title":{"rendered":"Remorque \u00e0 pizzas au four \u00e0 briques de 5,7 m"},"content":{"rendered":"<p>Vous souhaitez lancer une activit\u00e9 de vente de pizzas ambulante ? D\u00e9couvrez cette remorque four \u00e0 pizza en briques de 5,7 m que nous avons fabriqu\u00e9e pour un client am\u00e9ricain. C&#039;est la solution id\u00e9ale pour ceux qui veulent proposer des pizzas chaudes en d\u00e9placement. Nous pouvons r\u00e9aliser une remorque similaire ou en cr\u00e9er une sur mesure. Contactez-nous et faites-nous part de vos besoins ! Voici d&#039;abord quelques photos de cette remorque four \u00e0 pizza.<\/p>\n<p><img fetchpriority=\"high\" decoding=\"async\" class=\"aligncenter size-full wp-image-7503\" src=\"https:\/\/www.honlufoodtrailer.com\/wp-content\/uploads\/2024\/04\/portable-brick-oven-pizza-trailer.jpg\" alt=\"remorque \u00e0 pizza portable avec four \u00e0 briques\" width=\"720\" height=\"540\" srcset=\"https:\/\/www.honlufoodtrailer.com\/wp-content\/uploads\/2024\/04\/portable-brick-oven-pizza-trailer.jpg 720w, https:\/\/www.honlufoodtrailer.com\/wp-content\/uploads\/2024\/04\/portable-brick-oven-pizza-trailer-480x360.jpg 480w, https:\/\/www.honlufoodtrailer.com\/wp-content\/uploads\/2024\/04\/portable-brick-oven-pizza-trailer-300x225.jpg 300w\" sizes=\"(max-width: 720px) 100vw, 720px\" \/> <img decoding=\"async\" class=\"aligncenter size-full wp-image-7504\" src=\"https:\/\/www.honlufoodtrailer.com\/wp-content\/uploads\/2024\/04\/portable-pizza-oven-trailer.jpg\" alt=\"remorque four \u00e0 pizza portable\" width=\"720\" height=\"540\" srcset=\"https:\/\/www.honlufoodtrailer.com\/wp-content\/uploads\/2024\/04\/portable-pizza-oven-trailer.jpg 720w, https:\/\/www.honlufoodtrailer.com\/wp-content\/uploads\/2024\/04\/portable-pizza-oven-trailer-480x360.jpg 480w, https:\/\/www.honlufoodtrailer.com\/wp-content\/uploads\/2024\/04\/portable-pizza-oven-trailer-300x225.jpg 300w\" sizes=\"(max-width: 720px) 100vw, 720px\" \/><\/p>\n<p>Ensuite, vous d\u00e9couvrirez l&#039;int\u00e9rieur de cette remorque \u00e0 pizzas.<\/p>\n<p><img decoding=\"async\" class=\"aligncenter size-full wp-image-7496\" src=\"https:\/\/www.honlufoodtrailer.com\/wp-content\/uploads\/2024\/04\/5.7m-brick-oven-pizza-trailer-inner-view.jpg\" alt=\"vue int\u00e9rieure d&#039;une remorque \u00e0 pizza avec four \u00e0 briques de 5,7 m\" width=\"720\" height=\"540\" srcset=\"https:\/\/www.honlufoodtrailer.com\/wp-content\/uploads\/2024\/04\/5.7m-brick-oven-pizza-trailer-inner-view.jpg 720w, https:\/\/www.honlufoodtrailer.com\/wp-content\/uploads\/2024\/04\/5.7m-brick-oven-pizza-trailer-inner-view-480x360.jpg 480w, https:\/\/www.honlufoodtrailer.com\/wp-content\/uploads\/2024\/04\/5.7m-brick-oven-pizza-trailer-inner-view-300x225.jpg 300w\" sizes=\"(max-width: 720px) 100vw, 720px\" \/><img loading=\"lazy\" decoding=\"async\" class=\"aligncenter size-full wp-image-7506\" src=\"https:\/\/www.honlufoodtrailer.com\/wp-content\/uploads\/2024\/04\/5.7m-brick-oven-pizza-trailer-details.jpg\" alt=\"D\u00e9tails de la remorque \u00e0 pizza avec four \u00e0 briques de 5,7 m\" width=\"800\" height=\"800\" srcset=\"https:\/\/www.honlufoodtrailer.com\/wp-content\/uploads\/2024\/04\/5.7m-brick-oven-pizza-trailer-details.jpg 800w, https:\/\/www.honlufoodtrailer.com\/wp-content\/uploads\/2024\/04\/5.7m-brick-oven-pizza-trailer-details-768x768.jpg 768w, https:\/\/www.honlufoodtrailer.com\/wp-content\/uploads\/2024\/04\/5.7m-brick-oven-pizza-trailer-details-360x360.jpg 360w, https:\/\/www.honlufoodtrailer.com\/wp-content\/uploads\/2024\/04\/5.7m-brick-oven-pizza-trailer-details-300x300.jpg 300w, https:\/\/www.honlufoodtrailer.com\/wp-content\/uploads\/2024\/04\/5.7m-brick-oven-pizza-trailer-details-720x720.jpg 720w, https:\/\/www.honlufoodtrailer.com\/wp-content\/uploads\/2024\/04\/5.7m-brick-oven-pizza-trailer-details-100x100.jpg 100w\" sizes=\"(max-width: 800px) 100vw, 800px\" \/><\/p>\n<p>Comme on peut le voir sur la photo ci-dessus, nous avons \u00e9quip\u00e9 cette remorque \u00e0 pizza d&#039;une table de travail, d&#039;un four \u00e0 pizza, d&#039;une cuisini\u00e8re \u00e0 gaz, d&#039;un bar \u00e0 salades, etc. Notre client utilisera cette remorque \u00e0 pizza pour vendre des pizzas et d&#039;autres plats de restauration rapide.<\/p>\n<h3>Plus de d\u00e9tails sur cette remorque \u00e0 pizza mobile avec four \u00e0 briques.<\/h3>\n<p><img loading=\"lazy\" decoding=\"async\" class=\"aligncenter size-full wp-image-7505\" src=\"https:\/\/www.honlufoodtrailer.com\/wp-content\/uploads\/2024\/04\/5.7m-portable-pizza-oven-trailer-details.jpg\" alt=\"D\u00e9tails de la remorque four \u00e0 pizza portable de 5,7 m\" width=\"800\" height=\"800\" srcset=\"https:\/\/www.honlufoodtrailer.com\/wp-content\/uploads\/2024\/04\/5.7m-portable-pizza-oven-trailer-details.jpg 800w, https:\/\/www.honlufoodtrailer.com\/wp-content\/uploads\/2024\/04\/5.7m-portable-pizza-oven-trailer-details-768x768.jpg 768w, https:\/\/www.honlufoodtrailer.com\/wp-content\/uploads\/2024\/04\/5.7m-portable-pizza-oven-trailer-details-360x360.jpg 360w, https:\/\/www.honlufoodtrailer.com\/wp-content\/uploads\/2024\/04\/5.7m-portable-pizza-oven-trailer-details-300x300.jpg 300w, https:\/\/www.honlufoodtrailer.com\/wp-content\/uploads\/2024\/04\/5.7m-portable-pizza-oven-trailer-details-720x720.jpg 720w, https:\/\/www.honlufoodtrailer.com\/wp-content\/uploads\/2024\/04\/5.7m-portable-pizza-oven-trailer-details-100x100.jpg 100w\" sizes=\"(max-width: 800px) 100vw, 800px\" \/><\/p>\n<p>La pizza est un plat populaire tr\u00e8s appr\u00e9ci\u00e9. Par cons\u00e9quent, une remorque four \u00e0 pizza mobile est une excellente option pour ceux qui souhaitent lancer une activit\u00e9 de restauration ambulante. Si notre remorque \u00e0 pizza vous int\u00e9resse, n&#039;h\u00e9sitez pas \u00e0 nous contacter. Notre remorque four \u00e0 pizza mobile en briques pr\u00e9sente de nombreux avantages et vous apportera de nombreux b\u00e9n\u00e9fices.<\/p>\n<h3>Avis clients sur cette remorque \u00e0 pizza mobile au four \u00e0 briques<\/h3>\n<p><img loading=\"lazy\" decoding=\"async\" class=\"aligncenter size-full wp-image-8880\" src=\"https:\/\/www.honlufoodtrailer.com\/wp-content\/uploads\/2024\/04\/customer-feedback.jpg\" alt=\"commentaires des clients\" width=\"800\" height=\"600\" srcset=\"https:\/\/www.honlufoodtrailer.com\/wp-content\/uploads\/2024\/04\/customer-feedback.jpg 800w, https:\/\/www.honlufoodtrailer.com\/wp-content\/uploads\/2024\/04\/customer-feedback-768x576.jpg 768w, https:\/\/www.honlufoodtrailer.com\/wp-content\/uploads\/2024\/04\/customer-feedback-480x360.jpg 480w, https:\/\/www.honlufoodtrailer.com\/wp-content\/uploads\/2024\/04\/customer-feedback-300x225.jpg 300w, https:\/\/www.honlufoodtrailer.com\/wp-content\/uploads\/2024\/04\/customer-feedback-720x540.jpg 720w\" sizes=\"(max-width: 800px) 100vw, 800px\" \/><\/p>\n<h3><b class=\"magic-22\"><span class=\"magic-11\">Caract\u00e9ristiques principales de notre remorque four \u00e0 pizza personnalis\u00e9e<\/span><\/b><\/h3>\n<div class=\"magic-2\">\n<div class=\"magic-3\">\n<div class=\"magic-4\">1. \u00c9conomique et \u00e9cologique, sans fum\u00e9e ni bruit, facile \u00e0 d\u00e9placer.<br \/>\n2. Son chargement et son transport sont pratiques et simples gr\u00e2ce \u00e0 sa conception unique et personnalis\u00e9e.<br \/>\n3. Le mat\u00e9riau principal est l&#039;acier inoxydable, et la plateforme (table) ne rouillera pas.<br \/>\n4. Il est r\u00e9sistant \u00e0 la chaleur, tr\u00e8s solide, offre une excellente tenue des couleurs, est ind\u00e9formable, imperm\u00e9able et a une longue dur\u00e9e de vie.<img loading=\"lazy\" decoding=\"async\" class=\"aligncenter size-full wp-image-7498\" src=\"https:\/\/www.honlufoodtrailer.com\/wp-content\/uploads\/2024\/04\/5.7m-brick-oven-pizza-trailer.jpg\" alt=\"Remorque \u00e0 pizza avec four \u00e0 briques de 5,7 m\" width=\"720\" height=\"540\" srcset=\"https:\/\/www.honlufoodtrailer.com\/wp-content\/uploads\/2024\/04\/5.7m-brick-oven-pizza-trailer.jpg 720w, https:\/\/www.honlufoodtrailer.com\/wp-content\/uploads\/2024\/04\/5.7m-brick-oven-pizza-trailer-480x360.jpg 480w, https:\/\/www.honlufoodtrailer.com\/wp-content\/uploads\/2024\/04\/5.7m-brick-oven-pizza-trailer-300x225.jpg 300w\" sizes=\"(max-width: 720px) 100vw, 720px\" \/><\/div>\n<\/div>\n<\/div>\n<h3><b class=\"magic-22\"><span class=\"magic-11\">Principal avantage :<\/span><\/b><\/h3>\n<p><span class=\"magic-12\">1. Faible co\u00fbt et respect de l'environnement ;<br \/>\n2. Facile \u00e0 d\u00e9placer dans n'importe quel endroit (votre activit\u00e9 n'est pas limit\u00e9e) ;<br \/>\n3. Forme unique (invisible pour attirer plus de clients) ;<br \/>\n4. Longue dur\u00e9e de vie (R\u00e9sistant \u00e0 la corrosion, r\u00e9sistant \u00e0 la chaleur, \u00e9tanche, ind\u00e9formable).<\/span><\/p>","protected":false},"excerpt":{"rendered":"<p>Voici l&#039;une de nos remorques \u00e0 pizza sur mesure de 5,7 m avec four \u00e0 briques. C&#039;est g\u00e9n\u00e9ralement un excellent choix pour lancer une activit\u00e9 de restauration ambulante. Nous pouvons fabriquer une remorque \u00e0 pizza similaire ou en cr\u00e9er une sur mesure. N&#039;h\u00e9sitez pas \u00e0 nous contacter et \u00e0 nous faire part de vos besoins.<\/p>","protected":false},"featured_media":7498,"template":"","meta":{"_themeisle_gutenberg_block_has_review":false},"product_brand":[],"product_cat":[26],"product_tag":[86,33,60,61,38,119],"class_list":{"0":"post-7495","1":"product","2":"type-product","3":"status-publish","4":"has-post-thumbnail","6":"product_cat-product","7":"product_tag-18-7ft-food-trailer","8":"product_tag-customized-trailer","9":"product_tag-fast-food-trailer","10":"product_tag-fast-food-trailer-for-sale","11":"product_tag-mobile-food-trailer","12":"product_tag-pizza-trailer","14":"first","15":"instock","16":"shipping-taxable","17":"product-type-simple"},"yoast_head":"<!-- This site is optimized with the Yoast SEO plugin v27.5 - https:\/\/yoast.com\/product\/yoast-seo-wordpress\/ -->\n<title>5.7m brick oven pizza trailer from China - Honlu Food Trailer<\/title>\n<meta name=\"description\" content=\"Looking for a brick oven pizza trailer? see this 5.7m pizza oven trailer here! Get a similar or customized one at a reasonable price now!\" \/>\n<meta name=\"robots\" content=\"index, follow, max-snippet:-1, max-image-preview:large, max-video-preview:-1\" \/>\n<link rel=\"canonical\" href=\"https:\/\/www.honlufoodtrailer.com\/fr\/product\/5-7m-brick-oven-pizza-trailer\/\" \/>\n<meta property=\"og:locale\" content=\"fr_FR\" \/>\n<meta property=\"og:type\" content=\"article\" \/>\n<meta property=\"og:title\" content=\"5.7m brick oven pizza trailer from China - Honlu Food Trailer\" \/>\n<meta property=\"og:description\" content=\"Looking for a brick oven pizza trailer? see this 5.7m pizza oven trailer here! Get a similar or customized one at a reasonable price now!\" \/>\n<meta property=\"og:url\" content=\"https:\/\/www.honlufoodtrailer.com\/fr\/product\/5-7m-brick-oven-pizza-trailer\/\" \/>\n<meta property=\"og:site_name\" content=\"Honlu food trailer\" \/>\n<meta property=\"article:modified_time\" content=\"2025-02-14T07:08:48+00:00\" \/>\n<meta property=\"og:image\" content=\"https:\/\/www.honlufoodtrailer.com\/wp-content\/uploads\/2024\/04\/5.7m-brick-oven-pizza-trailer.jpg\" \/>\n\t<meta property=\"og:image:width\" content=\"720\" \/>\n\t<meta property=\"og:image:height\" content=\"540\" \/>\n\t<meta property=\"og:image:type\" content=\"image\/jpeg\" \/>\n<meta name=\"twitter:card\" content=\"summary_large_image\" \/>\n<meta name=\"twitter:label1\" content=\"Dur\u00e9e de lecture estim\u00e9e\" \/>\n\t<meta name=\"twitter:data1\" content=\"1 minute\" \/>\n<script type=\"application\/ld+json\" class=\"yoast-schema-graph\">{\"@context\":\"https:\\\/\\\/schema.org\",\"@graph\":[{\"@type\":\"WebPage\",\"@id\":\"https:\\\/\\\/www.honlufoodtrailer.com\\\/product\\\/5-7m-brick-oven-pizza-trailer\\\/\",\"url\":\"https:\\\/\\\/www.honlufoodtrailer.com\\\/product\\\/5-7m-brick-oven-pizza-trailer\\\/\",\"name\":\"5.7m brick oven pizza trailer from China - Honlu Food Trailer\",\"isPartOf\":{\"@id\":\"https:\\\/\\\/www.honlufoodtrailer.com\\\/#website\"},\"primaryImageOfPage\":{\"@id\":\"https:\\\/\\\/www.honlufoodtrailer.com\\\/product\\\/5-7m-brick-oven-pizza-trailer\\\/#primaryimage\"},\"image\":{\"@id\":\"https:\\\/\\\/www.honlufoodtrailer.com\\\/product\\\/5-7m-brick-oven-pizza-trailer\\\/#primaryimage\"},\"thumbnailUrl\":\"https:\\\/\\\/www.honlufoodtrailer.com\\\/wp-content\\\/uploads\\\/2024\\\/04\\\/5.7m-brick-oven-pizza-trailer.jpg\",\"datePublished\":\"2024-04-20T07:58:10+00:00\",\"dateModified\":\"2025-02-14T07:08:48+00:00\",\"description\":\"Looking for a brick oven pizza trailer? see this 5.7m pizza oven trailer here! Get a similar or customized one at a reasonable price now!\",\"breadcrumb\":{\"@id\":\"https:\\\/\\\/www.honlufoodtrailer.com\\\/product\\\/5-7m-brick-oven-pizza-trailer\\\/#breadcrumb\"},\"inLanguage\":\"fr-FR\",\"potentialAction\":[{\"@type\":\"ReadAction\",\"target\":[\"https:\\\/\\\/www.honlufoodtrailer.com\\\/product\\\/5-7m-brick-oven-pizza-trailer\\\/\"]}]},{\"@type\":\"ImageObject\",\"inLanguage\":\"fr-FR\",\"@id\":\"https:\\\/\\\/www.honlufoodtrailer.com\\\/product\\\/5-7m-brick-oven-pizza-trailer\\\/#primaryimage\",\"url\":\"https:\\\/\\\/www.honlufoodtrailer.com\\\/wp-content\\\/uploads\\\/2024\\\/04\\\/5.7m-brick-oven-pizza-trailer.jpg\",\"contentUrl\":\"https:\\\/\\\/www.honlufoodtrailer.com\\\/wp-content\\\/uploads\\\/2024\\\/04\\\/5.7m-brick-oven-pizza-trailer.jpg\",\"width\":720,\"height\":540,\"caption\":\"5.7m brick oven pizza trailer\"},{\"@type\":\"BreadcrumbList\",\"@id\":\"https:\\\/\\\/www.honlufoodtrailer.com\\\/product\\\/5-7m-brick-oven-pizza-trailer\\\/#breadcrumb\",\"itemListElement\":[{\"@type\":\"ListItem\",\"position\":1,\"name\":\"Home\",\"item\":\"https:\\\/\\\/www.honlufoodtrailer.com\\\/\"},{\"@type\":\"ListItem\",\"position\":2,\"name\":\"\u4ea7\u54c1\",\"item\":\"https:\\\/\\\/www.honlufoodtrailer.com\\\/shop\\\/\"},{\"@type\":\"ListItem\",\"position\":3,\"name\":\"5.7m Brick Oven Pizza Trailer\"}]},{\"@type\":\"WebSite\",\"@id\":\"https:\\\/\\\/www.honlufoodtrailer.com\\\/#website\",\"url\":\"https:\\\/\\\/www.honlufoodtrailer.com\\\/\",\"name\":\"Honlu food trailer\",\"description\":\"\",\"publisher\":{\"@id\":\"https:\\\/\\\/www.honlufoodtrailer.com\\\/#organization\"},\"potentialAction\":[{\"@type\":\"SearchAction\",\"target\":{\"@type\":\"EntryPoint\",\"urlTemplate\":\"https:\\\/\\\/www.honlufoodtrailer.com\\\/?s={search_term_string}\"},\"query-input\":{\"@type\":\"PropertyValueSpecification\",\"valueRequired\":true,\"valueName\":\"search_term_string\"}}],\"inLanguage\":\"fr-FR\"},{\"@type\":\"Organization\",\"@id\":\"https:\\\/\\\/www.honlufoodtrailer.com\\\/#organization\",\"name\":\"Honlu food trailer\",\"url\":\"https:\\\/\\\/www.honlufoodtrailer.com\\\/\",\"logo\":{\"@type\":\"ImageObject\",\"inLanguage\":\"fr-FR\",\"@id\":\"https:\\\/\\\/www.honlufoodtrailer.com\\\/#\\\/schema\\\/logo\\\/image\\\/\",\"url\":\"https:\\\/\\\/www.honlufoodtrailer.com\\\/wp-content\\\/uploads\\\/2021\\\/12\\\/2.gif\",\"contentUrl\":\"https:\\\/\\\/www.honlufoodtrailer.com\\\/wp-content\\\/uploads\\\/2021\\\/12\\\/2.gif\",\"width\":350,\"height\":100,\"caption\":\"Honlu food trailer\"},\"image\":{\"@id\":\"https:\\\/\\\/www.honlufoodtrailer.com\\\/#\\\/schema\\\/logo\\\/image\\\/\"}}]}<\/script>\n<!-- \/ Yoast SEO plugin. -->","yoast_head_json":{"title":"Remorque \u00e0 pizza de 5,7 m avec four \u00e0 briques, en provenance de Chine - Honlu Food Trailer","description":"Vous cherchez une remorque \u00e0 pizza avec four \u00e0 briques\u00a0? D\u00e9couvrez ce mod\u00e8le de 5,7\u00a0m\u00a0! Commandez d\u00e8s maintenant un mod\u00e8le similaire ou personnalis\u00e9 \u00e0 un prix avantageux\u00a0!","robots":{"index":"index","follow":"follow","max-snippet":"max-snippet:-1","max-image-preview":"max-image-preview:large","max-video-preview":"max-video-preview:-1"},"canonical":"https:\/\/www.honlufoodtrailer.com\/fr\/product\/5-7m-brick-oven-pizza-trailer\/","og_locale":"fr_FR","og_type":"article","og_title":"5.7m brick oven pizza trailer from China - Honlu Food Trailer","og_description":"Looking for a brick oven pizza trailer? see this 5.7m pizza oven trailer here! Get a similar or customized one at a reasonable price now!","og_url":"https:\/\/www.honlufoodtrailer.com\/fr\/product\/5-7m-brick-oven-pizza-trailer\/","og_site_name":"Honlu food trailer","article_modified_time":"2025-02-14T07:08:48+00:00","og_image":[{"width":720,"height":540,"url":"https:\/\/www.honlufoodtrailer.com\/wp-content\/uploads\/2024\/04\/5.7m-brick-oven-pizza-trailer.jpg","type":"image\/jpeg"}],"twitter_card":"summary_large_image","twitter_misc":{"Dur\u00e9e de lecture estim\u00e9e":"1 minute"},"schema":{"@context":"https:\/\/schema.org","@graph":[{"@type":"WebPage","@id":"https:\/\/www.honlufoodtrailer.com\/product\/5-7m-brick-oven-pizza-trailer\/","url":"https:\/\/www.honlufoodtrailer.com\/product\/5-7m-brick-oven-pizza-trailer\/","name":"Remorque \u00e0 pizza de 5,7 m avec four \u00e0 briques, en provenance de Chine - Honlu Food Trailer","isPartOf":{"@id":"https:\/\/www.honlufoodtrailer.com\/#website"},"primaryImageOfPage":{"@id":"https:\/\/www.honlufoodtrailer.com\/product\/5-7m-brick-oven-pizza-trailer\/#primaryimage"},"image":{"@id":"https:\/\/www.honlufoodtrailer.com\/product\/5-7m-brick-oven-pizza-trailer\/#primaryimage"},"thumbnailUrl":"https:\/\/www.honlufoodtrailer.com\/wp-content\/uploads\/2024\/04\/5.7m-brick-oven-pizza-trailer.jpg","datePublished":"2024-04-20T07:58:10+00:00","dateModified":"2025-02-14T07:08:48+00:00","description":"Vous cherchez une remorque \u00e0 pizza avec four \u00e0 briques\u00a0? D\u00e9couvrez ce mod\u00e8le de 5,7\u00a0m\u00a0! Commandez d\u00e8s maintenant un mod\u00e8le similaire ou personnalis\u00e9 \u00e0 un prix avantageux\u00a0!","breadcrumb":{"@id":"https:\/\/www.honlufoodtrailer.com\/product\/5-7m-brick-oven-pizza-trailer\/#breadcrumb"},"inLanguage":"fr-FR","potentialAction":[{"@type":"ReadAction","target":["https:\/\/www.honlufoodtrailer.com\/product\/5-7m-brick-oven-pizza-trailer\/"]}]},{"@type":"ImageObject","inLanguage":"fr-FR","@id":"https:\/\/www.honlufoodtrailer.com\/product\/5-7m-brick-oven-pizza-trailer\/#primaryimage","url":"https:\/\/www.honlufoodtrailer.com\/wp-content\/uploads\/2024\/04\/5.7m-brick-oven-pizza-trailer.jpg","contentUrl":"https:\/\/www.honlufoodtrailer.com\/wp-content\/uploads\/2024\/04\/5.7m-brick-oven-pizza-trailer.jpg","width":720,"height":540,"caption":"5.7m brick oven pizza trailer"},{"@type":"BreadcrumbList","@id":"https:\/\/www.honlufoodtrailer.com\/product\/5-7m-brick-oven-pizza-trailer\/#breadcrumb","itemListElement":[{"@type":"ListItem","position":1,"name":"Home","item":"https:\/\/www.honlufoodtrailer.com\/"},{"@type":"ListItem","position":2,"name":"\u4ea7\u54c1","item":"https:\/\/www.honlufoodtrailer.com\/shop\/"},{"@type":"ListItem","position":3,"name":"5.7m Brick Oven Pizza Trailer"}]},{"@type":"WebSite","@id":"https:\/\/www.honlufoodtrailer.com\/#website","url":"https:\/\/www.honlufoodtrailer.com\/","name":"Remorque alimentaire Honlu","description":"","publisher":{"@id":"https:\/\/www.honlufoodtrailer.com\/#organization"},"potentialAction":[{"@type":"SearchAction","target":{"@type":"EntryPoint","urlTemplate":"https:\/\/www.honlufoodtrailer.com\/?s={search_term_string}"},"query-input":{"@type":"PropertyValueSpecification","valueRequired":true,"valueName":"search_term_string"}}],"inLanguage":"fr-FR"},{"@type":"Organization","@id":"https:\/\/www.honlufoodtrailer.com\/#organization","name":"Remorque alimentaire Honlu","url":"https:\/\/www.honlufoodtrailer.com\/","logo":{"@type":"ImageObject","inLanguage":"fr-FR","@id":"https:\/\/www.honlufoodtrailer.com\/#\/schema\/logo\/image\/","url":"https:\/\/www.honlufoodtrailer.com\/wp-content\/uploads\/2021\/12\/2.gif","contentUrl":"https:\/\/www.honlufoodtrailer.com\/wp-content\/uploads\/2021\/12\/2.gif","width":350,"height":100,"caption":"Honlu food trailer"},"image":{"@id":"https:\/\/www.honlufoodtrailer.com\/#\/schema\/logo\/image\/"}}]}},"_links":{"self":[{"href":"https:\/\/www.honlufoodtrailer.com\/fr\/wp-json\/wp\/v2\/product\/7495","targetHints":{"allow":["GET"]}}],"collection":[{"href":"https:\/\/www.honlufoodtrailer.com\/fr\/wp-json\/wp\/v2\/product"}],"about":[{"href":"https:\/\/www.honlufoodtrailer.com\/fr\/wp-json\/wp\/v2\/types\/product"}],"version-history":[{"count":0,"href":"https:\/\/www.honlufoodtrailer.com\/fr\/wp-json\/wp\/v2\/product\/7495\/revisions"}],"wp:featuredmedia":[{"embeddable":true,"href":"https:\/\/www.honlufoodtrailer.com\/fr\/wp-json\/wp\/v2\/media\/7498"}],"wp:attachment":[{"href":"https:\/\/www.honlufoodtrailer.com\/fr\/wp-json\/wp\/v2\/media?parent=7495"}],"wp:term":[{"taxonomy":"product_brand","embeddable":true,"href":"https:\/\/www.honlufoodtrailer.com\/fr\/wp-json\/wp\/v2\/product_brand?post=7495"},{"taxonomy":"product_cat","embeddable":true,"href":"https:\/\/www.honlufoodtrailer.com\/fr\/wp-json\/wp\/v2\/product_cat?post=7495"},{"taxonomy":"product_tag","embeddable":true,"href":"https:\/\/www.honlufoodtrailer.com\/fr\/wp-json\/wp\/v2\/product_tag?post=7495"}],"curies":[{"name":"wp","href":"https:\/\/api.w.org\/{rel}","templated":true}]}}