{"id":7900,"date":"2024-06-20T16:25:42","date_gmt":"2024-06-20T08:25:42","guid":{"rendered":"https:\/\/www.honlufoodtrailer.com\/?post_type=product&#038;p=7900"},"modified":"2025-02-18T11:26:20","modified_gmt":"2025-02-18T03:26:20","slug":"18-7ft-cargo-trailer","status":"publish","type":"product","link":"https:\/\/www.honlufoodtrailer.com\/fr\/product\/18-7ft-cargo-trailer\/","title":{"rendered":"Remorque cargo de 5,7 m Canada"},"content":{"rendered":"<p>Vous cherchez une remorque cargo pour votre entreprise\u00a0? D\u00e9couvrez cette remorque de 5,7\u00a0m que nous avons personnalis\u00e9e pour un client canadien. Nous avons adapt\u00e9 la couleur, l\u2019ext\u00e9rieur et l\u2019int\u00e9rieur selon ses besoins. Voici quelques photos de cette remorque\u00a0!<\/p>\n<p><img fetchpriority=\"high\" decoding=\"async\" class=\"aligncenter size-full wp-image-7907\" src=\"https:\/\/www.honlufoodtrailer.com\/wp-content\/uploads\/2024\/06\/cargo-trailer.jpg\" alt=\"remorque cargo\" width=\"720\" height=\"540\" srcset=\"https:\/\/www.honlufoodtrailer.com\/wp-content\/uploads\/2024\/06\/cargo-trailer.jpg 720w, https:\/\/www.honlufoodtrailer.com\/wp-content\/uploads\/2024\/06\/cargo-trailer-480x360.jpg 480w, https:\/\/www.honlufoodtrailer.com\/wp-content\/uploads\/2024\/06\/cargo-trailer-300x225.jpg 300w\" sizes=\"(max-width: 720px) 100vw, 720px\" \/><img decoding=\"async\" class=\"aligncenter size-full wp-image-7902\" src=\"https:\/\/www.honlufoodtrailer.com\/wp-content\/uploads\/2024\/06\/5.7m-cargo-trailer-for-sale.jpg\" alt=\"Remorque cargo de 5,7 m \u00e0 vendre\" width=\"720\" height=\"540\" srcset=\"https:\/\/www.honlufoodtrailer.com\/wp-content\/uploads\/2024\/06\/5.7m-cargo-trailer-for-sale.jpg 720w, https:\/\/www.honlufoodtrailer.com\/wp-content\/uploads\/2024\/06\/5.7m-cargo-trailer-for-sale-480x360.jpg 480w, https:\/\/www.honlufoodtrailer.com\/wp-content\/uploads\/2024\/06\/5.7m-cargo-trailer-for-sale-300x225.jpg 300w\" sizes=\"(max-width: 720px) 100vw, 720px\" \/><\/p>\n<p>Comme on peut le constater sur les photos ci-dessus, cette remorque cargo de 5,7 m est de couleur grise, ce qui lui conf\u00e8re un aspect tr\u00e8s attrayant. Elle est \u00e9quip\u00e9e de 3 essieux, ce qui la rend plus fiable. De plus, nous avons ajout\u00e9 une porte lat\u00e9rale \u00e0 cette remorque cargo, conform\u00e9ment \u00e0 la demande du client.<\/p>\n<p>En tant que fabricant et exportateur de remorques alimentaires avec plus de 10 ans d&#039;exp\u00e9rience, nous personnalisons nos remorques pour r\u00e9pondre aux besoins sp\u00e9cifiques de chaque client. Par exemple, outre la vente de produits alimentaires et de boissons, nous avons \u00e9galement fabriqu\u00e9 des remorques pour la vente de fleurs, de v\u00eatements, de services de coiffure, de services pour animaux de compagnie, etc. N&#039;h\u00e9sitez pas \u00e0 nous faire part de vos demandes de personnalisation\u00a0! D\u00e9couvrons maintenant les d\u00e9tails int\u00e9rieurs de cette remorque cargo de 5,7\u00a0m.<\/p>\n<h3>D\u00e9tails int\u00e9rieurs<\/h3>\n<p><img decoding=\"async\" class=\"aligncenter size-full wp-image-7906\" src=\"https:\/\/www.honlufoodtrailer.com\/wp-content\/uploads\/2024\/06\/Cargo-Box.jpg\" alt=\"Bo\u00eete de chargement\" width=\"720\" height=\"540\" srcset=\"https:\/\/www.honlufoodtrailer.com\/wp-content\/uploads\/2024\/06\/Cargo-Box.jpg 720w, https:\/\/www.honlufoodtrailer.com\/wp-content\/uploads\/2024\/06\/Cargo-Box-480x360.jpg 480w, https:\/\/www.honlufoodtrailer.com\/wp-content\/uploads\/2024\/06\/Cargo-Box-300x225.jpg 300w\" sizes=\"(max-width: 720px) 100vw, 720px\" \/><\/p>\n<h3>Plus de d\u00e9tails sur cette remorque cargo de 5,7 m<\/h3>\n<p>D\u00e9couvrez plus de d\u00e9tails sur cette petite remorque cargo de 5,7 m. Nous pouvons personnaliser une remorque mobile selon les exigences de votre pays.<\/p>\n<p><img loading=\"lazy\" decoding=\"async\" class=\"aligncenter size-full wp-image-7909\" src=\"https:\/\/www.honlufoodtrailer.com\/wp-content\/uploads\/2024\/06\/5.7m-cargo-trailer-details.jpg\" alt=\"D\u00e9tails de la remorque cargo de 5,7 m\" width=\"800\" height=\"800\" srcset=\"https:\/\/www.honlufoodtrailer.com\/wp-content\/uploads\/2024\/06\/5.7m-cargo-trailer-details.jpg 800w, https:\/\/www.honlufoodtrailer.com\/wp-content\/uploads\/2024\/06\/5.7m-cargo-trailer-details-768x768.jpg 768w, https:\/\/www.honlufoodtrailer.com\/wp-content\/uploads\/2024\/06\/5.7m-cargo-trailer-details-360x360.jpg 360w, https:\/\/www.honlufoodtrailer.com\/wp-content\/uploads\/2024\/06\/5.7m-cargo-trailer-details-300x300.jpg 300w, https:\/\/www.honlufoodtrailer.com\/wp-content\/uploads\/2024\/06\/5.7m-cargo-trailer-details-720x720.jpg 720w, https:\/\/www.honlufoodtrailer.com\/wp-content\/uploads\/2024\/06\/5.7m-cargo-trailer-details-100x100.jpg 100w\" sizes=\"(max-width: 800px) 100vw, 800px\" \/><\/p>\n<h3>Ce que vous pouvez obtenir de nous<\/h3>\n<p><strong>Nous pouvons fabriquer une remorque cargo carr\u00e9e similaire \u00e0 celle-ci, ou en concevoir une sur mesure pour vous.<\/strong>. La couleur de la carrosserie, les autocollants, la signal\u00e9tique et l&#039;\u00e9quipement de cuisine de la remorque sont personnalisables. Forts de plus de 10 ans d&#039;exp\u00e9rience dans la fabrication et l&#039;exportation de remorques alimentaires, nous vous accompagnons dans la conception de la remorque de vos r\u00eaves. Contactez-nous et faites-nous part de vos besoins.<\/p>\n<h3><b class=\"magic-22\"><span class=\"magic-11\">Principales caract\u00e9ristiques de notre cargaison personnalis\u00e9e<\/span><\/b>\u00a0Bande-annonce<\/h3>\n<div class=\"magic-2\">\n<div class=\"magic-3\">\n<div class=\"magic-4\">1. Il est fabriqu\u00e9 en acier inoxydable de haute qualit\u00e9, r\u00e9sistant \u00e0 la corrosion et durable.<br \/>\n2. Il pr\u00e9sente les caract\u00e9ristiques suivantes : r\u00e9sistance \u00e0 la chaleur, haute tenue des couleurs, imperm\u00e9abilit\u00e9 et longue dur\u00e9e de vie.<br \/>\n3. L&#039;ext\u00e9rieur et l&#039;int\u00e9rieur de la remorque peuvent \u00eatre personnalis\u00e9s.<\/div>\n<\/div>\n<\/div>","protected":false},"excerpt":{"rendered":"<p>Il s&#039;agit d&#039;une remorque cargo de 5,7 m fabriqu\u00e9e sur mesure pour un client canadien. <strong>Veuillez cliquer sur les onglets suivants pour voir plus de d\u00e9tails sur cette remorque alimentaire.<\/strong>. Nous pouvons en fabriquer un similaire ou en cr\u00e9er un sur mesure. N&#039;h\u00e9sitez pas \u00e0 nous contacter et \u00e0 nous faire part de vos besoins pr\u00e9cis\u00a0!<\/p>","protected":false},"featured_media":7905,"template":"","meta":{"_themeisle_gutenberg_block_has_review":false},"product_brand":[],"product_cat":[26],"product_tag":[66],"class_list":{"0":"post-7900","1":"product","2":"type-product","3":"status-publish","4":"has-post-thumbnail","6":"product_cat-product","7":"product_tag-cargo-trailer","9":"first","10":"instock","11":"shipping-taxable","12":"product-type-simple"},"yoast_head":"<!-- This site is optimized with the Yoast SEO plugin v27.5 - https:\/\/yoast.com\/product\/yoast-seo-wordpress\/ -->\n<title>5.7m Cargo Trailer Factory Direct Sale - Honlu Food Trailer<\/title>\n<meta name=\"description\" content=\"Looking for a customized cargo trailer? see this 5.7m cargo trailer here! The exterior and interior of the cargo trailer can be customized.\" \/>\n<meta name=\"robots\" content=\"index, follow, max-snippet:-1, max-image-preview:large, max-video-preview:-1\" \/>\n<link rel=\"canonical\" href=\"https:\/\/www.honlufoodtrailer.com\/fr\/product\/18-7ft-cargo-trailer\/\" \/>\n<meta property=\"og:locale\" content=\"fr_FR\" \/>\n<meta property=\"og:type\" content=\"article\" \/>\n<meta property=\"og:title\" content=\"5.7m Cargo Trailer Factory Direct Sale - Honlu Food Trailer\" \/>\n<meta property=\"og:description\" content=\"Looking for a customized cargo trailer? see this 5.7m cargo trailer here! The exterior and interior of the cargo trailer can be customized.\" \/>\n<meta property=\"og:url\" content=\"https:\/\/www.honlufoodtrailer.com\/fr\/product\/18-7ft-cargo-trailer\/\" \/>\n<meta property=\"og:site_name\" content=\"Honlu food trailer\" \/>\n<meta property=\"article:modified_time\" content=\"2025-02-18T03:26:20+00:00\" \/>\n<meta property=\"og:image\" content=\"https:\/\/www.honlufoodtrailer.com\/wp-content\/uploads\/2024\/06\/18.7ft-cargo-trailer.jpg\" \/>\n\t<meta property=\"og:image:width\" content=\"720\" \/>\n\t<meta property=\"og:image:height\" content=\"540\" \/>\n\t<meta property=\"og:image:type\" content=\"image\/jpeg\" \/>\n<meta name=\"twitter:card\" content=\"summary_large_image\" \/>\n<meta name=\"twitter:label1\" content=\"Dur\u00e9e de lecture estim\u00e9e\" \/>\n\t<meta name=\"twitter:data1\" content=\"1 minute\" \/>\n<script type=\"application\/ld+json\" class=\"yoast-schema-graph\">{\"@context\":\"https:\\\/\\\/schema.org\",\"@graph\":[{\"@type\":\"WebPage\",\"@id\":\"https:\\\/\\\/www.honlufoodtrailer.com\\\/product\\\/18-7ft-cargo-trailer\\\/\",\"url\":\"https:\\\/\\\/www.honlufoodtrailer.com\\\/product\\\/18-7ft-cargo-trailer\\\/\",\"name\":\"5.7m Cargo Trailer Factory Direct Sale - Honlu Food Trailer\",\"isPartOf\":{\"@id\":\"https:\\\/\\\/www.honlufoodtrailer.com\\\/#website\"},\"primaryImageOfPage\":{\"@id\":\"https:\\\/\\\/www.honlufoodtrailer.com\\\/product\\\/18-7ft-cargo-trailer\\\/#primaryimage\"},\"image\":{\"@id\":\"https:\\\/\\\/www.honlufoodtrailer.com\\\/product\\\/18-7ft-cargo-trailer\\\/#primaryimage\"},\"thumbnailUrl\":\"https:\\\/\\\/www.honlufoodtrailer.com\\\/wp-content\\\/uploads\\\/2024\\\/06\\\/18.7ft-cargo-trailer.jpg\",\"datePublished\":\"2024-06-20T08:25:42+00:00\",\"dateModified\":\"2025-02-18T03:26:20+00:00\",\"description\":\"Looking for a customized cargo trailer? see this 5.7m cargo trailer here! The exterior and interior of the cargo trailer can be customized.\",\"breadcrumb\":{\"@id\":\"https:\\\/\\\/www.honlufoodtrailer.com\\\/product\\\/18-7ft-cargo-trailer\\\/#breadcrumb\"},\"inLanguage\":\"fr-FR\",\"potentialAction\":[{\"@type\":\"ReadAction\",\"target\":[\"https:\\\/\\\/www.honlufoodtrailer.com\\\/product\\\/18-7ft-cargo-trailer\\\/\"]}]},{\"@type\":\"ImageObject\",\"inLanguage\":\"fr-FR\",\"@id\":\"https:\\\/\\\/www.honlufoodtrailer.com\\\/product\\\/18-7ft-cargo-trailer\\\/#primaryimage\",\"url\":\"https:\\\/\\\/www.honlufoodtrailer.com\\\/wp-content\\\/uploads\\\/2024\\\/06\\\/18.7ft-cargo-trailer.jpg\",\"contentUrl\":\"https:\\\/\\\/www.honlufoodtrailer.com\\\/wp-content\\\/uploads\\\/2024\\\/06\\\/18.7ft-cargo-trailer.jpg\",\"width\":720,\"height\":540,\"caption\":\"18.7ft cargo trailer\"},{\"@type\":\"BreadcrumbList\",\"@id\":\"https:\\\/\\\/www.honlufoodtrailer.com\\\/product\\\/18-7ft-cargo-trailer\\\/#breadcrumb\",\"itemListElement\":[{\"@type\":\"ListItem\",\"position\":1,\"name\":\"Home\",\"item\":\"https:\\\/\\\/www.honlufoodtrailer.com\\\/\"},{\"@type\":\"ListItem\",\"position\":2,\"name\":\"\u4ea7\u54c1\",\"item\":\"https:\\\/\\\/www.honlufoodtrailer.com\\\/shop\\\/\"},{\"@type\":\"ListItem\",\"position\":3,\"name\":\"5.7m Cargo Trailer Canada\"}]},{\"@type\":\"WebSite\",\"@id\":\"https:\\\/\\\/www.honlufoodtrailer.com\\\/#website\",\"url\":\"https:\\\/\\\/www.honlufoodtrailer.com\\\/\",\"name\":\"Honlu food trailer\",\"description\":\"\",\"publisher\":{\"@id\":\"https:\\\/\\\/www.honlufoodtrailer.com\\\/#organization\"},\"potentialAction\":[{\"@type\":\"SearchAction\",\"target\":{\"@type\":\"EntryPoint\",\"urlTemplate\":\"https:\\\/\\\/www.honlufoodtrailer.com\\\/?s={search_term_string}\"},\"query-input\":{\"@type\":\"PropertyValueSpecification\",\"valueRequired\":true,\"valueName\":\"search_term_string\"}}],\"inLanguage\":\"fr-FR\"},{\"@type\":\"Organization\",\"@id\":\"https:\\\/\\\/www.honlufoodtrailer.com\\\/#organization\",\"name\":\"Honlu food trailer\",\"url\":\"https:\\\/\\\/www.honlufoodtrailer.com\\\/\",\"logo\":{\"@type\":\"ImageObject\",\"inLanguage\":\"fr-FR\",\"@id\":\"https:\\\/\\\/www.honlufoodtrailer.com\\\/#\\\/schema\\\/logo\\\/image\\\/\",\"url\":\"https:\\\/\\\/www.honlufoodtrailer.com\\\/wp-content\\\/uploads\\\/2021\\\/12\\\/2.gif\",\"contentUrl\":\"https:\\\/\\\/www.honlufoodtrailer.com\\\/wp-content\\\/uploads\\\/2021\\\/12\\\/2.gif\",\"width\":350,\"height\":100,\"caption\":\"Honlu food trailer\"},\"image\":{\"@id\":\"https:\\\/\\\/www.honlufoodtrailer.com\\\/#\\\/schema\\\/logo\\\/image\\\/\"}}]}<\/script>\n<!-- \/ Yoast SEO plugin. -->","yoast_head_json":{"title":"Remorque cargo 5,7 m, vente directe d&#039;usine - Honlu Food Trailer","description":"Vous cherchez une remorque cargo personnalis\u00e9e\u00a0? D\u00e9couvrez cette remorque cargo de 5,7\u00a0m\u00a0! L\u2019ext\u00e9rieur et l\u2019int\u00e9rieur sont personnalisables.","robots":{"index":"index","follow":"follow","max-snippet":"max-snippet:-1","max-image-preview":"max-image-preview:large","max-video-preview":"max-video-preview:-1"},"canonical":"https:\/\/www.honlufoodtrailer.com\/fr\/product\/18-7ft-cargo-trailer\/","og_locale":"fr_FR","og_type":"article","og_title":"5.7m Cargo Trailer Factory Direct Sale - Honlu Food Trailer","og_description":"Looking for a customized cargo trailer? see this 5.7m cargo trailer here! The exterior and interior of the cargo trailer can be customized.","og_url":"https:\/\/www.honlufoodtrailer.com\/fr\/product\/18-7ft-cargo-trailer\/","og_site_name":"Honlu food trailer","article_modified_time":"2025-02-18T03:26:20+00:00","og_image":[{"width":720,"height":540,"url":"https:\/\/www.honlufoodtrailer.com\/wp-content\/uploads\/2024\/06\/18.7ft-cargo-trailer.jpg","type":"image\/jpeg"}],"twitter_card":"summary_large_image","twitter_misc":{"Dur\u00e9e de lecture estim\u00e9e":"1 minute"},"schema":{"@context":"https:\/\/schema.org","@graph":[{"@type":"WebPage","@id":"https:\/\/www.honlufoodtrailer.com\/product\/18-7ft-cargo-trailer\/","url":"https:\/\/www.honlufoodtrailer.com\/product\/18-7ft-cargo-trailer\/","name":"Remorque cargo 5,7 m, vente directe d&#039;usine - Honlu Food Trailer","isPartOf":{"@id":"https:\/\/www.honlufoodtrailer.com\/#website"},"primaryImageOfPage":{"@id":"https:\/\/www.honlufoodtrailer.com\/product\/18-7ft-cargo-trailer\/#primaryimage"},"image":{"@id":"https:\/\/www.honlufoodtrailer.com\/product\/18-7ft-cargo-trailer\/#primaryimage"},"thumbnailUrl":"https:\/\/www.honlufoodtrailer.com\/wp-content\/uploads\/2024\/06\/18.7ft-cargo-trailer.jpg","datePublished":"2024-06-20T08:25:42+00:00","dateModified":"2025-02-18T03:26:20+00:00","description":"Vous cherchez une remorque cargo personnalis\u00e9e\u00a0? D\u00e9couvrez cette remorque cargo de 5,7\u00a0m\u00a0! L\u2019ext\u00e9rieur et l\u2019int\u00e9rieur sont personnalisables.","breadcrumb":{"@id":"https:\/\/www.honlufoodtrailer.com\/product\/18-7ft-cargo-trailer\/#breadcrumb"},"inLanguage":"fr-FR","potentialAction":[{"@type":"ReadAction","target":["https:\/\/www.honlufoodtrailer.com\/product\/18-7ft-cargo-trailer\/"]}]},{"@type":"ImageObject","inLanguage":"fr-FR","@id":"https:\/\/www.honlufoodtrailer.com\/product\/18-7ft-cargo-trailer\/#primaryimage","url":"https:\/\/www.honlufoodtrailer.com\/wp-content\/uploads\/2024\/06\/18.7ft-cargo-trailer.jpg","contentUrl":"https:\/\/www.honlufoodtrailer.com\/wp-content\/uploads\/2024\/06\/18.7ft-cargo-trailer.jpg","width":720,"height":540,"caption":"18.7ft cargo trailer"},{"@type":"BreadcrumbList","@id":"https:\/\/www.honlufoodtrailer.com\/product\/18-7ft-cargo-trailer\/#breadcrumb","itemListElement":[{"@type":"ListItem","position":1,"name":"Home","item":"https:\/\/www.honlufoodtrailer.com\/"},{"@type":"ListItem","position":2,"name":"\u4ea7\u54c1","item":"https:\/\/www.honlufoodtrailer.com\/shop\/"},{"@type":"ListItem","position":3,"name":"5.7m Cargo Trailer Canada"}]},{"@type":"WebSite","@id":"https:\/\/www.honlufoodtrailer.com\/#website","url":"https:\/\/www.honlufoodtrailer.com\/","name":"Remorque alimentaire Honlu","description":"","publisher":{"@id":"https:\/\/www.honlufoodtrailer.com\/#organization"},"potentialAction":[{"@type":"SearchAction","target":{"@type":"EntryPoint","urlTemplate":"https:\/\/www.honlufoodtrailer.com\/?s={search_term_string}"},"query-input":{"@type":"PropertyValueSpecification","valueRequired":true,"valueName":"search_term_string"}}],"inLanguage":"fr-FR"},{"@type":"Organization","@id":"https:\/\/www.honlufoodtrailer.com\/#organization","name":"Remorque alimentaire Honlu","url":"https:\/\/www.honlufoodtrailer.com\/","logo":{"@type":"ImageObject","inLanguage":"fr-FR","@id":"https:\/\/www.honlufoodtrailer.com\/#\/schema\/logo\/image\/","url":"https:\/\/www.honlufoodtrailer.com\/wp-content\/uploads\/2021\/12\/2.gif","contentUrl":"https:\/\/www.honlufoodtrailer.com\/wp-content\/uploads\/2021\/12\/2.gif","width":350,"height":100,"caption":"Honlu food trailer"},"image":{"@id":"https:\/\/www.honlufoodtrailer.com\/#\/schema\/logo\/image\/"}}]}},"_links":{"self":[{"href":"https:\/\/www.honlufoodtrailer.com\/fr\/wp-json\/wp\/v2\/product\/7900","targetHints":{"allow":["GET"]}}],"collection":[{"href":"https:\/\/www.honlufoodtrailer.com\/fr\/wp-json\/wp\/v2\/product"}],"about":[{"href":"https:\/\/www.honlufoodtrailer.com\/fr\/wp-json\/wp\/v2\/types\/product"}],"version-history":[{"count":0,"href":"https:\/\/www.honlufoodtrailer.com\/fr\/wp-json\/wp\/v2\/product\/7900\/revisions"}],"wp:featuredmedia":[{"embeddable":true,"href":"https:\/\/www.honlufoodtrailer.com\/fr\/wp-json\/wp\/v2\/media\/7905"}],"wp:attachment":[{"href":"https:\/\/www.honlufoodtrailer.com\/fr\/wp-json\/wp\/v2\/media?parent=7900"}],"wp:term":[{"taxonomy":"product_brand","embeddable":true,"href":"https:\/\/www.honlufoodtrailer.com\/fr\/wp-json\/wp\/v2\/product_brand?post=7900"},{"taxonomy":"product_cat","embeddable":true,"href":"https:\/\/www.honlufoodtrailer.com\/fr\/wp-json\/wp\/v2\/product_cat?post=7900"},{"taxonomy":"product_tag","embeddable":true,"href":"https:\/\/www.honlufoodtrailer.com\/fr\/wp-json\/wp\/v2\/product_tag?post=7900"}],"curies":[{"name":"wp","href":"https:\/\/api.w.org\/{rel}","templated":true}]}}