{"id":8063,"date":"2024-07-16T17:34:09","date_gmt":"2024-07-16T09:34:09","guid":{"rendered":"https:\/\/www.honlufoodtrailer.com\/?post_type=product&#038;p=8063"},"modified":"2025-02-14T14:40:35","modified_gmt":"2025-02-14T06:40:35","slug":"5-7m-mobile-catering-trailer-for-events","status":"publish","type":"product","link":"https:\/\/www.honlufoodtrailer.com\/fr\/product\/5-7m-mobile-catering-trailer-for-events\/","title":{"rendered":"Remorque de restauration mobile de 5,7 m pour \u00e9v\u00e9nements"},"content":{"rendered":"<p>Avez-vous d\u00e9j\u00e0 pens\u00e9 \u00e0 gagner de l&#039;argent avec une remorque-restaurant\u00a0? C&#039;est une excellente id\u00e9e\u00a0! D\u00e9couvrez ici cette remorque-restaurant que nous avons personnalis\u00e9e pour un client am\u00e9ricain\u00a0! Nous pouvons fabriquer une remorque similaire ou en cr\u00e9er une sur mesure. Couleur de la carrosserie, autocollants, signal\u00e9tique et \u00e9quipements de cuisine sont personnalisables. Contactez-nous et faites-nous part de vos besoins. Voici quelques photos de cette remorque-restaurant\u00a0!<\/p>\n<p><img fetchpriority=\"high\" decoding=\"async\" class=\"aligncenter size-full wp-image-8071\" src=\"https:\/\/www.honlufoodtrailer.com\/wp-content\/uploads\/2024\/07\/5.7m-food-catering-trailer.jpg\" alt=\"Remorque de restauration de 5,7 m\" width=\"720\" height=\"540\" srcset=\"https:\/\/www.honlufoodtrailer.com\/wp-content\/uploads\/2024\/07\/5.7m-food-catering-trailer.jpg 720w, https:\/\/www.honlufoodtrailer.com\/wp-content\/uploads\/2024\/07\/5.7m-food-catering-trailer-480x360.jpg 480w, https:\/\/www.honlufoodtrailer.com\/wp-content\/uploads\/2024\/07\/5.7m-food-catering-trailer-300x225.jpg 300w\" sizes=\"(max-width: 720px) 100vw, 720px\" \/> <img decoding=\"async\" class=\"aligncenter size-full wp-image-8068\" src=\"https:\/\/www.honlufoodtrailer.com\/wp-content\/uploads\/2024\/07\/5.7m-catering-trailer-for-party.jpg\" alt=\"Remorque traiteur de 5,7 m pour f\u00eate\" width=\"720\" height=\"540\" srcset=\"https:\/\/www.honlufoodtrailer.com\/wp-content\/uploads\/2024\/07\/5.7m-catering-trailer-for-party.jpg 720w, https:\/\/www.honlufoodtrailer.com\/wp-content\/uploads\/2024\/07\/5.7m-catering-trailer-for-party-480x360.jpg 480w, https:\/\/www.honlufoodtrailer.com\/wp-content\/uploads\/2024\/07\/5.7m-catering-trailer-for-party-300x225.jpg 300w\" sizes=\"(max-width: 720px) 100vw, 720px\" \/><\/p>\n<p>Vous souhaitez lancer votre propre food truck ? Vous r\u00eavez de cr\u00e9er votre propre petite entreprise ? Alors, pensez \u00e0 investir dans ce food truck de 5,5 m\u00e8tres. Aujourd&#039;hui, les restaurateurs prosp\u00e8res d\u00e9veloppent leur activit\u00e9 en proposant des food trucks pour de nombreuses raisons : co\u00fbts de d\u00e9marrage et de gestion r\u00e9duits, et une meilleure visibilit\u00e9. Ce type de food truck peut contribuer au succ\u00e8s de votre entreprise. Je vais maintenant vous pr\u00e9senter plus en d\u00e9tail ce food truck.<\/p>\n<h3>Plus de d\u00e9tails sur cette remorque de restauration mobile<\/h3>\n<p><img decoding=\"async\" class=\"aligncenter size-full wp-image-8075\" src=\"https:\/\/www.honlufoodtrailer.com\/wp-content\/uploads\/2024\/07\/5.7m-Mobile-Catering-Trailer-Details.jpg\" alt=\"D\u00e9tails de la remorque de restauration mobile de 5,7 m\" width=\"800\" height=\"800\" srcset=\"https:\/\/www.honlufoodtrailer.com\/wp-content\/uploads\/2024\/07\/5.7m-Mobile-Catering-Trailer-Details.jpg 800w, https:\/\/www.honlufoodtrailer.com\/wp-content\/uploads\/2024\/07\/5.7m-Mobile-Catering-Trailer-Details-768x768.jpg 768w, https:\/\/www.honlufoodtrailer.com\/wp-content\/uploads\/2024\/07\/5.7m-Mobile-Catering-Trailer-Details-360x360.jpg 360w, https:\/\/www.honlufoodtrailer.com\/wp-content\/uploads\/2024\/07\/5.7m-Mobile-Catering-Trailer-Details-300x300.jpg 300w, https:\/\/www.honlufoodtrailer.com\/wp-content\/uploads\/2024\/07\/5.7m-Mobile-Catering-Trailer-Details-720x720.jpg 720w, https:\/\/www.honlufoodtrailer.com\/wp-content\/uploads\/2024\/07\/5.7m-Mobile-Catering-Trailer-Details-100x100.jpg 100w\" sizes=\"(max-width: 800px) 100vw, 800px\" \/><\/p>\n<p>&nbsp;<\/p>\n<p>Comme on peut le voir sur la photo ci-dessus, nous avons \u00e9quip\u00e9 cette remorque de restauration rapide de 5,5 m (18 pieds) avec du mat\u00e9riel de cuisine de base. On y trouve principalement des \u00e9viers, un plan de travail, une hotte aspirante, etc. Notre client ajoutera les pi\u00e8ces d\u00e9tach\u00e9es dont il aura besoin.<\/p>\n<p>Les remorques alimentaires peuvent \u00e9galement \u00eatre appel\u00e9es chariots alimentaires, camionnettes alimentaires, camions alimentaires, etc. Elle peut \u00eatre utilis\u00e9e pour vendre de la restauration rapide, des snacks, des journaux, des livres, etc. Elle se compose d'un ch\u00e2ssis, d'une carrosserie, d'un plancher, d'une table de travail, d'un syst\u00e8me d'alimentation en eau et d'un syst\u00e8me \u00e9lectrique. Les utilisateurs peuvent \u00e9galement choisir la couleur qu'ils souhaitent. Nous aimerions acheter d'autres types d'\u00e9quipements si les clients le souhaitent.<\/p>\n<p><img loading=\"lazy\" decoding=\"async\" class=\"aligncenter size-full wp-image-8069\" src=\"https:\/\/www.honlufoodtrailer.com\/wp-content\/uploads\/2024\/07\/5.7m-catering-trailer-for-rental.jpg\" alt=\"Remorque de restauration de 5,7 m \u00e0 louer\" width=\"720\" height=\"540\" srcset=\"https:\/\/www.honlufoodtrailer.com\/wp-content\/uploads\/2024\/07\/5.7m-catering-trailer-for-rental.jpg 720w, https:\/\/www.honlufoodtrailer.com\/wp-content\/uploads\/2024\/07\/5.7m-catering-trailer-for-rental-480x360.jpg 480w, https:\/\/www.honlufoodtrailer.com\/wp-content\/uploads\/2024\/07\/5.7m-catering-trailer-for-rental-300x225.jpg 300w\" sizes=\"(max-width: 720px) 100vw, 720px\" \/><\/p>\n<h3>Principales caract\u00e9ristiques de la remorque de restauration personnalis\u00e9e \u00e0 vendre<\/h3>\n<ol>\n<li>Peu co\u00fbteux et \u00e9cologique, sans fum\u00e9e ni bruit, facile \u00e0 d\u00e9placer partout<\/li>\n<li>Il peut \u00eatre utilis\u00e9 pendant de nombreuses ann\u00e9es et ne produira pas de d\u00e9chets, ce qui correspond parfaitement aux besoins de la vie moderne.<\/li>\n<li>Son chargement et son transport sont pratiques et simples gr\u00e2ce \u00e0 sa conception unique et personnalis\u00e9e.<\/li>\n<li>Le mat\u00e9riau principal est l&#039;acier inoxydable, et la plateforme (table) ne rouillera pas.<\/li>\n<li>Il pr\u00e9sente une r\u00e9sistance \u00e0 la chaleur et une grande solidit\u00e9, une excellente tenue des couleurs, est ind\u00e9formable, imperm\u00e9able et a une longue dur\u00e9e de vie.<\/li>\n<\/ol>\n<h3>Principal avantage :<\/h3>\n<ol>\n<li>Peu co\u00fbteux et \u00e9cologique ;<\/li>\n<li>Facile \u00e0 d\u00e9placer partout (votre activit\u00e9 n&#039;est pas limit\u00e9e) ;<\/li>\n<li>Forme unique (invisible pour attirer plus de clients) ;<\/li>\n<li>Longue dur\u00e9e de vie (r\u00e9sistant \u00e0 la corrosion, \u00e0 la chaleur, \u00e0 l&#039;eau, ind\u00e9formable).<\/li>\n<\/ol>","protected":false},"excerpt":{"rendered":"<p>Voici l&#039;une de nos remorques traiteur de 5,7 m, fabriqu\u00e9e sur mesure et disponible \u00e0 la vente. C&#039;est g\u00e9n\u00e9ralement le mod\u00e8le de pr\u00e9dilection pour lancer une activit\u00e9 de restauration ambulante. Nos clients utilisent principalement cette remorque pour proposer des services traiteur lors de f\u00eates, d&#039;\u00e9v\u00e9nements et pour des locations. Vous \u00eates int\u00e9ress\u00e9 par une remorque traiteur similaire\u00a0? N&#039;h\u00e9sitez pas \u00e0 nous contacter\u00a0!<\/p>","protected":false},"featured_media":8068,"template":"","meta":{"_themeisle_gutenberg_block_has_review":false},"product_brand":[],"product_cat":[26],"product_tag":[86,78,33,60,61,38],"class_list":{"0":"post-8063","1":"product","2":"type-product","3":"status-publish","4":"has-post-thumbnail","6":"product_cat-product","7":"product_tag-18-7ft-food-trailer","8":"product_tag-catering-trailer","9":"product_tag-customized-trailer","10":"product_tag-fast-food-trailer","11":"product_tag-fast-food-trailer-for-sale","12":"product_tag-mobile-food-trailer","14":"first","15":"instock","16":"shipping-taxable","17":"product-type-simple"},"yoast_head":"<!-- This site is optimized with the Yoast SEO plugin v27.5 - https:\/\/yoast.com\/product\/yoast-seo-wordpress\/ -->\n<title>Factory Price Mobile Catering Trailer For Sale - Honlu Food Trailer<\/title>\n<meta name=\"description\" content=\"Looking for a mobile catering trailer for sale? Get a similar or customized one at a reasonable price now! Be your own boss today!\" \/>\n<meta name=\"robots\" content=\"index, follow, max-snippet:-1, max-image-preview:large, max-video-preview:-1\" \/>\n<link rel=\"canonical\" href=\"https:\/\/www.honlufoodtrailer.com\/fr\/product\/5-7m-mobile-catering-trailer-for-events\/\" \/>\n<meta property=\"og:locale\" content=\"fr_FR\" \/>\n<meta property=\"og:type\" content=\"article\" \/>\n<meta property=\"og:title\" content=\"Factory Price Mobile Catering Trailer For Sale - Honlu Food Trailer\" \/>\n<meta property=\"og:description\" content=\"Looking for a mobile catering trailer for sale? Get a similar or customized one at a reasonable price now! Be your own boss today!\" \/>\n<meta property=\"og:url\" content=\"https:\/\/www.honlufoodtrailer.com\/fr\/product\/5-7m-mobile-catering-trailer-for-events\/\" \/>\n<meta property=\"og:site_name\" content=\"Honlu food trailer\" \/>\n<meta property=\"article:modified_time\" content=\"2025-02-14T06:40:35+00:00\" \/>\n<meta property=\"og:image\" content=\"https:\/\/www.honlufoodtrailer.com\/wp-content\/uploads\/2024\/07\/5.7m-catering-trailer-for-party.jpg\" \/>\n\t<meta property=\"og:image:width\" content=\"720\" \/>\n\t<meta property=\"og:image:height\" content=\"540\" \/>\n\t<meta property=\"og:image:type\" content=\"image\/jpeg\" \/>\n<meta name=\"twitter:card\" content=\"summary_large_image\" \/>\n<meta name=\"twitter:label1\" content=\"Dur\u00e9e de lecture estim\u00e9e\" \/>\n\t<meta name=\"twitter:data1\" content=\"1 minute\" \/>\n<script type=\"application\/ld+json\" class=\"yoast-schema-graph\">{\"@context\":\"https:\\\/\\\/schema.org\",\"@graph\":[{\"@type\":\"WebPage\",\"@id\":\"https:\\\/\\\/www.honlufoodtrailer.com\\\/product\\\/5-7m-mobile-catering-trailer-for-events\\\/\",\"url\":\"https:\\\/\\\/www.honlufoodtrailer.com\\\/product\\\/5-7m-mobile-catering-trailer-for-events\\\/\",\"name\":\"Factory Price Mobile Catering Trailer For Sale - Honlu Food Trailer\",\"isPartOf\":{\"@id\":\"https:\\\/\\\/www.honlufoodtrailer.com\\\/#website\"},\"primaryImageOfPage\":{\"@id\":\"https:\\\/\\\/www.honlufoodtrailer.com\\\/product\\\/5-7m-mobile-catering-trailer-for-events\\\/#primaryimage\"},\"image\":{\"@id\":\"https:\\\/\\\/www.honlufoodtrailer.com\\\/product\\\/5-7m-mobile-catering-trailer-for-events\\\/#primaryimage\"},\"thumbnailUrl\":\"https:\\\/\\\/www.honlufoodtrailer.com\\\/wp-content\\\/uploads\\\/2024\\\/07\\\/5.7m-catering-trailer-for-party.jpg\",\"datePublished\":\"2024-07-16T09:34:09+00:00\",\"dateModified\":\"2025-02-14T06:40:35+00:00\",\"description\":\"Looking for a mobile catering trailer for sale? Get a similar or customized one at a reasonable price now! Be your own boss today!\",\"breadcrumb\":{\"@id\":\"https:\\\/\\\/www.honlufoodtrailer.com\\\/product\\\/5-7m-mobile-catering-trailer-for-events\\\/#breadcrumb\"},\"inLanguage\":\"fr-FR\",\"potentialAction\":[{\"@type\":\"ReadAction\",\"target\":[\"https:\\\/\\\/www.honlufoodtrailer.com\\\/product\\\/5-7m-mobile-catering-trailer-for-events\\\/\"]}]},{\"@type\":\"ImageObject\",\"inLanguage\":\"fr-FR\",\"@id\":\"https:\\\/\\\/www.honlufoodtrailer.com\\\/product\\\/5-7m-mobile-catering-trailer-for-events\\\/#primaryimage\",\"url\":\"https:\\\/\\\/www.honlufoodtrailer.com\\\/wp-content\\\/uploads\\\/2024\\\/07\\\/5.7m-catering-trailer-for-party.jpg\",\"contentUrl\":\"https:\\\/\\\/www.honlufoodtrailer.com\\\/wp-content\\\/uploads\\\/2024\\\/07\\\/5.7m-catering-trailer-for-party.jpg\",\"width\":720,\"height\":540,\"caption\":\"5.7m catering trailer for party\"},{\"@type\":\"BreadcrumbList\",\"@id\":\"https:\\\/\\\/www.honlufoodtrailer.com\\\/product\\\/5-7m-mobile-catering-trailer-for-events\\\/#breadcrumb\",\"itemListElement\":[{\"@type\":\"ListItem\",\"position\":1,\"name\":\"Home\",\"item\":\"https:\\\/\\\/www.honlufoodtrailer.com\\\/\"},{\"@type\":\"ListItem\",\"position\":2,\"name\":\"\u4ea7\u54c1\",\"item\":\"https:\\\/\\\/www.honlufoodtrailer.com\\\/shop\\\/\"},{\"@type\":\"ListItem\",\"position\":3,\"name\":\"5.7m Mobile Catering Trailer for Events\"}]},{\"@type\":\"WebSite\",\"@id\":\"https:\\\/\\\/www.honlufoodtrailer.com\\\/#website\",\"url\":\"https:\\\/\\\/www.honlufoodtrailer.com\\\/\",\"name\":\"Honlu food trailer\",\"description\":\"\",\"publisher\":{\"@id\":\"https:\\\/\\\/www.honlufoodtrailer.com\\\/#organization\"},\"potentialAction\":[{\"@type\":\"SearchAction\",\"target\":{\"@type\":\"EntryPoint\",\"urlTemplate\":\"https:\\\/\\\/www.honlufoodtrailer.com\\\/?s={search_term_string}\"},\"query-input\":{\"@type\":\"PropertyValueSpecification\",\"valueRequired\":true,\"valueName\":\"search_term_string\"}}],\"inLanguage\":\"fr-FR\"},{\"@type\":\"Organization\",\"@id\":\"https:\\\/\\\/www.honlufoodtrailer.com\\\/#organization\",\"name\":\"Honlu food trailer\",\"url\":\"https:\\\/\\\/www.honlufoodtrailer.com\\\/\",\"logo\":{\"@type\":\"ImageObject\",\"inLanguage\":\"fr-FR\",\"@id\":\"https:\\\/\\\/www.honlufoodtrailer.com\\\/#\\\/schema\\\/logo\\\/image\\\/\",\"url\":\"https:\\\/\\\/www.honlufoodtrailer.com\\\/wp-content\\\/uploads\\\/2021\\\/12\\\/2.gif\",\"contentUrl\":\"https:\\\/\\\/www.honlufoodtrailer.com\\\/wp-content\\\/uploads\\\/2021\\\/12\\\/2.gif\",\"width\":350,\"height\":100,\"caption\":\"Honlu food trailer\"},\"image\":{\"@id\":\"https:\\\/\\\/www.honlufoodtrailer.com\\\/#\\\/schema\\\/logo\\\/image\\\/\"}}]}<\/script>\n<!-- \/ Yoast SEO plugin. -->","yoast_head_json":{"title":"Remorque de restauration mobile \u00e0 prix d&#039;usine \u00e0 vendre - Remorque alimentaire Honlu","description":"Vous cherchez une remorque de restauration mobile \u00e0 vendre\u00a0? Trouvez-en une similaire ou personnalis\u00e9e \u00e0 un prix raisonnable d\u00e8s maintenant\u00a0! Devenez votre propre patron\u00a0!","robots":{"index":"index","follow":"follow","max-snippet":"max-snippet:-1","max-image-preview":"max-image-preview:large","max-video-preview":"max-video-preview:-1"},"canonical":"https:\/\/www.honlufoodtrailer.com\/fr\/product\/5-7m-mobile-catering-trailer-for-events\/","og_locale":"fr_FR","og_type":"article","og_title":"Factory Price Mobile Catering Trailer For Sale - Honlu Food Trailer","og_description":"Looking for a mobile catering trailer for sale? Get a similar or customized one at a reasonable price now! Be your own boss today!","og_url":"https:\/\/www.honlufoodtrailer.com\/fr\/product\/5-7m-mobile-catering-trailer-for-events\/","og_site_name":"Honlu food trailer","article_modified_time":"2025-02-14T06:40:35+00:00","og_image":[{"width":720,"height":540,"url":"https:\/\/www.honlufoodtrailer.com\/wp-content\/uploads\/2024\/07\/5.7m-catering-trailer-for-party.jpg","type":"image\/jpeg"}],"twitter_card":"summary_large_image","twitter_misc":{"Dur\u00e9e de lecture estim\u00e9e":"1 minute"},"schema":{"@context":"https:\/\/schema.org","@graph":[{"@type":"WebPage","@id":"https:\/\/www.honlufoodtrailer.com\/product\/5-7m-mobile-catering-trailer-for-events\/","url":"https:\/\/www.honlufoodtrailer.com\/product\/5-7m-mobile-catering-trailer-for-events\/","name":"Remorque de restauration mobile \u00e0 prix d&#039;usine \u00e0 vendre - Remorque alimentaire Honlu","isPartOf":{"@id":"https:\/\/www.honlufoodtrailer.com\/#website"},"primaryImageOfPage":{"@id":"https:\/\/www.honlufoodtrailer.com\/product\/5-7m-mobile-catering-trailer-for-events\/#primaryimage"},"image":{"@id":"https:\/\/www.honlufoodtrailer.com\/product\/5-7m-mobile-catering-trailer-for-events\/#primaryimage"},"thumbnailUrl":"https:\/\/www.honlufoodtrailer.com\/wp-content\/uploads\/2024\/07\/5.7m-catering-trailer-for-party.jpg","datePublished":"2024-07-16T09:34:09+00:00","dateModified":"2025-02-14T06:40:35+00:00","description":"Vous cherchez une remorque de restauration mobile \u00e0 vendre\u00a0? Trouvez-en une similaire ou personnalis\u00e9e \u00e0 un prix raisonnable d\u00e8s maintenant\u00a0! Devenez votre propre patron\u00a0!","breadcrumb":{"@id":"https:\/\/www.honlufoodtrailer.com\/product\/5-7m-mobile-catering-trailer-for-events\/#breadcrumb"},"inLanguage":"fr-FR","potentialAction":[{"@type":"ReadAction","target":["https:\/\/www.honlufoodtrailer.com\/product\/5-7m-mobile-catering-trailer-for-events\/"]}]},{"@type":"ImageObject","inLanguage":"fr-FR","@id":"https:\/\/www.honlufoodtrailer.com\/product\/5-7m-mobile-catering-trailer-for-events\/#primaryimage","url":"https:\/\/www.honlufoodtrailer.com\/wp-content\/uploads\/2024\/07\/5.7m-catering-trailer-for-party.jpg","contentUrl":"https:\/\/www.honlufoodtrailer.com\/wp-content\/uploads\/2024\/07\/5.7m-catering-trailer-for-party.jpg","width":720,"height":540,"caption":"5.7m catering trailer for party"},{"@type":"BreadcrumbList","@id":"https:\/\/www.honlufoodtrailer.com\/product\/5-7m-mobile-catering-trailer-for-events\/#breadcrumb","itemListElement":[{"@type":"ListItem","position":1,"name":"Home","item":"https:\/\/www.honlufoodtrailer.com\/"},{"@type":"ListItem","position":2,"name":"\u4ea7\u54c1","item":"https:\/\/www.honlufoodtrailer.com\/shop\/"},{"@type":"ListItem","position":3,"name":"5.7m Mobile Catering Trailer for Events"}]},{"@type":"WebSite","@id":"https:\/\/www.honlufoodtrailer.com\/#website","url":"https:\/\/www.honlufoodtrailer.com\/","name":"Remorque alimentaire Honlu","description":"","publisher":{"@id":"https:\/\/www.honlufoodtrailer.com\/#organization"},"potentialAction":[{"@type":"SearchAction","target":{"@type":"EntryPoint","urlTemplate":"https:\/\/www.honlufoodtrailer.com\/?s={search_term_string}"},"query-input":{"@type":"PropertyValueSpecification","valueRequired":true,"valueName":"search_term_string"}}],"inLanguage":"fr-FR"},{"@type":"Organization","@id":"https:\/\/www.honlufoodtrailer.com\/#organization","name":"Remorque alimentaire Honlu","url":"https:\/\/www.honlufoodtrailer.com\/","logo":{"@type":"ImageObject","inLanguage":"fr-FR","@id":"https:\/\/www.honlufoodtrailer.com\/#\/schema\/logo\/image\/","url":"https:\/\/www.honlufoodtrailer.com\/wp-content\/uploads\/2021\/12\/2.gif","contentUrl":"https:\/\/www.honlufoodtrailer.com\/wp-content\/uploads\/2021\/12\/2.gif","width":350,"height":100,"caption":"Honlu food trailer"},"image":{"@id":"https:\/\/www.honlufoodtrailer.com\/#\/schema\/logo\/image\/"}}]}},"_links":{"self":[{"href":"https:\/\/www.honlufoodtrailer.com\/fr\/wp-json\/wp\/v2\/product\/8063","targetHints":{"allow":["GET"]}}],"collection":[{"href":"https:\/\/www.honlufoodtrailer.com\/fr\/wp-json\/wp\/v2\/product"}],"about":[{"href":"https:\/\/www.honlufoodtrailer.com\/fr\/wp-json\/wp\/v2\/types\/product"}],"version-history":[{"count":0,"href":"https:\/\/www.honlufoodtrailer.com\/fr\/wp-json\/wp\/v2\/product\/8063\/revisions"}],"wp:featuredmedia":[{"embeddable":true,"href":"https:\/\/www.honlufoodtrailer.com\/fr\/wp-json\/wp\/v2\/media\/8068"}],"wp:attachment":[{"href":"https:\/\/www.honlufoodtrailer.com\/fr\/wp-json\/wp\/v2\/media?parent=8063"}],"wp:term":[{"taxonomy":"product_brand","embeddable":true,"href":"https:\/\/www.honlufoodtrailer.com\/fr\/wp-json\/wp\/v2\/product_brand?post=8063"},{"taxonomy":"product_cat","embeddable":true,"href":"https:\/\/www.honlufoodtrailer.com\/fr\/wp-json\/wp\/v2\/product_cat?post=8063"},{"taxonomy":"product_tag","embeddable":true,"href":"https:\/\/www.honlufoodtrailer.com\/fr\/wp-json\/wp\/v2\/product_tag?post=8063"}],"curies":[{"name":"wp","href":"https:\/\/api.w.org\/{rel}","templated":true}]}}