{"id":8082,"date":"2024-07-18T17:41:25","date_gmt":"2024-07-18T09:41:25","guid":{"rendered":"https:\/\/www.honlufoodtrailer.com\/?post_type=product&#038;p=8082"},"modified":"2025-02-14T14:37:40","modified_gmt":"2025-02-14T06:37:40","slug":"5-7m-vegan-food-trailer","status":"publish","type":"product","link":"https:\/\/www.honlufoodtrailer.com\/fr\/product\/5-7m-vegan-food-trailer\/","title":{"rendered":"Remorque alimentaire v\u00e9g\u00e9talienne de 5,7 m"},"content":{"rendered":"<p>Vous souhaitez lancer un food truck sp\u00e9cialis\u00e9 dans la cuisine v\u00e9g\u00e9talienne\u00a0? D\u00e9couvrez ce food truck de 5,7\u00a0m\u00e8tres\u00a0! Nous l&#039;avons am\u00e9nag\u00e9 sur mesure pour un client am\u00e9ricain. Nous pouvons fabriquer un food truck similaire ou en cr\u00e9er un enti\u00e8rement personnalis\u00e9. Couleur de la carrosserie, autocollants, signal\u00e9tique et \u00e9quipements de cuisine sont personnalisables. Contactez-nous et faites-nous part de vos besoins. D\u00e9couvrez sans plus attendre quelques photos de ce food truck v\u00e9g\u00e9talien\u00a0!<br \/>\n<img fetchpriority=\"high\" decoding=\"async\" class=\"aligncenter size-full wp-image-8094\" src=\"https:\/\/www.honlufoodtrailer.com\/wp-content\/uploads\/2024\/07\/5.7m-vegan-cart.jpg\" alt=\"Chariot v\u00e9g\u00e9talien de 5,7 m\" width=\"720\" height=\"540\" srcset=\"https:\/\/www.honlufoodtrailer.com\/wp-content\/uploads\/2024\/07\/5.7m-vegan-cart.jpg 720w, https:\/\/www.honlufoodtrailer.com\/wp-content\/uploads\/2024\/07\/5.7m-vegan-cart-480x360.jpg 480w, https:\/\/www.honlufoodtrailer.com\/wp-content\/uploads\/2024\/07\/5.7m-vegan-cart-300x225.jpg 300w\" sizes=\"(max-width: 720px) 100vw, 720px\" \/> <img decoding=\"async\" class=\"aligncenter size-full wp-image-8091\" src=\"https:\/\/www.honlufoodtrailer.com\/wp-content\/uploads\/2024\/07\/5.7m-plant-based-food-truck.jpg\" alt=\"camion de restauration v\u00e9g\u00e9talienne de 5,7 m\" width=\"720\" height=\"540\" srcset=\"https:\/\/www.honlufoodtrailer.com\/wp-content\/uploads\/2024\/07\/5.7m-plant-based-food-truck.jpg 720w, https:\/\/www.honlufoodtrailer.com\/wp-content\/uploads\/2024\/07\/5.7m-plant-based-food-truck-480x360.jpg 480w, https:\/\/www.honlufoodtrailer.com\/wp-content\/uploads\/2024\/07\/5.7m-plant-based-food-truck-300x225.jpg 300w\" sizes=\"(max-width: 720px) 100vw, 720px\" \/><\/p>\n<p>Comme on peut le voir sur les photos ci-dessus, nous avons d\u00e9cor\u00e9 ceci <a href=\"https:\/\/www.honlufoodtrailer.com\/fr\/product\/\" target=\"_blank\" rel=\"noopener\">remorque alimentaire<\/a> Avec des motifs et de nombreux textes, comme le souhaitait le client, ce food truck vegan est dot\u00e9 de deux grandes fen\u00eatres \u00e0 l&#039;avant, facilitant grandement les commandes et le retrait des plats. Aujourd&#039;hui, les restaurateurs prosp\u00e8res d\u00e9veloppent leur activit\u00e9 en proposant des food trucks pour de nombreuses raisons\u00a0: co\u00fbts de d\u00e9marrage et de gestion r\u00e9duits, et visibilit\u00e9 accrue. Ce type de food truck peut contribuer au succ\u00e8s de votre entreprise. Je vous pr\u00e9sente maintenant plus en d\u00e9tail ce food truck vegan.<\/p>\n<h3>Plus de d\u00e9tails sur cette remorque de restauration mobile<\/h3>\n<p><img decoding=\"async\" class=\"aligncenter size-full wp-image-8099\" src=\"https:\/\/www.honlufoodtrailer.com\/wp-content\/uploads\/2024\/07\/5.7m-vegan-food-trailer-inner-details.jpg\" alt=\"D\u00e9tails int\u00e9rieurs d&#039;une remorque alimentaire v\u00e9g\u00e9talienne de 5,7 m\" width=\"800\" height=\"800\" srcset=\"https:\/\/www.honlufoodtrailer.com\/wp-content\/uploads\/2024\/07\/5.7m-vegan-food-trailer-inner-details.jpg 800w, https:\/\/www.honlufoodtrailer.com\/wp-content\/uploads\/2024\/07\/5.7m-vegan-food-trailer-inner-details-768x768.jpg 768w, https:\/\/www.honlufoodtrailer.com\/wp-content\/uploads\/2024\/07\/5.7m-vegan-food-trailer-inner-details-360x360.jpg 360w, https:\/\/www.honlufoodtrailer.com\/wp-content\/uploads\/2024\/07\/5.7m-vegan-food-trailer-inner-details-300x300.jpg 300w, https:\/\/www.honlufoodtrailer.com\/wp-content\/uploads\/2024\/07\/5.7m-vegan-food-trailer-inner-details-720x720.jpg 720w, https:\/\/www.honlufoodtrailer.com\/wp-content\/uploads\/2024\/07\/5.7m-vegan-food-trailer-inner-details-100x100.jpg 100w\" sizes=\"(max-width: 800px) 100vw, 800px\" \/><\/p>\n<p>Comme on peut le voir sur la photo ci-dessus, nous avons \u00e9quip\u00e9 cette remorque de restauration v\u00e9gane de 5,7 m avec du mat\u00e9riel de cuisine de base. Elle comprend principalement un \u00e9vier, un plan de travail, une hotte aspirante, une plaque de cuisson au gaz, une plancha, une friteuse, etc. Notre client ajoutera les pi\u00e8ces d\u00e9tach\u00e9es dont il aura besoin apr\u00e8s r\u00e9ception de la remorque.<\/p>\n<p>Les remorques alimentaires peuvent \u00e9galement \u00eatre appel\u00e9es chariots alimentaires, camionnettes alimentaires, camions alimentaires, etc. Elle peut \u00eatre utilis\u00e9e pour vendre de la restauration rapide, des snacks, des journaux, des livres, etc. Elle se compose d'un ch\u00e2ssis, d'une carrosserie, d'un plancher, d'une table de travail, d'un syst\u00e8me d'alimentation en eau et d'un syst\u00e8me \u00e9lectrique. Les utilisateurs peuvent \u00e9galement choisir la couleur qu'ils souhaitent. Nous aimerions acheter d'autres types d'\u00e9quipements si les clients le souhaitent.<\/p>\n<p><img loading=\"lazy\" decoding=\"async\" class=\"aligncenter size-full wp-image-8095\" src=\"https:\/\/www.honlufoodtrailer.com\/wp-content\/uploads\/2024\/07\/5.7m-vegan-food-cart.jpg\" alt=\"Chariot de nourriture v\u00e9g\u00e9talienne de 5,7 m\" width=\"720\" height=\"540\" srcset=\"https:\/\/www.honlufoodtrailer.com\/wp-content\/uploads\/2024\/07\/5.7m-vegan-food-cart.jpg 720w, https:\/\/www.honlufoodtrailer.com\/wp-content\/uploads\/2024\/07\/5.7m-vegan-food-cart-480x360.jpg 480w, https:\/\/www.honlufoodtrailer.com\/wp-content\/uploads\/2024\/07\/5.7m-vegan-food-cart-300x225.jpg 300w\" sizes=\"(max-width: 720px) 100vw, 720px\" \/><\/p>\n<h3>Caract\u00e9ristiques principales de cette remorque alimentaire personnalis\u00e9e<\/h3>\n<ol>\n<li>Peu co\u00fbteux et \u00e9cologique, sans fum\u00e9e ni bruit, facile \u00e0 d\u00e9placer partout<\/li>\n<li>Il peut \u00eatre utilis\u00e9 pendant de nombreuses ann\u00e9es et ne produira pas de d\u00e9chets, ce qui correspond parfaitement aux besoins de la vie moderne.<\/li>\n<li>Son chargement et son transport sont pratiques et simples gr\u00e2ce \u00e0 sa conception unique et personnalis\u00e9e.<\/li>\n<li>Le mat\u00e9riau principal est l&#039;acier inoxydable, et la plateforme (table) ne rouillera pas.<\/li>\n<li>Il pr\u00e9sente une r\u00e9sistance \u00e0 la chaleur et une grande solidit\u00e9, une excellente tenue des couleurs, est ind\u00e9formable, imperm\u00e9able et a une longue dur\u00e9e de vie.<\/li>\n<\/ol>\n<h3>Principal avantage :<\/h3>\n<ol>\n<li>Peu co\u00fbteux et \u00e9cologique ;<\/li>\n<li>Facile \u00e0 d\u00e9placer partout (votre activit\u00e9 n&#039;est pas limit\u00e9e) ;<\/li>\n<li>Forme unique (invisible pour attirer plus de clients) ;<\/li>\n<li>Longue dur\u00e9e de vie (r\u00e9sistant \u00e0 la corrosion, \u00e0 la chaleur, \u00e0 l&#039;eau, ind\u00e9formable).<\/li>\n<\/ol>","protected":false},"excerpt":{"rendered":"<p>Voici l&#039;une de nos remorques alimentaires v\u00e9ganes de 5,7 m, fabriqu\u00e9e sur mesure et disponible \u00e0 la vente. C&#039;est le choix id\u00e9al pour lancer une activit\u00e9 de restauration ambulante et proposer des plats v\u00e9ganes. <strong>Veuillez cliquer sur les onglets suivants pour en savoir plus sur cette remorque alimentaire.<\/strong>. Vous seriez int\u00e9ress\u00e9 par une remorque-restaurant similaire\u00a0? N\u2019h\u00e9sitez pas \u00e0 nous contacter d\u00e8s aujourd\u2019hui\u00a0!<\/p>","protected":false},"featured_media":8097,"template":"","meta":{"_themeisle_gutenberg_block_has_review":false},"product_brand":[],"product_cat":[26],"product_tag":[86,33,60,61,38,107],"class_list":{"0":"post-8082","1":"product","2":"type-product","3":"status-publish","4":"has-post-thumbnail","6":"product_cat-product","7":"product_tag-18-7ft-food-trailer","8":"product_tag-customized-trailer","9":"product_tag-fast-food-trailer","10":"product_tag-fast-food-trailer-for-sale","11":"product_tag-mobile-food-trailer","12":"product_tag-vegan-trailer","14":"first","15":"instock","16":"shipping-taxable","17":"product-type-simple"},"yoast_head":"<!-- This site is optimized with the Yoast SEO plugin v27.5 - https:\/\/yoast.com\/product\/yoast-seo-wordpress\/ -->\n<title>Factory Price Vegan Foo Trailer For Sale - Honlu Food Trailer<\/title>\n<meta name=\"description\" content=\"Looking for a vegan food trailer for sale? Get a similar or customized one at a reasonable price now! Be your own boss today!\" \/>\n<meta name=\"robots\" content=\"index, follow, max-snippet:-1, max-image-preview:large, max-video-preview:-1\" \/>\n<link rel=\"canonical\" href=\"https:\/\/www.honlufoodtrailer.com\/fr\/product\/5-7m-vegan-food-trailer\/\" \/>\n<meta property=\"og:locale\" content=\"fr_FR\" \/>\n<meta property=\"og:type\" content=\"article\" \/>\n<meta property=\"og:title\" content=\"Factory Price Vegan Foo Trailer For Sale - Honlu Food Trailer\" \/>\n<meta property=\"og:description\" content=\"Looking for a vegan food trailer for sale? Get a similar or customized one at a reasonable price now! Be your own boss today!\" \/>\n<meta property=\"og:url\" content=\"https:\/\/www.honlufoodtrailer.com\/fr\/product\/5-7m-vegan-food-trailer\/\" \/>\n<meta property=\"og:site_name\" content=\"Honlu food trailer\" \/>\n<meta property=\"article:modified_time\" content=\"2025-02-14T06:37:40+00:00\" \/>\n<meta property=\"og:image\" content=\"https:\/\/www.honlufoodtrailer.com\/wp-content\/uploads\/2024\/07\/5.7m-vegan-food-truck-catering.jpg\" \/>\n\t<meta property=\"og:image:width\" content=\"720\" \/>\n\t<meta property=\"og:image:height\" content=\"540\" \/>\n\t<meta property=\"og:image:type\" content=\"image\/jpeg\" \/>\n<meta name=\"twitter:card\" content=\"summary_large_image\" \/>\n<meta name=\"twitter:label1\" content=\"Dur\u00e9e de lecture estim\u00e9e\" \/>\n\t<meta name=\"twitter:data1\" content=\"1 minute\" \/>\n<script type=\"application\/ld+json\" class=\"yoast-schema-graph\">{\"@context\":\"https:\\\/\\\/schema.org\",\"@graph\":[{\"@type\":\"WebPage\",\"@id\":\"https:\\\/\\\/www.honlufoodtrailer.com\\\/product\\\/5-7m-vegan-food-trailer\\\/\",\"url\":\"https:\\\/\\\/www.honlufoodtrailer.com\\\/product\\\/5-7m-vegan-food-trailer\\\/\",\"name\":\"Factory Price Vegan Foo Trailer For Sale - Honlu Food Trailer\",\"isPartOf\":{\"@id\":\"https:\\\/\\\/www.honlufoodtrailer.com\\\/#website\"},\"primaryImageOfPage\":{\"@id\":\"https:\\\/\\\/www.honlufoodtrailer.com\\\/product\\\/5-7m-vegan-food-trailer\\\/#primaryimage\"},\"image\":{\"@id\":\"https:\\\/\\\/www.honlufoodtrailer.com\\\/product\\\/5-7m-vegan-food-trailer\\\/#primaryimage\"},\"thumbnailUrl\":\"https:\\\/\\\/www.honlufoodtrailer.com\\\/wp-content\\\/uploads\\\/2024\\\/07\\\/5.7m-vegan-food-truck-catering.jpg\",\"datePublished\":\"2024-07-18T09:41:25+00:00\",\"dateModified\":\"2025-02-14T06:37:40+00:00\",\"description\":\"Looking for a vegan food trailer for sale? Get a similar or customized one at a reasonable price now! Be your own boss today!\",\"breadcrumb\":{\"@id\":\"https:\\\/\\\/www.honlufoodtrailer.com\\\/product\\\/5-7m-vegan-food-trailer\\\/#breadcrumb\"},\"inLanguage\":\"fr-FR\",\"potentialAction\":[{\"@type\":\"ReadAction\",\"target\":[\"https:\\\/\\\/www.honlufoodtrailer.com\\\/product\\\/5-7m-vegan-food-trailer\\\/\"]}]},{\"@type\":\"ImageObject\",\"inLanguage\":\"fr-FR\",\"@id\":\"https:\\\/\\\/www.honlufoodtrailer.com\\\/product\\\/5-7m-vegan-food-trailer\\\/#primaryimage\",\"url\":\"https:\\\/\\\/www.honlufoodtrailer.com\\\/wp-content\\\/uploads\\\/2024\\\/07\\\/5.7m-vegan-food-truck-catering.jpg\",\"contentUrl\":\"https:\\\/\\\/www.honlufoodtrailer.com\\\/wp-content\\\/uploads\\\/2024\\\/07\\\/5.7m-vegan-food-truck-catering.jpg\",\"width\":720,\"height\":540,\"caption\":\"5.7m vegan food truck catering\"},{\"@type\":\"BreadcrumbList\",\"@id\":\"https:\\\/\\\/www.honlufoodtrailer.com\\\/product\\\/5-7m-vegan-food-trailer\\\/#breadcrumb\",\"itemListElement\":[{\"@type\":\"ListItem\",\"position\":1,\"name\":\"Home\",\"item\":\"https:\\\/\\\/www.honlufoodtrailer.com\\\/\"},{\"@type\":\"ListItem\",\"position\":2,\"name\":\"\u4ea7\u54c1\",\"item\":\"https:\\\/\\\/www.honlufoodtrailer.com\\\/shop\\\/\"},{\"@type\":\"ListItem\",\"position\":3,\"name\":\"5.7m Vegan Food Trailer\"}]},{\"@type\":\"WebSite\",\"@id\":\"https:\\\/\\\/www.honlufoodtrailer.com\\\/#website\",\"url\":\"https:\\\/\\\/www.honlufoodtrailer.com\\\/\",\"name\":\"Honlu food trailer\",\"description\":\"\",\"publisher\":{\"@id\":\"https:\\\/\\\/www.honlufoodtrailer.com\\\/#organization\"},\"potentialAction\":[{\"@type\":\"SearchAction\",\"target\":{\"@type\":\"EntryPoint\",\"urlTemplate\":\"https:\\\/\\\/www.honlufoodtrailer.com\\\/?s={search_term_string}\"},\"query-input\":{\"@type\":\"PropertyValueSpecification\",\"valueRequired\":true,\"valueName\":\"search_term_string\"}}],\"inLanguage\":\"fr-FR\"},{\"@type\":\"Organization\",\"@id\":\"https:\\\/\\\/www.honlufoodtrailer.com\\\/#organization\",\"name\":\"Honlu food trailer\",\"url\":\"https:\\\/\\\/www.honlufoodtrailer.com\\\/\",\"logo\":{\"@type\":\"ImageObject\",\"inLanguage\":\"fr-FR\",\"@id\":\"https:\\\/\\\/www.honlufoodtrailer.com\\\/#\\\/schema\\\/logo\\\/image\\\/\",\"url\":\"https:\\\/\\\/www.honlufoodtrailer.com\\\/wp-content\\\/uploads\\\/2021\\\/12\\\/2.gif\",\"contentUrl\":\"https:\\\/\\\/www.honlufoodtrailer.com\\\/wp-content\\\/uploads\\\/2021\\\/12\\\/2.gif\",\"width\":350,\"height\":100,\"caption\":\"Honlu food trailer\"},\"image\":{\"@id\":\"https:\\\/\\\/www.honlufoodtrailer.com\\\/#\\\/schema\\\/logo\\\/image\\\/\"}}]}<\/script>\n<!-- \/ Yoast SEO plugin. -->","yoast_head_json":{"title":"Remorque alimentaire v\u00e9gane Honlu \u00e0 prix d&#039;usine - Honlu Food Trailer","description":"Vous cherchez une remorque-restaurant v\u00e9g\u00e9talienne \u00e0 vendre\u00a0? Trouvez-en une similaire ou personnalis\u00e9e \u00e0 un prix abordable d\u00e8s maintenant\u00a0! Devenez votre propre patron\u00a0!","robots":{"index":"index","follow":"follow","max-snippet":"max-snippet:-1","max-image-preview":"max-image-preview:large","max-video-preview":"max-video-preview:-1"},"canonical":"https:\/\/www.honlufoodtrailer.com\/fr\/product\/5-7m-vegan-food-trailer\/","og_locale":"fr_FR","og_type":"article","og_title":"Factory Price Vegan Foo Trailer For Sale - Honlu Food Trailer","og_description":"Looking for a vegan food trailer for sale? Get a similar or customized one at a reasonable price now! Be your own boss today!","og_url":"https:\/\/www.honlufoodtrailer.com\/fr\/product\/5-7m-vegan-food-trailer\/","og_site_name":"Honlu food trailer","article_modified_time":"2025-02-14T06:37:40+00:00","og_image":[{"width":720,"height":540,"url":"https:\/\/www.honlufoodtrailer.com\/wp-content\/uploads\/2024\/07\/5.7m-vegan-food-truck-catering.jpg","type":"image\/jpeg"}],"twitter_card":"summary_large_image","twitter_misc":{"Dur\u00e9e de lecture estim\u00e9e":"1 minute"},"schema":{"@context":"https:\/\/schema.org","@graph":[{"@type":"WebPage","@id":"https:\/\/www.honlufoodtrailer.com\/product\/5-7m-vegan-food-trailer\/","url":"https:\/\/www.honlufoodtrailer.com\/product\/5-7m-vegan-food-trailer\/","name":"Remorque alimentaire v\u00e9gane Honlu \u00e0 prix d&#039;usine - Honlu Food Trailer","isPartOf":{"@id":"https:\/\/www.honlufoodtrailer.com\/#website"},"primaryImageOfPage":{"@id":"https:\/\/www.honlufoodtrailer.com\/product\/5-7m-vegan-food-trailer\/#primaryimage"},"image":{"@id":"https:\/\/www.honlufoodtrailer.com\/product\/5-7m-vegan-food-trailer\/#primaryimage"},"thumbnailUrl":"https:\/\/www.honlufoodtrailer.com\/wp-content\/uploads\/2024\/07\/5.7m-vegan-food-truck-catering.jpg","datePublished":"2024-07-18T09:41:25+00:00","dateModified":"2025-02-14T06:37:40+00:00","description":"Vous cherchez une remorque-restaurant v\u00e9g\u00e9talienne \u00e0 vendre\u00a0? Trouvez-en une similaire ou personnalis\u00e9e \u00e0 un prix abordable d\u00e8s maintenant\u00a0! Devenez votre propre patron\u00a0!","breadcrumb":{"@id":"https:\/\/www.honlufoodtrailer.com\/product\/5-7m-vegan-food-trailer\/#breadcrumb"},"inLanguage":"fr-FR","potentialAction":[{"@type":"ReadAction","target":["https:\/\/www.honlufoodtrailer.com\/product\/5-7m-vegan-food-trailer\/"]}]},{"@type":"ImageObject","inLanguage":"fr-FR","@id":"https:\/\/www.honlufoodtrailer.com\/product\/5-7m-vegan-food-trailer\/#primaryimage","url":"https:\/\/www.honlufoodtrailer.com\/wp-content\/uploads\/2024\/07\/5.7m-vegan-food-truck-catering.jpg","contentUrl":"https:\/\/www.honlufoodtrailer.com\/wp-content\/uploads\/2024\/07\/5.7m-vegan-food-truck-catering.jpg","width":720,"height":540,"caption":"5.7m vegan food truck catering"},{"@type":"BreadcrumbList","@id":"https:\/\/www.honlufoodtrailer.com\/product\/5-7m-vegan-food-trailer\/#breadcrumb","itemListElement":[{"@type":"ListItem","position":1,"name":"Home","item":"https:\/\/www.honlufoodtrailer.com\/"},{"@type":"ListItem","position":2,"name":"\u4ea7\u54c1","item":"https:\/\/www.honlufoodtrailer.com\/shop\/"},{"@type":"ListItem","position":3,"name":"5.7m Vegan Food Trailer"}]},{"@type":"WebSite","@id":"https:\/\/www.honlufoodtrailer.com\/#website","url":"https:\/\/www.honlufoodtrailer.com\/","name":"Remorque alimentaire Honlu","description":"","publisher":{"@id":"https:\/\/www.honlufoodtrailer.com\/#organization"},"potentialAction":[{"@type":"SearchAction","target":{"@type":"EntryPoint","urlTemplate":"https:\/\/www.honlufoodtrailer.com\/?s={search_term_string}"},"query-input":{"@type":"PropertyValueSpecification","valueRequired":true,"valueName":"search_term_string"}}],"inLanguage":"fr-FR"},{"@type":"Organization","@id":"https:\/\/www.honlufoodtrailer.com\/#organization","name":"Remorque alimentaire Honlu","url":"https:\/\/www.honlufoodtrailer.com\/","logo":{"@type":"ImageObject","inLanguage":"fr-FR","@id":"https:\/\/www.honlufoodtrailer.com\/#\/schema\/logo\/image\/","url":"https:\/\/www.honlufoodtrailer.com\/wp-content\/uploads\/2021\/12\/2.gif","contentUrl":"https:\/\/www.honlufoodtrailer.com\/wp-content\/uploads\/2021\/12\/2.gif","width":350,"height":100,"caption":"Honlu food trailer"},"image":{"@id":"https:\/\/www.honlufoodtrailer.com\/#\/schema\/logo\/image\/"}}]}},"_links":{"self":[{"href":"https:\/\/www.honlufoodtrailer.com\/fr\/wp-json\/wp\/v2\/product\/8082","targetHints":{"allow":["GET"]}}],"collection":[{"href":"https:\/\/www.honlufoodtrailer.com\/fr\/wp-json\/wp\/v2\/product"}],"about":[{"href":"https:\/\/www.honlufoodtrailer.com\/fr\/wp-json\/wp\/v2\/types\/product"}],"version-history":[{"count":0,"href":"https:\/\/www.honlufoodtrailer.com\/fr\/wp-json\/wp\/v2\/product\/8082\/revisions"}],"wp:featuredmedia":[{"embeddable":true,"href":"https:\/\/www.honlufoodtrailer.com\/fr\/wp-json\/wp\/v2\/media\/8097"}],"wp:attachment":[{"href":"https:\/\/www.honlufoodtrailer.com\/fr\/wp-json\/wp\/v2\/media?parent=8082"}],"wp:term":[{"taxonomy":"product_brand","embeddable":true,"href":"https:\/\/www.honlufoodtrailer.com\/fr\/wp-json\/wp\/v2\/product_brand?post=8082"},{"taxonomy":"product_cat","embeddable":true,"href":"https:\/\/www.honlufoodtrailer.com\/fr\/wp-json\/wp\/v2\/product_cat?post=8082"},{"taxonomy":"product_tag","embeddable":true,"href":"https:\/\/www.honlufoodtrailer.com\/fr\/wp-json\/wp\/v2\/product_tag?post=8082"}],"curies":[{"name":"wp","href":"https:\/\/api.w.org\/{rel}","templated":true}]}}