{"id":8169,"date":"2024-08-07T18:34:18","date_gmt":"2024-08-07T10:34:18","guid":{"rendered":"https:\/\/www.honlufoodtrailer.com\/?post_type=product&#038;p=8169"},"modified":"2025-02-14T14:20:03","modified_gmt":"2025-02-14T06:20:03","slug":"4m-burrito-trailer-trailer-german-standard","status":"publish","type":"product","link":"https:\/\/www.honlufoodtrailer.com\/fr\/product\/4m-burrito-trailer-trailer-german-standard\/","title":{"rendered":"Remorque \u00e0 burritos de 4 m aux normes allemandes"},"content":{"rendered":"<p>Envie de lancer votre propre food truck de burritos\u00a0? D\u00e9couvrez ce mod\u00e8le de 4\u00a0m\u00e8tres\u00a0! Nous l&#039;avons am\u00e9nag\u00e9 sur mesure pour un client allemand. Ce dernier poss\u00e8de d\u00e9j\u00e0 son propre mat\u00e9riel de cuisine pour pr\u00e9parer ses burritos. Nous l&#039;avons donc aid\u00e9 \u00e0 concevoir l&#039;ext\u00e9rieur et \u00e0 installer l&#039;\u00e9quipement de base \u00e0 l&#039;int\u00e9rieur. Sans plus attendre, voici quelques photos\u00a0!<\/p>\n<p><img fetchpriority=\"high\" decoding=\"async\" class=\"aligncenter size-full wp-image-8175\" src=\"https:\/\/www.honlufoodtrailer.com\/wp-content\/uploads\/2024\/08\/4m-burrito-food-trailer.jpg\" alt=\"Remorque burrito 4m\" width=\"720\" height=\"540\" srcset=\"https:\/\/www.honlufoodtrailer.com\/wp-content\/uploads\/2024\/08\/4m-burrito-food-trailer.jpg 720w, https:\/\/www.honlufoodtrailer.com\/wp-content\/uploads\/2024\/08\/4m-burrito-food-trailer-480x360.jpg 480w, https:\/\/www.honlufoodtrailer.com\/wp-content\/uploads\/2024\/08\/4m-burrito-food-trailer-300x225.jpg 300w\" sizes=\"(max-width: 720px) 100vw, 720px\" \/> <img decoding=\"async\" class=\"aligncenter size-full wp-image-8173\" src=\"https:\/\/www.honlufoodtrailer.com\/wp-content\/uploads\/2024\/08\/4m-burrito-trailer.jpg\" alt=\"remorque \u00e0 burrito de 4 m\" width=\"720\" height=\"540\" srcset=\"https:\/\/www.honlufoodtrailer.com\/wp-content\/uploads\/2024\/08\/4m-burrito-trailer.jpg 720w, https:\/\/www.honlufoodtrailer.com\/wp-content\/uploads\/2024\/08\/4m-burrito-trailer-480x360.jpg 480w, https:\/\/www.honlufoodtrailer.com\/wp-content\/uploads\/2024\/08\/4m-burrito-trailer-300x225.jpg 300w\" sizes=\"(max-width: 720px) 100vw, 720px\" \/><\/p>\n<p>Comme le montrent les photos ci-dessus, cette remorque \u00e0 burritos pr\u00e9sente une apparence attrayante et esth\u00e9tique. Nous l&#039;avons personnalis\u00e9e conform\u00e9ment aux normes allemandes. \u00c0 l&#039;avant, nous avons install\u00e9 une grande fen\u00eatre coulissante selon les souhaits du client. L&#039;enseigne sur le toit a \u00e9galement \u00e9t\u00e9 personnalis\u00e9e. Sur le c\u00f4t\u00e9 droit, nous avons appos\u00e9 de jolis autocollants. D\u00e9couvrons maintenant l&#039;int\u00e9rieur de cette remorque \u00e0 burritos de 4 m\u00e8tres.<\/p>\n<h3>D\u00e9tails int\u00e9rieurs de cette remorque burrito de 4 m<\/h3>\n<p>Conform\u00e9ment aux exigences du client, nous avons \u00e9quip\u00e9 cette remorque-restaurant de 4 m, sp\u00e9cialis\u00e9e dans les burritos, d&#039;une table de travail, de trois \u00e9viers, d&#039;une hotte aspirante, d&#039;un r\u00e9frig\u00e9rateur, etc. Gr\u00e2ce \u00e0 cet \u00e9quipement et au mat\u00e9riel de barbecue du client, celui-ci pourra proposer diff\u00e9rents types de plats mexicains.<\/p>\n<p><img decoding=\"async\" class=\"aligncenter size-full wp-image-8179\" src=\"https:\/\/www.honlufoodtrailer.com\/wp-content\/uploads\/2024\/08\/4m-burrito-trailer-inner-view.jpg\" alt=\"vue int\u00e9rieure d&#039;une remorque \u00e0 burritos de 4 m\" width=\"720\" height=\"540\" srcset=\"https:\/\/www.honlufoodtrailer.com\/wp-content\/uploads\/2024\/08\/4m-burrito-trailer-inner-view.jpg 720w, https:\/\/www.honlufoodtrailer.com\/wp-content\/uploads\/2024\/08\/4m-burrito-trailer-inner-view-480x360.jpg 480w, https:\/\/www.honlufoodtrailer.com\/wp-content\/uploads\/2024\/08\/4m-burrito-trailer-inner-view-300x225.jpg 300w\" sizes=\"(max-width: 720px) 100vw, 720px\" \/> <img loading=\"lazy\" decoding=\"async\" class=\"aligncenter size-full wp-image-8177\" src=\"https:\/\/www.honlufoodtrailer.com\/wp-content\/uploads\/2024\/08\/4m-burrito-trailer-detail-view.jpg\" alt=\"Vue d\u00e9taill\u00e9e de la remorque \u00e0 burritos de 4 m\" width=\"800\" height=\"800\" srcset=\"https:\/\/www.honlufoodtrailer.com\/wp-content\/uploads\/2024\/08\/4m-burrito-trailer-detail-view.jpg 800w, https:\/\/www.honlufoodtrailer.com\/wp-content\/uploads\/2024\/08\/4m-burrito-trailer-detail-view-768x768.jpg 768w, https:\/\/www.honlufoodtrailer.com\/wp-content\/uploads\/2024\/08\/4m-burrito-trailer-detail-view-360x360.jpg 360w, https:\/\/www.honlufoodtrailer.com\/wp-content\/uploads\/2024\/08\/4m-burrito-trailer-detail-view-300x300.jpg 300w, https:\/\/www.honlufoodtrailer.com\/wp-content\/uploads\/2024\/08\/4m-burrito-trailer-detail-view-720x720.jpg 720w, https:\/\/www.honlufoodtrailer.com\/wp-content\/uploads\/2024\/08\/4m-burrito-trailer-detail-view-100x100.jpg 100w\" sizes=\"(max-width: 800px) 100vw, 800px\" \/><\/p>\n<h3>Plus de d\u00e9tails sur cette remorque \u00e0 burritos de 4 m<\/h3>\n<p>D\u00e9couvrez plus de d\u00e9tails sur cette remorque de restauration rapide de 4 m sp\u00e9cialis\u00e9e dans les burritos. Nous pouvons personnaliser une remorque alimentaire selon les exigences de votre pays.<\/p>\n<p><img loading=\"lazy\" decoding=\"async\" class=\"aligncenter size-full wp-image-8170\" src=\"https:\/\/www.honlufoodtrailer.com\/wp-content\/uploads\/2024\/08\/4m-burrito-trailer-more-details.jpg\" alt=\"Remorque \u00e0 burritos de 4 m - Plus de d\u00e9tails\" width=\"800\" height=\"800\" srcset=\"https:\/\/www.honlufoodtrailer.com\/wp-content\/uploads\/2024\/08\/4m-burrito-trailer-more-details.jpg 800w, https:\/\/www.honlufoodtrailer.com\/wp-content\/uploads\/2024\/08\/4m-burrito-trailer-more-details-768x768.jpg 768w, https:\/\/www.honlufoodtrailer.com\/wp-content\/uploads\/2024\/08\/4m-burrito-trailer-more-details-360x360.jpg 360w, https:\/\/www.honlufoodtrailer.com\/wp-content\/uploads\/2024\/08\/4m-burrito-trailer-more-details-300x300.jpg 300w, https:\/\/www.honlufoodtrailer.com\/wp-content\/uploads\/2024\/08\/4m-burrito-trailer-more-details-720x720.jpg 720w, https:\/\/www.honlufoodtrailer.com\/wp-content\/uploads\/2024\/08\/4m-burrito-trailer-more-details-100x100.jpg 100w\" sizes=\"(max-width: 800px) 100vw, 800px\" \/><\/p>\n<h3>Ce que vous pouvez obtenir de nous<\/h3>\n<p>Nous pouvons fabriquer une remorque \u00e0 burritos similaire \u00e0 celle-ci, ou en concevoir une sur mesure. La couleur de la carrosserie, les autocollants, la signal\u00e9tique et l&#039;\u00e9quipement de cuisine sont personnalisables. Il vous suffit de nous contacter et de nous faire part de vos besoins.<\/p>\n<p>La cuisine mexicaine est tr\u00e8s populaire\u00a0; beaucoup de gens aiment manger des plats mexicains comme les burritos, les tacos, les quesadillas, les fajitas, les chilaquiles, les tostadas, etc. Si vous souhaitez lancer une activit\u00e9 de restauration ambulante mexicaine, cette remorque de 4\u00a0m\u00e8tres sera un bon choix.<\/p>\n<h3><b class=\"magic-22\"><span class=\"magic-11\">\u00a0Principales caract\u00e9ristiques de notre offre personnalis\u00e9e <\/span><\/b>Remorque de nourriture mexicaine<\/h3>\n<div class=\"magic-2\">\n<div class=\"magic-3\">\n<div class=\"magic-4\">1. Il est fabriqu\u00e9 en acier inoxydable de haute qualit\u00e9, r\u00e9sistant \u00e0 la corrosion et durable.<br \/>\n2. Il pr\u00e9sente les caract\u00e9ristiques suivantes : r\u00e9sistance \u00e0 la chaleur, haute tenue des couleurs, imperm\u00e9abilit\u00e9 et longue dur\u00e9e de vie.<br \/>\n3. L&#039;ext\u00e9rieur et l&#039;int\u00e9rieur de la remorque alimentaire peuvent \u00eatre personnalis\u00e9s.<\/div>\n<\/div>\n<\/div>","protected":false},"excerpt":{"rendered":"<p>Voici une remorque de restauration mexicaine de 4 m, fabriqu\u00e9e sur mesure. C&#039;est le choix id\u00e9al pour ceux qui souhaitent se lancer dans la restauration ambulante. Nous pouvons r\u00e9aliser un mod\u00e8le similaire ou en cr\u00e9er une enti\u00e8rement personnalis\u00e9e. N&#039;h\u00e9sitez pas \u00e0 nous contacter pour nous faire part de vos besoins sp\u00e9cifiques\u00a0!<\/p>","protected":false},"featured_media":8175,"template":"","meta":{"_themeisle_gutenberg_block_has_review":false},"product_brand":[],"product_cat":[26],"product_tag":[82,33,103,45,38,51],"class_list":{"0":"post-8169","1":"product","2":"type-product","3":"status-publish","4":"has-post-thumbnail","6":"product_cat-product","7":"product_tag-13ft-food-trailer","8":"product_tag-customized-trailer","9":"product_tag-food-trailer-german-standard","10":"product_tag-large-food-trailer","11":"product_tag-mobile-food-trailer","12":"product_tag-square-food-trailer","14":"first","15":"instock","16":"shipping-taxable","17":"product-type-simple"},"yoast_head":"<!-- This site is optimized with the Yoast SEO plugin v27.5 - https:\/\/yoast.com\/product\/yoast-seo-wordpress\/ -->\n<title>4m Burrito Food Trailer From China - Honlu Food Trailer<\/title>\n<meta name=\"description\" content=\"Want to start a burrito food trailer business? see this 4m Mexican food trailer at a competitive price now! Click to see its quality!\" \/>\n<meta name=\"robots\" content=\"index, follow, max-snippet:-1, max-image-preview:large, max-video-preview:-1\" \/>\n<link rel=\"canonical\" href=\"https:\/\/www.honlufoodtrailer.com\/fr\/product\/4m-burrito-trailer-trailer-german-standard\/\" \/>\n<meta property=\"og:locale\" content=\"fr_FR\" \/>\n<meta property=\"og:type\" content=\"article\" \/>\n<meta property=\"og:title\" content=\"4m Burrito Food Trailer From China - Honlu Food Trailer\" \/>\n<meta property=\"og:description\" content=\"Want to start a burrito food trailer business? see this 4m Mexican food trailer at a competitive price now! Click to see its quality!\" \/>\n<meta property=\"og:url\" content=\"https:\/\/www.honlufoodtrailer.com\/fr\/product\/4m-burrito-trailer-trailer-german-standard\/\" \/>\n<meta property=\"og:site_name\" content=\"Honlu food trailer\" \/>\n<meta property=\"article:modified_time\" content=\"2025-02-14T06:20:03+00:00\" \/>\n<meta property=\"og:image\" content=\"https:\/\/www.honlufoodtrailer.com\/wp-content\/uploads\/2024\/08\/4m-burrito-food-trailer.jpg\" \/>\n\t<meta property=\"og:image:width\" content=\"720\" \/>\n\t<meta property=\"og:image:height\" content=\"540\" \/>\n\t<meta property=\"og:image:type\" content=\"image\/jpeg\" \/>\n<meta name=\"twitter:card\" content=\"summary_large_image\" \/>\n<meta name=\"twitter:label1\" content=\"Dur\u00e9e de lecture estim\u00e9e\" \/>\n\t<meta name=\"twitter:data1\" content=\"1 minute\" \/>\n<script type=\"application\/ld+json\" class=\"yoast-schema-graph\">{\"@context\":\"https:\\\/\\\/schema.org\",\"@graph\":[{\"@type\":\"WebPage\",\"@id\":\"https:\\\/\\\/www.honlufoodtrailer.com\\\/product\\\/4m-burrito-trailer-trailer-german-standard\\\/\",\"url\":\"https:\\\/\\\/www.honlufoodtrailer.com\\\/product\\\/4m-burrito-trailer-trailer-german-standard\\\/\",\"name\":\"4m Burrito Food Trailer From China - Honlu Food Trailer\",\"isPartOf\":{\"@id\":\"https:\\\/\\\/www.honlufoodtrailer.com\\\/#website\"},\"primaryImageOfPage\":{\"@id\":\"https:\\\/\\\/www.honlufoodtrailer.com\\\/product\\\/4m-burrito-trailer-trailer-german-standard\\\/#primaryimage\"},\"image\":{\"@id\":\"https:\\\/\\\/www.honlufoodtrailer.com\\\/product\\\/4m-burrito-trailer-trailer-german-standard\\\/#primaryimage\"},\"thumbnailUrl\":\"https:\\\/\\\/www.honlufoodtrailer.com\\\/wp-content\\\/uploads\\\/2024\\\/08\\\/4m-burrito-food-trailer.jpg\",\"datePublished\":\"2024-08-07T10:34:18+00:00\",\"dateModified\":\"2025-02-14T06:20:03+00:00\",\"description\":\"Want to start a burrito food trailer business? see this 4m Mexican food trailer at a competitive price now! Click to see its quality!\",\"breadcrumb\":{\"@id\":\"https:\\\/\\\/www.honlufoodtrailer.com\\\/product\\\/4m-burrito-trailer-trailer-german-standard\\\/#breadcrumb\"},\"inLanguage\":\"fr-FR\",\"potentialAction\":[{\"@type\":\"ReadAction\",\"target\":[\"https:\\\/\\\/www.honlufoodtrailer.com\\\/product\\\/4m-burrito-trailer-trailer-german-standard\\\/\"]}]},{\"@type\":\"ImageObject\",\"inLanguage\":\"fr-FR\",\"@id\":\"https:\\\/\\\/www.honlufoodtrailer.com\\\/product\\\/4m-burrito-trailer-trailer-german-standard\\\/#primaryimage\",\"url\":\"https:\\\/\\\/www.honlufoodtrailer.com\\\/wp-content\\\/uploads\\\/2024\\\/08\\\/4m-burrito-food-trailer.jpg\",\"contentUrl\":\"https:\\\/\\\/www.honlufoodtrailer.com\\\/wp-content\\\/uploads\\\/2024\\\/08\\\/4m-burrito-food-trailer.jpg\",\"width\":720,\"height\":540,\"caption\":\"4m burrito food trailer\"},{\"@type\":\"BreadcrumbList\",\"@id\":\"https:\\\/\\\/www.honlufoodtrailer.com\\\/product\\\/4m-burrito-trailer-trailer-german-standard\\\/#breadcrumb\",\"itemListElement\":[{\"@type\":\"ListItem\",\"position\":1,\"name\":\"Home\",\"item\":\"https:\\\/\\\/www.honlufoodtrailer.com\\\/\"},{\"@type\":\"ListItem\",\"position\":2,\"name\":\"\u4ea7\u54c1\",\"item\":\"https:\\\/\\\/www.honlufoodtrailer.com\\\/shop\\\/\"},{\"@type\":\"ListItem\",\"position\":3,\"name\":\"4m Burrito Trailer German Standard\"}]},{\"@type\":\"WebSite\",\"@id\":\"https:\\\/\\\/www.honlufoodtrailer.com\\\/#website\",\"url\":\"https:\\\/\\\/www.honlufoodtrailer.com\\\/\",\"name\":\"Honlu food trailer\",\"description\":\"\",\"publisher\":{\"@id\":\"https:\\\/\\\/www.honlufoodtrailer.com\\\/#organization\"},\"potentialAction\":[{\"@type\":\"SearchAction\",\"target\":{\"@type\":\"EntryPoint\",\"urlTemplate\":\"https:\\\/\\\/www.honlufoodtrailer.com\\\/?s={search_term_string}\"},\"query-input\":{\"@type\":\"PropertyValueSpecification\",\"valueRequired\":true,\"valueName\":\"search_term_string\"}}],\"inLanguage\":\"fr-FR\"},{\"@type\":\"Organization\",\"@id\":\"https:\\\/\\\/www.honlufoodtrailer.com\\\/#organization\",\"name\":\"Honlu food trailer\",\"url\":\"https:\\\/\\\/www.honlufoodtrailer.com\\\/\",\"logo\":{\"@type\":\"ImageObject\",\"inLanguage\":\"fr-FR\",\"@id\":\"https:\\\/\\\/www.honlufoodtrailer.com\\\/#\\\/schema\\\/logo\\\/image\\\/\",\"url\":\"https:\\\/\\\/www.honlufoodtrailer.com\\\/wp-content\\\/uploads\\\/2021\\\/12\\\/2.gif\",\"contentUrl\":\"https:\\\/\\\/www.honlufoodtrailer.com\\\/wp-content\\\/uploads\\\/2021\\\/12\\\/2.gif\",\"width\":350,\"height\":100,\"caption\":\"Honlu food trailer\"},\"image\":{\"@id\":\"https:\\\/\\\/www.honlufoodtrailer.com\\\/#\\\/schema\\\/logo\\\/image\\\/\"}}]}<\/script>\n<!-- \/ Yoast SEO plugin. -->","yoast_head_json":{"title":"Remorque alimentaire Honlu de 4 m pour burritos, en provenance de Chine.","description":"Envie de lancer votre propre food truck de burritos\u00a0? D\u00e9couvrez d\u00e8s maintenant cette remorque mexicaine de 4\u00a0m\u00e8tres \u00e0 un prix comp\u00e9titif\u00a0! Cliquez pour en constater la qualit\u00e9\u00a0!","robots":{"index":"index","follow":"follow","max-snippet":"max-snippet:-1","max-image-preview":"max-image-preview:large","max-video-preview":"max-video-preview:-1"},"canonical":"https:\/\/www.honlufoodtrailer.com\/fr\/product\/4m-burrito-trailer-trailer-german-standard\/","og_locale":"fr_FR","og_type":"article","og_title":"4m Burrito Food Trailer From China - Honlu Food Trailer","og_description":"Want to start a burrito food trailer business? see this 4m Mexican food trailer at a competitive price now! Click to see its quality!","og_url":"https:\/\/www.honlufoodtrailer.com\/fr\/product\/4m-burrito-trailer-trailer-german-standard\/","og_site_name":"Honlu food trailer","article_modified_time":"2025-02-14T06:20:03+00:00","og_image":[{"width":720,"height":540,"url":"https:\/\/www.honlufoodtrailer.com\/wp-content\/uploads\/2024\/08\/4m-burrito-food-trailer.jpg","type":"image\/jpeg"}],"twitter_card":"summary_large_image","twitter_misc":{"Dur\u00e9e de lecture estim\u00e9e":"1 minute"},"schema":{"@context":"https:\/\/schema.org","@graph":[{"@type":"WebPage","@id":"https:\/\/www.honlufoodtrailer.com\/product\/4m-burrito-trailer-trailer-german-standard\/","url":"https:\/\/www.honlufoodtrailer.com\/product\/4m-burrito-trailer-trailer-german-standard\/","name":"Remorque alimentaire Honlu de 4 m pour burritos, en provenance de Chine.","isPartOf":{"@id":"https:\/\/www.honlufoodtrailer.com\/#website"},"primaryImageOfPage":{"@id":"https:\/\/www.honlufoodtrailer.com\/product\/4m-burrito-trailer-trailer-german-standard\/#primaryimage"},"image":{"@id":"https:\/\/www.honlufoodtrailer.com\/product\/4m-burrito-trailer-trailer-german-standard\/#primaryimage"},"thumbnailUrl":"https:\/\/www.honlufoodtrailer.com\/wp-content\/uploads\/2024\/08\/4m-burrito-food-trailer.jpg","datePublished":"2024-08-07T10:34:18+00:00","dateModified":"2025-02-14T06:20:03+00:00","description":"Envie de lancer votre propre food truck de burritos\u00a0? D\u00e9couvrez d\u00e8s maintenant cette remorque mexicaine de 4\u00a0m\u00e8tres \u00e0 un prix comp\u00e9titif\u00a0! Cliquez pour en constater la qualit\u00e9\u00a0!","breadcrumb":{"@id":"https:\/\/www.honlufoodtrailer.com\/product\/4m-burrito-trailer-trailer-german-standard\/#breadcrumb"},"inLanguage":"fr-FR","potentialAction":[{"@type":"ReadAction","target":["https:\/\/www.honlufoodtrailer.com\/product\/4m-burrito-trailer-trailer-german-standard\/"]}]},{"@type":"ImageObject","inLanguage":"fr-FR","@id":"https:\/\/www.honlufoodtrailer.com\/product\/4m-burrito-trailer-trailer-german-standard\/#primaryimage","url":"https:\/\/www.honlufoodtrailer.com\/wp-content\/uploads\/2024\/08\/4m-burrito-food-trailer.jpg","contentUrl":"https:\/\/www.honlufoodtrailer.com\/wp-content\/uploads\/2024\/08\/4m-burrito-food-trailer.jpg","width":720,"height":540,"caption":"4m burrito food trailer"},{"@type":"BreadcrumbList","@id":"https:\/\/www.honlufoodtrailer.com\/product\/4m-burrito-trailer-trailer-german-standard\/#breadcrumb","itemListElement":[{"@type":"ListItem","position":1,"name":"Home","item":"https:\/\/www.honlufoodtrailer.com\/"},{"@type":"ListItem","position":2,"name":"\u4ea7\u54c1","item":"https:\/\/www.honlufoodtrailer.com\/shop\/"},{"@type":"ListItem","position":3,"name":"4m Burrito Trailer German Standard"}]},{"@type":"WebSite","@id":"https:\/\/www.honlufoodtrailer.com\/#website","url":"https:\/\/www.honlufoodtrailer.com\/","name":"Remorque alimentaire Honlu","description":"","publisher":{"@id":"https:\/\/www.honlufoodtrailer.com\/#organization"},"potentialAction":[{"@type":"SearchAction","target":{"@type":"EntryPoint","urlTemplate":"https:\/\/www.honlufoodtrailer.com\/?s={search_term_string}"},"query-input":{"@type":"PropertyValueSpecification","valueRequired":true,"valueName":"search_term_string"}}],"inLanguage":"fr-FR"},{"@type":"Organization","@id":"https:\/\/www.honlufoodtrailer.com\/#organization","name":"Remorque alimentaire Honlu","url":"https:\/\/www.honlufoodtrailer.com\/","logo":{"@type":"ImageObject","inLanguage":"fr-FR","@id":"https:\/\/www.honlufoodtrailer.com\/#\/schema\/logo\/image\/","url":"https:\/\/www.honlufoodtrailer.com\/wp-content\/uploads\/2021\/12\/2.gif","contentUrl":"https:\/\/www.honlufoodtrailer.com\/wp-content\/uploads\/2021\/12\/2.gif","width":350,"height":100,"caption":"Honlu food trailer"},"image":{"@id":"https:\/\/www.honlufoodtrailer.com\/#\/schema\/logo\/image\/"}}]}},"_links":{"self":[{"href":"https:\/\/www.honlufoodtrailer.com\/fr\/wp-json\/wp\/v2\/product\/8169","targetHints":{"allow":["GET"]}}],"collection":[{"href":"https:\/\/www.honlufoodtrailer.com\/fr\/wp-json\/wp\/v2\/product"}],"about":[{"href":"https:\/\/www.honlufoodtrailer.com\/fr\/wp-json\/wp\/v2\/types\/product"}],"version-history":[{"count":0,"href":"https:\/\/www.honlufoodtrailer.com\/fr\/wp-json\/wp\/v2\/product\/8169\/revisions"}],"wp:featuredmedia":[{"embeddable":true,"href":"https:\/\/www.honlufoodtrailer.com\/fr\/wp-json\/wp\/v2\/media\/8175"}],"wp:attachment":[{"href":"https:\/\/www.honlufoodtrailer.com\/fr\/wp-json\/wp\/v2\/media?parent=8169"}],"wp:term":[{"taxonomy":"product_brand","embeddable":true,"href":"https:\/\/www.honlufoodtrailer.com\/fr\/wp-json\/wp\/v2\/product_brand?post=8169"},{"taxonomy":"product_cat","embeddable":true,"href":"https:\/\/www.honlufoodtrailer.com\/fr\/wp-json\/wp\/v2\/product_cat?post=8169"},{"taxonomy":"product_tag","embeddable":true,"href":"https:\/\/www.honlufoodtrailer.com\/fr\/wp-json\/wp\/v2\/product_tag?post=8169"}],"curies":[{"name":"wp","href":"https:\/\/api.w.org\/{rel}","templated":true}]}}