{"id":8247,"date":"2024-08-23T17:46:53","date_gmt":"2024-08-23T09:46:53","guid":{"rendered":"https:\/\/www.honlufoodtrailer.com\/?post_type=product&#038;p=8247"},"modified":"2025-02-14T14:14:58","modified_gmt":"2025-02-14T06:14:58","slug":"18ft-food-truck-with-full-kitchen","status":"publish","type":"product","link":"https:\/\/www.honlufoodtrailer.com\/fr\/product\/18ft-food-truck-with-full-kitchen\/","title":{"rendered":"18ft Food Truck With Full Kitchen"},"content":{"rendered":"<p>Are you looking for a food truck with full kitchen for your mobile food business? See this one here! Below is a customized 18ft food truck full kitchen. We customized it for a customer from America. The whole vehicle adopts stainless steel and galvanized sheet steel. It is a good choice for running a mobile food business. Now, let&#8217;s see some pictures of this food truck!<\/p>\n<p><img fetchpriority=\"high\" decoding=\"async\" class=\"aligncenter size-full wp-image-8252\" src=\"https:\/\/www.honlufoodtrailer.com\/wp-content\/uploads\/2024\/08\/18ft-food-truck-full-kitchen-front-view.jpg\" alt=\"18ft food truck full kitchen front view\" width=\"720\" height=\"540\" srcset=\"https:\/\/www.honlufoodtrailer.com\/wp-content\/uploads\/2024\/08\/18ft-food-truck-full-kitchen-front-view.jpg 720w, https:\/\/www.honlufoodtrailer.com\/wp-content\/uploads\/2024\/08\/18ft-food-truck-full-kitchen-front-view-480x360.jpg 480w, https:\/\/www.honlufoodtrailer.com\/wp-content\/uploads\/2024\/08\/18ft-food-truck-full-kitchen-front-view-300x225.jpg 300w\" sizes=\"(max-width: 720px) 100vw, 720px\" \/> <img decoding=\"async\" class=\"aligncenter size-full wp-image-8250\" src=\"https:\/\/www.honlufoodtrailer.com\/wp-content\/uploads\/2024\/08\/18ft-food-truck-full-kitchen-back-view.jpg\" alt=\"18ft food truck full kitchen back view\" width=\"720\" height=\"540\" srcset=\"https:\/\/www.honlufoodtrailer.com\/wp-content\/uploads\/2024\/08\/18ft-food-truck-full-kitchen-back-view.jpg 720w, https:\/\/www.honlufoodtrailer.com\/wp-content\/uploads\/2024\/08\/18ft-food-truck-full-kitchen-back-view-480x360.jpg 480w, https:\/\/www.honlufoodtrailer.com\/wp-content\/uploads\/2024\/08\/18ft-food-truck-full-kitchen-back-view-300x225.jpg 300w\" sizes=\"(max-width: 720px) 100vw, 720px\" \/><br \/>\nAs we can see from the pictures above, this food truck with full kitchen has full body stickers and is very appealing to the crowd. It can serve a large number of people. On the outside of the food truck, we installed a taillight, external power supply, etc. that meet American standards. Also, we install a signboard on the top of the food truck according to the customer&#8217;s requirements. Next, let&#8217;s see the usage and inner details of this 18ft food truck full kitchen.<\/p>\n<h3>Usage Of This 18ft Food Truck With Full Kitchen<\/h3>\n<p>Nos clients utilisent principalement ce food truck pour vendre des plats de restauration rapide tels que des hamburgers, des frites, des hot-dogs, du poulet frit, des boissons, etc.<\/p>\n<h3>Inner Structure Of This Fast Food Truck<\/h3>\n<p>Comme on peut le voir sur les photos ci-dessous, nous avons principalement install\u00e9 quatre \u00e9viers, deux longs plans de travail en acier inoxydable avec rangements, plusieurs robinets d&#039;eau, une friteuse \u00e0 gaz, une plaque de cuisson \u00e0 gaz, une cuisini\u00e8re \u00e0 gaz \u00e0 4 br\u00fbleurs avec four, un bain-marie \u00e0 gaz, un r\u00e9frig\u00e9rateur \u00e0 salades, un r\u00e9frig\u00e9rateur \u00e0 boissons, etc.<\/p>\n<p><img decoding=\"async\" class=\"aligncenter size-full wp-image-8255\" src=\"https:\/\/www.honlufoodtrailer.com\/wp-content\/uploads\/2024\/08\/18ft-food-truck-with-full-kitchen-inner-structure.jpg\" alt=\"18ft food truck with full kitchen inner structure\" width=\"720\" height=\"540\" srcset=\"https:\/\/www.honlufoodtrailer.com\/wp-content\/uploads\/2024\/08\/18ft-food-truck-with-full-kitchen-inner-structure.jpg 720w, https:\/\/www.honlufoodtrailer.com\/wp-content\/uploads\/2024\/08\/18ft-food-truck-with-full-kitchen-inner-structure-480x360.jpg 480w, https:\/\/www.honlufoodtrailer.com\/wp-content\/uploads\/2024\/08\/18ft-food-truck-with-full-kitchen-inner-structure-300x225.jpg 300w\" sizes=\"(max-width: 720px) 100vw, 720px\" \/> <img loading=\"lazy\" decoding=\"async\" class=\"aligncenter size-full wp-image-8257\" src=\"https:\/\/www.honlufoodtrailer.com\/wp-content\/uploads\/2024\/08\/18ft-food-truck-full-kitchen-inner-details.jpg\" alt=\"18ft food truck full kitchen inner details\" width=\"800\" height=\"800\" srcset=\"https:\/\/www.honlufoodtrailer.com\/wp-content\/uploads\/2024\/08\/18ft-food-truck-full-kitchen-inner-details.jpg 800w, https:\/\/www.honlufoodtrailer.com\/wp-content\/uploads\/2024\/08\/18ft-food-truck-full-kitchen-inner-details-768x768.jpg 768w, https:\/\/www.honlufoodtrailer.com\/wp-content\/uploads\/2024\/08\/18ft-food-truck-full-kitchen-inner-details-360x360.jpg 360w, https:\/\/www.honlufoodtrailer.com\/wp-content\/uploads\/2024\/08\/18ft-food-truck-full-kitchen-inner-details-300x300.jpg 300w, https:\/\/www.honlufoodtrailer.com\/wp-content\/uploads\/2024\/08\/18ft-food-truck-full-kitchen-inner-details-720x720.jpg 720w, https:\/\/www.honlufoodtrailer.com\/wp-content\/uploads\/2024\/08\/18ft-food-truck-full-kitchen-inner-details-100x100.jpg 100w\" sizes=\"(max-width: 800px) 100vw, 800px\" \/><\/p>\n<h3>Plus de d\u00e9tails\u00a0:<\/h3>\n<p>See more details of this full kitchen food truck. As you can see, all accessories are in accordance with US standards. As a professional food trailer manufacturer and exporter with more than 10 years experience, we are familiar with the regulations and requirements of many countries, we will provide you with food trucks that meet your country&#8217;s requirements. Just contact us to customize your food truck!<img loading=\"lazy\" decoding=\"async\" class=\"aligncenter size-full wp-image-8258\" src=\"https:\/\/www.honlufoodtrailer.com\/wp-content\/uploads\/2024\/08\/18ft-food-truck-full-kitchen-more-details.jpg\" alt=\"18ft food truck full kitchen more details\" width=\"800\" height=\"800\" srcset=\"https:\/\/www.honlufoodtrailer.com\/wp-content\/uploads\/2024\/08\/18ft-food-truck-full-kitchen-more-details.jpg 800w, https:\/\/www.honlufoodtrailer.com\/wp-content\/uploads\/2024\/08\/18ft-food-truck-full-kitchen-more-details-768x768.jpg 768w, https:\/\/www.honlufoodtrailer.com\/wp-content\/uploads\/2024\/08\/18ft-food-truck-full-kitchen-more-details-360x360.jpg 360w, https:\/\/www.honlufoodtrailer.com\/wp-content\/uploads\/2024\/08\/18ft-food-truck-full-kitchen-more-details-300x300.jpg 300w, https:\/\/www.honlufoodtrailer.com\/wp-content\/uploads\/2024\/08\/18ft-food-truck-full-kitchen-more-details-720x720.jpg 720w, https:\/\/www.honlufoodtrailer.com\/wp-content\/uploads\/2024\/08\/18ft-food-truck-full-kitchen-more-details-100x100.jpg 100w\" sizes=\"(max-width: 800px) 100vw, 800px\" \/><\/p>\n<h3 class=\"magic-6\" data-spm-anchor-id=\"a2700.wholesale.0.i28.29e52808agqc7f\">Caract\u00e9ristiques principales du food truck<\/h3>\n<div class=\"magic-7\">\n<div class=\"magic-8\">\n<div class=\"magic-9\" data-id=\"paragraph0\">\n<ol>\n<li>Meet US standards;<\/li>\n<li>Structure compacte et agencement raisonnable.<\/li>\n<li>Qualit\u00e9 robuste, \u00e0 un prix raisonnable.<\/li>\n<\/ol>\n<h3>Dessin de plan d'\u00e9tage 2D\/3D gratuit<\/h3>\n<p>Apr\u00e8s avoir confirm\u00e9 les dimensions de la remorque alimentaire et de l'\u00e9quipement de cuisine interne, nous pouvons vous fournir gratuitement des dessins en 3D. Cela vous donnera une id\u00e9e plus claire de votre conception et de votre remorque alimentaire. Lorsque nous confirmons l'emplacement de l'\u00e9quipement de cuisine, nous pouvons communiquer clairement avec vous gr\u00e2ce au plan d'\u00e9tage. Nous pouvons \u00e9galement vous fournir des documents originaux pour faciliter votre conception et proc\u00e9der \u00e0 des ajustements.<\/p>\n<\/div>\n<\/div>\n<\/div>","protected":false},"excerpt":{"rendered":"<p data-spm-anchor-id=\"a2700.wholesale.0.i28.29e52808agqc7f\">Voici une remorque de restauration de 5,5 m (18 pieds) enti\u00e8rement \u00e9quip\u00e9e et personnalis\u00e9e. Enti\u00e8rement construite en acier inoxydable et en t\u00f4le d&#039;acier galvanis\u00e9e, elle est id\u00e9ale pour la vente de restauration rapide, de boissons, etc. Nous pouvons fabriquer une remorque similaire ou en concevoir une sur mesure. Dimensions, couleur de la carrosserie, autocollants, signal\u00e9tique et \u00e9quipements de cuisine sont personnalisables. De plus, tous les accessoires sont adapt\u00e9s \u00e0 vos besoins. N&#039;h\u00e9sitez pas \u00e0 nous contacter pour nous faire part de vos exigences\u00a0!<\/p>","protected":false},"featured_media":8249,"template":"","meta":{"_themeisle_gutenberg_block_has_review":false},"product_brand":[],"product_cat":[26],"product_tag":[83,33,45,38,51],"class_list":{"0":"post-8247","1":"product","2":"type-product","3":"status-publish","4":"has-post-thumbnail","6":"product_cat-product","7":"product_tag-18ft-food-trailer","8":"product_tag-customized-trailer","9":"product_tag-large-food-trailer","10":"product_tag-mobile-food-trailer","11":"product_tag-square-food-trailer","13":"first","14":"instock","15":"shipping-taxable","16":"product-type-simple"},"yoast_head":"<!-- This site is optimized with the Yoast SEO plugin v27.5 - https:\/\/yoast.com\/product\/yoast-seo-wordpress\/ -->\n<title>18ft Food Truck With Full Kitchen Fom China Factory - Honlu<\/title>\n<meta name=\"description\" content=\"This is a customized 18ft food truck with full kitchen. High quality and appealing appearance, get its price here direct from China factory!\" \/>\n<meta name=\"robots\" content=\"index, follow, max-snippet:-1, max-image-preview:large, max-video-preview:-1\" \/>\n<link rel=\"canonical\" href=\"https:\/\/www.honlufoodtrailer.com\/fr\/product\/18ft-food-truck-with-full-kitchen\/\" \/>\n<meta property=\"og:locale\" content=\"fr_FR\" \/>\n<meta property=\"og:type\" content=\"article\" \/>\n<meta property=\"og:title\" content=\"18ft Food Truck With Full Kitchen Fom China Factory - Honlu\" \/>\n<meta property=\"og:description\" content=\"This is a customized 18ft food truck with full kitchen. High quality and appealing appearance, get its price here direct from China factory!\" \/>\n<meta property=\"og:url\" content=\"https:\/\/www.honlufoodtrailer.com\/fr\/product\/18ft-food-truck-with-full-kitchen\/\" \/>\n<meta property=\"og:site_name\" content=\"Honlu food trailer\" \/>\n<meta property=\"article:modified_time\" content=\"2025-02-14T06:14:58+00:00\" \/>\n<meta property=\"og:image\" content=\"https:\/\/www.honlufoodtrailer.com\/wp-content\/uploads\/2024\/08\/5.5m-food-truck-full-kitchen.jpg\" \/>\n\t<meta property=\"og:image:width\" content=\"720\" \/>\n\t<meta property=\"og:image:height\" content=\"540\" \/>\n\t<meta property=\"og:image:type\" content=\"image\/jpeg\" \/>\n<meta name=\"twitter:card\" content=\"summary_large_image\" \/>\n<meta name=\"twitter:label1\" content=\"Dur\u00e9e de lecture estim\u00e9e\" \/>\n\t<meta name=\"twitter:data1\" content=\"2 minutes\" \/>\n<script type=\"application\/ld+json\" class=\"yoast-schema-graph\">{\"@context\":\"https:\\\/\\\/schema.org\",\"@graph\":[{\"@type\":\"WebPage\",\"@id\":\"https:\\\/\\\/www.honlufoodtrailer.com\\\/product\\\/18ft-food-truck-with-full-kitchen\\\/\",\"url\":\"https:\\\/\\\/www.honlufoodtrailer.com\\\/product\\\/18ft-food-truck-with-full-kitchen\\\/\",\"name\":\"18ft Food Truck With Full Kitchen Fom China Factory - Honlu\",\"isPartOf\":{\"@id\":\"https:\\\/\\\/www.honlufoodtrailer.com\\\/#website\"},\"primaryImageOfPage\":{\"@id\":\"https:\\\/\\\/www.honlufoodtrailer.com\\\/product\\\/18ft-food-truck-with-full-kitchen\\\/#primaryimage\"},\"image\":{\"@id\":\"https:\\\/\\\/www.honlufoodtrailer.com\\\/product\\\/18ft-food-truck-with-full-kitchen\\\/#primaryimage\"},\"thumbnailUrl\":\"https:\\\/\\\/www.honlufoodtrailer.com\\\/wp-content\\\/uploads\\\/2024\\\/08\\\/5.5m-food-truck-full-kitchen.jpg\",\"datePublished\":\"2024-08-23T09:46:53+00:00\",\"dateModified\":\"2025-02-14T06:14:58+00:00\",\"description\":\"This is a customized 18ft food truck with full kitchen. High quality and appealing appearance, get its price here direct from China factory!\",\"breadcrumb\":{\"@id\":\"https:\\\/\\\/www.honlufoodtrailer.com\\\/product\\\/18ft-food-truck-with-full-kitchen\\\/#breadcrumb\"},\"inLanguage\":\"fr-FR\",\"potentialAction\":[{\"@type\":\"ReadAction\",\"target\":[\"https:\\\/\\\/www.honlufoodtrailer.com\\\/product\\\/18ft-food-truck-with-full-kitchen\\\/\"]}]},{\"@type\":\"ImageObject\",\"inLanguage\":\"fr-FR\",\"@id\":\"https:\\\/\\\/www.honlufoodtrailer.com\\\/product\\\/18ft-food-truck-with-full-kitchen\\\/#primaryimage\",\"url\":\"https:\\\/\\\/www.honlufoodtrailer.com\\\/wp-content\\\/uploads\\\/2024\\\/08\\\/5.5m-food-truck-full-kitchen.jpg\",\"contentUrl\":\"https:\\\/\\\/www.honlufoodtrailer.com\\\/wp-content\\\/uploads\\\/2024\\\/08\\\/5.5m-food-truck-full-kitchen.jpg\",\"width\":720,\"height\":540,\"caption\":\"5.5m food truck full kitchen\"},{\"@type\":\"BreadcrumbList\",\"@id\":\"https:\\\/\\\/www.honlufoodtrailer.com\\\/product\\\/18ft-food-truck-with-full-kitchen\\\/#breadcrumb\",\"itemListElement\":[{\"@type\":\"ListItem\",\"position\":1,\"name\":\"Home\",\"item\":\"https:\\\/\\\/www.honlufoodtrailer.com\\\/\"},{\"@type\":\"ListItem\",\"position\":2,\"name\":\"\u4ea7\u54c1\",\"item\":\"https:\\\/\\\/www.honlufoodtrailer.com\\\/shop\\\/\"},{\"@type\":\"ListItem\",\"position\":3,\"name\":\"18ft Food Truck With Full Kitchen\"}]},{\"@type\":\"WebSite\",\"@id\":\"https:\\\/\\\/www.honlufoodtrailer.com\\\/#website\",\"url\":\"https:\\\/\\\/www.honlufoodtrailer.com\\\/\",\"name\":\"Honlu food trailer\",\"description\":\"\",\"publisher\":{\"@id\":\"https:\\\/\\\/www.honlufoodtrailer.com\\\/#organization\"},\"potentialAction\":[{\"@type\":\"SearchAction\",\"target\":{\"@type\":\"EntryPoint\",\"urlTemplate\":\"https:\\\/\\\/www.honlufoodtrailer.com\\\/?s={search_term_string}\"},\"query-input\":{\"@type\":\"PropertyValueSpecification\",\"valueRequired\":true,\"valueName\":\"search_term_string\"}}],\"inLanguage\":\"fr-FR\"},{\"@type\":\"Organization\",\"@id\":\"https:\\\/\\\/www.honlufoodtrailer.com\\\/#organization\",\"name\":\"Honlu food trailer\",\"url\":\"https:\\\/\\\/www.honlufoodtrailer.com\\\/\",\"logo\":{\"@type\":\"ImageObject\",\"inLanguage\":\"fr-FR\",\"@id\":\"https:\\\/\\\/www.honlufoodtrailer.com\\\/#\\\/schema\\\/logo\\\/image\\\/\",\"url\":\"https:\\\/\\\/www.honlufoodtrailer.com\\\/wp-content\\\/uploads\\\/2021\\\/12\\\/2.gif\",\"contentUrl\":\"https:\\\/\\\/www.honlufoodtrailer.com\\\/wp-content\\\/uploads\\\/2021\\\/12\\\/2.gif\",\"width\":350,\"height\":100,\"caption\":\"Honlu food trailer\"},\"image\":{\"@id\":\"https:\\\/\\\/www.honlufoodtrailer.com\\\/#\\\/schema\\\/logo\\\/image\\\/\"}}]}<\/script>\n<!-- \/ Yoast SEO plugin. -->","yoast_head_json":{"title":"18ft Food Truck With Full Kitchen Fom China Factory - Honlu","description":"This is a customized 18ft food truck with full kitchen. High quality and appealing appearance, get its price here direct from China factory!","robots":{"index":"index","follow":"follow","max-snippet":"max-snippet:-1","max-image-preview":"max-image-preview:large","max-video-preview":"max-video-preview:-1"},"canonical":"https:\/\/www.honlufoodtrailer.com\/fr\/product\/18ft-food-truck-with-full-kitchen\/","og_locale":"fr_FR","og_type":"article","og_title":"18ft Food Truck With Full Kitchen Fom China Factory - Honlu","og_description":"This is a customized 18ft food truck with full kitchen. High quality and appealing appearance, get its price here direct from China factory!","og_url":"https:\/\/www.honlufoodtrailer.com\/fr\/product\/18ft-food-truck-with-full-kitchen\/","og_site_name":"Honlu food trailer","article_modified_time":"2025-02-14T06:14:58+00:00","og_image":[{"width":720,"height":540,"url":"https:\/\/www.honlufoodtrailer.com\/wp-content\/uploads\/2024\/08\/5.5m-food-truck-full-kitchen.jpg","type":"image\/jpeg"}],"twitter_card":"summary_large_image","twitter_misc":{"Dur\u00e9e de lecture estim\u00e9e":"2 minutes"},"schema":{"@context":"https:\/\/schema.org","@graph":[{"@type":"WebPage","@id":"https:\/\/www.honlufoodtrailer.com\/product\/18ft-food-truck-with-full-kitchen\/","url":"https:\/\/www.honlufoodtrailer.com\/product\/18ft-food-truck-with-full-kitchen\/","name":"18ft Food Truck With Full Kitchen Fom China Factory - Honlu","isPartOf":{"@id":"https:\/\/www.honlufoodtrailer.com\/#website"},"primaryImageOfPage":{"@id":"https:\/\/www.honlufoodtrailer.com\/product\/18ft-food-truck-with-full-kitchen\/#primaryimage"},"image":{"@id":"https:\/\/www.honlufoodtrailer.com\/product\/18ft-food-truck-with-full-kitchen\/#primaryimage"},"thumbnailUrl":"https:\/\/www.honlufoodtrailer.com\/wp-content\/uploads\/2024\/08\/5.5m-food-truck-full-kitchen.jpg","datePublished":"2024-08-23T09:46:53+00:00","dateModified":"2025-02-14T06:14:58+00:00","description":"This is a customized 18ft food truck with full kitchen. High quality and appealing appearance, get its price here direct from China factory!","breadcrumb":{"@id":"https:\/\/www.honlufoodtrailer.com\/product\/18ft-food-truck-with-full-kitchen\/#breadcrumb"},"inLanguage":"fr-FR","potentialAction":[{"@type":"ReadAction","target":["https:\/\/www.honlufoodtrailer.com\/product\/18ft-food-truck-with-full-kitchen\/"]}]},{"@type":"ImageObject","inLanguage":"fr-FR","@id":"https:\/\/www.honlufoodtrailer.com\/product\/18ft-food-truck-with-full-kitchen\/#primaryimage","url":"https:\/\/www.honlufoodtrailer.com\/wp-content\/uploads\/2024\/08\/5.5m-food-truck-full-kitchen.jpg","contentUrl":"https:\/\/www.honlufoodtrailer.com\/wp-content\/uploads\/2024\/08\/5.5m-food-truck-full-kitchen.jpg","width":720,"height":540,"caption":"5.5m food truck full kitchen"},{"@type":"BreadcrumbList","@id":"https:\/\/www.honlufoodtrailer.com\/product\/18ft-food-truck-with-full-kitchen\/#breadcrumb","itemListElement":[{"@type":"ListItem","position":1,"name":"Home","item":"https:\/\/www.honlufoodtrailer.com\/"},{"@type":"ListItem","position":2,"name":"\u4ea7\u54c1","item":"https:\/\/www.honlufoodtrailer.com\/shop\/"},{"@type":"ListItem","position":3,"name":"18ft Food Truck With Full Kitchen"}]},{"@type":"WebSite","@id":"https:\/\/www.honlufoodtrailer.com\/#website","url":"https:\/\/www.honlufoodtrailer.com\/","name":"Remorque alimentaire Honlu","description":"","publisher":{"@id":"https:\/\/www.honlufoodtrailer.com\/#organization"},"potentialAction":[{"@type":"SearchAction","target":{"@type":"EntryPoint","urlTemplate":"https:\/\/www.honlufoodtrailer.com\/?s={search_term_string}"},"query-input":{"@type":"PropertyValueSpecification","valueRequired":true,"valueName":"search_term_string"}}],"inLanguage":"fr-FR"},{"@type":"Organization","@id":"https:\/\/www.honlufoodtrailer.com\/#organization","name":"Remorque alimentaire Honlu","url":"https:\/\/www.honlufoodtrailer.com\/","logo":{"@type":"ImageObject","inLanguage":"fr-FR","@id":"https:\/\/www.honlufoodtrailer.com\/#\/schema\/logo\/image\/","url":"https:\/\/www.honlufoodtrailer.com\/wp-content\/uploads\/2021\/12\/2.gif","contentUrl":"https:\/\/www.honlufoodtrailer.com\/wp-content\/uploads\/2021\/12\/2.gif","width":350,"height":100,"caption":"Honlu food trailer"},"image":{"@id":"https:\/\/www.honlufoodtrailer.com\/#\/schema\/logo\/image\/"}}]}},"_links":{"self":[{"href":"https:\/\/www.honlufoodtrailer.com\/fr\/wp-json\/wp\/v2\/product\/8247","targetHints":{"allow":["GET"]}}],"collection":[{"href":"https:\/\/www.honlufoodtrailer.com\/fr\/wp-json\/wp\/v2\/product"}],"about":[{"href":"https:\/\/www.honlufoodtrailer.com\/fr\/wp-json\/wp\/v2\/types\/product"}],"version-history":[{"count":0,"href":"https:\/\/www.honlufoodtrailer.com\/fr\/wp-json\/wp\/v2\/product\/8247\/revisions"}],"wp:featuredmedia":[{"embeddable":true,"href":"https:\/\/www.honlufoodtrailer.com\/fr\/wp-json\/wp\/v2\/media\/8249"}],"wp:attachment":[{"href":"https:\/\/www.honlufoodtrailer.com\/fr\/wp-json\/wp\/v2\/media?parent=8247"}],"wp:term":[{"taxonomy":"product_brand","embeddable":true,"href":"https:\/\/www.honlufoodtrailer.com\/fr\/wp-json\/wp\/v2\/product_brand?post=8247"},{"taxonomy":"product_cat","embeddable":true,"href":"https:\/\/www.honlufoodtrailer.com\/fr\/wp-json\/wp\/v2\/product_cat?post=8247"},{"taxonomy":"product_tag","embeddable":true,"href":"https:\/\/www.honlufoodtrailer.com\/fr\/wp-json\/wp\/v2\/product_tag?post=8247"}],"curies":[{"name":"wp","href":"https:\/\/api.w.org\/{rel}","templated":true}]}}