{"id":8283,"date":"2024-08-28T18:13:20","date_gmt":"2024-08-28T10:13:20","guid":{"rendered":"https:\/\/www.honlufoodtrailer.com\/?post_type=product&#038;p=8283"},"modified":"2025-02-14T14:05:02","modified_gmt":"2025-02-14T06:05:02","slug":"23ft-taqueria-taco-truck","status":"publish","type":"product","link":"https:\/\/www.honlufoodtrailer.com\/fr\/product\/23ft-taqueria-taco-truck\/","title":{"rendered":"Camion de tacos Taqueria de 7 m\u00e8tres"},"content":{"rendered":"<p>Vous cherchez un food truck de tacos ? D\u00e9couvrez ce mod\u00e8le de 7 m\u00e8tres ! Nous l&#039;avons personnalis\u00e9 pour un client qui y vendra de la cuisine mexicaine. Nous pouvons fabriquer un food truck similaire ou en cr\u00e9er un sur mesure. Couleur de la carrosserie, autocollants, signal\u00e9tique, \u00e9quipement de cuisine : tout est personnalisable. D\u00e9couvrez sans plus attendre quelques photos de ce food truck !<\/p>\n<p><img fetchpriority=\"high\" decoding=\"async\" class=\"aligncenter size-full wp-image-8290\" src=\"https:\/\/www.honlufoodtrailer.com\/wp-content\/uploads\/2024\/08\/7m-taqueria-truck.jpg\" alt=\"camion de taqueria de 7 m\" width=\"720\" height=\"540\" srcset=\"https:\/\/www.honlufoodtrailer.com\/wp-content\/uploads\/2024\/08\/7m-taqueria-truck.jpg 720w, https:\/\/www.honlufoodtrailer.com\/wp-content\/uploads\/2024\/08\/7m-taqueria-truck-480x360.jpg 480w, https:\/\/www.honlufoodtrailer.com\/wp-content\/uploads\/2024\/08\/7m-taqueria-truck-300x225.jpg 300w\" sizes=\"(max-width: 720px) 100vw, 720px\" \/> <img decoding=\"async\" class=\"aligncenter size-full wp-image-8286\" src=\"https:\/\/www.honlufoodtrailer.com\/wp-content\/uploads\/2024\/08\/7m-taco-food-truck.jpg\" alt=\"Camion de restauration de tacos de 7 m\" width=\"720\" height=\"540\" srcset=\"https:\/\/www.honlufoodtrailer.com\/wp-content\/uploads\/2024\/08\/7m-taco-food-truck.jpg 720w, https:\/\/www.honlufoodtrailer.com\/wp-content\/uploads\/2024\/08\/7m-taco-food-truck-480x360.jpg 480w, https:\/\/www.honlufoodtrailer.com\/wp-content\/uploads\/2024\/08\/7m-taco-food-truck-300x225.jpg 300w\" sizes=\"(max-width: 720px) 100vw, 720px\" \/><\/p>\n<p>Comme on peut le constater sur les photos ci-dessus, ce food truck de 7 m\u00e8tres de long arbore une couleur attrayante. Conform\u00e9ment aux souhaits du client, nous avons r\u00e9alis\u00e9 des autocollants et des menus sur la face avant. Deux grands guichets de service situ\u00e9s \u00e0 l&#039;avant permettent aux clients de commander et de r\u00e9cup\u00e9rer leurs plats. Une enseigne est install\u00e9e sur le toit du camion. Une porte d&#039;entr\u00e9e et de sortie se trouve sur le c\u00f4t\u00e9 droit.<\/p>\n<h2>Utilisation de ce camion \u00e0 tacos de 7 m\u00e8tres<\/h2>\n<p>Notre client utilise principalement ce food truck pour vendre une grande vari\u00e9t\u00e9 de plats mexicains, comme des tortillas, des burritos, des quesadillas, des salades C\u00e9sar, des grillades et des nachos. Avec son espace de 7 m\u00e8tres de long, ce food truck peut accueillir un grand nombre de personnes. D\u00e9couvrons maintenant l&#039;int\u00e9rieur de ce camion-restaurant.<\/p>\n<p><img decoding=\"async\" class=\"aligncenter size-full wp-image-8289\" src=\"https:\/\/www.honlufoodtrailer.com\/wp-content\/uploads\/2024\/08\/7m-taqueria-taco-truck-inner-view.jpg\" alt=\"Vue int\u00e9rieure d&#039;un camion \u00e0 tacos de 7 m\" width=\"720\" height=\"540\" srcset=\"https:\/\/www.honlufoodtrailer.com\/wp-content\/uploads\/2024\/08\/7m-taqueria-taco-truck-inner-view.jpg 720w, https:\/\/www.honlufoodtrailer.com\/wp-content\/uploads\/2024\/08\/7m-taqueria-taco-truck-inner-view-480x360.jpg 480w, https:\/\/www.honlufoodtrailer.com\/wp-content\/uploads\/2024\/08\/7m-taqueria-taco-truck-inner-view-300x225.jpg 300w\" sizes=\"(max-width: 720px) 100vw, 720px\" \/> <img loading=\"lazy\" decoding=\"async\" class=\"aligncenter size-full wp-image-8294\" src=\"https:\/\/www.honlufoodtrailer.com\/wp-content\/uploads\/2024\/08\/7m-taqueria-taco-truck-inner-structure.jpg\" alt=\"structure int\u00e9rieure d&#039;un camion \u00e0 tacos de 7 m\" width=\"800\" height=\"800\" srcset=\"https:\/\/www.honlufoodtrailer.com\/wp-content\/uploads\/2024\/08\/7m-taqueria-taco-truck-inner-structure.jpg 800w, https:\/\/www.honlufoodtrailer.com\/wp-content\/uploads\/2024\/08\/7m-taqueria-taco-truck-inner-structure-768x768.jpg 768w, https:\/\/www.honlufoodtrailer.com\/wp-content\/uploads\/2024\/08\/7m-taqueria-taco-truck-inner-structure-360x360.jpg 360w, https:\/\/www.honlufoodtrailer.com\/wp-content\/uploads\/2024\/08\/7m-taqueria-taco-truck-inner-structure-300x300.jpg 300w, https:\/\/www.honlufoodtrailer.com\/wp-content\/uploads\/2024\/08\/7m-taqueria-taco-truck-inner-structure-720x720.jpg 720w, https:\/\/www.honlufoodtrailer.com\/wp-content\/uploads\/2024\/08\/7m-taqueria-taco-truck-inner-structure-100x100.jpg 100w\" sizes=\"(max-width: 800px) 100vw, 800px\" \/><\/p>\n<p>Comme on peut le voir sur la photo ci-dessus, nous avons \u00e9quip\u00e9 le food truck de 7 m\u00e8tres (23 pieds) de mat\u00e9riel de cuisine. \u00c0 l&#039;int\u00e9rieur, on trouve notamment une cuisini\u00e8re \u00e0 gaz, un \u00e9vier \u00e0 trois bacs et un \u00e9vier de service, un r\u00e9frig\u00e9rateur pour salades, une plaque de cuisson \u00e0 gaz, une hotte aspirante, un climatiseur, etc. Gr\u00e2ce \u00e0 cet \u00e9quipement, notre client pourra proposer une grande vari\u00e9t\u00e9 de plats mexicains.<\/p>\n<h2><b class=\"magic-22\"><span class=\"magic-11\">Plus de d\u00e9tails\u00a0:<\/span><\/b><\/h2>\n<p>D\u00e9couvrez plus de d\u00e9tails sur la fabrication de ce food truck sp\u00e9cialis\u00e9 dans les tacos. Forts de plus de 10 ans d&#039;exp\u00e9rience en tant que fabricant et exportateur professionnel de remorques alimentaires, nous connaissons parfaitement les r\u00e9glementations et exigences de nombreux pays et vous proposons des food trucks conformes aux normes en vigueur dans votre pays. Contactez-nous pour personnaliser votre food truck\u00a0!<\/p>\n<p><img loading=\"lazy\" decoding=\"async\" class=\"aligncenter size-full wp-image-8295\" src=\"https:\/\/www.honlufoodtrailer.com\/wp-content\/uploads\/2024\/08\/23ft-taqueria-taco-truck-details.jpg\" alt=\"D\u00e9tails du camion \u00e0 tacos de 23 pieds\" width=\"800\" height=\"800\" srcset=\"https:\/\/www.honlufoodtrailer.com\/wp-content\/uploads\/2024\/08\/23ft-taqueria-taco-truck-details.jpg 800w, https:\/\/www.honlufoodtrailer.com\/wp-content\/uploads\/2024\/08\/23ft-taqueria-taco-truck-details-768x768.jpg 768w, https:\/\/www.honlufoodtrailer.com\/wp-content\/uploads\/2024\/08\/23ft-taqueria-taco-truck-details-360x360.jpg 360w, https:\/\/www.honlufoodtrailer.com\/wp-content\/uploads\/2024\/08\/23ft-taqueria-taco-truck-details-300x300.jpg 300w, https:\/\/www.honlufoodtrailer.com\/wp-content\/uploads\/2024\/08\/23ft-taqueria-taco-truck-details-720x720.jpg 720w, https:\/\/www.honlufoodtrailer.com\/wp-content\/uploads\/2024\/08\/23ft-taqueria-taco-truck-details-100x100.jpg 100w\" sizes=\"(max-width: 800px) 100vw, 800px\" \/><\/p>\n<h3>Principales caract\u00e9ristiques de ce camion \u00e0 tacos ambulant\u00a0:<\/h3>\n<p><span class=\"magic-12\">1. 7 m\u00e8tres de long, int\u00e9rieur spacieux ;<br \/>\n2. Facile \u00e0 d\u00e9placer dans n'importe quel endroit (votre activit\u00e9 n'est pas limit\u00e9e) ;<br \/>\n3. Apparence attrayante (invisible pour attirer plus de clients) ;<br \/>\n4. Longue dur\u00e9e de vie (r\u00e9sistant \u00e0 la corrosion, \u00e0 la chaleur, \u00e9tanche, ind\u00e9formable).<\/span><\/p>\n<h3>Dessin de plan d'\u00e9tage 2D\/3D gratuit<\/h3>\n<p>Apr\u00e8s avoir confirm\u00e9 les dimensions de la remorque alimentaire et de l'\u00e9quipement de cuisine interne, nous pouvons vous fournir gratuitement des dessins en 3D. Cela vous donnera une id\u00e9e plus claire de votre conception et de votre remorque alimentaire. Lorsque nous confirmons l'emplacement de l'\u00e9quipement de cuisine, nous pouvons communiquer clairement avec vous gr\u00e2ce au plan d'\u00e9tage. Nous pouvons \u00e9galement vous fournir des documents originaux pour faciliter votre conception et proc\u00e9der \u00e0 des ajustements.<\/p>\n<h3>Autres camions \u00e0 tacos similaires\u00a0:<\/h3>\n<p>D\u00e9couvrez d&#039;autres camions \u00e0 tacos que nous avons personnalis\u00e9s pour nos clients. Vous trouverez ci-dessous\u00a0: <a href=\"https:\/\/www.honlufoodtrailer.com\/fr\/product\/5-7m-mexican-food-trailer\/\" target=\"_blank\" rel=\"noopener\">Remorque de 5,7 m pour la restauration mexicaine<\/a>. <a href=\"https:\/\/www.honlufoodtrailer.com\/fr\/product\/18ft-mexican-food-trailers-for-sale\/\" target=\"_blank\" rel=\"noopener\">remorque de 18 pieds pour la restauration mexicaine<\/a>. <a href=\"https:\/\/www.honlufoodtrailer.com\/fr\/product\/26ft-taco-truck-trailer-for-sale\/\" target=\"_blank\" rel=\"noopener\">remorque \u00e0 tacos de 26 pieds<\/a>. Si l&#039;une de ces remorques alimentaires vous int\u00e9resse, n&#039;h\u00e9sitez pas \u00e0 nous contacter d\u00e8s maintenant !<\/p>","protected":false},"excerpt":{"rendered":"<p>Voici l&#039;un de nos camions-restaurants de 7 m\u00e8tres (23 pieds) sp\u00e9cialement con\u00e7us pour la vente de tacos. Enti\u00e8rement r\u00e9alis\u00e9 en acier inoxydable et en t\u00f4le d&#039;acier galvanis\u00e9e, il est principalement utilis\u00e9 par nos clients pour la vente de plats mexicains. <strong>Veuillez cliquer sur les onglets suivants pour voir plus de d\u00e9tails sur cette remorque alimentaire.<\/strong>. Nous pouvons personnaliser l&#039;ext\u00e9rieur et l&#039;int\u00e9rieur d&#039;un food truck selon vos besoins pr\u00e9cis. N&#039;h\u00e9sitez pas \u00e0 nous contacter pour nous faire part de vos exigences\u00a0!<\/p>","protected":false},"featured_media":8285,"template":"","meta":{"_themeisle_gutenberg_block_has_review":false},"product_brand":[],"product_cat":[26],"product_tag":[33,62,63,84,64],"class_list":{"0":"post-8283","1":"product","2":"type-product","3":"status-publish","4":"has-post-thumbnail","6":"product_cat-product","7":"product_tag-customized-trailer","8":"product_tag-taco-food-trailer","9":"product_tag-taco-food-trailer-for-sale","10":"product_tag-taco-truck","11":"product_tag-taco-truck-trailer","13":"first","14":"instock","15":"shipping-taxable","16":"product-type-simple"},"yoast_head":"<!-- This site is optimized with the Yoast SEO plugin v27.5 - https:\/\/yoast.com\/product\/yoast-seo-wordpress\/ -->\n<title>Factory Price 23ft Taqueria Taco Truck From China - Honlu<\/title>\n<meta name=\"description\" content=\"This is a 23ft taqueria taco truck we have customized for an American customer. Get a similar or customized one at factory price now!\" \/>\n<meta name=\"robots\" content=\"index, follow, max-snippet:-1, max-image-preview:large, max-video-preview:-1\" \/>\n<link rel=\"canonical\" href=\"https:\/\/www.honlufoodtrailer.com\/fr\/product\/23ft-taqueria-taco-truck\/\" \/>\n<meta property=\"og:locale\" content=\"fr_FR\" \/>\n<meta property=\"og:type\" content=\"article\" \/>\n<meta property=\"og:title\" content=\"Factory Price 23ft Taqueria Taco Truck From China - Honlu\" \/>\n<meta property=\"og:description\" content=\"This is a 23ft taqueria taco truck we have customized for an American customer. Get a similar or customized one at factory price now!\" \/>\n<meta property=\"og:url\" content=\"https:\/\/www.honlufoodtrailer.com\/fr\/product\/23ft-taqueria-taco-truck\/\" \/>\n<meta property=\"og:site_name\" content=\"Honlu food trailer\" \/>\n<meta property=\"article:modified_time\" content=\"2025-02-14T06:05:02+00:00\" \/>\n<meta property=\"og:image\" content=\"https:\/\/www.honlufoodtrailer.com\/wp-content\/uploads\/2024\/08\/7m-mobile-taco-truck.jpg\" \/>\n\t<meta property=\"og:image:width\" content=\"720\" \/>\n\t<meta property=\"og:image:height\" content=\"540\" \/>\n\t<meta property=\"og:image:type\" content=\"image\/jpeg\" \/>\n<meta name=\"twitter:card\" content=\"summary_large_image\" \/>\n<meta name=\"twitter:label1\" content=\"Dur\u00e9e de lecture estim\u00e9e\" \/>\n\t<meta name=\"twitter:data1\" content=\"1 minute\" \/>\n<script type=\"application\/ld+json\" class=\"yoast-schema-graph\">{\"@context\":\"https:\\\/\\\/schema.org\",\"@graph\":[{\"@type\":\"WebPage\",\"@id\":\"https:\\\/\\\/www.honlufoodtrailer.com\\\/product\\\/23ft-taqueria-taco-truck\\\/\",\"url\":\"https:\\\/\\\/www.honlufoodtrailer.com\\\/product\\\/23ft-taqueria-taco-truck\\\/\",\"name\":\"Factory Price 23ft Taqueria Taco Truck From China - Honlu\",\"isPartOf\":{\"@id\":\"https:\\\/\\\/www.honlufoodtrailer.com\\\/#website\"},\"primaryImageOfPage\":{\"@id\":\"https:\\\/\\\/www.honlufoodtrailer.com\\\/product\\\/23ft-taqueria-taco-truck\\\/#primaryimage\"},\"image\":{\"@id\":\"https:\\\/\\\/www.honlufoodtrailer.com\\\/product\\\/23ft-taqueria-taco-truck\\\/#primaryimage\"},\"thumbnailUrl\":\"https:\\\/\\\/www.honlufoodtrailer.com\\\/wp-content\\\/uploads\\\/2024\\\/08\\\/7m-mobile-taco-truck.jpg\",\"datePublished\":\"2024-08-28T10:13:20+00:00\",\"dateModified\":\"2025-02-14T06:05:02+00:00\",\"description\":\"This is a 23ft taqueria taco truck we have customized for an American customer. Get a similar or customized one at factory price now!\",\"breadcrumb\":{\"@id\":\"https:\\\/\\\/www.honlufoodtrailer.com\\\/product\\\/23ft-taqueria-taco-truck\\\/#breadcrumb\"},\"inLanguage\":\"fr-FR\",\"potentialAction\":[{\"@type\":\"ReadAction\",\"target\":[\"https:\\\/\\\/www.honlufoodtrailer.com\\\/product\\\/23ft-taqueria-taco-truck\\\/\"]}]},{\"@type\":\"ImageObject\",\"inLanguage\":\"fr-FR\",\"@id\":\"https:\\\/\\\/www.honlufoodtrailer.com\\\/product\\\/23ft-taqueria-taco-truck\\\/#primaryimage\",\"url\":\"https:\\\/\\\/www.honlufoodtrailer.com\\\/wp-content\\\/uploads\\\/2024\\\/08\\\/7m-mobile-taco-truck.jpg\",\"contentUrl\":\"https:\\\/\\\/www.honlufoodtrailer.com\\\/wp-content\\\/uploads\\\/2024\\\/08\\\/7m-mobile-taco-truck.jpg\",\"width\":720,\"height\":540,\"caption\":\"7m mobile taco truck\"},{\"@type\":\"BreadcrumbList\",\"@id\":\"https:\\\/\\\/www.honlufoodtrailer.com\\\/product\\\/23ft-taqueria-taco-truck\\\/#breadcrumb\",\"itemListElement\":[{\"@type\":\"ListItem\",\"position\":1,\"name\":\"Home\",\"item\":\"https:\\\/\\\/www.honlufoodtrailer.com\\\/\"},{\"@type\":\"ListItem\",\"position\":2,\"name\":\"\u4ea7\u54c1\",\"item\":\"https:\\\/\\\/www.honlufoodtrailer.com\\\/shop\\\/\"},{\"@type\":\"ListItem\",\"position\":3,\"name\":\"23ft Taqueria Taco Truck\"}]},{\"@type\":\"WebSite\",\"@id\":\"https:\\\/\\\/www.honlufoodtrailer.com\\\/#website\",\"url\":\"https:\\\/\\\/www.honlufoodtrailer.com\\\/\",\"name\":\"Honlu food trailer\",\"description\":\"\",\"publisher\":{\"@id\":\"https:\\\/\\\/www.honlufoodtrailer.com\\\/#organization\"},\"potentialAction\":[{\"@type\":\"SearchAction\",\"target\":{\"@type\":\"EntryPoint\",\"urlTemplate\":\"https:\\\/\\\/www.honlufoodtrailer.com\\\/?s={search_term_string}\"},\"query-input\":{\"@type\":\"PropertyValueSpecification\",\"valueRequired\":true,\"valueName\":\"search_term_string\"}}],\"inLanguage\":\"fr-FR\"},{\"@type\":\"Organization\",\"@id\":\"https:\\\/\\\/www.honlufoodtrailer.com\\\/#organization\",\"name\":\"Honlu food trailer\",\"url\":\"https:\\\/\\\/www.honlufoodtrailer.com\\\/\",\"logo\":{\"@type\":\"ImageObject\",\"inLanguage\":\"fr-FR\",\"@id\":\"https:\\\/\\\/www.honlufoodtrailer.com\\\/#\\\/schema\\\/logo\\\/image\\\/\",\"url\":\"https:\\\/\\\/www.honlufoodtrailer.com\\\/wp-content\\\/uploads\\\/2021\\\/12\\\/2.gif\",\"contentUrl\":\"https:\\\/\\\/www.honlufoodtrailer.com\\\/wp-content\\\/uploads\\\/2021\\\/12\\\/2.gif\",\"width\":350,\"height\":100,\"caption\":\"Honlu food trailer\"},\"image\":{\"@id\":\"https:\\\/\\\/www.honlufoodtrailer.com\\\/#\\\/schema\\\/logo\\\/image\\\/\"}}]}<\/script>\n<!-- \/ Yoast SEO plugin. -->","yoast_head_json":{"title":"Camion-restaurant de tacos de 7 m\u00e8tres (23 pieds) \u00e0 prix d&#039;usine en provenance de Chine - Honlu","description":"Voici un food truck de 7 m\u00e8tres (23 pieds) que nous avons personnalis\u00e9 pour un client am\u00e9ricain. Commandez le v\u00f4tre, similaire ou personnalis\u00e9, au prix d&#039;usine d\u00e8s maintenant\u00a0!","robots":{"index":"index","follow":"follow","max-snippet":"max-snippet:-1","max-image-preview":"max-image-preview:large","max-video-preview":"max-video-preview:-1"},"canonical":"https:\/\/www.honlufoodtrailer.com\/fr\/product\/23ft-taqueria-taco-truck\/","og_locale":"fr_FR","og_type":"article","og_title":"Factory Price 23ft Taqueria Taco Truck From China - Honlu","og_description":"This is a 23ft taqueria taco truck we have customized for an American customer. Get a similar or customized one at factory price now!","og_url":"https:\/\/www.honlufoodtrailer.com\/fr\/product\/23ft-taqueria-taco-truck\/","og_site_name":"Honlu food trailer","article_modified_time":"2025-02-14T06:05:02+00:00","og_image":[{"width":720,"height":540,"url":"https:\/\/www.honlufoodtrailer.com\/wp-content\/uploads\/2024\/08\/7m-mobile-taco-truck.jpg","type":"image\/jpeg"}],"twitter_card":"summary_large_image","twitter_misc":{"Dur\u00e9e de lecture estim\u00e9e":"1 minute"},"schema":{"@context":"https:\/\/schema.org","@graph":[{"@type":"WebPage","@id":"https:\/\/www.honlufoodtrailer.com\/product\/23ft-taqueria-taco-truck\/","url":"https:\/\/www.honlufoodtrailer.com\/product\/23ft-taqueria-taco-truck\/","name":"Camion-restaurant de tacos de 7 m\u00e8tres (23 pieds) \u00e0 prix d&#039;usine en provenance de Chine - Honlu","isPartOf":{"@id":"https:\/\/www.honlufoodtrailer.com\/#website"},"primaryImageOfPage":{"@id":"https:\/\/www.honlufoodtrailer.com\/product\/23ft-taqueria-taco-truck\/#primaryimage"},"image":{"@id":"https:\/\/www.honlufoodtrailer.com\/product\/23ft-taqueria-taco-truck\/#primaryimage"},"thumbnailUrl":"https:\/\/www.honlufoodtrailer.com\/wp-content\/uploads\/2024\/08\/7m-mobile-taco-truck.jpg","datePublished":"2024-08-28T10:13:20+00:00","dateModified":"2025-02-14T06:05:02+00:00","description":"Voici un food truck de 7 m\u00e8tres (23 pieds) que nous avons personnalis\u00e9 pour un client am\u00e9ricain. Commandez le v\u00f4tre, similaire ou personnalis\u00e9, au prix d&#039;usine d\u00e8s maintenant\u00a0!","breadcrumb":{"@id":"https:\/\/www.honlufoodtrailer.com\/product\/23ft-taqueria-taco-truck\/#breadcrumb"},"inLanguage":"fr-FR","potentialAction":[{"@type":"ReadAction","target":["https:\/\/www.honlufoodtrailer.com\/product\/23ft-taqueria-taco-truck\/"]}]},{"@type":"ImageObject","inLanguage":"fr-FR","@id":"https:\/\/www.honlufoodtrailer.com\/product\/23ft-taqueria-taco-truck\/#primaryimage","url":"https:\/\/www.honlufoodtrailer.com\/wp-content\/uploads\/2024\/08\/7m-mobile-taco-truck.jpg","contentUrl":"https:\/\/www.honlufoodtrailer.com\/wp-content\/uploads\/2024\/08\/7m-mobile-taco-truck.jpg","width":720,"height":540,"caption":"7m mobile taco truck"},{"@type":"BreadcrumbList","@id":"https:\/\/www.honlufoodtrailer.com\/product\/23ft-taqueria-taco-truck\/#breadcrumb","itemListElement":[{"@type":"ListItem","position":1,"name":"Home","item":"https:\/\/www.honlufoodtrailer.com\/"},{"@type":"ListItem","position":2,"name":"\u4ea7\u54c1","item":"https:\/\/www.honlufoodtrailer.com\/shop\/"},{"@type":"ListItem","position":3,"name":"23ft Taqueria Taco Truck"}]},{"@type":"WebSite","@id":"https:\/\/www.honlufoodtrailer.com\/#website","url":"https:\/\/www.honlufoodtrailer.com\/","name":"Remorque alimentaire Honlu","description":"","publisher":{"@id":"https:\/\/www.honlufoodtrailer.com\/#organization"},"potentialAction":[{"@type":"SearchAction","target":{"@type":"EntryPoint","urlTemplate":"https:\/\/www.honlufoodtrailer.com\/?s={search_term_string}"},"query-input":{"@type":"PropertyValueSpecification","valueRequired":true,"valueName":"search_term_string"}}],"inLanguage":"fr-FR"},{"@type":"Organization","@id":"https:\/\/www.honlufoodtrailer.com\/#organization","name":"Remorque alimentaire Honlu","url":"https:\/\/www.honlufoodtrailer.com\/","logo":{"@type":"ImageObject","inLanguage":"fr-FR","@id":"https:\/\/www.honlufoodtrailer.com\/#\/schema\/logo\/image\/","url":"https:\/\/www.honlufoodtrailer.com\/wp-content\/uploads\/2021\/12\/2.gif","contentUrl":"https:\/\/www.honlufoodtrailer.com\/wp-content\/uploads\/2021\/12\/2.gif","width":350,"height":100,"caption":"Honlu food trailer"},"image":{"@id":"https:\/\/www.honlufoodtrailer.com\/#\/schema\/logo\/image\/"}}]}},"_links":{"self":[{"href":"https:\/\/www.honlufoodtrailer.com\/fr\/wp-json\/wp\/v2\/product\/8283","targetHints":{"allow":["GET"]}}],"collection":[{"href":"https:\/\/www.honlufoodtrailer.com\/fr\/wp-json\/wp\/v2\/product"}],"about":[{"href":"https:\/\/www.honlufoodtrailer.com\/fr\/wp-json\/wp\/v2\/types\/product"}],"version-history":[{"count":0,"href":"https:\/\/www.honlufoodtrailer.com\/fr\/wp-json\/wp\/v2\/product\/8283\/revisions"}],"wp:featuredmedia":[{"embeddable":true,"href":"https:\/\/www.honlufoodtrailer.com\/fr\/wp-json\/wp\/v2\/media\/8285"}],"wp:attachment":[{"href":"https:\/\/www.honlufoodtrailer.com\/fr\/wp-json\/wp\/v2\/media?parent=8283"}],"wp:term":[{"taxonomy":"product_brand","embeddable":true,"href":"https:\/\/www.honlufoodtrailer.com\/fr\/wp-json\/wp\/v2\/product_brand?post=8283"},{"taxonomy":"product_cat","embeddable":true,"href":"https:\/\/www.honlufoodtrailer.com\/fr\/wp-json\/wp\/v2\/product_cat?post=8283"},{"taxonomy":"product_tag","embeddable":true,"href":"https:\/\/www.honlufoodtrailer.com\/fr\/wp-json\/wp\/v2\/product_tag?post=8283"}],"curies":[{"name":"wp","href":"https:\/\/api.w.org\/{rel}","templated":true}]}}