{"id":8306,"date":"2024-09-04T18:36:18","date_gmt":"2024-09-04T10:36:18","guid":{"rendered":"https:\/\/www.honlufoodtrailer.com\/?post_type=product&#038;p=8306"},"modified":"2025-06-12T18:37:27","modified_gmt":"2025-06-12T10:37:27","slug":"18ft-pickle-food-truck-for-sale-usa","status":"publish","type":"product","link":"https:\/\/www.honlufoodtrailer.com\/fr\/product\/18ft-pickle-food-truck-for-sale-usa\/","title":{"rendered":"Camion-restaurant Pickle de 5,7 m (18 pieds) \u00e0 vendre aux \u00c9tats-Unis"},"content":{"rendered":"<p>Vous cherchez un food truck sp\u00e9cialis\u00e9 dans les cornichons ? Honlu vient de livrer un camion personnalis\u00e9. <a href=\"https:\/\/www.honlufoodtrailer.com\/fr\/product\/18ft-pickle-food-truck\/\"><strong>Remorque alimentaire de 5,7 m (18,7 pieds) pour cornichons<\/strong><\/a> Con\u00e7u pour un client am\u00e9ricain, ce v\u00e9hicule arbore une carrosserie blanche immacul\u00e9e et un habillage complet. Une vitre coulissante \u00e0 l&#039;avant assure un service rapide et efficace. Chaque d\u00e9tail est pens\u00e9 pour allier style et fonctionnalit\u00e9.<\/p>\n<p><strong>Voyons maintenant plus en d\u00e9tail ce food truck sp\u00e9cialis\u00e9 dans les cornichons !<\/strong><\/p>\n<figure id=\"attachment_8313\" aria-describedby=\"caption-attachment-8313\" style=\"width: 720px\" class=\"wp-caption aligncenter\"><img fetchpriority=\"high\" decoding=\"async\" class=\"wp-image-8313 size-full\" title=\"Camion-restaurant de cornichons de 5,7 m (18,7 pieds) de long, fa\u00e7ade\" src=\"https:\/\/www.honlufoodtrailer.com\/wp-content\/uploads\/2024\/09\/18.7ft-Pickles-And-Burger-Trailer.jpg\" alt=\"Camion-restaurant de cornichons de 5,7 m (18,7 pieds) de long, fa\u00e7ade\" width=\"720\" height=\"540\" srcset=\"https:\/\/www.honlufoodtrailer.com\/wp-content\/uploads\/2024\/09\/18.7ft-Pickles-And-Burger-Trailer.jpg 720w, https:\/\/www.honlufoodtrailer.com\/wp-content\/uploads\/2024\/09\/18.7ft-Pickles-And-Burger-Trailer-480x360.jpg 480w, https:\/\/www.honlufoodtrailer.com\/wp-content\/uploads\/2024\/09\/18.7ft-Pickles-And-Burger-Trailer-300x225.jpg 300w\" sizes=\"(max-width: 720px) 100vw, 720px\" \/><figcaption id=\"caption-attachment-8313\" class=\"wp-caption-text\">Camion de restauration de cornichons de 5,7 m<\/figcaption><\/figure>\n<figure id=\"attachment_8312\" aria-describedby=\"caption-attachment-8312\" style=\"width: 720px\" class=\"wp-caption aligncenter\"><img decoding=\"async\" class=\"wp-image-8312 size-full\" title=\"Camion-restaurant de cornichons de 5,7 m\u00e8tres (18,7 pieds) - vue de c\u00f4t\u00e9\" src=\"https:\/\/www.honlufoodtrailer.com\/wp-content\/uploads\/2024\/09\/18.7ft-Pickles-And-Burger-Trailer-view.jpg\" alt=\"Camion-restaurant de cornichons de 5,7 m\u00e8tres (18,7 pieds) - vue de c\u00f4t\u00e9\" width=\"720\" height=\"540\" srcset=\"https:\/\/www.honlufoodtrailer.com\/wp-content\/uploads\/2024\/09\/18.7ft-Pickles-And-Burger-Trailer-view.jpg 720w, https:\/\/www.honlufoodtrailer.com\/wp-content\/uploads\/2024\/09\/18.7ft-Pickles-And-Burger-Trailer-view-480x360.jpg 480w, https:\/\/www.honlufoodtrailer.com\/wp-content\/uploads\/2024\/09\/18.7ft-Pickles-And-Burger-Trailer-view-300x225.jpg 300w\" sizes=\"(max-width: 720px) 100vw, 720px\" \/><figcaption id=\"caption-attachment-8312\" class=\"wp-caption-text\">Camion de restauration de cornichons de 5,7 m\u00e8tres<\/figcaption><\/figure>\n<h3>Int\u00e9rieur d&#039;un food truck de 5,5 m (18 pieds) en forme de cornichon destin\u00e9 au march\u00e9 am\u00e9ricain\u00a0:<\/h3>\n<p data-start=\"77\" data-end=\"238\">Sa remorque alimentaire de 5,7 m (18 pieds) est enti\u00e8rement \u00e9quip\u00e9e d&#039;appareils de cuisine essentiels, notamment\u00a0:<\/p>\n<ul data-start=\"239\" data-end=\"520\">\n<li data-start=\"239\" data-end=\"282\">\n<p data-start=\"241\" data-end=\"282\">Bo\u00eetier de commande de r\u00e9frig\u00e9ration \u00e0 micro-ordinateur<\/p>\n<\/li>\n<li data-start=\"283\" data-end=\"312\">\n<p data-start=\"285\" data-end=\"312\">\u00e9tabli en acier inoxydable<\/p>\n<\/li>\n<li data-start=\"313\" data-end=\"337\">\n<p data-start=\"315\" data-end=\"337\">Cuisini\u00e8re \u00e0 gaz \u00e0 deux br\u00fbleurs<\/p>\n<\/li>\n<li data-start=\"338\" data-end=\"357\">\n<p data-start=\"340\" data-end=\"357\">plaque de cuisson \u00e0 gaz de 91 cm<\/p>\n<\/li>\n<li data-start=\"358\" data-end=\"383\">\n<p data-start=\"360\" data-end=\"383\">friteuse commerciale<\/p>\n<\/li>\n<li data-start=\"384\" data-end=\"409\">\n<p data-start=\"386\" data-end=\"409\">Hotte de cuisine robuste<\/p>\n<\/li>\n<li data-start=\"410\" data-end=\"462\">\n<p data-start=\"412\" data-end=\"462\">\u00c9vier \u00e0 3 compartiments avec 1 lavabo (3+1)<\/p>\n<\/li>\n<li data-start=\"463\" data-end=\"491\">\n<p data-start=\"465\" data-end=\"491\">Climatiseur int\u00e9gr\u00e9<\/p>\n<\/li>\n<li data-start=\"492\" data-end=\"520\">\n<p data-start=\"494\" data-end=\"520\">Armoire de rangement sup\u00e9rieure<\/p>\n<\/li>\n<\/ul>\n<p data-start=\"522\" data-end=\"648\" data-is-last-node=\"\" data-is-only-node=\"\">Tout est con\u00e7u pour r\u00e9pondre aux normes am\u00e9ricaines en mati\u00e8re d&#039;exploitation de camions-restaurants, assurant ainsi un d\u00e9marrage sans encombre pour votre activit\u00e9.<\/p>\n<p><img decoding=\"async\" class=\"aligncenter wp-image-8308 size-full\" title=\"L&#039;am\u00e9nagement int\u00e9rieur du food truck de cornichons\" src=\"https:\/\/www.honlufoodtrailer.com\/wp-content\/uploads\/2024\/09\/5.7m-Pickles-And-Burger-Trailer-inner-view.jpg\" alt=\"Vue int\u00e9rieure de la remorque Pickles And Burger de 5,7 m\" width=\"720\" height=\"540\" srcset=\"https:\/\/www.honlufoodtrailer.com\/wp-content\/uploads\/2024\/09\/5.7m-Pickles-And-Burger-Trailer-inner-view.jpg 720w, https:\/\/www.honlufoodtrailer.com\/wp-content\/uploads\/2024\/09\/5.7m-Pickles-And-Burger-Trailer-inner-view-480x360.jpg 480w, https:\/\/www.honlufoodtrailer.com\/wp-content\/uploads\/2024\/09\/5.7m-Pickles-And-Burger-Trailer-inner-view-300x225.jpg 300w\" sizes=\"(max-width: 720px) 100vw, 720px\" \/><img loading=\"lazy\" decoding=\"async\" class=\"aligncenter wp-image-8317 size-full\" title=\"D\u00e9tails int\u00e9rieurs d&#039;un food truck de cornichons de 5,5 m\" src=\"https:\/\/www.honlufoodtrailer.com\/wp-content\/uploads\/2024\/09\/inner-details-of-18ft-pickle-food-truck.jpg\" alt=\"D\u00e9tails int\u00e9rieurs d&#039;un food truck de cornichons de 5,5 m\" width=\"800\" height=\"800\" srcset=\"https:\/\/www.honlufoodtrailer.com\/wp-content\/uploads\/2024\/09\/inner-details-of-18ft-pickle-food-truck.jpg 800w, https:\/\/www.honlufoodtrailer.com\/wp-content\/uploads\/2024\/09\/inner-details-of-18ft-pickle-food-truck-768x768.jpg 768w, https:\/\/www.honlufoodtrailer.com\/wp-content\/uploads\/2024\/09\/inner-details-of-18ft-pickle-food-truck-360x360.jpg 360w, https:\/\/www.honlufoodtrailer.com\/wp-content\/uploads\/2024\/09\/inner-details-of-18ft-pickle-food-truck-300x300.jpg 300w, https:\/\/www.honlufoodtrailer.com\/wp-content\/uploads\/2024\/09\/inner-details-of-18ft-pickle-food-truck-720x720.jpg 720w, https:\/\/www.honlufoodtrailer.com\/wp-content\/uploads\/2024\/09\/inner-details-of-18ft-pickle-food-truck-100x100.jpg 100w\" sizes=\"(max-width: 800px) 100vw, 800px\" \/><\/p>\n<h3>Le food truck de cornichons de 5,5 m\u00e8tres est ext\u00e9rieur :<\/h3>\n<p data-start=\"153\" data-end=\"285\">En plus des \u00e9quipements de cuisine, ceci <strong data-start=\"196\" data-end=\"222\">Camion-restaurant Pickle de 5,5 m<\/strong> comprend des \u00e9l\u00e9ments ext\u00e9rieurs et structurels essentiels tels que\u00a0:<\/p>\n<ul data-start=\"286\" data-end=\"438\">\n<li data-start=\"286\" data-end=\"314\">\n<p data-start=\"288\" data-end=\"314\">bo\u00eete de rangement pour bouteille de gaz<\/p>\n<\/li>\n<li data-start=\"315\" data-end=\"353\">\n<p data-start=\"317\" data-end=\"353\">Syst\u00e8me de c\u00e2blage et de feux arri\u00e8re<\/p>\n<\/li>\n<li data-start=\"354\" data-end=\"374\">\n<p data-start=\"356\" data-end=\"374\">Essieux renforc\u00e9s<\/p>\n<\/li>\n<li data-start=\"375\" data-end=\"402\">\n<p data-start=\"377\" data-end=\"402\">Fen\u00eatres de service coulissantes<\/p>\n<\/li>\n<li data-start=\"403\" data-end=\"438\">\n<p data-start=\"405\" data-end=\"438\">ports de connexion d&#039;alimentation externe<\/p>\n<\/li>\n<\/ul>\n<p data-start=\"440\" data-end=\"862\" data-is-last-node=\"\" data-is-only-node=\"\">Conform\u00e9ment aux exigences du client, Honlu a personnalis\u00e9 cette remorque alimentaire pour qu&#039;elle soit enti\u00e8rement conforme aux normes am\u00e9ricaines en mati\u00e8re de remorques alimentaires.<\/p>\n<p><img loading=\"lazy\" decoding=\"async\" class=\"aligncenter wp-image-8318 size-full\" title=\"Image d\u00e9taill\u00e9e d&#039;un food truck de cornichons de 5,5 m\" src=\"https:\/\/www.honlufoodtrailer.com\/wp-content\/uploads\/2024\/09\/more-details-of-18ft-pickle-food-truck.jpg\" alt=\"Plus de d\u00e9tails sur le food truck de cornichons de 5,5 m\" width=\"800\" height=\"800\" srcset=\"https:\/\/www.honlufoodtrailer.com\/wp-content\/uploads\/2024\/09\/more-details-of-18ft-pickle-food-truck.jpg 800w, https:\/\/www.honlufoodtrailer.com\/wp-content\/uploads\/2024\/09\/more-details-of-18ft-pickle-food-truck-768x768.jpg 768w, https:\/\/www.honlufoodtrailer.com\/wp-content\/uploads\/2024\/09\/more-details-of-18ft-pickle-food-truck-360x360.jpg 360w, https:\/\/www.honlufoodtrailer.com\/wp-content\/uploads\/2024\/09\/more-details-of-18ft-pickle-food-truck-300x300.jpg 300w, https:\/\/www.honlufoodtrailer.com\/wp-content\/uploads\/2024\/09\/more-details-of-18ft-pickle-food-truck-720x720.jpg 720w, https:\/\/www.honlufoodtrailer.com\/wp-content\/uploads\/2024\/09\/more-details-of-18ft-pickle-food-truck-100x100.jpg 100w\" sizes=\"(max-width: 800px) 100vw, 800px\" \/><\/p>\n<h3>Principales caract\u00e9ristiques de ce camion \u00e0 tacos ambulant\u00a0:<\/h3>\n<ol>\n<li>7 m\u00e8tres de long, int\u00e9rieur spacieux ;<\/li>\n<li>Facile \u00e0 d\u00e9placer partout (votre activit\u00e9 n&#039;est pas limit\u00e9e) ;<\/li>\n<li>Apparence attrayante (invisible pour attirer plus de clients) ;<\/li>\n<li>Longue dur\u00e9e de vie (r\u00e9sistant \u00e0 la corrosion, \u00e0 la chaleur, \u00e9tanche, ind\u00e9formable).<\/li>\n<li>Il y a un r\u00e9frig\u00e9rateur pour conserver la fra\u00eecheur.<\/li>\n<\/ol>\n<h3>Plans d&#039;\u00e9tage 2D\/3D gratuits et assistance apr\u00e8s-vente<\/h3>\n<p>Avant le d\u00e9but de la production, nous vous fournissons gratuitement un plan d&#039;am\u00e9nagement 2D\/3D bas\u00e9 sur les dimensions de votre remorque et vos besoins en \u00e9quipement de cuisine. Ce plan visuel vous permettra de bien comprendre la conception de votre food truck de 5,5 m\u00e8tres (18 pieds) et de v\u00e9rifier facilement l&#039;emplacement de chaque \u00e9l\u00e9ment. Nous mettons \u00e9galement \u00e0 votre disposition les fichiers sources modifiables pour vous permettre d&#039;effectuer des ajustements.<\/p>\n<p>De plus, nous offrons un service apr\u00e8s-vente complet, incluant assistance technique, fourniture de pi\u00e8ces d\u00e9tach\u00e9es et aide \u00e0 l&#039;utilisation du mat\u00e9riel. M\u00eame apr\u00e8s la livraison, notre \u00e9quipe exp\u00e9riment\u00e9e reste \u00e0 votre disposition pour garantir le bon fonctionnement de votre food truck d\u00e8s le premier jour.<\/p>\n<h3>Pr\u00eat \u00e0 lancer votre entreprise de food truck sp\u00e9cialis\u00e9e dans les cornichons ?<\/h3>\n<p>Si vous souhaitez vous lancer sur le march\u00e9 am\u00e9ricain de la street food, ce food truck de 5,5 m\u00e8tres de long sp\u00e9cialis\u00e9 dans les cornichons est un choix judicieux, que vous soyez un entrepreneur d\u00e9butant ou un vendeur de produits alimentaires exp\u00e9riment\u00e9. Que vous proposiez des cornichons \u00e0 l&#039;aneth classiques ou des cr\u00e9ations originales comme des cornichons fum\u00e9s, ce food truck mobile vous permettra de vous d\u00e9marquer et d&#039;attirer rapidement une client\u00e8le fid\u00e8le.<\/p>\n<p>Forts de plus de 10 ans d&#039;exp\u00e9rience dans la fabrication et l&#039;exportation de food trucks \u00e0 l&#039;\u00e9chelle mondiale, nous ma\u00eetrisons parfaitement les r\u00e9glementations des diff\u00e9rents pays. Que vous soyez aux \u00c9tats-Unis ou ailleurs, nous pouvons concevoir un food truck sur mesure, parfaitement adapt\u00e9 \u00e0 vos besoins.<br \/>\nContact <a href=\"https:\/\/www.honlufoodtrailer.com\/fr\/\">honlu<\/a> Commandez d\u00e8s aujourd&#039;hui votre propre food truck de cornichons de 5,5 m\u00e8tres !<\/p>","protected":false},"excerpt":{"rendered":"<p>Voici l&#039;un de nos food trucks \u00e0 cornichons de 18,7 pieds, fabriqu\u00e9 sur mesure. <strong>Veuillez cliquer sur les onglets suivants pour voir plus de d\u00e9tails sur ce food truck.<\/strong>. Nous pouvons fabriquer une remorque alimentaire similaire \u00e0 celle-ci, ou en concevoir une sur mesure. La taille, la couleur de la carrosserie, les autocollants, la signal\u00e9tique et l&#039;\u00e9quipement de cuisine sont personnalisables. N&#039;h\u00e9sitez pas \u00e0 nous contacter pour nous faire part de vos besoins\u00a0!<\/p>","protected":false},"featured_media":8309,"template":"","meta":{"_themeisle_gutenberg_block_has_review":false},"product_brand":[],"product_cat":[26],"product_tag":[83,33,60,61,38],"class_list":{"0":"post-8306","1":"product","2":"type-product","3":"status-publish","4":"has-post-thumbnail","6":"product_cat-product","7":"product_tag-18ft-food-trailer","8":"product_tag-customized-trailer","9":"product_tag-fast-food-trailer","10":"product_tag-fast-food-trailer-for-sale","11":"product_tag-mobile-food-trailer","13":"first","14":"instock","15":"shipping-taxable","16":"product-type-simple"},"yoast_head":"<!-- This site is optimized with the Yoast SEO plugin v27.5 - https:\/\/yoast.com\/product\/yoast-seo-wordpress\/ -->\n<title>18ft Pickle Food Truck for Sale USA - honlu Food Trailer<\/title>\n<meta name=\"description\" content=\"Looking for a pickle food truck for sale in the USA? Check out this 18ft pickle food trailer with full kitchen, custom design, and US-standard features.\" \/>\n<meta name=\"robots\" content=\"index, follow, max-snippet:-1, max-image-preview:large, max-video-preview:-1\" \/>\n<link rel=\"canonical\" href=\"https:\/\/www.honlufoodtrailer.com\/fr\/product\/18ft-pickle-food-truck-for-sale-usa\/\" \/>\n<meta property=\"og:locale\" content=\"fr_FR\" \/>\n<meta property=\"og:type\" content=\"article\" \/>\n<meta property=\"og:title\" content=\"18ft Pickle Food Truck for Sale USA - honlu Food Trailer\" \/>\n<meta property=\"og:description\" content=\"Looking for a pickle food truck for sale in the USA? Check out this 18ft pickle food trailer with full kitchen, custom design, and US-standard features.\" \/>\n<meta property=\"og:url\" content=\"https:\/\/www.honlufoodtrailer.com\/fr\/product\/18ft-pickle-food-truck-for-sale-usa\/\" \/>\n<meta property=\"og:site_name\" content=\"Honlu food trailer\" \/>\n<meta property=\"article:modified_time\" content=\"2025-06-12T10:37:27+00:00\" \/>\n<meta property=\"og:image\" content=\"https:\/\/www.honlufoodtrailer.com\/wp-content\/uploads\/2024\/09\/5.7m-Pickles-And-Burger-Trailer.jpg\" \/>\n\t<meta property=\"og:image:width\" content=\"720\" \/>\n\t<meta property=\"og:image:height\" content=\"540\" \/>\n\t<meta property=\"og:image:type\" content=\"image\/jpeg\" \/>\n<meta name=\"twitter:card\" content=\"summary_large_image\" \/>\n<meta name=\"twitter:label1\" content=\"Dur\u00e9e de lecture estim\u00e9e\" \/>\n\t<meta name=\"twitter:data1\" content=\"1 minute\" \/>\n<script type=\"application\/ld+json\" class=\"yoast-schema-graph\">{\"@context\":\"https:\\\/\\\/schema.org\",\"@graph\":[{\"@type\":\"WebPage\",\"@id\":\"https:\\\/\\\/www.honlufoodtrailer.com\\\/product\\\/18ft-pickle-food-truck-for-sale-usa\\\/\",\"url\":\"https:\\\/\\\/www.honlufoodtrailer.com\\\/product\\\/18ft-pickle-food-truck-for-sale-usa\\\/\",\"name\":\"18ft Pickle Food Truck for Sale USA - honlu Food Trailer\",\"isPartOf\":{\"@id\":\"https:\\\/\\\/www.honlufoodtrailer.com\\\/#website\"},\"primaryImageOfPage\":{\"@id\":\"https:\\\/\\\/www.honlufoodtrailer.com\\\/product\\\/18ft-pickle-food-truck-for-sale-usa\\\/#primaryimage\"},\"image\":{\"@id\":\"https:\\\/\\\/www.honlufoodtrailer.com\\\/product\\\/18ft-pickle-food-truck-for-sale-usa\\\/#primaryimage\"},\"thumbnailUrl\":\"https:\\\/\\\/www.honlufoodtrailer.com\\\/wp-content\\\/uploads\\\/2024\\\/09\\\/5.7m-Pickles-And-Burger-Trailer.jpg\",\"datePublished\":\"2024-09-04T10:36:18+00:00\",\"dateModified\":\"2025-06-12T10:37:27+00:00\",\"description\":\"Looking for a pickle food truck for sale in the USA? Check out this 18ft pickle food trailer with full kitchen, custom design, and US-standard features.\",\"breadcrumb\":{\"@id\":\"https:\\\/\\\/www.honlufoodtrailer.com\\\/product\\\/18ft-pickle-food-truck-for-sale-usa\\\/#breadcrumb\"},\"inLanguage\":\"fr-FR\",\"potentialAction\":[{\"@type\":\"ReadAction\",\"target\":[\"https:\\\/\\\/www.honlufoodtrailer.com\\\/product\\\/18ft-pickle-food-truck-for-sale-usa\\\/\"]}]},{\"@type\":\"ImageObject\",\"inLanguage\":\"fr-FR\",\"@id\":\"https:\\\/\\\/www.honlufoodtrailer.com\\\/product\\\/18ft-pickle-food-truck-for-sale-usa\\\/#primaryimage\",\"url\":\"https:\\\/\\\/www.honlufoodtrailer.com\\\/wp-content\\\/uploads\\\/2024\\\/09\\\/5.7m-Pickles-And-Burger-Trailer.jpg\",\"contentUrl\":\"https:\\\/\\\/www.honlufoodtrailer.com\\\/wp-content\\\/uploads\\\/2024\\\/09\\\/5.7m-Pickles-And-Burger-Trailer.jpg\",\"width\":720,\"height\":540,\"caption\":\"5.7m Pickles And Burger Trailer\"},{\"@type\":\"BreadcrumbList\",\"@id\":\"https:\\\/\\\/www.honlufoodtrailer.com\\\/product\\\/18ft-pickle-food-truck-for-sale-usa\\\/#breadcrumb\",\"itemListElement\":[{\"@type\":\"ListItem\",\"position\":1,\"name\":\"Home\",\"item\":\"https:\\\/\\\/www.honlufoodtrailer.com\\\/\"},{\"@type\":\"ListItem\",\"position\":2,\"name\":\"\u4ea7\u54c1\",\"item\":\"https:\\\/\\\/www.honlufoodtrailer.com\\\/shop\\\/\"},{\"@type\":\"ListItem\",\"position\":3,\"name\":\"18ft ( 5.7m) Pickle Food Truck for Sale USA\"}]},{\"@type\":\"WebSite\",\"@id\":\"https:\\\/\\\/www.honlufoodtrailer.com\\\/#website\",\"url\":\"https:\\\/\\\/www.honlufoodtrailer.com\\\/\",\"name\":\"Honlu food trailer\",\"description\":\"\",\"publisher\":{\"@id\":\"https:\\\/\\\/www.honlufoodtrailer.com\\\/#organization\"},\"potentialAction\":[{\"@type\":\"SearchAction\",\"target\":{\"@type\":\"EntryPoint\",\"urlTemplate\":\"https:\\\/\\\/www.honlufoodtrailer.com\\\/?s={search_term_string}\"},\"query-input\":{\"@type\":\"PropertyValueSpecification\",\"valueRequired\":true,\"valueName\":\"search_term_string\"}}],\"inLanguage\":\"fr-FR\"},{\"@type\":\"Organization\",\"@id\":\"https:\\\/\\\/www.honlufoodtrailer.com\\\/#organization\",\"name\":\"Honlu food trailer\",\"url\":\"https:\\\/\\\/www.honlufoodtrailer.com\\\/\",\"logo\":{\"@type\":\"ImageObject\",\"inLanguage\":\"fr-FR\",\"@id\":\"https:\\\/\\\/www.honlufoodtrailer.com\\\/#\\\/schema\\\/logo\\\/image\\\/\",\"url\":\"https:\\\/\\\/www.honlufoodtrailer.com\\\/wp-content\\\/uploads\\\/2021\\\/12\\\/2.gif\",\"contentUrl\":\"https:\\\/\\\/www.honlufoodtrailer.com\\\/wp-content\\\/uploads\\\/2021\\\/12\\\/2.gif\",\"width\":350,\"height\":100,\"caption\":\"Honlu food trailer\"},\"image\":{\"@id\":\"https:\\\/\\\/www.honlufoodtrailer.com\\\/#\\\/schema\\\/logo\\\/image\\\/\"}}]}<\/script>\n<!-- \/ Yoast SEO plugin. -->","yoast_head_json":{"title":"Camion-restaurant de 5,5 m (18 pieds) \u00e0 vendre aux \u00c9tats-Unis - honlu Food Trailer","description":"Vous cherchez un food truck sp\u00e9cialis\u00e9 dans les cornichons \u00e0 vendre aux \u00c9tats-Unis\u00a0? D\u00e9couvrez cette remorque de 5,5\u00a0m\u00e8tres (18\u00a0pieds) avec cuisine compl\u00e8te, design personnalis\u00e9 et \u00e9quipements conformes aux normes am\u00e9ricaines.","robots":{"index":"index","follow":"follow","max-snippet":"max-snippet:-1","max-image-preview":"max-image-preview:large","max-video-preview":"max-video-preview:-1"},"canonical":"https:\/\/www.honlufoodtrailer.com\/fr\/product\/18ft-pickle-food-truck-for-sale-usa\/","og_locale":"fr_FR","og_type":"article","og_title":"18ft Pickle Food Truck for Sale USA - honlu Food Trailer","og_description":"Looking for a pickle food truck for sale in the USA? Check out this 18ft pickle food trailer with full kitchen, custom design, and US-standard features.","og_url":"https:\/\/www.honlufoodtrailer.com\/fr\/product\/18ft-pickle-food-truck-for-sale-usa\/","og_site_name":"Honlu food trailer","article_modified_time":"2025-06-12T10:37:27+00:00","og_image":[{"width":720,"height":540,"url":"https:\/\/www.honlufoodtrailer.com\/wp-content\/uploads\/2024\/09\/5.7m-Pickles-And-Burger-Trailer.jpg","type":"image\/jpeg"}],"twitter_card":"summary_large_image","twitter_misc":{"Dur\u00e9e de lecture estim\u00e9e":"1 minute"},"schema":{"@context":"https:\/\/schema.org","@graph":[{"@type":"WebPage","@id":"https:\/\/www.honlufoodtrailer.com\/product\/18ft-pickle-food-truck-for-sale-usa\/","url":"https:\/\/www.honlufoodtrailer.com\/product\/18ft-pickle-food-truck-for-sale-usa\/","name":"Camion-restaurant de 5,5 m (18 pieds) \u00e0 vendre aux \u00c9tats-Unis - honlu Food Trailer","isPartOf":{"@id":"https:\/\/www.honlufoodtrailer.com\/#website"},"primaryImageOfPage":{"@id":"https:\/\/www.honlufoodtrailer.com\/product\/18ft-pickle-food-truck-for-sale-usa\/#primaryimage"},"image":{"@id":"https:\/\/www.honlufoodtrailer.com\/product\/18ft-pickle-food-truck-for-sale-usa\/#primaryimage"},"thumbnailUrl":"https:\/\/www.honlufoodtrailer.com\/wp-content\/uploads\/2024\/09\/5.7m-Pickles-And-Burger-Trailer.jpg","datePublished":"2024-09-04T10:36:18+00:00","dateModified":"2025-06-12T10:37:27+00:00","description":"Vous cherchez un food truck sp\u00e9cialis\u00e9 dans les cornichons \u00e0 vendre aux \u00c9tats-Unis\u00a0? D\u00e9couvrez cette remorque de 5,5\u00a0m\u00e8tres (18\u00a0pieds) avec cuisine compl\u00e8te, design personnalis\u00e9 et \u00e9quipements conformes aux normes am\u00e9ricaines.","breadcrumb":{"@id":"https:\/\/www.honlufoodtrailer.com\/product\/18ft-pickle-food-truck-for-sale-usa\/#breadcrumb"},"inLanguage":"fr-FR","potentialAction":[{"@type":"ReadAction","target":["https:\/\/www.honlufoodtrailer.com\/product\/18ft-pickle-food-truck-for-sale-usa\/"]}]},{"@type":"ImageObject","inLanguage":"fr-FR","@id":"https:\/\/www.honlufoodtrailer.com\/product\/18ft-pickle-food-truck-for-sale-usa\/#primaryimage","url":"https:\/\/www.honlufoodtrailer.com\/wp-content\/uploads\/2024\/09\/5.7m-Pickles-And-Burger-Trailer.jpg","contentUrl":"https:\/\/www.honlufoodtrailer.com\/wp-content\/uploads\/2024\/09\/5.7m-Pickles-And-Burger-Trailer.jpg","width":720,"height":540,"caption":"5.7m Pickles And Burger Trailer"},{"@type":"BreadcrumbList","@id":"https:\/\/www.honlufoodtrailer.com\/product\/18ft-pickle-food-truck-for-sale-usa\/#breadcrumb","itemListElement":[{"@type":"ListItem","position":1,"name":"Home","item":"https:\/\/www.honlufoodtrailer.com\/"},{"@type":"ListItem","position":2,"name":"\u4ea7\u54c1","item":"https:\/\/www.honlufoodtrailer.com\/shop\/"},{"@type":"ListItem","position":3,"name":"18ft ( 5.7m) Pickle Food Truck for Sale USA"}]},{"@type":"WebSite","@id":"https:\/\/www.honlufoodtrailer.com\/#website","url":"https:\/\/www.honlufoodtrailer.com\/","name":"Remorque alimentaire Honlu","description":"","publisher":{"@id":"https:\/\/www.honlufoodtrailer.com\/#organization"},"potentialAction":[{"@type":"SearchAction","target":{"@type":"EntryPoint","urlTemplate":"https:\/\/www.honlufoodtrailer.com\/?s={search_term_string}"},"query-input":{"@type":"PropertyValueSpecification","valueRequired":true,"valueName":"search_term_string"}}],"inLanguage":"fr-FR"},{"@type":"Organization","@id":"https:\/\/www.honlufoodtrailer.com\/#organization","name":"Remorque alimentaire Honlu","url":"https:\/\/www.honlufoodtrailer.com\/","logo":{"@type":"ImageObject","inLanguage":"fr-FR","@id":"https:\/\/www.honlufoodtrailer.com\/#\/schema\/logo\/image\/","url":"https:\/\/www.honlufoodtrailer.com\/wp-content\/uploads\/2021\/12\/2.gif","contentUrl":"https:\/\/www.honlufoodtrailer.com\/wp-content\/uploads\/2021\/12\/2.gif","width":350,"height":100,"caption":"Honlu food trailer"},"image":{"@id":"https:\/\/www.honlufoodtrailer.com\/#\/schema\/logo\/image\/"}}]}},"_links":{"self":[{"href":"https:\/\/www.honlufoodtrailer.com\/fr\/wp-json\/wp\/v2\/product\/8306","targetHints":{"allow":["GET"]}}],"collection":[{"href":"https:\/\/www.honlufoodtrailer.com\/fr\/wp-json\/wp\/v2\/product"}],"about":[{"href":"https:\/\/www.honlufoodtrailer.com\/fr\/wp-json\/wp\/v2\/types\/product"}],"version-history":[{"count":0,"href":"https:\/\/www.honlufoodtrailer.com\/fr\/wp-json\/wp\/v2\/product\/8306\/revisions"}],"wp:featuredmedia":[{"embeddable":true,"href":"https:\/\/www.honlufoodtrailer.com\/fr\/wp-json\/wp\/v2\/media\/8309"}],"wp:attachment":[{"href":"https:\/\/www.honlufoodtrailer.com\/fr\/wp-json\/wp\/v2\/media?parent=8306"}],"wp:term":[{"taxonomy":"product_brand","embeddable":true,"href":"https:\/\/www.honlufoodtrailer.com\/fr\/wp-json\/wp\/v2\/product_brand?post=8306"},{"taxonomy":"product_cat","embeddable":true,"href":"https:\/\/www.honlufoodtrailer.com\/fr\/wp-json\/wp\/v2\/product_cat?post=8306"},{"taxonomy":"product_tag","embeddable":true,"href":"https:\/\/www.honlufoodtrailer.com\/fr\/wp-json\/wp\/v2\/product_tag?post=8306"}],"curies":[{"name":"wp","href":"https:\/\/api.w.org\/{rel}","templated":true}]}}