{"id":8322,"date":"2024-09-11T11:31:26","date_gmt":"2024-09-11T03:31:26","guid":{"rendered":"https:\/\/www.honlufoodtrailer.com\/?post_type=product&#038;p=8322"},"modified":"2025-02-14T13:59:33","modified_gmt":"2025-02-14T05:59:33","slug":"18-7ft-concession-trailer-with-porch","status":"publish","type":"product","link":"https:\/\/www.honlufoodtrailer.com\/fr\/product\/18-7ft-concession-trailer-with-porch\/","title":{"rendered":"Remorque de restauration de 18,7 pieds avec porche"},"content":{"rendered":"<p data-spm-anchor-id=\"a2700.wholesale.0.i28.29e52808agqc7f\">Vous cherchez une remorque-restaurant avec porche\u00a0? D\u00e9couvrez cette remorque-restaurant rouge de 5,7\u00a0m (18,7\u00a0pi) avec porche\u00a0! C\u2019est l\u2019une des remorques avec porche que nous avons personnalis\u00e9es pour nos clients am\u00e9ricains. Voyons maintenant plus de d\u00e9tails\u00a0!<\/p>\n<p data-spm-anchor-id=\"a2700.wholesale.0.i28.29e52808agqc7f\"><img fetchpriority=\"high\" decoding=\"async\" class=\"aligncenter size-full wp-image-8332\" src=\"https:\/\/www.honlufoodtrailer.com\/wp-content\/uploads\/2024\/09\/18.7ft-concession-trailer-with-porch.jpg\" alt=\"Remorque de restauration de 5,7 m avec porche\" width=\"720\" height=\"540\" srcset=\"https:\/\/www.honlufoodtrailer.com\/wp-content\/uploads\/2024\/09\/18.7ft-concession-trailer-with-porch.jpg 720w, https:\/\/www.honlufoodtrailer.com\/wp-content\/uploads\/2024\/09\/18.7ft-concession-trailer-with-porch-480x360.jpg 480w, https:\/\/www.honlufoodtrailer.com\/wp-content\/uploads\/2024\/09\/18.7ft-concession-trailer-with-porch-300x225.jpg 300w\" sizes=\"(max-width: 720px) 100vw, 720px\" \/>Comme on peut le constater sur les photos ci-dessus, la carrosserie de cette remorque-restaurant est enti\u00e8rement rouge et la partie arri\u00e8re, \u00e0 l&#039;arri\u00e8re, est ouverte. Le guichet de service \u00e0 l&#039;avant est une grande fen\u00eatre coulissante qui, une fois ouverte, forme une table en dessous, facilitant ainsi la commande et le retrait des repas.\u00a0 <img decoding=\"async\" class=\"aligncenter size-full wp-image-8326\" src=\"https:\/\/www.honlufoodtrailer.com\/wp-content\/uploads\/2024\/09\/5.7m-porch-style-concession-trailer.jpg\" alt=\"Remorque de restauration de style porche de 5,7 m\" width=\"720\" height=\"540\" srcset=\"https:\/\/www.honlufoodtrailer.com\/wp-content\/uploads\/2024\/09\/5.7m-porch-style-concession-trailer.jpg 720w, https:\/\/www.honlufoodtrailer.com\/wp-content\/uploads\/2024\/09\/5.7m-porch-style-concession-trailer-480x360.jpg 480w, https:\/\/www.honlufoodtrailer.com\/wp-content\/uploads\/2024\/09\/5.7m-porch-style-concession-trailer-300x225.jpg 300w\" sizes=\"(max-width: 720px) 100vw, 720px\" \/><\/p>\n<p data-spm-anchor-id=\"a2700.wholesale.0.i28.29e52808agqc7f\">La partie arri\u00e8re du food truck, appel\u00e9e porche, est une conception propos\u00e9e par le client. Les cloisons qui l&#039;entourent peuvent s&#039;ouvrir vers l&#039;ext\u00e9rieur pour cr\u00e9er un espace ouvert. Voyons maintenant les d\u00e9tails int\u00e9rieurs de ce food truck avec porche.<\/p>\n<h3>Am\u00e9nagements int\u00e9rieurs de la remorque de restauration de 18,7 pieds avec porche<\/h3>\n<p data-spm-anchor-id=\"a2700.wholesale.0.i28.29e52808agqc7f\">Comme le montrent les photos ci-dessous, nous avons \u00e9quip\u00e9 la remorque-restaurant de certains \u00e9quipements de cuisine conform\u00e9ment aux exigences du client. Ces \u00e9quipements comprennent un \u00e9vier \u00e0 trois bacs avec robinets d&#039;eau chaude et froide, une friteuse \u00e0 gaz \u00e0 deux cuves, une plaque de cuisson \u00e0 gaz, une hotte aspirante, un plan de travail, un r\u00e9frig\u00e9rateur int\u00e9gr\u00e9, un climatiseur, un syst\u00e8me d&#039;extinction d&#039;incendie, etc.<img decoding=\"async\" class=\"aligncenter size-full wp-image-8330\" src=\"https:\/\/www.honlufoodtrailer.com\/wp-content\/uploads\/2024\/09\/18.7ft-concession-trailer-with-porch-inner-view.jpg\" alt=\"Remorque de restauration de 5,7 m avec v\u00e9randa (vue int\u00e9rieure)\" width=\"720\" height=\"540\" srcset=\"https:\/\/www.honlufoodtrailer.com\/wp-content\/uploads\/2024\/09\/18.7ft-concession-trailer-with-porch-inner-view.jpg 720w, https:\/\/www.honlufoodtrailer.com\/wp-content\/uploads\/2024\/09\/18.7ft-concession-trailer-with-porch-inner-view-480x360.jpg 480w, https:\/\/www.honlufoodtrailer.com\/wp-content\/uploads\/2024\/09\/18.7ft-concession-trailer-with-porch-inner-view-300x225.jpg 300w\" sizes=\"(max-width: 720px) 100vw, 720px\" \/> <img loading=\"lazy\" decoding=\"async\" class=\"aligncenter size-full wp-image-8331\" src=\"https:\/\/www.honlufoodtrailer.com\/wp-content\/uploads\/2024\/09\/18.7ft-concession-trailer-with-porch-kitchen-equipment.jpg\" alt=\"Remorque de restauration de 5,7 m avec \u00e9quipement de cuisine sur la v\u00e9randa\" width=\"800\" height=\"800\" srcset=\"https:\/\/www.honlufoodtrailer.com\/wp-content\/uploads\/2024\/09\/18.7ft-concession-trailer-with-porch-kitchen-equipment.jpg 800w, https:\/\/www.honlufoodtrailer.com\/wp-content\/uploads\/2024\/09\/18.7ft-concession-trailer-with-porch-kitchen-equipment-768x768.jpg 768w, https:\/\/www.honlufoodtrailer.com\/wp-content\/uploads\/2024\/09\/18.7ft-concession-trailer-with-porch-kitchen-equipment-360x360.jpg 360w, https:\/\/www.honlufoodtrailer.com\/wp-content\/uploads\/2024\/09\/18.7ft-concession-trailer-with-porch-kitchen-equipment-300x300.jpg 300w, https:\/\/www.honlufoodtrailer.com\/wp-content\/uploads\/2024\/09\/18.7ft-concession-trailer-with-porch-kitchen-equipment-720x720.jpg 720w, https:\/\/www.honlufoodtrailer.com\/wp-content\/uploads\/2024\/09\/18.7ft-concession-trailer-with-porch-kitchen-equipment-100x100.jpg 100w\" sizes=\"(max-width: 800px) 100vw, 800px\" \/><\/p>\n<p data-spm-anchor-id=\"a2700.wholesale.0.i28.29e52808agqc7f\">Tout l&#039;\u00e9quipement de cuisine est personnalis\u00e9. Forts de plus de 10 ans d&#039;exp\u00e9rience dans la fabrication et l&#039;exportation de food trucks, nous vous accompagnons dans la conception et la r\u00e9alisation du food truck de vos r\u00eaves. Dimensions, couleur de la carrosserie, stickers, signal\u00e9tique et \u00e9quipements de cuisine sont enti\u00e8rement personnalisables. N&#039;h\u00e9sitez pas \u00e0 nous contacter pour nous faire part de vos besoins\u00a0!<\/p>\n<h3>Plus de d\u00e9tails sur la remorque de restauration de 18,7 pieds avec porche<\/h3>\n<p>Voir plus de d\u00e9tails sur le porche arri\u00e8re, les essieux, le ventilateur, la barre de remorquage, l&#039;alimentation externe, le feu arri\u00e8re, etc. Tous ces \u00e9l\u00e9ments sont fabriqu\u00e9s conform\u00e9ment aux normes am\u00e9ricaines.<\/p>\n<h3 data-spm-anchor-id=\"a2700.wholesale.0.i28.29e52808agqc7f\"><img loading=\"lazy\" decoding=\"async\" class=\"aligncenter size-full wp-image-8329\" src=\"https:\/\/www.honlufoodtrailer.com\/wp-content\/uploads\/2024\/09\/18.7ft-concession-trailer-with-porch-details.jpg\" alt=\"Remorque de restauration de 5,7 m avec d\u00e9tails du porche\" width=\"800\" height=\"800\" srcset=\"https:\/\/www.honlufoodtrailer.com\/wp-content\/uploads\/2024\/09\/18.7ft-concession-trailer-with-porch-details.jpg 800w, https:\/\/www.honlufoodtrailer.com\/wp-content\/uploads\/2024\/09\/18.7ft-concession-trailer-with-porch-details-768x768.jpg 768w, https:\/\/www.honlufoodtrailer.com\/wp-content\/uploads\/2024\/09\/18.7ft-concession-trailer-with-porch-details-360x360.jpg 360w, https:\/\/www.honlufoodtrailer.com\/wp-content\/uploads\/2024\/09\/18.7ft-concession-trailer-with-porch-details-300x300.jpg 300w, https:\/\/www.honlufoodtrailer.com\/wp-content\/uploads\/2024\/09\/18.7ft-concession-trailer-with-porch-details-720x720.jpg 720w, https:\/\/www.honlufoodtrailer.com\/wp-content\/uploads\/2024\/09\/18.7ft-concession-trailer-with-porch-details-100x100.jpg 100w\" sizes=\"(max-width: 800px) 100vw, 800px\" \/><\/h3>\n<h3 class=\"magic-6\" data-spm-anchor-id=\"a2700.wholesale.0.i28.29e52808agqc7f\">Caract\u00e9ristiques principales de cette remorque de restauration de style porche de 5,7 m (18,7 pi)<\/h3>\n<div class=\"magic-7\">\n<div class=\"magic-8\">\n<div class=\"magic-9\" data-id=\"paragraph0\">\n<ol>\n<li>Un aspect tendance, une couleur rouge, qui est attrayante ;<\/li>\n<li>Il est fabriqu\u00e9 en acier inoxydable, durable et r\u00e9sistant \u00e0 la corrosion ;<\/li>\n<li>Des accessoires modernes et avanc\u00e9s \u00e9quipent la remorque de la concession ;<\/li>\n<li>Pratique et facile \u00e0 d\u00e9placer ;<\/li>\n<li>Conforme aux normes am\u00e9ricaines ;<\/li>\n<\/ol>\n<h3>Dessin de plan d'\u00e9tage 2D\/3D gratuit<\/h3>\n<p>Apr\u00e8s avoir confirm\u00e9 les dimensions de la remorque alimentaire et de l'\u00e9quipement de cuisine interne, nous pouvons vous fournir gratuitement des dessins en 3D. Cela vous donnera une id\u00e9e plus claire de votre conception et de votre remorque alimentaire. Lorsque nous confirmons l'emplacement de l'\u00e9quipement de cuisine, nous pouvons communiquer clairement avec vous gr\u00e2ce au plan d'\u00e9tage. Nous pouvons \u00e9galement vous fournir des documents originaux pour faciliter votre conception et proc\u00e9der \u00e0 des ajustements.<\/p>\n<h3>D\u00e9couvrez davantage de nos remorques de restauration avec porche<\/h3>\n<h4 class=\"product_title entry-title elementor-heading-title elementor-size-default\">Remorque alimentaire mobile avec porche de couleur bleue<\/h4>\n<p><a href=\"https:\/\/www.honlufoodtrailer.com\/fr\/product\/mobile-food-trailer-with-porch\/\"><img loading=\"lazy\" decoding=\"async\" class=\"aligncenter wp-image-4724 size-full\" src=\"https:\/\/www.honlufoodtrailer.com\/wp-content\/uploads\/2022\/04\/Mobile-food-trailer-with-porch-21-8130-7.jpg\" alt=\"Caravane alimentaire mobile avec porche\" width=\"720\" height=\"540\" srcset=\"https:\/\/www.honlufoodtrailer.com\/wp-content\/uploads\/2022\/04\/Mobile-food-trailer-with-porch-21-8130-7.jpg 720w, https:\/\/www.honlufoodtrailer.com\/wp-content\/uploads\/2022\/04\/Mobile-food-trailer-with-porch-21-8130-7-480x360.jpg 480w, https:\/\/www.honlufoodtrailer.com\/wp-content\/uploads\/2022\/04\/Mobile-food-trailer-with-porch-21-8130-7-300x225.jpg 300w\" sizes=\"(max-width: 720px) 100vw, 720px\" \/>b<\/a><\/p>\n<h4>Remorque barbecue Big Baby avec porche<\/h4>\n<p><a href=\"https:\/\/www.honlufoodtrailer.com\/fr\/product\/bbq-food-trailer-with-porch\/\"><img loading=\"lazy\" decoding=\"async\" class=\"aligncenter wp-image-3399 size-full\" src=\"https:\/\/www.honlufoodtrailer.com\/wp-content\/uploads\/2022\/03\/BBQ-food-trailer-with-porch-1.jpg\" alt=\"Remorque barbecue avec porche (1)\" width=\"720\" height=\"540\" srcset=\"https:\/\/www.honlufoodtrailer.com\/wp-content\/uploads\/2022\/03\/BBQ-food-trailer-with-porch-1.jpg 720w, https:\/\/www.honlufoodtrailer.com\/wp-content\/uploads\/2022\/03\/BBQ-food-trailer-with-porch-1-480x360.jpg 480w, https:\/\/www.honlufoodtrailer.com\/wp-content\/uploads\/2022\/03\/BBQ-food-trailer-with-porch-1-300x225.jpg 300w\" sizes=\"(max-width: 720px) 100vw, 720px\" \/><\/a><\/p>\n<\/div>\n<\/div>\n<\/div>","protected":false},"excerpt":{"rendered":"<p>Voici une remorque-restaurant personnalis\u00e9e de 5,7 m avec porche. Elle est fabriqu\u00e9e en t\u00f4le galvanis\u00e9e et en acier inoxydable. Tout l&#039;\u00e9quipement int\u00e9rieur est en acier inoxydable. Nous personnalisons un grand nombre d&#039;\u00e9quipements de cuisine pour nos clients, notamment une friteuse \u00e0 gaz, une plaque de cuisson, etc. Ce mod\u00e8le de remorque-restaurant avec porche est id\u00e9al pour d\u00e9marrer une activit\u00e9 de restauration rapide au barbecue. Cliquez sur les onglets suivants pour d\u00e9couvrir plus de d\u00e9tails. Nous pouvons fabriquer une remorque-restaurant similaire ou en cr\u00e9er une sur mesure. Dimensions, couleur de la carrosserie, autocollants, signal\u00e9tique et \u00e9quipements de cuisine sont personnalisables. N&#039;h\u00e9sitez pas \u00e0 nous contacter\u00a0!<\/p>","protected":false},"featured_media":8328,"template":"","meta":{"_themeisle_gutenberg_block_has_review":false},"product_brand":[],"product_cat":[26],"product_tag":[86,79],"class_list":{"0":"post-8322","1":"product","2":"type-product","3":"status-publish","4":"has-post-thumbnail","6":"product_cat-product","7":"product_tag-18-7ft-food-trailer","8":"product_tag-food-trailer-with-porch","10":"first","11":"instock","12":"featured","13":"shipping-taxable","14":"product-type-simple"},"yoast_head":"<!-- This site is optimized with the Yoast SEO plugin v27.5 - https:\/\/yoast.com\/product\/yoast-seo-wordpress\/ -->\n<title>18.7ft Concession Trailer With Porch From China - Honlu Food Trailer<\/title>\n<meta name=\"description\" content=\"This customized 5.7M concession trailer with porch can make BBQ, fast food, etc. Good quality and reasonable price. See the details now!\" \/>\n<meta name=\"robots\" content=\"index, follow, max-snippet:-1, max-image-preview:large, max-video-preview:-1\" \/>\n<link rel=\"canonical\" href=\"https:\/\/www.honlufoodtrailer.com\/fr\/product\/18-7ft-concession-trailer-with-porch\/\" \/>\n<meta property=\"og:locale\" content=\"fr_FR\" \/>\n<meta property=\"og:type\" content=\"article\" \/>\n<meta property=\"og:title\" content=\"18.7ft Concession Trailer With Porch From China - Honlu Food Trailer\" \/>\n<meta property=\"og:description\" content=\"This customized 5.7M concession trailer with porch can make BBQ, fast food, etc. Good quality and reasonable price. See the details now!\" \/>\n<meta property=\"og:url\" content=\"https:\/\/www.honlufoodtrailer.com\/fr\/product\/18-7ft-concession-trailer-with-porch\/\" \/>\n<meta property=\"og:site_name\" content=\"Honlu food trailer\" \/>\n<meta property=\"article:modified_time\" content=\"2025-02-14T05:59:33+00:00\" \/>\n<meta property=\"og:image\" content=\"https:\/\/www.honlufoodtrailer.com\/wp-content\/uploads\/2024\/09\/18.7ft-concession-trailer-with-porch-back-view.jpg\" \/>\n\t<meta property=\"og:image:width\" content=\"720\" \/>\n\t<meta property=\"og:image:height\" content=\"540\" \/>\n\t<meta property=\"og:image:type\" content=\"image\/jpeg\" \/>\n<meta name=\"twitter:card\" content=\"summary_large_image\" \/>\n<meta name=\"twitter:label1\" content=\"Dur\u00e9e de lecture estim\u00e9e\" \/>\n\t<meta name=\"twitter:data1\" content=\"3 minutes\" \/>\n<script type=\"application\/ld+json\" class=\"yoast-schema-graph\">{\"@context\":\"https:\\\/\\\/schema.org\",\"@graph\":[{\"@type\":\"WebPage\",\"@id\":\"https:\\\/\\\/www.honlufoodtrailer.com\\\/product\\\/18-7ft-concession-trailer-with-porch\\\/\",\"url\":\"https:\\\/\\\/www.honlufoodtrailer.com\\\/product\\\/18-7ft-concession-trailer-with-porch\\\/\",\"name\":\"18.7ft Concession Trailer With Porch From China - Honlu Food Trailer\",\"isPartOf\":{\"@id\":\"https:\\\/\\\/www.honlufoodtrailer.com\\\/#website\"},\"primaryImageOfPage\":{\"@id\":\"https:\\\/\\\/www.honlufoodtrailer.com\\\/product\\\/18-7ft-concession-trailer-with-porch\\\/#primaryimage\"},\"image\":{\"@id\":\"https:\\\/\\\/www.honlufoodtrailer.com\\\/product\\\/18-7ft-concession-trailer-with-porch\\\/#primaryimage\"},\"thumbnailUrl\":\"https:\\\/\\\/www.honlufoodtrailer.com\\\/wp-content\\\/uploads\\\/2024\\\/09\\\/18.7ft-concession-trailer-with-porch-back-view.jpg\",\"datePublished\":\"2024-09-11T03:31:26+00:00\",\"dateModified\":\"2025-02-14T05:59:33+00:00\",\"description\":\"This customized 5.7M concession trailer with porch can make BBQ, fast food, etc. Good quality and reasonable price. See the details now!\",\"breadcrumb\":{\"@id\":\"https:\\\/\\\/www.honlufoodtrailer.com\\\/product\\\/18-7ft-concession-trailer-with-porch\\\/#breadcrumb\"},\"inLanguage\":\"fr-FR\",\"potentialAction\":[{\"@type\":\"ReadAction\",\"target\":[\"https:\\\/\\\/www.honlufoodtrailer.com\\\/product\\\/18-7ft-concession-trailer-with-porch\\\/\"]}]},{\"@type\":\"ImageObject\",\"inLanguage\":\"fr-FR\",\"@id\":\"https:\\\/\\\/www.honlufoodtrailer.com\\\/product\\\/18-7ft-concession-trailer-with-porch\\\/#primaryimage\",\"url\":\"https:\\\/\\\/www.honlufoodtrailer.com\\\/wp-content\\\/uploads\\\/2024\\\/09\\\/18.7ft-concession-trailer-with-porch-back-view.jpg\",\"contentUrl\":\"https:\\\/\\\/www.honlufoodtrailer.com\\\/wp-content\\\/uploads\\\/2024\\\/09\\\/18.7ft-concession-trailer-with-porch-back-view.jpg\",\"width\":720,\"height\":540,\"caption\":\"18.7ft concession trailer with porch back view\"},{\"@type\":\"BreadcrumbList\",\"@id\":\"https:\\\/\\\/www.honlufoodtrailer.com\\\/product\\\/18-7ft-concession-trailer-with-porch\\\/#breadcrumb\",\"itemListElement\":[{\"@type\":\"ListItem\",\"position\":1,\"name\":\"Home\",\"item\":\"https:\\\/\\\/www.honlufoodtrailer.com\\\/\"},{\"@type\":\"ListItem\",\"position\":2,\"name\":\"\u4ea7\u54c1\",\"item\":\"https:\\\/\\\/www.honlufoodtrailer.com\\\/shop\\\/\"},{\"@type\":\"ListItem\",\"position\":3,\"name\":\"18.7ft Concession Trailer With Porch\"}]},{\"@type\":\"WebSite\",\"@id\":\"https:\\\/\\\/www.honlufoodtrailer.com\\\/#website\",\"url\":\"https:\\\/\\\/www.honlufoodtrailer.com\\\/\",\"name\":\"Honlu food trailer\",\"description\":\"\",\"publisher\":{\"@id\":\"https:\\\/\\\/www.honlufoodtrailer.com\\\/#organization\"},\"potentialAction\":[{\"@type\":\"SearchAction\",\"target\":{\"@type\":\"EntryPoint\",\"urlTemplate\":\"https:\\\/\\\/www.honlufoodtrailer.com\\\/?s={search_term_string}\"},\"query-input\":{\"@type\":\"PropertyValueSpecification\",\"valueRequired\":true,\"valueName\":\"search_term_string\"}}],\"inLanguage\":\"fr-FR\"},{\"@type\":\"Organization\",\"@id\":\"https:\\\/\\\/www.honlufoodtrailer.com\\\/#organization\",\"name\":\"Honlu food trailer\",\"url\":\"https:\\\/\\\/www.honlufoodtrailer.com\\\/\",\"logo\":{\"@type\":\"ImageObject\",\"inLanguage\":\"fr-FR\",\"@id\":\"https:\\\/\\\/www.honlufoodtrailer.com\\\/#\\\/schema\\\/logo\\\/image\\\/\",\"url\":\"https:\\\/\\\/www.honlufoodtrailer.com\\\/wp-content\\\/uploads\\\/2021\\\/12\\\/2.gif\",\"contentUrl\":\"https:\\\/\\\/www.honlufoodtrailer.com\\\/wp-content\\\/uploads\\\/2021\\\/12\\\/2.gif\",\"width\":350,\"height\":100,\"caption\":\"Honlu food trailer\"},\"image\":{\"@id\":\"https:\\\/\\\/www.honlufoodtrailer.com\\\/#\\\/schema\\\/logo\\\/image\\\/\"}}]}<\/script>\n<!-- \/ Yoast SEO plugin. -->","yoast_head_json":{"title":"Remorque de restauration de 5,7 m avec porche, en provenance de Chine - Honlu Food Trailer","description":"Cette remorque de restauration de 5,7 m, am\u00e9nag\u00e9e avec une terrasse, est id\u00e9ale pour les grillades, la restauration rapide, etc. Excellente qualit\u00e9 \u00e0 prix abordable. Plus d&#039;infos ici\u00a0!","robots":{"index":"index","follow":"follow","max-snippet":"max-snippet:-1","max-image-preview":"max-image-preview:large","max-video-preview":"max-video-preview:-1"},"canonical":"https:\/\/www.honlufoodtrailer.com\/fr\/product\/18-7ft-concession-trailer-with-porch\/","og_locale":"fr_FR","og_type":"article","og_title":"18.7ft Concession Trailer With Porch From China - Honlu Food Trailer","og_description":"This customized 5.7M concession trailer with porch can make BBQ, fast food, etc. Good quality and reasonable price. See the details now!","og_url":"https:\/\/www.honlufoodtrailer.com\/fr\/product\/18-7ft-concession-trailer-with-porch\/","og_site_name":"Honlu food trailer","article_modified_time":"2025-02-14T05:59:33+00:00","og_image":[{"width":720,"height":540,"url":"https:\/\/www.honlufoodtrailer.com\/wp-content\/uploads\/2024\/09\/18.7ft-concession-trailer-with-porch-back-view.jpg","type":"image\/jpeg"}],"twitter_card":"summary_large_image","twitter_misc":{"Dur\u00e9e de lecture estim\u00e9e":"3 minutes"},"schema":{"@context":"https:\/\/schema.org","@graph":[{"@type":"WebPage","@id":"https:\/\/www.honlufoodtrailer.com\/product\/18-7ft-concession-trailer-with-porch\/","url":"https:\/\/www.honlufoodtrailer.com\/product\/18-7ft-concession-trailer-with-porch\/","name":"Remorque de restauration de 5,7 m avec porche, en provenance de Chine - Honlu Food Trailer","isPartOf":{"@id":"https:\/\/www.honlufoodtrailer.com\/#website"},"primaryImageOfPage":{"@id":"https:\/\/www.honlufoodtrailer.com\/product\/18-7ft-concession-trailer-with-porch\/#primaryimage"},"image":{"@id":"https:\/\/www.honlufoodtrailer.com\/product\/18-7ft-concession-trailer-with-porch\/#primaryimage"},"thumbnailUrl":"https:\/\/www.honlufoodtrailer.com\/wp-content\/uploads\/2024\/09\/18.7ft-concession-trailer-with-porch-back-view.jpg","datePublished":"2024-09-11T03:31:26+00:00","dateModified":"2025-02-14T05:59:33+00:00","description":"Cette remorque de restauration de 5,7 m, am\u00e9nag\u00e9e avec une terrasse, est id\u00e9ale pour les grillades, la restauration rapide, etc. Excellente qualit\u00e9 \u00e0 prix abordable. Plus d&#039;infos ici\u00a0!","breadcrumb":{"@id":"https:\/\/www.honlufoodtrailer.com\/product\/18-7ft-concession-trailer-with-porch\/#breadcrumb"},"inLanguage":"fr-FR","potentialAction":[{"@type":"ReadAction","target":["https:\/\/www.honlufoodtrailer.com\/product\/18-7ft-concession-trailer-with-porch\/"]}]},{"@type":"ImageObject","inLanguage":"fr-FR","@id":"https:\/\/www.honlufoodtrailer.com\/product\/18-7ft-concession-trailer-with-porch\/#primaryimage","url":"https:\/\/www.honlufoodtrailer.com\/wp-content\/uploads\/2024\/09\/18.7ft-concession-trailer-with-porch-back-view.jpg","contentUrl":"https:\/\/www.honlufoodtrailer.com\/wp-content\/uploads\/2024\/09\/18.7ft-concession-trailer-with-porch-back-view.jpg","width":720,"height":540,"caption":"18.7ft concession trailer with porch back view"},{"@type":"BreadcrumbList","@id":"https:\/\/www.honlufoodtrailer.com\/product\/18-7ft-concession-trailer-with-porch\/#breadcrumb","itemListElement":[{"@type":"ListItem","position":1,"name":"Home","item":"https:\/\/www.honlufoodtrailer.com\/"},{"@type":"ListItem","position":2,"name":"\u4ea7\u54c1","item":"https:\/\/www.honlufoodtrailer.com\/shop\/"},{"@type":"ListItem","position":3,"name":"18.7ft Concession Trailer With Porch"}]},{"@type":"WebSite","@id":"https:\/\/www.honlufoodtrailer.com\/#website","url":"https:\/\/www.honlufoodtrailer.com\/","name":"Remorque alimentaire Honlu","description":"","publisher":{"@id":"https:\/\/www.honlufoodtrailer.com\/#organization"},"potentialAction":[{"@type":"SearchAction","target":{"@type":"EntryPoint","urlTemplate":"https:\/\/www.honlufoodtrailer.com\/?s={search_term_string}"},"query-input":{"@type":"PropertyValueSpecification","valueRequired":true,"valueName":"search_term_string"}}],"inLanguage":"fr-FR"},{"@type":"Organization","@id":"https:\/\/www.honlufoodtrailer.com\/#organization","name":"Remorque alimentaire Honlu","url":"https:\/\/www.honlufoodtrailer.com\/","logo":{"@type":"ImageObject","inLanguage":"fr-FR","@id":"https:\/\/www.honlufoodtrailer.com\/#\/schema\/logo\/image\/","url":"https:\/\/www.honlufoodtrailer.com\/wp-content\/uploads\/2021\/12\/2.gif","contentUrl":"https:\/\/www.honlufoodtrailer.com\/wp-content\/uploads\/2021\/12\/2.gif","width":350,"height":100,"caption":"Honlu food trailer"},"image":{"@id":"https:\/\/www.honlufoodtrailer.com\/#\/schema\/logo\/image\/"}}]}},"_links":{"self":[{"href":"https:\/\/www.honlufoodtrailer.com\/fr\/wp-json\/wp\/v2\/product\/8322","targetHints":{"allow":["GET"]}}],"collection":[{"href":"https:\/\/www.honlufoodtrailer.com\/fr\/wp-json\/wp\/v2\/product"}],"about":[{"href":"https:\/\/www.honlufoodtrailer.com\/fr\/wp-json\/wp\/v2\/types\/product"}],"version-history":[{"count":0,"href":"https:\/\/www.honlufoodtrailer.com\/fr\/wp-json\/wp\/v2\/product\/8322\/revisions"}],"wp:featuredmedia":[{"embeddable":true,"href":"https:\/\/www.honlufoodtrailer.com\/fr\/wp-json\/wp\/v2\/media\/8328"}],"wp:attachment":[{"href":"https:\/\/www.honlufoodtrailer.com\/fr\/wp-json\/wp\/v2\/media?parent=8322"}],"wp:term":[{"taxonomy":"product_brand","embeddable":true,"href":"https:\/\/www.honlufoodtrailer.com\/fr\/wp-json\/wp\/v2\/product_brand?post=8322"},{"taxonomy":"product_cat","embeddable":true,"href":"https:\/\/www.honlufoodtrailer.com\/fr\/wp-json\/wp\/v2\/product_cat?post=8322"},{"taxonomy":"product_tag","embeddable":true,"href":"https:\/\/www.honlufoodtrailer.com\/fr\/wp-json\/wp\/v2\/product_tag?post=8322"}],"curies":[{"name":"wp","href":"https:\/\/api.w.org\/{rel}","templated":true}]}}