{"id":8990,"date":"2024-12-02T16:32:53","date_gmt":"2024-12-02T08:32:53","guid":{"rendered":"https:\/\/www.honlufoodtrailer.com\/?post_type=product&#038;p=8990"},"modified":"2025-02-14T11:42:13","modified_gmt":"2025-02-14T03:42:13","slug":"13ft-food-trailer-trinidad-and-tobago","status":"publish","type":"product","link":"https:\/\/www.honlufoodtrailer.com\/fr\/product\/13ft-food-trailer-trinidad-and-tobago\/","title":{"rendered":"Remorque alimentaire de 13 pieds Trinit\u00e9-et-Tobago"},"content":{"rendered":"<p data-spm-anchor-id=\"a2700.wholesale.0.i28.29e52808agqc7f\">Vous \u00eates \u00e0 la recherche d'une remorque alimentaire \u00e0 Trinit\u00e9-et-Tobago ? Voyez cette remorque alimentaire mobile de 13 pieds que nous avons personnalis\u00e9e pour un client de Trinit\u00e9-et-Tobago ! C'est l'une des remorques alimentaires que nous avons personnalis\u00e9es pour nos clients. Voyons maintenant plus de d\u00e9tails \u00e0 son sujet !<\/p>\n<p data-spm-anchor-id=\"a2700.wholesale.0.i28.29e52808agqc7f\"><img fetchpriority=\"high\" decoding=\"async\" class=\"aligncenter size-full wp-image-8995\" src=\"https:\/\/www.honlufoodtrailer.com\/wp-content\/uploads\/2024\/12\/13ft-Food-Trailer-Trinidad-and-Tobago-for-sale.jpg\" alt=\"13ft Food Trailer Trinidad and Tobago \u00e0 vendre\" width=\"720\" height=\"540\" srcset=\"https:\/\/www.honlufoodtrailer.com\/wp-content\/uploads\/2024\/12\/13ft-Food-Trailer-Trinidad-and-Tobago-for-sale.jpg 720w, https:\/\/www.honlufoodtrailer.com\/wp-content\/uploads\/2024\/12\/13ft-Food-Trailer-Trinidad-and-Tobago-for-sale-480x360.jpg 480w, https:\/\/www.honlufoodtrailer.com\/wp-content\/uploads\/2024\/12\/13ft-Food-Trailer-Trinidad-and-Tobago-for-sale-300x225.jpg 300w\" sizes=\"(max-width: 720px) 100vw, 720px\" \/> <img decoding=\"async\" class=\"aligncenter size-full wp-image-8998\" src=\"https:\/\/www.honlufoodtrailer.com\/wp-content\/uploads\/2024\/12\/13ft-Food-Trailer-Trinidad-and-Tobago-side-view.jpg\" alt=\"13ft Food Trailer Trinidad and Tobago side view\" width=\"720\" height=\"540\" srcset=\"https:\/\/www.honlufoodtrailer.com\/wp-content\/uploads\/2024\/12\/13ft-Food-Trailer-Trinidad-and-Tobago-side-view.jpg 720w, https:\/\/www.honlufoodtrailer.com\/wp-content\/uploads\/2024\/12\/13ft-Food-Trailer-Trinidad-and-Tobago-side-view-480x360.jpg 480w, https:\/\/www.honlufoodtrailer.com\/wp-content\/uploads\/2024\/12\/13ft-Food-Trailer-Trinidad-and-Tobago-side-view-300x225.jpg 300w\" sizes=\"(max-width: 720px) 100vw, 720px\" \/><\/p>\n<p data-spm-anchor-id=\"a2700.wholesale.0.i28.29e52808agqc7f\">Comme on peut le voir sur les photos ci-dessus, l'ensemble du corps de cette remorque alimentaire est blanc. Il y a deux zones de service, une fen\u00eatre de service et une zone de service arri\u00e8re. Lorsque la fen\u00eatre est ouverte, une table peut \u00eatre form\u00e9e en dessous. Il sera tr\u00e8s pratique pour les convives de commander et de prendre leur repas. Voyons maintenant les d\u00e9tails int\u00e9rieurs de cette remorque restaurant mobile.<\/p>\n<h3>D\u00e9tails int\u00e9rieurs de la remorque alimentaire de 4 m Trinit\u00e9-et-Tobago<\/h3>\n<p data-spm-anchor-id=\"a2700.wholesale.0.i28.29e52808agqc7f\">Comme on peut le voir sur les photos ci-dessous, nous avons \u00e9quip\u00e9 la remorque alimentaire d'un certain nombre d'\u00e9quipements de cuisine selon les besoins du client. L'\u00e9quipement de cuisine comprend 3 \u00e9viers, un climatiseur, une table de pr\u00e9paration des aliments, une cuisini\u00e8re \u00e0 gaz, une friteuse \u00e0 gaz, une plaque de cuisson, un r\u00e9frig\u00e9rateur, etc.<\/p>\n<p data-spm-anchor-id=\"a2700.wholesale.0.i28.29e52808agqc7f\"><img decoding=\"async\" class=\"aligncenter size-full wp-image-8932\" src=\"https:\/\/www.honlufoodtrailer.com\/wp-content\/uploads\/2024\/11\/4m-Mobile-Restaurant-Trailer-inner-view.jpg\" alt=\"Vue int\u00e9rieure de la remorque de restaurant mobile de 4 m\" width=\"720\" height=\"540\" srcset=\"https:\/\/www.honlufoodtrailer.com\/wp-content\/uploads\/2024\/11\/4m-Mobile-Restaurant-Trailer-inner-view.jpg 720w, https:\/\/www.honlufoodtrailer.com\/wp-content\/uploads\/2024\/11\/4m-Mobile-Restaurant-Trailer-inner-view-480x360.jpg 480w, https:\/\/www.honlufoodtrailer.com\/wp-content\/uploads\/2024\/11\/4m-Mobile-Restaurant-Trailer-inner-view-300x225.jpg 300w\" sizes=\"(max-width: 720px) 100vw, 720px\" \/><\/p>\n<p data-spm-anchor-id=\"a2700.wholesale.0.i28.29e52808agqc7f\"><img loading=\"lazy\" decoding=\"async\" class=\"aligncenter size-full wp-image-8945\" src=\"https:\/\/www.honlufoodtrailer.com\/wp-content\/uploads\/2024\/11\/4m-restaurant-trailer-inner-details.jpg\" alt=\"Remorque restaurant 4m d\u00e9tails int\u00e9rieurs\" width=\"800\" height=\"800\" srcset=\"https:\/\/www.honlufoodtrailer.com\/wp-content\/uploads\/2024\/11\/4m-restaurant-trailer-inner-details.jpg 800w, https:\/\/www.honlufoodtrailer.com\/wp-content\/uploads\/2024\/11\/4m-restaurant-trailer-inner-details-768x768.jpg 768w, https:\/\/www.honlufoodtrailer.com\/wp-content\/uploads\/2024\/11\/4m-restaurant-trailer-inner-details-360x360.jpg 360w, https:\/\/www.honlufoodtrailer.com\/wp-content\/uploads\/2024\/11\/4m-restaurant-trailer-inner-details-300x300.jpg 300w, https:\/\/www.honlufoodtrailer.com\/wp-content\/uploads\/2024\/11\/4m-restaurant-trailer-inner-details-720x720.jpg 720w, https:\/\/www.honlufoodtrailer.com\/wp-content\/uploads\/2024\/11\/4m-restaurant-trailer-inner-details-100x100.jpg 100w\" sizes=\"(max-width: 800px) 100vw, 800px\" \/><\/p>\n<p data-spm-anchor-id=\"a2700.wholesale.0.i28.29e52808agqc7f\">Tous les \u00e9quipements de cuisine sont personnalis\u00e9s en fonction des normes locales du client. En tant que fabricant et exportateur de remorques alimentaires avec plus de 10 ans d'exp\u00e9rience, nous pouvons vous aider \u00e0 concevoir et fabriquer votre remorque alimentaire selon vos normes locales. La taille, la couleur de la carrosserie, les autocollants, la signalisation et l'\u00e9quipement de cuisine de la remorque alimentaire peuvent \u00eatre personnalis\u00e9s. N'h\u00e9sitez pas \u00e0 nous contacter et \u00e0 nous faire part de vos exigences d\u00e9taill\u00e9es !<\/p>\n<h3>Plus de d\u00e9tails sur la remorque alimentaire de 4 m<\/h3>\n<p>Voir plus de d\u00e9tails sur la fen\u00eatre, le feu lat\u00e9ral, le feu arri\u00e8re, la barre de remorquage et l'alimentation \u00e9lectrique externe, etc. Tous ces \u00e9l\u00e9ments sont fabriqu\u00e9s selon les exigences du client.<\/p>\n<h3 data-spm-anchor-id=\"a2700.wholesale.0.i28.29e52808agqc7f\"><img loading=\"lazy\" decoding=\"async\" class=\"aligncenter size-full wp-image-9001\" src=\"https:\/\/www.honlufoodtrailer.com\/wp-content\/uploads\/2024\/12\/13ft-Food-Trailer-Trinidad-and-Tobago-more-details.jpg\" alt=\"13ft Food Trailer Trinidad and Tobago plus de d\u00e9tails\" width=\"800\" height=\"800\" srcset=\"https:\/\/www.honlufoodtrailer.com\/wp-content\/uploads\/2024\/12\/13ft-Food-Trailer-Trinidad-and-Tobago-more-details.jpg 800w, https:\/\/www.honlufoodtrailer.com\/wp-content\/uploads\/2024\/12\/13ft-Food-Trailer-Trinidad-and-Tobago-more-details-768x768.jpg 768w, https:\/\/www.honlufoodtrailer.com\/wp-content\/uploads\/2024\/12\/13ft-Food-Trailer-Trinidad-and-Tobago-more-details-360x360.jpg 360w, https:\/\/www.honlufoodtrailer.com\/wp-content\/uploads\/2024\/12\/13ft-Food-Trailer-Trinidad-and-Tobago-more-details-300x300.jpg 300w, https:\/\/www.honlufoodtrailer.com\/wp-content\/uploads\/2024\/12\/13ft-Food-Trailer-Trinidad-and-Tobago-more-details-720x720.jpg 720w, https:\/\/www.honlufoodtrailer.com\/wp-content\/uploads\/2024\/12\/13ft-Food-Trailer-Trinidad-and-Tobago-more-details-100x100.jpg 100w\" sizes=\"(max-width: 800px) 100vw, 800px\" \/><\/h3>\n<h3 class=\"magic-6\" data-spm-anchor-id=\"a2700.wholesale.0.i28.29e52808agqc7f\">Caract\u00e9ristiques principales<\/h3>\n<div class=\"magic-7\">\n<div class=\"magic-8\">\n<div class=\"magic-9\" data-id=\"paragraph0\">\n<ol>\n<li>Aspect \u00e0 la mode, design unique, attrayant ;<\/li>\n<li>Il est fabriqu\u00e9 en acier inoxydable, durable et r\u00e9sistant \u00e0 la corrosion ;<\/li>\n<li>Des accessoires modernes et avanc\u00e9s \u00e9quipent la remorque de la concession ;<\/li>\n<li>Pratique et facile \u00e0 d\u00e9placer ;<\/li>\n<\/ol>\n<h3>Dessin de plan d'\u00e9tage 2D\/3D gratuit<\/h3>\n<p>Pour les clients qui ont command\u00e9 notre remorque alimentaire, apr\u00e8s avoir confirm\u00e9 les dimensions de la remorque alimentaire et de l'\u00e9quipement de cuisine interne, nous pouvons vous fournir gratuitement des dessins en 3D. Cela vous donnera une id\u00e9e plus claire de votre conception et de votre remorque alimentaire. Lorsque nous confirmons l'emplacement de l'\u00e9quipement de cuisine, nous pouvons communiquer clairement avec vous par le biais du plan d'\u00e9tage. Nous pouvons \u00e9galement vous fournir des documents originaux pour faciliter votre conception et proc\u00e9der \u00e0 des ajustements.<\/p>\n<h3>Voir d'autres bandes-annonces de nos restaurants<\/h3>\n<p><a href=\"https:\/\/www.honlufoodtrailer.com\/fr\/product\/3-5m-fast-food-caravan\/\" target=\"_blank\" rel=\"noopener\">Remorque de restauration rapide de 3,5 m<\/a><\/p>\n<p><a href=\"https:\/\/www.honlufoodtrailer.com\/fr\/product\/3-5m-fast-food-caravan\/\"><img loading=\"lazy\" decoding=\"async\" class=\"aligncenter wp-image-7979 size-full\" src=\"https:\/\/www.honlufoodtrailer.com\/wp-content\/uploads\/2024\/07\/3.5m-fast-food-caravan-night-view.jpg\" alt=\"Caravane de restauration rapide de 3,5 m vue de nuit\" width=\"720\" height=\"540\" srcset=\"https:\/\/www.honlufoodtrailer.com\/wp-content\/uploads\/2024\/07\/3.5m-fast-food-caravan-night-view.jpg 720w, https:\/\/www.honlufoodtrailer.com\/wp-content\/uploads\/2024\/07\/3.5m-fast-food-caravan-night-view-480x360.jpg 480w, https:\/\/www.honlufoodtrailer.com\/wp-content\/uploads\/2024\/07\/3.5m-fast-food-caravan-night-view-300x225.jpg 300w\" sizes=\"(max-width: 720px) 100vw, 720px\" \/><\/a><br \/>\n<a href=\"https:\/\/www.honlufoodtrailer.com\/fr\/product\/18ft-mobile-fast-food-trailer-for-sale\/\" target=\"_blank\" rel=\"noopener\">Camion de restauration rapide de 18 pieds<\/a><\/p>\n<p><a href=\"https:\/\/www.honlufoodtrailer.com\/fr\/product\/18ft-mobile-fast-food-trailer-for-sale\/\"><img loading=\"lazy\" decoding=\"async\" class=\"aligncenter wp-image-6013 size-full\" src=\"https:\/\/www.honlufoodtrailer.com\/wp-content\/uploads\/2023\/11\/18ft-fast-food-trailer-on-sale.jpg\" alt=\"Remorque de restauration rapide de 18 pieds \u00e0 vendre\" width=\"720\" height=\"540\" srcset=\"https:\/\/www.honlufoodtrailer.com\/wp-content\/uploads\/2023\/11\/18ft-fast-food-trailer-on-sale.jpg 720w, https:\/\/www.honlufoodtrailer.com\/wp-content\/uploads\/2023\/11\/18ft-fast-food-trailer-on-sale-480x360.jpg 480w, https:\/\/www.honlufoodtrailer.com\/wp-content\/uploads\/2023\/11\/18ft-fast-food-trailer-on-sale-300x225.jpg 300w\" sizes=\"(max-width: 720px) 100vw, 720px\" \/><\/a><\/p>\n<\/div>\n<\/div>\n<\/div>","protected":false},"excerpt":{"rendered":"<p>Il s'agit d'une de nos remorques alimentaires de 4 m fabriqu\u00e9es sur mesure pour un client de Trinit\u00e9-et-Tobago. Avec un prix abordable et une structure compacte, c'est un bon choix pour d\u00e9marrer une activit\u00e9 de remorque alimentaire. <strong>Veuillez cliquer sur les onglets suivants pour voir plus de d\u00e9tails sur cette remorque alimentaire mobile.<\/strong> En outre, nous pouvons fabriquer un camion de restauration rapide similaire \u00e0 celui-ci ou le personnaliser pour vous. La couleur de la carrosserie, les autocollants, la signal\u00e9tique et l'\u00e9quipement de cuisine de la remorque peuvent \u00eatre personnalis\u00e9s. N'h\u00e9sitez pas \u00e0 nous contacter !<\/p>","protected":false},"featured_media":8992,"template":"","meta":{"_themeisle_gutenberg_block_has_review":false},"product_brand":[],"product_cat":[26],"product_tag":[82,94],"class_list":{"0":"post-8990","1":"product","2":"type-product","3":"status-publish","4":"has-post-thumbnail","6":"product_cat-product","7":"product_tag-13ft-food-trailer","8":"product_tag-trinidad-and-tobago","10":"first","11":"instock","12":"featured","13":"shipping-taxable","14":"product-type-simple"},"yoast_head":"<!-- This site is optimized with the Yoast SEO plugin v27.5 - https:\/\/yoast.com\/product\/yoast-seo-wordpress\/ -->\n<title>4m Food Trailer For Sale Trinidad And Tobago - Honlu Food Trailer<\/title>\n<meta name=\"description\" content=\"This is a 4m food trailer we have customized for a customer from Trinidad And Tobago. See details! Get a similar or customized one at factory price now!\" \/>\n<meta name=\"robots\" content=\"index, follow, max-snippet:-1, max-image-preview:large, max-video-preview:-1\" \/>\n<link rel=\"canonical\" href=\"https:\/\/www.honlufoodtrailer.com\/fr\/product\/13ft-food-trailer-trinidad-and-tobago\/\" \/>\n<meta property=\"og:locale\" content=\"fr_FR\" \/>\n<meta property=\"og:type\" content=\"article\" \/>\n<meta property=\"og:title\" content=\"4m Food Trailer For Sale Trinidad And Tobago - Honlu Food Trailer\" \/>\n<meta property=\"og:description\" content=\"This is a 4m food trailer we have customized for a customer from Trinidad And Tobago. See details! Get a similar or customized one at factory price now!\" \/>\n<meta property=\"og:url\" content=\"https:\/\/www.honlufoodtrailer.com\/fr\/product\/13ft-food-trailer-trinidad-and-tobago\/\" \/>\n<meta property=\"og:site_name\" content=\"Honlu food trailer\" \/>\n<meta property=\"article:modified_time\" content=\"2025-02-14T03:42:13+00:00\" \/>\n<meta property=\"og:image\" content=\"https:\/\/www.honlufoodtrailer.com\/wp-content\/uploads\/2024\/12\/13ft-Food-Trailer-for-Trinidad-and-Tobago-customer.jpg\" \/>\n\t<meta property=\"og:image:width\" content=\"720\" \/>\n\t<meta property=\"og:image:height\" content=\"540\" \/>\n\t<meta property=\"og:image:type\" content=\"image\/jpeg\" \/>\n<meta name=\"twitter:card\" content=\"summary_large_image\" \/>\n<meta name=\"twitter:label1\" content=\"Dur\u00e9e de lecture estim\u00e9e\" \/>\n\t<meta name=\"twitter:data1\" content=\"1 minute\" \/>\n<script type=\"application\/ld+json\" class=\"yoast-schema-graph\">{\"@context\":\"https:\\\/\\\/schema.org\",\"@graph\":[{\"@type\":\"WebPage\",\"@id\":\"https:\\\/\\\/www.honlufoodtrailer.com\\\/product\\\/13ft-food-trailer-trinidad-and-tobago\\\/\",\"url\":\"https:\\\/\\\/www.honlufoodtrailer.com\\\/product\\\/13ft-food-trailer-trinidad-and-tobago\\\/\",\"name\":\"4m Food Trailer For Sale Trinidad And Tobago - Honlu Food Trailer\",\"isPartOf\":{\"@id\":\"https:\\\/\\\/www.honlufoodtrailer.com\\\/#website\"},\"primaryImageOfPage\":{\"@id\":\"https:\\\/\\\/www.honlufoodtrailer.com\\\/product\\\/13ft-food-trailer-trinidad-and-tobago\\\/#primaryimage\"},\"image\":{\"@id\":\"https:\\\/\\\/www.honlufoodtrailer.com\\\/product\\\/13ft-food-trailer-trinidad-and-tobago\\\/#primaryimage\"},\"thumbnailUrl\":\"https:\\\/\\\/www.honlufoodtrailer.com\\\/wp-content\\\/uploads\\\/2024\\\/12\\\/13ft-Food-Trailer-for-Trinidad-and-Tobago-customer.jpg\",\"datePublished\":\"2024-12-02T08:32:53+00:00\",\"dateModified\":\"2025-02-14T03:42:13+00:00\",\"description\":\"This is a 4m food trailer we have customized for a customer from Trinidad And Tobago. See details! Get a similar or customized one at factory price now!\",\"breadcrumb\":{\"@id\":\"https:\\\/\\\/www.honlufoodtrailer.com\\\/product\\\/13ft-food-trailer-trinidad-and-tobago\\\/#breadcrumb\"},\"inLanguage\":\"fr-FR\",\"potentialAction\":[{\"@type\":\"ReadAction\",\"target\":[\"https:\\\/\\\/www.honlufoodtrailer.com\\\/product\\\/13ft-food-trailer-trinidad-and-tobago\\\/\"]}]},{\"@type\":\"ImageObject\",\"inLanguage\":\"fr-FR\",\"@id\":\"https:\\\/\\\/www.honlufoodtrailer.com\\\/product\\\/13ft-food-trailer-trinidad-and-tobago\\\/#primaryimage\",\"url\":\"https:\\\/\\\/www.honlufoodtrailer.com\\\/wp-content\\\/uploads\\\/2024\\\/12\\\/13ft-Food-Trailer-for-Trinidad-and-Tobago-customer.jpg\",\"contentUrl\":\"https:\\\/\\\/www.honlufoodtrailer.com\\\/wp-content\\\/uploads\\\/2024\\\/12\\\/13ft-Food-Trailer-for-Trinidad-and-Tobago-customer.jpg\",\"width\":720,\"height\":540,\"caption\":\"13ft Food Trailer for Trinidad and Tobago customer\"},{\"@type\":\"BreadcrumbList\",\"@id\":\"https:\\\/\\\/www.honlufoodtrailer.com\\\/product\\\/13ft-food-trailer-trinidad-and-tobago\\\/#breadcrumb\",\"itemListElement\":[{\"@type\":\"ListItem\",\"position\":1,\"name\":\"Home\",\"item\":\"https:\\\/\\\/www.honlufoodtrailer.com\\\/\"},{\"@type\":\"ListItem\",\"position\":2,\"name\":\"\u4ea7\u54c1\",\"item\":\"https:\\\/\\\/www.honlufoodtrailer.com\\\/shop\\\/\"},{\"@type\":\"ListItem\",\"position\":3,\"name\":\"13ft Food Trailer Trinidad and Tobago\"}]},{\"@type\":\"WebSite\",\"@id\":\"https:\\\/\\\/www.honlufoodtrailer.com\\\/#website\",\"url\":\"https:\\\/\\\/www.honlufoodtrailer.com\\\/\",\"name\":\"Honlu food trailer\",\"description\":\"\",\"publisher\":{\"@id\":\"https:\\\/\\\/www.honlufoodtrailer.com\\\/#organization\"},\"potentialAction\":[{\"@type\":\"SearchAction\",\"target\":{\"@type\":\"EntryPoint\",\"urlTemplate\":\"https:\\\/\\\/www.honlufoodtrailer.com\\\/?s={search_term_string}\"},\"query-input\":{\"@type\":\"PropertyValueSpecification\",\"valueRequired\":true,\"valueName\":\"search_term_string\"}}],\"inLanguage\":\"fr-FR\"},{\"@type\":\"Organization\",\"@id\":\"https:\\\/\\\/www.honlufoodtrailer.com\\\/#organization\",\"name\":\"Honlu food trailer\",\"url\":\"https:\\\/\\\/www.honlufoodtrailer.com\\\/\",\"logo\":{\"@type\":\"ImageObject\",\"inLanguage\":\"fr-FR\",\"@id\":\"https:\\\/\\\/www.honlufoodtrailer.com\\\/#\\\/schema\\\/logo\\\/image\\\/\",\"url\":\"https:\\\/\\\/www.honlufoodtrailer.com\\\/wp-content\\\/uploads\\\/2021\\\/12\\\/2.gif\",\"contentUrl\":\"https:\\\/\\\/www.honlufoodtrailer.com\\\/wp-content\\\/uploads\\\/2021\\\/12\\\/2.gif\",\"width\":350,\"height\":100,\"caption\":\"Honlu food trailer\"},\"image\":{\"@id\":\"https:\\\/\\\/www.honlufoodtrailer.com\\\/#\\\/schema\\\/logo\\\/image\\\/\"}}]}<\/script>\n<!-- \/ Yoast SEO plugin. -->","yoast_head_json":{"title":"4m Food Trailer For Sale Trinidad And Tobago - Honlu Food Trailer","description":"Il s'agit d'une remorque alimentaire de 4 m que nous avons personnalis\u00e9e pour un client de Trinit\u00e9-et-Tobago. Voir les d\u00e9tails ! Obtenez une remorque similaire ou personnalis\u00e9e au prix d'usine maintenant !","robots":{"index":"index","follow":"follow","max-snippet":"max-snippet:-1","max-image-preview":"max-image-preview:large","max-video-preview":"max-video-preview:-1"},"canonical":"https:\/\/www.honlufoodtrailer.com\/fr\/product\/13ft-food-trailer-trinidad-and-tobago\/","og_locale":"fr_FR","og_type":"article","og_title":"4m Food Trailer For Sale Trinidad And Tobago - Honlu Food Trailer","og_description":"This is a 4m food trailer we have customized for a customer from Trinidad And Tobago. See details! Get a similar or customized one at factory price now!","og_url":"https:\/\/www.honlufoodtrailer.com\/fr\/product\/13ft-food-trailer-trinidad-and-tobago\/","og_site_name":"Honlu food trailer","article_modified_time":"2025-02-14T03:42:13+00:00","og_image":[{"width":720,"height":540,"url":"https:\/\/www.honlufoodtrailer.com\/wp-content\/uploads\/2024\/12\/13ft-Food-Trailer-for-Trinidad-and-Tobago-customer.jpg","type":"image\/jpeg"}],"twitter_card":"summary_large_image","twitter_misc":{"Dur\u00e9e de lecture estim\u00e9e":"1 minute"},"schema":{"@context":"https:\/\/schema.org","@graph":[{"@type":"WebPage","@id":"https:\/\/www.honlufoodtrailer.com\/product\/13ft-food-trailer-trinidad-and-tobago\/","url":"https:\/\/www.honlufoodtrailer.com\/product\/13ft-food-trailer-trinidad-and-tobago\/","name":"4m Food Trailer For Sale Trinidad And Tobago - Honlu Food Trailer","isPartOf":{"@id":"https:\/\/www.honlufoodtrailer.com\/#website"},"primaryImageOfPage":{"@id":"https:\/\/www.honlufoodtrailer.com\/product\/13ft-food-trailer-trinidad-and-tobago\/#primaryimage"},"image":{"@id":"https:\/\/www.honlufoodtrailer.com\/product\/13ft-food-trailer-trinidad-and-tobago\/#primaryimage"},"thumbnailUrl":"https:\/\/www.honlufoodtrailer.com\/wp-content\/uploads\/2024\/12\/13ft-Food-Trailer-for-Trinidad-and-Tobago-customer.jpg","datePublished":"2024-12-02T08:32:53+00:00","dateModified":"2025-02-14T03:42:13+00:00","description":"Il s'agit d'une remorque alimentaire de 4 m que nous avons personnalis\u00e9e pour un client de Trinit\u00e9-et-Tobago. Voir les d\u00e9tails ! Obtenez une remorque similaire ou personnalis\u00e9e au prix d'usine maintenant !","breadcrumb":{"@id":"https:\/\/www.honlufoodtrailer.com\/product\/13ft-food-trailer-trinidad-and-tobago\/#breadcrumb"},"inLanguage":"fr-FR","potentialAction":[{"@type":"ReadAction","target":["https:\/\/www.honlufoodtrailer.com\/product\/13ft-food-trailer-trinidad-and-tobago\/"]}]},{"@type":"ImageObject","inLanguage":"fr-FR","@id":"https:\/\/www.honlufoodtrailer.com\/product\/13ft-food-trailer-trinidad-and-tobago\/#primaryimage","url":"https:\/\/www.honlufoodtrailer.com\/wp-content\/uploads\/2024\/12\/13ft-Food-Trailer-for-Trinidad-and-Tobago-customer.jpg","contentUrl":"https:\/\/www.honlufoodtrailer.com\/wp-content\/uploads\/2024\/12\/13ft-Food-Trailer-for-Trinidad-and-Tobago-customer.jpg","width":720,"height":540,"caption":"13ft Food Trailer for Trinidad and Tobago customer"},{"@type":"BreadcrumbList","@id":"https:\/\/www.honlufoodtrailer.com\/product\/13ft-food-trailer-trinidad-and-tobago\/#breadcrumb","itemListElement":[{"@type":"ListItem","position":1,"name":"Home","item":"https:\/\/www.honlufoodtrailer.com\/"},{"@type":"ListItem","position":2,"name":"\u4ea7\u54c1","item":"https:\/\/www.honlufoodtrailer.com\/shop\/"},{"@type":"ListItem","position":3,"name":"13ft Food Trailer Trinidad and Tobago"}]},{"@type":"WebSite","@id":"https:\/\/www.honlufoodtrailer.com\/#website","url":"https:\/\/www.honlufoodtrailer.com\/","name":"Remorque alimentaire Honlu","description":"","publisher":{"@id":"https:\/\/www.honlufoodtrailer.com\/#organization"},"potentialAction":[{"@type":"SearchAction","target":{"@type":"EntryPoint","urlTemplate":"https:\/\/www.honlufoodtrailer.com\/?s={search_term_string}"},"query-input":{"@type":"PropertyValueSpecification","valueRequired":true,"valueName":"search_term_string"}}],"inLanguage":"fr-FR"},{"@type":"Organization","@id":"https:\/\/www.honlufoodtrailer.com\/#organization","name":"Remorque alimentaire Honlu","url":"https:\/\/www.honlufoodtrailer.com\/","logo":{"@type":"ImageObject","inLanguage":"fr-FR","@id":"https:\/\/www.honlufoodtrailer.com\/#\/schema\/logo\/image\/","url":"https:\/\/www.honlufoodtrailer.com\/wp-content\/uploads\/2021\/12\/2.gif","contentUrl":"https:\/\/www.honlufoodtrailer.com\/wp-content\/uploads\/2021\/12\/2.gif","width":350,"height":100,"caption":"Honlu food trailer"},"image":{"@id":"https:\/\/www.honlufoodtrailer.com\/#\/schema\/logo\/image\/"}}]}},"_links":{"self":[{"href":"https:\/\/www.honlufoodtrailer.com\/fr\/wp-json\/wp\/v2\/product\/8990","targetHints":{"allow":["GET"]}}],"collection":[{"href":"https:\/\/www.honlufoodtrailer.com\/fr\/wp-json\/wp\/v2\/product"}],"about":[{"href":"https:\/\/www.honlufoodtrailer.com\/fr\/wp-json\/wp\/v2\/types\/product"}],"version-history":[{"count":0,"href":"https:\/\/www.honlufoodtrailer.com\/fr\/wp-json\/wp\/v2\/product\/8990\/revisions"}],"wp:featuredmedia":[{"embeddable":true,"href":"https:\/\/www.honlufoodtrailer.com\/fr\/wp-json\/wp\/v2\/media\/8992"}],"wp:attachment":[{"href":"https:\/\/www.honlufoodtrailer.com\/fr\/wp-json\/wp\/v2\/media?parent=8990"}],"wp:term":[{"taxonomy":"product_brand","embeddable":true,"href":"https:\/\/www.honlufoodtrailer.com\/fr\/wp-json\/wp\/v2\/product_brand?post=8990"},{"taxonomy":"product_cat","embeddable":true,"href":"https:\/\/www.honlufoodtrailer.com\/fr\/wp-json\/wp\/v2\/product_cat?post=8990"},{"taxonomy":"product_tag","embeddable":true,"href":"https:\/\/www.honlufoodtrailer.com\/fr\/wp-json\/wp\/v2\/product_tag?post=8990"}],"curies":[{"name":"wp","href":"https:\/\/api.w.org\/{rel}","templated":true}]}}