{"id":2058,"date":"2022-01-12T16:35:36","date_gmt":"2022-01-12T08:35:36","guid":{"rendered":"https:\/\/www.honlufoodtrailer.com\/?post_type=product&#038;p=2058"},"modified":"2024-06-26T16:33:55","modified_gmt":"2024-06-26T08:33:55","slug":"double-decker-food-trailer","status":"publish","type":"product","link":"https:\/\/www.honlufoodtrailer.com\/hr\/product\/double-decker-food-trailer\/","title":{"rendered":"Dvokatna prikolica za hranu"},"content":{"rendered":"<p>Double decker coffee trailers have become increasingly popular for those looking for a more mobile coffee solution. They are the ultimate way to provide coffee on-the-go, offering convenience and quality. These trailers provide coffee service all around the world and can be found in parks, urban centers, beaches, and much more. In general, they are equipped with a variety of amenities and features, from extra counter space to climate control.<\/p>\n<p><img fetchpriority=\"high\" decoding=\"async\" class=\"aligncenter\" src=\"https:\/\/www.honlufoodtrailer.com\/wp-content\/uploads\/2023\/11\/18ft-double-decker-coffee-trailer-inner-view.jpg\" alt=\"Pogled iznutra na dvokatnu prikolicu za kavu od 18 stopa\" width=\"720\" height=\"540\" \/><\/p>\n<h3>Advanges of Double Decker Food Trailer<\/h3>\n<ul>\n<li>The latest and hottest model<\/li>\n<li>Poslovna platforma s obje strane<\/li>\n<li>Cijela prikolica je opremljena ambijentalnim svjetlima<\/li>\n<li>Dvoslojni dizajn i usvajanje spiralnog stubi\u0161ta<\/li>\n<\/ul>\n<h4>Prekrasan no\u0107ni pogled<\/h4>\n<p>Cijelo svjetlo za atmosferu vozila \u010dini va\u0161u prikolicu najatraktivnijom zvijezdom \u010dak i no\u0107u.<br \/>\n<img decoding=\"async\" class=\"aligncenter\" src=\"https:\/\/www.honlufoodtrailer.com\/wp-content\/uploads\/2022\/01\/Coffee-trailer-night-view.jpg\" alt=\"Prikolica za kavu - no\u0107ni pogled\" width=\"720\" height=\"540\" \/><br \/>\n<img decoding=\"async\" class=\"aligncenter\" src=\"https:\/\/www.honlufoodtrailer.com\/wp-content\/uploads\/2022\/01\/Coffee-trailer.jpg\" alt=\"Prikolica za kavu\" width=\"720\" height=\"540\" \/><\/p>\n<h4>Jednostavna instalacija<\/h4>\n<p>Opremljeni su kompletnim setom videozapisa o instalaciji, a tehni\u010dari pru\u017eaju individualne smjernice na daljinu kako bi vam pomogli da odmah pokrenete svoje poslovanje.<br \/>\n<img loading=\"lazy\" decoding=\"async\" class=\"aligncenter\" src=\"https:\/\/www.honlufoodtrailer.com\/wp-content\/uploads\/2022\/01\/Coffee-trailer-customization-mode.jpg\" alt=\"Prikolica za kavu - na\u010din prilagodbe\" width=\"720\" height=\"540\" \/><\/p>\n<h4>Prilago\u0111ena usluga<\/h4>\n<p>Cijela prikolica, uklju\u010duju\u0107i izgled, stil, dodatke i pomo\u0107nu opremu, mo\u017ee se prilagoditi. Omogu\u0107ite vam da imate vlastiti ekskluzivni vagon-restoran.<\/p>\n<h3>Details of the double decker food trailer<\/h3>\n<h4>Nadstre\u0161nica<\/h4>\n<p><img decoding=\"async\" class=\"aligncenter\" title=\"Prikolica za kavu \u2013 Nadstre\u0161nica\" src=\"https:\/\/www.honlufoodtrailer.com\/wp-content\/uploads\/elementor\/thumbs\/Coffee-trailer-Canopy-pisb9bitjzivrc5yl8z1qnda9il2c8qtywe3if4pa8.jpg\" alt=\"Prikolica za kavu - Nadstre\u0161nica\" \/><\/p>\n<h4>Ambijentalno svjetlo<\/h4>\n<p><img decoding=\"async\" class=\"aligncenter\" title=\"Prikolica za kavu \u2013 Ambijentalno svjetlo\" src=\"https:\/\/www.honlufoodtrailer.com\/wp-content\/uploads\/elementor\/thumbs\/Coffee-trailer-Ambient-Light-pisb9bitjzivrc5yl8z1qnda9il2c8qtywe3if4pa8.jpg\" alt=\"Prikolica za kavu - Ambijentalno svjetlo\" \/><\/p>\n<h4>Materijal poda<\/h4>\n<p><img decoding=\"async\" class=\"aligncenter\" title=\"Prikolica za kavu \u2013 Materijal za pod\" src=\"https:\/\/www.honlufoodtrailer.com\/wp-content\/uploads\/elementor\/thumbs\/Coffee-trailer-Floor-material-pisb9akzd5hlfq7bqqkf65lto4pp4jn3mrqm1563gg.jpg\" alt=\"Prikolica za kavu - Podni materijal\" \/><\/p>\n<h4>Plinski \u0161tednjak<\/h4>\n<p><img decoding=\"async\" class=\"aligncenter\" title=\"Prikolica za kavu \u2013 Plinski \u0161tednjak\" src=\"https:\/\/www.honlufoodtrailer.com\/wp-content\/uploads\/elementor\/thumbs\/Coffee-trailer-Gas-stove-pisb99n56bgb448ow85slnud2qubwujdan34jv7hmo.jpg\" alt=\"Prikolica za kavu - Plinski \u0161tednjak\" \/><\/p>\n<h4>Radna plo\u010da od nehr\u0111aju\u0107eg \u010delika<\/h4>\n<p><img decoding=\"async\" class=\"aligncenter\" title=\"Prikolica za kavu \u2013 Radna plo\u010da od nehr\u0111aju\u0107eg \u010delika\" src=\"https:\/\/www.honlufoodtrailer.com\/wp-content\/uploads\/elementor\/thumbs\/Coffee-trailer-Stainless-steel-countertop-pisb94xy859vi2fino4nr7123thhud0plztp5heghs.jpg\" alt=\"Prikolica za kavu - Radna plo\u010da od nehr\u0111aju\u0107eg \u010delika\" \/><\/p>\n<h4>Poslovna platforma<\/h4>\n<p><img decoding=\"async\" class=\"aligncenter\" title=\"Platforma za poslovanje s prikolicama za kavu\" src=\"https:\/\/www.honlufoodtrailer.com\/wp-content\/uploads\/elementor\/thumbs\/Coffee-trailer-bussiness-platform-pisb94041b8l6ggvt5q16p9lifm4mnwz9v67o7fuo0.jpg\" alt=\"Platforma za poslovanje s prikolicama za kavu\" \/><\/p>\n<h4>Spiralno stubi\u0161te<\/h4>\n<p><img decoding=\"async\" class=\"aligncenter\" title=\"Prikolica za kavu \u2013 Spiralno stubi\u0161te\" src=\"https:\/\/www.honlufoodtrailer.com\/wp-content\/uploads\/elementor\/thumbs\/Coffee-trailer-Spiral-staircase-pisb94xy859vi2fino4nr7123thhud0plztp5heghs.jpg\" alt=\"Prikolica za kavu - Spiralno stubi\u0161te\" \/><\/p>\n<h4>Drugi kat<\/h4>\n<p><img decoding=\"async\" class=\"aligncenter\" title=\"Prikolica za kavu \u2013 Drugi kat\" src=\"https:\/\/www.honlufoodtrailer.com\/wp-content\/uploads\/elementor\/thumbs\/Coffee-trailer-Second-floor-pisb98pazhf0sia21pr6162whcyyp5fmyifn2l8vsw.jpg\" alt=\"Prikolica za kavu - Drugi kat\" \/><\/p>\n<h2>Neki od na\u0161ih slu\u010dajeva<\/h2>\n<p>Our double decker food trailers have been exported to many countries such as the United States, the United Kingdom, New Zealand, Australia, Canada, etc. The following are some of our work. We can manufacture similar food trailers like these ones, or customize one for you. The body color, stickers, signage, and kitchen equipment of the food trailer can be customized. Welcome to contact us now!<br \/>\n<img loading=\"lazy\" decoding=\"async\" class=\"aligncenter\" src=\"https:\/\/www.honlufoodtrailer.com\/wp-content\/uploads\/2023\/11\/5m-double-decker-coffee-trailer-America.jpg\" sizes=\"(max-width: 720px) 100vw, 720px\" srcset=\"https:\/\/www.honlufoodtrailer.com\/wp-content\/uploads\/2023\/11\/5m-double-decker-coffee-trailer-America.jpg 720w, https:\/\/www.honlufoodtrailer.com\/wp-content\/uploads\/2023\/11\/5m-double-decker-coffee-trailer-America-480x360.jpg 480w, https:\/\/www.honlufoodtrailer.com\/wp-content\/uploads\/2023\/11\/5m-double-decker-coffee-trailer-America-300x225.jpg 300w\" alt=\"Prikolica za kavu s dvostrukim katom od 5 metara, Amerika\" width=\"720\" height=\"540\" \/><\/p>\n<p><img loading=\"lazy\" decoding=\"async\" class=\"aligncenter\" src=\"https:\/\/www.honlufoodtrailer.com\/wp-content\/uploads\/2023\/11\/16ft-double-decker-coffee-trailer-America.jpg\" sizes=\"(max-width: 720px) 100vw, 720px\" srcset=\"https:\/\/www.honlufoodtrailer.com\/wp-content\/uploads\/2023\/11\/16ft-double-decker-coffee-trailer-America.jpg 720w, https:\/\/www.honlufoodtrailer.com\/wp-content\/uploads\/2023\/11\/16ft-double-decker-coffee-trailer-America-480x360.jpg 480w, https:\/\/www.honlufoodtrailer.com\/wp-content\/uploads\/2023\/11\/16ft-double-decker-coffee-trailer-America-300x225.jpg 300w\" alt=\"Prikolica za kavu s dvostrukim katom od 16 stopa, Amerika\" width=\"720\" height=\"540\" \/><\/p>\n<p><img loading=\"lazy\" decoding=\"async\" class=\"aligncenter\" src=\"https:\/\/www.honlufoodtrailer.com\/wp-content\/uploads\/2023\/11\/16ft-double-decker-coffee-trailer-on-sale.jpg\" sizes=\"(max-width: 720px) 100vw, 720px\" srcset=\"https:\/\/www.honlufoodtrailer.com\/wp-content\/uploads\/2023\/11\/16ft-double-decker-coffee-trailer-on-sale.jpg 720w, https:\/\/www.honlufoodtrailer.com\/wp-content\/uploads\/2023\/11\/16ft-double-decker-coffee-trailer-on-sale-480x360.jpg 480w, https:\/\/www.honlufoodtrailer.com\/wp-content\/uploads\/2023\/11\/16ft-double-decker-coffee-trailer-on-sale-300x225.jpg 300w\" alt=\"Prodajem dvokatnu prikolicu za kavu od 16 stopa\" width=\"720\" height=\"540\" \/><\/p>\n<p><img loading=\"lazy\" decoding=\"async\" class=\"aligncenter\" src=\"https:\/\/www.honlufoodtrailer.com\/wp-content\/uploads\/2023\/11\/18ft-double-decker-food-trailer-Arizona-USA.jpg\" sizes=\"(max-width: 720px) 100vw, 720px\" srcset=\"https:\/\/www.honlufoodtrailer.com\/wp-content\/uploads\/2023\/11\/18ft-double-decker-food-trailer-Arizona-USA.jpg 720w, https:\/\/www.honlufoodtrailer.com\/wp-content\/uploads\/2023\/11\/18ft-double-decker-food-trailer-Arizona-USA-480x360.jpg 480w, https:\/\/www.honlufoodtrailer.com\/wp-content\/uploads\/2023\/11\/18ft-double-decker-food-trailer-Arizona-USA-300x225.jpg 300w\" alt=\"Prikolica za hranu s dvostrukim katom od 18 stopa, Arizona, SAD\" width=\"720\" height=\"540\" \/><\/p>\n<p><img loading=\"lazy\" decoding=\"async\" class=\"aligncenter\" src=\"https:\/\/www.honlufoodtrailer.com\/wp-content\/uploads\/2023\/11\/5m-coffee-trailer-America.jpg\" sizes=\"(max-width: 720px) 100vw, 720px\" srcset=\"https:\/\/www.honlufoodtrailer.com\/wp-content\/uploads\/2023\/11\/5m-coffee-trailer-America.jpg 720w, https:\/\/www.honlufoodtrailer.com\/wp-content\/uploads\/2023\/11\/5m-coffee-trailer-America-480x360.jpg 480w, https:\/\/www.honlufoodtrailer.com\/wp-content\/uploads\/2023\/11\/5m-coffee-trailer-America-300x225.jpg 300w\" alt=\"Prikolica za kavu od 5 metara, Amerika\" width=\"720\" height=\"540\" \/><\/p>\n<p><img loading=\"lazy\" decoding=\"async\" class=\"aligncenter\" src=\"https:\/\/www.honlufoodtrailer.com\/wp-content\/uploads\/2023\/11\/18ft-double-decker-coffee-trailer-America.jpg\" sizes=\"(max-width: 720px) 100vw, 720px\" srcset=\"https:\/\/www.honlufoodtrailer.com\/wp-content\/uploads\/2023\/11\/18ft-double-decker-coffee-trailer-America.jpg 720w, https:\/\/www.honlufoodtrailer.com\/wp-content\/uploads\/2023\/11\/18ft-double-decker-coffee-trailer-America-480x360.jpg 480w, https:\/\/www.honlufoodtrailer.com\/wp-content\/uploads\/2023\/11\/18ft-double-decker-coffee-trailer-America-300x225.jpg 300w\" alt=\"Prikolica za kavu s dvostrukim katom od 18 stopa, Amerika\" width=\"720\" height=\"540\" \/><\/p>\n<h3>Customer&#8217;s ReviewThe following are some of our customer&#8217;s reviews on our double-decker coffee trailer.<\/h3>\n<p><img loading=\"lazy\" decoding=\"async\" src=\"https:\/\/www.honlufoodtrailer.com\/wp-content\/uploads\/2023\/12\/coffee-trailer-customer-review.jpg\" alt=\"recenzija kupca prikolice za kavu\" width=\"900\" height=\"375\" \/><\/p>","protected":false},"excerpt":{"rendered":"<p>These are our custom made 18ft double decker food trailers. They are good choices to start a mobile coffee trailer business. As we can see, each of the double decker food trailer has two stories. it can accommodate more diners. The view on the second floor is very broad, and diners can enjoy the broad view while dining. We can manufacture similar food trailers like these ones, or customize one for you. The body color, stickers, signage, kitchen equipment of the food trailer can be customized. Just contact us now!<\/p>","protected":false},"featured_media":1779,"template":"","meta":{"_themeisle_gutenberg_block_has_review":false},"product_brand":[],"product_cat":[26],"product_tag":[35,34,33,36,31],"class_list":{"0":"post-2058","1":"product","2":"type-product","3":"status-publish","4":"has-post-thumbnail","6":"product_cat-product","7":"product_tag-2-story-food-trailer","8":"product_tag-coffee-trailer","9":"product_tag-customized-trailer","10":"product_tag-high-quality-food-trailer","11":"product_tag-hot-sale-food-trailer","13":"first","14":"instock","15":"shipping-taxable","16":"product-type-simple"},"yoast_head":"<!-- This site is optimized with the Yoast SEO plugin v27.5 - https:\/\/yoast.com\/product\/yoast-seo-wordpress\/ -->\n<title>Double Decker Food Trailer from China Factory - Honlu Food Trailer<\/title>\n<meta name=\"description\" content=\"See various types of double decker food trailers we have customized for customers from the United States. UK, Canada etc. Get their price now!\" \/>\n<meta name=\"robots\" content=\"index, follow, max-snippet:-1, max-image-preview:large, max-video-preview:-1\" \/>\n<link rel=\"canonical\" href=\"https:\/\/www.honlufoodtrailer.com\/hr\/product\/double-decker-food-trailer\/\" \/>\n<meta property=\"og:locale\" content=\"hr_HR\" \/>\n<meta property=\"og:type\" content=\"article\" \/>\n<meta property=\"og:title\" content=\"Double Decker Food Trailer from China Factory - Honlu Food Trailer\" \/>\n<meta property=\"og:description\" content=\"See various types of double decker food trailers we have customized for customers from the United States. UK, Canada etc. Get their price now!\" \/>\n<meta property=\"og:url\" content=\"https:\/\/www.honlufoodtrailer.com\/hr\/product\/double-decker-food-trailer\/\" \/>\n<meta property=\"og:site_name\" content=\"Honlu food trailer\" \/>\n<meta property=\"article:modified_time\" content=\"2024-06-26T08:33:55+00:00\" \/>\n<meta property=\"og:image\" content=\"https:\/\/www.honlufoodtrailer.com\/wp-content\/uploads\/2022\/01\/Coffee-trailer-night-view.jpg\" \/>\n\t<meta property=\"og:image:width\" content=\"720\" \/>\n\t<meta property=\"og:image:height\" content=\"540\" \/>\n\t<meta property=\"og:image:type\" content=\"image\/jpeg\" \/>\n<meta name=\"twitter:card\" content=\"summary_large_image\" \/>\n<meta name=\"twitter:label1\" content=\"Procijenjeno vrijeme \u010ditanja\" \/>\n\t<meta name=\"twitter:data1\" content=\"1 minuta\" \/>\n<script type=\"application\/ld+json\" class=\"yoast-schema-graph\">{\"@context\":\"https:\\\/\\\/schema.org\",\"@graph\":[{\"@type\":\"WebPage\",\"@id\":\"https:\\\/\\\/www.honlufoodtrailer.com\\\/product\\\/double-decker-food-trailer\\\/\",\"url\":\"https:\\\/\\\/www.honlufoodtrailer.com\\\/product\\\/double-decker-food-trailer\\\/\",\"name\":\"Double Decker Food Trailer from China Factory - Honlu Food Trailer\",\"isPartOf\":{\"@id\":\"https:\\\/\\\/www.honlufoodtrailer.com\\\/#website\"},\"primaryImageOfPage\":{\"@id\":\"https:\\\/\\\/www.honlufoodtrailer.com\\\/product\\\/double-decker-food-trailer\\\/#primaryimage\"},\"image\":{\"@id\":\"https:\\\/\\\/www.honlufoodtrailer.com\\\/product\\\/double-decker-food-trailer\\\/#primaryimage\"},\"thumbnailUrl\":\"https:\\\/\\\/www.honlufoodtrailer.com\\\/wp-content\\\/uploads\\\/2022\\\/01\\\/Coffee-trailer-night-view.jpg\",\"datePublished\":\"2022-01-12T08:35:36+00:00\",\"dateModified\":\"2024-06-26T08:33:55+00:00\",\"description\":\"See various types of double decker food trailers we have customized for customers from the United States. UK, Canada etc. Get their price now!\",\"breadcrumb\":{\"@id\":\"https:\\\/\\\/www.honlufoodtrailer.com\\\/product\\\/double-decker-food-trailer\\\/#breadcrumb\"},\"inLanguage\":\"hr\",\"potentialAction\":[{\"@type\":\"ReadAction\",\"target\":[\"https:\\\/\\\/www.honlufoodtrailer.com\\\/product\\\/double-decker-food-trailer\\\/\"]}]},{\"@type\":\"ImageObject\",\"inLanguage\":\"hr\",\"@id\":\"https:\\\/\\\/www.honlufoodtrailer.com\\\/product\\\/double-decker-food-trailer\\\/#primaryimage\",\"url\":\"https:\\\/\\\/www.honlufoodtrailer.com\\\/wp-content\\\/uploads\\\/2022\\\/01\\\/Coffee-trailer-night-view.jpg\",\"contentUrl\":\"https:\\\/\\\/www.honlufoodtrailer.com\\\/wp-content\\\/uploads\\\/2022\\\/01\\\/Coffee-trailer-night-view.jpg\",\"width\":720,\"height\":540,\"caption\":\"Coffee trailer-night view\"},{\"@type\":\"BreadcrumbList\",\"@id\":\"https:\\\/\\\/www.honlufoodtrailer.com\\\/product\\\/double-decker-food-trailer\\\/#breadcrumb\",\"itemListElement\":[{\"@type\":\"ListItem\",\"position\":1,\"name\":\"Home\",\"item\":\"https:\\\/\\\/www.honlufoodtrailer.com\\\/\"},{\"@type\":\"ListItem\",\"position\":2,\"name\":\"\u4ea7\u54c1\",\"item\":\"https:\\\/\\\/www.honlufoodtrailer.com\\\/shop\\\/\"},{\"@type\":\"ListItem\",\"position\":3,\"name\":\"Double Decker Food Trailer\"}]},{\"@type\":\"WebSite\",\"@id\":\"https:\\\/\\\/www.honlufoodtrailer.com\\\/#website\",\"url\":\"https:\\\/\\\/www.honlufoodtrailer.com\\\/\",\"name\":\"Honlu food trailer\",\"description\":\"\",\"publisher\":{\"@id\":\"https:\\\/\\\/www.honlufoodtrailer.com\\\/#organization\"},\"potentialAction\":[{\"@type\":\"SearchAction\",\"target\":{\"@type\":\"EntryPoint\",\"urlTemplate\":\"https:\\\/\\\/www.honlufoodtrailer.com\\\/?s={search_term_string}\"},\"query-input\":{\"@type\":\"PropertyValueSpecification\",\"valueRequired\":true,\"valueName\":\"search_term_string\"}}],\"inLanguage\":\"hr\"},{\"@type\":\"Organization\",\"@id\":\"https:\\\/\\\/www.honlufoodtrailer.com\\\/#organization\",\"name\":\"Honlu food trailer\",\"url\":\"https:\\\/\\\/www.honlufoodtrailer.com\\\/\",\"logo\":{\"@type\":\"ImageObject\",\"inLanguage\":\"hr\",\"@id\":\"https:\\\/\\\/www.honlufoodtrailer.com\\\/#\\\/schema\\\/logo\\\/image\\\/\",\"url\":\"https:\\\/\\\/www.honlufoodtrailer.com\\\/wp-content\\\/uploads\\\/2021\\\/12\\\/2.gif\",\"contentUrl\":\"https:\\\/\\\/www.honlufoodtrailer.com\\\/wp-content\\\/uploads\\\/2021\\\/12\\\/2.gif\",\"width\":350,\"height\":100,\"caption\":\"Honlu food trailer\"},\"image\":{\"@id\":\"https:\\\/\\\/www.honlufoodtrailer.com\\\/#\\\/schema\\\/logo\\\/image\\\/\"}}]}<\/script>\n<!-- \/ Yoast SEO plugin. -->","yoast_head_json":{"title":"Double Decker Food Trailer from China Factory - Honlu Food Trailer","description":"See various types of double decker food trailers we have customized for customers from the United States. UK, Canada etc. Get their price now!","robots":{"index":"index","follow":"follow","max-snippet":"max-snippet:-1","max-image-preview":"max-image-preview:large","max-video-preview":"max-video-preview:-1"},"canonical":"https:\/\/www.honlufoodtrailer.com\/hr\/product\/double-decker-food-trailer\/","og_locale":"hr_HR","og_type":"article","og_title":"Double Decker Food Trailer from China Factory - Honlu Food Trailer","og_description":"See various types of double decker food trailers we have customized for customers from the United States. UK, Canada etc. Get their price now!","og_url":"https:\/\/www.honlufoodtrailer.com\/hr\/product\/double-decker-food-trailer\/","og_site_name":"Honlu food trailer","article_modified_time":"2024-06-26T08:33:55+00:00","og_image":[{"width":720,"height":540,"url":"https:\/\/www.honlufoodtrailer.com\/wp-content\/uploads\/2022\/01\/Coffee-trailer-night-view.jpg","type":"image\/jpeg"}],"twitter_card":"summary_large_image","twitter_misc":{"Procijenjeno vrijeme \u010ditanja":"1 minuta"},"schema":{"@context":"https:\/\/schema.org","@graph":[{"@type":"WebPage","@id":"https:\/\/www.honlufoodtrailer.com\/product\/double-decker-food-trailer\/","url":"https:\/\/www.honlufoodtrailer.com\/product\/double-decker-food-trailer\/","name":"Double Decker Food Trailer from China Factory - Honlu Food Trailer","isPartOf":{"@id":"https:\/\/www.honlufoodtrailer.com\/#website"},"primaryImageOfPage":{"@id":"https:\/\/www.honlufoodtrailer.com\/product\/double-decker-food-trailer\/#primaryimage"},"image":{"@id":"https:\/\/www.honlufoodtrailer.com\/product\/double-decker-food-trailer\/#primaryimage"},"thumbnailUrl":"https:\/\/www.honlufoodtrailer.com\/wp-content\/uploads\/2022\/01\/Coffee-trailer-night-view.jpg","datePublished":"2022-01-12T08:35:36+00:00","dateModified":"2024-06-26T08:33:55+00:00","description":"See various types of double decker food trailers we have customized for customers from the United States. UK, Canada etc. Get their price now!","breadcrumb":{"@id":"https:\/\/www.honlufoodtrailer.com\/product\/double-decker-food-trailer\/#breadcrumb"},"inLanguage":"hr","potentialAction":[{"@type":"ReadAction","target":["https:\/\/www.honlufoodtrailer.com\/product\/double-decker-food-trailer\/"]}]},{"@type":"ImageObject","inLanguage":"hr","@id":"https:\/\/www.honlufoodtrailer.com\/product\/double-decker-food-trailer\/#primaryimage","url":"https:\/\/www.honlufoodtrailer.com\/wp-content\/uploads\/2022\/01\/Coffee-trailer-night-view.jpg","contentUrl":"https:\/\/www.honlufoodtrailer.com\/wp-content\/uploads\/2022\/01\/Coffee-trailer-night-view.jpg","width":720,"height":540,"caption":"Coffee trailer-night view"},{"@type":"BreadcrumbList","@id":"https:\/\/www.honlufoodtrailer.com\/product\/double-decker-food-trailer\/#breadcrumb","itemListElement":[{"@type":"ListItem","position":1,"name":"Home","item":"https:\/\/www.honlufoodtrailer.com\/"},{"@type":"ListItem","position":2,"name":"\u4ea7\u54c1","item":"https:\/\/www.honlufoodtrailer.com\/shop\/"},{"@type":"ListItem","position":3,"name":"Double Decker Food Trailer"}]},{"@type":"WebSite","@id":"https:\/\/www.honlufoodtrailer.com\/#website","url":"https:\/\/www.honlufoodtrailer.com\/","name":"Prikolica za hranu Honlu","description":"","publisher":{"@id":"https:\/\/www.honlufoodtrailer.com\/#organization"},"potentialAction":[{"@type":"SearchAction","target":{"@type":"EntryPoint","urlTemplate":"https:\/\/www.honlufoodtrailer.com\/?s={search_term_string}"},"query-input":{"@type":"PropertyValueSpecification","valueRequired":true,"valueName":"search_term_string"}}],"inLanguage":"hr"},{"@type":"Organization","@id":"https:\/\/www.honlufoodtrailer.com\/#organization","name":"Prikolica za hranu Honlu","url":"https:\/\/www.honlufoodtrailer.com\/","logo":{"@type":"ImageObject","inLanguage":"hr","@id":"https:\/\/www.honlufoodtrailer.com\/#\/schema\/logo\/image\/","url":"https:\/\/www.honlufoodtrailer.com\/wp-content\/uploads\/2021\/12\/2.gif","contentUrl":"https:\/\/www.honlufoodtrailer.com\/wp-content\/uploads\/2021\/12\/2.gif","width":350,"height":100,"caption":"Honlu food trailer"},"image":{"@id":"https:\/\/www.honlufoodtrailer.com\/#\/schema\/logo\/image\/"}}]}},"_links":{"self":[{"href":"https:\/\/www.honlufoodtrailer.com\/hr\/wp-json\/wp\/v2\/product\/2058","targetHints":{"allow":["GET"]}}],"collection":[{"href":"https:\/\/www.honlufoodtrailer.com\/hr\/wp-json\/wp\/v2\/product"}],"about":[{"href":"https:\/\/www.honlufoodtrailer.com\/hr\/wp-json\/wp\/v2\/types\/product"}],"version-history":[{"count":0,"href":"https:\/\/www.honlufoodtrailer.com\/hr\/wp-json\/wp\/v2\/product\/2058\/revisions"}],"wp:featuredmedia":[{"embeddable":true,"href":"https:\/\/www.honlufoodtrailer.com\/hr\/wp-json\/wp\/v2\/media\/1779"}],"wp:attachment":[{"href":"https:\/\/www.honlufoodtrailer.com\/hr\/wp-json\/wp\/v2\/media?parent=2058"}],"wp:term":[{"taxonomy":"product_brand","embeddable":true,"href":"https:\/\/www.honlufoodtrailer.com\/hr\/wp-json\/wp\/v2\/product_brand?post=2058"},{"taxonomy":"product_cat","embeddable":true,"href":"https:\/\/www.honlufoodtrailer.com\/hr\/wp-json\/wp\/v2\/product_cat?post=2058"},{"taxonomy":"product_tag","embeddable":true,"href":"https:\/\/www.honlufoodtrailer.com\/hr\/wp-json\/wp\/v2\/product_tag?post=2058"}],"curies":[{"name":"radni list","href":"https:\/\/api.w.org\/{rel}","templated":true}]}}