{"id":2678,"date":"2022-02-23T15:05:59","date_gmt":"2022-02-23T07:05:59","guid":{"rendered":"https:\/\/www.honlufoodtrailer.com\/?post_type=product&#038;p=2678"},"modified":"2024-02-17T11:41:31","modified_gmt":"2024-02-17T03:41:31","slug":"customized-small-arc-food-carts","status":"publish","type":"product","link":"https:\/\/www.honlufoodtrailer.com\/hr\/product\/customized-small-arc-food-carts\/","title":{"rendered":"Prilago\u0111ena mala lu\u010dna kolica za hranu"},"content":{"rendered":"<p data-spm-anchor-id=\"a2700.wholesale.0.i28.29e52808agqc7f\">Ovo su \u010detiri mala lu\u010dna kolica za hranu koje su prilagodili na\u0161i kupci iz Sjedinjenih Dr\u017eava. Ovaj je kupac jednom prilikom od nas kupio prilago\u0111enu \u010detvrtastu prikolicu za hranu. Bio je vrlo zadovoljan na\u0161om uslugom i kvalitetom na\u0161ih proizvoda. Kako bi pro\u0161irio svoje poslovanje na lokalnom tr\u017ei\u0161tu, odlu\u010dio je kupiti jo\u0161 \u010detiri mala lu\u010dna kolica za hranu kako bi pro\u0161irio opseg poslovanja.<\/p>\n<p data-spm-anchor-id=\"a2700.wholesale.0.i28.29e52808agqc7f\">The four arc-style food carts are of the same style, they are equipped with a side window, and the front service window is designed with a lift-up type.\u00a0 All these four carts are equipped with canopy facilities. The interior of the food carts are equipped with stainless steel countertops, gas stoves, three fryers, side-by-side range hoods, etc. In order to meet the needs of customers, we converted the original three sinks into two sinks to obtain a larger work surface and made the cabinet below an open structure for easy storage of items.<\/p>\n<p>Cijela prikolica je kompaktna i jednostavna za kori\u0161tenje. To je preferirani model za pokretanje poslova brze hrane, narud\u017ebe na veliko u trgova\u010dkim centrima, objedinjeno upravljanje uli\u010dnom brzom hranom i obiteljske piknike. Tako\u0111er se mo\u017ee koristiti za prodaju bilo \u010dega, od hot dogova, maloprodaje, cvje\u0107arstva, sendvi\u010da, kave, sladoleda itd. Imamo CE certifikat kako bismo vam pomogli u pokretanju mobilnog poslovanja.<\/p>\n<h3 class=\"magic-6\" data-spm-anchor-id=\"a2700.wholesale.0.i28.29e52808agqc7f\">Main Features of the small arc food trailer<\/h3>\n<div class=\"magic-7\">\n<div class=\"magic-8\">\n<div class=\"magic-9\" data-id=\"paragraph0\">\n<ol>\n<li>Moderan izgled se mo\u017ee prilagoditi;<\/li>\n<li>Karoserija i unutarnja struktura prikolice od nehr\u0111aju\u0107eg \u010delika, dobra otpornost na toplinu, otpornost na habanje, otpornost na koroziju;<\/li>\n<li>Moderna i napredna dodatna oprema opremljena u mobilnoj prikolici za hranu;<\/li>\n<li>Lagan i prakti\u010dan za transport;<\/li>\n<li>Drago nam je da ga mo\u017eemo modificirati prema va\u0161im zahtjevima.<\/li>\n<\/ol>\n<h3>Besplatni 2D\/3D crte\u017e tlocrta<\/h3>\n<p>Nakon \u0161to potvrdimo dimenzije prikolice za hranu i unutarnje kuhinjske opreme, mo\u017eemo vam besplatno dostaviti 3D crte\u017ee. To \u0107e vam dati jasniju predod\u017ebu o va\u0161em dizajnu i va\u0161im kolicima za hranu. Prilikom potvrde lokacije kuhinjske opreme, mo\u017eemo jasno komunicirati s vama putem tlocrta. Tako\u0111er vam mo\u017eemo dostaviti originalne dokumente kako bismo vam olak\u0161ali dizajn i napravili prilagodbe.<\/p>\n<\/div>\n<\/div>\n<\/div>","protected":false},"excerpt":{"rendered":"<p data-spm-anchor-id=\"a2700.wholesale.0.i28.29e52808agqc7f\">The four arc-style food carts are of the same style, they are equipped with a side window, and the front service window is designed with a lift-up type. In order to meet the needs of customers, we converted the original three sinks into two sinks to obtain a larger work surface and made the cabinet below an open structure for easy storage of items.<\/p>\n<p>&nbsp;<\/p>","protected":false},"featured_media":2687,"template":"","meta":{"_themeisle_gutenberg_block_has_review":false},"product_brand":[],"product_cat":[26],"product_tag":[43,33,41,45,38],"class_list":{"0":"post-2678","1":"product","2":"type-product","3":"status-publish","4":"has-post-thumbnail","6":"product_cat-product","7":"product_tag-arc-style-trailer","8":"product_tag-customized-trailer","9":"product_tag-galvanized-trailer","10":"product_tag-large-food-trailer","11":"product_tag-mobile-food-trailer","13":"first","14":"instock","15":"shipping-taxable","16":"product-type-simple"},"yoast_head":"<!-- This site is optimized with the Yoast SEO plugin v27.5 - https:\/\/yoast.com\/product\/yoast-seo-wordpress\/ -->\n<title>Customized small arc food carts - Honlu food trailer<\/title>\n<meta name=\"description\" content=\"The four arc-style food carts are of the same style, they are equipped with a side window, and the front service window is designed with a lift-up type. The interior of the food carts is equipped with stainless steel countertops, gas stoves, three fryers, side-by-side range hoods, etc. In order to meet the needs of customers, we converted the original three sinks into two sinks to obtain a larger work surface and made the cabinet below an open structure for easy storage of items.\" \/>\n<meta name=\"robots\" content=\"index, follow, max-snippet:-1, max-image-preview:large, max-video-preview:-1\" \/>\n<link rel=\"canonical\" href=\"https:\/\/www.honlufoodtrailer.com\/hr\/product\/customized-small-arc-food-carts\/\" \/>\n<meta property=\"og:locale\" content=\"hr_HR\" \/>\n<meta property=\"og:type\" content=\"article\" \/>\n<meta property=\"og:title\" content=\"Customized small arc food carts - Honlu food trailer\" \/>\n<meta property=\"og:description\" content=\"The four arc-style food carts are of the same style, they are equipped with a side window, and the front service window is designed with a lift-up type. The interior of the food carts is equipped with stainless steel countertops, gas stoves, three fryers, side-by-side range hoods, etc. In order to meet the needs of customers, we converted the original three sinks into two sinks to obtain a larger work surface and made the cabinet below an open structure for easy storage of items.\" \/>\n<meta property=\"og:url\" content=\"https:\/\/www.honlufoodtrailer.com\/hr\/product\/customized-small-arc-food-carts\/\" \/>\n<meta property=\"og:site_name\" content=\"Honlu food trailer\" \/>\n<meta property=\"article:modified_time\" content=\"2024-02-17T03:41:31+00:00\" \/>\n<meta property=\"og:image\" content=\"https:\/\/www.honlufoodtrailer.com\/wp-content\/uploads\/2022\/02\/Customized-small-arc-food-carts-21-8138-1.jpg\" \/>\n\t<meta property=\"og:image:width\" content=\"720\" \/>\n\t<meta property=\"og:image:height\" content=\"540\" \/>\n\t<meta property=\"og:image:type\" content=\"image\/jpeg\" \/>\n<meta name=\"twitter:card\" content=\"summary_large_image\" \/>\n<meta name=\"twitter:label1\" content=\"Procijenjeno vrijeme \u010ditanja\" \/>\n\t<meta name=\"twitter:data1\" content=\"2 minute\" \/>\n<script type=\"application\/ld+json\" class=\"yoast-schema-graph\">{\"@context\":\"https:\\\/\\\/schema.org\",\"@graph\":[{\"@type\":\"WebPage\",\"@id\":\"https:\\\/\\\/www.honlufoodtrailer.com\\\/product\\\/customized-small-arc-food-carts\\\/\",\"url\":\"https:\\\/\\\/www.honlufoodtrailer.com\\\/product\\\/customized-small-arc-food-carts\\\/\",\"name\":\"Customized small arc food carts - Honlu food trailer\",\"isPartOf\":{\"@id\":\"https:\\\/\\\/www.honlufoodtrailer.com\\\/#website\"},\"primaryImageOfPage\":{\"@id\":\"https:\\\/\\\/www.honlufoodtrailer.com\\\/product\\\/customized-small-arc-food-carts\\\/#primaryimage\"},\"image\":{\"@id\":\"https:\\\/\\\/www.honlufoodtrailer.com\\\/product\\\/customized-small-arc-food-carts\\\/#primaryimage\"},\"thumbnailUrl\":\"https:\\\/\\\/www.honlufoodtrailer.com\\\/wp-content\\\/uploads\\\/2022\\\/02\\\/Customized-small-arc-food-carts-21-8138-1.jpg\",\"datePublished\":\"2022-02-23T07:05:59+00:00\",\"dateModified\":\"2024-02-17T03:41:31+00:00\",\"description\":\"The four arc-style food carts are of the same style, they are equipped with a side window, and the front service window is designed with a lift-up type. The interior of the food carts is equipped with stainless steel countertops, gas stoves, three fryers, side-by-side range hoods, etc. In order to meet the needs of customers, we converted the original three sinks into two sinks to obtain a larger work surface and made the cabinet below an open structure for easy storage of items.\",\"breadcrumb\":{\"@id\":\"https:\\\/\\\/www.honlufoodtrailer.com\\\/product\\\/customized-small-arc-food-carts\\\/#breadcrumb\"},\"inLanguage\":\"hr\",\"potentialAction\":[{\"@type\":\"ReadAction\",\"target\":[\"https:\\\/\\\/www.honlufoodtrailer.com\\\/product\\\/customized-small-arc-food-carts\\\/\"]}]},{\"@type\":\"ImageObject\",\"inLanguage\":\"hr\",\"@id\":\"https:\\\/\\\/www.honlufoodtrailer.com\\\/product\\\/customized-small-arc-food-carts\\\/#primaryimage\",\"url\":\"https:\\\/\\\/www.honlufoodtrailer.com\\\/wp-content\\\/uploads\\\/2022\\\/02\\\/Customized-small-arc-food-carts-21-8138-1.jpg\",\"contentUrl\":\"https:\\\/\\\/www.honlufoodtrailer.com\\\/wp-content\\\/uploads\\\/2022\\\/02\\\/Customized-small-arc-food-carts-21-8138-1.jpg\",\"width\":720,\"height\":540,\"caption\":\"Customized small arc food carts-21-8138 (1)\"},{\"@type\":\"BreadcrumbList\",\"@id\":\"https:\\\/\\\/www.honlufoodtrailer.com\\\/product\\\/customized-small-arc-food-carts\\\/#breadcrumb\",\"itemListElement\":[{\"@type\":\"ListItem\",\"position\":1,\"name\":\"Home\",\"item\":\"https:\\\/\\\/www.honlufoodtrailer.com\\\/\"},{\"@type\":\"ListItem\",\"position\":2,\"name\":\"\u4ea7\u54c1\",\"item\":\"https:\\\/\\\/www.honlufoodtrailer.com\\\/shop\\\/\"},{\"@type\":\"ListItem\",\"position\":3,\"name\":\"Customized small arc food carts\"}]},{\"@type\":\"WebSite\",\"@id\":\"https:\\\/\\\/www.honlufoodtrailer.com\\\/#website\",\"url\":\"https:\\\/\\\/www.honlufoodtrailer.com\\\/\",\"name\":\"Honlu food trailer\",\"description\":\"\",\"publisher\":{\"@id\":\"https:\\\/\\\/www.honlufoodtrailer.com\\\/#organization\"},\"potentialAction\":[{\"@type\":\"SearchAction\",\"target\":{\"@type\":\"EntryPoint\",\"urlTemplate\":\"https:\\\/\\\/www.honlufoodtrailer.com\\\/?s={search_term_string}\"},\"query-input\":{\"@type\":\"PropertyValueSpecification\",\"valueRequired\":true,\"valueName\":\"search_term_string\"}}],\"inLanguage\":\"hr\"},{\"@type\":\"Organization\",\"@id\":\"https:\\\/\\\/www.honlufoodtrailer.com\\\/#organization\",\"name\":\"Honlu food trailer\",\"url\":\"https:\\\/\\\/www.honlufoodtrailer.com\\\/\",\"logo\":{\"@type\":\"ImageObject\",\"inLanguage\":\"hr\",\"@id\":\"https:\\\/\\\/www.honlufoodtrailer.com\\\/#\\\/schema\\\/logo\\\/image\\\/\",\"url\":\"https:\\\/\\\/www.honlufoodtrailer.com\\\/wp-content\\\/uploads\\\/2021\\\/12\\\/2.gif\",\"contentUrl\":\"https:\\\/\\\/www.honlufoodtrailer.com\\\/wp-content\\\/uploads\\\/2021\\\/12\\\/2.gif\",\"width\":350,\"height\":100,\"caption\":\"Honlu food trailer\"},\"image\":{\"@id\":\"https:\\\/\\\/www.honlufoodtrailer.com\\\/#\\\/schema\\\/logo\\\/image\\\/\"}}]}<\/script>\n<!-- \/ Yoast SEO plugin. -->","yoast_head_json":{"title":"Customized small arc food carts - Honlu food trailer","description":"The four arc-style food carts are of the same style, they are equipped with a side window, and the front service window is designed with a lift-up type. The interior of the food carts is equipped with stainless steel countertops, gas stoves, three fryers, side-by-side range hoods, etc. In order to meet the needs of customers, we converted the original three sinks into two sinks to obtain a larger work surface and made the cabinet below an open structure for easy storage of items.","robots":{"index":"index","follow":"follow","max-snippet":"max-snippet:-1","max-image-preview":"max-image-preview:large","max-video-preview":"max-video-preview:-1"},"canonical":"https:\/\/www.honlufoodtrailer.com\/hr\/product\/customized-small-arc-food-carts\/","og_locale":"hr_HR","og_type":"article","og_title":"Customized small arc food carts - Honlu food trailer","og_description":"The four arc-style food carts are of the same style, they are equipped with a side window, and the front service window is designed with a lift-up type. The interior of the food carts is equipped with stainless steel countertops, gas stoves, three fryers, side-by-side range hoods, etc. In order to meet the needs of customers, we converted the original three sinks into two sinks to obtain a larger work surface and made the cabinet below an open structure for easy storage of items.","og_url":"https:\/\/www.honlufoodtrailer.com\/hr\/product\/customized-small-arc-food-carts\/","og_site_name":"Honlu food trailer","article_modified_time":"2024-02-17T03:41:31+00:00","og_image":[{"width":720,"height":540,"url":"https:\/\/www.honlufoodtrailer.com\/wp-content\/uploads\/2022\/02\/Customized-small-arc-food-carts-21-8138-1.jpg","type":"image\/jpeg"}],"twitter_card":"summary_large_image","twitter_misc":{"Procijenjeno vrijeme \u010ditanja":"2 minute"},"schema":{"@context":"https:\/\/schema.org","@graph":[{"@type":"WebPage","@id":"https:\/\/www.honlufoodtrailer.com\/product\/customized-small-arc-food-carts\/","url":"https:\/\/www.honlufoodtrailer.com\/product\/customized-small-arc-food-carts\/","name":"Customized small arc food carts - Honlu food trailer","isPartOf":{"@id":"https:\/\/www.honlufoodtrailer.com\/#website"},"primaryImageOfPage":{"@id":"https:\/\/www.honlufoodtrailer.com\/product\/customized-small-arc-food-carts\/#primaryimage"},"image":{"@id":"https:\/\/www.honlufoodtrailer.com\/product\/customized-small-arc-food-carts\/#primaryimage"},"thumbnailUrl":"https:\/\/www.honlufoodtrailer.com\/wp-content\/uploads\/2022\/02\/Customized-small-arc-food-carts-21-8138-1.jpg","datePublished":"2022-02-23T07:05:59+00:00","dateModified":"2024-02-17T03:41:31+00:00","description":"The four arc-style food carts are of the same style, they are equipped with a side window, and the front service window is designed with a lift-up type. The interior of the food carts is equipped with stainless steel countertops, gas stoves, three fryers, side-by-side range hoods, etc. In order to meet the needs of customers, we converted the original three sinks into two sinks to obtain a larger work surface and made the cabinet below an open structure for easy storage of items.","breadcrumb":{"@id":"https:\/\/www.honlufoodtrailer.com\/product\/customized-small-arc-food-carts\/#breadcrumb"},"inLanguage":"hr","potentialAction":[{"@type":"ReadAction","target":["https:\/\/www.honlufoodtrailer.com\/product\/customized-small-arc-food-carts\/"]}]},{"@type":"ImageObject","inLanguage":"hr","@id":"https:\/\/www.honlufoodtrailer.com\/product\/customized-small-arc-food-carts\/#primaryimage","url":"https:\/\/www.honlufoodtrailer.com\/wp-content\/uploads\/2022\/02\/Customized-small-arc-food-carts-21-8138-1.jpg","contentUrl":"https:\/\/www.honlufoodtrailer.com\/wp-content\/uploads\/2022\/02\/Customized-small-arc-food-carts-21-8138-1.jpg","width":720,"height":540,"caption":"Customized small arc food carts-21-8138 (1)"},{"@type":"BreadcrumbList","@id":"https:\/\/www.honlufoodtrailer.com\/product\/customized-small-arc-food-carts\/#breadcrumb","itemListElement":[{"@type":"ListItem","position":1,"name":"Home","item":"https:\/\/www.honlufoodtrailer.com\/"},{"@type":"ListItem","position":2,"name":"\u4ea7\u54c1","item":"https:\/\/www.honlufoodtrailer.com\/shop\/"},{"@type":"ListItem","position":3,"name":"Customized small arc food carts"}]},{"@type":"WebSite","@id":"https:\/\/www.honlufoodtrailer.com\/#website","url":"https:\/\/www.honlufoodtrailer.com\/","name":"Prikolica za hranu Honlu","description":"","publisher":{"@id":"https:\/\/www.honlufoodtrailer.com\/#organization"},"potentialAction":[{"@type":"SearchAction","target":{"@type":"EntryPoint","urlTemplate":"https:\/\/www.honlufoodtrailer.com\/?s={search_term_string}"},"query-input":{"@type":"PropertyValueSpecification","valueRequired":true,"valueName":"search_term_string"}}],"inLanguage":"hr"},{"@type":"Organization","@id":"https:\/\/www.honlufoodtrailer.com\/#organization","name":"Prikolica za hranu Honlu","url":"https:\/\/www.honlufoodtrailer.com\/","logo":{"@type":"ImageObject","inLanguage":"hr","@id":"https:\/\/www.honlufoodtrailer.com\/#\/schema\/logo\/image\/","url":"https:\/\/www.honlufoodtrailer.com\/wp-content\/uploads\/2021\/12\/2.gif","contentUrl":"https:\/\/www.honlufoodtrailer.com\/wp-content\/uploads\/2021\/12\/2.gif","width":350,"height":100,"caption":"Honlu food trailer"},"image":{"@id":"https:\/\/www.honlufoodtrailer.com\/#\/schema\/logo\/image\/"}}]}},"_links":{"self":[{"href":"https:\/\/www.honlufoodtrailer.com\/hr\/wp-json\/wp\/v2\/product\/2678","targetHints":{"allow":["GET"]}}],"collection":[{"href":"https:\/\/www.honlufoodtrailer.com\/hr\/wp-json\/wp\/v2\/product"}],"about":[{"href":"https:\/\/www.honlufoodtrailer.com\/hr\/wp-json\/wp\/v2\/types\/product"}],"version-history":[{"count":0,"href":"https:\/\/www.honlufoodtrailer.com\/hr\/wp-json\/wp\/v2\/product\/2678\/revisions"}],"wp:featuredmedia":[{"embeddable":true,"href":"https:\/\/www.honlufoodtrailer.com\/hr\/wp-json\/wp\/v2\/media\/2687"}],"wp:attachment":[{"href":"https:\/\/www.honlufoodtrailer.com\/hr\/wp-json\/wp\/v2\/media?parent=2678"}],"wp:term":[{"taxonomy":"product_brand","embeddable":true,"href":"https:\/\/www.honlufoodtrailer.com\/hr\/wp-json\/wp\/v2\/product_brand?post=2678"},{"taxonomy":"product_cat","embeddable":true,"href":"https:\/\/www.honlufoodtrailer.com\/hr\/wp-json\/wp\/v2\/product_cat?post=2678"},{"taxonomy":"product_tag","embeddable":true,"href":"https:\/\/www.honlufoodtrailer.com\/hr\/wp-json\/wp\/v2\/product_tag?post=2678"}],"curies":[{"name":"wp","href":"https:\/\/api.w.org\/{rel}","templated":true}]}}