{"id":3502,"date":"2022-03-18T09:19:55","date_gmt":"2022-03-18T01:19:55","guid":{"rendered":"https:\/\/www.honlufoodtrailer.com\/?post_type=product&#038;p=3502"},"modified":"2022-04-02T14:20:16","modified_gmt":"2022-04-02T06:20:16","slug":"customized-5-8m-coffee-trailer","status":"publish","type":"product","link":"https:\/\/www.honlufoodtrailer.com\/hr\/product\/customized-5-8m-coffee-trailer\/","title":{"rendered":"Prilago\u0111ena prikolica za kavu od 5,8 milijuna"},"content":{"rendered":"<p data-spm-anchor-id=\"a2700.wholesale.0.i28.29e52808agqc7f\">Ovo je prilago\u0111ena prikolica za kavu od 5,8 milijuna, karoserija i unutra\u0161njost izra\u0111eni su od nehr\u0111aju\u0107eg \u010delika. Platforme s obje strane mogu se spustiti, \u0161to se mo\u017ee koristiti za postavljanje stolova i stolica, reklamnih panoa, polica za hranu itd. Zbog svog posebnog dizajna, vrlo je prikladna za prodaju hrane poput kave, hamburgera, hrenovki, sendvi\u010da itd. Cijela prikolica je kompaktna i jednostavna za kori\u0161tenje. To je preferirani model za pokretanje poslova brze hrane.<\/p>\n<h2>Struktura prikolice za kavu<\/h2>\n<p>Radna povr\u0161ina, pretinac za odlaganje i sudoperi izra\u0111eni su od nehr\u0111aju\u0107eg \u010delika. Gornja plo\u010da opremljena je atmosferskim svjetlima i kliznim reflektorima te pru\u017ea prekrasan no\u0107ni pogled.<\/p>\n<figure id=\"attachment_4129\" aria-describedby=\"caption-attachment-4129\" style=\"width: 720px\" class=\"wp-caption aligncenter\"><img fetchpriority=\"high\" decoding=\"async\" class=\"size-full wp-image-4129\" src=\"https:\/\/www.honlufoodtrailer.com\/wp-content\/uploads\/2022\/03\/Inner-structure-1.jpg\" alt=\"Unutarnja struktura prilago\u0111ene prikolice za kavu od 5,8 m\" width=\"720\" height=\"540\" srcset=\"https:\/\/www.honlufoodtrailer.com\/wp-content\/uploads\/2022\/03\/Inner-structure-1.jpg 720w, https:\/\/www.honlufoodtrailer.com\/wp-content\/uploads\/2022\/03\/Inner-structure-1-480x360.jpg 480w, https:\/\/www.honlufoodtrailer.com\/wp-content\/uploads\/2022\/03\/Inner-structure-1-300x225.jpg 300w\" sizes=\"(max-width: 720px) 100vw, 720px\" \/><figcaption id=\"caption-attachment-4129\" class=\"wp-caption-text\">Unutarnja struktura<\/figcaption><\/figure>\n<p>Najve\u0107a zna\u010dajka cijele prikolice je podizna poslovna platforma s obje strane, koja se mo\u017ee koristiti u razli\u010dite svrhe za razli\u010dite tvrtke. Mo\u017ee se koristiti ne samo za postavljanje stolova i stolica kako bi se olak\u0161alo sjedenje kupaca, ve\u0107 i za postavljanje polica s jelovnicima i promotivnih panoa za poslovanje. Na nekim doga\u0111ajima, dvostruke podizne platforme mogu vam pomo\u0107i da privu\u010dete vi\u0161e kupaca.<\/p>\n<figure id=\"attachment_4131\" aria-describedby=\"caption-attachment-4131\" style=\"width: 720px\" class=\"wp-caption aligncenter\"><img decoding=\"async\" class=\"size-full wp-image-4131\" src=\"https:\/\/www.honlufoodtrailer.com\/wp-content\/uploads\/2022\/03\/Side-platform-Second-floor.jpg\" alt=\"Bo\u010dna platforma i drugi kat prilago\u0111ene prikolice za kavu\" width=\"720\" height=\"540\" srcset=\"https:\/\/www.honlufoodtrailer.com\/wp-content\/uploads\/2022\/03\/Side-platform-Second-floor.jpg 720w, https:\/\/www.honlufoodtrailer.com\/wp-content\/uploads\/2022\/03\/Side-platform-Second-floor-480x360.jpg 480w, https:\/\/www.honlufoodtrailer.com\/wp-content\/uploads\/2022\/03\/Side-platform-Second-floor-300x225.jpg 300w\" sizes=\"(max-width: 720px) 100vw, 720px\" \/><figcaption id=\"caption-attachment-4131\" class=\"wp-caption-text\">Bo\u010dna platforma i drugi kat<\/figcaption><\/figure>\n<p>Sva oprema unutra izra\u0111ena je od nehr\u0111aju\u0107eg \u010delika, koji smo prilagodili kupcima, uklju\u010duju\u0107i \u010detiri sudopera, plinski \u0161tednjak, fritezu, ormar za o\u010duvanje topline, napu itd.<\/p>\n<figure id=\"attachment_4130\" aria-describedby=\"caption-attachment-4130\" style=\"width: 720px\" class=\"wp-caption aligncenter\"><img decoding=\"async\" class=\"size-full wp-image-4130\" src=\"https:\/\/www.honlufoodtrailer.com\/wp-content\/uploads\/2022\/03\/Kutchen-equipmentRange-hood.jpg\" alt=\"Kuhinjska oprema i napa za prilago\u0111enu prikolicu Ciffee od 5,8 milijuna\" width=\"720\" height=\"540\" srcset=\"https:\/\/www.honlufoodtrailer.com\/wp-content\/uploads\/2022\/03\/Kutchen-equipmentRange-hood.jpg 720w, https:\/\/www.honlufoodtrailer.com\/wp-content\/uploads\/2022\/03\/Kutchen-equipmentRange-hood-480x360.jpg 480w, https:\/\/www.honlufoodtrailer.com\/wp-content\/uploads\/2022\/03\/Kutchen-equipmentRange-hood-300x225.jpg 300w\" sizes=\"(max-width: 720px) 100vw, 720px\" \/><figcaption id=\"caption-attachment-4130\" class=\"wp-caption-text\">Kuhinjska oprema i napa<\/figcaption><\/figure>\n<h3 class=\"elementor-image-box-title\"><\/h3>\n<div class=\"magic-7\">\n<div class=\"magic-8\">\n<div class=\"magic-9\" data-id=\"paragraph0\">\n<h2>Glavne zna\u010dajke prikolice za kavu<\/h2>\n<h3 class=\"elementor-image-box-title\">1. Prekrasan no\u0107ni pogled<\/h3>\n<p class=\"elementor-image-box-description\">Cijelo svjetlo za atmosferu vozila \u010dini va\u0161u prikolicu najatraktivnijom zvijezdom \u010dak i no\u0107u.<\/p>\n<h3 class=\"elementor-image-box-title\">2. Jednostavna instalacija<\/h3>\n<p class=\"elementor-image-box-description\">Opremljeni kompletnim setom videozapisa o instalaciji, tehni\u010dari pru\u017eaju individualne upute na daljinu kako bi vam pomogli da odmah pokrenete svoje poslovanje.<\/p>\n<h3 class=\"elementor-image-box-title\">3. Prilago\u0111ena usluga<\/h3>\n<p class=\"elementor-image-box-description\">Cijela prikolica, uklju\u010duju\u0107i izgled, stil, dodatke i pomo\u0107nu opremu, mo\u017ee se prilagoditi. Omogu\u0107ite vam da imate vlastiti ekskluzivni vagon-restoran.<\/p>\n<h2>Besplatni 2D\/3D crte\u017e tlocrta<\/h2>\n<p>Nakon \u0161to potvrdimo dimenzije prikolice za hranu i unutarnje kuhinjske opreme, mo\u017eemo vam besplatno dostaviti 3D crte\u017ee. To \u0107e vam dati jasniju predod\u017ebu o va\u0161em dizajnu i va\u0161im kolicima za hranu. Prilikom potvrde lokacije kuhinjske opreme, mo\u017eemo jasno komunicirati s vama putem tlocrta. Tako\u0111er vam mo\u017eemo dostaviti originalne dokumente kako bismo vam olak\u0161ali dizajn i napravili prilagodbe.<\/p>\n<\/div>\n<\/div>\n<\/div>","protected":false},"excerpt":{"rendered":"<p data-spm-anchor-id=\"a2700.wholesale.0.i28.29e52808agqc7f\">Ovo je prilago\u0111ena prikolica za kavu od 5,8 milijuna, karoserija i unutra\u0161njost izra\u0111eni su od nehr\u0111aju\u0107eg \u010delika. Platforme s obje strane mogu se spustiti, \u0161to se mo\u017ee koristiti za postavljanje stolova i stolica, reklamnih panoa, polica za hranu itd. Zbog svog posebnog dizajna, vrlo je prikladna za prodaju hrane poput kave, hamburgera, hrenovki, sendvi\u010da itd. Cijela prikolica je kompaktna i jednostavna za kori\u0161tenje. To je preferirani model za pokretanje poslova brze hrane.<\/p>","protected":false},"featured_media":3503,"template":"","meta":{"_themeisle_gutenberg_block_has_review":false},"product_brand":[],"product_cat":[26],"product_tag":[33,45,38,51,50],"class_list":{"0":"post-3502","1":"product","2":"type-product","3":"status-publish","4":"has-post-thumbnail","6":"product_cat-product","7":"product_tag-customized-trailer","8":"product_tag-large-food-trailer","9":"product_tag-mobile-food-trailer","10":"product_tag-square-food-trailer","11":"product_tag-standard-configuration","13":"first","14":"instock","15":"shipping-taxable","16":"product-type-simple"},"yoast_head":"<!-- This site is optimized with the Yoast SEO plugin v27.5 - https:\/\/yoast.com\/product\/yoast-seo-wordpress\/ -->\n<title>Customized 5.8M coffee trailer - Honlu food trailer<\/title>\n<meta name=\"description\" content=\"This is a customized 5.8M coffee trailer, the body and interior are made of stainless steel. The platforms on both sides can be lowered, which can be used to place some tables and chairs, publicity boards, food racks, etc. Due to its special design, it is very suitable for selling some food such as coffee, burgers, hot dogs, sandwiches, etc.\u00a0 The whole trailer is compact and easy to use. It is the preferred model for starting fast-food businesses.\" \/>\n<meta name=\"robots\" content=\"index, follow, max-snippet:-1, max-image-preview:large, max-video-preview:-1\" \/>\n<link rel=\"canonical\" href=\"https:\/\/www.honlufoodtrailer.com\/hr\/product\/customized-5-8m-coffee-trailer\/\" \/>\n<meta property=\"og:locale\" content=\"hr_HR\" \/>\n<meta property=\"og:type\" content=\"article\" \/>\n<meta property=\"og:title\" content=\"Customized 5.8M coffee trailer - Honlu food trailer\" \/>\n<meta property=\"og:description\" content=\"This is a customized 5.8M coffee trailer, the body and interior are made of stainless steel. The platforms on both sides can be lowered, which can be used to place some tables and chairs, publicity boards, food racks, etc. Due to its special design, it is very suitable for selling some food such as coffee, burgers, hot dogs, sandwiches, etc.\u00a0 The whole trailer is compact and easy to use. It is the preferred model for starting fast-food businesses.\" \/>\n<meta property=\"og:url\" content=\"https:\/\/www.honlufoodtrailer.com\/hr\/product\/customized-5-8m-coffee-trailer\/\" \/>\n<meta property=\"og:site_name\" content=\"Honlu food trailer\" \/>\n<meta property=\"article:modified_time\" content=\"2022-04-02T06:20:16+00:00\" \/>\n<meta property=\"og:image\" content=\"https:\/\/www.honlufoodtrailer.com\/wp-content\/uploads\/2022\/03\/Customized-5.8M-coffee-trailer-1.jpg\" \/>\n\t<meta property=\"og:image:width\" content=\"720\" \/>\n\t<meta property=\"og:image:height\" content=\"540\" \/>\n\t<meta property=\"og:image:type\" content=\"image\/jpeg\" \/>\n<meta name=\"twitter:card\" content=\"summary_large_image\" \/>\n<meta name=\"twitter:label1\" content=\"Procijenjeno vrijeme \u010ditanja\" \/>\n\t<meta name=\"twitter:data1\" content=\"3 minute\" \/>\n<script type=\"application\/ld+json\" class=\"yoast-schema-graph\">{\"@context\":\"https:\\\/\\\/schema.org\",\"@graph\":[{\"@type\":\"WebPage\",\"@id\":\"https:\\\/\\\/www.honlufoodtrailer.com\\\/product\\\/customized-5-8m-coffee-trailer\\\/\",\"url\":\"https:\\\/\\\/www.honlufoodtrailer.com\\\/product\\\/customized-5-8m-coffee-trailer\\\/\",\"name\":\"Customized 5.8M coffee trailer - Honlu food trailer\",\"isPartOf\":{\"@id\":\"https:\\\/\\\/www.honlufoodtrailer.com\\\/#website\"},\"primaryImageOfPage\":{\"@id\":\"https:\\\/\\\/www.honlufoodtrailer.com\\\/product\\\/customized-5-8m-coffee-trailer\\\/#primaryimage\"},\"image\":{\"@id\":\"https:\\\/\\\/www.honlufoodtrailer.com\\\/product\\\/customized-5-8m-coffee-trailer\\\/#primaryimage\"},\"thumbnailUrl\":\"https:\\\/\\\/www.honlufoodtrailer.com\\\/wp-content\\\/uploads\\\/2022\\\/03\\\/Customized-5.8M-coffee-trailer-1.jpg\",\"datePublished\":\"2022-03-18T01:19:55+00:00\",\"dateModified\":\"2022-04-02T06:20:16+00:00\",\"description\":\"This is a customized 5.8M coffee trailer, the body and interior are made of stainless steel. The platforms on both sides can be lowered, which can be used to place some tables and chairs, publicity boards, food racks, etc. Due to its special design, it is very suitable for selling some food such as coffee, burgers, hot dogs, sandwiches, etc.\u00a0 The whole trailer is compact and easy to use. It is the preferred model for starting fast-food businesses.\",\"breadcrumb\":{\"@id\":\"https:\\\/\\\/www.honlufoodtrailer.com\\\/product\\\/customized-5-8m-coffee-trailer\\\/#breadcrumb\"},\"inLanguage\":\"hr\",\"potentialAction\":[{\"@type\":\"ReadAction\",\"target\":[\"https:\\\/\\\/www.honlufoodtrailer.com\\\/product\\\/customized-5-8m-coffee-trailer\\\/\"]}]},{\"@type\":\"ImageObject\",\"inLanguage\":\"hr\",\"@id\":\"https:\\\/\\\/www.honlufoodtrailer.com\\\/product\\\/customized-5-8m-coffee-trailer\\\/#primaryimage\",\"url\":\"https:\\\/\\\/www.honlufoodtrailer.com\\\/wp-content\\\/uploads\\\/2022\\\/03\\\/Customized-5.8M-coffee-trailer-1.jpg\",\"contentUrl\":\"https:\\\/\\\/www.honlufoodtrailer.com\\\/wp-content\\\/uploads\\\/2022\\\/03\\\/Customized-5.8M-coffee-trailer-1.jpg\",\"width\":720,\"height\":540,\"caption\":\"Customized 5.8M coffee trailer (1)\"},{\"@type\":\"BreadcrumbList\",\"@id\":\"https:\\\/\\\/www.honlufoodtrailer.com\\\/product\\\/customized-5-8m-coffee-trailer\\\/#breadcrumb\",\"itemListElement\":[{\"@type\":\"ListItem\",\"position\":1,\"name\":\"Home\",\"item\":\"https:\\\/\\\/www.honlufoodtrailer.com\\\/\"},{\"@type\":\"ListItem\",\"position\":2,\"name\":\"\u4ea7\u54c1\",\"item\":\"https:\\\/\\\/www.honlufoodtrailer.com\\\/shop\\\/\"},{\"@type\":\"ListItem\",\"position\":3,\"name\":\"Customized 5.8M coffee trailer\"}]},{\"@type\":\"WebSite\",\"@id\":\"https:\\\/\\\/www.honlufoodtrailer.com\\\/#website\",\"url\":\"https:\\\/\\\/www.honlufoodtrailer.com\\\/\",\"name\":\"Honlu food trailer\",\"description\":\"\",\"publisher\":{\"@id\":\"https:\\\/\\\/www.honlufoodtrailer.com\\\/#organization\"},\"potentialAction\":[{\"@type\":\"SearchAction\",\"target\":{\"@type\":\"EntryPoint\",\"urlTemplate\":\"https:\\\/\\\/www.honlufoodtrailer.com\\\/?s={search_term_string}\"},\"query-input\":{\"@type\":\"PropertyValueSpecification\",\"valueRequired\":true,\"valueName\":\"search_term_string\"}}],\"inLanguage\":\"hr\"},{\"@type\":\"Organization\",\"@id\":\"https:\\\/\\\/www.honlufoodtrailer.com\\\/#organization\",\"name\":\"Honlu food trailer\",\"url\":\"https:\\\/\\\/www.honlufoodtrailer.com\\\/\",\"logo\":{\"@type\":\"ImageObject\",\"inLanguage\":\"hr\",\"@id\":\"https:\\\/\\\/www.honlufoodtrailer.com\\\/#\\\/schema\\\/logo\\\/image\\\/\",\"url\":\"https:\\\/\\\/www.honlufoodtrailer.com\\\/wp-content\\\/uploads\\\/2021\\\/12\\\/2.gif\",\"contentUrl\":\"https:\\\/\\\/www.honlufoodtrailer.com\\\/wp-content\\\/uploads\\\/2021\\\/12\\\/2.gif\",\"width\":350,\"height\":100,\"caption\":\"Honlu food trailer\"},\"image\":{\"@id\":\"https:\\\/\\\/www.honlufoodtrailer.com\\\/#\\\/schema\\\/logo\\\/image\\\/\"}}]}<\/script>\n<!-- \/ Yoast SEO plugin. -->","yoast_head_json":{"title":"Prilago\u0111ena prikolica za kavu od 5,8 milijuna - prikolica za hranu Honlu","description":"Ovo je prilago\u0111ena prikolica za kavu od 5,8 milijuna, karoserija i unutra\u0161njost izra\u0111eni su od nehr\u0111aju\u0107eg \u010delika. Platforme s obje strane mogu se spustiti, \u0161to se mo\u017ee koristiti za postavljanje stolova i stolica, reklamnih panoa, polica za hranu itd. Zbog svog posebnog dizajna, vrlo je prikladna za prodaju hrane poput kave, hamburgera, hrenovki, sendvi\u010da itd. Cijela prikolica je kompaktna i jednostavna za kori\u0161tenje. To je preferirani model za pokretanje poslova brze hrane.","robots":{"index":"index","follow":"follow","max-snippet":"max-snippet:-1","max-image-preview":"max-image-preview:large","max-video-preview":"max-video-preview:-1"},"canonical":"https:\/\/www.honlufoodtrailer.com\/hr\/product\/customized-5-8m-coffee-trailer\/","og_locale":"hr_HR","og_type":"article","og_title":"Customized 5.8M coffee trailer - Honlu food trailer","og_description":"This is a customized 5.8M coffee trailer, the body and interior are made of stainless steel. The platforms on both sides can be lowered, which can be used to place some tables and chairs, publicity boards, food racks, etc. Due to its special design, it is very suitable for selling some food such as coffee, burgers, hot dogs, sandwiches, etc.\u00a0 The whole trailer is compact and easy to use. It is the preferred model for starting fast-food businesses.","og_url":"https:\/\/www.honlufoodtrailer.com\/hr\/product\/customized-5-8m-coffee-trailer\/","og_site_name":"Honlu food trailer","article_modified_time":"2022-04-02T06:20:16+00:00","og_image":[{"width":720,"height":540,"url":"https:\/\/www.honlufoodtrailer.com\/wp-content\/uploads\/2022\/03\/Customized-5.8M-coffee-trailer-1.jpg","type":"image\/jpeg"}],"twitter_card":"summary_large_image","twitter_misc":{"Procijenjeno vrijeme \u010ditanja":"3 minute"},"schema":{"@context":"https:\/\/schema.org","@graph":[{"@type":"WebPage","@id":"https:\/\/www.honlufoodtrailer.com\/product\/customized-5-8m-coffee-trailer\/","url":"https:\/\/www.honlufoodtrailer.com\/product\/customized-5-8m-coffee-trailer\/","name":"Prilago\u0111ena prikolica za kavu od 5,8 milijuna - prikolica za hranu Honlu","isPartOf":{"@id":"https:\/\/www.honlufoodtrailer.com\/#website"},"primaryImageOfPage":{"@id":"https:\/\/www.honlufoodtrailer.com\/product\/customized-5-8m-coffee-trailer\/#primaryimage"},"image":{"@id":"https:\/\/www.honlufoodtrailer.com\/product\/customized-5-8m-coffee-trailer\/#primaryimage"},"thumbnailUrl":"https:\/\/www.honlufoodtrailer.com\/wp-content\/uploads\/2022\/03\/Customized-5.8M-coffee-trailer-1.jpg","datePublished":"2022-03-18T01:19:55+00:00","dateModified":"2022-04-02T06:20:16+00:00","description":"Ovo je prilago\u0111ena prikolica za kavu od 5,8 milijuna, karoserija i unutra\u0161njost izra\u0111eni su od nehr\u0111aju\u0107eg \u010delika. Platforme s obje strane mogu se spustiti, \u0161to se mo\u017ee koristiti za postavljanje stolova i stolica, reklamnih panoa, polica za hranu itd. Zbog svog posebnog dizajna, vrlo je prikladna za prodaju hrane poput kave, hamburgera, hrenovki, sendvi\u010da itd. Cijela prikolica je kompaktna i jednostavna za kori\u0161tenje. To je preferirani model za pokretanje poslova brze hrane.","breadcrumb":{"@id":"https:\/\/www.honlufoodtrailer.com\/product\/customized-5-8m-coffee-trailer\/#breadcrumb"},"inLanguage":"hr","potentialAction":[{"@type":"ReadAction","target":["https:\/\/www.honlufoodtrailer.com\/product\/customized-5-8m-coffee-trailer\/"]}]},{"@type":"ImageObject","inLanguage":"hr","@id":"https:\/\/www.honlufoodtrailer.com\/product\/customized-5-8m-coffee-trailer\/#primaryimage","url":"https:\/\/www.honlufoodtrailer.com\/wp-content\/uploads\/2022\/03\/Customized-5.8M-coffee-trailer-1.jpg","contentUrl":"https:\/\/www.honlufoodtrailer.com\/wp-content\/uploads\/2022\/03\/Customized-5.8M-coffee-trailer-1.jpg","width":720,"height":540,"caption":"Customized 5.8M coffee trailer (1)"},{"@type":"BreadcrumbList","@id":"https:\/\/www.honlufoodtrailer.com\/product\/customized-5-8m-coffee-trailer\/#breadcrumb","itemListElement":[{"@type":"ListItem","position":1,"name":"Home","item":"https:\/\/www.honlufoodtrailer.com\/"},{"@type":"ListItem","position":2,"name":"\u4ea7\u54c1","item":"https:\/\/www.honlufoodtrailer.com\/shop\/"},{"@type":"ListItem","position":3,"name":"Customized 5.8M coffee trailer"}]},{"@type":"WebSite","@id":"https:\/\/www.honlufoodtrailer.com\/#website","url":"https:\/\/www.honlufoodtrailer.com\/","name":"Prikolica za hranu Honlu","description":"","publisher":{"@id":"https:\/\/www.honlufoodtrailer.com\/#organization"},"potentialAction":[{"@type":"SearchAction","target":{"@type":"EntryPoint","urlTemplate":"https:\/\/www.honlufoodtrailer.com\/?s={search_term_string}"},"query-input":{"@type":"PropertyValueSpecification","valueRequired":true,"valueName":"search_term_string"}}],"inLanguage":"hr"},{"@type":"Organization","@id":"https:\/\/www.honlufoodtrailer.com\/#organization","name":"Prikolica za hranu Honlu","url":"https:\/\/www.honlufoodtrailer.com\/","logo":{"@type":"ImageObject","inLanguage":"hr","@id":"https:\/\/www.honlufoodtrailer.com\/#\/schema\/logo\/image\/","url":"https:\/\/www.honlufoodtrailer.com\/wp-content\/uploads\/2021\/12\/2.gif","contentUrl":"https:\/\/www.honlufoodtrailer.com\/wp-content\/uploads\/2021\/12\/2.gif","width":350,"height":100,"caption":"Honlu food trailer"},"image":{"@id":"https:\/\/www.honlufoodtrailer.com\/#\/schema\/logo\/image\/"}}]}},"_links":{"self":[{"href":"https:\/\/www.honlufoodtrailer.com\/hr\/wp-json\/wp\/v2\/product\/3502","targetHints":{"allow":["GET"]}}],"collection":[{"href":"https:\/\/www.honlufoodtrailer.com\/hr\/wp-json\/wp\/v2\/product"}],"about":[{"href":"https:\/\/www.honlufoodtrailer.com\/hr\/wp-json\/wp\/v2\/types\/product"}],"version-history":[{"count":0,"href":"https:\/\/www.honlufoodtrailer.com\/hr\/wp-json\/wp\/v2\/product\/3502\/revisions"}],"wp:featuredmedia":[{"embeddable":true,"href":"https:\/\/www.honlufoodtrailer.com\/hr\/wp-json\/wp\/v2\/media\/3503"}],"wp:attachment":[{"href":"https:\/\/www.honlufoodtrailer.com\/hr\/wp-json\/wp\/v2\/media?parent=3502"}],"wp:term":[{"taxonomy":"product_brand","embeddable":true,"href":"https:\/\/www.honlufoodtrailer.com\/hr\/wp-json\/wp\/v2\/product_brand?post=3502"},{"taxonomy":"product_cat","embeddable":true,"href":"https:\/\/www.honlufoodtrailer.com\/hr\/wp-json\/wp\/v2\/product_cat?post=3502"},{"taxonomy":"product_tag","embeddable":true,"href":"https:\/\/www.honlufoodtrailer.com\/hr\/wp-json\/wp\/v2\/product_tag?post=3502"}],"curies":[{"name":"wp","href":"https:\/\/api.w.org\/{rel}","templated":true}]}}