{"id":4113,"date":"2022-04-01T09:31:11","date_gmt":"2022-04-01T01:31:11","guid":{"rendered":"https:\/\/www.honlufoodtrailer.com\/?post_type=product&#038;p=4113"},"modified":"2024-10-28T17:38:40","modified_gmt":"2024-10-28T09:38:40","slug":"australian-custom-5m-square-food-trailer","status":"publish","type":"product","link":"https:\/\/www.honlufoodtrailer.com\/hr\/product\/australian-custom-5m-square-food-trailer\/","title":{"rendered":"Australska prilago\u0111ena \u010detvrtasta prikolica za hranu od 5M"},"content":{"rendered":"<p>Ovo je prilago\u0111ena \u010detvrtasta prikolica za hranu od na\u0161eg australskog kupca. Prednji dio je dizajniran s otvorenim prozorom za poslu\u017eivanje, gornji reklamni pano i stra\u017enja naljepnica prilago\u0111eni su kupcu, a kuhinjska oprema unutra tako\u0111er je prilago\u0111ena zahtjevima kupca. Cijela prikolica u potpunosti je u skladu sa zakonima i propisima u Australiji i savr\u0161en je model za pokretanje posla s mobilnim prikolicama za hranu.<\/p>\n<p>Prozor za poslu\u017eivanje na prednjoj strani ima otvoreni dizajn, a kada se prozor otvori, ispod se mo\u017ee formirati plo\u010da stola. Oko prednjeg prozora i okvira automobila dodana su svjetla. Na dva gornja kuta nalaze se dva zvu\u010dnika, a prikolica za hranu mo\u017ee se pretvoriti i u glazbeni bar.<\/p>\n<figure id=\"attachment_4117\" aria-describedby=\"caption-attachment-4117\" style=\"width: 1440px\" class=\"wp-caption alignnone\"><img fetchpriority=\"high\" decoding=\"async\" class=\"size-full wp-image-4117\" src=\"https:\/\/www.honlufoodtrailer.com\/wp-content\/uploads\/2022\/04\/Service-window-design.jpg\" alt=\"Dizajn prozora za usluge\" width=\"1440\" height=\"540\" srcset=\"https:\/\/www.honlufoodtrailer.com\/wp-content\/uploads\/2022\/04\/Service-window-design.jpg 1440w, https:\/\/www.honlufoodtrailer.com\/wp-content\/uploads\/2022\/04\/Service-window-design-768x288.jpg 768w, https:\/\/www.honlufoodtrailer.com\/wp-content\/uploads\/2022\/04\/Service-window-design-480x180.jpg 480w, https:\/\/www.honlufoodtrailer.com\/wp-content\/uploads\/2022\/04\/Service-window-design-300x113.jpg 300w, https:\/\/www.honlufoodtrailer.com\/wp-content\/uploads\/2022\/04\/Service-window-design-720x270.jpg 720w\" sizes=\"(max-width: 1440px) 100vw, 1440px\" \/><figcaption id=\"caption-attachment-4117\" class=\"wp-caption-text\">Dizajn prozora za usluge<\/figcaption><\/figure>\n<p>Prilago\u0111eni reklamni pano na vrhu prikolice: \u201cChef B.Marie\u201d i odgovaraju\u0107a naljepnica na stra\u017enjoj strani. Neki na\u0161i klijenti izra\u0111uju i naljepnice za cijelo tijelo i reklamne panoe u vi\u0161e smjerova kako bi maksimizirali promociju svojih prikolica s hranom.<\/p>\n<figure id=\"attachment_4114\" aria-describedby=\"caption-attachment-4114\" style=\"width: 720px\" class=\"wp-caption aligncenter\"><img decoding=\"async\" class=\"size-full wp-image-4114\" src=\"https:\/\/www.honlufoodtrailer.com\/wp-content\/uploads\/2022\/04\/Top-billboardSticker.jpg\" alt=\"Vrhunski billboard i naljepnica\" width=\"720\" height=\"540\" srcset=\"https:\/\/www.honlufoodtrailer.com\/wp-content\/uploads\/2022\/04\/Top-billboardSticker.jpg 720w, https:\/\/www.honlufoodtrailer.com\/wp-content\/uploads\/2022\/04\/Top-billboardSticker-480x360.jpg 480w, https:\/\/www.honlufoodtrailer.com\/wp-content\/uploads\/2022\/04\/Top-billboardSticker-300x225.jpg 300w\" sizes=\"(max-width: 720px) 100vw, 720px\" \/><figcaption id=\"caption-attachment-4114\" class=\"wp-caption-text\">Vrhunski billboard i naljepnica<\/figcaption><\/figure>\n<p>Oprema unutar prikolice za hranu izra\u0111ena je od nehr\u0111aju\u0107eg \u010delika i prilago\u0111ena je potrebama kupaca, uklju\u010duju\u0107i \u010detiri prilago\u0111ena sudopera, fritezu, ro\u0161tilj, napu itd. \u017deljeli bismo kupiti i druge vrste opreme prema potrebama kupaca.<\/p>\n<figure id=\"attachment_4116\" aria-describedby=\"caption-attachment-4116\" style=\"width: 1440px\" class=\"wp-caption alignnone\"><img decoding=\"async\" class=\"size-full wp-image-4116\" src=\"https:\/\/www.honlufoodtrailer.com\/wp-content\/uploads\/2022\/04\/Equipment-inside.jpg\" alt=\"Oprema unutra\" width=\"1440\" height=\"540\" srcset=\"https:\/\/www.honlufoodtrailer.com\/wp-content\/uploads\/2022\/04\/Equipment-inside.jpg 1440w, https:\/\/www.honlufoodtrailer.com\/wp-content\/uploads\/2022\/04\/Equipment-inside-768x288.jpg 768w, https:\/\/www.honlufoodtrailer.com\/wp-content\/uploads\/2022\/04\/Equipment-inside-480x180.jpg 480w, https:\/\/www.honlufoodtrailer.com\/wp-content\/uploads\/2022\/04\/Equipment-inside-300x113.jpg 300w, https:\/\/www.honlufoodtrailer.com\/wp-content\/uploads\/2022\/04\/Equipment-inside-720x270.jpg 720w\" sizes=\"(max-width: 1440px) 100vw, 1440px\" \/><figcaption id=\"caption-attachment-4116\" class=\"wp-caption-text\">Oprema unutra<\/figcaption><\/figure>\n<p>Veliku pozornost posve\u0107ujemo detaljima na\u0161ih proizvoda, uklju\u010duju\u0107i specifikacije guma, \u0161asije koje zadovoljavaju zahtjeve razli\u010ditih zemalja, dizalice, prilago\u0111ene spojne utika\u010de i tako dalje. Svi detalji su isklju\u010divo za zadovoljstvo kupaca.<\/p>\n<figure id=\"attachment_4115\" aria-describedby=\"caption-attachment-4115\" style=\"width: 720px\" class=\"wp-caption aligncenter\"><img loading=\"lazy\" decoding=\"async\" class=\"size-full wp-image-4115\" src=\"https:\/\/www.honlufoodtrailer.com\/wp-content\/uploads\/2022\/04\/Detail-image.jpg\" alt=\"Detaljna slika\" width=\"720\" height=\"540\" srcset=\"https:\/\/www.honlufoodtrailer.com\/wp-content\/uploads\/2022\/04\/Detail-image.jpg 720w, https:\/\/www.honlufoodtrailer.com\/wp-content\/uploads\/2022\/04\/Detail-image-480x360.jpg 480w, https:\/\/www.honlufoodtrailer.com\/wp-content\/uploads\/2022\/04\/Detail-image-300x225.jpg 300w\" sizes=\"(max-width: 720px) 100vw, 720px\" \/><figcaption id=\"caption-attachment-4115\" class=\"wp-caption-text\">Detaljna slika<\/figcaption><\/figure>\n<p>To je preferirani model za pokretanje brze hrane, narud\u017ebe na veliko u trgova\u010dkim centrima, objedinjeno upravljanje uli\u010dnom brzom hranom i obiteljske piknike. Tako\u0111er se mo\u017ee primijeniti za prodaju bilo \u010dega, od hot dogova, maloprodaje, cvje\u0107arstva, sendvi\u010da, kave, sladoleda itd. Imamo CE certifikat kako bismo vam pomogli u pokretanju mobilnog poslovanja.<\/p>\n<h3 class=\"magic-6\" data-spm-anchor-id=\"a2700.wholesale.0.i28.29e52808agqc7f\">Glavne zna\u010dajke kvadratne prikolice za hranu<\/h3>\n<div class=\"magic-7\">\n<div class=\"magic-8\">\n<div class=\"magic-9\" data-id=\"paragraph0\">\n<ol>\n<li>Svi vrhunski reklamni panoi, naljepnice za karoseriju, stilovi prikolica mogu se prilagoditi;<\/li>\n<li>Karoserija i unutarnja struktura prikolice od nehr\u0111aju\u0107eg \u010delika, dobra otpornost na toplinu, otpornost na habanje, otpornost na koroziju;<\/li>\n<li>Moderna i napredna dodatna oprema opremljena u mobilnoj prikolici za hranu;<\/li>\n<li>Otporan je na udarce i te\u0161ko korodira, ima visoku otpornost na toplinu i \u010dvrsto\u0107u, visoku postojanost boje, ne deformira se, vodootporan je i ima dug vijek trajanja;<\/li>\n<li>Drago nam je da ga mo\u017eemo modificirati prema va\u0161im zahtjevima.<\/li>\n<\/ol>\n<h3>Besplatni 2D\/3D crte\u017e tlocrta<\/h3>\n<p>Nakon \u0161to potvrdimo dimenzije prikolice za hranu i unutarnje kuhinjske opreme, mo\u017eemo vam besplatno dostaviti 3D crte\u017ee. To \u0107e vam dati jasniju predod\u017ebu o va\u0161em dizajnu i va\u0161im kolicima za hranu. Prilikom potvrde lokacije kuhinjske opreme, mo\u017eemo jasno komunicirati s vama putem tlocrta. Tako\u0111er vam mo\u017eemo dostaviti originalne dokumente kako bismo vam olak\u0161ali dizajn i napravili prilagodbe.<\/p>\n<\/div>\n<\/div>\n<\/div>","protected":false},"excerpt":{"rendered":"<p data-spm-anchor-id=\"a2700.wholesale.0.i28.29e52808agqc7f\">Ovo je prilago\u0111ena \u010detvrtasta prikolica za hranu od na\u0161eg australskog kupca. Prednji dio je dizajniran s otvorenim prozorom za poslu\u017eivanje, gornji reklamni pano i stra\u017enja naljepnica prilago\u0111eni su kupcu, a kuhinjska oprema unutra tako\u0111er je prilago\u0111ena zahtjevima kupca. Cijela prikolica u potpunosti je u skladu sa zakonima i propisima u Australiji i savr\u0161en je model za pokretanje posla s mobilnim prikolicama za hranu.<\/p>","protected":false},"featured_media":4118,"template":"","meta":{"_themeisle_gutenberg_block_has_review":false},"product_brand":[],"product_cat":[26],"product_tag":[53,33,41,38,52],"class_list":{"0":"post-4113","1":"product","2":"type-product","3":"status-publish","4":"has-post-thumbnail","6":"product_cat-product","7":"product_tag-customized-sinks","8":"product_tag-customized-trailer","9":"product_tag-galvanized-trailer","10":"product_tag-mobile-food-trailer","11":"product_tag-personalized-billboard","13":"first","14":"instock","15":"shipping-taxable","16":"product-type-simple"},"yoast_head":"<!-- This site is optimized with the Yoast SEO plugin v27.5 - https:\/\/yoast.com\/product\/yoast-seo-wordpress\/ -->\n<title>Australian custom 5M square food trailer - Honlu food trailer<\/title>\n<meta name=\"description\" content=\"This is a custom square food trailer from our Australian customer. The front is designed with an open service window, the top billboard and the back sticker are customized by the customer, and the kitchen equipment inside is also customized according to customer requirements. The entire trailer fully complies with the laws and regulations in Australia and is the perfect model to start a mobile food trailer business.\" \/>\n<meta name=\"robots\" content=\"index, follow, max-snippet:-1, max-image-preview:large, max-video-preview:-1\" \/>\n<link rel=\"canonical\" href=\"https:\/\/www.honlufoodtrailer.com\/hr\/product\/australian-custom-5m-square-food-trailer\/\" \/>\n<meta property=\"og:locale\" content=\"hr_HR\" \/>\n<meta property=\"og:type\" content=\"article\" \/>\n<meta property=\"og:title\" content=\"Australian custom 5M square food trailer - Honlu food trailer\" \/>\n<meta property=\"og:description\" content=\"This is a custom square food trailer from our Australian customer. The front is designed with an open service window, the top billboard and the back sticker are customized by the customer, and the kitchen equipment inside is also customized according to customer requirements. The entire trailer fully complies with the laws and regulations in Australia and is the perfect model to start a mobile food trailer business.\" \/>\n<meta property=\"og:url\" content=\"https:\/\/www.honlufoodtrailer.com\/hr\/product\/australian-custom-5m-square-food-trailer\/\" \/>\n<meta property=\"og:site_name\" content=\"Honlu food trailer\" \/>\n<meta property=\"article:modified_time\" content=\"2024-10-28T09:38:40+00:00\" \/>\n<meta property=\"og:image\" content=\"https:\/\/www.honlufoodtrailer.com\/wp-content\/uploads\/2022\/04\/Australian-custom-5M-square-food-trailer-1.jpg\" \/>\n\t<meta property=\"og:image:width\" content=\"720\" \/>\n\t<meta property=\"og:image:height\" content=\"540\" \/>\n\t<meta property=\"og:image:type\" content=\"image\/jpeg\" \/>\n<meta name=\"twitter:card\" content=\"summary_large_image\" \/>\n<meta name=\"twitter:label1\" content=\"Procijenjeno vrijeme \u010ditanja\" \/>\n\t<meta name=\"twitter:data1\" content=\"3 minute\" \/>\n<script type=\"application\/ld+json\" class=\"yoast-schema-graph\">{\"@context\":\"https:\\\/\\\/schema.org\",\"@graph\":[{\"@type\":\"WebPage\",\"@id\":\"https:\\\/\\\/www.honlufoodtrailer.com\\\/product\\\/australian-custom-5m-square-food-trailer\\\/\",\"url\":\"https:\\\/\\\/www.honlufoodtrailer.com\\\/product\\\/australian-custom-5m-square-food-trailer\\\/\",\"name\":\"Australian custom 5M square food trailer - Honlu food trailer\",\"isPartOf\":{\"@id\":\"https:\\\/\\\/www.honlufoodtrailer.com\\\/#website\"},\"primaryImageOfPage\":{\"@id\":\"https:\\\/\\\/www.honlufoodtrailer.com\\\/product\\\/australian-custom-5m-square-food-trailer\\\/#primaryimage\"},\"image\":{\"@id\":\"https:\\\/\\\/www.honlufoodtrailer.com\\\/product\\\/australian-custom-5m-square-food-trailer\\\/#primaryimage\"},\"thumbnailUrl\":\"https:\\\/\\\/www.honlufoodtrailer.com\\\/wp-content\\\/uploads\\\/2022\\\/04\\\/Australian-custom-5M-square-food-trailer-1.jpg\",\"datePublished\":\"2022-04-01T01:31:11+00:00\",\"dateModified\":\"2024-10-28T09:38:40+00:00\",\"description\":\"This is a custom square food trailer from our Australian customer. The front is designed with an open service window, the top billboard and the back sticker are customized by the customer, and the kitchen equipment inside is also customized according to customer requirements. The entire trailer fully complies with the laws and regulations in Australia and is the perfect model to start a mobile food trailer business.\",\"breadcrumb\":{\"@id\":\"https:\\\/\\\/www.honlufoodtrailer.com\\\/product\\\/australian-custom-5m-square-food-trailer\\\/#breadcrumb\"},\"inLanguage\":\"hr\",\"potentialAction\":[{\"@type\":\"ReadAction\",\"target\":[\"https:\\\/\\\/www.honlufoodtrailer.com\\\/product\\\/australian-custom-5m-square-food-trailer\\\/\"]}]},{\"@type\":\"ImageObject\",\"inLanguage\":\"hr\",\"@id\":\"https:\\\/\\\/www.honlufoodtrailer.com\\\/product\\\/australian-custom-5m-square-food-trailer\\\/#primaryimage\",\"url\":\"https:\\\/\\\/www.honlufoodtrailer.com\\\/wp-content\\\/uploads\\\/2022\\\/04\\\/Australian-custom-5M-square-food-trailer-1.jpg\",\"contentUrl\":\"https:\\\/\\\/www.honlufoodtrailer.com\\\/wp-content\\\/uploads\\\/2022\\\/04\\\/Australian-custom-5M-square-food-trailer-1.jpg\",\"width\":720,\"height\":540,\"caption\":\"Australian custom 5M square food trailer (1)\"},{\"@type\":\"BreadcrumbList\",\"@id\":\"https:\\\/\\\/www.honlufoodtrailer.com\\\/product\\\/australian-custom-5m-square-food-trailer\\\/#breadcrumb\",\"itemListElement\":[{\"@type\":\"ListItem\",\"position\":1,\"name\":\"Home\",\"item\":\"https:\\\/\\\/www.honlufoodtrailer.com\\\/\"},{\"@type\":\"ListItem\",\"position\":2,\"name\":\"\u4ea7\u54c1\",\"item\":\"https:\\\/\\\/www.honlufoodtrailer.com\\\/shop\\\/\"},{\"@type\":\"ListItem\",\"position\":3,\"name\":\"Australian custom 5M square food trailer\"}]},{\"@type\":\"WebSite\",\"@id\":\"https:\\\/\\\/www.honlufoodtrailer.com\\\/#website\",\"url\":\"https:\\\/\\\/www.honlufoodtrailer.com\\\/\",\"name\":\"Honlu food trailer\",\"description\":\"\",\"publisher\":{\"@id\":\"https:\\\/\\\/www.honlufoodtrailer.com\\\/#organization\"},\"potentialAction\":[{\"@type\":\"SearchAction\",\"target\":{\"@type\":\"EntryPoint\",\"urlTemplate\":\"https:\\\/\\\/www.honlufoodtrailer.com\\\/?s={search_term_string}\"},\"query-input\":{\"@type\":\"PropertyValueSpecification\",\"valueRequired\":true,\"valueName\":\"search_term_string\"}}],\"inLanguage\":\"hr\"},{\"@type\":\"Organization\",\"@id\":\"https:\\\/\\\/www.honlufoodtrailer.com\\\/#organization\",\"name\":\"Honlu food trailer\",\"url\":\"https:\\\/\\\/www.honlufoodtrailer.com\\\/\",\"logo\":{\"@type\":\"ImageObject\",\"inLanguage\":\"hr\",\"@id\":\"https:\\\/\\\/www.honlufoodtrailer.com\\\/#\\\/schema\\\/logo\\\/image\\\/\",\"url\":\"https:\\\/\\\/www.honlufoodtrailer.com\\\/wp-content\\\/uploads\\\/2021\\\/12\\\/2.gif\",\"contentUrl\":\"https:\\\/\\\/www.honlufoodtrailer.com\\\/wp-content\\\/uploads\\\/2021\\\/12\\\/2.gif\",\"width\":350,\"height\":100,\"caption\":\"Honlu food trailer\"},\"image\":{\"@id\":\"https:\\\/\\\/www.honlufoodtrailer.com\\\/#\\\/schema\\\/logo\\\/image\\\/\"}}]}<\/script>\n<!-- \/ Yoast SEO plugin. -->","yoast_head_json":{"title":"Australska prilago\u0111ena \u010detvrtasta prikolica za hranu od 5M - Honlu prikolica za hranu","description":"Ovo je prilago\u0111ena \u010detvrtasta prikolica za hranu od na\u0161eg australskog kupca. Prednji dio je dizajniran s otvorenim prozorom za poslu\u017eivanje, gornji reklamni pano i stra\u017enja naljepnica prilago\u0111eni su kupcu, a kuhinjska oprema unutra tako\u0111er je prilago\u0111ena zahtjevima kupca. Cijela prikolica u potpunosti je u skladu sa zakonima i propisima u Australiji i savr\u0161en je model za pokretanje posla s mobilnim prikolicama za hranu.","robots":{"index":"index","follow":"follow","max-snippet":"max-snippet:-1","max-image-preview":"max-image-preview:large","max-video-preview":"max-video-preview:-1"},"canonical":"https:\/\/www.honlufoodtrailer.com\/hr\/product\/australian-custom-5m-square-food-trailer\/","og_locale":"hr_HR","og_type":"article","og_title":"Australian custom 5M square food trailer - Honlu food trailer","og_description":"This is a custom square food trailer from our Australian customer. The front is designed with an open service window, the top billboard and the back sticker are customized by the customer, and the kitchen equipment inside is also customized according to customer requirements. The entire trailer fully complies with the laws and regulations in Australia and is the perfect model to start a mobile food trailer business.","og_url":"https:\/\/www.honlufoodtrailer.com\/hr\/product\/australian-custom-5m-square-food-trailer\/","og_site_name":"Honlu food trailer","article_modified_time":"2024-10-28T09:38:40+00:00","og_image":[{"width":720,"height":540,"url":"https:\/\/www.honlufoodtrailer.com\/wp-content\/uploads\/2022\/04\/Australian-custom-5M-square-food-trailer-1.jpg","type":"image\/jpeg"}],"twitter_card":"summary_large_image","twitter_misc":{"Procijenjeno vrijeme \u010ditanja":"3 minute"},"schema":{"@context":"https:\/\/schema.org","@graph":[{"@type":"WebPage","@id":"https:\/\/www.honlufoodtrailer.com\/product\/australian-custom-5m-square-food-trailer\/","url":"https:\/\/www.honlufoodtrailer.com\/product\/australian-custom-5m-square-food-trailer\/","name":"Australska prilago\u0111ena \u010detvrtasta prikolica za hranu od 5M - Honlu prikolica za hranu","isPartOf":{"@id":"https:\/\/www.honlufoodtrailer.com\/#website"},"primaryImageOfPage":{"@id":"https:\/\/www.honlufoodtrailer.com\/product\/australian-custom-5m-square-food-trailer\/#primaryimage"},"image":{"@id":"https:\/\/www.honlufoodtrailer.com\/product\/australian-custom-5m-square-food-trailer\/#primaryimage"},"thumbnailUrl":"https:\/\/www.honlufoodtrailer.com\/wp-content\/uploads\/2022\/04\/Australian-custom-5M-square-food-trailer-1.jpg","datePublished":"2022-04-01T01:31:11+00:00","dateModified":"2024-10-28T09:38:40+00:00","description":"Ovo je prilago\u0111ena \u010detvrtasta prikolica za hranu od na\u0161eg australskog kupca. Prednji dio je dizajniran s otvorenim prozorom za poslu\u017eivanje, gornji reklamni pano i stra\u017enja naljepnica prilago\u0111eni su kupcu, a kuhinjska oprema unutra tako\u0111er je prilago\u0111ena zahtjevima kupca. Cijela prikolica u potpunosti je u skladu sa zakonima i propisima u Australiji i savr\u0161en je model za pokretanje posla s mobilnim prikolicama za hranu.","breadcrumb":{"@id":"https:\/\/www.honlufoodtrailer.com\/product\/australian-custom-5m-square-food-trailer\/#breadcrumb"},"inLanguage":"hr","potentialAction":[{"@type":"ReadAction","target":["https:\/\/www.honlufoodtrailer.com\/product\/australian-custom-5m-square-food-trailer\/"]}]},{"@type":"ImageObject","inLanguage":"hr","@id":"https:\/\/www.honlufoodtrailer.com\/product\/australian-custom-5m-square-food-trailer\/#primaryimage","url":"https:\/\/www.honlufoodtrailer.com\/wp-content\/uploads\/2022\/04\/Australian-custom-5M-square-food-trailer-1.jpg","contentUrl":"https:\/\/www.honlufoodtrailer.com\/wp-content\/uploads\/2022\/04\/Australian-custom-5M-square-food-trailer-1.jpg","width":720,"height":540,"caption":"Australian custom 5M square food trailer (1)"},{"@type":"BreadcrumbList","@id":"https:\/\/www.honlufoodtrailer.com\/product\/australian-custom-5m-square-food-trailer\/#breadcrumb","itemListElement":[{"@type":"ListItem","position":1,"name":"Home","item":"https:\/\/www.honlufoodtrailer.com\/"},{"@type":"ListItem","position":2,"name":"\u4ea7\u54c1","item":"https:\/\/www.honlufoodtrailer.com\/shop\/"},{"@type":"ListItem","position":3,"name":"Australian custom 5M square food trailer"}]},{"@type":"WebSite","@id":"https:\/\/www.honlufoodtrailer.com\/#website","url":"https:\/\/www.honlufoodtrailer.com\/","name":"Prikolica za hranu Honlu","description":"","publisher":{"@id":"https:\/\/www.honlufoodtrailer.com\/#organization"},"potentialAction":[{"@type":"SearchAction","target":{"@type":"EntryPoint","urlTemplate":"https:\/\/www.honlufoodtrailer.com\/?s={search_term_string}"},"query-input":{"@type":"PropertyValueSpecification","valueRequired":true,"valueName":"search_term_string"}}],"inLanguage":"hr"},{"@type":"Organization","@id":"https:\/\/www.honlufoodtrailer.com\/#organization","name":"Prikolica za hranu Honlu","url":"https:\/\/www.honlufoodtrailer.com\/","logo":{"@type":"ImageObject","inLanguage":"hr","@id":"https:\/\/www.honlufoodtrailer.com\/#\/schema\/logo\/image\/","url":"https:\/\/www.honlufoodtrailer.com\/wp-content\/uploads\/2021\/12\/2.gif","contentUrl":"https:\/\/www.honlufoodtrailer.com\/wp-content\/uploads\/2021\/12\/2.gif","width":350,"height":100,"caption":"Honlu food trailer"},"image":{"@id":"https:\/\/www.honlufoodtrailer.com\/#\/schema\/logo\/image\/"}}]}},"_links":{"self":[{"href":"https:\/\/www.honlufoodtrailer.com\/hr\/wp-json\/wp\/v2\/product\/4113","targetHints":{"allow":["GET"]}}],"collection":[{"href":"https:\/\/www.honlufoodtrailer.com\/hr\/wp-json\/wp\/v2\/product"}],"about":[{"href":"https:\/\/www.honlufoodtrailer.com\/hr\/wp-json\/wp\/v2\/types\/product"}],"version-history":[{"count":0,"href":"https:\/\/www.honlufoodtrailer.com\/hr\/wp-json\/wp\/v2\/product\/4113\/revisions"}],"wp:featuredmedia":[{"embeddable":true,"href":"https:\/\/www.honlufoodtrailer.com\/hr\/wp-json\/wp\/v2\/media\/4118"}],"wp:attachment":[{"href":"https:\/\/www.honlufoodtrailer.com\/hr\/wp-json\/wp\/v2\/media?parent=4113"}],"wp:term":[{"taxonomy":"product_brand","embeddable":true,"href":"https:\/\/www.honlufoodtrailer.com\/hr\/wp-json\/wp\/v2\/product_brand?post=4113"},{"taxonomy":"product_cat","embeddable":true,"href":"https:\/\/www.honlufoodtrailer.com\/hr\/wp-json\/wp\/v2\/product_cat?post=4113"},{"taxonomy":"product_tag","embeddable":true,"href":"https:\/\/www.honlufoodtrailer.com\/hr\/wp-json\/wp\/v2\/product_tag?post=4113"}],"curies":[{"name":"wp","href":"https:\/\/api.w.org\/{rel}","templated":true}]}}