{"id":5239,"date":"2022-12-20T15:04:10","date_gmt":"2022-12-20T07:04:10","guid":{"rendered":"https:\/\/www.honlufoodtrailer.com\/?post_type=product&#038;p=5239"},"modified":"2024-05-08T15:00:04","modified_gmt":"2024-05-08T07:00:04","slug":"street-mobile-double-decker-coffee-food-trailer-fast-food-truck-for-sale","status":"publish","type":"product","link":"https:\/\/www.honlufoodtrailer.com\/hr\/product\/street-mobile-double-decker-coffee-food-trailer-fast-food-truck-for-sale\/","title":{"rendered":"Street mobile double decker coffee food trailer fast food truck for sale"},"content":{"rendered":"<p>This is a custom-made double decker food trailer from a customer in United States.<\/p>\n<p>Honlu dvokatna prikolica za hranu.<\/p>\n<p>Platforma s dvostrukim bo\u010dnim sklopom.<\/p>\n<p>Poluotvoreni kuhinjski prostor.<\/p>\n<p>Vi\u0161enamjenski mobilni kafi\u0107.<\/p>\n<p><img fetchpriority=\"high\" decoding=\"async\" class=\"alignnone size-full wp-image-5250\" src=\"https:\/\/www.honlufoodtrailer.com\/wp-content\/uploads\/2022\/12\/720\u00d7540-3-4.jpg\" alt=\"\" width=\"720\" height=\"540\" srcset=\"https:\/\/www.honlufoodtrailer.com\/wp-content\/uploads\/2022\/12\/720\u00d7540-3-4.jpg 720w, https:\/\/www.honlufoodtrailer.com\/wp-content\/uploads\/2022\/12\/720\u00d7540-3-4-480x360.jpg 480w, https:\/\/www.honlufoodtrailer.com\/wp-content\/uploads\/2022\/12\/720\u00d7540-3-4-300x225.jpg 300w\" sizes=\"(max-width: 720px) 100vw, 720px\" \/><\/p>\n<p>This is 3+1 sinks design. Also can customized single sinks, double sinks etc.<\/p>\n<p><img decoding=\"async\" class=\"alignnone size-full wp-image-5248\" src=\"https:\/\/www.honlufoodtrailer.com\/wp-content\/uploads\/2022\/12\/720\u00d7540-3-4.jpg\" alt=\"\" width=\"720\" height=\"540\" srcset=\"https:\/\/www.honlufoodtrailer.com\/wp-content\/uploads\/2022\/12\/720\u00d7540-3-4.jpg 720w, https:\/\/www.honlufoodtrailer.com\/wp-content\/uploads\/2022\/12\/720\u00d7540-3-4-480x360.jpg 480w, https:\/\/www.honlufoodtrailer.com\/wp-content\/uploads\/2022\/12\/720\u00d7540-3-4-300x225.jpg 300w\" sizes=\"(max-width: 720px) 100vw, 720px\" \/><\/p>\n<p>Honlu Dvokatna prikolica za hranu. Dvostrano sklopiva platforma. Poluotvoreni kuhinjski prostor. Vi\u0161enamjenski mobilni kafi\u0107.<\/p>\n<p><img decoding=\"async\" class=\"alignnone size-full wp-image-5242\" src=\"https:\/\/www.honlufoodtrailer.com\/wp-content\/uploads\/2022\/12\/720\u00d7540-3-4.jpg\" alt=\"\" width=\"720\" height=\"540\" srcset=\"https:\/\/www.honlufoodtrailer.com\/wp-content\/uploads\/2022\/12\/720\u00d7540-3-4.jpg 720w, https:\/\/www.honlufoodtrailer.com\/wp-content\/uploads\/2022\/12\/720\u00d7540-3-4-480x360.jpg 480w, https:\/\/www.honlufoodtrailer.com\/wp-content\/uploads\/2022\/12\/720\u00d7540-3-4-300x225.jpg 300w\" sizes=\"(max-width: 720px) 100vw, 720px\" \/><\/p>\n<p>Ovo je dizajn reflektora, mo\u017ee se osvijetliti no\u0107u, topao je i lijep.<\/p>\n<p><img loading=\"lazy\" decoding=\"async\" class=\"alignnone size-full wp-image-5249\" src=\"https:\/\/www.honlufoodtrailer.com\/wp-content\/uploads\/2022\/12\/720\u00d7540-3-4.jpg\" alt=\"\" width=\"720\" height=\"540\" srcset=\"https:\/\/www.honlufoodtrailer.com\/wp-content\/uploads\/2022\/12\/720\u00d7540-3-4.jpg 720w, https:\/\/www.honlufoodtrailer.com\/wp-content\/uploads\/2022\/12\/720\u00d7540-3-4-480x360.jpg 480w, https:\/\/www.honlufoodtrailer.com\/wp-content\/uploads\/2022\/12\/720\u00d7540-3-4-300x225.jpg 300w\" sizes=\"(max-width: 720px) 100vw, 720px\" \/><\/p>\n<p>&nbsp;<\/p>\n<p>&nbsp;<\/p>\n<h3 class=\"magic-6\" data-spm-anchor-id=\"a2700.wholesale.0.i28.29e52808agqc7f\">Glavne zna\u010dajke kvadratne prikolice za hranu<\/h3>\n<div class=\"magic-7\">\n<div class=\"magic-8\">\n<div class=\"magic-9\" data-id=\"paragraph0\">\n<ol>\n<li>Moderan izgled se mo\u017ee prilagoditi;<\/li>\n<li>Karoserija i unutarnja struktura prikolice od nehr\u0111aju\u0107eg \u010delika, dobra otpornost na toplinu, otpornost na habanje, otpornost na koroziju;<\/li>\n<li>Moderna i napredna dodatna oprema opremljena u mobilnoj prikolici za hranu;<\/li>\n<li>Otporan je na udarce i te\u0161ko korodira, ima visoku otpornost na toplinu i \u010dvrsto\u0107u, visoku postojanost boje, ne deformira se, vodootporan je i ima dug vijek trajanja;<\/li>\n<li>Drago nam je da ga mo\u017eemo modificirati prema va\u0161im zahtjevima.<\/li>\n<\/ol>\n<h3>Besplatni 2D\/3D crte\u017e tlocrta<\/h3>\n<p>Nakon \u0161to potvrdimo dimenzije prikolice za hranu i unutarnje kuhinjske opreme, mo\u017eemo vam besplatno dostaviti 3D crte\u017ee. To \u0107e vam dati jasniju predod\u017ebu o va\u0161em dizajnu i va\u0161im kolicima za hranu. Prilikom potvrde lokacije kuhinjske opreme, mo\u017eemo jasno komunicirati s vama putem tlocrta. Tako\u0111er vam mo\u017eemo dostaviti originalne dokumente kako bismo vam olak\u0161ali dizajn i napravili prilagodbe.<\/p>\n<\/div>\n<\/div>\n<\/div>","protected":false},"excerpt":{"rendered":"<p data-spm-anchor-id=\"a2700.wholesale.0.i28.29e52808agqc7f\">Ovo je jedna od na\u0161ih prilago\u0111enih petometarskih prikolica za hranu s potpuno opremljenom kuhinjom. Prednji dio vozila dizajniran je s velikim prozorom, opremljen integriranim nadstre\u0161nicom i stolom za poslu\u017eivanje. Prema potrebama kupaca, cijela prikolica je kompaktna i jednostavna za kori\u0161tenje. To je preferirani model za pokretanje mobilnog poslovanja s hranom.<\/p>","protected":false},"featured_media":5240,"template":"","meta":{"_themeisle_gutenberg_block_has_review":false},"product_brand":[],"product_cat":[26],"product_tag":[53,33,41,38,52],"class_list":{"0":"post-5239","1":"product","2":"type-product","3":"status-publish","4":"has-post-thumbnail","6":"product_cat-product","7":"product_tag-customized-sinks","8":"product_tag-customized-trailer","9":"product_tag-galvanized-trailer","10":"product_tag-mobile-food-trailer","11":"product_tag-personalized-billboard","13":"first","14":"instock","15":"shipping-taxable","16":"product-type-simple"},"yoast_head":"<!-- This site is optimized with the Yoast SEO plugin v27.5 - https:\/\/yoast.com\/product\/yoast-seo-wordpress\/ -->\n<title>Street mobile double decker coffee food trailer fast food truck for sale - Honlu food trailer<\/title>\n<meta name=\"description\" content=\"This is one of our custom-made six-meter food trailers with full kitchen. The front of the trailer is designed with straight open window, equipped with an integrated shelter and service table. According to customer needs, the whole trailer is compact and easy to use. It is the preferred model for starting the mobile food business.\" \/>\n<meta name=\"robots\" content=\"index, follow, max-snippet:-1, max-image-preview:large, max-video-preview:-1\" \/>\n<link rel=\"canonical\" href=\"https:\/\/www.honlufoodtrailer.com\/hr\/product\/street-mobile-double-decker-coffee-food-trailer-fast-food-truck-for-sale\/\" \/>\n<meta property=\"og:locale\" content=\"hr_HR\" \/>\n<meta property=\"og:type\" content=\"article\" \/>\n<meta property=\"og:title\" content=\"Street mobile double decker coffee food trailer fast food truck for sale - Honlu food trailer\" \/>\n<meta property=\"og:description\" content=\"This is one of our custom-made six-meter food trailers with full kitchen. The front of the trailer is designed with straight open window, equipped with an integrated shelter and service table. According to customer needs, the whole trailer is compact and easy to use. It is the preferred model for starting the mobile food business.\" \/>\n<meta property=\"og:url\" content=\"https:\/\/www.honlufoodtrailer.com\/hr\/product\/street-mobile-double-decker-coffee-food-trailer-fast-food-truck-for-sale\/\" \/>\n<meta property=\"og:site_name\" content=\"Honlu food trailer\" \/>\n<meta property=\"article:modified_time\" content=\"2024-05-08T07:00:04+00:00\" \/>\n<meta property=\"og:image\" content=\"https:\/\/www.honlufoodtrailer.com\/wp-content\/uploads\/2022\/12\/720\u00d7540-18.jpg\" \/>\n\t<meta property=\"og:image:width\" content=\"720\" \/>\n\t<meta property=\"og:image:height\" content=\"540\" \/>\n\t<meta property=\"og:image:type\" content=\"image\/jpeg\" \/>\n<meta name=\"twitter:card\" content=\"summary_large_image\" \/>\n<meta name=\"twitter:label1\" content=\"Procijenjeno vrijeme \u010ditanja\" \/>\n\t<meta name=\"twitter:data1\" content=\"3 minute\" \/>\n<script type=\"application\/ld+json\" class=\"yoast-schema-graph\">{\"@context\":\"https:\\\/\\\/schema.org\",\"@graph\":[{\"@type\":\"WebPage\",\"@id\":\"https:\\\/\\\/www.honlufoodtrailer.com\\\/product\\\/street-mobile-double-decker-coffee-food-trailer-fast-food-truck-for-sale\\\/\",\"url\":\"https:\\\/\\\/www.honlufoodtrailer.com\\\/product\\\/street-mobile-double-decker-coffee-food-trailer-fast-food-truck-for-sale\\\/\",\"name\":\"Street mobile double decker coffee food trailer fast food truck for sale - Honlu food trailer\",\"isPartOf\":{\"@id\":\"https:\\\/\\\/www.honlufoodtrailer.com\\\/#website\"},\"primaryImageOfPage\":{\"@id\":\"https:\\\/\\\/www.honlufoodtrailer.com\\\/product\\\/street-mobile-double-decker-coffee-food-trailer-fast-food-truck-for-sale\\\/#primaryimage\"},\"image\":{\"@id\":\"https:\\\/\\\/www.honlufoodtrailer.com\\\/product\\\/street-mobile-double-decker-coffee-food-trailer-fast-food-truck-for-sale\\\/#primaryimage\"},\"thumbnailUrl\":\"https:\\\/\\\/www.honlufoodtrailer.com\\\/wp-content\\\/uploads\\\/2022\\\/12\\\/720\u00d7540-18.jpg\",\"datePublished\":\"2022-12-20T07:04:10+00:00\",\"dateModified\":\"2024-05-08T07:00:04+00:00\",\"description\":\"This is one of our custom-made six-meter food trailers with full kitchen. The front of the trailer is designed with straight open window, equipped with an integrated shelter and service table. According to customer needs, the whole trailer is compact and easy to use. It is the preferred model for starting the mobile food business.\",\"breadcrumb\":{\"@id\":\"https:\\\/\\\/www.honlufoodtrailer.com\\\/product\\\/street-mobile-double-decker-coffee-food-trailer-fast-food-truck-for-sale\\\/#breadcrumb\"},\"inLanguage\":\"hr\",\"potentialAction\":[{\"@type\":\"ReadAction\",\"target\":[\"https:\\\/\\\/www.honlufoodtrailer.com\\\/product\\\/street-mobile-double-decker-coffee-food-trailer-fast-food-truck-for-sale\\\/\"]}]},{\"@type\":\"ImageObject\",\"inLanguage\":\"hr\",\"@id\":\"https:\\\/\\\/www.honlufoodtrailer.com\\\/product\\\/street-mobile-double-decker-coffee-food-trailer-fast-food-truck-for-sale\\\/#primaryimage\",\"url\":\"https:\\\/\\\/www.honlufoodtrailer.com\\\/wp-content\\\/uploads\\\/2022\\\/12\\\/720\u00d7540-18.jpg\",\"contentUrl\":\"https:\\\/\\\/www.honlufoodtrailer.com\\\/wp-content\\\/uploads\\\/2022\\\/12\\\/720\u00d7540-18.jpg\",\"width\":720,\"height\":540},{\"@type\":\"BreadcrumbList\",\"@id\":\"https:\\\/\\\/www.honlufoodtrailer.com\\\/product\\\/street-mobile-double-decker-coffee-food-trailer-fast-food-truck-for-sale\\\/#breadcrumb\",\"itemListElement\":[{\"@type\":\"ListItem\",\"position\":1,\"name\":\"Home\",\"item\":\"https:\\\/\\\/www.honlufoodtrailer.com\\\/\"},{\"@type\":\"ListItem\",\"position\":2,\"name\":\"\u4ea7\u54c1\",\"item\":\"https:\\\/\\\/www.honlufoodtrailer.com\\\/shop\\\/\"},{\"@type\":\"ListItem\",\"position\":3,\"name\":\"Street mobile double decker coffee food trailer fast food truck for sale\"}]},{\"@type\":\"WebSite\",\"@id\":\"https:\\\/\\\/www.honlufoodtrailer.com\\\/#website\",\"url\":\"https:\\\/\\\/www.honlufoodtrailer.com\\\/\",\"name\":\"Honlu food trailer\",\"description\":\"\",\"publisher\":{\"@id\":\"https:\\\/\\\/www.honlufoodtrailer.com\\\/#organization\"},\"potentialAction\":[{\"@type\":\"SearchAction\",\"target\":{\"@type\":\"EntryPoint\",\"urlTemplate\":\"https:\\\/\\\/www.honlufoodtrailer.com\\\/?s={search_term_string}\"},\"query-input\":{\"@type\":\"PropertyValueSpecification\",\"valueRequired\":true,\"valueName\":\"search_term_string\"}}],\"inLanguage\":\"hr\"},{\"@type\":\"Organization\",\"@id\":\"https:\\\/\\\/www.honlufoodtrailer.com\\\/#organization\",\"name\":\"Honlu food trailer\",\"url\":\"https:\\\/\\\/www.honlufoodtrailer.com\\\/\",\"logo\":{\"@type\":\"ImageObject\",\"inLanguage\":\"hr\",\"@id\":\"https:\\\/\\\/www.honlufoodtrailer.com\\\/#\\\/schema\\\/logo\\\/image\\\/\",\"url\":\"https:\\\/\\\/www.honlufoodtrailer.com\\\/wp-content\\\/uploads\\\/2021\\\/12\\\/2.gif\",\"contentUrl\":\"https:\\\/\\\/www.honlufoodtrailer.com\\\/wp-content\\\/uploads\\\/2021\\\/12\\\/2.gif\",\"width\":350,\"height\":100,\"caption\":\"Honlu food trailer\"},\"image\":{\"@id\":\"https:\\\/\\\/www.honlufoodtrailer.com\\\/#\\\/schema\\\/logo\\\/image\\\/\"}}]}<\/script>\n<!-- \/ Yoast SEO plugin. -->","yoast_head_json":{"title":"Street mobile double decker coffee food trailer fast food truck for sale - Honlu food trailer","description":"Ovo je jedna od na\u0161ih prilago\u0111enih \u0161estometarskih prikolica za hranu s potpuno opremljenom kuhinjom. Prednji dio prikolice dizajniran je s ravnim otvorenim prozorom, opremljen integriranim nadstre\u0161nicom i stolom za poslu\u017eivanje. Prema potrebama kupaca, cijela prikolica je kompaktna i jednostavna za kori\u0161tenje. To je preferirani model za pokretanje mobilnog poslovanja s hranom.","robots":{"index":"index","follow":"follow","max-snippet":"max-snippet:-1","max-image-preview":"max-image-preview:large","max-video-preview":"max-video-preview:-1"},"canonical":"https:\/\/www.honlufoodtrailer.com\/hr\/product\/street-mobile-double-decker-coffee-food-trailer-fast-food-truck-for-sale\/","og_locale":"hr_HR","og_type":"article","og_title":"Street mobile double decker coffee food trailer fast food truck for sale - Honlu food trailer","og_description":"This is one of our custom-made six-meter food trailers with full kitchen. The front of the trailer is designed with straight open window, equipped with an integrated shelter and service table. According to customer needs, the whole trailer is compact and easy to use. It is the preferred model for starting the mobile food business.","og_url":"https:\/\/www.honlufoodtrailer.com\/hr\/product\/street-mobile-double-decker-coffee-food-trailer-fast-food-truck-for-sale\/","og_site_name":"Honlu food trailer","article_modified_time":"2024-05-08T07:00:04+00:00","og_image":[{"width":720,"height":540,"url":"https:\/\/www.honlufoodtrailer.com\/wp-content\/uploads\/2022\/12\/720\u00d7540-18.jpg","type":"image\/jpeg"}],"twitter_card":"summary_large_image","twitter_misc":{"Procijenjeno vrijeme \u010ditanja":"3 minute"},"schema":{"@context":"https:\/\/schema.org","@graph":[{"@type":"WebPage","@id":"https:\/\/www.honlufoodtrailer.com\/product\/street-mobile-double-decker-coffee-food-trailer-fast-food-truck-for-sale\/","url":"https:\/\/www.honlufoodtrailer.com\/product\/street-mobile-double-decker-coffee-food-trailer-fast-food-truck-for-sale\/","name":"Street mobile double decker coffee food trailer fast food truck for sale - Honlu food trailer","isPartOf":{"@id":"https:\/\/www.honlufoodtrailer.com\/#website"},"primaryImageOfPage":{"@id":"https:\/\/www.honlufoodtrailer.com\/product\/street-mobile-double-decker-coffee-food-trailer-fast-food-truck-for-sale\/#primaryimage"},"image":{"@id":"https:\/\/www.honlufoodtrailer.com\/product\/street-mobile-double-decker-coffee-food-trailer-fast-food-truck-for-sale\/#primaryimage"},"thumbnailUrl":"https:\/\/www.honlufoodtrailer.com\/wp-content\/uploads\/2022\/12\/720\u00d7540-18.jpg","datePublished":"2022-12-20T07:04:10+00:00","dateModified":"2024-05-08T07:00:04+00:00","description":"Ovo je jedna od na\u0161ih prilago\u0111enih \u0161estometarskih prikolica za hranu s potpuno opremljenom kuhinjom. Prednji dio prikolice dizajniran je s ravnim otvorenim prozorom, opremljen integriranim nadstre\u0161nicom i stolom za poslu\u017eivanje. Prema potrebama kupaca, cijela prikolica je kompaktna i jednostavna za kori\u0161tenje. To je preferirani model za pokretanje mobilnog poslovanja s hranom.","breadcrumb":{"@id":"https:\/\/www.honlufoodtrailer.com\/product\/street-mobile-double-decker-coffee-food-trailer-fast-food-truck-for-sale\/#breadcrumb"},"inLanguage":"hr","potentialAction":[{"@type":"ReadAction","target":["https:\/\/www.honlufoodtrailer.com\/product\/street-mobile-double-decker-coffee-food-trailer-fast-food-truck-for-sale\/"]}]},{"@type":"ImageObject","inLanguage":"hr","@id":"https:\/\/www.honlufoodtrailer.com\/product\/street-mobile-double-decker-coffee-food-trailer-fast-food-truck-for-sale\/#primaryimage","url":"https:\/\/www.honlufoodtrailer.com\/wp-content\/uploads\/2022\/12\/720\u00d7540-18.jpg","contentUrl":"https:\/\/www.honlufoodtrailer.com\/wp-content\/uploads\/2022\/12\/720\u00d7540-18.jpg","width":720,"height":540},{"@type":"BreadcrumbList","@id":"https:\/\/www.honlufoodtrailer.com\/product\/street-mobile-double-decker-coffee-food-trailer-fast-food-truck-for-sale\/#breadcrumb","itemListElement":[{"@type":"ListItem","position":1,"name":"Home","item":"https:\/\/www.honlufoodtrailer.com\/"},{"@type":"ListItem","position":2,"name":"\u4ea7\u54c1","item":"https:\/\/www.honlufoodtrailer.com\/shop\/"},{"@type":"ListItem","position":3,"name":"Street mobile double decker coffee food trailer fast food truck for sale"}]},{"@type":"WebSite","@id":"https:\/\/www.honlufoodtrailer.com\/#website","url":"https:\/\/www.honlufoodtrailer.com\/","name":"Prikolica za hranu Honlu","description":"","publisher":{"@id":"https:\/\/www.honlufoodtrailer.com\/#organization"},"potentialAction":[{"@type":"SearchAction","target":{"@type":"EntryPoint","urlTemplate":"https:\/\/www.honlufoodtrailer.com\/?s={search_term_string}"},"query-input":{"@type":"PropertyValueSpecification","valueRequired":true,"valueName":"search_term_string"}}],"inLanguage":"hr"},{"@type":"Organization","@id":"https:\/\/www.honlufoodtrailer.com\/#organization","name":"Prikolica za hranu Honlu","url":"https:\/\/www.honlufoodtrailer.com\/","logo":{"@type":"ImageObject","inLanguage":"hr","@id":"https:\/\/www.honlufoodtrailer.com\/#\/schema\/logo\/image\/","url":"https:\/\/www.honlufoodtrailer.com\/wp-content\/uploads\/2021\/12\/2.gif","contentUrl":"https:\/\/www.honlufoodtrailer.com\/wp-content\/uploads\/2021\/12\/2.gif","width":350,"height":100,"caption":"Honlu food trailer"},"image":{"@id":"https:\/\/www.honlufoodtrailer.com\/#\/schema\/logo\/image\/"}}]}},"_links":{"self":[{"href":"https:\/\/www.honlufoodtrailer.com\/hr\/wp-json\/wp\/v2\/product\/5239","targetHints":{"allow":["GET"]}}],"collection":[{"href":"https:\/\/www.honlufoodtrailer.com\/hr\/wp-json\/wp\/v2\/product"}],"about":[{"href":"https:\/\/www.honlufoodtrailer.com\/hr\/wp-json\/wp\/v2\/types\/product"}],"version-history":[{"count":0,"href":"https:\/\/www.honlufoodtrailer.com\/hr\/wp-json\/wp\/v2\/product\/5239\/revisions"}],"wp:featuredmedia":[{"embeddable":true,"href":"https:\/\/www.honlufoodtrailer.com\/hr\/wp-json\/wp\/v2\/media\/5240"}],"wp:attachment":[{"href":"https:\/\/www.honlufoodtrailer.com\/hr\/wp-json\/wp\/v2\/media?parent=5239"}],"wp:term":[{"taxonomy":"product_brand","embeddable":true,"href":"https:\/\/www.honlufoodtrailer.com\/hr\/wp-json\/wp\/v2\/product_brand?post=5239"},{"taxonomy":"product_cat","embeddable":true,"href":"https:\/\/www.honlufoodtrailer.com\/hr\/wp-json\/wp\/v2\/product_cat?post=5239"},{"taxonomy":"product_tag","embeddable":true,"href":"https:\/\/www.honlufoodtrailer.com\/hr\/wp-json\/wp\/v2\/product_tag?post=5239"}],"curies":[{"name":"wp","href":"https:\/\/api.w.org\/{rel}","templated":true}]}}