{"id":5372,"date":"2023-11-05T14:48:59","date_gmt":"2023-11-05T06:48:59","guid":{"rendered":"https:\/\/www.honlufoodtrailer.com\/?post_type=product&#038;p=5372"},"modified":"2024-10-28T17:07:40","modified_gmt":"2024-10-28T09:07:40","slug":"street-using-fast-food-vintage-food-truck-new-style-food-trailer","status":"publish","type":"product","link":"https:\/\/www.honlufoodtrailer.com\/hr\/product\/street-using-fast-food-vintage-food-truck-new-style-food-trailer\/","title":{"rendered":"Ulica s brzom hranom Starinski kamion s hranom Nova prikolica za hranu u stilu"},"content":{"rendered":"<p>Kvadratna prikolica za hranu s prilago\u0111enim strojevima za brzu hranu.<br \/>\nPrilago\u0111ena veli\u010dina: duljina od 3 m do 11 m, prikolica za hranu duljina: 9,8 m, 13 m, 16 m, 20 m, 40 m.<\/p>\n<p>Prikolica za hranu na slici je dimenzija 4000*2000*2100 mm, 13 stopa*6,56 stopa*6,88 stopa, D*\u0160*V, ili prilago\u0111ena va\u0161em zahtjevu.<\/p>\n<p>Samo nam recite koliko \u0107e ljudi raditi u prikolici, u redu je.<\/p>\n<p><img fetchpriority=\"high\" decoding=\"async\" class=\"alignnone size-full wp-image-5373\" src=\"https:\/\/www.honlufoodtrailer.com\/wp-content\/uploads\/2023\/01\/720\u00d7540-6-6.jpg\" alt=\"\" width=\"720\" height=\"540\" srcset=\"https:\/\/www.honlufoodtrailer.com\/wp-content\/uploads\/2023\/01\/720\u00d7540-6-6.jpg 720w, https:\/\/www.honlufoodtrailer.com\/wp-content\/uploads\/2023\/01\/720\u00d7540-6-6-480x360.jpg 480w, https:\/\/www.honlufoodtrailer.com\/wp-content\/uploads\/2023\/01\/720\u00d7540-6-6-300x225.jpg 300w\" sizes=\"(max-width: 720px) 100vw, 720px\" \/><\/p>\n<p><b data-spm-anchor-id=\"a2700.details.0.i9.1018c40b3cIxOh\">BILJE\u0160KA:<\/b><\/p>\n<p>1. Veli\u010dina tijela nije fiksna, mo\u017eete imati svoju veli\u010dinu i dizajn. Prilagodba je dostupna;<\/p>\n<p>2. U slu\u010daju bilo kakvih nejasno\u0107a oko dizajna prikolice, slobodno nam se obratite;<\/p>\n<p>3. Mo\u017eemo vam pru\u017eiti 3D crte\u017ee kako biste mogli pregledati svoju prilago\u0111enu unutra\u0161njost prikolica za hranu.<\/p>\n<p><img decoding=\"async\" class=\"alignnone size-full wp-image-5379\" src=\"https:\/\/www.honlufoodtrailer.com\/wp-content\/uploads\/2023\/01\/720\u00d7540-8-1.jpg\" alt=\"\" width=\"720\" height=\"540\" srcset=\"https:\/\/www.honlufoodtrailer.com\/wp-content\/uploads\/2023\/01\/720\u00d7540-8-1.jpg 720w, https:\/\/www.honlufoodtrailer.com\/wp-content\/uploads\/2023\/01\/720\u00d7540-8-1-480x360.jpg 480w, https:\/\/www.honlufoodtrailer.com\/wp-content\/uploads\/2023\/01\/720\u00d7540-8-1-300x225.jpg 300w\" sizes=\"(max-width: 720px) 100vw, 720px\" \/><\/p>\n<p>Dizajn kliznih prozora s mre\u017eama za prozore mo\u017ee zadovoljiti potrebe kupaca za ugostiteljskim uslugama.<\/p>\n<p><img decoding=\"async\" class=\"alignnone size-full wp-image-5381\" src=\"https:\/\/www.honlufoodtrailer.com\/wp-content\/uploads\/2023\/01\/720\u00d7540-9-1.jpg\" alt=\"\" width=\"720\" height=\"540\" srcset=\"https:\/\/www.honlufoodtrailer.com\/wp-content\/uploads\/2023\/01\/720\u00d7540-9-1.jpg 720w, https:\/\/www.honlufoodtrailer.com\/wp-content\/uploads\/2023\/01\/720\u00d7540-9-1-480x360.jpg 480w, https:\/\/www.honlufoodtrailer.com\/wp-content\/uploads\/2023\/01\/720\u00d7540-9-1-300x225.jpg 300w\" sizes=\"(max-width: 720px) 100vw, 720px\" \/><\/p>\n<p>Dizajn s 3 umivaonika za vodu\u2014\u2014 Jednostruki umivaonik, dvostruki umivaonici, 3+1 umivaonik za vodu tako\u0111er se mogu prilagoditi va\u0161im zahtjevima.<\/p>\n<p><img loading=\"lazy\" decoding=\"async\" class=\"alignnone size-full wp-image-5380\" src=\"https:\/\/www.honlufoodtrailer.com\/wp-content\/uploads\/2023\/01\/720\u00d7540-7-1.jpg\" alt=\"\" width=\"720\" height=\"540\" srcset=\"https:\/\/www.honlufoodtrailer.com\/wp-content\/uploads\/2023\/01\/720\u00d7540-7-1.jpg 720w, https:\/\/www.honlufoodtrailer.com\/wp-content\/uploads\/2023\/01\/720\u00d7540-7-1-480x360.jpg 480w, https:\/\/www.honlufoodtrailer.com\/wp-content\/uploads\/2023\/01\/720\u00d7540-7-1-300x225.jpg 300w\" sizes=\"(max-width: 720px) 100vw, 720px\" \/><\/p>\n<p>&nbsp;<\/p>\n<h3 class=\"magic-6\" data-spm-anchor-id=\"a2700.wholesale.0.i28.29e52808agqc7f\">Glavne zna\u010dajke kvadratne prikolice za hranu<\/h3>\n<div class=\"magic-7\">\n<div class=\"magic-8\">\n<div class=\"magic-9\" data-id=\"paragraph0\">\n<ol>\n<li>Moderan izgled se mo\u017ee prilagoditi;<\/li>\n<li>Karoserija i unutarnja struktura prikolice od nehr\u0111aju\u0107eg \u010delika, dobra otpornost na toplinu, otpornost na habanje, otpornost na koroziju;<\/li>\n<li>Moderna i napredna dodatna oprema opremljena u mobilnoj prikolici za hranu;<\/li>\n<li>Otporan je na udarce i te\u0161ko korodira, ima visoku otpornost na toplinu i \u010dvrsto\u0107u, visoku postojanost boje, ne deformira se, vodootporan je i ima dug vijek trajanja;<\/li>\n<li>Drago nam je da ga mo\u017eemo modificirati prema va\u0161im zahtjevima.<\/li>\n<\/ol>\n<h3>Besplatni 2D\/3D crte\u017e tlocrta<\/h3>\n<p>Nakon \u0161to potvrdimo dimenzije prikolice za hranu i unutarnje kuhinjske opreme, mo\u017eemo vam besplatno dostaviti 3D crte\u017ee. To \u0107e vam dati jasniju predod\u017ebu o va\u0161em dizajnu i va\u0161im kolicima za hranu. Prilikom potvrde lokacije kuhinjske opreme, mo\u017eemo jasno komunicirati s vama putem tlocrta. Tako\u0111er vam mo\u017eemo dostaviti originalne dokumente kako bismo vam olak\u0161ali dizajn i napravili prilagodbe.<\/p>\n<\/div>\n<\/div>\n<\/div>","protected":false},"excerpt":{"rendered":"<p data-spm-anchor-id=\"a2700.wholesale.0.i28.29e52808agqc7f\">Ovo je jedna od na\u0161ih prilago\u0111enih prikolica za hranu od 4 m s potpuno opremljenom kuhinjom. To je preferirani model za pokretanje mobilnog poslovanja s hranom. Mo\u017eemo proizvesti sli\u010dnu prikolicu za hranu poput ove ili je prilagoditi za vas. Veli\u010dina, boja karoserije, naljepnice, signalizacija, kuhinjska oprema prikolice za hranu mogu se prilagoditi.<\/p>","protected":false},"featured_media":5374,"template":"","meta":{"_themeisle_gutenberg_block_has_review":false},"product_brand":[],"product_cat":[26],"product_tag":[53,33,41,38,52],"class_list":{"0":"post-5372","1":"product","2":"type-product","3":"status-publish","4":"has-post-thumbnail","6":"product_cat-product","7":"product_tag-customized-sinks","8":"product_tag-customized-trailer","9":"product_tag-galvanized-trailer","10":"product_tag-mobile-food-trailer","11":"product_tag-personalized-billboard","13":"first","14":"instock","15":"shipping-taxable","16":"product-type-simple"},"yoast_head":"<!-- This site is optimized with the Yoast SEO plugin v27.5 - https:\/\/yoast.com\/product\/yoast-seo-wordpress\/ -->\n<title>Street Using Fast Food Vintage Food Truck New Style Food Trailer - Honlu food trailer<\/title>\n<meta name=\"description\" content=\"This is one of our custom-made 4m food trailers with full kitchen. The front of the trailer is designed with straight open window, equipped with an integrated shelter and service table. According to customer needs, the whole trailer is compact and easy to use. It is the preferred model for starting the mobile food business.\" \/>\n<meta name=\"robots\" content=\"index, follow, max-snippet:-1, max-image-preview:large, max-video-preview:-1\" \/>\n<link rel=\"canonical\" href=\"https:\/\/www.honlufoodtrailer.com\/hr\/product\/street-using-fast-food-vintage-food-truck-new-style-food-trailer\/\" \/>\n<meta property=\"og:locale\" content=\"hr_HR\" \/>\n<meta property=\"og:type\" content=\"article\" \/>\n<meta property=\"og:title\" content=\"Street Using Fast Food Vintage Food Truck New Style Food Trailer - Honlu food trailer\" \/>\n<meta property=\"og:description\" content=\"This is one of our custom-made 4m food trailers with full kitchen. The front of the trailer is designed with straight open window, equipped with an integrated shelter and service table. According to customer needs, the whole trailer is compact and easy to use. It is the preferred model for starting the mobile food business.\" \/>\n<meta property=\"og:url\" content=\"https:\/\/www.honlufoodtrailer.com\/hr\/product\/street-using-fast-food-vintage-food-truck-new-style-food-trailer\/\" \/>\n<meta property=\"og:site_name\" content=\"Honlu food trailer\" \/>\n<meta property=\"article:modified_time\" content=\"2024-10-28T09:07:40+00:00\" \/>\n<meta property=\"og:image\" content=\"https:\/\/www.honlufoodtrailer.com\/wp-content\/uploads\/2023\/01\/720\u00d7540-1-2.jpg\" \/>\n\t<meta property=\"og:image:width\" content=\"720\" \/>\n\t<meta property=\"og:image:height\" content=\"540\" \/>\n\t<meta property=\"og:image:type\" content=\"image\/jpeg\" \/>\n<meta name=\"twitter:card\" content=\"summary_large_image\" \/>\n<meta name=\"twitter:label1\" content=\"Procijenjeno vrijeme \u010ditanja\" \/>\n\t<meta name=\"twitter:data1\" content=\"3 minute\" \/>\n<script type=\"application\/ld+json\" class=\"yoast-schema-graph\">{\"@context\":\"https:\\\/\\\/schema.org\",\"@graph\":[{\"@type\":\"WebPage\",\"@id\":\"https:\\\/\\\/www.honlufoodtrailer.com\\\/product\\\/street-using-fast-food-vintage-food-truck-new-style-food-trailer\\\/\",\"url\":\"https:\\\/\\\/www.honlufoodtrailer.com\\\/product\\\/street-using-fast-food-vintage-food-truck-new-style-food-trailer\\\/\",\"name\":\"Street Using Fast Food Vintage Food Truck New Style Food Trailer - Honlu food trailer\",\"isPartOf\":{\"@id\":\"https:\\\/\\\/www.honlufoodtrailer.com\\\/#website\"},\"primaryImageOfPage\":{\"@id\":\"https:\\\/\\\/www.honlufoodtrailer.com\\\/product\\\/street-using-fast-food-vintage-food-truck-new-style-food-trailer\\\/#primaryimage\"},\"image\":{\"@id\":\"https:\\\/\\\/www.honlufoodtrailer.com\\\/product\\\/street-using-fast-food-vintage-food-truck-new-style-food-trailer\\\/#primaryimage\"},\"thumbnailUrl\":\"https:\\\/\\\/www.honlufoodtrailer.com\\\/wp-content\\\/uploads\\\/2023\\\/01\\\/720\u00d7540-1-2.jpg\",\"datePublished\":\"2023-11-05T06:48:59+00:00\",\"dateModified\":\"2024-10-28T09:07:40+00:00\",\"description\":\"This is one of our custom-made 4m food trailers with full kitchen. The front of the trailer is designed with straight open window, equipped with an integrated shelter and service table. According to customer needs, the whole trailer is compact and easy to use. It is the preferred model for starting the mobile food business.\",\"breadcrumb\":{\"@id\":\"https:\\\/\\\/www.honlufoodtrailer.com\\\/product\\\/street-using-fast-food-vintage-food-truck-new-style-food-trailer\\\/#breadcrumb\"},\"inLanguage\":\"hr\",\"potentialAction\":[{\"@type\":\"ReadAction\",\"target\":[\"https:\\\/\\\/www.honlufoodtrailer.com\\\/product\\\/street-using-fast-food-vintage-food-truck-new-style-food-trailer\\\/\"]}]},{\"@type\":\"ImageObject\",\"inLanguage\":\"hr\",\"@id\":\"https:\\\/\\\/www.honlufoodtrailer.com\\\/product\\\/street-using-fast-food-vintage-food-truck-new-style-food-trailer\\\/#primaryimage\",\"url\":\"https:\\\/\\\/www.honlufoodtrailer.com\\\/wp-content\\\/uploads\\\/2023\\\/01\\\/720\u00d7540-1-2.jpg\",\"contentUrl\":\"https:\\\/\\\/www.honlufoodtrailer.com\\\/wp-content\\\/uploads\\\/2023\\\/01\\\/720\u00d7540-1-2.jpg\",\"width\":720,\"height\":540},{\"@type\":\"BreadcrumbList\",\"@id\":\"https:\\\/\\\/www.honlufoodtrailer.com\\\/product\\\/street-using-fast-food-vintage-food-truck-new-style-food-trailer\\\/#breadcrumb\",\"itemListElement\":[{\"@type\":\"ListItem\",\"position\":1,\"name\":\"Home\",\"item\":\"https:\\\/\\\/www.honlufoodtrailer.com\\\/\"},{\"@type\":\"ListItem\",\"position\":2,\"name\":\"\u4ea7\u54c1\",\"item\":\"https:\\\/\\\/www.honlufoodtrailer.com\\\/shop\\\/\"},{\"@type\":\"ListItem\",\"position\":3,\"name\":\"Street Using Fast Food Vintage Food Truck New Style Food Trailer\"}]},{\"@type\":\"WebSite\",\"@id\":\"https:\\\/\\\/www.honlufoodtrailer.com\\\/#website\",\"url\":\"https:\\\/\\\/www.honlufoodtrailer.com\\\/\",\"name\":\"Honlu food trailer\",\"description\":\"\",\"publisher\":{\"@id\":\"https:\\\/\\\/www.honlufoodtrailer.com\\\/#organization\"},\"potentialAction\":[{\"@type\":\"SearchAction\",\"target\":{\"@type\":\"EntryPoint\",\"urlTemplate\":\"https:\\\/\\\/www.honlufoodtrailer.com\\\/?s={search_term_string}\"},\"query-input\":{\"@type\":\"PropertyValueSpecification\",\"valueRequired\":true,\"valueName\":\"search_term_string\"}}],\"inLanguage\":\"hr\"},{\"@type\":\"Organization\",\"@id\":\"https:\\\/\\\/www.honlufoodtrailer.com\\\/#organization\",\"name\":\"Honlu food trailer\",\"url\":\"https:\\\/\\\/www.honlufoodtrailer.com\\\/\",\"logo\":{\"@type\":\"ImageObject\",\"inLanguage\":\"hr\",\"@id\":\"https:\\\/\\\/www.honlufoodtrailer.com\\\/#\\\/schema\\\/logo\\\/image\\\/\",\"url\":\"https:\\\/\\\/www.honlufoodtrailer.com\\\/wp-content\\\/uploads\\\/2021\\\/12\\\/2.gif\",\"contentUrl\":\"https:\\\/\\\/www.honlufoodtrailer.com\\\/wp-content\\\/uploads\\\/2021\\\/12\\\/2.gif\",\"width\":350,\"height\":100,\"caption\":\"Honlu food trailer\"},\"image\":{\"@id\":\"https:\\\/\\\/www.honlufoodtrailer.com\\\/#\\\/schema\\\/logo\\\/image\\\/\"}}]}<\/script>\n<!-- \/ Yoast SEO plugin. -->","yoast_head_json":{"title":"Ulica s brzom hranom Starinski kamion s hranom Novi stil prikolice za hranu - Honlu prikolica za hranu","description":"Ovo je jedna od na\u0161ih prilago\u0111enih prikolica za hranu od 4 m s potpuno opremljenom kuhinjom. Prednji dio prikolice dizajniran je s ravnim otvorenim prozorom, opremljen integriranim nadstre\u0161nicom i stolom za poslu\u017eivanje. Prema potrebama kupaca, cijela prikolica je kompaktna i jednostavna za kori\u0161tenje. To je preferirani model za pokretanje mobilnog poslovanja s hranom.","robots":{"index":"index","follow":"follow","max-snippet":"max-snippet:-1","max-image-preview":"max-image-preview:large","max-video-preview":"max-video-preview:-1"},"canonical":"https:\/\/www.honlufoodtrailer.com\/hr\/product\/street-using-fast-food-vintage-food-truck-new-style-food-trailer\/","og_locale":"hr_HR","og_type":"article","og_title":"Street Using Fast Food Vintage Food Truck New Style Food Trailer - Honlu food trailer","og_description":"This is one of our custom-made 4m food trailers with full kitchen. The front of the trailer is designed with straight open window, equipped with an integrated shelter and service table. According to customer needs, the whole trailer is compact and easy to use. It is the preferred model for starting the mobile food business.","og_url":"https:\/\/www.honlufoodtrailer.com\/hr\/product\/street-using-fast-food-vintage-food-truck-new-style-food-trailer\/","og_site_name":"Honlu food trailer","article_modified_time":"2024-10-28T09:07:40+00:00","og_image":[{"width":720,"height":540,"url":"https:\/\/www.honlufoodtrailer.com\/wp-content\/uploads\/2023\/01\/720\u00d7540-1-2.jpg","type":"image\/jpeg"}],"twitter_card":"summary_large_image","twitter_misc":{"Procijenjeno vrijeme \u010ditanja":"3 minute"},"schema":{"@context":"https:\/\/schema.org","@graph":[{"@type":"WebPage","@id":"https:\/\/www.honlufoodtrailer.com\/product\/street-using-fast-food-vintage-food-truck-new-style-food-trailer\/","url":"https:\/\/www.honlufoodtrailer.com\/product\/street-using-fast-food-vintage-food-truck-new-style-food-trailer\/","name":"Ulica s brzom hranom Starinski kamion s hranom Novi stil prikolice za hranu - Honlu prikolica za hranu","isPartOf":{"@id":"https:\/\/www.honlufoodtrailer.com\/#website"},"primaryImageOfPage":{"@id":"https:\/\/www.honlufoodtrailer.com\/product\/street-using-fast-food-vintage-food-truck-new-style-food-trailer\/#primaryimage"},"image":{"@id":"https:\/\/www.honlufoodtrailer.com\/product\/street-using-fast-food-vintage-food-truck-new-style-food-trailer\/#primaryimage"},"thumbnailUrl":"https:\/\/www.honlufoodtrailer.com\/wp-content\/uploads\/2023\/01\/720\u00d7540-1-2.jpg","datePublished":"2023-11-05T06:48:59+00:00","dateModified":"2024-10-28T09:07:40+00:00","description":"Ovo je jedna od na\u0161ih prilago\u0111enih prikolica za hranu od 4 m s potpuno opremljenom kuhinjom. Prednji dio prikolice dizajniran je s ravnim otvorenim prozorom, opremljen integriranim nadstre\u0161nicom i stolom za poslu\u017eivanje. Prema potrebama kupaca, cijela prikolica je kompaktna i jednostavna za kori\u0161tenje. To je preferirani model za pokretanje mobilnog poslovanja s hranom.","breadcrumb":{"@id":"https:\/\/www.honlufoodtrailer.com\/product\/street-using-fast-food-vintage-food-truck-new-style-food-trailer\/#breadcrumb"},"inLanguage":"hr","potentialAction":[{"@type":"ReadAction","target":["https:\/\/www.honlufoodtrailer.com\/product\/street-using-fast-food-vintage-food-truck-new-style-food-trailer\/"]}]},{"@type":"ImageObject","inLanguage":"hr","@id":"https:\/\/www.honlufoodtrailer.com\/product\/street-using-fast-food-vintage-food-truck-new-style-food-trailer\/#primaryimage","url":"https:\/\/www.honlufoodtrailer.com\/wp-content\/uploads\/2023\/01\/720\u00d7540-1-2.jpg","contentUrl":"https:\/\/www.honlufoodtrailer.com\/wp-content\/uploads\/2023\/01\/720\u00d7540-1-2.jpg","width":720,"height":540},{"@type":"BreadcrumbList","@id":"https:\/\/www.honlufoodtrailer.com\/product\/street-using-fast-food-vintage-food-truck-new-style-food-trailer\/#breadcrumb","itemListElement":[{"@type":"ListItem","position":1,"name":"Home","item":"https:\/\/www.honlufoodtrailer.com\/"},{"@type":"ListItem","position":2,"name":"\u4ea7\u54c1","item":"https:\/\/www.honlufoodtrailer.com\/shop\/"},{"@type":"ListItem","position":3,"name":"Street Using Fast Food Vintage Food Truck New Style Food Trailer"}]},{"@type":"WebSite","@id":"https:\/\/www.honlufoodtrailer.com\/#website","url":"https:\/\/www.honlufoodtrailer.com\/","name":"Prikolica za hranu Honlu","description":"","publisher":{"@id":"https:\/\/www.honlufoodtrailer.com\/#organization"},"potentialAction":[{"@type":"SearchAction","target":{"@type":"EntryPoint","urlTemplate":"https:\/\/www.honlufoodtrailer.com\/?s={search_term_string}"},"query-input":{"@type":"PropertyValueSpecification","valueRequired":true,"valueName":"search_term_string"}}],"inLanguage":"hr"},{"@type":"Organization","@id":"https:\/\/www.honlufoodtrailer.com\/#organization","name":"Prikolica za hranu Honlu","url":"https:\/\/www.honlufoodtrailer.com\/","logo":{"@type":"ImageObject","inLanguage":"hr","@id":"https:\/\/www.honlufoodtrailer.com\/#\/schema\/logo\/image\/","url":"https:\/\/www.honlufoodtrailer.com\/wp-content\/uploads\/2021\/12\/2.gif","contentUrl":"https:\/\/www.honlufoodtrailer.com\/wp-content\/uploads\/2021\/12\/2.gif","width":350,"height":100,"caption":"Honlu food trailer"},"image":{"@id":"https:\/\/www.honlufoodtrailer.com\/#\/schema\/logo\/image\/"}}]}},"_links":{"self":[{"href":"https:\/\/www.honlufoodtrailer.com\/hr\/wp-json\/wp\/v2\/product\/5372","targetHints":{"allow":["GET"]}}],"collection":[{"href":"https:\/\/www.honlufoodtrailer.com\/hr\/wp-json\/wp\/v2\/product"}],"about":[{"href":"https:\/\/www.honlufoodtrailer.com\/hr\/wp-json\/wp\/v2\/types\/product"}],"version-history":[{"count":0,"href":"https:\/\/www.honlufoodtrailer.com\/hr\/wp-json\/wp\/v2\/product\/5372\/revisions"}],"wp:featuredmedia":[{"embeddable":true,"href":"https:\/\/www.honlufoodtrailer.com\/hr\/wp-json\/wp\/v2\/media\/5374"}],"wp:attachment":[{"href":"https:\/\/www.honlufoodtrailer.com\/hr\/wp-json\/wp\/v2\/media?parent=5372"}],"wp:term":[{"taxonomy":"product_brand","embeddable":true,"href":"https:\/\/www.honlufoodtrailer.com\/hr\/wp-json\/wp\/v2\/product_brand?post=5372"},{"taxonomy":"product_cat","embeddable":true,"href":"https:\/\/www.honlufoodtrailer.com\/hr\/wp-json\/wp\/v2\/product_cat?post=5372"},{"taxonomy":"product_tag","embeddable":true,"href":"https:\/\/www.honlufoodtrailer.com\/hr\/wp-json\/wp\/v2\/product_tag?post=5372"}],"curies":[{"name":"wp","href":"https:\/\/api.w.org\/{rel}","templated":true}]}}