{"id":5618,"date":"2023-11-03T15:58:02","date_gmt":"2023-11-03T07:58:02","guid":{"rendered":"https:\/\/www.honlufoodtrailer.com\/?post_type=product&#038;p=5618"},"modified":"2024-11-01T14:30:29","modified_gmt":"2024-11-01T06:30:29","slug":"36ft-mobile-food-kitchen-trailer-in-pink-color","status":"publish","type":"product","link":"https:\/\/www.honlufoodtrailer.com\/hr\/product\/36ft-mobile-food-kitchen-trailer-in-pink-color\/","title":{"rendered":"Mobilna prikolica za kuhinju s hranom od 36 stopa u ru\u017ei\u010dastoj boji"},"content":{"rendered":"<p data-spm-anchor-id=\"a2700.wholesale.0.i28.29e52808agqc7f\">Ovo je prilago\u0111ena mobilna prikolica za kuhinju s hranom od 11 metara u ru\u017ei\u010dastoj boji. Iznad prikolice prilagodili smo natpise na bilbordu kako bismo zadovoljili potrebe kupaca. Mo\u017ee se koristiti za prodaju bilo \u010dega, od hot dogova, maloprodaje, cvje\u0107arstva, sendvi\u010da, kave, sladoleda itd. Imamo CE certifikat kako bismo vam pomogli u pokretanju mobilnog poslovanja.<\/p>\n<p data-spm-anchor-id=\"a2700.wholesale.0.i28.29e52808agqc7f\"><img fetchpriority=\"high\" decoding=\"async\" class=\"size-full wp-image-5623 aligncenter\" src=\"https:\/\/www.honlufoodtrailer.com\/wp-content\/uploads\/2023\/10\/36ft-Mobile-Food-Trailer.jpg\" alt=\"Mobilna prikolica za hranu od 11,6 metara\" width=\"720\" height=\"540\" srcset=\"https:\/\/www.honlufoodtrailer.com\/wp-content\/uploads\/2023\/10\/36ft-Mobile-Food-Trailer.jpg 720w, https:\/\/www.honlufoodtrailer.com\/wp-content\/uploads\/2023\/10\/36ft-Mobile-Food-Trailer-480x360.jpg 480w, https:\/\/www.honlufoodtrailer.com\/wp-content\/uploads\/2023\/10\/36ft-Mobile-Food-Trailer-300x225.jpg 300w\" sizes=\"(max-width: 720px) 100vw, 720px\" \/><\/p>\n<p data-spm-anchor-id=\"a2700.wholesale.0.i28.29e52808agqc7f\">Radni stol i unutarnji zid unutar mobilne kuhinjske prikolice za hranu izra\u0111eni su od nehr\u0111aju\u0107eg \u010delika prehrambene kvalitete. Prema potrebama kupaca, opremljena je fritezama, trima sudoperima po mjeri, dozatorom sapuna, plinskim \u0161tednjacima, napama i drugom opremom. Nabavit \u0107emo i druge vrste opreme prema potrebama kupaca.<\/p>\n<p data-spm-anchor-id=\"a2700.wholesale.0.i28.29e52808agqc7f\"><img decoding=\"async\" class=\"size-full wp-image-5621 aligncenter\" src=\"https:\/\/www.honlufoodtrailer.com\/wp-content\/uploads\/2023\/10\/36ft-Mobile-Food-Kitchen-Trailer.jpg\" alt=\"11,6 metara mobilna kuhinjska prikolica za hranu\" width=\"720\" height=\"540\" srcset=\"https:\/\/www.honlufoodtrailer.com\/wp-content\/uploads\/2023\/10\/36ft-Mobile-Food-Kitchen-Trailer.jpg 720w, https:\/\/www.honlufoodtrailer.com\/wp-content\/uploads\/2023\/10\/36ft-Mobile-Food-Kitchen-Trailer-480x360.jpg 480w, https:\/\/www.honlufoodtrailer.com\/wp-content\/uploads\/2023\/10\/36ft-Mobile-Food-Kitchen-Trailer-300x225.jpg 300w\" sizes=\"(max-width: 720px) 100vw, 720px\" \/><\/p>\n<p data-spm-anchor-id=\"a2700.wholesale.0.i28.29e52808agqc7f\">Prikolice za hranu mogu se nazivati i kolicima za hranu, kombijima za hranu, kamionima za hranu itd. Mogu se koristiti za prodaju brze hrane, grickalica, novina, knjiga i sli\u010dno. Sastoje se od \u0161asije, karoserije, poda, radnog stola, sustava za vodu i elektri\u010dnog sustava. Korisnici tako\u0111er mogu odabrati boju koju \u017eele. \u017deljeli bismo kupiti i druge vrste opreme ako kupci to \u017eele.<\/p>\n<h3>Vi\u0161e detalja o mobilnoj prikolici za kuhinju s hranom<\/h3>\n<p>Pogledajte vi\u0161e detalja o ovoj mobilnoj kuhinjskoj prikolici od 11 m.<br \/>\n<img decoding=\"async\" class=\"aligncenter size-full wp-image-8901\" src=\"https:\/\/www.honlufoodtrailer.com\/wp-content\/uploads\/2023\/11\/36ft-Mobile-Food-Kitchen-Trailer-more-details.jpg\" alt=\"36ft mobilna kuhinjska prikolica za hranu vi\u0161e detalja\" width=\"800\" height=\"800\" srcset=\"https:\/\/www.honlufoodtrailer.com\/wp-content\/uploads\/2023\/11\/36ft-Mobile-Food-Kitchen-Trailer-more-details.jpg 800w, https:\/\/www.honlufoodtrailer.com\/wp-content\/uploads\/2023\/11\/36ft-Mobile-Food-Kitchen-Trailer-more-details-768x768.jpg 768w, https:\/\/www.honlufoodtrailer.com\/wp-content\/uploads\/2023\/11\/36ft-Mobile-Food-Kitchen-Trailer-more-details-360x360.jpg 360w, https:\/\/www.honlufoodtrailer.com\/wp-content\/uploads\/2023\/11\/36ft-Mobile-Food-Kitchen-Trailer-more-details-300x300.jpg 300w, https:\/\/www.honlufoodtrailer.com\/wp-content\/uploads\/2023\/11\/36ft-Mobile-Food-Kitchen-Trailer-more-details-720x720.jpg 720w, https:\/\/www.honlufoodtrailer.com\/wp-content\/uploads\/2023\/11\/36ft-Mobile-Food-Kitchen-Trailer-more-details-100x100.jpg 100w\" sizes=\"(max-width: 800px) 100vw, 800px\" \/><\/p>\n<h3 class=\"magic-6\" data-spm-anchor-id=\"a2700.wholesale.0.i28.29e52808agqc7f\">Glavne zna\u010dajke mobilne prikolice za kuhinju<\/h3>\n<div class=\"magic-7\">\n<div class=\"magic-8\">\n<div class=\"magic-9\" data-id=\"paragraph0\">\n<ol>\n<li>Moderan izgled se mo\u017ee prilagoditi;<\/li>\n<li>Tijelo i unutarnja struktura prikolice od pocin\u010danog lima, dobra otpornost na toplinu, otpornost na habanje, otpornost na koroziju;<\/li>\n<li>Moderna i napredna oprema opremljena u mobilnoj kuhinji za hranu;<\/li>\n<li>Otporan je na udarce i te\u0161ko korodira, otporan na toplinu i visoku \u010dvrsto\u0107u, visoku postojanost boje, bez deformacija, vodootporan i dug vijek trajanja;<\/li>\n<li>Drago nam je da ga mo\u017eemo modificirati prema va\u0161im zahtjevima.<\/li>\n<\/ol>\n<h3><img loading=\"lazy\" decoding=\"async\" class=\"size-full wp-image-5622 aligncenter\" src=\"https:\/\/www.honlufoodtrailer.com\/wp-content\/uploads\/2023\/10\/36ft-Mobile-Food-Kitchen.jpg\" alt=\"Mobilna kuhinja za hranu od 11 metara\" width=\"720\" height=\"540\" srcset=\"https:\/\/www.honlufoodtrailer.com\/wp-content\/uploads\/2023\/10\/36ft-Mobile-Food-Kitchen.jpg 720w, https:\/\/www.honlufoodtrailer.com\/wp-content\/uploads\/2023\/10\/36ft-Mobile-Food-Kitchen-480x360.jpg 480w, https:\/\/www.honlufoodtrailer.com\/wp-content\/uploads\/2023\/10\/36ft-Mobile-Food-Kitchen-300x225.jpg 300w\" sizes=\"(max-width: 720px) 100vw, 720px\" \/>Besplatni 2D\/3D crte\u017e tlocrta<\/h3>\n<p>Nakon potvrde dimenzija, <a href=\"https:\/\/www.honlufoodtrailer.com\/hr\/product\/\" target=\"_blank\" rel=\"noopener\">prikolica za hranu<\/a> i unutarnju kuhinjsku opremu, mo\u017eemo vam besplatno dostaviti 3D crte\u017ee. To \u0107e vam dati jasniju predod\u017ebu o va\u0161em dizajnu i va\u0161im kolicima s hranom. Prilikom potvrde lokacije kuhinjske opreme, mo\u017eemo jasno komunicirati s vama putem tlocrta. Tako\u0111er vam mo\u017eemo dostaviti originalne dokumente kako bismo vam olak\u0161ali dizajn i napravili prilagodbe.<\/p>\n<\/div>\n<\/div>\n<\/div>","protected":false},"excerpt":{"rendered":"<p data-spm-anchor-id=\"a2700.wholesale.0.i28.29e52808agqc7f\">Ovo je prilago\u0111ena mobilna kuhinjska prikolica za hranu od 36 stopa u ru\u017ei\u010dastoj boji. Naravno, mo\u017eemo proizvesti sli\u010dnu prikolicu za hranu poput ove ili je prilagoditi za vas. Boja karoserije, naljepnice, signalizacija, kuhinjska oprema prikolice za hranu mogu se prilagoditi. Slobodno nas kontaktirajte kako biste odmah dobili cijenu!<\/p>","protected":false},"featured_media":5621,"template":"","meta":{"_themeisle_gutenberg_block_has_review":false},"product_brand":[],"product_cat":[26],"product_tag":[53,33,41,45,57,38,52],"class_list":{"0":"post-5618","1":"product","2":"type-product","3":"status-publish","4":"has-post-thumbnail","6":"product_cat-product","7":"product_tag-customized-sinks","8":"product_tag-customized-trailer","9":"product_tag-galvanized-trailer","10":"product_tag-large-food-trailer","11":"product_tag-mobile-food-kitchen","12":"product_tag-mobile-food-trailer","13":"product_tag-personalized-billboard","15":"first","16":"instock","17":"shipping-taxable","18":"product-type-simple"},"yoast_head":"<!-- This site is optimized with the Yoast SEO plugin v27.5 - https:\/\/yoast.com\/product\/yoast-seo-wordpress\/ -->\n<title>36ft Mobile Food Kitchen Trailer in Pink Color - Honlu food trailer<\/title>\n<meta name=\"description\" content=\"This is a customized 36ft mobile food kitchen trailer in pink color. High quality and certified to help you start a mobile business. Get the price now!\" \/>\n<meta name=\"robots\" content=\"index, follow, max-snippet:-1, max-image-preview:large, max-video-preview:-1\" \/>\n<link rel=\"canonical\" href=\"https:\/\/www.honlufoodtrailer.com\/hr\/product\/36ft-mobile-food-kitchen-trailer-in-pink-color\/\" \/>\n<meta property=\"og:locale\" content=\"hr_HR\" \/>\n<meta property=\"og:type\" content=\"article\" \/>\n<meta property=\"og:title\" content=\"36ft Mobile Food Kitchen Trailer in Pink Color - Honlu food trailer\" \/>\n<meta property=\"og:description\" content=\"This is a customized 36ft mobile food kitchen trailer in pink color. High quality and certified to help you start a mobile business. Get the price now!\" \/>\n<meta property=\"og:url\" content=\"https:\/\/www.honlufoodtrailer.com\/hr\/product\/36ft-mobile-food-kitchen-trailer-in-pink-color\/\" \/>\n<meta property=\"og:site_name\" content=\"Honlu food trailer\" \/>\n<meta property=\"article:modified_time\" content=\"2024-11-01T06:30:29+00:00\" \/>\n<meta property=\"og:image\" content=\"https:\/\/www.honlufoodtrailer.com\/wp-content\/uploads\/2023\/10\/36ft-Mobile-Food-Kitchen-Trailer.jpg\" \/>\n\t<meta property=\"og:image:width\" content=\"720\" \/>\n\t<meta property=\"og:image:height\" content=\"540\" \/>\n\t<meta property=\"og:image:type\" content=\"image\/jpeg\" \/>\n<meta name=\"twitter:card\" content=\"summary_large_image\" \/>\n<meta name=\"twitter:label1\" content=\"Procijenjeno vrijeme \u010ditanja\" \/>\n\t<meta name=\"twitter:data1\" content=\"2 minute\" \/>\n<script type=\"application\/ld+json\" class=\"yoast-schema-graph\">{\"@context\":\"https:\\\/\\\/schema.org\",\"@graph\":[{\"@type\":\"WebPage\",\"@id\":\"https:\\\/\\\/www.honlufoodtrailer.com\\\/product\\\/36ft-mobile-food-kitchen-trailer-in-pink-color\\\/\",\"url\":\"https:\\\/\\\/www.honlufoodtrailer.com\\\/product\\\/36ft-mobile-food-kitchen-trailer-in-pink-color\\\/\",\"name\":\"36ft Mobile Food Kitchen Trailer in Pink Color - Honlu food trailer\",\"isPartOf\":{\"@id\":\"https:\\\/\\\/www.honlufoodtrailer.com\\\/#website\"},\"primaryImageOfPage\":{\"@id\":\"https:\\\/\\\/www.honlufoodtrailer.com\\\/product\\\/36ft-mobile-food-kitchen-trailer-in-pink-color\\\/#primaryimage\"},\"image\":{\"@id\":\"https:\\\/\\\/www.honlufoodtrailer.com\\\/product\\\/36ft-mobile-food-kitchen-trailer-in-pink-color\\\/#primaryimage\"},\"thumbnailUrl\":\"https:\\\/\\\/www.honlufoodtrailer.com\\\/wp-content\\\/uploads\\\/2023\\\/10\\\/36ft-Mobile-Food-Kitchen-Trailer.jpg\",\"datePublished\":\"2023-11-03T07:58:02+00:00\",\"dateModified\":\"2024-11-01T06:30:29+00:00\",\"description\":\"This is a customized 36ft mobile food kitchen trailer in pink color. High quality and certified to help you start a mobile business. Get the price now!\",\"breadcrumb\":{\"@id\":\"https:\\\/\\\/www.honlufoodtrailer.com\\\/product\\\/36ft-mobile-food-kitchen-trailer-in-pink-color\\\/#breadcrumb\"},\"inLanguage\":\"hr\",\"potentialAction\":[{\"@type\":\"ReadAction\",\"target\":[\"https:\\\/\\\/www.honlufoodtrailer.com\\\/product\\\/36ft-mobile-food-kitchen-trailer-in-pink-color\\\/\"]}]},{\"@type\":\"ImageObject\",\"inLanguage\":\"hr\",\"@id\":\"https:\\\/\\\/www.honlufoodtrailer.com\\\/product\\\/36ft-mobile-food-kitchen-trailer-in-pink-color\\\/#primaryimage\",\"url\":\"https:\\\/\\\/www.honlufoodtrailer.com\\\/wp-content\\\/uploads\\\/2023\\\/10\\\/36ft-Mobile-Food-Kitchen-Trailer.jpg\",\"contentUrl\":\"https:\\\/\\\/www.honlufoodtrailer.com\\\/wp-content\\\/uploads\\\/2023\\\/10\\\/36ft-Mobile-Food-Kitchen-Trailer.jpg\",\"width\":720,\"height\":540,\"caption\":\"36ft Mobile Food Kitchen Trailer\"},{\"@type\":\"BreadcrumbList\",\"@id\":\"https:\\\/\\\/www.honlufoodtrailer.com\\\/product\\\/36ft-mobile-food-kitchen-trailer-in-pink-color\\\/#breadcrumb\",\"itemListElement\":[{\"@type\":\"ListItem\",\"position\":1,\"name\":\"Home\",\"item\":\"https:\\\/\\\/www.honlufoodtrailer.com\\\/\"},{\"@type\":\"ListItem\",\"position\":2,\"name\":\"\u4ea7\u54c1\",\"item\":\"https:\\\/\\\/www.honlufoodtrailer.com\\\/shop\\\/\"},{\"@type\":\"ListItem\",\"position\":3,\"name\":\"36ft Mobile Food Kitchen Trailer in Pink Color\"}]},{\"@type\":\"WebSite\",\"@id\":\"https:\\\/\\\/www.honlufoodtrailer.com\\\/#website\",\"url\":\"https:\\\/\\\/www.honlufoodtrailer.com\\\/\",\"name\":\"Honlu food trailer\",\"description\":\"\",\"publisher\":{\"@id\":\"https:\\\/\\\/www.honlufoodtrailer.com\\\/#organization\"},\"potentialAction\":[{\"@type\":\"SearchAction\",\"target\":{\"@type\":\"EntryPoint\",\"urlTemplate\":\"https:\\\/\\\/www.honlufoodtrailer.com\\\/?s={search_term_string}\"},\"query-input\":{\"@type\":\"PropertyValueSpecification\",\"valueRequired\":true,\"valueName\":\"search_term_string\"}}],\"inLanguage\":\"hr\"},{\"@type\":\"Organization\",\"@id\":\"https:\\\/\\\/www.honlufoodtrailer.com\\\/#organization\",\"name\":\"Honlu food trailer\",\"url\":\"https:\\\/\\\/www.honlufoodtrailer.com\\\/\",\"logo\":{\"@type\":\"ImageObject\",\"inLanguage\":\"hr\",\"@id\":\"https:\\\/\\\/www.honlufoodtrailer.com\\\/#\\\/schema\\\/logo\\\/image\\\/\",\"url\":\"https:\\\/\\\/www.honlufoodtrailer.com\\\/wp-content\\\/uploads\\\/2021\\\/12\\\/2.gif\",\"contentUrl\":\"https:\\\/\\\/www.honlufoodtrailer.com\\\/wp-content\\\/uploads\\\/2021\\\/12\\\/2.gif\",\"width\":350,\"height\":100,\"caption\":\"Honlu food trailer\"},\"image\":{\"@id\":\"https:\\\/\\\/www.honlufoodtrailer.com\\\/#\\\/schema\\\/logo\\\/image\\\/\"}}]}<\/script>\n<!-- \/ Yoast SEO plugin. -->","yoast_head_json":{"title":"Prikolica za mobilnu kuhinju za hranu od 36 stopa u ru\u017ei\u010dastoj boji - Honlu prikolica za hranu","description":"Ovo je prilago\u0111ena mobilna kuhinjska prikolica od 11 metara u ru\u017ei\u010dastoj boji. Visoka kvaliteta i certifikat koji \u0107e vam pomo\u0107i u pokretanju mobilnog poslovanja. Zatra\u017eite cijenu odmah!","robots":{"index":"index","follow":"follow","max-snippet":"max-snippet:-1","max-image-preview":"max-image-preview:large","max-video-preview":"max-video-preview:-1"},"canonical":"https:\/\/www.honlufoodtrailer.com\/hr\/product\/36ft-mobile-food-kitchen-trailer-in-pink-color\/","og_locale":"hr_HR","og_type":"article","og_title":"36ft Mobile Food Kitchen Trailer in Pink Color - Honlu food trailer","og_description":"This is a customized 36ft mobile food kitchen trailer in pink color. High quality and certified to help you start a mobile business. Get the price now!","og_url":"https:\/\/www.honlufoodtrailer.com\/hr\/product\/36ft-mobile-food-kitchen-trailer-in-pink-color\/","og_site_name":"Honlu food trailer","article_modified_time":"2024-11-01T06:30:29+00:00","og_image":[{"width":720,"height":540,"url":"https:\/\/www.honlufoodtrailer.com\/wp-content\/uploads\/2023\/10\/36ft-Mobile-Food-Kitchen-Trailer.jpg","type":"image\/jpeg"}],"twitter_card":"summary_large_image","twitter_misc":{"Procijenjeno vrijeme \u010ditanja":"2 minute"},"schema":{"@context":"https:\/\/schema.org","@graph":[{"@type":"WebPage","@id":"https:\/\/www.honlufoodtrailer.com\/product\/36ft-mobile-food-kitchen-trailer-in-pink-color\/","url":"https:\/\/www.honlufoodtrailer.com\/product\/36ft-mobile-food-kitchen-trailer-in-pink-color\/","name":"Prikolica za mobilnu kuhinju za hranu od 36 stopa u ru\u017ei\u010dastoj boji - Honlu prikolica za hranu","isPartOf":{"@id":"https:\/\/www.honlufoodtrailer.com\/#website"},"primaryImageOfPage":{"@id":"https:\/\/www.honlufoodtrailer.com\/product\/36ft-mobile-food-kitchen-trailer-in-pink-color\/#primaryimage"},"image":{"@id":"https:\/\/www.honlufoodtrailer.com\/product\/36ft-mobile-food-kitchen-trailer-in-pink-color\/#primaryimage"},"thumbnailUrl":"https:\/\/www.honlufoodtrailer.com\/wp-content\/uploads\/2023\/10\/36ft-Mobile-Food-Kitchen-Trailer.jpg","datePublished":"2023-11-03T07:58:02+00:00","dateModified":"2024-11-01T06:30:29+00:00","description":"Ovo je prilago\u0111ena mobilna kuhinjska prikolica od 11 metara u ru\u017ei\u010dastoj boji. Visoka kvaliteta i certifikat koji \u0107e vam pomo\u0107i u pokretanju mobilnog poslovanja. Zatra\u017eite cijenu odmah!","breadcrumb":{"@id":"https:\/\/www.honlufoodtrailer.com\/product\/36ft-mobile-food-kitchen-trailer-in-pink-color\/#breadcrumb"},"inLanguage":"hr","potentialAction":[{"@type":"ReadAction","target":["https:\/\/www.honlufoodtrailer.com\/product\/36ft-mobile-food-kitchen-trailer-in-pink-color\/"]}]},{"@type":"ImageObject","inLanguage":"hr","@id":"https:\/\/www.honlufoodtrailer.com\/product\/36ft-mobile-food-kitchen-trailer-in-pink-color\/#primaryimage","url":"https:\/\/www.honlufoodtrailer.com\/wp-content\/uploads\/2023\/10\/36ft-Mobile-Food-Kitchen-Trailer.jpg","contentUrl":"https:\/\/www.honlufoodtrailer.com\/wp-content\/uploads\/2023\/10\/36ft-Mobile-Food-Kitchen-Trailer.jpg","width":720,"height":540,"caption":"36ft Mobile Food Kitchen Trailer"},{"@type":"BreadcrumbList","@id":"https:\/\/www.honlufoodtrailer.com\/product\/36ft-mobile-food-kitchen-trailer-in-pink-color\/#breadcrumb","itemListElement":[{"@type":"ListItem","position":1,"name":"Home","item":"https:\/\/www.honlufoodtrailer.com\/"},{"@type":"ListItem","position":2,"name":"\u4ea7\u54c1","item":"https:\/\/www.honlufoodtrailer.com\/shop\/"},{"@type":"ListItem","position":3,"name":"36ft Mobile Food Kitchen Trailer in Pink Color"}]},{"@type":"WebSite","@id":"https:\/\/www.honlufoodtrailer.com\/#website","url":"https:\/\/www.honlufoodtrailer.com\/","name":"Prikolica za hranu Honlu","description":"","publisher":{"@id":"https:\/\/www.honlufoodtrailer.com\/#organization"},"potentialAction":[{"@type":"SearchAction","target":{"@type":"EntryPoint","urlTemplate":"https:\/\/www.honlufoodtrailer.com\/?s={search_term_string}"},"query-input":{"@type":"PropertyValueSpecification","valueRequired":true,"valueName":"search_term_string"}}],"inLanguage":"hr"},{"@type":"Organization","@id":"https:\/\/www.honlufoodtrailer.com\/#organization","name":"Prikolica za hranu Honlu","url":"https:\/\/www.honlufoodtrailer.com\/","logo":{"@type":"ImageObject","inLanguage":"hr","@id":"https:\/\/www.honlufoodtrailer.com\/#\/schema\/logo\/image\/","url":"https:\/\/www.honlufoodtrailer.com\/wp-content\/uploads\/2021\/12\/2.gif","contentUrl":"https:\/\/www.honlufoodtrailer.com\/wp-content\/uploads\/2021\/12\/2.gif","width":350,"height":100,"caption":"Honlu food trailer"},"image":{"@id":"https:\/\/www.honlufoodtrailer.com\/#\/schema\/logo\/image\/"}}]}},"_links":{"self":[{"href":"https:\/\/www.honlufoodtrailer.com\/hr\/wp-json\/wp\/v2\/product\/5618","targetHints":{"allow":["GET"]}}],"collection":[{"href":"https:\/\/www.honlufoodtrailer.com\/hr\/wp-json\/wp\/v2\/product"}],"about":[{"href":"https:\/\/www.honlufoodtrailer.com\/hr\/wp-json\/wp\/v2\/types\/product"}],"version-history":[{"count":5,"href":"https:\/\/www.honlufoodtrailer.com\/hr\/wp-json\/wp\/v2\/product\/5618\/revisions"}],"predecessor-version":[{"id":8902,"href":"https:\/\/www.honlufoodtrailer.com\/hr\/wp-json\/wp\/v2\/product\/5618\/revisions\/8902"}],"wp:featuredmedia":[{"embeddable":true,"href":"https:\/\/www.honlufoodtrailer.com\/hr\/wp-json\/wp\/v2\/media\/5621"}],"wp:attachment":[{"href":"https:\/\/www.honlufoodtrailer.com\/hr\/wp-json\/wp\/v2\/media?parent=5618"}],"wp:term":[{"taxonomy":"product_brand","embeddable":true,"href":"https:\/\/www.honlufoodtrailer.com\/hr\/wp-json\/wp\/v2\/product_brand?post=5618"},{"taxonomy":"product_cat","embeddable":true,"href":"https:\/\/www.honlufoodtrailer.com\/hr\/wp-json\/wp\/v2\/product_cat?post=5618"},{"taxonomy":"product_tag","embeddable":true,"href":"https:\/\/www.honlufoodtrailer.com\/hr\/wp-json\/wp\/v2\/product_tag?post=5618"}],"curies":[{"name":"wp","href":"https:\/\/api.w.org\/{rel}","templated":true}]}}