{"id":5680,"date":"2023-11-02T16:57:58","date_gmt":"2023-11-02T08:57:58","guid":{"rendered":"https:\/\/www.honlufoodtrailer.com\/?post_type=product&#038;p=5680"},"modified":"2024-10-28T17:13:43","modified_gmt":"2024-10-28T09:13:43","slug":"28ft-food-trailer-with-porch-and-cold-storage","status":"publish","type":"product","link":"https:\/\/www.honlufoodtrailer.com\/hr\/product\/28ft-food-trailer-with-porch-and-cold-storage\/","title":{"rendered":"Prikolica za hranu od 28 stopa s trijemom i hladnja\u010dom"},"content":{"rendered":"<p data-spm-anchor-id=\"a2700.wholesale.0.i28.29e52808agqc7f\">This is a customized 28ft food trailer with porch and cold storage. The whole vehicle is 8.5m long and the porch is one meter long. The service window on the front adopts a sliding window, and the internal equipment is made of stainless steel. For example, the operating countertops, kitchen equipment, and custom four sinks in the body are all made of stainless steel. Often, customers use this porch food trailer to sell BBQ, pizza oven, outdoor barbecue, etc.<\/p>\n<p>&nbsp;<\/p>\n<p><img fetchpriority=\"high\" decoding=\"async\" class=\"size-full wp-image-5681 aligncenter\" src=\"https:\/\/www.honlufoodtrailer.com\/wp-content\/uploads\/2023\/11\/food-trailer-with-porch-inner-details.jpg\" alt=\"food trailer with porch inner details\" width=\"700\" height=\"700\" srcset=\"https:\/\/www.honlufoodtrailer.com\/wp-content\/uploads\/2023\/11\/food-trailer-with-porch-inner-details.jpg 700w, https:\/\/www.honlufoodtrailer.com\/wp-content\/uploads\/2023\/11\/food-trailer-with-porch-inner-details-360x360.jpg 360w, https:\/\/www.honlufoodtrailer.com\/wp-content\/uploads\/2023\/11\/food-trailer-with-porch-inner-details-300x300.jpg 300w, https:\/\/www.honlufoodtrailer.com\/wp-content\/uploads\/2023\/11\/food-trailer-with-porch-inner-details-100x100.jpg 100w\" sizes=\"(max-width: 700px) 100vw, 700px\" \/><\/p>\n<h3>Why Our Customer Choose This Food Trailer With Porch<\/h3>\n<p>The client wanted to do some barbecue business but was also worried about the impact on the trailer&#8217;s interior environment, so we customized a one-meter-long porch for the customer. This model of food trailer is the preferred model for starting fast food businesses and family picnics etc.<\/p>\n<h3 class=\"magic-6\" data-spm-anchor-id=\"a2700.wholesale.0.i28.29e52808agqc7f\">Main Features of the mobile food trailer with porch<\/h3>\n<div class=\"magic-7\">\n<div class=\"magic-8\">\n<div class=\"magic-9\" data-id=\"paragraph0\">\n<ol>\n<li>Moderan izgled se mo\u017ee prilagoditi;<\/li>\n<li>Karoserija i unutarnja struktura prikolice od nehr\u0111aju\u0107eg \u010delika, dobra otpornost na toplinu, otpornost na habanje, otpornost na koroziju;<\/li>\n<li>Otporan je na udarce i te\u0161ko korodira, otporan je na toplinu i visoku \u010dvrsto\u0107u, visoku postojanost boje, ne deformira se, vodootporan je i ima dug vijek trajanja;<\/li>\n<li>Lokacija kuhinjske opreme i plinovoda rezervirana je za kupce;<\/li>\n<li>Drago nam je da ga mo\u017eemo modificirati prema va\u0161im zahtjevima.<\/li>\n<\/ol>\n<h3>Besplatni 2D\/3D crte\u017e tlocrta<\/h3>\n<p>Nakon potvrde dimenzija, <a href=\"https:\/\/www.honlufoodtrailer.com\/hr\/product\/\" target=\"_blank\" rel=\"noopener\">prikolica za hranu<\/a> i unutarnju kuhinjsku opremu, mo\u017eemo vam besplatno dostaviti 3D crte\u017ee. To \u0107e vam dati jasniju predod\u017ebu o va\u0161em dizajnu i va\u0161im kolicima s hranom. Prilikom potvrde lokacije kuhinjske opreme, mo\u017eemo jasno komunicirati s vama putem tlocrta. Tako\u0111er vam mo\u017eemo dostaviti originalne dokumente kako bismo vam olak\u0161ali dizajn i napravili prilagodbe.<\/p>\n<\/div>\n<\/div>\n<\/div>","protected":false},"excerpt":{"rendered":"<p data-spm-anchor-id=\"a2700.wholesale.0.i28.29e52808agqc7f\">This is one of our custom-made 28ft food trailer with porch and cold storage. It is the preferred model for starting the mobile food business. As a matter of fact, we can manufacture a similar food trailer like this one, or customize one for you. The body color, stickers, signage, kitchen equipment of the food trailer can be customized.<\/p>","protected":false},"featured_media":5684,"template":"","meta":{"_themeisle_gutenberg_block_has_review":false},"product_brand":[],"product_cat":[26],"product_tag":[53,33,41,38,52],"class_list":{"0":"post-5680","1":"product","2":"type-product","3":"status-publish","4":"has-post-thumbnail","6":"product_cat-product","7":"product_tag-customized-sinks","8":"product_tag-customized-trailer","9":"product_tag-galvanized-trailer","10":"product_tag-mobile-food-trailer","11":"product_tag-personalized-billboard","13":"first","14":"instock","15":"shipping-taxable","16":"product-type-simple"},"yoast_head":"<!-- This site is optimized with the Yoast SEO plugin v27.5 - https:\/\/yoast.com\/product\/yoast-seo-wordpress\/ -->\n<title>28ft Food Trailer with Porch and Cold Storage - Honlu food trailer<\/title>\n<meta name=\"description\" content=\"This is one of our custom-made 28ft food trailer with porch and cold storage. The trailer is equipped with a porch and a large cold storage. See details!\" \/>\n<meta name=\"robots\" content=\"index, follow, max-snippet:-1, max-image-preview:large, max-video-preview:-1\" \/>\n<link rel=\"canonical\" href=\"https:\/\/www.honlufoodtrailer.com\/hr\/product\/28ft-food-trailer-with-porch-and-cold-storage\/\" \/>\n<meta property=\"og:locale\" content=\"hr_HR\" \/>\n<meta property=\"og:type\" content=\"article\" \/>\n<meta property=\"og:title\" content=\"28ft Food Trailer with Porch and Cold Storage - Honlu food trailer\" \/>\n<meta property=\"og:description\" content=\"This is one of our custom-made 28ft food trailer with porch and cold storage. The trailer is equipped with a porch and a large cold storage. See details!\" \/>\n<meta property=\"og:url\" content=\"https:\/\/www.honlufoodtrailer.com\/hr\/product\/28ft-food-trailer-with-porch-and-cold-storage\/\" \/>\n<meta property=\"og:site_name\" content=\"Honlu food trailer\" \/>\n<meta property=\"article:modified_time\" content=\"2024-10-28T09:13:43+00:00\" \/>\n<meta property=\"og:image\" content=\"https:\/\/www.honlufoodtrailer.com\/wp-content\/uploads\/2023\/11\/28ft-food-trailer-with-porch.jpg\" \/>\n\t<meta property=\"og:image:width\" content=\"720\" \/>\n\t<meta property=\"og:image:height\" content=\"540\" \/>\n\t<meta property=\"og:image:type\" content=\"image\/jpeg\" \/>\n<meta name=\"twitter:card\" content=\"summary_large_image\" \/>\n<meta name=\"twitter:label1\" content=\"Procijenjeno vrijeme \u010ditanja\" \/>\n\t<meta name=\"twitter:data1\" content=\"3 minute\" \/>\n<script type=\"application\/ld+json\" class=\"yoast-schema-graph\">{\"@context\":\"https:\\\/\\\/schema.org\",\"@graph\":[{\"@type\":\"WebPage\",\"@id\":\"https:\\\/\\\/www.honlufoodtrailer.com\\\/product\\\/28ft-food-trailer-with-porch-and-cold-storage\\\/\",\"url\":\"https:\\\/\\\/www.honlufoodtrailer.com\\\/product\\\/28ft-food-trailer-with-porch-and-cold-storage\\\/\",\"name\":\"28ft Food Trailer with Porch and Cold Storage - Honlu food trailer\",\"isPartOf\":{\"@id\":\"https:\\\/\\\/www.honlufoodtrailer.com\\\/#website\"},\"primaryImageOfPage\":{\"@id\":\"https:\\\/\\\/www.honlufoodtrailer.com\\\/product\\\/28ft-food-trailer-with-porch-and-cold-storage\\\/#primaryimage\"},\"image\":{\"@id\":\"https:\\\/\\\/www.honlufoodtrailer.com\\\/product\\\/28ft-food-trailer-with-porch-and-cold-storage\\\/#primaryimage\"},\"thumbnailUrl\":\"https:\\\/\\\/www.honlufoodtrailer.com\\\/wp-content\\\/uploads\\\/2023\\\/11\\\/28ft-food-trailer-with-porch.jpg\",\"datePublished\":\"2023-11-02T08:57:58+00:00\",\"dateModified\":\"2024-10-28T09:13:43+00:00\",\"description\":\"This is one of our custom-made 28ft food trailer with porch and cold storage. The trailer is equipped with a porch and a large cold storage. See details!\",\"breadcrumb\":{\"@id\":\"https:\\\/\\\/www.honlufoodtrailer.com\\\/product\\\/28ft-food-trailer-with-porch-and-cold-storage\\\/#breadcrumb\"},\"inLanguage\":\"hr\",\"potentialAction\":[{\"@type\":\"ReadAction\",\"target\":[\"https:\\\/\\\/www.honlufoodtrailer.com\\\/product\\\/28ft-food-trailer-with-porch-and-cold-storage\\\/\"]}]},{\"@type\":\"ImageObject\",\"inLanguage\":\"hr\",\"@id\":\"https:\\\/\\\/www.honlufoodtrailer.com\\\/product\\\/28ft-food-trailer-with-porch-and-cold-storage\\\/#primaryimage\",\"url\":\"https:\\\/\\\/www.honlufoodtrailer.com\\\/wp-content\\\/uploads\\\/2023\\\/11\\\/28ft-food-trailer-with-porch.jpg\",\"contentUrl\":\"https:\\\/\\\/www.honlufoodtrailer.com\\\/wp-content\\\/uploads\\\/2023\\\/11\\\/28ft-food-trailer-with-porch.jpg\",\"width\":720,\"height\":540,\"caption\":\"28ft food trailer with porch\"},{\"@type\":\"BreadcrumbList\",\"@id\":\"https:\\\/\\\/www.honlufoodtrailer.com\\\/product\\\/28ft-food-trailer-with-porch-and-cold-storage\\\/#breadcrumb\",\"itemListElement\":[{\"@type\":\"ListItem\",\"position\":1,\"name\":\"Home\",\"item\":\"https:\\\/\\\/www.honlufoodtrailer.com\\\/\"},{\"@type\":\"ListItem\",\"position\":2,\"name\":\"\u4ea7\u54c1\",\"item\":\"https:\\\/\\\/www.honlufoodtrailer.com\\\/shop\\\/\"},{\"@type\":\"ListItem\",\"position\":3,\"name\":\"28ft Food Trailer with Porch and Cold Storage\"}]},{\"@type\":\"WebSite\",\"@id\":\"https:\\\/\\\/www.honlufoodtrailer.com\\\/#website\",\"url\":\"https:\\\/\\\/www.honlufoodtrailer.com\\\/\",\"name\":\"Honlu food trailer\",\"description\":\"\",\"publisher\":{\"@id\":\"https:\\\/\\\/www.honlufoodtrailer.com\\\/#organization\"},\"potentialAction\":[{\"@type\":\"SearchAction\",\"target\":{\"@type\":\"EntryPoint\",\"urlTemplate\":\"https:\\\/\\\/www.honlufoodtrailer.com\\\/?s={search_term_string}\"},\"query-input\":{\"@type\":\"PropertyValueSpecification\",\"valueRequired\":true,\"valueName\":\"search_term_string\"}}],\"inLanguage\":\"hr\"},{\"@type\":\"Organization\",\"@id\":\"https:\\\/\\\/www.honlufoodtrailer.com\\\/#organization\",\"name\":\"Honlu food trailer\",\"url\":\"https:\\\/\\\/www.honlufoodtrailer.com\\\/\",\"logo\":{\"@type\":\"ImageObject\",\"inLanguage\":\"hr\",\"@id\":\"https:\\\/\\\/www.honlufoodtrailer.com\\\/#\\\/schema\\\/logo\\\/image\\\/\",\"url\":\"https:\\\/\\\/www.honlufoodtrailer.com\\\/wp-content\\\/uploads\\\/2021\\\/12\\\/2.gif\",\"contentUrl\":\"https:\\\/\\\/www.honlufoodtrailer.com\\\/wp-content\\\/uploads\\\/2021\\\/12\\\/2.gif\",\"width\":350,\"height\":100,\"caption\":\"Honlu food trailer\"},\"image\":{\"@id\":\"https:\\\/\\\/www.honlufoodtrailer.com\\\/#\\\/schema\\\/logo\\\/image\\\/\"}}]}<\/script>\n<!-- \/ Yoast SEO plugin. -->","yoast_head_json":{"title":"28ft Food Trailer with Porch and Cold Storage - Honlu food trailer","description":"This is one of our custom-made 28ft food trailer with porch and cold storage. The trailer is equipped with a porch and a large cold storage. See details!","robots":{"index":"index","follow":"follow","max-snippet":"max-snippet:-1","max-image-preview":"max-image-preview:large","max-video-preview":"max-video-preview:-1"},"canonical":"https:\/\/www.honlufoodtrailer.com\/hr\/product\/28ft-food-trailer-with-porch-and-cold-storage\/","og_locale":"hr_HR","og_type":"article","og_title":"28ft Food Trailer with Porch and Cold Storage - Honlu food trailer","og_description":"This is one of our custom-made 28ft food trailer with porch and cold storage. The trailer is equipped with a porch and a large cold storage. See details!","og_url":"https:\/\/www.honlufoodtrailer.com\/hr\/product\/28ft-food-trailer-with-porch-and-cold-storage\/","og_site_name":"Honlu food trailer","article_modified_time":"2024-10-28T09:13:43+00:00","og_image":[{"width":720,"height":540,"url":"https:\/\/www.honlufoodtrailer.com\/wp-content\/uploads\/2023\/11\/28ft-food-trailer-with-porch.jpg","type":"image\/jpeg"}],"twitter_card":"summary_large_image","twitter_misc":{"Procijenjeno vrijeme \u010ditanja":"3 minute"},"schema":{"@context":"https:\/\/schema.org","@graph":[{"@type":"WebPage","@id":"https:\/\/www.honlufoodtrailer.com\/product\/28ft-food-trailer-with-porch-and-cold-storage\/","url":"https:\/\/www.honlufoodtrailer.com\/product\/28ft-food-trailer-with-porch-and-cold-storage\/","name":"28ft Food Trailer with Porch and Cold Storage - Honlu food trailer","isPartOf":{"@id":"https:\/\/www.honlufoodtrailer.com\/#website"},"primaryImageOfPage":{"@id":"https:\/\/www.honlufoodtrailer.com\/product\/28ft-food-trailer-with-porch-and-cold-storage\/#primaryimage"},"image":{"@id":"https:\/\/www.honlufoodtrailer.com\/product\/28ft-food-trailer-with-porch-and-cold-storage\/#primaryimage"},"thumbnailUrl":"https:\/\/www.honlufoodtrailer.com\/wp-content\/uploads\/2023\/11\/28ft-food-trailer-with-porch.jpg","datePublished":"2023-11-02T08:57:58+00:00","dateModified":"2024-10-28T09:13:43+00:00","description":"This is one of our custom-made 28ft food trailer with porch and cold storage. The trailer is equipped with a porch and a large cold storage. See details!","breadcrumb":{"@id":"https:\/\/www.honlufoodtrailer.com\/product\/28ft-food-trailer-with-porch-and-cold-storage\/#breadcrumb"},"inLanguage":"hr","potentialAction":[{"@type":"ReadAction","target":["https:\/\/www.honlufoodtrailer.com\/product\/28ft-food-trailer-with-porch-and-cold-storage\/"]}]},{"@type":"ImageObject","inLanguage":"hr","@id":"https:\/\/www.honlufoodtrailer.com\/product\/28ft-food-trailer-with-porch-and-cold-storage\/#primaryimage","url":"https:\/\/www.honlufoodtrailer.com\/wp-content\/uploads\/2023\/11\/28ft-food-trailer-with-porch.jpg","contentUrl":"https:\/\/www.honlufoodtrailer.com\/wp-content\/uploads\/2023\/11\/28ft-food-trailer-with-porch.jpg","width":720,"height":540,"caption":"28ft food trailer with porch"},{"@type":"BreadcrumbList","@id":"https:\/\/www.honlufoodtrailer.com\/product\/28ft-food-trailer-with-porch-and-cold-storage\/#breadcrumb","itemListElement":[{"@type":"ListItem","position":1,"name":"Home","item":"https:\/\/www.honlufoodtrailer.com\/"},{"@type":"ListItem","position":2,"name":"\u4ea7\u54c1","item":"https:\/\/www.honlufoodtrailer.com\/shop\/"},{"@type":"ListItem","position":3,"name":"28ft Food Trailer with Porch and Cold Storage"}]},{"@type":"WebSite","@id":"https:\/\/www.honlufoodtrailer.com\/#website","url":"https:\/\/www.honlufoodtrailer.com\/","name":"Prikolica za hranu Honlu","description":"","publisher":{"@id":"https:\/\/www.honlufoodtrailer.com\/#organization"},"potentialAction":[{"@type":"SearchAction","target":{"@type":"EntryPoint","urlTemplate":"https:\/\/www.honlufoodtrailer.com\/?s={search_term_string}"},"query-input":{"@type":"PropertyValueSpecification","valueRequired":true,"valueName":"search_term_string"}}],"inLanguage":"hr"},{"@type":"Organization","@id":"https:\/\/www.honlufoodtrailer.com\/#organization","name":"Prikolica za hranu Honlu","url":"https:\/\/www.honlufoodtrailer.com\/","logo":{"@type":"ImageObject","inLanguage":"hr","@id":"https:\/\/www.honlufoodtrailer.com\/#\/schema\/logo\/image\/","url":"https:\/\/www.honlufoodtrailer.com\/wp-content\/uploads\/2021\/12\/2.gif","contentUrl":"https:\/\/www.honlufoodtrailer.com\/wp-content\/uploads\/2021\/12\/2.gif","width":350,"height":100,"caption":"Honlu food trailer"},"image":{"@id":"https:\/\/www.honlufoodtrailer.com\/#\/schema\/logo\/image\/"}}]}},"_links":{"self":[{"href":"https:\/\/www.honlufoodtrailer.com\/hr\/wp-json\/wp\/v2\/product\/5680","targetHints":{"allow":["GET"]}}],"collection":[{"href":"https:\/\/www.honlufoodtrailer.com\/hr\/wp-json\/wp\/v2\/product"}],"about":[{"href":"https:\/\/www.honlufoodtrailer.com\/hr\/wp-json\/wp\/v2\/types\/product"}],"version-history":[{"count":0,"href":"https:\/\/www.honlufoodtrailer.com\/hr\/wp-json\/wp\/v2\/product\/5680\/revisions"}],"wp:featuredmedia":[{"embeddable":true,"href":"https:\/\/www.honlufoodtrailer.com\/hr\/wp-json\/wp\/v2\/media\/5684"}],"wp:attachment":[{"href":"https:\/\/www.honlufoodtrailer.com\/hr\/wp-json\/wp\/v2\/media?parent=5680"}],"wp:term":[{"taxonomy":"product_brand","embeddable":true,"href":"https:\/\/www.honlufoodtrailer.com\/hr\/wp-json\/wp\/v2\/product_brand?post=5680"},{"taxonomy":"product_cat","embeddable":true,"href":"https:\/\/www.honlufoodtrailer.com\/hr\/wp-json\/wp\/v2\/product_cat?post=5680"},{"taxonomy":"product_tag","embeddable":true,"href":"https:\/\/www.honlufoodtrailer.com\/hr\/wp-json\/wp\/v2\/product_tag?post=5680"}],"curies":[{"name":"wp","href":"https:\/\/api.w.org\/{rel}","templated":true}]}}